{"id":37082,"date":"2025-03-20T08:09:45","date_gmt":"2025-03-20T08:09:45","guid":{"rendered":"https:\/\/ramsdata.com.pl\/barracuda\/barracuda-network-protection-barracuda-networks\/"},"modified":"2025-03-21T22:52:32","modified_gmt":"2025-03-21T22:52:32","slug":"barracuda-network-protection-barracuda-networks","status":"publish","type":"page","link":"https:\/\/ramsdata.com.pl\/pt-pt\/barracuda\/barracuda-network-protection-barracuda-networks\/","title":{"rendered":"Barracuda Network Protection | Barracuda Networks"},"content":{"rendered":"\t\t<div data-elementor-type=\"wp-page\" data-elementor-id=\"37082\" class=\"elementor elementor-37082 elementor-35388\" data-elementor-settings=\"{&quot;ha_cmc_init_switcher&quot;:&quot;no&quot;}\" data-elementor-post-type=\"page\">\n\t\t\t\t<div class=\"elementor-element elementor-element-710f4df7 e-flex e-con-boxed e-con e-parent\" data-id=\"710f4df7\" data-element_type=\"container\" data-e-type=\"container\" data-settings=\"{&quot;background_background&quot;:&quot;classic&quot;,&quot;_ha_eqh_enable&quot;:false}\">\n\t\t\t\t\t<div class=\"e-con-inner\">\n\t\t<div class=\"elementor-element elementor-element-310724a6 e-con-full e-flex e-con e-child\" data-id=\"310724a6\" data-element_type=\"container\" data-e-type=\"container\" data-settings=\"{&quot;_ha_eqh_enable&quot;:false}\">\n\t\t\t\t<div class=\"elementor-element elementor-element-40f6056d elementor-widget elementor-widget-text-editor\" data-id=\"40f6056d\" data-element_type=\"widget\" data-e-type=\"widget\" data-widget_type=\"text-editor.default\">\n\t\t\t\t<div class=\"elementor-widget-container\">\n\t\t\t\t\t\t\t\t\tProte\u00e7\u00e3o de rede Barracuda\n\t\t\t\t\t\t\t\t<\/div>\n\t\t\t\t<\/div>\n\t\t\t\t<div class=\"elementor-element elementor-element-368cd255 elementor-widget elementor-widget-heading\" data-id=\"368cd255\" data-element_type=\"widget\" data-e-type=\"widget\" data-widget_type=\"heading.default\">\n\t\t\t\t<div class=\"elementor-widget-container\">\n\t\t\t\t\t<h2 class=\"elementor-heading-title elementor-size-default\">Protege e optimiza a tua rede.\n<\/h2>\t\t\t\t<\/div>\n\t\t\t\t<\/div>\n\t\t\t\t<div class=\"elementor-element elementor-element-64ede25 elementor-widget elementor-widget-button\" data-id=\"64ede25\" data-element_type=\"widget\" data-e-type=\"widget\" data-widget_type=\"button.default\">\n\t\t\t\t<div class=\"elementor-widget-container\">\n\t\t\t\t\t\t\t\t\t<div class=\"elementor-button-wrapper\">\n\t\t\t\t\t<a class=\"elementor-button elementor-button-link elementor-size-sm\" href=\"https:\/\/ramsdata.com.pl\/pt-pt\/contacto\/\">\n\t\t\t\t\t\t<span class=\"elementor-button-content-wrapper\">\n\t\t\t\t\t\t\t\t\t<span class=\"elementor-button-text\">Explora o Sase<\/span>\n\t\t\t\t\t<\/span>\n\t\t\t\t\t<\/a>\n\t\t\t\t<\/div>\n\t\t\t\t\t\t\t\t<\/div>\n\t\t\t\t<\/div>\n\t\t\t\t<\/div>\n\t\t<div class=\"elementor-element elementor-element-1a4d6d04 e-con-full e-flex e-con e-child\" data-id=\"1a4d6d04\" data-element_type=\"container\" data-e-type=\"container\" data-settings=\"{&quot;_ha_eqh_enable&quot;:false}\">\n\t\t\t\t<\/div>\n\t\t\t\t\t<\/div>\n\t\t\t\t<\/div>\n\t\t<div class=\"elementor-element elementor-element-5cce1643 e-flex e-con-boxed e-con e-parent\" data-id=\"5cce1643\" data-element_type=\"container\" data-e-type=\"container\" data-settings=\"{&quot;background_background&quot;:&quot;classic&quot;,&quot;_ha_eqh_enable&quot;:false}\">\n\t\t\t\t\t<div class=\"e-con-inner\">\n\t\t<div class=\"elementor-element elementor-element-3aac01ce e-con-full e-flex e-con e-child\" data-id=\"3aac01ce\" data-element_type=\"container\" data-e-type=\"container\" data-settings=\"{&quot;_ha_eqh_enable&quot;:false}\">\n\t\t<div class=\"elementor-element elementor-element-2fe59567 e-con-full e-flex e-con e-child\" data-id=\"2fe59567\" data-element_type=\"container\" data-e-type=\"container\" data-settings=\"{&quot;_ha_eqh_enable&quot;:false}\">\n\t\t<div class=\"elementor-element elementor-element-4167e934 e-con-full e-flex e-con e-child\" data-id=\"4167e934\" data-element_type=\"container\" data-e-type=\"container\" data-settings=\"{&quot;_ha_eqh_enable&quot;:false}\">\n\t\t\t\t<div class=\"elementor-element elementor-element-334dd751 elementor-widget elementor-widget-heading\" data-id=\"334dd751\" data-element_type=\"widget\" data-e-type=\"widget\" data-widget_type=\"heading.default\">\n\t\t\t\t<div class=\"elementor-widget-container\">\n\t\t\t\t\t<h2 class=\"elementor-heading-title elementor-size-default\">Protege e liga a tua infraestrutura \ncom o poder da Barracuda Network Protection.<\/h2>\t\t\t\t<\/div>\n\t\t\t\t<\/div>\n\t\t\t\t<\/div>\n\t\t\t\t<\/div>\n\t\t<div class=\"elementor-element elementor-element-4ee04333 e-flex e-con-boxed e-con e-child\" data-id=\"4ee04333\" data-element_type=\"container\" data-e-type=\"container\" data-settings=\"{&quot;_ha_eqh_enable&quot;:false}\">\n\t\t\t\t\t<div class=\"e-con-inner\">\n\t\t<div class=\"elementor-element elementor-element-35d6d58a e-con-full e-flex e-con e-child\" data-id=\"35d6d58a\" data-element_type=\"container\" data-e-type=\"container\" data-settings=\"{&quot;background_background&quot;:&quot;classic&quot;,&quot;_ha_eqh_enable&quot;:false}\">\n\t\t\t\t<div class=\"elementor-element elementor-element-33333629 elementor-widget elementor-widget-text-editor\" data-id=\"33333629\" data-element_type=\"widget\" data-e-type=\"widget\" data-widget_type=\"text-editor.default\">\n\t\t\t\t<div class=\"elementor-widget-container\">\n\t\t\t\t\t\t\t\t\t<p><b>Luta contra a transforma\u00e7\u00e3o digital e a ciberseguran\u00e7a.<\/b><\/p>\n<p>As organiza\u00e7\u00f5es est\u00e3o a sofrer viola\u00e7\u00f5es de rede e os crescentes ataques de ransomware est\u00e3o a contribuir para os riscos de seguran\u00e7a. Al\u00e9m disso, o trabalho remoto e o trabalho a partir de casa vieram para ficar. <\/p>\n<p><b>Aproveita as solu\u00e7\u00f5es SASE.<\/b><\/p>\n<p>Com o impulso para a transforma\u00e7\u00e3o digital e o trabalho remoto, surgiu a necessidade de avaliar as arquitecturas de seguran\u00e7a actuais. Novas tecnologias Secure Access Service Edge (SASE) est\u00e3o agora dispon\u00edveis para se conectar a cargas de trabalho em nuvem e melhorar a seguran\u00e7a. <\/p>\n\t\t\t\t\t\t\t\t<\/div>\n\t\t\t\t<\/div>\n\t\t\t\t<\/div>\n\t\t<div class=\"elementor-element elementor-element-770cba5 e-con-full e-flex e-con e-child\" data-id=\"770cba5\" data-element_type=\"container\" data-e-type=\"container\" data-settings=\"{&quot;background_background&quot;:&quot;classic&quot;,&quot;_ha_eqh_enable&quot;:false}\">\n\t\t\t\t<div class=\"elementor-element elementor-element-7a2bd201 ha-has-bg-overlay elementor-widget elementor-widget-image-box\" data-id=\"7a2bd201\" data-element_type=\"widget\" data-e-type=\"widget\" data-widget_type=\"image-box.default\">\n\t\t\t\t<div class=\"elementor-widget-container\">\n\t\t\t\t\t<div class=\"elementor-image-box-wrapper\"><div class=\"elementor-image-box-content\"><h3 class=\"elementor-image-box-title\">95%<\/h3><p class=\"elementor-image-box-description\">da for\u00e7a de trabalho trabalha a partir de casa pelo menos um dos cinco dias \u00fateis*<\/p><\/div><\/div>\t\t\t\t<\/div>\n\t\t\t\t<\/div>\n\t\t\t\t<div class=\"elementor-element elementor-element-3b1a6406 ha-has-bg-overlay elementor-widget elementor-widget-image-box\" data-id=\"3b1a6406\" data-element_type=\"widget\" data-e-type=\"widget\" data-widget_type=\"image-box.default\">\n\t\t\t\t<div class=\"elementor-widget-container\">\n\t\t\t\t\t<div class=\"elementor-image-box-wrapper\"><div class=\"elementor-image-box-content\"><h3 class=\"elementor-image-box-title\">84%<\/h3><p class=\"elementor-image-box-description\">das organiza\u00e7\u00f5es foram violadas como resultado direto de um ataque \u00e0 rede nos \u00faltimos 12 meses*<\/p><\/div><\/div>\t\t\t\t<\/div>\n\t\t\t\t<\/div>\n\t\t\t\t<div class=\"elementor-element elementor-element-2d538bd3 ha-has-bg-overlay elementor-widget elementor-widget-image-box\" data-id=\"2d538bd3\" data-element_type=\"widget\" data-e-type=\"widget\" data-widget_type=\"image-box.default\">\n\t\t\t\t<div class=\"elementor-widget-container\">\n\t\t\t\t\t<div class=\"elementor-image-box-wrapper\"><div class=\"elementor-image-box-content\"><h3 class=\"elementor-image-box-title\">45%<\/h3><p class=\"elementor-image-box-description\">das organiza\u00e7\u00f5es t\u00eam a maioria das suas aplica\u00e7\u00f5es alojadas na nuvem*\n<\/br><\/br>\n \n * Relat\u00f3rio de pesquisa de mercado da Barracuda, \"O estado da seguran\u00e7a de rede em 2021\"<\/p><\/div><\/div>\t\t\t\t<\/div>\n\t\t\t\t<\/div>\n\t\t\t\t<\/div>\n\t\t\t\t\t<\/div>\n\t\t\t\t<\/div>\n\t\t\t\t<\/div>\n\t\t\t\t\t<\/div>\n\t\t\t\t<\/div>\n\t\t<div class=\"elementor-element elementor-element-4b003105 e-flex e-con-boxed e-con e-parent\" data-id=\"4b003105\" data-element_type=\"container\" data-e-type=\"container\" data-settings=\"{&quot;background_background&quot;:&quot;classic&quot;,&quot;_ha_eqh_enable&quot;:false}\">\n\t\t\t\t\t<div class=\"e-con-inner\">\n\t\t<div class=\"elementor-element elementor-element-150c19a2 e-con-full e-flex e-con e-child\" data-id=\"150c19a2\" data-element_type=\"container\" data-e-type=\"container\" data-settings=\"{&quot;_ha_eqh_enable&quot;:false}\">\n\t\t\t\t<div class=\"elementor-element elementor-element-24a207cd elementor-widget elementor-widget-heading\" data-id=\"24a207cd\" data-element_type=\"widget\" data-e-type=\"widget\" data-widget_type=\"heading.default\">\n\t\t\t\t<div class=\"elementor-widget-container\">\n\t\t\t\t\t<h3 class=\"elementor-heading-title elementor-size-default\">Acelera e protege as migra\u00e7\u00f5es para a nuvem\n.<\/h3>\t\t\t\t<\/div>\n\t\t\t\t<\/div>\n\t\t\t\t<div class=\"elementor-element elementor-element-2aa34e6e elementor-widget elementor-widget-text-editor\" data-id=\"2aa34e6e\" data-element_type=\"widget\" data-e-type=\"widget\" data-widget_type=\"text-editor.default\">\n\t\t\t\t<div class=\"elementor-widget-container\">\n\t\t\t\t\t\t\t\t\t<p>SASE \u00e9 o futuro da seguran\u00e7a e do acesso \u00e0 rede. A transforma\u00e7\u00e3o digital, a for\u00e7a de trabalho m\u00f3vel distribu\u00edda, a ado\u00e7\u00e3o de servi\u00e7os em nuvem e as plataformas emergentes de computa\u00e7\u00e3o de ponta mudaram a forma como as empresas operam. A capacita\u00e7\u00e3o dos neg\u00f3cios exige acesso a aplicativos e servi\u00e7os a qualquer hora e em qualquer lugar.  <\/p>\n<p>A Barracuda oferece a \u00fanica plataforma SASE nativa da nuvem do sector que permite \u00e0s empresas controlar o acesso aos dados a partir de qualquer dispositivo, a qualquer momento e em qualquer lugar, e permite a inspe\u00e7\u00e3o de seguran\u00e7a e a aplica\u00e7\u00e3o de pol\u00edticas na nuvem, na sucursal ou no dispositivo.<\/p>\n\t\t\t\t\t\t\t\t<\/div>\n\t\t\t\t<\/div>\n\t\t\t\t<div class=\"elementor-element elementor-element-6ce6b50 elementor-widget elementor-widget-button\" data-id=\"6ce6b50\" data-element_type=\"widget\" data-e-type=\"widget\" data-widget_type=\"button.default\">\n\t\t\t\t<div class=\"elementor-widget-container\">\n\t\t\t\t\t\t\t\t\t<div class=\"elementor-button-wrapper\">\n\t\t\t\t\t<a class=\"elementor-button elementor-button-link elementor-size-sm\" href=\"https:\/\/ramsdata.com.pl\/pt-pt\/contacto\/\">\n\t\t\t\t\t\t<span class=\"elementor-button-content-wrapper\">\n\t\t\t\t\t\t\t\t\t<span class=\"elementor-button-text\">Obter mais informa\u00e7\u00f5es<\/span>\n\t\t\t\t\t<\/span>\n\t\t\t\t\t<\/a>\n\t\t\t\t<\/div>\n\t\t\t\t\t\t\t\t<\/div>\n\t\t\t\t<\/div>\n\t\t\t\t<\/div>\n\t\t<div class=\"elementor-element elementor-element-1fa1de15 e-con-full e-flex e-con e-child\" data-id=\"1fa1de15\" data-element_type=\"container\" data-e-type=\"container\" data-settings=\"{&quot;_ha_eqh_enable&quot;:false}\">\n\t\t\t\t<div class=\"elementor-element elementor-element-7ed02bb7 elementor-widget elementor-widget-image\" data-id=\"7ed02bb7\" data-element_type=\"widget\" data-e-type=\"widget\" data-widget_type=\"image.default\">\n\t\t\t\t<div class=\"elementor-widget-container\">\n\t\t\t\t\t\t\t\t\t\t\t\t\t\t\t<img fetchpriority=\"high\" decoding=\"async\" width=\"350\" height=\"350\" src=\"https:\/\/ramsdata.com.pl\/wp-content\/uploads\/2025\/03\/netsec-intro-sase-turning-circle.svg\" class=\"attachment-full size-full wp-image-36554\" alt=\"netsec-intro-sase-turning-circle\" \/>\t\t\t\t\t\t\t\t\t\t\t\t\t\t\t<\/div>\n\t\t\t\t<\/div>\n\t\t\t\t<\/div>\n\t\t\t\t\t<\/div>\n\t\t\t\t<\/div>\n\t\t<div class=\"elementor-element elementor-element-5db38158 e-flex e-con-boxed e-con e-parent\" data-id=\"5db38158\" data-element_type=\"container\" data-e-type=\"container\" data-settings=\"{&quot;background_background&quot;:&quot;classic&quot;,&quot;_ha_eqh_enable&quot;:false}\">\n\t\t\t\t\t<div class=\"e-con-inner\">\n\t\t<div class=\"elementor-element elementor-element-658965e8 e-con-full e-flex e-con e-child\" data-id=\"658965e8\" data-element_type=\"container\" data-e-type=\"container\" data-settings=\"{&quot;_ha_eqh_enable&quot;:false}\">\n\t\t\t\t<div class=\"elementor-element elementor-element-2eaa6e23 elementor-widget elementor-widget-image\" data-id=\"2eaa6e23\" data-element_type=\"widget\" data-e-type=\"widget\" data-settings=\"{&quot;sticky&quot;:&quot;top&quot;,&quot;sticky_on&quot;:[&quot;desktop&quot;],&quot;sticky_offset&quot;:50,&quot;sticky_parent&quot;:&quot;yes&quot;,&quot;sticky_effects_offset&quot;:0,&quot;sticky_anchor_link_offset&quot;:0}\" data-widget_type=\"image.default\">\n\t\t\t\t<div class=\"elementor-widget-container\">\n\t\t\t\t\t\t\t\t\t\t\t\t\t\t\t<img decoding=\"async\" width=\"525\" height=\"525\" src=\"https:\/\/ramsdata.com.pl\/wp-content\/uploads\/2025\/03\/People-Sites-Things.png\" class=\"attachment-full size-full wp-image-36566\" alt=\"People-Sites-Things\" srcset=\"https:\/\/ramsdata.com.pl\/wp-content\/uploads\/2025\/03\/People-Sites-Things.png 525w, https:\/\/ramsdata.com.pl\/wp-content\/uploads\/2025\/03\/People-Sites-Things-300x300.png 300w, https:\/\/ramsdata.com.pl\/wp-content\/uploads\/2025\/03\/People-Sites-Things-150x150.png 150w\" sizes=\"(max-width: 525px) 100vw, 525px\" \/>\t\t\t\t\t\t\t\t\t\t\t\t\t\t\t<\/div>\n\t\t\t\t<\/div>\n\t\t\t\t<\/div>\n\t\t<div class=\"elementor-element elementor-element-6f058476 e-con-full e-flex e-con e-child\" data-id=\"6f058476\" data-element_type=\"container\" data-e-type=\"container\" data-settings=\"{&quot;_ha_eqh_enable&quot;:false}\">\n\t\t\t\t<div class=\"elementor-element elementor-element-51ff1adc elementor-widget elementor-widget-heading\" data-id=\"51ff1adc\" data-element_type=\"widget\" data-e-type=\"widget\" data-widget_type=\"heading.default\">\n\t\t\t\t<div class=\"elementor-widget-container\">\n\t\t\t\t\t<h3 class=\"elementor-heading-title elementor-size-default\">Protege e liga pessoas, s\u00edtios e coisas.<\/h3>\t\t\t\t<\/div>\n\t\t\t\t<\/div>\n\t\t\t\t<div class=\"elementor-element elementor-element-7f591e00 elementor-widget elementor-widget-text-editor\" data-id=\"7f591e00\" data-element_type=\"widget\" data-e-type=\"widget\" data-widget_type=\"text-editor.default\">\n\t\t\t\t<div class=\"elementor-widget-container\">\n\t\t\t\t\t\t\t\t\t<p>As solu\u00e7\u00f5es da Barracuda incluem tr\u00eas produtos principais: SecureEdge, CloudGen Firewall e CloudGen Access, cobrindo todos os requisitos para a atual seguran\u00e7a de rede de \u00faltima gera\u00e7\u00e3o.<\/p>\n<p>O Barracuda SecureEdge \u00e9 uma plataforma SASE que combina capacidades de Firewall-as-a-Service e Secure SD-WAN e foi concebida para ser f\u00e1cil de utilizar, fornecendo uma configura\u00e7\u00e3o totalmente automatizada e pronta a utilizar para centenas de aplica\u00e7\u00f5es e casos de utiliza\u00e7\u00e3o populares predefinidos.<\/p>\n<p>O Barracuda CloudGen Firewall combina a melhor seguran\u00e7a de pr\u00f3xima gera\u00e7\u00e3o da categoria com um conjunto completo de recursos seguros de SD-WAN.<\/p>\n<p>O Barracuda CloudGen Access \u00e9 uma solu\u00e7\u00e3o inovadora e aut\u00f3noma de Zero Trust Access que fornece acesso seguro a aplica\u00e7\u00f5es e cargas de trabalho a partir de qualquer dispositivo e localiza\u00e7\u00e3o.<\/p>\n\t\t\t\t\t\t\t\t<\/div>\n\t\t\t\t<\/div>\n\t\t\t\t<div class=\"elementor-element elementor-element-55de42a elementor-widget elementor-widget-heading\" data-id=\"55de42a\" data-element_type=\"widget\" data-e-type=\"widget\" data-widget_type=\"heading.default\">\n\t\t\t\t<div class=\"elementor-widget-container\">\n\t\t\t\t\t<h3 class=\"elementor-heading-title elementor-size-default\">Obt\u00e9m seguran\u00e7a para a era da digitaliza\u00e7\u00e3o e da ado\u00e7\u00e3o da nuvem.<\/h3>\t\t\t\t<\/div>\n\t\t\t\t<\/div>\n\t\t\t\t<div class=\"elementor-element elementor-element-566cfdb elementor-widget elementor-widget-text-editor\" data-id=\"566cfdb\" data-element_type=\"widget\" data-e-type=\"widget\" data-widget_type=\"text-editor.default\">\n\t\t\t\t<div class=\"elementor-widget-container\">\n\t\t\t\t\t\t\t\t\t<p class=\"p--local-adjust\"><b>Barracuda SecureEdge<\/b><\/p>\n<p>O teu neg\u00f3cio \u00e9 t\u00e3o seguro quanto a tua rede. Bloqueia amea\u00e7as avan\u00e7adas e de dia zero que contornam os mecanismos tradicionais de IPS e antiv\u00edrus baseados em assinaturas. <\/p>\n<p>O Barracuda SecureEdge, a nossa solu\u00e7\u00e3o SASE, fornece seguran\u00e7a de rede de pr\u00f3xima gera\u00e7\u00e3o baseada na nuvem com configura\u00e7\u00e3o baseada na inten\u00e7\u00e3o e interface de utilizador f\u00e1cil de utilizar baseada na nuvem.<\/p>\n\t\t\t\t\t\t\t\t<\/div>\n\t\t\t\t<\/div>\n\t\t\t\t<div class=\"elementor-element elementor-element-39f4e1a elementor-widget elementor-widget-text-editor\" data-id=\"39f4e1a\" data-element_type=\"widget\" data-e-type=\"widget\" data-widget_type=\"text-editor.default\">\n\t\t\t\t<div class=\"elementor-widget-container\">\n\t\t\t\t\t\t\t\t\t<p class=\"p--local-adjust\"><b>Barracuda CloudGen Firewall<\/b><\/p>\n<p>A Barracuda CloudGen Firewall \u00e9 uma fam\u00edlia de dispositivos f\u00edsicos, virtuais e baseados na nuvem que protegem e melhoram as infra-estruturas de rede complexas e dispersas de empresas com v\u00e1rios locais e fornecedores de servi\u00e7os geridos.<\/p>\n\t\t\t\t\t\t\t\t<\/div>\n\t\t\t\t<\/div>\n\t\t\t\t<div class=\"elementor-element elementor-element-a1463fe elementor-widget elementor-widget-heading\" data-id=\"a1463fe\" data-element_type=\"widget\" data-e-type=\"widget\" data-widget_type=\"heading.default\">\n\t\t\t\t<div class=\"elementor-widget-container\">\n\t\t\t\t\t<h3 class=\"elementor-heading-title elementor-size-default\">Aumenta o desempenho das aplica\u00e7\u00f5es e reduz os custos.<\/h3>\t\t\t\t<\/div>\n\t\t\t\t<\/div>\n\t\t\t\t<div class=\"elementor-element elementor-element-dc451d3 elementor-widget elementor-widget-text-editor\" data-id=\"dc451d3\" data-element_type=\"widget\" data-e-type=\"widget\" data-widget_type=\"text-editor.default\">\n\t\t\t\t<div class=\"elementor-widget-container\">\n\t\t\t\t\t\t\t\t\t<p>O teu neg\u00f3cio s\u00f3 \u00e9 t\u00e3o produtivo quanto a tua rede. \u00c0 medida que as tuas cargas de trabalho se deslocam para a cloud e aplica\u00e7\u00f5es SaaS, \u00e9 fundamental garantir uma conetividade fi\u00e1vel, r\u00e1pida e segura para todos os teus sites e utilizadores remotos. <\/p>\n<p>O Barracuda Secure SD-WAN leva a SD-WAN para o pr\u00f3ximo n\u00edvel, combinando as melhores carater\u00edsticas de conetividade dos produtos SD-WAN aut\u00f3nomos e a funcionalidade de seguran\u00e7a das firewalls de pr\u00f3xima gera\u00e7\u00e3o numa \u00fanica solu\u00e7\u00e3o.<\/p>\n\t\t\t\t\t\t\t\t<\/div>\n\t\t\t\t<\/div>\n\t\t\t\t<div class=\"elementor-element elementor-element-4f29db7 elementor-widget elementor-widget-heading\" data-id=\"4f29db7\" data-element_type=\"widget\" data-e-type=\"widget\" data-widget_type=\"heading.default\">\n\t\t\t\t<div class=\"elementor-widget-container\">\n\t\t\t\t\t<h3 class=\"elementor-heading-title elementor-size-default\">Permite o Acesso Zero Trust a partir de qualquer dispositivo, em qualquer lugar.<\/h3>\t\t\t\t<\/div>\n\t\t\t\t<\/div>\n\t\t\t\t<div class=\"elementor-element elementor-element-f587ff6 elementor-widget elementor-widget-text-editor\" data-id=\"f587ff6\" data-element_type=\"widget\" data-e-type=\"widget\" data-widget_type=\"text-editor.default\">\n\t\t\t\t<div class=\"elementor-widget-container\">\n\t\t\t\t\t\t\t\t\t<p class=\"p--local-adjust\"><b>Acesso ao Barracuda CloudGen<\/b><\/p>\n<p>O trabalho remoto veio para ficar, as migra\u00e7\u00f5es para a nuvem est\u00e3o a acelerar e o acesso seguro \u00e9 fundamental para reduzir os riscos de seguran\u00e7a e conformidade. As empresas precisam de verificar todas as tentativas de acesso aos dados e recursos empresariais. <\/p>\n<p>O Barracuda CloudGen Access estabelece um controlo de acesso eficaz entre utilizadores e dispositivos, fornecendo acesso temporal, condicional e contextual a aplica\u00e7\u00f5es e dados internos, aplica\u00e7\u00f5es SaaS e cargas de trabalho multi-cloud.<\/p>\n\t\t\t\t\t\t\t\t<\/div>\n\t\t\t\t<\/div>\n\t\t\t\t<div class=\"elementor-element elementor-element-4223567 elementor-widget elementor-widget-text-editor\" data-id=\"4223567\" data-element_type=\"widget\" data-e-type=\"widget\" data-widget_type=\"text-editor.default\">\n\t\t\t\t<div class=\"elementor-widget-container\">\n\t\t\t\t\t\t\t\t\t<p class=\"p--local-adjust\"><b>Barracuda SecureEdge<\/b><\/p>\n<p>O Barracuda SecureEdge fornece &#8211; totalmente incorporado na plataforma SASE &#8211; Zero Trust Access para qualquer tipo de aplica\u00e7\u00e3o, seguran\u00e7a baseada na nuvem para endpoints e conetividade SD-WAN automatizada para sites e instala\u00e7\u00f5es industriais de qualquer tipo e tamanho.<\/p>\n\t\t\t\t\t\t\t\t<\/div>\n\t\t\t\t<\/div>\n\t\t\t\t<div class=\"elementor-element elementor-element-71bbae1 elementor-widget elementor-widget-heading\" data-id=\"71bbae1\" data-element_type=\"widget\" data-e-type=\"widget\" data-widget_type=\"heading.default\">\n\t\t\t\t<div class=\"elementor-widget-container\">\n\t\t\t\t\t<h3 class=\"elementor-heading-title elementor-size-default\">Protege os teus dispositivos ligados \u00e0 Internet e a tecnologia operacional.<\/h3>\t\t\t\t<\/div>\n\t\t\t\t<\/div>\n\t\t\t\t<div class=\"elementor-element elementor-element-dfee79a elementor-widget elementor-widget-text-editor\" data-id=\"dfee79a\" data-element_type=\"widget\" data-e-type=\"widget\" data-widget_type=\"text-editor.default\">\n\t\t\t\t<div class=\"elementor-widget-container\">\n\t\t\t\t\t\t\t\t\t<p>O n\u00famero de dispositivos da Internet das coisas (IoT) est\u00e1 a aumentar exponencialmente. Os sistemas inteligentes ligam m\u00e1quinas, sensores e sistemas de controlo para permitir uma resposta din\u00e2mica \u00e0s exig\u00eancias dos produtos e uma otimiza\u00e7\u00e3o em tempo real. <\/p>\n<p>A Barracuda oferece solu\u00e7\u00f5es de seguran\u00e7a criadas especificamente para uma variedade de ambientes industriais, fornecendo seguran\u00e7a granular a todos os dispositivos com escalabilidade econ\u00f3mica e atenuando os perigos da conetividade \u00e0 Internet.<\/p>\n\t\t\t\t\t\t\t\t<\/div>\n\t\t\t\t<\/div>\n\t\t\t\t<div class=\"elementor-element elementor-element-912437a elementor-widget elementor-widget-heading\" data-id=\"912437a\" data-element_type=\"widget\" data-e-type=\"widget\" data-widget_type=\"heading.default\">\n\t\t\t\t<div class=\"elementor-widget-container\">\n\t\t\t\t\t<h3 class=\"elementor-heading-title elementor-size-default\">Protege a tua empresa contra as ciberamea\u00e7as baseadas na Web.<\/h3>\t\t\t\t<\/div>\n\t\t\t\t<\/div>\n\t\t\t\t<div class=\"elementor-element elementor-element-973a500 elementor-widget elementor-widget-text-editor\" data-id=\"973a500\" data-element_type=\"widget\" data-e-type=\"widget\" data-widget_type=\"text-editor.default\">\n\t\t\t\t<div class=\"elementor-widget-container\">\n\t\t\t\t\t\t\t\t\t<p>Para se manterem competitivas no mundo ligado de hoje, as organiza\u00e7\u00f5es precisam de interagir constantemente com recursos e aplica\u00e7\u00f5es baseados na Web, mas a Web \u00e9 tamb\u00e9m um vetor de ataque para malware e amea\u00e7as avan\u00e7adas.<\/p>\n<p>Ao proporcionar um controlo granular sobre a atividade na Web e nas redes sociais at\u00e9 ao utilizador individual, as solu\u00e7\u00f5es de seguran\u00e7a Web da Barracuda permitem que as organiza\u00e7\u00f5es beneficiem de aplica\u00e7\u00f5es e ferramentas online sem exposi\u00e7\u00e3o a malware e v\u00edrus transmitidos pela Web, perda de produtividade do utilizador e largura de banda mal utilizada.<\/p>\n\t\t\t\t\t\t\t\t<\/div>\n\t\t\t\t<\/div>\n\t\t\t\t<div class=\"elementor-element elementor-element-8624811 elementor-widget elementor-widget-button\" data-id=\"8624811\" data-element_type=\"widget\" data-e-type=\"widget\" data-widget_type=\"button.default\">\n\t\t\t\t<div class=\"elementor-widget-container\">\n\t\t\t\t\t\t\t\t\t<div class=\"elementor-button-wrapper\">\n\t\t\t\t\t<a class=\"elementor-button elementor-button-link elementor-size-sm\" href=\"https:\/\/ramsdata.com.pl\/pt-pt\/contacto\/\">\n\t\t\t\t\t\t<span class=\"elementor-button-content-wrapper\">\n\t\t\t\t\t\t\t\t\t<span class=\"elementor-button-text\">Obter mais informa\u00e7\u00f5es<\/span>\n\t\t\t\t\t<\/span>\n\t\t\t\t\t<\/a>\n\t\t\t\t<\/div>\n\t\t\t\t\t\t\t\t<\/div>\n\t\t\t\t<\/div>\n\t\t\t\t<\/div>\n\t\t\t\t\t<\/div>\n\t\t\t\t<\/div>\n\t\t\t\t<\/div>\n\t\t","protected":false},"excerpt":{"rendered":"<p>Prote\u00e7\u00e3o de rede Barracuda Protege e optimiza a tua rede. Explora o Sase Protege e liga a tua infraestrutura com o poder da Barracuda Network Protection. Luta contra a transforma\u00e7\u00e3o digital e a ciberseguran\u00e7a. As organiza\u00e7\u00f5es est\u00e3o a sofrer viola\u00e7\u00f5es de rede e os crescentes ataques de ransomware est\u00e3o a contribuir para os riscos de [&hellip;]<\/p>\n","protected":false},"author":1,"featured_media":0,"parent":37056,"menu_order":0,"comment_status":"closed","ping_status":"closed","template":"","meta":{"_acf_changed":false,"om_disable_all_campaigns":false,"_monsterinsights_skip_tracking":false,"_monsterinsights_sitenote_active":false,"_monsterinsights_sitenote_note":"","_monsterinsights_sitenote_category":0,"_uf_show_specific_survey":0,"_uf_disable_surveys":false,"footnotes":""},"class_list":["post-37082","page","type-page","status-publish","hentry"],"acf":[],"aioseo_notices":[],"_links":{"self":[{"href":"https:\/\/ramsdata.com.pl\/pt-pt\/wp-json\/wp\/v2\/pages\/37082","targetHints":{"allow":["GET"]}}],"collection":[{"href":"https:\/\/ramsdata.com.pl\/pt-pt\/wp-json\/wp\/v2\/pages"}],"about":[{"href":"https:\/\/ramsdata.com.pl\/pt-pt\/wp-json\/wp\/v2\/types\/page"}],"author":[{"embeddable":true,"href":"https:\/\/ramsdata.com.pl\/pt-pt\/wp-json\/wp\/v2\/users\/1"}],"replies":[{"embeddable":true,"href":"https:\/\/ramsdata.com.pl\/pt-pt\/wp-json\/wp\/v2\/comments?post=37082"}],"version-history":[{"count":1,"href":"https:\/\/ramsdata.com.pl\/pt-pt\/wp-json\/wp\/v2\/pages\/37082\/revisions"}],"predecessor-version":[{"id":37083,"href":"https:\/\/ramsdata.com.pl\/pt-pt\/wp-json\/wp\/v2\/pages\/37082\/revisions\/37083"}],"up":[{"embeddable":true,"href":"https:\/\/ramsdata.com.pl\/pt-pt\/wp-json\/wp\/v2\/pages\/37056"}],"wp:attachment":[{"href":"https:\/\/ramsdata.com.pl\/pt-pt\/wp-json\/wp\/v2\/media?parent=37082"}],"curies":[{"name":"wp","href":"https:\/\/api.w.org\/{rel}","templated":true}]}}