{"id":31975,"date":"2024-11-11T21:41:23","date_gmt":"2024-11-11T21:41:23","guid":{"rendered":"https:\/\/ramsdata.com.pl\/clickup\/modelos\/modelo-de-gestao-de-projectos\/"},"modified":"2024-11-11T22:21:52","modified_gmt":"2024-11-11T22:21:52","slug":"modelo-de-gestao-de-projectos","status":"publish","type":"page","link":"https:\/\/ramsdata.com.pl\/pt-pt\/clickup-2\/modelos\/modelo-de-gestao-de-projectos\/","title":{"rendered":"Modelo de gest\u00e3o de projectos"},"content":{"rendered":"\t\t<div data-elementor-type=\"wp-page\" data-elementor-id=\"31975\" class=\"elementor elementor-31975 elementor-31972\" data-elementor-settings=\"{&quot;ha_cmc_init_switcher&quot;:&quot;no&quot;}\" data-elementor-post-type=\"page\">\n\t\t\t\t<div class=\"elementor-element elementor-element-5125259 e-flex e-con-boxed e-con e-parent\" data-id=\"5125259\" data-element_type=\"container\" data-e-type=\"container\" data-settings=\"{&quot;_ha_eqh_enable&quot;:false}\">\n\t\t\t\t\t<div class=\"e-con-inner\">\n\t\t<div data-ha-element-link=\"{&quot;url&quot;:&quot;https:\\\/\\\/ramsdata.com.pl\\\/clickup\\\/templates\\\/project-management-template\\\/&quot;,&quot;is_external&quot;:&quot;&quot;,&quot;nofollow&quot;:&quot;&quot;}\" style=\"cursor: pointer\" class=\"elementor-element elementor-element-2d296de e-con-full e-flex elementor-invisible e-con e-child\" data-id=\"2d296de\" data-element_type=\"container\" data-e-type=\"container\" data-settings=\"{&quot;background_background&quot;:&quot;gradient&quot;,&quot;animation&quot;:&quot;fadeInUp&quot;,&quot;animation_delay&quot;:300,&quot;_ha_eqh_enable&quot;:false}\">\n\t\t\t\t<div class=\"elementor-element elementor-element-813aa1f elementor-position-top elementor-widget elementor-widget-image-box\" data-id=\"813aa1f\" data-element_type=\"widget\" data-e-type=\"widget\" data-widget_type=\"image-box.default\">\n\t\t\t\t<div class=\"elementor-widget-container\">\n\t\t\t\t\t<div class=\"elementor-image-box-wrapper\"><figure class=\"elementor-image-box-img\"><img fetchpriority=\"high\" decoding=\"async\" width=\"2686\" height=\"1798\" src=\"https:\/\/ramsdata.com.pl\/wp-content\/uploads\/2024\/11\/Priority.png\" class=\"attachment-full size-full wp-image-32047\" alt=\"Priority\" srcset=\"https:\/\/ramsdata.com.pl\/wp-content\/uploads\/2024\/11\/Priority.png 2686w, https:\/\/ramsdata.com.pl\/wp-content\/uploads\/2024\/11\/Priority-300x201.png 300w, https:\/\/ramsdata.com.pl\/wp-content\/uploads\/2024\/11\/Priority-1024x685.png 1024w, https:\/\/ramsdata.com.pl\/wp-content\/uploads\/2024\/11\/Priority-768x514.png 768w, https:\/\/ramsdata.com.pl\/wp-content\/uploads\/2024\/11\/Priority-1536x1028.png 1536w, https:\/\/ramsdata.com.pl\/wp-content\/uploads\/2024\/11\/Priority-2048x1371.png 2048w\" sizes=\"(max-width: 2686px) 100vw, 2686px\" \/><\/figure><div class=\"elementor-image-box-content\"><h3 class=\"elementor-image-box-title\">Matriz de prioridades 2x2<\/h3><\/div><\/div>\t\t\t\t<\/div>\n\t\t\t\t<\/div>\n\t\t\t\t<\/div>\n\t\t<div data-ha-element-link=\"{&quot;url&quot;:&quot;https:\\\/\\\/ramsdata.com.pl\\\/clickup\\\/templates\\\/sales-crm-template\\\/&quot;,&quot;is_external&quot;:&quot;&quot;,&quot;nofollow&quot;:&quot;&quot;}\" style=\"cursor: pointer\" class=\"elementor-element elementor-element-617ac19 e-con-full e-flex elementor-invisible e-con e-child\" data-id=\"617ac19\" data-element_type=\"container\" data-e-type=\"container\" data-settings=\"{&quot;background_background&quot;:&quot;classic&quot;,&quot;animation&quot;:&quot;fadeInUp&quot;,&quot;animation_delay&quot;:200,&quot;_ha_eqh_enable&quot;:false}\">\n\t\t\t\t<div class=\"elementor-element elementor-element-d987527 elementor-position-top elementor-widget elementor-widget-image-box\" data-id=\"d987527\" data-element_type=\"widget\" data-e-type=\"widget\" data-widget_type=\"image-box.default\">\n\t\t\t\t<div class=\"elementor-widget-container\">\n\t\t\t\t\t<div class=\"elementor-image-box-wrapper\"><figure class=\"elementor-image-box-img\"><img decoding=\"async\" width=\"908\" height=\"717\" src=\"https:\/\/ramsdata.com.pl\/wp-content\/uploads\/2024\/11\/4Ls-Retro.jpg\" class=\"attachment-full size-full wp-image-32041\" alt=\"Priority\" srcset=\"https:\/\/ramsdata.com.pl\/wp-content\/uploads\/2024\/11\/4Ls-Retro.jpg 908w, https:\/\/ramsdata.com.pl\/wp-content\/uploads\/2024\/11\/4Ls-Retro-300x237.jpg 300w, https:\/\/ramsdata.com.pl\/wp-content\/uploads\/2024\/11\/4Ls-Retro-768x606.jpg 768w\" sizes=\"(max-width: 908px) 100vw, 908px\" \/><\/figure><div class=\"elementor-image-box-content\"><h3 class=\"elementor-image-box-title\">4Ls Retro<\/h3><\/div><\/div>\t\t\t\t<\/div>\n\t\t\t\t<\/div>\n\t\t\t\t<\/div>\n\t\t\t\t\t<\/div>\n\t\t\t\t<\/div>\n\t\t<div class=\"elementor-element elementor-element-a06029f e-flex e-con-boxed e-con e-parent\" data-id=\"a06029f\" data-element_type=\"container\" data-e-type=\"container\" data-settings=\"{&quot;_ha_eqh_enable&quot;:false}\">\n\t\t\t\t\t<div class=\"e-con-inner\">\n\t\t<div data-ha-element-link=\"{&quot;url&quot;:&quot;https:\\\/\\\/ramsdata.com.pl\\\/clickup\\\/templates\\\/sales-crm-template\\\/&quot;,&quot;is_external&quot;:&quot;&quot;,&quot;nofollow&quot;:&quot;&quot;}\" style=\"cursor: pointer\" class=\"elementor-element elementor-element-640485d e-con-full e-flex elementor-invisible e-con e-child\" data-id=\"640485d\" data-element_type=\"container\" data-e-type=\"container\" data-settings=\"{&quot;background_background&quot;:&quot;classic&quot;,&quot;animation&quot;:&quot;fadeInUp&quot;,&quot;animation_delay&quot;:200,&quot;_ha_eqh_enable&quot;:false}\">\n\t\t\t\t<div class=\"elementor-element elementor-element-5f9e29f elementor-position-top elementor-widget elementor-widget-image-box\" data-id=\"5f9e29f\" data-element_type=\"widget\" data-e-type=\"widget\" data-widget_type=\"image-box.default\">\n\t\t\t\t<div class=\"elementor-widget-container\">\n\t\t\t\t\t<div class=\"elementor-image-box-wrapper\"><figure class=\"elementor-image-box-img\"><img decoding=\"async\" width=\"2858\" height=\"1898\" src=\"https:\/\/ramsdata.com.pl\/wp-content\/uploads\/2024\/11\/5-Whys.png\" class=\"attachment-full size-full wp-image-32035\" alt=\"5 Whys\" srcset=\"https:\/\/ramsdata.com.pl\/wp-content\/uploads\/2024\/11\/5-Whys.png 2858w, https:\/\/ramsdata.com.pl\/wp-content\/uploads\/2024\/11\/5-Whys-300x199.png 300w, https:\/\/ramsdata.com.pl\/wp-content\/uploads\/2024\/11\/5-Whys-1024x680.png 1024w, https:\/\/ramsdata.com.pl\/wp-content\/uploads\/2024\/11\/5-Whys-768x510.png 768w, https:\/\/ramsdata.com.pl\/wp-content\/uploads\/2024\/11\/5-Whys-1536x1020.png 1536w, https:\/\/ramsdata.com.pl\/wp-content\/uploads\/2024\/11\/5-Whys-2048x1360.png 2048w\" sizes=\"(max-width: 2858px) 100vw, 2858px\" \/><\/figure><div class=\"elementor-image-box-content\"><h3 class=\"elementor-image-box-title\">5 Porqu\u00eas<\/h3><\/div><\/div>\t\t\t\t<\/div>\n\t\t\t\t<\/div>\n\t\t\t\t<\/div>\n\t\t<div data-ha-element-link=\"{&quot;url&quot;:&quot;https:\\\/\\\/ramsdata.com.pl\\\/clickup\\\/templates\\\/project-management-template\\\/&quot;,&quot;is_external&quot;:&quot;&quot;,&quot;nofollow&quot;:&quot;&quot;}\" style=\"cursor: pointer\" class=\"elementor-element elementor-element-48f20b1 e-con-full e-flex elementor-invisible e-con e-child\" data-id=\"48f20b1\" data-element_type=\"container\" data-e-type=\"container\" data-settings=\"{&quot;background_background&quot;:&quot;gradient&quot;,&quot;animation&quot;:&quot;fadeInUp&quot;,&quot;animation_delay&quot;:300,&quot;_ha_eqh_enable&quot;:false}\">\n\t\t\t\t<div class=\"elementor-element elementor-element-c720725 elementor-position-top elementor-widget elementor-widget-image-box\" data-id=\"c720725\" data-element_type=\"widget\" data-e-type=\"widget\" data-widget_type=\"image-box.default\">\n\t\t\t\t<div class=\"elementor-widget-container\">\n\t\t\t\t\t<div class=\"elementor-image-box-wrapper\"><figure class=\"elementor-image-box-img\"><img loading=\"lazy\" decoding=\"async\" width=\"883\" height=\"836\" src=\"https:\/\/ramsdata.com.pl\/wp-content\/uploads\/2024\/11\/5x5-Matrix-Whiteboard.png\" class=\"attachment-full size-full wp-image-32029\" alt=\"5x5 Matrix Whiteboard\" srcset=\"https:\/\/ramsdata.com.pl\/wp-content\/uploads\/2024\/11\/5x5-Matrix-Whiteboard.png 883w, https:\/\/ramsdata.com.pl\/wp-content\/uploads\/2024\/11\/5x5-Matrix-Whiteboard-300x284.png 300w, https:\/\/ramsdata.com.pl\/wp-content\/uploads\/2024\/11\/5x5-Matrix-Whiteboard-768x727.png 768w\" sizes=\"(max-width: 883px) 100vw, 883px\" \/><\/figure><div class=\"elementor-image-box-content\"><h3 class=\"elementor-image-box-title\">Quadro branco matricial 5x5<\/h3><\/div><\/div>\t\t\t\t<\/div>\n\t\t\t\t<\/div>\n\t\t\t\t<\/div>\n\t\t\t\t\t<\/div>\n\t\t\t\t<\/div>\n\t\t<div class=\"elementor-element elementor-element-77e6f95 e-flex e-con-boxed e-con e-parent\" data-id=\"77e6f95\" data-element_type=\"container\" data-e-type=\"container\" data-settings=\"{&quot;_ha_eqh_enable&quot;:false}\">\n\t\t\t\t\t<div class=\"e-con-inner\">\n\t\t<div data-ha-element-link=\"{&quot;url&quot;:&quot;https:\\\/\\\/ramsdata.com.pl\\\/clickup\\\/templates\\\/project-management-template\\\/&quot;,&quot;is_external&quot;:&quot;&quot;,&quot;nofollow&quot;:&quot;&quot;}\" style=\"cursor: pointer\" class=\"elementor-element elementor-element-70e1855 e-con-full e-flex elementor-invisible e-con e-child\" data-id=\"70e1855\" data-element_type=\"container\" data-e-type=\"container\" data-settings=\"{&quot;background_background&quot;:&quot;gradient&quot;,&quot;animation&quot;:&quot;fadeInUp&quot;,&quot;animation_delay&quot;:300,&quot;_ha_eqh_enable&quot;:false}\">\n\t\t\t\t<div class=\"elementor-element elementor-element-47ece47 elementor-position-top elementor-widget elementor-widget-image-box\" data-id=\"47ece47\" data-element_type=\"widget\" data-e-type=\"widget\" data-widget_type=\"image-box.default\">\n\t\t\t\t<div class=\"elementor-widget-container\">\n\t\t\t\t\t<div class=\"elementor-image-box-wrapper\"><figure class=\"elementor-image-box-img\"><img loading=\"lazy\" decoding=\"async\" width=\"474\" height=\"249\" src=\"https:\/\/ramsdata.com.pl\/wp-content\/uploads\/2024\/11\/project-management.png\" class=\"attachment-full size-full wp-image-31955\" alt=\"project-management\" srcset=\"https:\/\/ramsdata.com.pl\/wp-content\/uploads\/2024\/11\/project-management.png 474w, https:\/\/ramsdata.com.pl\/wp-content\/uploads\/2024\/11\/project-management-300x158.png 300w\" sizes=\"(max-width: 474px) 100vw, 474px\" \/><\/figure><div class=\"elementor-image-box-content\"><h3 class=\"elementor-image-box-title\">Portf\u00f3lio de projectos melhorado por IA<\/h3><\/div><\/div>\t\t\t\t<\/div>\n\t\t\t\t<\/div>\n\t\t\t\t<\/div>\n\t\t<div data-ha-element-link=\"{&quot;url&quot;:&quot;https:\\\/\\\/ramsdata.com.pl\\\/clickup\\\/templates\\\/sales-crm-template\\\/&quot;,&quot;is_external&quot;:&quot;&quot;,&quot;nofollow&quot;:&quot;&quot;}\" style=\"cursor: pointer\" class=\"elementor-element elementor-element-c664d44 e-con-full e-flex elementor-invisible e-con e-child\" data-id=\"c664d44\" data-element_type=\"container\" data-e-type=\"container\" data-settings=\"{&quot;background_background&quot;:&quot;classic&quot;,&quot;animation&quot;:&quot;fadeInUp&quot;,&quot;animation_delay&quot;:200,&quot;_ha_eqh_enable&quot;:false}\">\n\t\t\t\t<div class=\"elementor-element elementor-element-9278c1e elementor-position-top elementor-widget elementor-widget-image-box\" data-id=\"9278c1e\" data-element_type=\"widget\" data-e-type=\"widget\" data-widget_type=\"image-box.default\">\n\t\t\t\t<div class=\"elementor-widget-container\">\n\t\t\t\t\t<div class=\"elementor-image-box-wrapper\"><figure class=\"elementor-image-box-img\"><img loading=\"lazy\" decoding=\"async\" width=\"2644\" height=\"1756\" src=\"https:\/\/ramsdata.com.pl\/wp-content\/uploads\/2024\/11\/Action-Priority-Matrix.png\" class=\"attachment-full size-full wp-image-32062\" alt=\"Action Priority Matrix\" srcset=\"https:\/\/ramsdata.com.pl\/wp-content\/uploads\/2024\/11\/Action-Priority-Matrix.png 2644w, https:\/\/ramsdata.com.pl\/wp-content\/uploads\/2024\/11\/Action-Priority-Matrix-300x199.png 300w, https:\/\/ramsdata.com.pl\/wp-content\/uploads\/2024\/11\/Action-Priority-Matrix-1024x680.png 1024w, https:\/\/ramsdata.com.pl\/wp-content\/uploads\/2024\/11\/Action-Priority-Matrix-768x510.png 768w, https:\/\/ramsdata.com.pl\/wp-content\/uploads\/2024\/11\/Action-Priority-Matrix-1536x1020.png 1536w, https:\/\/ramsdata.com.pl\/wp-content\/uploads\/2024\/11\/Action-Priority-Matrix-2048x1360.png 2048w\" sizes=\"(max-width: 2644px) 100vw, 2644px\" \/><\/figure><div class=\"elementor-image-box-content\"><h3 class=\"elementor-image-box-title\">Matriz de prioridades de a\u00e7\u00e3o<\/h3><\/div><\/div>\t\t\t\t<\/div>\n\t\t\t\t<\/div>\n\t\t\t\t<\/div>\n\t\t\t\t\t<\/div>\n\t\t\t\t<\/div>\n\t\t\t\t<\/div>\n\t\t","protected":false},"excerpt":{"rendered":"<p>Matriz de prioridades 2&#215;2 4Ls Retro 5 Porqu\u00eas Quadro branco matricial 5&#215;5 Portf\u00f3lio de projectos melhorado por IA Matriz de prioridades de a\u00e7\u00e3o<\/p>\n","protected":false},"author":1,"featured_media":0,"parent":31040,"menu_order":0,"comment_status":"closed","ping_status":"closed","template":"","meta":{"_acf_changed":false,"om_disable_all_campaigns":false,"_monsterinsights_skip_tracking":false,"_monsterinsights_sitenote_active":false,"_monsterinsights_sitenote_note":"","_monsterinsights_sitenote_category":0,"_uf_show_specific_survey":0,"_uf_disable_surveys":false,"footnotes":""},"class_list":["post-31975","page","type-page","status-publish","hentry"],"acf":[],"aioseo_notices":[],"_links":{"self":[{"href":"https:\/\/ramsdata.com.pl\/pt-pt\/wp-json\/wp\/v2\/pages\/31975","targetHints":{"allow":["GET"]}}],"collection":[{"href":"https:\/\/ramsdata.com.pl\/pt-pt\/wp-json\/wp\/v2\/pages"}],"about":[{"href":"https:\/\/ramsdata.com.pl\/pt-pt\/wp-json\/wp\/v2\/types\/page"}],"author":[{"embeddable":true,"href":"https:\/\/ramsdata.com.pl\/pt-pt\/wp-json\/wp\/v2\/users\/1"}],"replies":[{"embeddable":true,"href":"https:\/\/ramsdata.com.pl\/pt-pt\/wp-json\/wp\/v2\/comments?post=31975"}],"version-history":[{"count":4,"href":"https:\/\/ramsdata.com.pl\/pt-pt\/wp-json\/wp\/v2\/pages\/31975\/revisions"}],"predecessor-version":[{"id":32070,"href":"https:\/\/ramsdata.com.pl\/pt-pt\/wp-json\/wp\/v2\/pages\/31975\/revisions\/32070"}],"up":[{"embeddable":true,"href":"https:\/\/ramsdata.com.pl\/pt-pt\/wp-json\/wp\/v2\/pages\/31040"}],"wp:attachment":[{"href":"https:\/\/ramsdata.com.pl\/pt-pt\/wp-json\/wp\/v2\/media?parent=31975"}],"curies":[{"name":"wp","href":"https:\/\/api.w.org\/{rel}","templated":true}]}}