{"id":31083,"date":"2024-11-08T14:18:59","date_gmt":"2024-11-08T14:18:59","guid":{"rendered":"https:\/\/ramsdata.com.pl\/clickup\/equipa\/gestao-de-projectos\/"},"modified":"2024-11-08T17:30:34","modified_gmt":"2024-11-08T17:30:34","slug":"gestao-de-projectos","status":"publish","type":"page","link":"https:\/\/ramsdata.com.pl\/pt-pt\/clickup-2\/equipa\/gestao-de-projectos\/","title":{"rendered":"Gest\u00e3o de projectos"},"content":{"rendered":"\t\t<div data-elementor-type=\"wp-page\" data-elementor-id=\"31083\" class=\"elementor elementor-31083 elementor-31080\" data-elementor-settings=\"{&quot;ha_cmc_init_switcher&quot;:&quot;no&quot;}\" data-elementor-post-type=\"page\">\n\t\t\t\t<div class=\"elementor-element elementor-element-1e06099 e-flex e-con-boxed e-con e-parent\" data-id=\"1e06099\" data-element_type=\"container\" data-e-type=\"container\" data-settings=\"{&quot;_ha_eqh_enable&quot;:false}\">\n\t\t\t\t\t<div class=\"e-con-inner\">\n\t\t<div class=\"elementor-element elementor-element-92c185e e-con-full e-flex e-con e-child\" data-id=\"92c185e\" data-element_type=\"container\" data-e-type=\"container\" data-settings=\"{&quot;_ha_eqh_enable&quot;:false}\">\n\t\t\t\t<div class=\"elementor-element elementor-element-00ae013 elementor-widget elementor-widget-heading\" data-id=\"00ae013\" data-element_type=\"widget\" data-e-type=\"widget\" data-widget_type=\"heading.default\">\n\t\t\t\t<div class=\"elementor-widget-container\">\n\t\t\t\t\t<h2 class=\"elementor-heading-title elementor-size-default\">A plataforma tudo-em-um para projectos<\/h2>\t\t\t\t<\/div>\n\t\t\t\t<\/div>\n\t\t\t\t<div class=\"elementor-element elementor-element-8d5625e elementor-widget elementor-widget-text-editor\" data-id=\"8d5625e\" data-element_type=\"widget\" data-e-type=\"widget\" data-widget_type=\"text-editor.default\">\n\t\t\t\t<div class=\"elementor-widget-container\">\n\t\t\t\t\t\t\t\t\t<p>O ClickUp aproxima as equipas com fluxos de trabalho ligados, documentos, pain\u00e9is de controlo em tempo real e muito mais &#8211; ajudando todos a avan\u00e7ar mais rapidamente, a trabalhar de forma mais inteligente e a poupar tempo.<\/p>\n\t\t\t\t\t\t\t\t<\/div>\n\t\t\t\t<\/div>\n\t\t\t\t<div class=\"elementor-element elementor-element-34defd5 elementor-icon-list--layout-traditional elementor-list-item-link-full_width elementor-widget elementor-widget-icon-list\" data-id=\"34defd5\" data-element_type=\"widget\" data-e-type=\"widget\" data-widget_type=\"icon-list.default\">\n\t\t\t\t<div class=\"elementor-widget-container\">\n\t\t\t\t\t\t\t<ul class=\"elementor-icon-list-items\">\n\t\t\t\t\t\t\t<li class=\"elementor-icon-list-item\">\n\t\t\t\t\t\t\t\t\t\t\t<span class=\"elementor-icon-list-icon\">\n\t\t\t\t\t\t\t<svg aria-hidden=\"true\" class=\"e-font-icon-svg e-far-dot-circle\" viewBox=\"0 0 512 512\" xmlns=\"http:\/\/www.w3.org\/2000\/svg\"><path d=\"M256 56c110.532 0 200 89.451 200 200 0 110.532-89.451 200-200 200-110.532 0-200-89.451-200-200 0-110.532 89.451-200 200-200m0-48C119.033 8 8 119.033 8 256s111.033 248 248 248 248-111.033 248-248S392.967 8 256 8zm0 168c-44.183 0-80 35.817-80 80s35.817 80 80 80 80-35.817 80-80-35.817-80-80-80z\"><\/path><\/svg>\t\t\t\t\t\t<\/span>\n\t\t\t\t\t\t\t\t\t\t<span class=\"elementor-icon-list-text\">Gest\u00e3o do conhecimento e do trabalho tudo-em-um<\/span>\n\t\t\t\t\t\t\t\t\t<\/li>\n\t\t\t\t\t\t\t\t<li class=\"elementor-icon-list-item\">\n\t\t\t\t\t\t\t\t\t\t\t<span class=\"elementor-icon-list-icon\">\n\t\t\t\t\t\t\t<svg aria-hidden=\"true\" class=\"e-font-icon-svg e-far-dot-circle\" viewBox=\"0 0 512 512\" xmlns=\"http:\/\/www.w3.org\/2000\/svg\"><path d=\"M256 56c110.532 0 200 89.451 200 200 0 110.532-89.451 200-200 200-110.532 0-200-89.451-200-200 0-110.532 89.451-200 200-200m0-48C119.033 8 8 119.033 8 256s111.033 248 248 248 248-111.033 248-248S392.967 8 256 8zm0 168c-44.183 0-80 35.817-80 80s35.817 80 80 80 80-35.817 80-80-35.817-80-80-80z\"><\/path><\/svg>\t\t\t\t\t\t<\/span>\n\t\t\t\t\t\t\t\t\t\t<span class=\"elementor-icon-list-text\">Visualiza\u00e7\u00f5es personalizadas para projectos multifuncionais<\/span>\n\t\t\t\t\t\t\t\t\t<\/li>\n\t\t\t\t\t\t\t\t<li class=\"elementor-icon-list-item\">\n\t\t\t\t\t\t\t\t\t\t\t<span class=\"elementor-icon-list-icon\">\n\t\t\t\t\t\t\t<svg aria-hidden=\"true\" class=\"e-font-icon-svg e-far-dot-circle\" viewBox=\"0 0 512 512\" xmlns=\"http:\/\/www.w3.org\/2000\/svg\"><path d=\"M256 56c110.532 0 200 89.451 200 200 0 110.532-89.451 200-200 200-110.532 0-200-89.451-200-200 0-110.532 89.451-200 200-200m0-48C119.033 8 8 119.033 8 256s111.033 248 248 248 248-111.033 248-248S392.967 8 256 8zm0 168c-44.183 0-80 35.817-80 80s35.817 80 80 80 80-35.817 80-80-35.817-80-80-80z\"><\/path><\/svg>\t\t\t\t\t\t<\/span>\n\t\t\t\t\t\t\t\t\t\t<span class=\"elementor-icon-list-text\">Aumenta a efici\u00eancia com a automatiza\u00e7\u00e3o e os relat\u00f3rios<\/span>\n\t\t\t\t\t\t\t\t\t<\/li>\n\t\t\t\t\t\t\t\t<li class=\"elementor-icon-list-item\">\n\t\t\t\t\t\t\t\t\t\t\t<span class=\"elementor-icon-list-icon\">\n\t\t\t\t\t\t\t<svg aria-hidden=\"true\" class=\"e-font-icon-svg e-far-dot-circle\" viewBox=\"0 0 512 512\" xmlns=\"http:\/\/www.w3.org\/2000\/svg\"><path d=\"M256 56c110.532 0 200 89.451 200 200 0 110.532-89.451 200-200 200-110.532 0-200-89.451-200-200 0-110.532 89.451-200 200-200m0-48C119.033 8 8 119.033 8 256s111.033 248 248 248 248-111.033 248-248S392.967 8 256 8zm0 168c-44.183 0-80 35.817-80 80s35.817 80 80 80 80-35.817 80-80-35.817-80-80-80z\"><\/path><\/svg>\t\t\t\t\t\t<\/span>\n\t\t\t\t\t\t\t\t\t\t<span class=\"elementor-icon-list-text\">Normaliza e dimensiona as melhores pr\u00e1ticas de gest\u00e3o de projectos<\/span>\n\t\t\t\t\t\t\t\t\t<\/li>\n\t\t\t\t\t\t<\/ul>\n\t\t\t\t\t\t<\/div>\n\t\t\t\t<\/div>\n\t\t\t\t<div class=\"elementor-element elementor-element-a574155 elementor-widget elementor-widget-button\" data-id=\"a574155\" data-element_type=\"widget\" data-e-type=\"widget\" data-widget_type=\"button.default\">\n\t\t\t\t<div class=\"elementor-widget-container\">\n\t\t\t\t\t\t\t\t\t<div class=\"elementor-button-wrapper\">\n\t\t\t\t\t<a class=\"elementor-button elementor-button-link elementor-size-sm\" href=\"#\">\n\t\t\t\t\t\t<span class=\"elementor-button-content-wrapper\">\n\t\t\t\t\t\t\t\t\t<span class=\"elementor-button-text\">Come\u00e7a a trabalhar<\/span>\n\t\t\t\t\t<\/span>\n\t\t\t\t\t<\/a>\n\t\t\t\t<\/div>\n\t\t\t\t\t\t\t\t<\/div>\n\t\t\t\t<\/div>\n\t\t\t\t<\/div>\n\t\t<div class=\"elementor-element elementor-element-aad09c4 e-con-full e-flex e-con e-child\" data-id=\"aad09c4\" data-element_type=\"container\" data-e-type=\"container\" data-settings=\"{&quot;_ha_eqh_enable&quot;:false}\">\n\t\t\t\t<div class=\"elementor-element elementor-element-c4c6ad9 elementor-widget elementor-widget-image\" data-id=\"c4c6ad9\" data-element_type=\"widget\" data-e-type=\"widget\" data-widget_type=\"image.default\">\n\t\t\t\t<div class=\"elementor-widget-container\">\n\t\t\t\t\t\t\t\t\t\t\t\t\t\t\t<img fetchpriority=\"high\" decoding=\"async\" width=\"800\" height=\"555\" src=\"https:\/\/ramsdata.com.pl\/wp-content\/uploads\/2024\/11\/OKR_Dashboard.avif\" class=\"attachment-large size-large wp-image-31212\" alt=\"OKR_Dashboard\" srcset=\"https:\/\/ramsdata.com.pl\/wp-content\/uploads\/2024\/11\/OKR_Dashboard.avif 800w, https:\/\/ramsdata.com.pl\/wp-content\/uploads\/2024\/11\/OKR_Dashboard-300x208.avif 300w, https:\/\/ramsdata.com.pl\/wp-content\/uploads\/2024\/11\/OKR_Dashboard-768x533.avif 768w\" sizes=\"(max-width: 800px) 100vw, 800px\" \/>\t\t\t\t\t\t\t\t\t\t\t\t\t\t\t<\/div>\n\t\t\t\t<\/div>\n\t\t\t\t<\/div>\n\t\t\t\t\t<\/div>\n\t\t\t\t<\/div>\n\t\t<div class=\"elementor-element elementor-element-7303516 e-flex e-con-boxed e-con e-parent\" data-id=\"7303516\" data-element_type=\"container\" data-e-type=\"container\" data-settings=\"{&quot;_ha_eqh_enable&quot;:false}\">\n\t\t\t\t\t<div class=\"e-con-inner\">\n\t\t\t\t<div class=\"elementor-element elementor-element-299a8ae elementor-widget elementor-widget-text-editor\" data-id=\"299a8ae\" data-element_type=\"widget\" data-e-type=\"widget\" data-widget_type=\"text-editor.default\">\n\t\t\t\t<div class=\"elementor-widget-container\">\n\t\t\t\t\t\t\t\t\tConfiado por mais de 2 milh\u00f5es de equipas\n\n\t\t\t\t\t\t\t\t<\/div>\n\t\t\t\t<\/div>\n\t\t\t\t<div class=\"elementor-element elementor-element-c849c8f elementor-widget elementor-widget-image\" data-id=\"c849c8f\" data-element_type=\"widget\" data-e-type=\"widget\" data-widget_type=\"image.default\">\n\t\t\t\t<div class=\"elementor-widget-container\">\n\t\t\t\t\t\t\t\t\t\t\t\t\t\t\t<img decoding=\"async\" width=\"1315\" height=\"68\" src=\"https:\/\/ramsdata.com.pl\/wp-content\/uploads\/2024\/11\/Logos.png\" class=\"attachment-full size-full wp-image-31219\" alt=\"Logos\" srcset=\"https:\/\/ramsdata.com.pl\/wp-content\/uploads\/2024\/11\/Logos.png 1315w, https:\/\/ramsdata.com.pl\/wp-content\/uploads\/2024\/11\/Logos-300x16.png 300w, https:\/\/ramsdata.com.pl\/wp-content\/uploads\/2024\/11\/Logos-1024x53.png 1024w, https:\/\/ramsdata.com.pl\/wp-content\/uploads\/2024\/11\/Logos-768x40.png 768w\" sizes=\"(max-width: 1315px) 100vw, 1315px\" \/>\t\t\t\t\t\t\t\t\t\t\t\t\t\t\t<\/div>\n\t\t\t\t<\/div>\n\t\t\t\t\t<\/div>\n\t\t\t\t<\/div>\n\t\t<div class=\"elementor-element elementor-element-2cf450c e-flex e-con-boxed e-con e-parent\" data-id=\"2cf450c\" data-element_type=\"container\" data-e-type=\"container\" data-settings=\"{&quot;background_background&quot;:&quot;classic&quot;,&quot;_ha_eqh_enable&quot;:false}\">\n\t\t\t\t\t<div class=\"e-con-inner\">\n\t\t<div class=\"elementor-element elementor-element-5e1b73f e-con-full e-flex e-con e-child\" data-id=\"5e1b73f\" data-element_type=\"container\" data-e-type=\"container\" data-settings=\"{&quot;_ha_eqh_enable&quot;:false}\">\n\t\t\t\t<div class=\"elementor-element elementor-element-97062b8 ha-has-bg-overlay elementor-widget elementor-widget-text-editor\" data-id=\"97062b8\" data-element_type=\"widget\" data-e-type=\"widget\" data-widget_type=\"text-editor.default\">\n\t\t\t\t<div class=\"elementor-widget-container\">\n\t\t\t\t\t\t\t\t\tClickUp AI\n\n\t\t\t\t\t\t\t\t<\/div>\n\t\t\t\t<\/div>\n\t\t\t\t<div class=\"elementor-element elementor-element-8ba15e4 elementor-widget elementor-widget-heading\" data-id=\"8ba15e4\" data-element_type=\"widget\" data-e-type=\"widget\" data-widget_type=\"heading.default\">\n\t\t\t\t<div class=\"elementor-widget-container\">\n\t\t\t\t\t<h3 class=\"elementor-heading-title elementor-size-default\">Acelera os teus projectos com o ClickUp AI<\/h3>\t\t\t\t<\/div>\n\t\t\t\t<\/div>\n\t\t\t\t<div class=\"elementor-element elementor-element-ed6f06d elementor-widget elementor-widget-text-editor\" data-id=\"ed6f06d\" data-element_type=\"widget\" data-e-type=\"widget\" data-widget_type=\"text-editor.default\">\n\t\t\t\t<div class=\"elementor-widget-container\">\n\t\t\t\t\t\t\t\t\t<p>Acelera os planos e a execu\u00e7\u00e3o de projectos com o ClickUp AI. Gera subtarefas automaticamente com base em descri\u00e7\u00f5es de tarefas, resume t\u00f3picos de coment\u00e1rios, escreve actualiza\u00e7\u00f5es de forma aut\u00f3noma e muito mais com o teu gestor de projectos de IA. <\/p>\n\t\t\t\t\t\t\t\t<\/div>\n\t\t\t\t<\/div>\n\t\t\t\t<div class=\"elementor-element elementor-element-d56886b elementor-widget elementor-widget-button\" data-id=\"d56886b\" data-element_type=\"widget\" data-e-type=\"widget\" data-widget_type=\"button.default\">\n\t\t\t\t<div class=\"elementor-widget-container\">\n\t\t\t\t\t\t\t\t\t<div class=\"elementor-button-wrapper\">\n\t\t\t\t\t<a class=\"elementor-button elementor-button-link elementor-size-sm\" href=\"#\">\n\t\t\t\t\t\t<span class=\"elementor-button-content-wrapper\">\n\t\t\t\t\t\t\t\t\t<span class=\"elementor-button-text\">Aprende mais<\/span>\n\t\t\t\t\t<\/span>\n\t\t\t\t\t<\/a>\n\t\t\t\t<\/div>\n\t\t\t\t\t\t\t\t<\/div>\n\t\t\t\t<\/div>\n\t\t\t\t<\/div>\n\t\t<div class=\"elementor-element elementor-element-9b27e9d e-con-full e-flex e-con e-child\" data-id=\"9b27e9d\" data-element_type=\"container\" data-e-type=\"container\" data-settings=\"{&quot;_ha_eqh_enable&quot;:false}\">\n\t\t\t\t<div class=\"elementor-element elementor-element-7f3daee elementor-widget elementor-widget-image\" data-id=\"7f3daee\" data-element_type=\"widget\" data-e-type=\"widget\" data-widget_type=\"image.default\">\n\t\t\t\t<div class=\"elementor-widget-container\">\n\t\t\t\t\t\t\t\t\t\t\t\t\t\t\t<img fetchpriority=\"high\" decoding=\"async\" width=\"800\" height=\"555\" src=\"https:\/\/ramsdata.com.pl\/wp-content\/uploads\/2024\/11\/OKR_Dashboard.avif\" class=\"attachment-large size-large wp-image-31212\" alt=\"OKR_Dashboard\" srcset=\"https:\/\/ramsdata.com.pl\/wp-content\/uploads\/2024\/11\/OKR_Dashboard.avif 800w, https:\/\/ramsdata.com.pl\/wp-content\/uploads\/2024\/11\/OKR_Dashboard-300x208.avif 300w, https:\/\/ramsdata.com.pl\/wp-content\/uploads\/2024\/11\/OKR_Dashboard-768x533.avif 768w\" sizes=\"(max-width: 800px) 100vw, 800px\" \/>\t\t\t\t\t\t\t\t\t\t\t\t\t\t\t<\/div>\n\t\t\t\t<\/div>\n\t\t\t\t<\/div>\n\t\t\t\t\t<\/div>\n\t\t\t\t<\/div>\n\t\t<div class=\"elementor-element elementor-element-d6d2b01 e-flex e-con-boxed e-con e-parent\" data-id=\"d6d2b01\" data-element_type=\"container\" data-e-type=\"container\" data-settings=\"{&quot;background_background&quot;:&quot;classic&quot;,&quot;_ha_eqh_enable&quot;:false}\">\n\t\t\t\t\t<div class=\"e-con-inner\">\n\t\t<div class=\"elementor-element elementor-element-7e34b19 e-con-full e-flex e-con e-child\" data-id=\"7e34b19\" data-element_type=\"container\" data-e-type=\"container\" data-settings=\"{&quot;_ha_eqh_enable&quot;:false}\">\n\t\t\t\t<div class=\"elementor-element elementor-element-4317caf elementor-widget elementor-widget-image\" data-id=\"4317caf\" data-element_type=\"widget\" data-e-type=\"widget\" data-widget_type=\"image.default\">\n\t\t\t\t<div class=\"elementor-widget-container\">\n\t\t\t\t\t\t\t\t\t\t\t\t\t\t\t<img fetchpriority=\"high\" decoding=\"async\" width=\"800\" height=\"555\" src=\"https:\/\/ramsdata.com.pl\/wp-content\/uploads\/2024\/11\/OKR_Dashboard.avif\" class=\"attachment-large size-large wp-image-31212\" alt=\"OKR_Dashboard\" srcset=\"https:\/\/ramsdata.com.pl\/wp-content\/uploads\/2024\/11\/OKR_Dashboard.avif 800w, https:\/\/ramsdata.com.pl\/wp-content\/uploads\/2024\/11\/OKR_Dashboard-300x208.avif 300w, https:\/\/ramsdata.com.pl\/wp-content\/uploads\/2024\/11\/OKR_Dashboard-768x533.avif 768w\" sizes=\"(max-width: 800px) 100vw, 800px\" \/>\t\t\t\t\t\t\t\t\t\t\t\t\t\t\t<\/div>\n\t\t\t\t<\/div>\n\t\t\t\t<\/div>\n\t\t<div class=\"elementor-element elementor-element-08464e1 e-con-full e-flex e-con e-child\" data-id=\"08464e1\" data-element_type=\"container\" data-e-type=\"container\" data-settings=\"{&quot;_ha_eqh_enable&quot;:false}\">\n\t\t\t\t<div class=\"elementor-element elementor-element-5844970 ha-has-bg-overlay elementor-widget elementor-widget-text-editor\" data-id=\"5844970\" data-element_type=\"widget\" data-e-type=\"widget\" data-widget_type=\"text-editor.default\">\n\t\t\t\t<div class=\"elementor-widget-container\">\n\t\t\t\t\t\t\t\t\t<p>Estabelece prioridades e planeia<\/p>\n\t\t\t\t\t\t\t\t<\/div>\n\t\t\t\t<\/div>\n\t\t\t\t<div class=\"elementor-element elementor-element-4472b22 elementor-widget elementor-widget-heading\" data-id=\"4472b22\" data-element_type=\"widget\" data-e-type=\"widget\" data-widget_type=\"heading.default\">\n\t\t\t\t<div class=\"elementor-widget-container\">\n\t\t\t\t\t<h3 class=\"elementor-heading-title elementor-size-default\">Nunca percas de vista as prioridades\n<\/h3>\t\t\t\t<\/div>\n\t\t\t\t<\/div>\n\t\t\t\t<div class=\"elementor-element elementor-element-f4b433d elementor-widget elementor-widget-text-editor\" data-id=\"f4b433d\" data-element_type=\"widget\" data-e-type=\"widget\" data-widget_type=\"text-editor.default\">\n\t\t\t\t<div class=\"elementor-widget-container\">\n\t\t\t\t\t\t\t\t\tPlaneja e prioriza com facilidade sabendo que voc\u00ea tem visibilidade de todos os detalhes do projeto e como eles se alinham \u00e0s metas da empresa. Com o ClickUp, as equipes t\u00eam uma vis\u00e3o geral para definir o escopo e alocar o que \u00e9 importante. \n\n\t\t\t\t\t\t\t\t<\/div>\n\t\t\t\t<\/div>\n\t\t\t\t<div class=\"elementor-element elementor-element-40122de elementor-widget elementor-widget-button\" data-id=\"40122de\" data-element_type=\"widget\" data-e-type=\"widget\" data-widget_type=\"button.default\">\n\t\t\t\t<div class=\"elementor-widget-container\">\n\t\t\t\t\t\t\t\t\t<div class=\"elementor-button-wrapper\">\n\t\t\t\t\t<a class=\"elementor-button elementor-button-link elementor-size-sm\" href=\"#\">\n\t\t\t\t\t\t<span class=\"elementor-button-content-wrapper\">\n\t\t\t\t\t\t\t\t\t<span class=\"elementor-button-text\">Come\u00e7a a trabalhar<\/span>\n\t\t\t\t\t<\/span>\n\t\t\t\t\t<\/a>\n\t\t\t\t<\/div>\n\t\t\t\t\t\t\t\t<\/div>\n\t\t\t\t<\/div>\n\t\t\t\t<\/div>\n\t\t\t\t\t<\/div>\n\t\t\t\t<\/div>\n\t\t\t\t<\/div>\n\t\t","protected":false},"excerpt":{"rendered":"<p>A plataforma tudo-em-um para projectos O ClickUp aproxima as equipas com fluxos de trabalho ligados, documentos, pain\u00e9is de controlo em tempo real e muito mais &#8211; ajudando todos a avan\u00e7ar mais rapidamente, a trabalhar de forma mais inteligente e a poupar tempo. Gest\u00e3o do conhecimento e do trabalho tudo-em-um Visualiza\u00e7\u00f5es personalizadas para projectos multifuncionais Aumenta [&hellip;]<\/p>\n","protected":false},"author":1,"featured_media":0,"parent":31026,"menu_order":0,"comment_status":"closed","ping_status":"closed","template":"","meta":{"_acf_changed":false,"om_disable_all_campaigns":false,"_monsterinsights_skip_tracking":false,"_monsterinsights_sitenote_active":false,"_monsterinsights_sitenote_note":"","_monsterinsights_sitenote_category":0,"_uf_show_specific_survey":0,"_uf_disable_surveys":false,"footnotes":""},"class_list":["post-31083","page","type-page","status-publish","hentry"],"acf":[],"aioseo_notices":[],"_links":{"self":[{"href":"https:\/\/ramsdata.com.pl\/pt-pt\/wp-json\/wp\/v2\/pages\/31083","targetHints":{"allow":["GET"]}}],"collection":[{"href":"https:\/\/ramsdata.com.pl\/pt-pt\/wp-json\/wp\/v2\/pages"}],"about":[{"href":"https:\/\/ramsdata.com.pl\/pt-pt\/wp-json\/wp\/v2\/types\/page"}],"author":[{"embeddable":true,"href":"https:\/\/ramsdata.com.pl\/pt-pt\/wp-json\/wp\/v2\/users\/1"}],"replies":[{"embeddable":true,"href":"https:\/\/ramsdata.com.pl\/pt-pt\/wp-json\/wp\/v2\/comments?post=31083"}],"version-history":[{"count":4,"href":"https:\/\/ramsdata.com.pl\/pt-pt\/wp-json\/wp\/v2\/pages\/31083\/revisions"}],"predecessor-version":[{"id":31250,"href":"https:\/\/ramsdata.com.pl\/pt-pt\/wp-json\/wp\/v2\/pages\/31083\/revisions\/31250"}],"up":[{"embeddable":true,"href":"https:\/\/ramsdata.com.pl\/pt-pt\/wp-json\/wp\/v2\/pages\/31026"}],"wp:attachment":[{"href":"https:\/\/ramsdata.com.pl\/pt-pt\/wp-json\/wp\/v2\/media?parent=31083"}],"curies":[{"name":"wp","href":"https:\/\/api.w.org\/{rel}","templated":true}]}}