{"id":20734,"date":"2024-06-01T16:18:29","date_gmt":"2024-06-01T16:18:29","guid":{"rendered":"https:\/\/ramsdata.com.pl\/lista-de-precos\/"},"modified":"2024-06-01T16:23:42","modified_gmt":"2024-06-01T16:23:42","slug":"lista-de-precos","status":"publish","type":"page","link":"https:\/\/ramsdata.com.pl\/pt-pt\/checkmk\/lista-de-precos\/","title":{"rendered":"LISTA DE PRE\u00c7OS"},"content":{"rendered":"\t\t<div data-elementor-type=\"wp-page\" data-elementor-id=\"20734\" class=\"elementor elementor-20734 elementor-20731\" data-elementor-settings=\"{&quot;ha_cmc_init_switcher&quot;:&quot;no&quot;}\" data-elementor-post-type=\"page\">\n\t\t\t\t<div class=\"elementor-element elementor-element-cc2259c e-flex e-con-boxed e-con e-parent\" data-id=\"cc2259c\" data-element_type=\"container\" data-e-type=\"container\" data-settings=\"{&quot;_ha_eqh_enable&quot;:false}\">\n\t\t\t\t\t<div class=\"e-con-inner\">\n\t\t<div class=\"elementor-element elementor-element-8363a12 e-con-full e-flex elementor-invisible e-con e-child\" data-id=\"8363a12\" data-element_type=\"container\" data-e-type=\"container\" data-settings=\"{&quot;animation&quot;:&quot;fadeInRight&quot;,&quot;_ha_eqh_enable&quot;:false}\">\n\t\t\t\t<div class=\"elementor-element elementor-element-47a1141 elementor-widget elementor-widget-heading\" data-id=\"47a1141\" data-element_type=\"widget\" data-e-type=\"widget\" data-widget_type=\"heading.default\">\n\t\t\t\t<div class=\"elementor-widget-container\">\n\t\t\t\t\t<h2 class=\"elementor-heading-title elementor-size-default\">Pre\u00e7os anuais em euros:<\/h2>\t\t\t\t<\/div>\n\t\t\t\t<\/div>\n\t\t\t\t<div class=\"elementor-element elementor-element-f30f0f3 elementor-widget__width-initial elementor-widget elementor-widget-text-editor\" data-id=\"f30f0f3\" data-element_type=\"widget\" data-e-type=\"widget\" data-widget_type=\"text-editor.default\">\n\t\t\t\t<div class=\"elementor-widget-container\">\n\t\t\t\t\t\t\t\t\t<table>\n<tbody>\n<tr>\n<td>\n<p><b>N\u00famero de  <\/b><\/p>\n<p><b>monitorizado<\/b><\/p>\n<\/td>\n<td>\n<p><b>Checkmk Enterprise w\/<\/b><\/p>\n<\/td>\n<td colspan=\"2\">\n<p><b>Checkmk Enterprise para utiliza\u00e7\u00e3o em grupo e em servi\u00e7os geridos w\/<\/b><\/p>\n<\/td>\n<td rowspan=\"2\">\n<p><b>Checkmk  <\/b><\/p>\n<p><b>Adiciona:  <\/b><\/p>\n<p><b>virt1 (virtual  <\/b><\/p>\n<p><b>aparelho)  <\/b><\/p>\n<\/td>\n<\/tr>\n<tr>\n<td>\n<p><b>Servi\u00e7os<\/b><b>Suporte Pro<\/b><\/p>\n<\/td>\n<td>\n<p><b>Avan\u00e7ado  <\/b><\/p>\n<p><b>Apoio<\/b><\/p>\n<\/td>\n<td>\n<p><b>Suporte Pro<\/b><\/p>\n<\/td>\n<td>\n<p><b>Avan\u00e7ado  <\/b><\/p>\n<p><b>Apoio<\/b><\/p>\n<\/td>\n<\/tr>\n<tr>\n<td>\n<p><b>3,000 <\/b><span style=\"font-weight: 400;\">\u20ac<\/span><span style=\"font-weight: 400;\">2,100 <\/span> <\/p>\n<\/td>\n<td>\n<p><span style=\"font-weight: 400;\">\u20ac<\/span><span style=\"font-weight: 400;\">3,000 <\/span> <\/p>\n<\/td>\n<td>\n<p><span style=\"font-weight: 400;\">\u20ac<\/span><span style=\"font-weight: 400;\">3,000 <\/span> <\/p>\n<\/td>\n<td>\n<p><span style=\"font-weight: 400;\">\u20ac<\/span><span style=\"font-weight: 400;\">3,900 <\/span> <\/p>\n<\/td>\n<td>\n<p><span style=\"font-weight: 400;\">\u20ac<\/span><span style=\"font-weight: 400;\">360<\/span><\/p>\n<\/td>\n<\/tr>\n<tr>\n<td>\n<p><b>7,000 <\/b><span style=\"font-weight: 400;\">\u20ac<\/span><span style=\"font-weight: 400;\">3,300 <\/span> <\/p>\n<\/td>\n<td>\n<p><span style=\"font-weight: 400;\">\u20ac<\/span><span style=\"font-weight: 400;\">4,200 <\/span> <\/p>\n<\/td>\n<td>\n<p><span style=\"font-weight: 400;\">\u20ac<\/span><span style=\"font-weight: 400;\">4,800 <\/span> <\/p>\n<\/td>\n<td>\n<p><span style=\"font-weight: 400;\">\u20ac<\/span><span style=\"font-weight: 400;\">5,700 <\/span> <\/p>\n<\/td>\n<td>\n<p><span style=\"font-weight: 400;\">\u20ac<\/span><span style=\"font-weight: 400;\">600<\/span><\/p>\n<\/td>\n<\/tr>\n<tr>\n<td>\n<p><b>12,000 <\/b><span style=\"font-weight: 400;\">\u20ac<\/span><span style=\"font-weight: 400;\">4,800 <\/span> <\/p>\n<\/td>\n<td>\n<p><span style=\"font-weight: 400;\">\u20ac<\/span><span style=\"font-weight: 400;\">5,700 <\/span> <\/p>\n<\/td>\n<td>\n<p><span style=\"font-weight: 400;\">\u20ac<\/span><span style=\"font-weight: 400;\">6,900 <\/span> <\/p>\n<\/td>\n<td>\n<p><span style=\"font-weight: 400;\">\u20ac<\/span><span style=\"font-weight: 400;\">7,800 <\/span> <\/p>\n<\/td>\n<td>\n<p><span style=\"font-weight: 400;\">\u20ac<\/span><span style=\"font-weight: 400;\">720<\/span><\/p>\n<\/td>\n<\/tr>\n<tr>\n<td>\n<p><b>18,000 <\/b><span style=\"font-weight: 400;\">\u20ac<\/span><span style=\"font-weight: 400;\">6,000 <\/span> <\/p>\n<\/td>\n<td>\n<p><span style=\"font-weight: 400;\">\u20ac<\/span><span style=\"font-weight: 400;\">6,900 <\/span> <\/p>\n<\/td>\n<td>\n<p><span style=\"font-weight: 400;\">\u20ac<\/span><span style=\"font-weight: 400;\">9,600 <\/span> <\/p>\n<\/td>\n<td>\n<p><span style=\"font-weight: 400;\">\u20ac<\/span><span style=\"font-weight: 400;\">10,500 <\/span> <\/p>\n<\/td>\n<td>\n<p><span style=\"font-weight: 400;\">\u20ac<\/span><span style=\"font-weight: 400;\">840<\/span><\/p>\n<\/td>\n<\/tr>\n<tr>\n<td>\n<p><b>30,000 <\/b><span style=\"font-weight: 400;\">\u20ac<\/span><span style=\"font-weight: 400;\">9,000 <\/span> <\/p>\n<\/td>\n<td>\n<p><span style=\"font-weight: 400;\">\u20ac<\/span><span style=\"font-weight: 400;\">9,600 <\/span> <\/p>\n<\/td>\n<td>\n<p><span style=\"font-weight: 400;\">\u20ac<\/span><span style=\"font-weight: 400;\">13,500 <\/span> <\/p>\n<\/td>\n<td>\n<p><span style=\"font-weight: 400;\">\u20ac<\/span><span style=\"font-weight: 400;\">14,100 <\/span> <\/p>\n<\/td>\n<td>\n<p><span style=\"font-weight: 400;\">\u20ac<\/span><span style=\"font-weight: 400;\">960<\/span><\/p>\n<\/td>\n<\/tr>\n<tr>\n<td>\n<p><b>60,000 <\/b><span style=\"font-weight: 400;\">\u20ac<\/span><span style=\"font-weight: 400;\">16,500 <\/span> <\/p>\n<\/td>\n<td>\n<p><span style=\"font-weight: 400;\">\u20ac<\/span><span style=\"font-weight: 400;\">17,700 <\/span> <\/p>\n<\/td>\n<td>\n<p><span style=\"font-weight: 400;\">\u20ac<\/span><span style=\"font-weight: 400;\">18,900 <\/span> <\/p>\n<\/td>\n<td>\n<p><span style=\"font-weight: 400;\">\u20ac<\/span><span style=\"font-weight: 400;\">20,100 <\/span> <\/p>\n<\/td>\n<td>\n<p><span style=\"font-weight: 400;\">\u20ac<\/span><span style=\"font-weight: 400;\">1,200<\/span><\/p>\n<\/td>\n<\/tr>\n<tr>\n<td>\n<p><b>100,000 <\/b><span style=\"font-weight: 400;\">\u20ac<\/span><span style=\"font-weight: 400;\">25,800 <\/span> <\/p>\n<\/td>\n<td>\n<p><span style=\"font-weight: 400;\">\u20ac<\/span><span style=\"font-weight: 400;\">28,800 <\/span> <\/p>\n<\/td>\n<td>\n<p><span style=\"font-weight: 400;\">\u20ac<\/span><span style=\"font-weight: 400;\">25,800 <\/span> <\/p>\n<\/td>\n<td>\n<p><span style=\"font-weight: 400;\">\u20ac<\/span><span style=\"font-weight: 400;\">28,800 <\/span> <\/p>\n<\/td>\n<td>\n<p><span style=\"font-weight: 400;\">\u20ac<\/span><span style=\"font-weight: 400;\">1,500<\/span><\/p>\n<\/td>\n<\/tr>\n<tr>\n<td>\n<p><b>200,000 <\/b><span style=\"font-weight: 400;\">\u20ac<\/span><span style=\"font-weight: 400;\">45,000 <\/span> <\/p>\n<\/td>\n<td>\n<p><span style=\"font-weight: 400;\">\u20ac<\/span><span style=\"font-weight: 400;\">49,500 <\/span> <\/p>\n<\/td>\n<td>\n<p><span style=\"font-weight: 400;\">\u20ac<\/span><span style=\"font-weight: 400;\">45,000 <\/span> <\/p>\n<\/td>\n<td>\n<p><span style=\"font-weight: 400;\">\u20ac<\/span><span style=\"font-weight: 400;\">49,500 <\/span> <\/p>\n<\/td>\n<td>\n<p><span style=\"font-weight: 400;\">\u20ac<\/span><span style=\"font-weight: 400;\">2,000<\/span><\/p>\n<\/td>\n<\/tr>\n<\/tbody>\n<\/table>\n\t\t\t\t\t\t\t\t<\/div>\n\t\t\t\t<\/div>\n\t\t\t\t<div class=\"elementor-element elementor-element-7800e74 elementor-widget__width-initial elementor-widget elementor-widget-text-editor\" data-id=\"7800e74\" data-element_type=\"widget\" data-e-type=\"widget\" data-widget_type=\"text-editor.default\">\n\t\t\t\t<div class=\"elementor-widget-container\">\n\t\t\t\t\t\t\t\t\t<table>\n<tbody>\n<tr>\n<td>\n<p><b>N\u00famero de<\/b><\/p>\n<\/td>\n<td>\n<p><b>Checkmk Cloud (auto-hospedado) c\/  <\/b><\/p>\n<\/td>\n<td colspan=\"2\">\n<p><b>Checkmk MSP w\/  <\/b><\/p>\n<\/td>\n<td rowspan=\"2\">\n<p><b>Checkmk  <\/b><\/p>\n<p><b>Adiciona:  <\/b><\/p>\n<p><b>virt1 (virtual  <\/b><\/p>\n<p><b>aparelho)<\/b><\/p>\n<\/td>\n<\/tr>\n<tr>\n<td>\n<p><b>monitorizado  <\/b><\/p>\n<p><b>Servi\u00e7os<\/b><b>Suporte Pro<\/b><\/p>\n<\/td>\n<td>\n<p><b>Avan\u00e7ado  <\/b><\/p>\n<p><b>Apoio<\/b><\/p>\n<\/td>\n<td>\n<p><b>Suporte Pro<\/b><\/p>\n<\/td>\n<td>\n<p><b>Avan\u00e7ado  <\/b><\/p>\n<p><b>Apoio<\/b><\/p>\n<\/td>\n<\/tr>\n<tr>\n<td>\n<p><b>3,000 <\/b><span style=\"font-weight: 400;\">\u20ac<\/span><span style=\"font-weight: 400;\">3,000 <\/span> <\/p>\n<\/td>\n<td>\n<p><span style=\"font-weight: 400;\">\u20ac<\/span><span style=\"font-weight: 400;\">3,900 <\/span> <\/p>\n<\/td>\n<td>\n<p><span style=\"font-weight: 400;\">\u20ac<\/span><span style=\"font-weight: 400;\">3,300 <\/span> <\/p>\n<\/td>\n<td>\n<p><span style=\"font-weight: 400;\">\u20ac<\/span><span style=\"font-weight: 400;\">4,200 <\/span> <\/p>\n<\/td>\n<td>\n<p><span style=\"font-weight: 400;\">\u20ac<\/span><span style=\"font-weight: 400;\">360<\/span><\/p>\n<\/td>\n<\/tr>\n<tr>\n<td>\n<p><b>7,000 <\/b><span style=\"font-weight: 400;\">\u20ac<\/span><span style=\"font-weight: 400;\">4,800 <\/span> <\/p>\n<\/td>\n<td>\n<p><span style=\"font-weight: 400;\">\u20ac<\/span><span style=\"font-weight: 400;\">5,700 <\/span> <\/p>\n<\/td>\n<td>\n<p><span style=\"font-weight: 400;\">\u20ac<\/span><span style=\"font-weight: 400;\">5,100 <\/span> <\/p>\n<\/td>\n<td>\n<p><span style=\"font-weight: 400;\">\u20ac<\/span><span style=\"font-weight: 400;\">6,000 <\/span> <\/p>\n<\/td>\n<td>\n<p><span style=\"font-weight: 400;\">\u20ac<\/span><span style=\"font-weight: 400;\">600<\/span><\/p>\n<\/td>\n<\/tr>\n<tr>\n<td>\n<p><b>12,000 <\/b><span style=\"font-weight: 400;\">\u20ac<\/span><span style=\"font-weight: 400;\">6,900 <\/span> <\/p>\n<\/td>\n<td>\n<p><span style=\"font-weight: 400;\">\u20ac<\/span><span style=\"font-weight: 400;\">7,800 <\/span> <\/p>\n<\/td>\n<td>\n<p><span style=\"font-weight: 400;\">\u20ac<\/span><span style=\"font-weight: 400;\">7,500 <\/span> <\/p>\n<\/td>\n<td>\n<p><span style=\"font-weight: 400;\">\u20ac<\/span><span style=\"font-weight: 400;\">8,400 <\/span> <\/p>\n<\/td>\n<td>\n<p><span style=\"font-weight: 400;\">\u20ac<\/span><span style=\"font-weight: 400;\">720<\/span><\/p>\n<\/td>\n<\/tr>\n<tr>\n<td>\n<p><b>18,000 <\/b><span style=\"font-weight: 400;\">\u20ac<\/span><span style=\"font-weight: 400;\">9,600 <\/span> <\/p>\n<\/td>\n<td>\n<p><span style=\"font-weight: 400;\">\u20ac<\/span><span style=\"font-weight: 400;\">10,500 <\/span> <\/p>\n<\/td>\n<td>\n<p><span style=\"font-weight: 400;\">\u20ac<\/span><span style=\"font-weight: 400;\">10,500 <\/span> <\/p>\n<\/td>\n<td>\n<p><span style=\"font-weight: 400;\">\u20ac<\/span><span style=\"font-weight: 400;\">11,400 <\/span> <\/p>\n<\/td>\n<td>\n<p><span style=\"font-weight: 400;\">\u20ac<\/span><span style=\"font-weight: 400;\">840<\/span><\/p>\n<\/td>\n<\/tr>\n<tr>\n<td>\n<p><b>30,000 <\/b><span style=\"font-weight: 400;\">\u20ac<\/span><span style=\"font-weight: 400;\">15,000 <\/span> <\/p>\n<\/td>\n<td>\n<p><span style=\"font-weight: 400;\">\u20ac<\/span><span style=\"font-weight: 400;\">15,600 <\/span> <\/p>\n<\/td>\n<td>\n<p><span style=\"font-weight: 400;\">\u20ac<\/span><span style=\"font-weight: 400;\">16,800 <\/span> <\/p>\n<\/td>\n<td>\n<p><span style=\"font-weight: 400;\">\u20ac<\/span><span style=\"font-weight: 400;\">17,400 <\/span> <\/p>\n<\/td>\n<td>\n<p><span style=\"font-weight: 400;\">\u20ac<\/span><span style=\"font-weight: 400;\">960<\/span><\/p>\n<\/td>\n<\/tr>\n<tr>\n<td>\n<p><b>60,000 <\/b><span style=\"font-weight: 400;\">\u20ac<\/span><span style=\"font-weight: 400;\">29,400 <\/span> <\/p>\n<\/td>\n<td>\n<p><span style=\"font-weight: 400;\">\u20ac<\/span><span style=\"font-weight: 400;\">30,600 <\/span> <\/p>\n<\/td>\n<td>\n<p><span style=\"font-weight: 400;\">\u20ac<\/span><span style=\"font-weight: 400;\">32,400 <\/span> <\/p>\n<\/td>\n<td>\n<p><span style=\"font-weight: 400;\">\u20ac<\/span><span style=\"font-weight: 400;\">33,600 <\/span> <\/p>\n<\/td>\n<td>\n<p><span style=\"font-weight: 400;\">\u20ac<\/span><span style=\"font-weight: 400;\">1,200<\/span><\/p>\n<\/td>\n<\/tr>\n<tr>\n<td>\n<p><b>100,000 <\/b><span style=\"font-weight: 400;\">\u20ac<\/span><span style=\"font-weight: 400;\">47,700 <\/span> <\/p>\n<\/td>\n<td>\n<p><span style=\"font-weight: 400;\">\u20ac<\/span><span style=\"font-weight: 400;\">50,700 <\/span> <\/p>\n<\/td>\n<td>\n<p><span style=\"font-weight: 400;\">\u20ac<\/span><span style=\"font-weight: 400;\">51,960 <\/span> <\/p>\n<\/td>\n<td>\n<p><span style=\"font-weight: 400;\">\u20ac<\/span><span style=\"font-weight: 400;\">54,960 <\/span> <\/p>\n<\/td>\n<td>\n<p><span style=\"font-weight: 400;\">\u20ac<\/span><span style=\"font-weight: 400;\">1,500<\/span><\/p>\n<\/td>\n<\/tr>\n<tr>\n<td>\n<p><b>200,000 <\/b><span style=\"font-weight: 400;\">\u20ac<\/span><span style=\"font-weight: 400;\">89,100 <\/span> <\/p>\n<\/td>\n<td>\n<p><span style=\"font-weight: 400;\">\u20ac<\/span><span style=\"font-weight: 400;\">93,600 <\/span> <\/p>\n<\/td>\n<td>\n<p><span style=\"font-weight: 400;\">\u20ac<\/span><span style=\"font-weight: 400;\">97,800 <\/span> <\/p>\n<\/td>\n<td>\n<p><span style=\"font-weight: 400;\">\u20ac<\/span><span style=\"font-weight: 400;\">102,300 <\/span> <\/p>\n<\/td>\n<td>\n<p><span style=\"font-weight: 400;\">\u20ac<\/span><span style=\"font-weight: 400;\">2,000<\/span><\/p>\n<\/td>\n<\/tr>\n<\/tbody>\n<\/table>\n\t\t\t\t\t\t\t\t<\/div>\n\t\t\t\t<\/div>\n\t\t\t\t<div class=\"elementor-element elementor-element-477c219 elementor-widget__width-initial elementor-widget elementor-widget-text-editor\" data-id=\"477c219\" data-element_type=\"widget\" data-e-type=\"widget\" data-widget_type=\"text-editor.default\">\n\t\t\t\t<div class=\"elementor-widget-container\">\n\t\t\t\t\t\t\t\t\t<table>\n<tbody>\n<tr>\n<td>\n<p><b>Add-on Checkmk:  <\/b><\/p>\n<p><b>integra\u00e7\u00e3o ntop<\/b><\/p>\n<\/td>\n<td>\n<p><span style=\"font-weight: 400;\">\u20ac<\/span><span style=\"font-weight: 400;\">600<\/span><\/p>\n<\/td>\n<\/tr>\n<\/tbody>\n<\/table>\n\t\t\t\t\t\t\t\t<\/div>\n\t\t\t\t<\/div>\n\t\t\t\t<div class=\"elementor-element elementor-element-86c01f7 elementor-widget__width-initial elementor-widget elementor-widget-text-editor\" data-id=\"86c01f7\" data-element_type=\"widget\" data-e-type=\"widget\" data-widget_type=\"text-editor.default\">\n\t\t\t\t<div class=\"elementor-widget-container\">\n\t\t\t\t\t\t\t\t\t<table>\n<tbody>\n<tr>\n<td colspan=\"2\">\n<p><b>Add-on Checkmk:  <\/b><\/p>\n<p><b>Monitoriza\u00e7\u00e3o sint\u00e9tica<\/b><\/p>\n<\/td>\n<\/tr>\n<tr>\n<td>\n<p><span style=\"font-weight: 400;\">M\u00ednimo de 10 ensaios sint\u00e9ticos  <\/span><\/p>\n<\/td>\n<td>\n<p><span style=\"font-weight: 400;\">\u20ac<\/span><span style=\"font-weight: 400;\">1,800<\/span><\/p>\n<\/td>\n<\/tr>\n<\/tbody>\n<\/table>\n<p><span style=\"font-weight: 400;\">Ensaios sint\u00e9ticos adicionais <\/span><span style=\"font-weight: 400;\">\u20ac<\/span><span style=\"font-weight: 400;\">180 <\/span> <\/p><\/p>\n\t\t\t\t\t\t\t\t<\/div>\n\t\t\t\t<\/div>\n\t\t\t\t<div class=\"elementor-element elementor-element-806d128 elementor-align-center elementor-widget elementor-widget-button\" data-id=\"806d128\" data-element_type=\"widget\" data-e-type=\"widget\" data-widget_type=\"button.default\">\n\t\t\t\t<div class=\"elementor-widget-container\">\n\t\t\t\t\t\t\t\t\t<div class=\"elementor-button-wrapper\">\n\t\t\t\t\t<a class=\"elementor-button elementor-button-link elementor-size-sm\" href=\"https:\/\/ramsdata.com.pl\/pt-pt\/contacto\/\">\n\t\t\t\t\t\t<span class=\"elementor-button-content-wrapper\">\n\t\t\t\t\t\t\t\t\t<span class=\"elementor-button-text\">Pedido de oferta individual<\/span>\n\t\t\t\t\t<\/span>\n\t\t\t\t\t<\/a>\n\t\t\t\t<\/div>\n\t\t\t\t\t\t\t\t<\/div>\n\t\t\t\t<\/div>\n\t\t\t\t<\/div>\n\t\t\t\t\t<\/div>\n\t\t\t\t<\/div>\n\t\t\t\t<\/div>\n\t\t","protected":false},"excerpt":{"rendered":"<p>Pre\u00e7os anuais em euros: N\u00famero de monitorizado Checkmk Enterprise w\/ Checkmk Enterprise para utiliza\u00e7\u00e3o em grupo e em servi\u00e7os geridos w\/ Checkmk Adiciona: virt1 (virtual aparelho) Servi\u00e7osSuporte Pro Avan\u00e7ado Apoio Suporte Pro Avan\u00e7ado Apoio 3,000 \u20ac2,100 \u20ac3,000 \u20ac3,000 \u20ac3,900 \u20ac360 7,000 \u20ac3,300 \u20ac4,200 \u20ac4,800 \u20ac5,700 \u20ac600 12,000 \u20ac4,800 \u20ac5,700 \u20ac6,900 \u20ac7,800 \u20ac720 18,000 \u20ac6,000 \u20ac6,900 [&hellip;]<\/p>\n","protected":false},"author":1,"featured_media":0,"parent":14944,"menu_order":0,"comment_status":"closed","ping_status":"closed","template":"","meta":{"_acf_changed":false,"om_disable_all_campaigns":false,"_monsterinsights_skip_tracking":false,"_monsterinsights_sitenote_active":false,"_monsterinsights_sitenote_note":"","_monsterinsights_sitenote_category":0,"_uf_show_specific_survey":0,"_uf_disable_surveys":false,"footnotes":""},"class_list":["post-20734","page","type-page","status-publish","hentry"],"acf":[],"aioseo_notices":[],"_links":{"self":[{"href":"https:\/\/ramsdata.com.pl\/pt-pt\/wp-json\/wp\/v2\/pages\/20734","targetHints":{"allow":["GET"]}}],"collection":[{"href":"https:\/\/ramsdata.com.pl\/pt-pt\/wp-json\/wp\/v2\/pages"}],"about":[{"href":"https:\/\/ramsdata.com.pl\/pt-pt\/wp-json\/wp\/v2\/types\/page"}],"author":[{"embeddable":true,"href":"https:\/\/ramsdata.com.pl\/pt-pt\/wp-json\/wp\/v2\/users\/1"}],"replies":[{"embeddable":true,"href":"https:\/\/ramsdata.com.pl\/pt-pt\/wp-json\/wp\/v2\/comments?post=20734"}],"version-history":[{"count":3,"href":"https:\/\/ramsdata.com.pl\/pt-pt\/wp-json\/wp\/v2\/pages\/20734\/revisions"}],"predecessor-version":[{"id":20757,"href":"https:\/\/ramsdata.com.pl\/pt-pt\/wp-json\/wp\/v2\/pages\/20734\/revisions\/20757"}],"up":[{"embeddable":true,"href":"https:\/\/ramsdata.com.pl\/pt-pt\/wp-json\/wp\/v2\/pages\/14944"}],"wp:attachment":[{"href":"https:\/\/ramsdata.com.pl\/pt-pt\/wp-json\/wp\/v2\/media?parent=20734"}],"curies":[{"name":"wp","href":"https:\/\/api.w.org\/{rel}","templated":true}]}}