{"id":15885,"date":"2024-03-05T02:20:43","date_gmt":"2024-03-05T02:20:43","guid":{"rendered":"https:\/\/ramsdata.com.pl\/oferta\/tecnologias-da-comunicacao\/"},"modified":"2024-03-16T11:58:45","modified_gmt":"2024-03-16T11:58:45","slug":"tecnologias-da-comunicacao","status":"publish","type":"page","link":"https:\/\/ramsdata.com.pl\/pt-pt\/oferta\/tecnologias-da-comunicacao\/","title":{"rendered":"TECNOLOGIAS DA COMUNICA\u00c7\u00c3O"},"content":{"rendered":"\t\t<div data-elementor-type=\"wp-page\" data-elementor-id=\"15885\" class=\"elementor elementor-15885 elementor-11732\" data-elementor-settings=\"{&quot;ha_cmc_init_switcher&quot;:&quot;no&quot;}\" data-elementor-post-type=\"page\">\n\t\t\t\t<div class=\"elementor-element elementor-element-5f7bbade e-flex e-con-boxed e-con e-parent\" data-id=\"5f7bbade\" data-element_type=\"container\" data-e-type=\"container\" data-settings=\"{&quot;background_background&quot;:&quot;classic&quot;,&quot;_ha_eqh_enable&quot;:false}\">\n\t\t\t\t\t<div class=\"e-con-inner\">\n\t\t<div class=\"elementor-element elementor-element-3199f5cf e-con-full e-flex elementor-invisible e-con e-child\" data-id=\"3199f5cf\" data-element_type=\"container\" data-e-type=\"container\" data-settings=\"{&quot;animation&quot;:&quot;fadeInDown&quot;,&quot;_ha_eqh_enable&quot;:false}\">\n\t\t\t\t<div class=\"elementor-element elementor-element-d76c296 elementor-widget elementor-widget-heading\" data-id=\"d76c296\" data-element_type=\"widget\" data-e-type=\"widget\" data-widget_type=\"heading.default\">\n\t\t\t\t<div class=\"elementor-widget-container\">\n\t\t\t\t\t<h2 class=\"elementor-heading-title elementor-size-default\">TECNOLOGIAS DA COMUNICA\u00c7\u00c3O\n<\/h2>\t\t\t\t<\/div>\n\t\t\t\t<\/div>\n\t\t\t\t<\/div>\n\t\t\t\t\t<\/div>\n\t\t\t\t<\/div>\n\t\t<div class=\"elementor-element elementor-element-638ab021 e-flex e-con-boxed e-con e-parent\" data-id=\"638ab021\" data-element_type=\"container\" data-e-type=\"container\" data-settings=\"{&quot;_ha_eqh_enable&quot;:false}\">\n\t\t\t\t\t<div class=\"e-con-inner\">\n\t\t<div class=\"elementor-element elementor-element-62d47d60 e-con-full e-flex e-con e-child\" data-id=\"62d47d60\" data-element_type=\"container\" data-e-type=\"container\" data-settings=\"{&quot;_ha_eqh_enable&quot;:false}\">\n\t\t\t\t<div class=\"elementor-element elementor-element-3ae532a6 elementor-widget elementor-widget-image\" data-id=\"3ae532a6\" data-element_type=\"widget\" data-e-type=\"widget\" data-widget_type=\"image.default\">\n\t\t\t\t<div class=\"elementor-widget-container\">\n\t\t\t\t\t\t\t\t\t\t\t\t\t\t\t<img fetchpriority=\"high\" decoding=\"async\" width=\"335\" height=\"200\" src=\"https:\/\/ramsdata.com.pl\/wp-content\/uploads\/2024\/03\/telekomunikacja-335x200.jpg.webp\" class=\"attachment-full size-full wp-image-14513\" alt=\"\" srcset=\"https:\/\/ramsdata.com.pl\/wp-content\/uploads\/2024\/03\/telekomunikacja-335x200.jpg.webp 335w, https:\/\/ramsdata.com.pl\/wp-content\/uploads\/2024\/03\/telekomunikacja-335x200.jpg-300x179.webp 300w\" sizes=\"(max-width: 335px) 100vw, 335px\" \/>\t\t\t\t\t\t\t\t\t\t\t\t\t\t\t<\/div>\n\t\t\t\t<\/div>\n\t\t\t\t<\/div>\n\t\t<div class=\"elementor-element elementor-element-75d8f0e3 e-con-full e-flex e-con e-child\" data-id=\"75d8f0e3\" data-element_type=\"container\" data-e-type=\"container\" data-settings=\"{&quot;_ha_eqh_enable&quot;:false}\">\n\t\t\t\t<div class=\"elementor-element elementor-element-4334a70c elementor-widget__width-initial elementor-widget elementor-widget-text-editor\" data-id=\"4334a70c\" data-element_type=\"widget\" data-e-type=\"widget\" data-widget_type=\"text-editor.default\">\n\t\t\t\t<div class=\"elementor-widget-container\">\n\t\t\t\t\t\t\t\t\t<p>Telecomunica\u00e7\u00f5es \u00e9 um termo gen\u00e9rico para uma vasta gama de tecnologias que transmitem informa\u00e7\u00f5es \u00e0 dist\u00e2ncia. Os telem\u00f3veis, as linhas fixas, os telefones por sat\u00e9lite e o VoIP (Voice over Internet Protocol) s\u00e3o tecnologias que se inserem num dos dom\u00ednios das telecomunica\u00e7\u00f5es. A r\u00e1dio, a televis\u00e3o e as redes de difus\u00e3o s\u00e3o outros exemplos que satisfazem as necessidades de comunica\u00e7\u00e3o de diferentes formas. Os avan\u00e7os nas telecomunica\u00e7\u00f5es mudaram o mundo de forma incomensur\u00e1vel. Atualmente, as pessoas t\u00eam muitas oportunidades de ver e ouvir o que est\u00e1 a acontecer no outro lado do mundo. A tecnologia de sat\u00e9lite, a televis\u00e3o, a Internet e a telefonia em geral s\u00e3o as ferramentas utilizadas para efetuar chamadas de comunica\u00e7\u00e3o e processar voz e v\u00eddeo em tempo real.<\/p>\n<p>Telecomunica\u00e7\u00f5es<\/p>\n\t\t\t\t\t\t\t\t<\/div>\n\t\t\t\t<\/div>\n\t\t\t\t<\/div>\n\t\t\t\t\t<\/div>\n\t\t\t\t<\/div>\n\t\t<div class=\"elementor-element elementor-element-24487ad5 e-flex e-con-boxed e-con e-parent\" data-id=\"24487ad5\" data-element_type=\"container\" data-e-type=\"container\" data-settings=\"{&quot;background_background&quot;:&quot;classic&quot;,&quot;_ha_eqh_enable&quot;:false}\">\n\t\t\t\t\t<div class=\"e-con-inner\">\n\t\t<div class=\"elementor-element elementor-element-0520f42 e-flex e-con-boxed e-con e-child\" data-id=\"0520f42\" data-element_type=\"container\" data-e-type=\"container\" data-settings=\"{&quot;_ha_eqh_enable&quot;:false}\">\n\t\t\t\t\t<div class=\"e-con-inner\">\n\t\t<div class=\"elementor-element elementor-element-c0e5595 e-flex e-con-boxed e-con e-child\" data-id=\"c0e5595\" data-element_type=\"container\" data-e-type=\"container\" data-settings=\"{&quot;background_background&quot;:&quot;classic&quot;,&quot;_ha_eqh_enable&quot;:false}\">\n\t\t\t\t\t<div class=\"e-con-inner\">\n\t\t\t\t<div class=\"elementor-element elementor-element-4b10fa3 elementor-widget elementor-widget-text-editor\" data-id=\"4b10fa3\" data-element_type=\"widget\" data-e-type=\"widget\" data-widget_type=\"text-editor.default\">\n\t\t\t\t<div class=\"elementor-widget-container\">\n\t\t\t\t\t\t\t\t\t<p>Telecomunica\u00e7\u00f5es \u00e9 um termo gen\u00e9rico para uma vasta gama de tecnologias que transmitem informa\u00e7\u00f5es \u00e0 dist\u00e2ncia. Os telem\u00f3veis, as linhas fixas, os telefones por sat\u00e9lite e o VoIP (Voice over Internet Protocol) s\u00e3o tecnologias que se inserem num dos dom\u00ednios das telecomunica\u00e7\u00f5es. A r\u00e1dio, a televis\u00e3o e as redes de difus\u00e3o s\u00e3o outros exemplos que satisfazem as necessidades de comunica\u00e7\u00e3o de diferentes formas. Os avan\u00e7os nas telecomunica\u00e7\u00f5es mudaram o mundo de forma incomensur\u00e1vel. Atualmente, as pessoas t\u00eam muitas oportunidades de ver e ouvir o que est\u00e1 a acontecer no outro lado do mundo. A tecnologia de sat\u00e9lite, a televis\u00e3o, a Internet e a telefonia em geral s\u00e3o as ferramentas utilizadas para efetuar chamadas de comunica\u00e7\u00e3o e processar voz e v\u00eddeo em tempo real.<\/p>\n\t\t\t\t\t\t\t\t<\/div>\n\t\t\t\t<\/div>\n\t\t\t\t\t<\/div>\n\t\t\t\t<\/div>\n\t\t<div class=\"elementor-element elementor-element-fd6af34 e-flex e-con-boxed e-con e-child\" data-id=\"fd6af34\" data-element_type=\"container\" data-e-type=\"container\" data-settings=\"{&quot;background_background&quot;:&quot;classic&quot;,&quot;_ha_eqh_enable&quot;:false}\">\n\t\t\t\t\t<div class=\"e-con-inner\">\n\t\t\t\t<div class=\"elementor-element elementor-element-7e997ba elementor-widget elementor-widget-text-editor\" data-id=\"7e997ba\" data-element_type=\"widget\" data-e-type=\"widget\" data-widget_type=\"text-editor.default\">\n\t\t\t\t<div class=\"elementor-widget-container\">\n\t\t\t\t\t\t\t\t\t<p>Telecomunica\u00e7\u00f5es \u00e9 um termo gen\u00e9rico para uma vasta gama de tecnologias que transmitem informa\u00e7\u00f5es \u00e0 dist\u00e2ncia. Os telem\u00f3veis, as linhas fixas, os telefones por sat\u00e9lite e a voz sobre protocolo Internet (VoIP) s\u00e3o tecnologias que se inserem num dos dom\u00ednios das telecomunica\u00e7\u00f5es. A r\u00e1dio, a televis\u00e3o e as redes de difus\u00e3o s\u00e3o outros exemplos que satisfazem as necessidades de comunica\u00e7\u00e3o de diferentes formas. Os avan\u00e7os nas telecomunica\u00e7\u00f5es mudaram o mundo de forma incomensur\u00e1vel. Atualmente, as pessoas t\u00eam muitas oportunidades de ver e ouvir o que est\u00e1 a acontecer no outro lado do mundo. A tecnologia de sat\u00e9lite, a televis\u00e3o, a Internet e a telefonia em geral s\u00e3o as ferramentas utilizadas para efetuar chamadas de comunica\u00e7\u00e3o e processar voz e v\u00eddeo em tempo real.<\/p>\n\t\t\t\t\t\t\t\t<\/div>\n\t\t\t\t<\/div>\n\t\t\t\t\t<\/div>\n\t\t\t\t<\/div>\n\t\t\t\t\t<\/div>\n\t\t\t\t<\/div>\n\t\t<div class=\"elementor-element elementor-element-d0e18c0 e-flex e-con-boxed e-con e-child\" data-id=\"d0e18c0\" data-element_type=\"container\" data-e-type=\"container\" data-settings=\"{&quot;_ha_eqh_enable&quot;:false}\">\n\t\t\t\t\t<div class=\"e-con-inner\">\n\t\t<div class=\"elementor-element elementor-element-db30894 e-flex e-con-boxed e-con e-child\" data-id=\"db30894\" data-element_type=\"container\" data-e-type=\"container\" data-settings=\"{&quot;background_background&quot;:&quot;classic&quot;,&quot;_ha_eqh_enable&quot;:false}\">\n\t\t\t\t\t<div class=\"e-con-inner\">\n\t\t\t\t<div class=\"elementor-element elementor-element-d52ce49 elementor-widget elementor-widget-text-editor\" data-id=\"d52ce49\" data-element_type=\"widget\" data-e-type=\"widget\" data-widget_type=\"text-editor.default\">\n\t\t\t\t<div class=\"elementor-widget-container\">\n\t\t\t\t\t\t\t\t\t<div class=\"elementor-element elementor-element-6fe624b elementor-widget elementor-widget-text-editor\" data-id=\"6fe624b\" data-element_type=\"widget\" data-widget_type=\"text-editor.default\">\n<div class=\"elementor-widget-container\">\n<p>A telefonia IP DECT, baseada na tecnologia IP (Internet Protocol), \u00e9 outra tecnologia que melhora a comunica\u00e7\u00e3o e, consequentemente, reduz os custos operacionais da empresa. O sistema IP DECT integrado permite a comunica\u00e7\u00e3o m\u00f3vel dentro da empresa. \u00c9 a plataforma ideal para a implementa\u00e7\u00e3o de uma infraestrutura de comunica\u00e7\u00f5es sem fios fi\u00e1vel que pode ser integrada com sistemas e aplica\u00e7\u00f5es existentes utilizando IP. Os sistemas IP DECT proporcionam chamadas de alta qualidade e transfer\u00eancia de dados atrav\u00e9s de LAN e WAN. A infraestrutura IP existente pode ser utilizada para implantar e expandir os sistemas de telecomunica\u00e7\u00f5es. O sistema pode ser expandido em qualquer altura, acrescentando solu\u00e7\u00f5es de mensagens, seguran\u00e7a e localiza\u00e7\u00e3o. Um sistema comprovado com pontos de controlo e dispositivos de alarme pessoal tornou-se dispon\u00edvel para muitas \u00e1reas de aplica\u00e7\u00e3o. A conetividade profissional sem fios, a seguran\u00e7a pessoal dos funcion\u00e1rios e a telefonia vocal foram agora combinadas na tecnologia IP DECT. Consequentemente, esta tecnologia est\u00e1 a come\u00e7ar a tornar-se cada vez mais popular e dominante no mercado.<\/p>\n<\/div>\n<\/div>\n\t\t\t\t\t\t\t\t<\/div>\n\t\t\t\t<\/div>\n\t\t\t\t\t<\/div>\n\t\t\t\t<\/div>\n\t\t\t\t\t<\/div>\n\t\t\t\t<\/div>\n\t\t\t\t\t<\/div>\n\t\t\t\t<\/div>\n\t\t<div class=\"elementor-element elementor-element-92c2b6b e-flex e-con-boxed e-con e-parent\" data-id=\"92c2b6b\" data-element_type=\"container\" data-e-type=\"container\" data-settings=\"{&quot;_ha_eqh_enable&quot;:false}\">\n\t\t\t\t\t<div class=\"e-con-inner\">\n\t\t<div class=\"elementor-element elementor-element-73af792 e-flex e-con-boxed e-con e-child\" data-id=\"73af792\" data-element_type=\"container\" data-e-type=\"container\" data-settings=\"{&quot;_ha_eqh_enable&quot;:false}\">\n\t\t\t\t\t<div class=\"e-con-inner\">\n\t\t<div class=\"elementor-element elementor-element-7141563 e-flex e-con-boxed e-con e-child\" data-id=\"7141563\" data-element_type=\"container\" data-e-type=\"container\" data-settings=\"{&quot;background_background&quot;:&quot;classic&quot;,&quot;_ha_eqh_enable&quot;:false}\">\n\t\t\t\t\t<div class=\"e-con-inner\">\n\t\t<div class=\"elementor-element elementor-element-a3eb80c e-flex e-con-boxed e-con e-child\" data-id=\"a3eb80c\" data-element_type=\"container\" data-e-type=\"container\" data-settings=\"{&quot;background_background&quot;:&quot;classic&quot;,&quot;_ha_eqh_enable&quot;:false}\">\n\t\t\t\t\t<div class=\"e-con-inner\">\n\t\t\t\t<div class=\"elementor-element elementor-element-c106c04 elementor-widget elementor-widget-image\" data-id=\"c106c04\" data-element_type=\"widget\" data-e-type=\"widget\" data-widget_type=\"image.default\">\n\t\t\t\t<div class=\"elementor-widget-container\">\n\t\t\t\t\t\t\t\t\t\t\t\t\t\t\t<img decoding=\"async\" width=\"758\" height=\"200\" src=\"https:\/\/ramsdata.com.pl\/wp-content\/uploads\/2024\/03\/producenci_saltdna.png\" class=\"attachment-large size-large wp-image-14518\" alt=\"\" srcset=\"https:\/\/ramsdata.com.pl\/wp-content\/uploads\/2024\/03\/producenci_saltdna.png 758w, https:\/\/ramsdata.com.pl\/wp-content\/uploads\/2024\/03\/producenci_saltdna-300x79.png 300w\" sizes=\"(max-width: 758px) 100vw, 758px\" \/>\t\t\t\t\t\t\t\t\t\t\t\t\t\t\t<\/div>\n\t\t\t\t<\/div>\n\t\t\t\t\t<\/div>\n\t\t\t\t<\/div>\n\t\t\t\t<div class=\"elementor-element elementor-element-11372a9 elementor-widget elementor-widget-heading\" data-id=\"11372a9\" data-element_type=\"widget\" data-e-type=\"widget\" data-widget_type=\"heading.default\">\n\t\t\t\t<div class=\"elementor-widget-container\">\n\t\t\t\t\t<h2 class=\"elementor-heading-title elementor-size-default\">Sistemas de comunica\u00e7\u00e3o confidenciais\n<\/h2>\t\t\t\t<\/div>\n\t\t\t\t<\/div>\n\t\t\t\t<div class=\"elementor-element elementor-element-030befb elementor-widget elementor-widget-button\" data-id=\"030befb\" data-element_type=\"widget\" data-e-type=\"widget\" data-widget_type=\"button.default\">\n\t\t\t\t<div class=\"elementor-widget-container\">\n\t\t\t\t\t\t\t\t\t<div class=\"elementor-button-wrapper\">\n\t\t\t\t\t<a class=\"elementor-button elementor-button-link elementor-size-sm\" href=\"\/offer\/communication-technologies\/communication-systems-confidential\/\">\n\t\t\t\t\t\t<span class=\"elementor-button-content-wrapper\">\n\t\t\t\t\t\t\t\t\t<span class=\"elementor-button-text\">Saiba mais<\/span>\n\t\t\t\t\t<\/span>\n\t\t\t\t\t<\/a>\n\t\t\t\t<\/div>\n\t\t\t\t\t\t\t\t<\/div>\n\t\t\t\t<\/div>\n\t\t\t\t\t<\/div>\n\t\t\t\t<\/div>\n\t\t<div class=\"elementor-element elementor-element-9ec8a21 e-flex e-con-boxed e-con e-child\" data-id=\"9ec8a21\" data-element_type=\"container\" data-e-type=\"container\" data-settings=\"{&quot;background_background&quot;:&quot;classic&quot;,&quot;_ha_eqh_enable&quot;:false}\">\n\t\t\t\t\t<div class=\"e-con-inner\">\n\t\t<div class=\"elementor-element elementor-element-e9314e9 e-flex e-con-boxed e-con e-child\" data-id=\"e9314e9\" data-element_type=\"container\" data-e-type=\"container\" data-settings=\"{&quot;background_background&quot;:&quot;classic&quot;,&quot;_ha_eqh_enable&quot;:false}\">\n\t\t\t\t\t<div class=\"e-con-inner\">\n\t\t\t\t<div class=\"elementor-element elementor-element-622f58f elementor-widget elementor-widget-image\" data-id=\"622f58f\" data-element_type=\"widget\" data-e-type=\"widget\" data-widget_type=\"image.default\">\n\t\t\t\t<div class=\"elementor-widget-container\">\n\t\t\t\t\t\t\t\t\t\t\t\t\t\t\t<img decoding=\"async\" width=\"220\" height=\"104\" src=\"https:\/\/ramsdata.com.pl\/wp-content\/uploads\/2024\/03\/ascom02.png\" class=\"attachment-large size-large wp-image-14523\" alt=\"\" \/>\t\t\t\t\t\t\t\t\t\t\t\t\t\t\t<\/div>\n\t\t\t\t<\/div>\n\t\t\t\t\t<\/div>\n\t\t\t\t<\/div>\n\t\t\t\t<div class=\"elementor-element elementor-element-72ef191 elementor-widget elementor-widget-heading\" data-id=\"72ef191\" data-element_type=\"widget\" data-e-type=\"widget\" data-widget_type=\"heading.default\">\n\t\t\t\t<div class=\"elementor-widget-container\">\n\t\t\t\t\t<h2 class=\"elementor-heading-title elementor-size-default\">Sistemas de comunica\u00e7\u00e3o sem fios\n<\/h2>\t\t\t\t<\/div>\n\t\t\t\t<\/div>\n\t\t\t\t<div class=\"elementor-element elementor-element-69f21cf elementor-widget elementor-widget-button\" data-id=\"69f21cf\" data-element_type=\"widget\" data-e-type=\"widget\" data-widget_type=\"button.default\">\n\t\t\t\t<div class=\"elementor-widget-container\">\n\t\t\t\t\t\t\t\t\t<div class=\"elementor-button-wrapper\">\n\t\t\t\t\t<a class=\"elementor-button elementor-button-link elementor-size-sm\" href=\"https:\/\/ramsdata.com.pl\/pt-pt\/sistemas-de-comunicacao-sem-fios\/\">\n\t\t\t\t\t\t<span class=\"elementor-button-content-wrapper\">\n\t\t\t\t\t\t\t\t\t<span class=\"elementor-button-text\">Saiba mais<\/span>\n\t\t\t\t\t<\/span>\n\t\t\t\t\t<\/a>\n\t\t\t\t<\/div>\n\t\t\t\t\t\t\t\t<\/div>\n\t\t\t\t<\/div>\n\t\t\t\t\t<\/div>\n\t\t\t\t<\/div>\n\t\t\t\t\t<\/div>\n\t\t\t\t<\/div>\n\t\t\t\t\t<\/div>\n\t\t\t\t<\/div>\n\t\t\t\t<\/div>\n\t\t","protected":false},"excerpt":{"rendered":"<p>TECNOLOGIAS DA COMUNICA\u00c7\u00c3O Telecomunica\u00e7\u00f5es \u00e9 um termo gen\u00e9rico para uma vasta gama de tecnologias que transmitem informa\u00e7\u00f5es \u00e0 dist\u00e2ncia. Os telem\u00f3veis, as linhas fixas, os telefones por sat\u00e9lite e o VoIP (Voice over Internet Protocol) s\u00e3o tecnologias que se inserem num dos dom\u00ednios das telecomunica\u00e7\u00f5es. A r\u00e1dio, a televis\u00e3o e as redes de difus\u00e3o s\u00e3o [&hellip;]<\/p>\n","protected":false},"author":1,"featured_media":0,"parent":15142,"menu_order":0,"comment_status":"closed","ping_status":"closed","template":"","meta":{"_acf_changed":false,"om_disable_all_campaigns":false,"_monsterinsights_skip_tracking":false,"_monsterinsights_sitenote_active":false,"_monsterinsights_sitenote_note":"","_monsterinsights_sitenote_category":0,"_uf_show_specific_survey":0,"_uf_disable_surveys":false,"footnotes":""},"class_list":["post-15885","page","type-page","status-publish","hentry"],"acf":[],"aioseo_notices":[],"_links":{"self":[{"href":"https:\/\/ramsdata.com.pl\/pt-pt\/wp-json\/wp\/v2\/pages\/15885","targetHints":{"allow":["GET"]}}],"collection":[{"href":"https:\/\/ramsdata.com.pl\/pt-pt\/wp-json\/wp\/v2\/pages"}],"about":[{"href":"https:\/\/ramsdata.com.pl\/pt-pt\/wp-json\/wp\/v2\/types\/page"}],"author":[{"embeddable":true,"href":"https:\/\/ramsdata.com.pl\/pt-pt\/wp-json\/wp\/v2\/users\/1"}],"replies":[{"embeddable":true,"href":"https:\/\/ramsdata.com.pl\/pt-pt\/wp-json\/wp\/v2\/comments?post=15885"}],"version-history":[{"count":1,"href":"https:\/\/ramsdata.com.pl\/pt-pt\/wp-json\/wp\/v2\/pages\/15885\/revisions"}],"predecessor-version":[{"id":15891,"href":"https:\/\/ramsdata.com.pl\/pt-pt\/wp-json\/wp\/v2\/pages\/15885\/revisions\/15891"}],"up":[{"embeddable":true,"href":"https:\/\/ramsdata.com.pl\/pt-pt\/wp-json\/wp\/v2\/pages\/15142"}],"wp:attachment":[{"href":"https:\/\/ramsdata.com.pl\/pt-pt\/wp-json\/wp\/v2\/media?parent=15885"}],"curies":[{"name":"wp","href":"https:\/\/api.w.org\/{rel}","templated":true}]}}