{"id":15868,"date":"2024-03-04T12:57:39","date_gmt":"2024-03-04T12:57:39","guid":{"rendered":"https:\/\/ramsdata.com.pl\/sistemas-de-comunicacao-sem-fios\/"},"modified":"2024-03-16T11:58:44","modified_gmt":"2024-03-16T11:58:44","slug":"sistemas-de-comunicacao-sem-fios","status":"publish","type":"page","link":"https:\/\/ramsdata.com.pl\/pt-pt\/oferta\/tecnologias-da-comunicacao\/sistemas-de-comunicacao-sem-fios\/","title":{"rendered":"Sistemas de comunica\u00e7\u00e3o sem fios"},"content":{"rendered":"\t\t<div data-elementor-type=\"wp-page\" data-elementor-id=\"15868\" class=\"elementor elementor-15868 elementor-11719\" data-elementor-settings=\"{&quot;ha_cmc_init_switcher&quot;:&quot;no&quot;}\" data-elementor-post-type=\"page\">\n\t\t\t\t<div class=\"elementor-element elementor-element-3a3518a e-flex e-con-boxed e-con e-parent\" data-id=\"3a3518a\" data-element_type=\"container\" data-e-type=\"container\" data-settings=\"{&quot;background_background&quot;:&quot;classic&quot;,&quot;_ha_eqh_enable&quot;:false}\">\n\t\t\t\t\t<div class=\"e-con-inner\">\n\t\t<div class=\"elementor-element elementor-element-99ac231 e-con-full e-flex elementor-invisible e-con e-child\" data-id=\"99ac231\" data-element_type=\"container\" data-e-type=\"container\" data-settings=\"{&quot;animation&quot;:&quot;fadeInDown&quot;,&quot;_ha_eqh_enable&quot;:false}\">\n\t\t\t\t<div class=\"elementor-element elementor-element-d350a4e elementor-widget elementor-widget-heading\" data-id=\"d350a4e\" data-element_type=\"widget\" data-e-type=\"widget\" data-widget_type=\"heading.default\">\n\t\t\t\t<div class=\"elementor-widget-container\">\n\t\t\t\t\t<h2 class=\"elementor-heading-title elementor-size-default\">SISTEMAS DE COMUNICA\u00c7\u00c3O SEM FIOS<\/h2>\t\t\t\t<\/div>\n\t\t\t\t<\/div>\n\t\t\t\t<\/div>\n\t\t\t\t\t<\/div>\n\t\t\t\t<\/div>\n\t\t<div class=\"elementor-element elementor-element-591f924 e-flex e-con-boxed e-con e-parent\" data-id=\"591f924\" data-element_type=\"container\" data-e-type=\"container\" data-settings=\"{&quot;_ha_eqh_enable&quot;:false}\">\n\t\t\t\t\t<div class=\"e-con-inner\">\n\t\t<div class=\"elementor-element elementor-element-273019a e-con-full e-flex e-con e-child\" data-id=\"273019a\" data-element_type=\"container\" data-e-type=\"container\" data-settings=\"{&quot;_ha_eqh_enable&quot;:false}\">\n\t\t\t\t<div class=\"elementor-element elementor-element-9e4c2f5 elementor-widget elementor-widget-image\" data-id=\"9e4c2f5\" data-element_type=\"widget\" data-e-type=\"widget\" data-widget_type=\"image.default\">\n\t\t\t\t<div class=\"elementor-widget-container\">\n\t\t\t\t\t\t\t\t\t\t\t\t\t\t\t<img decoding=\"async\" width=\"220\" height=\"104\" src=\"https:\/\/ramsdata.com.pl\/wp-content\/uploads\/2024\/03\/ascom02.png.webp\" class=\"attachment-large size-large wp-image-14498\" alt=\"\" \/>\t\t\t\t\t\t\t\t\t\t\t\t\t\t\t<\/div>\n\t\t\t\t<\/div>\n\t\t\t\t<\/div>\n\t\t<div class=\"elementor-element elementor-element-9082220 e-con-full e-flex e-con e-child\" data-id=\"9082220\" data-element_type=\"container\" data-e-type=\"container\" data-settings=\"{&quot;_ha_eqh_enable&quot;:false}\">\n\t\t\t\t<div class=\"elementor-element elementor-element-ad75eb1 elementor-widget__width-initial elementor-widget elementor-widget-text-editor\" data-id=\"ad75eb1\" data-element_type=\"widget\" data-e-type=\"widget\" data-widget_type=\"text-editor.default\">\n\t\t\t\t<div class=\"elementor-widget-container\">\n\t\t\t\t\t\t\t\t\t<p>A necessidade de uma resposta mais r\u00e1pida e de uma melhor comunica\u00e7\u00e3o \u00e9 muito importante em muitas empresas e organiza\u00e7\u00f5es. Todos os trabalhadores devem estar contact\u00e1veis a qualquer hora e em qualquer local de trabalho e devem poder contactar os outros rapidamente e sem demora. A comunica\u00e7\u00e3o sem fios DECT\/IP DECT \u00e9 a base da notifica\u00e7\u00e3o imediata do pessoal-chave para desencadear uma resposta mais r\u00e1pida. Foi concebido para um ambiente de trabalho exigente e pode ser personalizado para garantir uma mobilidade e efici\u00eancia \u00f3ptimas nos processos de trabalho. Isto proporciona \u00e0s empresas uma maior efici\u00eancia, produtividade e seguran\u00e7a.<\/p>\n<p>Para al\u00e9m de aumentar os n\u00edveis de satisfa\u00e7\u00e3o do pessoal, pode assistir-se a uma rea\u00e7\u00e3o positiva dos clientes quando obt\u00eam o que pretendem rapidamente pela primeira vez. Curto e conciso &#8211; os sistemas sem fios DECT\/IP DECT transmitem as mensagens certas \u00e0s pessoas certas no momento certo.<\/p>\n\t\t\t\t\t\t\t\t<\/div>\n\t\t\t\t<\/div>\n\t\t\t\t<\/div>\n\t\t\t\t\t<\/div>\n\t\t\t\t<\/div>\n\t\t<div class=\"elementor-element elementor-element-471cdb60 e-flex e-con-boxed e-con e-parent\" data-id=\"471cdb60\" data-element_type=\"container\" data-e-type=\"container\" data-settings=\"{&quot;_ha_eqh_enable&quot;:false}\">\n\t\t\t\t\t<div class=\"e-con-inner\">\n\t\t<div class=\"elementor-element elementor-element-cba5574 e-flex e-con-boxed e-con e-child\" data-id=\"cba5574\" data-element_type=\"container\" data-e-type=\"container\" data-settings=\"{&quot;_ha_eqh_enable&quot;:false}\">\n\t\t\t\t\t<div class=\"e-con-inner\">\n\t\t<div class=\"elementor-element elementor-element-2fd2b2d1 e-flex e-con-boxed e-con e-child\" data-id=\"2fd2b2d1\" data-element_type=\"container\" data-e-type=\"container\" data-settings=\"{&quot;_ha_eqh_enable&quot;:false}\">\n\t\t\t\t\t<div class=\"e-con-inner\">\n\t\t\t\t<div class=\"elementor-element elementor-element-1c5f6cd2 elementor-widget elementor-widget-image\" data-id=\"1c5f6cd2\" data-element_type=\"widget\" data-e-type=\"widget\" data-widget_type=\"image.default\">\n\t\t\t\t<div class=\"elementor-widget-container\">\n\t\t\t\t\t\t\t\t\t\t\t\t\t\t\t<img fetchpriority=\"high\" decoding=\"async\" width=\"1036\" height=\"792\" src=\"https:\/\/ramsdata.com.pl\/wp-content\/uploads\/2024\/03\/ascomkomunikacja1.jpg.webp\" class=\"attachment-full size-full wp-image-14503\" alt=\"\" srcset=\"https:\/\/ramsdata.com.pl\/wp-content\/uploads\/2024\/03\/ascomkomunikacja1.jpg.webp 1036w, https:\/\/ramsdata.com.pl\/wp-content\/uploads\/2024\/03\/ascomkomunikacja1.jpg-300x229.webp 300w, https:\/\/ramsdata.com.pl\/wp-content\/uploads\/2024\/03\/ascomkomunikacja1.jpg-1024x783.webp 1024w, https:\/\/ramsdata.com.pl\/wp-content\/uploads\/2024\/03\/ascomkomunikacja1.jpg-768x587.webp 768w\" sizes=\"(max-width: 1036px) 100vw, 1036px\" \/>\t\t\t\t\t\t\t\t\t\t\t\t\t\t\t<\/div>\n\t\t\t\t<\/div>\n\t\t\t\t\t<\/div>\n\t\t\t\t<\/div>\n\t\t<div class=\"elementor-element elementor-element-581ccc5d e-flex e-con-boxed e-con e-child\" data-id=\"581ccc5d\" data-element_type=\"container\" data-e-type=\"container\" data-settings=\"{&quot;_ha_eqh_enable&quot;:false}\">\n\t\t\t\t\t<div class=\"e-con-inner\">\n\t\t\t\t<div class=\"elementor-element elementor-element-66c5c5aa elementor-widget elementor-widget-text-editor\" data-id=\"66c5c5aa\" data-element_type=\"widget\" data-e-type=\"widget\" data-widget_type=\"text-editor.default\">\n\t\t\t\t<div class=\"elementor-widget-container\">\n\t\t\t\t\t\t\t\t\t<p>O Ascom IP-DECT \u00e9 uma solu\u00e7\u00e3o completa que combina a norma DECT comprovada com a tecnologia VoIP (Voice over Internet Protocol), permitindo a utiliza\u00e7\u00e3o de ambos os pacotes de dados com chamadas de voz de alta qualidade na mesma rede. Pode esperar uma qualidade de servi\u00e7o muito boa e excelentes capacidades de envio de mensagens numa rede de r\u00e1dio segura. Al\u00e9m disso, o problema inc\u00f3modo da conetividade intermitente ou da perda de dados \u00e9 eliminado gra\u00e7as \u00e0 fun\u00e7\u00e3o &#8220;handover&#8221;. O IP-DECT oferece uma frequ\u00eancia dedicada e segura que \u00e9 muito dif\u00edcil de ser escutada ou invadida. O que significa que as informa\u00e7\u00f5es confidenciais permanecem no seu devido lugar.<\/p>\n<p>Com a introdu\u00e7\u00e3o do sistema Ascom IP-DECT, \u00e9 de esperar uma redu\u00e7\u00e3o de custos, uma vez que n\u00e3o \u00e9 necess\u00e1ria uma grande infraestrutura de cablagem e a manuten\u00e7\u00e3o do sistema \u00e9 f\u00e1cil e n\u00e3o consome muito tempo. A telefonia e as TI j\u00e1 n\u00e3o s\u00e3o \u00e1reas separadas de departamentos distintos. As mesmas ferramentas servem ambas as \u00e1reas, resultando, em \u00faltima an\u00e1lise, num custo total de propriedade mais baixo<\/p>\n\t\t\t\t\t\t\t\t<\/div>\n\t\t\t\t<\/div>\n\t\t\t\t\t<\/div>\n\t\t\t\t<\/div>\n\t\t\t\t\t<\/div>\n\t\t\t\t<\/div>\n\t\t<div class=\"elementor-element elementor-element-3d78ce22 e-flex e-con-boxed e-con e-child\" data-id=\"3d78ce22\" data-element_type=\"container\" data-e-type=\"container\" data-settings=\"{&quot;_ha_eqh_enable&quot;:false}\">\n\t\t\t\t\t<div class=\"e-con-inner\">\n\t\t<div class=\"elementor-element elementor-element-472bf8fd e-flex e-con-boxed e-con e-child\" data-id=\"472bf8fd\" data-element_type=\"container\" data-e-type=\"container\" data-settings=\"{&quot;_ha_eqh_enable&quot;:false}\">\n\t\t\t\t\t<div class=\"e-con-inner\">\n\t\t\t\t<div class=\"elementor-element elementor-element-535d78d9 elementor-widget elementor-widget-text-editor\" data-id=\"535d78d9\" data-element_type=\"widget\" data-e-type=\"widget\" data-widget_type=\"text-editor.default\">\n\t\t\t\t<div class=\"elementor-widget-container\">\n\t\t\t\t\t\t\t\t\t<p>O sistema Ascom IP-DECT \u00e9 modular, o que significa um alto n\u00edvel de escalabilidade e flexibilidade. A dimens\u00e3o da empresa e o n\u00famero de localiza\u00e7\u00f5es remotas n\u00e3o t\u00eam grande import\u00e2ncia. De facto, o Ascom IP-DECT foi concebido para suportar at\u00e9 100 gateways IP-DECT, 1000 esta\u00e7\u00f5es de base IP-DECT e 20000 telefones sem fios IP DECT por localiza\u00e7\u00e3o. No entanto, gra\u00e7as \u00e0 funcionalidade de &#8220;balanceamento de carga&#8221; e \u00e0 possibilidade de instalar v\u00e1rias esta\u00e7\u00f5es de base principais, todo o sistema pode suportar 1.000 gateways IP-DECT, 10.000 esta\u00e7\u00f5es de base IP-DECT e 100.000 telefones sem fios IP DECT. Cada esta\u00e7\u00e3o de base IP-DECT processa oito chamadas de voz em simult\u00e2neo, enquanto um gateway IP-DECT pode processar 40 chamadas de voz e 16 esta\u00e7\u00f5es de base em simult\u00e2neo.<\/p>\n\t\t\t\t\t\t\t\t<\/div>\n\t\t\t\t<\/div>\n\t\t\t\t\t<\/div>\n\t\t\t\t<\/div>\n\t\t<div class=\"elementor-element elementor-element-38794a65 e-flex e-con-boxed e-con e-child\" data-id=\"38794a65\" data-element_type=\"container\" data-e-type=\"container\" data-settings=\"{&quot;_ha_eqh_enable&quot;:false}\">\n\t\t\t\t\t<div class=\"e-con-inner\">\n\t\t\t\t<div class=\"elementor-element elementor-element-321dc05d elementor-widget elementor-widget-image\" data-id=\"321dc05d\" data-element_type=\"widget\" data-e-type=\"widget\" data-widget_type=\"image.default\">\n\t\t\t\t<div class=\"elementor-widget-container\">\n\t\t\t\t\t\t\t\t\t\t\t\t\t\t\t<img decoding=\"async\" width=\"1036\" height=\"792\" src=\"https:\/\/ramsdata.com.pl\/wp-content\/uploads\/2024\/03\/ascomkomunikacja2.jpg.webp\" class=\"attachment-full size-full wp-image-14508\" alt=\"\" srcset=\"https:\/\/ramsdata.com.pl\/wp-content\/uploads\/2024\/03\/ascomkomunikacja2.jpg.webp 1036w, https:\/\/ramsdata.com.pl\/wp-content\/uploads\/2024\/03\/ascomkomunikacja2.jpg-300x229.webp 300w, https:\/\/ramsdata.com.pl\/wp-content\/uploads\/2024\/03\/ascomkomunikacja2.jpg-1024x783.webp 1024w, https:\/\/ramsdata.com.pl\/wp-content\/uploads\/2024\/03\/ascomkomunikacja2.jpg-768x587.webp 768w\" sizes=\"(max-width: 1036px) 100vw, 1036px\" \/>\t\t\t\t\t\t\t\t\t\t\t\t\t\t\t<\/div>\n\t\t\t\t<\/div>\n\t\t\t\t\t<\/div>\n\t\t\t\t<\/div>\n\t\t\t\t\t<\/div>\n\t\t\t\t<\/div>\n\t\t\t\t\t<\/div>\n\t\t\t\t<\/div>\n\t\t\t\t<\/div>\n\t\t","protected":false},"excerpt":{"rendered":"<p>SISTEMAS DE COMUNICA\u00c7\u00c3O SEM FIOS A necessidade de uma resposta mais r\u00e1pida e de uma melhor comunica\u00e7\u00e3o \u00e9 muito importante em muitas empresas e organiza\u00e7\u00f5es. Todos os trabalhadores devem estar contact\u00e1veis a qualquer hora e em qualquer local de trabalho e devem poder contactar os outros rapidamente e sem demora. A comunica\u00e7\u00e3o sem fios DECT\/IP [&hellip;]<\/p>\n","protected":false},"author":1,"featured_media":0,"parent":15885,"menu_order":0,"comment_status":"closed","ping_status":"closed","template":"","meta":{"_acf_changed":false,"om_disable_all_campaigns":false,"_monsterinsights_skip_tracking":false,"_monsterinsights_sitenote_active":false,"_monsterinsights_sitenote_note":"","_monsterinsights_sitenote_category":0,"_uf_show_specific_survey":0,"_uf_disable_surveys":false,"footnotes":""},"class_list":["post-15868","page","type-page","status-publish","hentry"],"acf":[],"aioseo_notices":[],"_links":{"self":[{"href":"https:\/\/ramsdata.com.pl\/pt-pt\/wp-json\/wp\/v2\/pages\/15868","targetHints":{"allow":["GET"]}}],"collection":[{"href":"https:\/\/ramsdata.com.pl\/pt-pt\/wp-json\/wp\/v2\/pages"}],"about":[{"href":"https:\/\/ramsdata.com.pl\/pt-pt\/wp-json\/wp\/v2\/types\/page"}],"author":[{"embeddable":true,"href":"https:\/\/ramsdata.com.pl\/pt-pt\/wp-json\/wp\/v2\/users\/1"}],"replies":[{"embeddable":true,"href":"https:\/\/ramsdata.com.pl\/pt-pt\/wp-json\/wp\/v2\/comments?post=15868"}],"version-history":[{"count":1,"href":"https:\/\/ramsdata.com.pl\/pt-pt\/wp-json\/wp\/v2\/pages\/15868\/revisions"}],"predecessor-version":[{"id":15874,"href":"https:\/\/ramsdata.com.pl\/pt-pt\/wp-json\/wp\/v2\/pages\/15868\/revisions\/15874"}],"up":[{"embeddable":true,"href":"https:\/\/ramsdata.com.pl\/pt-pt\/wp-json\/wp\/v2\/pages\/15885"}],"wp:attachment":[{"href":"https:\/\/ramsdata.com.pl\/pt-pt\/wp-json\/wp\/v2\/media?parent=15868"}],"curies":[{"name":"wp","href":"https:\/\/api.w.org\/{rel}","templated":true}]}}