{"id":15664,"date":"2024-03-04T07:48:56","date_gmt":"2024-03-04T07:48:56","guid":{"rendered":"https:\/\/ramsdata.com.pl\/oferta\/tecnologias\/redes-isoladas-e-operacao-de-equipamentos-moveis\/"},"modified":"2025-06-19T02:51:47","modified_gmt":"2025-06-19T02:51:47","slug":"redes-isoladas-e-operacao-de-equipamentos-moveis","status":"publish","type":"page","link":"https:\/\/ramsdata.com.pl\/pt-pt\/oferta\/tecnologias\/redes-isoladas-e-operacao-de-equipamentos-moveis\/","title":{"rendered":"Redes isoladas e opera\u00e7\u00e3o de equipamentos m\u00f3veis"},"content":{"rendered":"\t\t<div data-elementor-type=\"wp-page\" data-elementor-id=\"15664\" class=\"elementor elementor-15664 elementor-11372\" data-elementor-settings=\"{&quot;ha_cmc_init_switcher&quot;:&quot;no&quot;}\" data-elementor-post-type=\"page\">\n\t\t\t\t<div class=\"elementor-element elementor-element-4ea0dd35 e-flex e-con-boxed e-con e-parent\" data-id=\"4ea0dd35\" data-element_type=\"container\" data-e-type=\"container\" data-settings=\"{&quot;background_background&quot;:&quot;classic&quot;,&quot;_ha_eqh_enable&quot;:false}\">\n\t\t\t\t\t<div class=\"e-con-inner\">\n\t\t<div class=\"elementor-element elementor-element-23964c6 e-con-full e-flex elementor-invisible e-con e-child\" data-id=\"23964c6\" data-element_type=\"container\" data-e-type=\"container\" data-settings=\"{&quot;animation&quot;:&quot;fadeInDown&quot;,&quot;_ha_eqh_enable&quot;:false}\">\n\t\t\t\t<div class=\"elementor-element elementor-element-55a4624 elementor-widget elementor-widget-heading\" data-id=\"55a4624\" data-element_type=\"widget\" data-e-type=\"widget\" data-widget_type=\"heading.default\">\n\t\t\t\t<div class=\"elementor-widget-container\">\n\t\t\t\t\t<h2 class=\"elementor-heading-title elementor-size-default\">REDES ISOLADAS E SUPORTE PARA DISPOSITIVOS M\u00d3VEIS<\/h2>\t\t\t\t<\/div>\n\t\t\t\t<\/div>\n\t\t\t\t<\/div>\n\t\t\t\t\t<\/div>\n\t\t\t\t<\/div>\n\t\t<div class=\"elementor-element elementor-element-c22c62c e-flex e-con-boxed e-con e-parent\" data-id=\"c22c62c\" data-element_type=\"container\" data-e-type=\"container\" data-settings=\"{&quot;_ha_eqh_enable&quot;:false}\">\n\t\t\t\t\t<div class=\"e-con-inner\">\n\t\t<div class=\"elementor-element elementor-element-70990d2 e-con-full e-flex e-con e-child\" data-id=\"70990d2\" data-element_type=\"container\" data-e-type=\"container\" data-settings=\"{&quot;_ha_eqh_enable&quot;:false}\">\n\t\t\t\t<div class=\"elementor-element elementor-element-37efed69 elementor-widget elementor-widget-image\" data-id=\"37efed69\" data-element_type=\"widget\" data-e-type=\"widget\" data-widget_type=\"image.default\">\n\t\t\t\t<div class=\"elementor-widget-container\">\n\t\t\t\t\t\t\t\t\t\t\t\t\t\t\t<img decoding=\"async\" width=\"300\" height=\"54\" src=\"https:\/\/ramsdata.com.pl\/wp-content\/uploads\/2024\/03\/OPSWAT_Logo_CMYKwhite-300x54.png.webp\" class=\"attachment-full size-full wp-image-14048\" alt=\"\" \/>\t\t\t\t\t\t\t\t\t\t\t\t\t\t\t<\/div>\n\t\t\t\t<\/div>\n\t\t\t\t<\/div>\n\t\t<div class=\"elementor-element elementor-element-16cd334 e-con-full e-flex e-con e-child\" data-id=\"16cd334\" data-element_type=\"container\" data-e-type=\"container\" data-settings=\"{&quot;_ha_eqh_enable&quot;:false}\">\n\t\t\t\t<div class=\"elementor-element elementor-element-1e8b22d0 elementor-widget__width-initial elementor-widget elementor-widget-text-editor\" data-id=\"1e8b22d0\" data-element_type=\"widget\" data-e-type=\"widget\" data-widget_type=\"text-editor.default\">\n\t\t\t\t<div class=\"elementor-widget-container\">\n\t\t\t\t\t\t\t\t\t<p>As redes cr\u00edticas constituem um desafio especial para os profissionais da seguran\u00e7a, porque est\u00e3o isoladas e n\u00e3o t\u00eam acesso \u00e0 Internet, pelo que s\u00e3o vulner\u00e1veis a ataques de meios de comunica\u00e7\u00e3o m\u00f3veis e de tecnologias semelhantes de transfer\u00eancia de ficheiros. O OPSWAT oferece um processo seguro, de ponta a ponta, para a transfer\u00eancia de ficheiros de e para redes isoladas. A solu\u00e7\u00e3o \u00e9 amplamente utilizada nas ind\u00fastrias transformadora, energ\u00e9tica, governamental, banc\u00e1ria, farmac\u00eautica e de entretenimento.<\/p><p> <\/p>\t\t\t\t\t\t\t\t<\/div>\n\t\t\t\t<\/div>\n\t\t\t\t<\/div>\n\t\t\t\t\t<\/div>\n\t\t\t\t<\/div>\n\t\t<div class=\"elementor-element elementor-element-1adac568 e-flex e-con-boxed e-con e-parent\" data-id=\"1adac568\" data-element_type=\"container\" data-e-type=\"container\" data-settings=\"{&quot;background_background&quot;:&quot;classic&quot;,&quot;_ha_eqh_enable&quot;:false}\">\n\t\t\t\t\t<div class=\"e-con-inner\">\n\t\t<div class=\"elementor-element elementor-element-2f67083c e-flex e-con-boxed elementor-invisible e-con e-child\" data-id=\"2f67083c\" data-element_type=\"container\" data-e-type=\"container\" data-settings=\"{&quot;animation&quot;:&quot;fadeInDown&quot;,&quot;_ha_eqh_enable&quot;:false}\">\n\t\t\t\t\t<div class=\"e-con-inner\">\n\t\t\t\t<div class=\"elementor-element elementor-element-167b0e1 elementor-widget elementor-widget-heading\" data-id=\"167b0e1\" data-element_type=\"widget\" data-e-type=\"widget\" data-widget_type=\"heading.default\">\n\t\t\t\t<div class=\"elementor-widget-container\">\n\t\t\t\t\t<h2 class=\"elementor-heading-title elementor-size-default\">seguran\u00e7a em redes isoladas e digitaliza\u00e7\u00e3o de suportes m\u00f3veis\n<\/h2>\t\t\t\t<\/div>\n\t\t\t\t<\/div>\n\t\t\t\t\t<\/div>\n\t\t\t\t<\/div>\n\t\t<div class=\"elementor-element elementor-element-6db51e2c e-flex e-con-boxed elementor-invisible e-con e-child\" data-id=\"6db51e2c\" data-element_type=\"container\" data-e-type=\"container\" data-settings=\"{&quot;animation&quot;:&quot;fadeIn&quot;,&quot;animation_delay&quot;:200,&quot;_ha_eqh_enable&quot;:false}\">\n\t\t\t\t\t<div class=\"e-con-inner\">\n\t\t\t\t<div class=\"elementor-element elementor-element-4e77f34 elementor-widget elementor-widget-text-editor\" data-id=\"4e77f34\" data-element_type=\"widget\" data-e-type=\"widget\" data-widget_type=\"text-editor.default\">\n\t\t\t\t<div class=\"elementor-widget-container\">\n\t\t\t\t\t\t\t\t\t<p>Os suportes port\u00e1teis (como unidades USB, CDs\/DVDs, etc&#8230;) constituem outra forma de os cibercriminosos acederem a um sistema. Uma forma conhecida foi o worm Stuxnet, que se propagou atrav\u00e9s de uma unidade USB infetada. Amplamente utilizado, o Metadefender garante que todos os dispositivos port\u00e1teis trazidos por funcion\u00e1rios, subcontratados ou fornecedores s\u00e3o primeiro verificados utilizando v\u00e1rios motores antiv\u00edrus, bem como CDR e VUL, e que est\u00e3o livres de v\u00edrus antes de serem deixados a trabalhar numa rede segura.<br>O Metadefender pode ser instalado numa rede ou num quiosque e pode ser utilizado como ponto de controlo para proteger contra amea\u00e7as provenientes de suportes port\u00e1teis, evitando a possibilidade de viola\u00e7\u00f5es de dados por esta via.<\/p><p>O Metadefender Kiosk <a href=\"https:\/\/ramsdata.com.pl\/pt-pt\/opswat\/produtos\/metaaccess-ot\/\">e o<\/a> Secure File Transfer (SFT\/Vault) oferecem um processo seguro para transferir dados de e para redes isoladas (sem acesso \u00e0 Internet) a partir de suportes f\u00edsicos, tais como unidades USB, CDs <a href=\"https:\/\/ramsdata.com.pl\/opswat\/technologien\/?lang=de\">e<\/a> DVDs, cart\u00f5es de mem\u00f3ria flash, etc&#8230; O Kiosk pode analisar todos os suportes f\u00edsicos port\u00e1teis, isolando-os assim da rede antes de serem utilizados. Quando o utilizador insere o suporte, o Metadefender Kiosk analisa-o em busca de malware e vulnerabilidades de seguran\u00e7a.<br>Se n\u00e3o forem encontradas amea\u00e7as, os dados s\u00e3o transferidos atrav\u00e9s de um d\u00edodo para uma rede segura, onde s\u00e3o temporariamente armazenados no servidor SFT\/Vault. Os utilizadores podem aceder aos dados iniciando sess\u00e3o no servidor.<br>O Kiosk tamb\u00e9m oferece um sistema completo de autentica\u00e7\u00e3o e registo.   O Metadefender Kiosk pode ser implementado em ambientes de rede ligados \u00e0 Internet ou offline (incluindo redes isoladas). O OPSWAT oferece v\u00e1rios m\u00e9todos para fornecer actualiza\u00e7\u00f5es de assinaturas anti-malware offline para o servidor Metadefender. Para al\u00e9m disso, est\u00e3o dispon\u00edveis v\u00e1rias op\u00e7\u00f5es de hardware Metadefender Kiosk.<\/p>\t\t\t\t\t\t\t\t<\/div>\n\t\t\t\t<\/div>\n\t\t\t\t\t<\/div>\n\t\t\t\t<\/div>\n\t\t\t\t\t<\/div>\n\t\t\t\t<\/div>\n\t\t<div class=\"elementor-element elementor-element-2eaf699c e-flex e-con-boxed e-con e-parent\" data-id=\"2eaf699c\" data-element_type=\"container\" data-e-type=\"container\" data-settings=\"{&quot;background_background&quot;:&quot;classic&quot;,&quot;_ha_eqh_enable&quot;:false}\">\n\t\t\t\t\t<div class=\"e-con-inner\">\n\t\t<div class=\"elementor-element elementor-element-63b9b765 e-con-full e-flex elementor-invisible e-con e-child\" data-id=\"63b9b765\" data-element_type=\"container\" data-e-type=\"container\" data-settings=\"{&quot;animation&quot;:&quot;fadeInLeft&quot;,&quot;_ha_eqh_enable&quot;:false}\">\n\t\t\t\t<div class=\"elementor-element elementor-element-25e6197d elementor-widget elementor-widget-heading\" data-id=\"25e6197d\" data-element_type=\"widget\" data-e-type=\"widget\" data-widget_type=\"heading.default\">\n\t\t\t\t<div class=\"elementor-widget-container\">\n\t\t\t\t\t<h2 class=\"elementor-heading-title elementor-size-default\">cofre do metadefender<\/h2>\t\t\t\t<\/div>\n\t\t\t\t<\/div>\n\t\t\t\t<div class=\"elementor-element elementor-element-6c0c9159 elementor-widget elementor-widget-text-editor\" data-id=\"6c0c9159\" data-element_type=\"widget\" data-e-type=\"widget\" data-widget_type=\"text-editor.default\">\n\t\t\t\t<div class=\"elementor-widget-container\">\n\t\t\t\t\t\t\t\t\t<p>O MetaDefender Vault \u00e9 um armazenamento de rede protegido que pode residir em qualquer lugar da rede e pode ser usado com o MetaDefender Kiosk para armazenar ficheiros armazenados. A tecnologia permite a transfer\u00eancia de ficheiros seguros para c\u00e2maras de rede isoladas sem necessidade de deslocar suportes port\u00e1teis para as instala\u00e7\u00f5es. Os visitantes e utilizadores podem aceder a todos os ficheiros certificados e verificados a partir do MetaDefender Vault, deixando todas as unidades USB no per\u00edmetro. Os pontos de controlo em redes isoladas podem ser estrategicamente criados para proporcionar visibilidade, auditar e impedir o malware quando necess\u00e1rio.<\/p>\t\t\t\t\t\t\t\t<\/div>\n\t\t\t\t<\/div>\n\t\t\t\t<\/div>\n\t\t<div class=\"elementor-element elementor-element-361eb5a9 e-con-full e-flex e-con e-child\" data-id=\"361eb5a9\" data-element_type=\"container\" data-e-type=\"container\" data-settings=\"{&quot;_ha_eqh_enable&quot;:false}\">\n\t\t<div class=\"elementor-element elementor-element-5a7428af e-con-full e-flex elementor-invisible e-con e-child\" data-id=\"5a7428af\" data-element_type=\"container\" data-e-type=\"container\" data-settings=\"{&quot;background_background&quot;:&quot;gradient&quot;,&quot;animation&quot;:&quot;fadeInUp&quot;,&quot;_ha_eqh_enable&quot;:false}\">\n\t\t\t\t<div class=\"elementor-element elementor-element-08e9083 elementor-widget elementor-widget-image\" data-id=\"08e9083\" data-element_type=\"widget\" data-e-type=\"widget\" data-widget_type=\"image.default\">\n\t\t\t\t<div class=\"elementor-widget-container\">\n\t\t\t\t\t\t\t\t\t\t\t\t\t\t\t<img fetchpriority=\"high\" decoding=\"async\" width=\"495\" height=\"1024\" src=\"https:\/\/ramsdata.com.pl\/wp-content\/uploads\/2024\/03\/K3000-495x1024.webp\" class=\"attachment-large size-large wp-image-14478\" alt=\"\" srcset=\"https:\/\/ramsdata.com.pl\/wp-content\/uploads\/2024\/03\/K3000-495x1024.webp 495w, https:\/\/ramsdata.com.pl\/wp-content\/uploads\/2024\/03\/K3000-145x300.webp 145w, https:\/\/ramsdata.com.pl\/wp-content\/uploads\/2024\/03\/K3000-768x1589.webp 768w, https:\/\/ramsdata.com.pl\/wp-content\/uploads\/2024\/03\/K3000-743x1536.webp 743w, https:\/\/ramsdata.com.pl\/wp-content\/uploads\/2024\/03\/K3000-990x2048.webp 990w, https:\/\/ramsdata.com.pl\/wp-content\/uploads\/2024\/03\/K3000.webp 1049w\" sizes=\"(max-width: 495px) 100vw, 495px\" \/>\t\t\t\t\t\t\t\t\t\t\t\t\t\t\t<\/div>\n\t\t\t\t<\/div>\n\t\t\t\t<\/div>\n\t\t\t\t<\/div>\n\t\t\t\t\t<\/div>\n\t\t\t\t<\/div>\n\t\t<div class=\"elementor-element elementor-element-9a3073c e-flex e-con-boxed e-con e-parent\" data-id=\"9a3073c\" data-element_type=\"container\" data-e-type=\"container\" data-settings=\"{&quot;background_background&quot;:&quot;classic&quot;,&quot;_ha_eqh_enable&quot;:false}\">\n\t\t\t\t\t<div class=\"e-con-inner\">\n\t\t<div class=\"elementor-element elementor-element-d891369 e-con-full e-flex e-con e-child\" data-id=\"d891369\" data-element_type=\"container\" data-e-type=\"container\" data-settings=\"{&quot;_ha_eqh_enable&quot;:false}\">\n\t\t\t\t<div class=\"elementor-element elementor-element-b4303de elementor-widget elementor-widget-image\" data-id=\"b4303de\" data-element_type=\"widget\" data-e-type=\"widget\" data-widget_type=\"image.default\">\n\t\t\t\t<div class=\"elementor-widget-container\">\n\t\t\t\t\t\t\t\t\t\t\t\t\t\t\t<img decoding=\"async\" width=\"768\" height=\"608\" src=\"https:\/\/ramsdata.com.pl\/wp-content\/uploads\/2024\/03\/vault_screenshot_02-768x608.png-1.webp\" class=\"attachment-large size-large wp-image-14488\" alt=\"\" srcset=\"https:\/\/ramsdata.com.pl\/wp-content\/uploads\/2024\/03\/vault_screenshot_02-768x608.png-1.webp 768w, https:\/\/ramsdata.com.pl\/wp-content\/uploads\/2024\/03\/vault_screenshot_02-768x608.png-1-300x238.webp 300w\" sizes=\"(max-width: 768px) 100vw, 768px\" \/>\t\t\t\t\t\t\t\t\t\t\t\t\t\t\t<\/div>\n\t\t\t\t<\/div>\n\t\t\t\t<\/div>\n\t\t<div class=\"elementor-element elementor-element-934e8ee e-con-full e-flex elementor-invisible e-con e-child\" data-id=\"934e8ee\" data-element_type=\"container\" data-e-type=\"container\" data-settings=\"{&quot;animation&quot;:&quot;fadeInLeft&quot;,&quot;_ha_eqh_enable&quot;:false}\">\n\t\t\t\t<div class=\"elementor-element elementor-element-2f44b44 elementor-widget elementor-widget-heading\" data-id=\"2f44b44\" data-element_type=\"widget\" data-e-type=\"widget\" data-widget_type=\"heading.default\">\n\t\t\t\t<div class=\"elementor-widget-container\">\n\t\t\t\t\t<h2 class=\"elementor-heading-title elementor-size-default\">cofre do metadefender\n<\/h2>\t\t\t\t<\/div>\n\t\t\t\t<\/div>\n\t\t\t\t<div class=\"elementor-element elementor-element-b8da4a0 elementor-widget elementor-widget-text-editor\" data-id=\"b8da4a0\" data-element_type=\"widget\" data-e-type=\"widget\" data-widget_type=\"text-editor.default\">\n\t\t\t\t<div class=\"elementor-widget-container\">\n\t\t\t\t\t\t\t\t\t<p>O MetaDefender Vault \u00e9 um armazenamento de rede protegido que pode residir em qualquer lugar da rede e pode ser usado com o MetaDefender Kiosk para armazenar ficheiros armazenados. A tecnologia permite a transfer\u00eancia de ficheiros seguros para c\u00e2maras de rede isoladas sem necessidade de deslocar suportes port\u00e1teis para as instala\u00e7\u00f5es. Os visitantes e utilizadores podem aceder a todos os ficheiros certificados e verificados a partir do MetaDefender Vault, deixando todas as unidades USB no per\u00edmetro. Os pontos de controlo em redes isoladas podem ser estrategicamente criados para proporcionar visibilidade, auditar e impedir o malware quando necess\u00e1rio.<\/p>\t\t\t\t\t\t\t\t<\/div>\n\t\t\t\t<\/div>\n\t\t\t\t<div class=\"elementor-element elementor-element-77ad0a9 elementor-widget elementor-widget-image\" data-id=\"77ad0a9\" data-element_type=\"widget\" data-e-type=\"widget\" data-widget_type=\"image.default\">\n\t\t\t\t<div class=\"elementor-widget-container\">\n\t\t\t\t\t\t\t\t\t\t\t\t\t\t\t<img loading=\"lazy\" decoding=\"async\" width=\"800\" height=\"291\" src=\"https:\/\/ramsdata.com.pl\/wp-content\/uploads\/2024\/03\/img-1.png.webp\" class=\"attachment-large size-large wp-image-14493\" alt=\"\" srcset=\"https:\/\/ramsdata.com.pl\/wp-content\/uploads\/2024\/03\/img-1.png.webp 845w, https:\/\/ramsdata.com.pl\/wp-content\/uploads\/2024\/03\/img-1.png-300x109.webp 300w, https:\/\/ramsdata.com.pl\/wp-content\/uploads\/2024\/03\/img-1.png-768x279.webp 768w\" sizes=\"(max-width: 800px) 100vw, 800px\" \/>\t\t\t\t\t\t\t\t\t\t\t\t\t\t\t<\/div>\n\t\t\t\t<\/div>\n\t\t\t\t<\/div>\n\t\t\t\t\t<\/div>\n\t\t\t\t<\/div>\n\t\t\t\t<\/div>\n\t\t","protected":false},"excerpt":{"rendered":"<p>REDES ISOLADAS E SUPORTE PARA DISPOSITIVOS M\u00d3VEIS As redes cr\u00edticas constituem um desafio especial para os profissionais da seguran\u00e7a, porque est\u00e3o isoladas e n\u00e3o t\u00eam acesso \u00e0 Internet, pelo que s\u00e3o vulner\u00e1veis a ataques de meios de comunica\u00e7\u00e3o m\u00f3veis e de tecnologias semelhantes de transfer\u00eancia de ficheiros. O OPSWAT oferece um processo seguro, de ponta [&hellip;]<\/p>\n","protected":false},"author":1,"featured_media":0,"parent":15662,"menu_order":0,"comment_status":"closed","ping_status":"closed","template":"","meta":{"_acf_changed":false,"om_disable_all_campaigns":false,"_monsterinsights_skip_tracking":false,"_monsterinsights_sitenote_active":false,"_monsterinsights_sitenote_note":"","_monsterinsights_sitenote_category":0,"_uf_show_specific_survey":0,"_uf_disable_surveys":false,"footnotes":""},"class_list":["post-15664","page","type-page","status-publish","hentry"],"acf":[],"aioseo_notices":[],"_links":{"self":[{"href":"https:\/\/ramsdata.com.pl\/pt-pt\/wp-json\/wp\/v2\/pages\/15664","targetHints":{"allow":["GET"]}}],"collection":[{"href":"https:\/\/ramsdata.com.pl\/pt-pt\/wp-json\/wp\/v2\/pages"}],"about":[{"href":"https:\/\/ramsdata.com.pl\/pt-pt\/wp-json\/wp\/v2\/types\/page"}],"author":[{"embeddable":true,"href":"https:\/\/ramsdata.com.pl\/pt-pt\/wp-json\/wp\/v2\/users\/1"}],"replies":[{"embeddable":true,"href":"https:\/\/ramsdata.com.pl\/pt-pt\/wp-json\/wp\/v2\/comments?post=15664"}],"version-history":[{"count":5,"href":"https:\/\/ramsdata.com.pl\/pt-pt\/wp-json\/wp\/v2\/pages\/15664\/revisions"}],"predecessor-version":[{"id":38935,"href":"https:\/\/ramsdata.com.pl\/pt-pt\/wp-json\/wp\/v2\/pages\/15664\/revisions\/38935"}],"up":[{"embeddable":true,"href":"https:\/\/ramsdata.com.pl\/pt-pt\/wp-json\/wp\/v2\/pages\/15662"}],"wp:attachment":[{"href":"https:\/\/ramsdata.com.pl\/pt-pt\/wp-json\/wp\/v2\/media?parent=15664"}],"curies":[{"name":"wp","href":"https:\/\/api.w.org\/{rel}","templated":true}]}}