{"id":15662,"date":"2024-03-04T07:35:21","date_gmt":"2024-03-04T07:35:21","guid":{"rendered":"https:\/\/ramsdata.com.pl\/oferta\/tecnologias\/"},"modified":"2025-09-01T19:31:47","modified_gmt":"2025-09-01T19:31:47","slug":"tecnologias","status":"publish","type":"page","link":"https:\/\/ramsdata.com.pl\/pt-pt\/oferta\/tecnologias\/","title":{"rendered":"Tecnologias"},"content":{"rendered":"\t\t<div data-elementor-type=\"wp-page\" data-elementor-id=\"15662\" class=\"elementor elementor-15662 elementor-11325\" data-elementor-settings=\"{&quot;ha_cmc_init_switcher&quot;:&quot;no&quot;}\" data-elementor-post-type=\"page\">\n\t\t\t\t<div class=\"elementor-element elementor-element-e788dd1 e-flex e-con-boxed e-con e-parent\" data-id=\"e788dd1\" data-element_type=\"container\" data-e-type=\"container\" data-settings=\"{&quot;background_background&quot;:&quot;classic&quot;,&quot;_ha_eqh_enable&quot;:false}\">\n\t\t\t\t\t<div class=\"e-con-inner\">\n\t\t<div class=\"elementor-element elementor-element-8a9a5bf e-con-full e-flex elementor-invisible e-con e-child\" data-id=\"8a9a5bf\" data-element_type=\"container\" data-e-type=\"container\" data-settings=\"{&quot;animation&quot;:&quot;fadeInDown&quot;,&quot;_ha_eqh_enable&quot;:false}\">\n\t\t\t\t<div class=\"elementor-element elementor-element-3ab9d8a elementor-widget elementor-widget-heading\" data-id=\"3ab9d8a\" data-element_type=\"widget\" data-e-type=\"widget\" data-widget_type=\"heading.default\">\n\t\t\t\t<div class=\"elementor-widget-container\">\n\t\t\t\t\t<h2 class=\"elementor-heading-title elementor-size-default\">TECNOLOGIAS<\/h2>\t\t\t\t<\/div>\n\t\t\t\t<\/div>\n\t\t\t\t<\/div>\n\t\t\t\t\t<\/div>\n\t\t\t\t<\/div>\n\t\t<div class=\"elementor-element elementor-element-c870ad5 e-flex e-con-boxed e-con e-parent\" data-id=\"c870ad5\" data-element_type=\"container\" data-e-type=\"container\" data-settings=\"{&quot;_ha_eqh_enable&quot;:false}\">\n\t\t\t\t\t<div class=\"e-con-inner\">\n\t\t<div class=\"elementor-element elementor-element-9aa0ab3 e-con-full e-flex e-con e-child\" data-id=\"9aa0ab3\" data-element_type=\"container\" data-e-type=\"container\" data-settings=\"{&quot;_ha_eqh_enable&quot;:false}\">\n\t\t<div class=\"elementor-element elementor-element-0cbb482 e-flex e-con-boxed e-con e-child\" data-id=\"0cbb482\" data-element_type=\"container\" data-e-type=\"container\" data-settings=\"{&quot;_ha_eqh_enable&quot;:false}\">\n\t\t\t\t\t<div class=\"e-con-inner\">\n\t\t\t\t<div class=\"elementor-element elementor-element-fcc634d elementor-widget elementor-widget-text-editor\" data-id=\"fcc634d\" data-element_type=\"widget\" data-e-type=\"widget\" data-widget_type=\"text-editor.default\">\n\t\t\t\t<div class=\"elementor-widget-container\">\n\t\t\t\t\t\t\t\t\t<p>H\u00e1 mais de 20 anos que <strong data-start=\"1000\" data-end=\"1010\">a Gimmal<\/strong> ajuda as organiza\u00e7\u00f5es a assumir o controlo de um dos seus activos mais valiosos &#8211; a informa\u00e7\u00e3o. A empresa fornece software e m\u00e9todos que permitem a descoberta, a migra\u00e7\u00e3o, a gest\u00e3o e a conformidade de dados sem problemas, ajudando a reduzir o risco de viola\u00e7\u00f5es regulamentares e a aumentar a efici\u00eancia empresarial. As solu\u00e7\u00f5es da Gimmal s\u00e3o concebidas para funcionar com a infraestrutura de TI existente e t\u00eam um impacto m\u00ednimo nos processos quotidianos. Com experi\u00eancia adquirida desde 2002 e parcerias tecnol\u00f3gicas com empresas como a <strong data-start=\"1587\" data-end=\"1600\">Microsoft<\/strong> e <strong data-start=\"1603\" data-end=\"1610\">a SAP<\/strong>, a Gimmal actua como um consultor de confian\u00e7a para ajudar a selecionar a melhor estrat\u00e9gia de gest\u00e3o da informa\u00e7\u00e3o. O objetivo da empresa \u00e9 construir sistemas preparados para o futuro &#8211; permitindo a utiliza\u00e7\u00e3o dos recursos actuais, bem como a migra\u00e7\u00e3o de plataformas desactualizadas para solu\u00e7\u00f5es modernas e flex\u00edveis.    <\/p>\t\t\t\t\t\t\t\t<\/div>\n\t\t\t\t<\/div>\n\t\t\t\t<div class=\"elementor-element elementor-element-bda98c9 elementor-align-center elementor-widget elementor-widget-button\" data-id=\"bda98c9\" data-element_type=\"widget\" data-e-type=\"widget\" data-widget_type=\"button.default\">\n\t\t\t\t<div class=\"elementor-widget-container\">\n\t\t\t\t\t\t\t\t\t<div class=\"elementor-button-wrapper\">\n\t\t\t\t\t<a class=\"elementor-button elementor-button-link elementor-size-sm\" href=\"https:\/\/ramsdata.com.pl\/pt-pt\/contacto\/\">\n\t\t\t\t\t\t<span class=\"elementor-button-content-wrapper\">\n\t\t\t\t\t\t\t\t\t<span class=\"elementor-button-text\">Saiba mais<\/span>\n\t\t\t\t\t<\/span>\n\t\t\t\t\t<\/a>\n\t\t\t\t<\/div>\n\t\t\t\t\t\t\t\t<\/div>\n\t\t\t\t<\/div>\n\t\t\t\t\t<\/div>\n\t\t\t\t<\/div>\n\t\t<div class=\"elementor-element elementor-element-60a9484 e-flex e-con-boxed e-con e-child\" data-id=\"60a9484\" data-element_type=\"container\" data-e-type=\"container\" data-settings=\"{&quot;_ha_eqh_enable&quot;:false}\">\n\t\t\t\t\t<div class=\"e-con-inner\">\n\t\t\t\t<div class=\"elementor-element elementor-element-0a1d8ba elementor-widget elementor-widget-image\" data-id=\"0a1d8ba\" data-element_type=\"widget\" data-e-type=\"widget\" data-widget_type=\"image.default\">\n\t\t\t\t<div class=\"elementor-widget-container\">\n\t\t\t\t\t\t\t\t\t\t\t\t\t\t\t<img fetchpriority=\"high\" decoding=\"async\" width=\"1100\" height=\"800\" src=\"https:\/\/ramsdata.com.pl\/wp-content\/uploads\/2025\/08\/floweb-4.png\" class=\"attachment-full size-full wp-image-39507\" alt=\"\" srcset=\"https:\/\/ramsdata.com.pl\/wp-content\/uploads\/2025\/08\/floweb-4.png 1100w, https:\/\/ramsdata.com.pl\/wp-content\/uploads\/2025\/08\/floweb-4-300x218.png 300w, https:\/\/ramsdata.com.pl\/wp-content\/uploads\/2025\/08\/floweb-4-1024x745.png 1024w, https:\/\/ramsdata.com.pl\/wp-content\/uploads\/2025\/08\/floweb-4-768x559.png 768w\" sizes=\"(max-width: 1100px) 100vw, 1100px\" \/>\t\t\t\t\t\t\t\t\t\t\t\t\t\t\t<\/div>\n\t\t\t\t<\/div>\n\t\t\t\t\t<\/div>\n\t\t\t\t<\/div>\n\t\t\t\t<\/div>\n\t\t<div class=\"elementor-element elementor-element-6a3051c e-flex e-con-boxed e-con e-child\" data-id=\"6a3051c\" data-element_type=\"container\" data-e-type=\"container\" data-settings=\"{&quot;_ha_eqh_enable&quot;:false}\">\n\t\t\t\t\t<div class=\"e-con-inner\">\n\t\t<div class=\"elementor-element elementor-element-9625086 e-flex e-con-boxed e-con e-child\" data-id=\"9625086\" data-element_type=\"container\" data-e-type=\"container\" data-settings=\"{&quot;_ha_eqh_enable&quot;:false}\">\n\t\t\t\t\t<div class=\"e-con-inner\">\n\t\t\t\t<div class=\"elementor-element elementor-element-613aef3 elementor-widget elementor-widget-image\" data-id=\"613aef3\" data-element_type=\"widget\" data-e-type=\"widget\" data-widget_type=\"image.default\">\n\t\t\t\t<div class=\"elementor-widget-container\">\n\t\t\t\t\t\t\t\t\t\t\t\t\t\t\t<img decoding=\"async\" width=\"374\" height=\"200\" src=\"https:\/\/ramsdata.com.pl\/wp-content\/uploads\/2024\/03\/producenci_paloalto.png-1.webp\" class=\"attachment-full size-full wp-image-14393\" alt=\"\" srcset=\"https:\/\/ramsdata.com.pl\/wp-content\/uploads\/2024\/03\/producenci_paloalto.png-1.webp 374w, https:\/\/ramsdata.com.pl\/wp-content\/uploads\/2024\/03\/producenci_paloalto.png-1-300x160.webp 300w\" sizes=\"(max-width: 374px) 100vw, 374px\" \/>\t\t\t\t\t\t\t\t\t\t\t\t\t\t\t<\/div>\n\t\t\t\t<\/div>\n\t\t\t\t\t<\/div>\n\t\t\t\t<\/div>\n\t\t<div class=\"elementor-element elementor-element-7bce5d1 e-flex e-con-boxed e-con e-child\" data-id=\"7bce5d1\" data-element_type=\"container\" data-e-type=\"container\" data-settings=\"{&quot;_ha_eqh_enable&quot;:false}\">\n\t\t\t\t\t<div class=\"e-con-inner\">\n\t\t\t\t<div class=\"elementor-element elementor-element-5c01751 elementor-widget elementor-widget-text-editor\" data-id=\"5c01751\" data-element_type=\"widget\" data-e-type=\"widget\" data-widget_type=\"text-editor.default\">\n\t\t\t\t<div class=\"elementor-widget-container\">\n\t\t\t\t\t\t\t\t\t<p>Impedir a transmiss\u00e3o de ficheiros maliciosos para aplica\u00e7\u00f5es Web que contornam as caixas de areia e as solu\u00e7\u00f5es \u00fanicas de dete\u00e7\u00e3o de malware.<\/p><p>Desarme e Reconstru\u00e7\u00e3o Profunda de Conte\u00fado (Deep CDR): Desarme mais de 90 tipos de ficheiros populares e reconstrua cada ficheiro, proporcionando total usabilidade com conte\u00fado seguro.<\/p><p>Analise com mais de 20 mecanismos de prote\u00e7\u00e3o contra malware que utilizam assinaturas, heur\u00edstica e tecnologia de aprendizagem autom\u00e1tica para detetar amea\u00e7as conhecidas e desconhecidas o mais cedo e eficientemente poss\u00edvel.<\/p>\t\t\t\t\t\t\t\t<\/div>\n\t\t\t\t<\/div>\n\t\t\t\t<div class=\"elementor-element elementor-element-b6a6903 elementor-align-center elementor-widget elementor-widget-button\" data-id=\"b6a6903\" data-element_type=\"widget\" data-e-type=\"widget\" data-widget_type=\"button.default\">\n\t\t\t\t<div class=\"elementor-widget-container\">\n\t\t\t\t\t\t\t\t\t<div class=\"elementor-button-wrapper\">\n\t\t\t\t\t<a class=\"elementor-button elementor-button-link elementor-size-sm\" href=\"https:\/\/ramsdata.com.pl\/pt-pt\/contacto\/\">\n\t\t\t\t\t\t<span class=\"elementor-button-content-wrapper\">\n\t\t\t\t\t\t\t\t\t<span class=\"elementor-button-text\">Saiba mais<\/span>\n\t\t\t\t\t<\/span>\n\t\t\t\t\t<\/a>\n\t\t\t\t<\/div>\n\t\t\t\t\t\t\t\t<\/div>\n\t\t\t\t<\/div>\n\t\t\t\t\t<\/div>\n\t\t\t\t<\/div>\n\t\t\t\t\t<\/div>\n\t\t\t\t<\/div>\n\t\t<div class=\"elementor-element elementor-element-f4b05c3 e-flex e-con-boxed e-con e-child\" data-id=\"f4b05c3\" data-element_type=\"container\" data-e-type=\"container\" data-settings=\"{&quot;_ha_eqh_enable&quot;:false}\">\n\t\t\t\t\t<div class=\"e-con-inner\">\n\t\t<div class=\"elementor-element elementor-element-6d8b085 e-flex e-con-boxed e-con e-child\" data-id=\"6d8b085\" data-element_type=\"container\" data-e-type=\"container\" data-settings=\"{&quot;_ha_eqh_enable&quot;:false}\">\n\t\t\t\t\t<div class=\"e-con-inner\">\n\t\t\t\t<div class=\"elementor-element elementor-element-55ce699 elementor-widget elementor-widget-text-editor\" data-id=\"55ce699\" data-element_type=\"widget\" data-e-type=\"widget\" data-widget_type=\"text-editor.default\">\n\t\t\t\t<div class=\"elementor-widget-container\">\n\t\t\t\t\t\t\t\t\t<p><strong data-start=\"938\" data-end=\"949\">O Checkmk<\/strong> \u00e9 uma solu\u00e7\u00e3o abrangente de monitoriza\u00e7\u00e3o de aplica\u00e7\u00f5es, servidores e redes, criada em colabora\u00e7\u00e3o com os utilizadores e desenvolvida ao longo dos anos para satisfazer as necessidades dos administradores e das equipas DevOps. Combina a facilidade de utiliza\u00e7\u00e3o com o desempenho suficiente para os ambientes de TI mais complexos, permitindo a monitoriza\u00e7\u00e3o completa da infraestrutura h\u00edbrida e uma resolu\u00e7\u00e3o de problemas mais r\u00e1pida para evitar per\u00edodos de inatividade n\u00e3o planeados ou falhas. O software est\u00e1 dispon\u00edvel em v\u00e1rias variantes: <strong data-start=\"1450\" data-end=\"1472\">Checkmk Enterprise<\/strong>, <strong data-start=\"1474\" data-end=\"1526\">Checkmk Enterprise para grupos e servi\u00e7os geridos<\/strong>, <strong data-start=\"1528\" data-end=\"1570\">Checkmk Cloud (auto-hospedado)<\/strong> e <strong data-start=\"1576\" data-end=\"1591\">Checkmk MSP<\/strong>. Cada uma delas pode ser complementada com suporte t\u00e9cnico (Pro ou Advanced), bem como com extens\u00f5es como a <strong data-start=\"1704\" data-end=\"1733\">monitoriza\u00e7\u00e3o sint\u00e9tica<\/strong> (m\u00ednimo de 10 testes por ano expans\u00edvel), <strong data-start=\"1790\" data-end=\"1810\" data-is-only-node=\"\">integra\u00e7\u00e3o virt1<\/strong> (virtual appliance) ou <strong data-start=\"1838\" data-end=\"1846\">ntop<\/strong>. Desta forma, a Checkmk oferece uma abordagem flex\u00edvel e escal\u00e1vel \u00e0 monitoriza\u00e7\u00e3o para se adequar a diferentes modelos de implementa\u00e7\u00e3o e tamanhos de infra-estruturas.    <\/p>\t\t\t\t\t\t\t\t<\/div>\n\t\t\t\t<\/div>\n\t\t\t\t<div class=\"elementor-element elementor-element-7295189 elementor-align-center elementor-widget elementor-widget-button\" data-id=\"7295189\" data-element_type=\"widget\" data-e-type=\"widget\" data-widget_type=\"button.default\">\n\t\t\t\t<div class=\"elementor-widget-container\">\n\t\t\t\t\t\t\t\t\t<div class=\"elementor-button-wrapper\">\n\t\t\t\t\t<a class=\"elementor-button elementor-button-link elementor-size-sm\" href=\"https:\/\/ramsdata.com.pl\/pt-pt\/contacto\/\">\n\t\t\t\t\t\t<span class=\"elementor-button-content-wrapper\">\n\t\t\t\t\t\t\t\t\t<span class=\"elementor-button-text\">Saiba mais<\/span>\n\t\t\t\t\t<\/span>\n\t\t\t\t\t<\/a>\n\t\t\t\t<\/div>\n\t\t\t\t\t\t\t\t<\/div>\n\t\t\t\t<\/div>\n\t\t\t\t\t<\/div>\n\t\t\t\t<\/div>\n\t\t<div class=\"elementor-element elementor-element-573e3ae e-flex e-con-boxed e-con e-child\" data-id=\"573e3ae\" data-element_type=\"container\" data-e-type=\"container\" data-settings=\"{&quot;_ha_eqh_enable&quot;:false}\">\n\t\t\t\t\t<div class=\"e-con-inner\">\n\t\t\t\t<div class=\"elementor-element elementor-element-ea18a79 elementor-widget elementor-widget-image\" data-id=\"ea18a79\" data-element_type=\"widget\" data-e-type=\"widget\" data-widget_type=\"image.default\">\n\t\t\t\t<div class=\"elementor-widget-container\">\n\t\t\t\t\t\t\t\t\t\t\t\t\t\t\t<img decoding=\"async\" width=\"2001\" height=\"1001\" src=\"https:\/\/ramsdata.com.pl\/wp-content\/uploads\/2025\/08\/checkmk_logo.png\" class=\"attachment-full size-full wp-image-39494\" alt=\"\" srcset=\"https:\/\/ramsdata.com.pl\/wp-content\/uploads\/2025\/08\/checkmk_logo.png 2001w, https:\/\/ramsdata.com.pl\/wp-content\/uploads\/2025\/08\/checkmk_logo-300x150.png 300w, https:\/\/ramsdata.com.pl\/wp-content\/uploads\/2025\/08\/checkmk_logo-1024x512.png 1024w, https:\/\/ramsdata.com.pl\/wp-content\/uploads\/2025\/08\/checkmk_logo-768x384.png 768w, https:\/\/ramsdata.com.pl\/wp-content\/uploads\/2025\/08\/checkmk_logo-1536x768.png 1536w\" sizes=\"(max-width: 2001px) 100vw, 2001px\" \/>\t\t\t\t\t\t\t\t\t\t\t\t\t\t\t<\/div>\n\t\t\t\t<\/div>\n\t\t\t\t\t<\/div>\n\t\t\t\t<\/div>\n\t\t\t\t\t<\/div>\n\t\t\t\t<\/div>\n\t\t<div class=\"elementor-element elementor-element-5d592dc e-flex e-con-boxed e-con e-child\" data-id=\"5d592dc\" data-element_type=\"container\" data-e-type=\"container\" data-settings=\"{&quot;_ha_eqh_enable&quot;:false}\">\n\t\t\t\t\t<div class=\"e-con-inner\">\n\t\t<div class=\"elementor-element elementor-element-05e3376 e-flex e-con-boxed e-con e-child\" data-id=\"05e3376\" data-element_type=\"container\" data-e-type=\"container\" data-settings=\"{&quot;_ha_eqh_enable&quot;:false}\">\n\t\t\t\t\t<div class=\"e-con-inner\">\n\t\t\t\t<div class=\"elementor-element elementor-element-24dda6f elementor-widget elementor-widget-image\" data-id=\"24dda6f\" data-element_type=\"widget\" data-e-type=\"widget\" data-widget_type=\"image.default\">\n\t\t\t\t<div class=\"elementor-widget-container\">\n\t\t\t\t\t\t\t\t\t\t\t\t\t\t\t<img loading=\"lazy\" decoding=\"async\" width=\"768\" height=\"139\" src=\"https:\/\/ramsdata.com.pl\/wp-content\/uploads\/2024\/03\/OPSWAT_Logo_CMYKwhite-768x139.png.webp\" class=\"attachment-full size-full wp-image-13023\" alt=\"\" srcset=\"https:\/\/ramsdata.com.pl\/wp-content\/uploads\/2024\/03\/OPSWAT_Logo_CMYKwhite-768x139.png.webp 768w, https:\/\/ramsdata.com.pl\/wp-content\/uploads\/2024\/03\/OPSWAT_Logo_CMYKwhite-768x139.png-300x54.webp 300w\" sizes=\"(max-width: 768px) 100vw, 768px\" \/>\t\t\t\t\t\t\t\t\t\t\t\t\t\t\t<\/div>\n\t\t\t\t<\/div>\n\t\t\t\t\t<\/div>\n\t\t\t\t<\/div>\n\t\t<div class=\"elementor-element elementor-element-f2d641a e-flex e-con-boxed e-con e-child\" data-id=\"f2d641a\" data-element_type=\"container\" data-e-type=\"container\" data-settings=\"{&quot;_ha_eqh_enable&quot;:false}\">\n\t\t\t\t\t<div class=\"e-con-inner\">\n\t\t\t\t<div class=\"elementor-element elementor-element-647d4d6 elementor-widget elementor-widget-text-editor\" data-id=\"647d4d6\" data-element_type=\"widget\" data-e-type=\"widget\" data-widget_type=\"text-editor.default\">\n\t\t\t\t<div class=\"elementor-widget-container\">\n\t\t\t\t\t\t\t\t\t<p>As redes cr\u00edticas constituem um desafio especial para os profissionais da seguran\u00e7a, porque est\u00e3o isoladas e n\u00e3o t\u00eam acesso \u00e0 Internet, pelo que s\u00e3o vulner\u00e1veis a ataques de meios de comunica\u00e7\u00e3o m\u00f3veis e de tecnologias semelhantes de transfer\u00eancia de ficheiros. O OPSWAT oferece um processo seguro, de ponta a ponta, para a transfer\u00eancia de ficheiros de e para redes isoladas. A solu\u00e7\u00e3o \u00e9 amplamente utilizada nas ind\u00fastrias transformadora, energ\u00e9tica, governamental, banc\u00e1ria, farmac\u00eautica e de entretenimento.<\/p><p> <\/p>\t\t\t\t\t\t\t\t<\/div>\n\t\t\t\t<\/div>\n\t\t\t\t<div class=\"elementor-element elementor-element-a0610c6 elementor-align-center elementor-widget elementor-widget-button\" data-id=\"a0610c6\" data-element_type=\"widget\" data-e-type=\"widget\" data-widget_type=\"button.default\">\n\t\t\t\t<div class=\"elementor-widget-container\">\n\t\t\t\t\t\t\t\t\t<div class=\"elementor-button-wrapper\">\n\t\t\t\t\t<a class=\"elementor-button elementor-button-link elementor-size-sm\" href=\"https:\/\/ramsdata.com.pl\/pt-pt\/contacto\/\">\n\t\t\t\t\t\t<span class=\"elementor-button-content-wrapper\">\n\t\t\t\t\t\t\t\t\t<span class=\"elementor-button-text\">Saiba mais<\/span>\n\t\t\t\t\t<\/span>\n\t\t\t\t\t<\/a>\n\t\t\t\t<\/div>\n\t\t\t\t\t\t\t\t<\/div>\n\t\t\t\t<\/div>\n\t\t\t\t\t<\/div>\n\t\t\t\t<\/div>\n\t\t\t\t\t<\/div>\n\t\t\t\t<\/div>\n\t\t<div class=\"elementor-element elementor-element-0b2f439 e-flex e-con-boxed e-con e-child\" data-id=\"0b2f439\" data-element_type=\"container\" data-e-type=\"container\" data-settings=\"{&quot;_ha_eqh_enable&quot;:false}\">\n\t\t\t\t\t<div class=\"e-con-inner\">\n\t\t<div class=\"elementor-element elementor-element-d6a68cf e-flex e-con-boxed e-con e-child\" data-id=\"d6a68cf\" data-element_type=\"container\" data-e-type=\"container\" data-settings=\"{&quot;_ha_eqh_enable&quot;:false}\">\n\t\t\t\t\t<div class=\"e-con-inner\">\n\t\t\t\t<div class=\"elementor-element elementor-element-4ffaa32 elementor-widget elementor-widget-text-editor\" data-id=\"4ffaa32\" data-element_type=\"widget\" data-e-type=\"widget\" data-widget_type=\"text-editor.default\">\n\t\t\t\t<div class=\"elementor-widget-container\">\n\t\t\t\t\t\t\t\t\t<p>As solu\u00e7\u00f5es Certes CryptoFlow s\u00e3o os primeiros produtos do sector a combinar a flexibilidade e o poder das redes virtualizadas com a tecnologia criptogr\u00e1fica mais segura. Com as solu\u00e7\u00f5es Certes CryptoFlow, as empresas e os fornecedores de servi\u00e7os podem criar VPNs de pr\u00f3xima gera\u00e7\u00e3o sem t\u00fanel, multiponto e multicamada que protegem o tr\u00e1fego de qualquer aplica\u00e7\u00e3o em qualquer rede (VPN de pr\u00f3xima gera\u00e7\u00e3o). Os CryptoFlow-VPNs protegem o tr\u00e1fego de dados em ambientes LAN, WAN, Internet, virtuais e de nuvem. O Certes CryptoFlow-VPN pode ser configurado em segundos, gra\u00e7as a uma interface extremamente simples de apontar e clicar para criar pol\u00edticas de seguran\u00e7a.<\/p><p> <\/p>\t\t\t\t\t\t\t\t<\/div>\n\t\t\t\t<\/div>\n\t\t\t\t<div class=\"elementor-element elementor-element-4b8ebba elementor-align-center elementor-widget elementor-widget-button\" data-id=\"4b8ebba\" data-element_type=\"widget\" data-e-type=\"widget\" data-widget_type=\"button.default\">\n\t\t\t\t<div class=\"elementor-widget-container\">\n\t\t\t\t\t\t\t\t\t<div class=\"elementor-button-wrapper\">\n\t\t\t\t\t<a class=\"elementor-button elementor-button-link elementor-size-sm\" href=\"https:\/\/ramsdata.com.pl\/pt-pt\/contacto\/\">\n\t\t\t\t\t\t<span class=\"elementor-button-content-wrapper\">\n\t\t\t\t\t\t\t\t\t<span class=\"elementor-button-text\">Saiba mais<\/span>\n\t\t\t\t\t<\/span>\n\t\t\t\t\t<\/a>\n\t\t\t\t<\/div>\n\t\t\t\t\t\t\t\t<\/div>\n\t\t\t\t<\/div>\n\t\t\t\t\t<\/div>\n\t\t\t\t<\/div>\n\t\t<div class=\"elementor-element elementor-element-e4ebbdc e-flex e-con-boxed e-con e-child\" data-id=\"e4ebbdc\" data-element_type=\"container\" data-e-type=\"container\" data-settings=\"{&quot;_ha_eqh_enable&quot;:false}\">\n\t\t\t\t\t<div class=\"e-con-inner\">\n\t\t\t\t<div class=\"elementor-element elementor-element-b209e23 elementor-widget elementor-widget-image\" data-id=\"b209e23\" data-element_type=\"widget\" data-e-type=\"widget\" data-widget_type=\"image.default\">\n\t\t\t\t<div class=\"elementor-widget-container\">\n\t\t\t\t\t\t\t\t\t\t\t\t\t\t\t<img loading=\"lazy\" decoding=\"async\" width=\"768\" height=\"247\" src=\"https:\/\/ramsdata.com.pl\/wp-content\/uploads\/2024\/03\/certes-networks-logo-768x247.png-1.webp\" class=\"attachment-full size-full wp-image-14443\" alt=\"\" srcset=\"https:\/\/ramsdata.com.pl\/wp-content\/uploads\/2024\/03\/certes-networks-logo-768x247.png-1.webp 768w, https:\/\/ramsdata.com.pl\/wp-content\/uploads\/2024\/03\/certes-networks-logo-768x247.png-1-300x96.webp 300w\" sizes=\"(max-width: 768px) 100vw, 768px\" \/>\t\t\t\t\t\t\t\t\t\t\t\t\t\t\t<\/div>\n\t\t\t\t<\/div>\n\t\t\t\t\t<\/div>\n\t\t\t\t<\/div>\n\t\t\t\t\t<\/div>\n\t\t\t\t<\/div>\n\t\t<div class=\"elementor-element elementor-element-b30175c e-flex e-con-boxed e-con e-child\" data-id=\"b30175c\" data-element_type=\"container\" data-e-type=\"container\" data-settings=\"{&quot;_ha_eqh_enable&quot;:false}\">\n\t\t\t\t\t<div class=\"e-con-inner\">\n\t\t<div class=\"elementor-element elementor-element-9fc8dd3 e-flex e-con-boxed e-con e-child\" data-id=\"9fc8dd3\" data-element_type=\"container\" data-e-type=\"container\" data-settings=\"{&quot;_ha_eqh_enable&quot;:false}\">\n\t\t\t\t\t<div class=\"e-con-inner\">\n\t\t\t\t<div class=\"elementor-element elementor-element-8c1d034 elementor-widget elementor-widget-image\" data-id=\"8c1d034\" data-element_type=\"widget\" data-e-type=\"widget\" data-widget_type=\"image.default\">\n\t\t\t\t<div class=\"elementor-widget-container\">\n\t\t\t\t\t\t\t\t\t\t\t\t\t\t\t<img loading=\"lazy\" decoding=\"async\" width=\"213\" height=\"200\" src=\"https:\/\/ramsdata.com.pl\/wp-content\/uploads\/2024\/03\/producenci_f5.png.webp\" class=\"attachment-full size-full wp-image-14448\" alt=\"\" \/>\t\t\t\t\t\t\t\t\t\t\t\t\t\t\t<\/div>\n\t\t\t\t<\/div>\n\t\t\t\t\t<\/div>\n\t\t\t\t<\/div>\n\t\t<div class=\"elementor-element elementor-element-8de82d3 e-flex e-con-boxed e-con e-child\" data-id=\"8de82d3\" data-element_type=\"container\" data-e-type=\"container\" data-settings=\"{&quot;_ha_eqh_enable&quot;:false}\">\n\t\t\t\t\t<div class=\"e-con-inner\">\n\t\t\t\t<div class=\"elementor-element elementor-element-b969857 elementor-widget elementor-widget-text-editor\" data-id=\"b969857\" data-element_type=\"widget\" data-e-type=\"widget\" data-widget_type=\"text-editor.default\">\n\t\t\t\t<div class=\"elementor-widget-container\">\n\t\t\t\t\t\t\t\t\t<p>As amea\u00e7as mais perigosas para as infra-estruturas de TI est\u00e3o relacionadas com ataques que visam as vulnerabilidades das aplica\u00e7\u00f5es. As medidas de seguran\u00e7a convencionais, como as firewalls e os sistemas de dete\u00e7\u00e3o de intrus\u00f5es, t\u00eam grande dificuldade em detetar este tipo de intrus\u00e3o.<br>O Application Security Manager (ASM) fornece prote\u00e7\u00e3o total para aplica\u00e7\u00f5es Web e servi\u00e7os baseados em XML. A utiliza\u00e7\u00e3o de uma firewall de aplica\u00e7\u00e3o oferece aos clientes grandes benef\u00edcios, incluindo: prote\u00e7\u00e3o contra ataques a aplica\u00e7\u00f5es, conformidade com regulamentos (por exemplo, PCI DSS) e aprova\u00e7\u00e3o em auditorias de seguran\u00e7a sem interferir com o c\u00f3digo da aplica\u00e7\u00e3o.<\/p><p> <\/p>\t\t\t\t\t\t\t\t<\/div>\n\t\t\t\t<\/div>\n\t\t\t\t<div class=\"elementor-element elementor-element-a4149b2 elementor-align-center elementor-widget elementor-widget-button\" data-id=\"a4149b2\" data-element_type=\"widget\" data-e-type=\"widget\" data-widget_type=\"button.default\">\n\t\t\t\t<div class=\"elementor-widget-container\">\n\t\t\t\t\t\t\t\t\t<div class=\"elementor-button-wrapper\">\n\t\t\t\t\t<a class=\"elementor-button elementor-button-link elementor-size-sm\" href=\"https:\/\/ramsdata.com.pl\/pt-pt\/contacto\/\">\n\t\t\t\t\t\t<span class=\"elementor-button-content-wrapper\">\n\t\t\t\t\t\t\t\t\t<span class=\"elementor-button-text\">Saiba mais<\/span>\n\t\t\t\t\t<\/span>\n\t\t\t\t\t<\/a>\n\t\t\t\t<\/div>\n\t\t\t\t\t\t\t\t<\/div>\n\t\t\t\t<\/div>\n\t\t\t\t\t<\/div>\n\t\t\t\t<\/div>\n\t\t\t\t\t<\/div>\n\t\t\t\t<\/div>\n\t\t\t\t\t<\/div>\n\t\t\t\t<\/div>\n\t\t\t\t<\/div>\n\t\t","protected":false},"excerpt":{"rendered":"<p>TECNOLOGIAS H\u00e1 mais de 20 anos que a Gimmal ajuda as organiza\u00e7\u00f5es a assumir o controlo de um dos seus activos mais valiosos &#8211; a informa\u00e7\u00e3o. A empresa fornece software e m\u00e9todos que permitem a descoberta, a migra\u00e7\u00e3o, a gest\u00e3o e a conformidade de dados sem problemas, ajudando a reduzir o risco de viola\u00e7\u00f5es regulamentares [&hellip;]<\/p>\n","protected":false},"author":1,"featured_media":0,"parent":15142,"menu_order":0,"comment_status":"closed","ping_status":"closed","template":"","meta":{"_acf_changed":false,"om_disable_all_campaigns":false,"_monsterinsights_skip_tracking":false,"_monsterinsights_sitenote_active":false,"_monsterinsights_sitenote_note":"","_monsterinsights_sitenote_category":0,"_uf_show_specific_survey":0,"_uf_disable_surveys":false,"footnotes":""},"class_list":["post-15662","page","type-page","status-publish","hentry"],"acf":[],"aioseo_notices":[],"_links":{"self":[{"href":"https:\/\/ramsdata.com.pl\/pt-pt\/wp-json\/wp\/v2\/pages\/15662","targetHints":{"allow":["GET"]}}],"collection":[{"href":"https:\/\/ramsdata.com.pl\/pt-pt\/wp-json\/wp\/v2\/pages"}],"about":[{"href":"https:\/\/ramsdata.com.pl\/pt-pt\/wp-json\/wp\/v2\/types\/page"}],"author":[{"embeddable":true,"href":"https:\/\/ramsdata.com.pl\/pt-pt\/wp-json\/wp\/v2\/users\/1"}],"replies":[{"embeddable":true,"href":"https:\/\/ramsdata.com.pl\/pt-pt\/wp-json\/wp\/v2\/comments?post=15662"}],"version-history":[{"count":6,"href":"https:\/\/ramsdata.com.pl\/pt-pt\/wp-json\/wp\/v2\/pages\/15662\/revisions"}],"predecessor-version":[{"id":39515,"href":"https:\/\/ramsdata.com.pl\/pt-pt\/wp-json\/wp\/v2\/pages\/15662\/revisions\/39515"}],"up":[{"embeddable":true,"href":"https:\/\/ramsdata.com.pl\/pt-pt\/wp-json\/wp\/v2\/pages\/15142"}],"wp:attachment":[{"href":"https:\/\/ramsdata.com.pl\/pt-pt\/wp-json\/wp\/v2\/media?parent=15662"}],"curies":[{"name":"wp","href":"https:\/\/api.w.org\/{rel}","templated":true}]}}