{"id":15431,"date":"2024-03-04T04:35:06","date_gmt":"2024-03-04T04:35:06","guid":{"rendered":"https:\/\/ramsdata.com.pl\/fabricantes\/saltdna\/"},"modified":"2024-03-16T11:58:13","modified_gmt":"2024-03-16T11:58:13","slug":"saltdna","status":"publish","type":"page","link":"https:\/\/ramsdata.com.pl\/pt-pt\/fabricantes\/saltdna\/","title":{"rendered":"Saltdna"},"content":{"rendered":"\t\t<div data-elementor-type=\"wp-page\" data-elementor-id=\"15431\" class=\"elementor elementor-15431 elementor-11096\" data-elementor-settings=\"{&quot;ha_cmc_init_switcher&quot;:&quot;no&quot;}\" data-elementor-post-type=\"page\">\n\t\t\t\t<div class=\"elementor-element elementor-element-9d30c2a e-flex e-con-boxed e-con e-parent\" data-id=\"9d30c2a\" data-element_type=\"container\" data-e-type=\"container\" data-settings=\"{&quot;background_background&quot;:&quot;classic&quot;,&quot;_ha_eqh_enable&quot;:false}\">\n\t\t\t\t\t<div class=\"e-con-inner\">\n\t\t<div class=\"elementor-element elementor-element-1ce83376 e-con-full e-flex elementor-invisible e-con e-child\" data-id=\"1ce83376\" data-element_type=\"container\" data-e-type=\"container\" data-settings=\"{&quot;animation&quot;:&quot;fadeInDown&quot;,&quot;_ha_eqh_enable&quot;:false}\">\n\t\t\t\t<div class=\"elementor-element elementor-element-509703be elementor-widget elementor-widget-heading\" data-id=\"509703be\" data-element_type=\"widget\" data-e-type=\"widget\" data-widget_type=\"heading.default\">\n\t\t\t\t<div class=\"elementor-widget-container\">\n\t\t\t\t\t<h2 class=\"elementor-heading-title elementor-size-default\">SALTDNA\n<\/h2>\t\t\t\t<\/div>\n\t\t\t\t<\/div>\n\t\t\t\t<\/div>\n\t\t\t\t\t<\/div>\n\t\t\t\t<\/div>\n\t\t<div class=\"elementor-element elementor-element-1157e05e e-flex e-con-boxed e-con e-parent\" data-id=\"1157e05e\" data-element_type=\"container\" data-e-type=\"container\" data-settings=\"{&quot;background_background&quot;:&quot;classic&quot;,&quot;_ha_eqh_enable&quot;:false}\">\n\t\t\t\t\t<div class=\"e-con-inner\">\n\t\t<div class=\"elementor-element elementor-element-781aec94 e-con-full e-flex elementor-invisible e-con e-child\" data-id=\"781aec94\" data-element_type=\"container\" data-e-type=\"container\" data-settings=\"{&quot;animation&quot;:&quot;fadeInRight&quot;,&quot;_ha_eqh_enable&quot;:false}\">\n\t\t<div class=\"elementor-element elementor-element-c01f429 e-flex e-con-boxed e-con e-child\" data-id=\"c01f429\" data-element_type=\"container\" data-e-type=\"container\" data-settings=\"{&quot;background_background&quot;:&quot;classic&quot;,&quot;_ha_eqh_enable&quot;:false}\">\n\t\t\t\t\t<div class=\"e-con-inner\">\n\t\t\t\t<div class=\"elementor-element elementor-element-d1df429 elementor-widget elementor-widget-image\" data-id=\"d1df429\" data-element_type=\"widget\" data-e-type=\"widget\" data-widget_type=\"image.default\">\n\t\t\t\t<div class=\"elementor-widget-container\">\n\t\t\t\t\t\t\t\t\t\t\t\t\t\t\t<img fetchpriority=\"high\" decoding=\"async\" width=\"758\" height=\"200\" src=\"https:\/\/ramsdata.com.pl\/wp-content\/uploads\/2024\/03\/producenci_saltdna.png.webp\" class=\"attachment-large size-large wp-image-14098\" alt=\"\" srcset=\"https:\/\/ramsdata.com.pl\/wp-content\/uploads\/2024\/03\/producenci_saltdna.png.webp 758w, https:\/\/ramsdata.com.pl\/wp-content\/uploads\/2024\/03\/producenci_saltdna.png-300x79.webp 300w\" sizes=\"(max-width: 758px) 100vw, 758px\" \/>\t\t\t\t\t\t\t\t\t\t\t\t\t\t\t<\/div>\n\t\t\t\t<\/div>\n\t\t\t\t\t<\/div>\n\t\t\t\t<\/div>\n\t\t\t\t<\/div>\n\t\t<div class=\"elementor-element elementor-element-2842e835 e-con-full e-flex elementor-invisible e-con e-child\" data-id=\"2842e835\" data-element_type=\"container\" data-e-type=\"container\" data-settings=\"{&quot;animation&quot;:&quot;fadeInLeft&quot;,&quot;_ha_eqh_enable&quot;:false}\">\n\t\t\t\t<div class=\"elementor-element elementor-element-7f14ebd3 elementor-widget elementor-widget-text-editor\" data-id=\"7f14ebd3\" data-element_type=\"widget\" data-e-type=\"widget\" data-widget_type=\"text-editor.default\">\n\t\t\t\t<div class=\"elementor-widget-container\">\n\t\t\t\t\t\t\t\t\t<p>A SaltDNA \u00e9 uma empresa de ciberseguran\u00e7a em r\u00e1pido crescimento sediada em Belfast, na Irlanda do Norte. O SaltDNA registou um n\u00edvel de crescimento muito elevado. 2017 foi um ano recorde para a SaltDNA e 2018 viu a SaltDNA crescer novamente, aumentando as vendas, expandindo as opera\u00e7\u00f5es e conquistando clientes em seis continentes. A SaltDNA est\u00e1 novamente no clube &#8220;Cybersecurity 500&#8221; e foi nomeada &#8220;Melhor Pequena Empresa de Tecnologia&#8221; nos Pr\u00e9mios Digital DNA de 2018.<\/p>\n<p>A SaltDNA tamb\u00e9m recebeu o pr\u00e9mio &#8220;Empresa Inovadora do Ano&#8221; nos Pr\u00e9mios BEFTA de 2018, em 2018. O sucesso da SaltDNA foi evidente ao longo de 2018. &#8211; Em particular, a empresa foi reconhecida como o melhor novo operador nos mercados internacionais nos Telegraph Trade Awards, onde foi selecionada para tr\u00eas pr\u00e9mios nacionais de tecnologia.<\/p>\n<p>A SaltDNA est\u00e1 determinada a continuar esta tend\u00eancia ascendente. No primeiro trimestre de 2019, a empresa j\u00e1 concluiu o seu maior projeto comercial e est\u00e1 em vias de atingir um resultado recorde para o ano.<\/p><\/p>\n\t\t\t\t\t\t\t\t<\/div>\n\t\t\t\t<\/div>\n\t\t\t\t<\/div>\n\t\t\t\t\t<\/div>\n\t\t\t\t<\/div>\n\t\t<div class=\"elementor-element elementor-element-1ba0dd41 e-flex e-con-boxed e-con e-parent\" data-id=\"1ba0dd41\" data-element_type=\"container\" data-e-type=\"container\" data-settings=\"{&quot;background_background&quot;:&quot;classic&quot;,&quot;_ha_eqh_enable&quot;:false}\">\n\t\t\t\t\t<div class=\"e-con-inner\">\n\t\t<div class=\"elementor-element elementor-element-6a4afdfa e-con-full e-flex elementor-invisible e-con e-child\" data-id=\"6a4afdfa\" data-element_type=\"container\" data-e-type=\"container\" data-settings=\"{&quot;animation&quot;:&quot;fadeInDown&quot;,&quot;_ha_eqh_enable&quot;:false}\">\n\t\t\t\t<div class=\"elementor-element elementor-element-6dd10a80 elementor-widget elementor-widget-heading\" data-id=\"6dd10a80\" data-element_type=\"widget\" data-e-type=\"widget\" data-widget_type=\"heading.default\">\n\t\t\t\t<div class=\"elementor-widget-container\">\n\t\t\t\t\t<h2 class=\"elementor-heading-title elementor-size-default\">sobre os servi\u00e7os\n<\/h2>\t\t\t\t<\/div>\n\t\t\t\t<\/div>\n\t\t<div class=\"elementor-element elementor-element-79fe485 e-flex e-con-boxed e-con e-child\" data-id=\"79fe485\" data-element_type=\"container\" data-e-type=\"container\" data-settings=\"{&quot;_ha_eqh_enable&quot;:false}\">\n\t\t\t\t\t<div class=\"e-con-inner\">\n\t\t\t\t<div class=\"elementor-element elementor-element-bb21e38 elementor-widget elementor-widget-text-editor\" data-id=\"bb21e38\" data-element_type=\"widget\" data-e-type=\"widget\" data-widget_type=\"text-editor.default\">\n\t\t\t\t<div class=\"elementor-widget-container\">\n\t\t\t\t\t\t\t\t\t<p>A SaltDNA oferece um sistema de comunica\u00e7\u00e3o m\u00f3vel seguro que maximiza a confidencialidade e optimiza a produtividade das empresas com as seguintes caracter\u00edsticas e funcionalidades:<\/p>\n<p>1. responsabilidade e conformidade. Controlo total e centralizado das comunica\u00e7\u00f5es, dando a oportunidade de analisar a responsabilidade pelas ac\u00e7\u00f5es dos funcion\u00e1rios e de cumprir os regulamentos de seguran\u00e7a internos e externos.<\/p>\n<p>2 Colabora\u00e7\u00e3o segura. As chamadas em confer\u00eancia e a fun\u00e7\u00e3o de mensagens de grupo permitem \u00e0s equipas trabalhar em assuntos sens\u00edveis com total seguran\u00e7a e confidencialidade.<\/p>\n<p>3. transmiss\u00e3o segura de \u00e1udio e ficheiros. Acesso imediato e envio de documenta\u00e7\u00e3o e informa\u00e7\u00f5es confidenciais em movimento\/em tempo real.<\/p>\n<p>4. relat\u00f3rios e an\u00e1lises. Capacidade de monitorizar os dados individuais e a qualidade da utiliza\u00e7\u00e3o das comunica\u00e7\u00f5es<\/p>\n<p>5) Chamadas em confer\u00eancia. Fun\u00e7\u00e3o de confer\u00eancia para 15 participantes simult\u00e2neos em qualquer altura. Todas as chamadas VoIP s\u00e3o encriptadas e seguras em qualquer regi\u00e3o. O mais alto n\u00edvel de qualidade de voz.<\/p>\n<p>6 Gest\u00e3o centralizada. A capacidade de fornecer e desativar o servi\u00e7o imediatamente, a partir de qualquer parte do mundo.<\/p>\n<p>7) Grupos de contacto fechados. Os contactos autorizados fazem parte de um grupo fechado na aplica\u00e7\u00e3o SaltDNA e n\u00e3o est\u00e3o ligados aos contactos pessoais do dispositivo.<\/p>\n<p>8 Voz e texto encriptados. Todas as comunica\u00e7\u00f5es em dispositivos m\u00f3veis e computadores s\u00e3o seguras e confidenciais (privadas).<\/p>\n<p>9 Op\u00e7\u00f5es de aplica\u00e7\u00e3o. O sistema est\u00e1 dispon\u00edvel como um servi\u00e7o alojado ou como uma instala\u00e7\u00e3o na infraestrutura de rede local.<\/p>\n<p>10. transmiss\u00e3o \/distribui\u00e7\u00e3o\/propaga\u00e7\u00e3o de mensagens. Envio de alertas em tempo real a grandes grupos de utilizadores na organiza\u00e7\u00e3o. A fun\u00e7\u00e3o permite \u00e0s organiza\u00e7\u00f5es enviar mensagens, partilhar fotografias, documentos e mensagens de alerta, bem como atribuir um n\u00edvel de import\u00e2ncia a um alerta.<\/p>\n<p>Em resumo, a SaltDNA garante a confidencialidade da comunica\u00e7\u00e3o de ponta a ponta (transfer\u00eancia de dados, \u00e1udio, etc&#8230;) (entre utilizadores) utilizando a encripta\u00e7\u00e3o, etc&#8230;. As principais vantagens do sistema incluem. \u00e9 que s\u00f3 o propriet\u00e1rio tem controlo total sobre o sistema e a transfer\u00eancia de dados, ou seja, os dados n\u00e3o s\u00e3o registados nem guardados em lado nenhum (por exemplo, em dispositivos de operadores interm\u00e9dios, etc.). A solu\u00e7\u00e3o \u00e9 ideal para ambientes onde a comunica\u00e7\u00e3o confidencial e a partilha de informa\u00e7\u00f5es entre utilizadores \u00e9 exigida\/necess\u00e1ria.<\/p>\n\t\t\t\t\t\t\t\t<\/div>\n\t\t\t\t<\/div>\n\t\t\t\t\t<\/div>\n\t\t\t\t<\/div>\n\t\t\t\t<\/div>\n\t\t\t\t\t<\/div>\n\t\t\t\t<\/div>\n\t\t<div class=\"elementor-element elementor-element-2b49407 e-flex e-con-boxed e-con e-parent\" data-id=\"2b49407\" data-element_type=\"container\" data-e-type=\"container\" data-settings=\"{&quot;background_background&quot;:&quot;classic&quot;,&quot;_ha_eqh_enable&quot;:false}\">\n\t\t\t\t\t<div class=\"e-con-inner\">\n\t\t<div class=\"elementor-element elementor-element-67af4b2 e-con-full e-flex elementor-invisible e-con e-child\" data-id=\"67af4b2\" data-element_type=\"container\" data-e-type=\"container\" data-settings=\"{&quot;animation&quot;:&quot;fadeInDown&quot;,&quot;_ha_eqh_enable&quot;:false}\">\n\t\t\t\t<div class=\"elementor-element elementor-element-6a12324 elementor-widget elementor-widget-heading\" data-id=\"6a12324\" data-element_type=\"widget\" data-e-type=\"widget\" data-widget_type=\"heading.default\">\n\t\t\t\t<div class=\"elementor-widget-container\">\n\t\t\t\t\t<h2 class=\"elementor-heading-title elementor-size-default\">inova\u00e7\u00e3o da solu\u00e7\u00e3o\n<\/h2>\t\t\t\t<\/div>\n\t\t\t\t<\/div>\n\t\t<div class=\"elementor-element elementor-element-ddcb41a e-flex e-con-boxed e-con e-child\" data-id=\"ddcb41a\" data-element_type=\"container\" data-e-type=\"container\" data-settings=\"{&quot;_ha_eqh_enable&quot;:false}\">\n\t\t\t\t\t<div class=\"e-con-inner\">\n\t\t\t\t<div class=\"elementor-element elementor-element-d324acc elementor-widget elementor-widget-text-editor\" data-id=\"d324acc\" data-element_type=\"widget\" data-e-type=\"widget\" data-widget_type=\"text-editor.default\">\n\t\t\t\t<div class=\"elementor-widget-container\">\n\t\t\t\t\t\t\t\t\t<p>A SaltDNA \u00e9 a primeira empresa a oferecer uma solu\u00e7\u00e3o para a comunica\u00e7\u00e3o encriptada entre dispositivos de utilizadores, proporcionando simultaneamente um controlo centralizado das comunica\u00e7\u00f5es empresariais. A SaltDNA Enterprise \u00e9 a melhor ferramenta do mercado que permite, entre outras coisas prote\u00e7\u00e3o de segredos comerciais, troca confidencial de dados estrat\u00e9gicos, propriet\u00e1rios e sens\u00edveis entre utilizadores &#8211; em qualquer empresa.<br \/>A solu\u00e7\u00e3o SaltDNA oferece flexibilidade de implementa\u00e7\u00e3o e uma estrutura de encripta\u00e7\u00e3o robusta no contexto da facilidade de utiliza\u00e7\u00e3o m\u00f3vel. As fun\u00e7\u00f5es de controlo abrangentes tornam f\u00e1cil o objetivo de refor\u00e7ar o n\u00edvel de seguran\u00e7a da empresa.<\/p>\n<p>A SaltDNA oferece uma gama de op\u00e7\u00f5es de implementa\u00e7\u00e3o (que n\u00e3o s\u00e3o oferecidas pelos concorrentes) para as organiza\u00e7\u00f5es. A solu\u00e7\u00e3o SaltDNA Enterprise est\u00e1 dispon\u00edvel como um servi\u00e7o de nuvem alojado ou como uma instala\u00e7\u00e3o local numa infraestrutura privada. As empresas t\u00eam \u00e0 sua disposi\u00e7\u00e3o op\u00e7\u00f5es flex\u00edveis, no \u00e2mbito das instala\u00e7\u00f5es SaltDNA, em fun\u00e7\u00e3o das suas necessidades.<br \/>Embora a lista de funcionalidades esteja constantemente a ser melhorada, a SaltDNA oferece atualmente muitas funcionalidades frequentemente n\u00e3o dispon\u00edveis no mercado, tais como<\/p>\n<p>Transmiss\u00e3o e arquivo seguros do conte\u00fado de mensagens de texto e chamadas de voz<br \/>2. Transfer\u00eancia de ficheiros\/imagens e fun\u00e7\u00e3o &#8220;gravar&#8221;\/eliminar o hist\u00f3rico de comunica\u00e7\u00f5es, ou seja uma mensagem pode ser apagada de ambos os dispositivos (remetente e destinat\u00e1rio) por qualquer uma das partes, independentemente da sua origem<br \/>3. grupos de utilizadores fechados<br \/>4 Gest\u00e3o e supervis\u00e3o centralizadas e apoio 24 horas por dia, 7 dias por semana.<\/p>\n<p>Em 2018, a SaltDNA desenvolveu uma funcionalidade para o tratamento seguro de anexos de v\u00eddeo e \u00e1udio. Com esta funcionalidade, os utilizadores podem enviar anexos de \u00e1udio e v\u00eddeo de forma segura atrav\u00e9s de mensagem para os seus contactos a partir do seu telem\u00f3vel ou computador. A SaltDNA tamb\u00e9m desenvolveu uma funcionalidade de mensagens seguras que permite aos clientes enviar alertas a grandes grupos de utilizadores da organiza\u00e7\u00e3o em tempo real. A nova fun\u00e7\u00e3o de difus\u00e3o\/mensagem permite \u00e0s organiza\u00e7\u00f5es partilhar imagens e documentos, bem como atribuir um n\u00edvel de import\u00e2ncia aos alertas (diferentes tons de alerta para diferentes n\u00edveis de import\u00e2ncia).<\/p>\n<p>Os planos de expans\u00e3o tamb\u00e9m colocam a SaltDNA \u00e0 frente de concorrentes como a Signal, a Silent Circle e a TigerText. A SaltDNA tem muitas vantagens\/diferen\u00e7as em rela\u00e7\u00e3o aos seus concorrentes, tanto a n\u00edvel t\u00e9cnico como funcional. A maioria dos concorrentes da SaltDNA opera no mercado de consumo, oferecendo comunica\u00e7\u00f5es seguras apenas para uso dos consumidores. A SaltDNA lida exclusivamente com empresas e desenvolve funcionalidades e tecnologias para este mercado. Um dos principais factores de diferencia\u00e7\u00e3o da SaltDNA \u00e9 o facto de a SaltDNA dar \u00e0s organiza\u00e7\u00f5es o controlo sobre quem fala com quem na sua empresa. A SaltDNA fornece um sistema de gest\u00e3o seguro para dar \u00e0s empresas um controlo total sobre as comunica\u00e7\u00f5es e todas as listas de contactos dos funcion\u00e1rios. Ao facilitar a gest\u00e3o da comunica\u00e7\u00e3o, facilita a gest\u00e3o de grupos fechados de utilizadores.<\/p>\n<p>A SaltDNA utiliza bibliotecas criptogr\u00e1ficas abertas e verific\u00e1veis publicamente. Os engenheiros da empresa desenvolveram os mais fortes n\u00edveis de encripta\u00e7\u00e3o e o c\u00f3digo transferido atrav\u00e9s de qualquer infraestrutura de comunica\u00e7\u00e3o em rede foi verificado por um cons\u00f3rcio das melhores mentes criptogr\u00e1ficas do mundo. As bibliotecas e protocolos de c\u00f3digo aberto em que o SaltDNA se baseia incluem as seguintes caracter\u00edsticas de seguran\u00e7a:<\/p>\n<p>a) TLS &#8220;Transport Layer Security&#8221; para liga\u00e7\u00f5es encriptadas<br \/>(b) Mensagens encriptadas utilizando o protocolo seguro Axolotl (troca de chaves utilizando o protocolo Diffie-Hellman e a fun\u00e7\u00e3o de prova de hash (HMAC)). Encripta\u00e7\u00e3o de mensagens OLM &#8211; utilizando troca de chaves ef\u00e9meras.<br \/>(c) Sinaliza\u00e7\u00e3o e configura\u00e7\u00e3o de chamadas de voz atrav\u00e9s de liga\u00e7\u00f5es TLS &#8220;fixas&#8221;. \u00c9 utilizado o Datagram Transport Layer Security (DTLS), que garante a privacidade das comunica\u00e7\u00f5es atrav\u00e9s de um canal de sinaliza\u00e7\u00e3o seguro. O DTLS elimina o risco de: modifica\u00e7\u00e3o, escuta ou falsifica\u00e7\u00e3o de mensagens.<br \/>(d) SRTP &#8211; Protocolo de transporte seguro em tempo real para chamadas de voz ponto a ponto<\/p>\n\t\t\t\t\t\t\t\t<\/div>\n\t\t\t\t<\/div>\n\t\t<div class=\"elementor-element elementor-element-1b33b491 e-con-full e-flex e-con e-child\" data-id=\"1b33b491\" data-element_type=\"container\" data-e-type=\"container\" data-settings=\"{&quot;_ha_eqh_enable&quot;:false}\">\n\t\t<div class=\"elementor-element elementor-element-348f697a e-con-full e-flex elementor-invisible e-con e-child\" data-id=\"348f697a\" data-element_type=\"container\" data-e-type=\"container\" data-settings=\"{&quot;background_background&quot;:&quot;gradient&quot;,&quot;animation&quot;:&quot;fadeInRight&quot;,&quot;_ha_eqh_enable&quot;:false}\">\n\t\t\t\t<div class=\"elementor-element elementor-element-15a38170 elementor-widget elementor-widget-icon-box\" data-id=\"15a38170\" data-element_type=\"widget\" data-e-type=\"widget\" data-widget_type=\"icon-box.default\">\n\t\t\t\t<div class=\"elementor-widget-container\">\n\t\t\t\t\t\t\t<div class=\"elementor-icon-box-wrapper\">\n\n\t\t\t\n\t\t\t\t\t\t<div class=\"elementor-icon-box-content\">\n\n\t\t\t\t\t\t\t\t\t<div class=\"elementor-icon-box-title\">\n\t\t\t\t\t\t<span  >\n\t\t\t\t\t\t\tVerifica\u00e7\u00e3o e visualiza\u00e7\u00e3o de informa\u00e7\u00f5es\t\t\t\t\t\t<\/span>\n\t\t\t\t\t<\/div>\n\t\t\t\t\n\t\t\t\t\t\t\t\t\t<p class=\"elementor-icon-box-description\">\n\t\t\t\t\t\tA empresa necessita de um controlo centralizado rigoroso dos utilizadores, da capacidade de fornecer ou eliminar instantaneamente utilizadores e de capacidades de elabora\u00e7\u00e3o de relat\u00f3rios. Apenas os utilizadores autorizados podem comunicar na rede encriptada segura, reduzindo significativamente o risco de esta ser utilizada para fins maliciosos. E os contactos est\u00e3o fechados, restringidos a utilizadores autorizados na aplica\u00e7\u00e3o, ou seja, n\u00e3o pode comunicar com os contactos do seu dispositivo.\n\n\t\t\t\t\t<\/p>\n\t\t\t\t\n\t\t\t<\/div>\n\t\t\t\n\t\t<\/div>\n\t\t\t\t\t\t<\/div>\n\t\t\t\t<\/div>\n\t\t\t\t<\/div>\n\t\t<div class=\"elementor-element elementor-element-5b3aba3b e-con-full e-flex elementor-invisible e-con e-child\" data-id=\"5b3aba3b\" data-element_type=\"container\" data-e-type=\"container\" data-settings=\"{&quot;background_background&quot;:&quot;gradient&quot;,&quot;animation&quot;:&quot;fadeInRight&quot;,&quot;_ha_eqh_enable&quot;:false}\">\n\t\t\t\t<div class=\"elementor-element elementor-element-4fd3e608 elementor-widget elementor-widget-icon-box\" data-id=\"4fd3e608\" data-element_type=\"widget\" data-e-type=\"widget\" data-widget_type=\"icon-box.default\">\n\t\t\t\t<div class=\"elementor-widget-container\">\n\t\t\t\t\t\t\t<div class=\"elementor-icon-box-wrapper\">\n\n\t\t\t\n\t\t\t\t\t\t<div class=\"elementor-icon-box-content\">\n\n\t\t\t\t\t\t\t\t\t<div class=\"elementor-icon-box-title\">\n\t\t\t\t\t\t<span  >\n\t\t\t\t\t\t\tResponsabilidade e conformidade\t\t\t\t\t\t<\/span>\n\t\t\t\t\t<\/div>\n\t\t\t\t\n\t\t\t\t\t\t\t\t\t<p class=\"elementor-icon-box-description\">\n\t\t\t\t\t\tA solu\u00e7\u00e3o empresarial permite o controlo total dos dados que s\u00e3o armazenados e dos dados que s\u00e3o eliminados. Esta \u00e9 uma das caracter\u00edsticas mais importantes e desej\u00e1veis que n\u00e3o existe nas aplica\u00e7\u00f5es de mensagens gratuitas. Isto \u00e9 crucial para a conformidade das comunica\u00e7\u00f5es em sectores regulamentados, como os cuidados de sa\u00fade, as finan\u00e7as, a aplica\u00e7\u00e3o da lei ou os servi\u00e7os de seguran\u00e7a, em que as comunica\u00e7\u00f5es devem ser seguras e gravadas\/registadas para efeitos de responsabiliza\u00e7\u00e3o no contexto da responsabilidade\n\n\t\t\t\t\t<\/p>\n\t\t\t\t\n\t\t\t<\/div>\n\t\t\t\n\t\t<\/div>\n\t\t\t\t\t\t<\/div>\n\t\t\t\t<\/div>\n\t\t\t\t<\/div>\n\t\t<div class=\"elementor-element elementor-element-446397c9 e-con-full e-flex elementor-invisible e-con e-child\" data-id=\"446397c9\" data-element_type=\"container\" data-e-type=\"container\" data-settings=\"{&quot;background_background&quot;:&quot;gradient&quot;,&quot;animation&quot;:&quot;fadeInRight&quot;,&quot;_ha_eqh_enable&quot;:false}\">\n\t\t\t\t<div class=\"elementor-element elementor-element-1a7f20aa elementor-widget elementor-widget-icon-box\" data-id=\"1a7f20aa\" data-element_type=\"widget\" data-e-type=\"widget\" data-widget_type=\"icon-box.default\">\n\t\t\t\t<div class=\"elementor-widget-container\">\n\t\t\t\t\t\t\t<div class=\"elementor-icon-box-wrapper\">\n\n\t\t\t\n\t\t\t\t\t\t<div class=\"elementor-icon-box-content\">\n\n\t\t\t\t\t\t\t\t\t<div class=\"elementor-icon-box-title\">\n\t\t\t\t\t\t<span  >\n\t\t\t\t\t\t\tFun\u00e7\u00f5es empresariais e flexibilidade de implementa\u00e7\u00e3o\t\t\t\t\t\t<\/span>\n\t\t\t\t\t<\/div>\n\t\t\t\t\n\t\t\t\t\t\t\t\t\t<p class=\"elementor-icon-box-description\">\n\t\t\t\t\t\tAs chamadas em confer\u00eancia e as conversas de grupo seguras, a transfer\u00eancia e o armazenamento seguros de imagens, a qualidade melhorada das chamadas e a integra\u00e7\u00e3o LDAP permitem uma colabora\u00e7\u00e3o segura em toda a empresa e n\u00e3o apenas uma comunica\u00e7\u00e3o individual. Al\u00e9m disso, as empresas pretendem flexibilidade para poderem implementar a sua solu\u00e7\u00e3o como um servi\u00e7o alojado ou poderem instal\u00e1-la na sua pr\u00f3pria infraestrutura, dependendo dos seus requisitos comerciais.\n\n\t\t\t\t\t<\/p>\n\t\t\t\t\n\t\t\t<\/div>\n\t\t\t\n\t\t<\/div>\n\t\t\t\t\t\t<\/div>\n\t\t\t\t<\/div>\n\t\t\t\t<\/div>\n\t\t\t\t<\/div>\n\t\t\t\t\t<\/div>\n\t\t\t\t<\/div>\n\t\t\t\t<\/div>\n\t\t\t\t\t<\/div>\n\t\t\t\t<\/div>\n\t\t\t\t<\/div>\n\t\t","protected":false},"excerpt":{"rendered":"<p>SALTDNA A SaltDNA \u00e9 uma empresa de ciberseguran\u00e7a em r\u00e1pido crescimento sediada em Belfast, na Irlanda do Norte. O SaltDNA registou um n\u00edvel de crescimento muito elevado. 2017 foi um ano recorde para a SaltDNA e 2018 viu a SaltDNA crescer novamente, aumentando as vendas, expandindo as opera\u00e7\u00f5es e conquistando clientes em seis continentes. A [&hellip;]<\/p>\n","protected":false},"author":1,"featured_media":0,"parent":14836,"menu_order":0,"comment_status":"closed","ping_status":"closed","template":"","meta":{"_acf_changed":false,"om_disable_all_campaigns":false,"_monsterinsights_skip_tracking":false,"_monsterinsights_sitenote_active":false,"_monsterinsights_sitenote_note":"","_monsterinsights_sitenote_category":0,"_uf_show_specific_survey":0,"_uf_disable_surveys":false,"footnotes":""},"class_list":["post-15431","page","type-page","status-publish","hentry"],"acf":[],"aioseo_notices":[],"_links":{"self":[{"href":"https:\/\/ramsdata.com.pl\/pt-pt\/wp-json\/wp\/v2\/pages\/15431","targetHints":{"allow":["GET"]}}],"collection":[{"href":"https:\/\/ramsdata.com.pl\/pt-pt\/wp-json\/wp\/v2\/pages"}],"about":[{"href":"https:\/\/ramsdata.com.pl\/pt-pt\/wp-json\/wp\/v2\/types\/page"}],"author":[{"embeddable":true,"href":"https:\/\/ramsdata.com.pl\/pt-pt\/wp-json\/wp\/v2\/users\/1"}],"replies":[{"embeddable":true,"href":"https:\/\/ramsdata.com.pl\/pt-pt\/wp-json\/wp\/v2\/comments?post=15431"}],"version-history":[{"count":3,"href":"https:\/\/ramsdata.com.pl\/pt-pt\/wp-json\/wp\/v2\/pages\/15431\/revisions"}],"predecessor-version":[{"id":15554,"href":"https:\/\/ramsdata.com.pl\/pt-pt\/wp-json\/wp\/v2\/pages\/15431\/revisions\/15554"}],"up":[{"embeddable":true,"href":"https:\/\/ramsdata.com.pl\/pt-pt\/wp-json\/wp\/v2\/pages\/14836"}],"wp:attachment":[{"href":"https:\/\/ramsdata.com.pl\/pt-pt\/wp-json\/wp\/v2\/media?parent=15431"}],"curies":[{"name":"wp","href":"https:\/\/api.w.org\/{rel}","templated":true}]}}