{"id":15139,"date":"2024-03-03T19:16:37","date_gmt":"2024-03-03T19:16:37","guid":{"rendered":"https:\/\/ramsdata.com.pl\/rodo\/"},"modified":"2024-03-16T11:23:28","modified_gmt":"2024-03-16T11:23:28","slug":"rodo","status":"publish","type":"page","link":"https:\/\/ramsdata.com.pl\/pt-pt\/rodo\/","title":{"rendered":"rodo"},"content":{"rendered":"\t\t<div data-elementor-type=\"wp-page\" data-elementor-id=\"15139\" class=\"elementor elementor-15139 elementor-10878\" data-elementor-settings=\"{&quot;ha_cmc_init_switcher&quot;:&quot;no&quot;}\" data-elementor-post-type=\"page\">\n\t\t\t\t<div class=\"elementor-element elementor-element-11ef9e8 e-flex e-con-boxed e-con e-parent\" data-id=\"11ef9e8\" data-element_type=\"container\" data-e-type=\"container\" data-settings=\"{&quot;_ha_eqh_enable&quot;:false}\">\n\t\t\t\t\t<div class=\"e-con-inner\">\n\t\t\t\t<div class=\"elementor-element elementor-element-1cd21ee elementor-widget elementor-widget-text-editor\" data-id=\"1cd21ee\" data-element_type=\"widget\" data-e-type=\"widget\" data-widget_type=\"text-editor.default\">\n\t\t\t\t<div class=\"elementor-widget-container\">\n\t\t\t\t\t\t\t\t\t<div class=\"elementor-element elementor-element-97f3bcf elementor-widget elementor-widget-heading\" data-id=\"97f3bcf\" data-element_type=\"widget\" data-widget_type=\"heading.default\">\n<div class=\"elementor-widget-container\">\n<h1 class=\"elementor-heading-title elementor-size-default\">Pol\u00edtica de privacidade<\/h1>\n<\/div>\n<\/div>\n<div class=\"elementor-element elementor-element-623a805 elementor-widget elementor-widget-text-editor\" data-id=\"623a805\" data-element_type=\"widget\" data-widget_type=\"text-editor.default\">\n<div class=\"elementor-widget-container\">\n<p><strong>1. informa\u00e7\u00f5es gerais.<br \/><\/strong><br \/>O servi\u00e7o desempenha fun\u00e7\u00f5es para obter informa\u00e7\u00f5es sobre os utilizadores e o seu comportamento das seguintes formas:<br \/>\u25e6 Atrav\u00e9s das informa\u00e7\u00f5es introduzidas voluntariamente nos formul\u00e1rios.<br \/>\u25e6 Atrav\u00e9s do armazenamento de cookies (os chamados &#8220;cookies&#8221;) no equipamento terminal.<br \/>\u25e6 Atrav\u00e9s da recolha de registos do servidor Web<\/p>\n<p><strong>2. informa\u00e7\u00f5es nos formul\u00e1rios.<br \/><\/strong><br \/>O servi\u00e7o recolhe informa\u00e7\u00f5es fornecidas voluntariamente pelo utilizador.<br \/>Al\u00e9m disso, o servi\u00e7o pode guardar informa\u00e7\u00f5es sobre os par\u00e2metros de liga\u00e7\u00e3o (carimbo de data\/hora, endere\u00e7o IP)<br \/>Os dados do formul\u00e1rio n\u00e3o s\u00e3o disponibilizados a terceiros a n\u00e3o ser com o consentimento do utilizador.<br \/>Os dados fornecidos no formul\u00e1rio podem constituir um conjunto de potenciais clientes, registados pelo Operador do S\u00edtio Web no registo mantido pelo Inspetor Geral para a Prote\u00e7\u00e3o de Dados Pessoais.<br \/>Os dados fornecidos no formul\u00e1rio s\u00e3o tratados para a finalidade resultante da fun\u00e7\u00e3o do formul\u00e1rio espec\u00edfico, por exemplo, para processar um pedido de servi\u00e7o ou para efetuar um contacto comercial.<br \/>Os dados fornecidos nos formul\u00e1rios podem ser transmitidos a entidades que realizam tecnicamente determinados servi\u00e7os &#8211; em particular, trata-se da transmiss\u00e3o de informa\u00e7\u00f5es sobre o titular do dom\u00ednio registado a entidades que s\u00e3o operadores de dom\u00ednios Internet (sobretudo, a Rede Inform\u00e1tica Cient\u00edfica e Acad\u00e9mica j.b.r &#8211; NASK), servi\u00e7os de gest\u00e3o de pagamentos ou outras entidades com as quais o Operador do S\u00edtio Web coopera neste \u00e2mbito.<\/p>\n<p><strong>3 Informa\u00e7\u00f5es sobre cookies.<\/strong><\/p>\n<p>O s\u00edtio Web utiliza cookies.<br \/>Os cookies (os chamados &#8220;cookies&#8221;) s\u00e3o dados inform\u00e1ticos, em particular ficheiros de texto, que s\u00e3o armazenados no equipamento terminal do Utilizador do Servi\u00e7o e que se destinam a ser utilizados no s\u00edtio Web. Os cookies cont\u00eam normalmente o nome do s\u00edtio Web de onde prov\u00eam, o per\u00edodo de tempo em que s\u00e3o armazenados no dispositivo final e um n\u00famero \u00fanico.<br \/>A entidade que coloca os cookies no equipamento terminal do Utilizador do Servi\u00e7o e que acede aos mesmos \u00e9 o Operador do Servi\u00e7o.<\/p>\n<p><strong>Os cookies s\u00e3o utilizados para os seguintes fins:<\/strong><\/p>\n<p>\u25e6 para criar estat\u00edsticas que nos ajudem a compreender como os Utilizadores do S\u00edtio Web utilizam os S\u00edtios Web, de modo a podermos melhorar a sua estrutura e conte\u00fado;<br \/>\u25e6 manuten\u00e7\u00e3o de uma sess\u00e3o do Utilizador do Servi\u00e7o (ap\u00f3s o in\u00edcio de sess\u00e3o), gra\u00e7as \u00e0 qual o Utilizador n\u00e3o tem de voltar a introduzir o seu nome de utilizador e palavra-passe em cada subp\u00e1gina do Servi\u00e7o;<br \/>\u25e6 defini\u00e7\u00e3o do perfil do utilizador, a fim de lhe apresentar material personalizado em redes de publicidade, em especial a rede Google.<\/p>\n<p>O s\u00edtio Web utiliza dois tipos principais de cookies: &#8220;cookies de sess\u00e3o&#8221; e &#8220;cookies permanentes&#8221; (cookies persistentes). Os cookies de &#8220;sess\u00e3o&#8221; s\u00e3o ficheiros tempor\u00e1rios que s\u00e3o armazenados no equipamento terminal do Utilizador at\u00e9 que este termine a sess\u00e3o, abandone o s\u00edtio Web ou desligue o software (navegador Web). Os cookies &#8220;permanentes&#8221; s\u00e3o armazenados no equipamento terminal do Utilizador durante o tempo especificado nos par\u00e2metros dos cookies ou at\u00e9 serem apagados pelo Utilizador.<br \/>O software de navega\u00e7\u00e3o na Web (navegador Web) permite geralmente que os cookies sejam armazenados no dispositivo terminal do Utilizador por defeito. Os utilizadores do Servi\u00e7o podem alterar as suas defini\u00e7\u00f5es a este respeito. O seu navegador Web permite-lhe apagar os cookies. Tamb\u00e9m \u00e9 poss\u00edvel bloquear automaticamente os cookies. Para mais informa\u00e7\u00f5es, consulte a ajuda ou a documenta\u00e7\u00e3o do seu navegador da Internet.<br \/>As restri\u00e7\u00f5es \u00e0 utiliza\u00e7\u00e3o de cookies podem afetar algumas das funcionalidades dispon\u00edveis no s\u00edtio Web.<br \/>Os cookies s\u00e3o colocados no equipamento terminal do Utilizador do Servi\u00e7o e podem tamb\u00e9m ser utilizados por anunciantes e parceiros que cooperam com o Operador do Servi\u00e7o.<br \/>Recomendamos a leitura das pol\u00edticas de privacidade destas empresas para compreender a utiliza\u00e7\u00e3o dos cookies utilizados nas estat\u00edsticas: Pol\u00edtica de privacidade do Google Analytics<br \/>Os cookies podem ser utilizados por redes de publicidade, em particular a rede Google, para apresentar an\u00fancios adaptados \u00e0 forma como o utilizador utiliza o s\u00edtio Web. Para este efeito, podem reter informa\u00e7\u00f5es sobre o percurso de navega\u00e7\u00e3o do utilizador ou o tempo que este permaneceu numa determinada p\u00e1gina.<\/p>\n<p><strong>4. registos do servidor.<\/strong><\/p>\n<p>As informa\u00e7\u00f5es sobre determinados comportamentos dos utilizadores est\u00e3o sujeitas a registo no n\u00edvel do servidor. Estes dados s\u00e3o utilizados exclusivamente para a administra\u00e7\u00e3o do s\u00edtio Web e para garantir que os servi\u00e7os de alojamento fornecidos funcionam da forma mais eficiente poss\u00edvel.<\/p>\n<p><strong>Os recursos visualizados s\u00e3o identificados por URLs. Al\u00e9m disso, o registo pode estar sujeito a:<\/strong><\/p>\n<p>\u25e6 Hora de chegada da consulta,<br \/>\u25e6 Hora de envio da resposta,<br \/>\u25e6 Nome da esta\u00e7\u00e3o cliente &#8211; identifica\u00e7\u00e3o atrav\u00e9s do protocolo HTTP,<br \/>\u25e6 Informa\u00e7\u00f5es sobre os erros que ocorreram durante a execu\u00e7\u00e3o da transa\u00e7\u00e3o HTTP,<br \/>\u25e6 o URL de uma p\u00e1gina previamente visitada pelo utilizador (link de refer\u00eancia), no caso de o s\u00edtio Web ter sido acedido atrav\u00e9s de um link,<br \/>\u25e6 Informa\u00e7\u00e3o do browser do utilizador,<br \/>\u25e6 Informa\u00e7\u00f5es sobre o endere\u00e7o IP.<br \/>Os dados acima referidos n\u00e3o est\u00e3o associados a visitantes espec\u00edficos.<br \/>Os dados acima referidos s\u00e3o utilizados apenas para efeitos de administra\u00e7\u00e3o do servidor.<\/p>\n<p><strong>5 Partilha de dados.<\/strong><\/p>\n<p>Os dados s\u00f3 s\u00e3o partilhados com entidades externas dentro dos limites da lei.<br \/>A informa\u00e7\u00e3o pessoal identific\u00e1vel de um indiv\u00edduo s\u00f3 \u00e9 partilhada com o consentimento desse indiv\u00edduo.<br \/>O Operador pode ter a obriga\u00e7\u00e3o de fornecer informa\u00e7\u00f5es recolhidas pelo Servi\u00e7o a autoridades autorizadas com base em pedidos legais, na medida do solicitado.<\/p>\n<p><strong>6 Gest\u00e3o de cookies &#8211; como dar e retirar o consentimento na pr\u00e1tica?<\/strong><\/p>\n<p>Se n\u00e3o desejar receber cookies, pode alterar as defini\u00e7\u00f5es do seu browser. Note-se que a desativa\u00e7\u00e3o de cookies essenciais para os processos de autentica\u00e7\u00e3o, seguran\u00e7a, manuten\u00e7\u00e3o das prefer\u00eancias do utilizador pode dificultar e, em casos extremos, impossibilitar a utiliza\u00e7\u00e3o dos s\u00edtios Web<\/p>\n<p>Para gerir as suas defini\u00e7\u00f5es de cookies, seleccione o seu navegador\/sistema de Internet na lista abaixo e siga as instru\u00e7\u00f5es:<br \/>\u25e6 Internet Explorer<br \/>\u25e6 Cromo<br \/>\u25e6 Safari<br \/>\u25e6 Firefox<br \/>\u25e6 \u00d3pera<br \/>\u25e6 Android<br \/>\u25e6 Safari (iOS)<br \/>\u25e6 Windows Phone<\/p>\n<\/div>\n<\/div>\n\t\t\t\t\t\t\t\t<\/div>\n\t\t\t\t<\/div>\n\t\t\t\t\t<\/div>\n\t\t\t\t<\/div>\n\t\t\t\t<\/div>\n\t\t","protected":false},"excerpt":{"rendered":"<p>Pol\u00edtica de privacidade 1. informa\u00e7\u00f5es gerais.O servi\u00e7o desempenha fun\u00e7\u00f5es para obter informa\u00e7\u00f5es sobre os utilizadores e o seu comportamento das seguintes formas:\u25e6 Atrav\u00e9s das informa\u00e7\u00f5es introduzidas voluntariamente nos formul\u00e1rios.\u25e6 Atrav\u00e9s do armazenamento de cookies (os chamados &#8220;cookies&#8221;) no equipamento terminal.\u25e6 Atrav\u00e9s da recolha de registos do servidor Web 2. informa\u00e7\u00f5es nos formul\u00e1rios.O servi\u00e7o recolhe informa\u00e7\u00f5es [&hellip;]<\/p>\n","protected":false},"author":1,"featured_media":0,"parent":0,"menu_order":0,"comment_status":"closed","ping_status":"closed","template":"","meta":{"_acf_changed":false,"om_disable_all_campaigns":false,"_monsterinsights_skip_tracking":false,"_monsterinsights_sitenote_active":false,"_monsterinsights_sitenote_note":"","_monsterinsights_sitenote_category":0,"_uf_show_specific_survey":0,"_uf_disable_surveys":false,"footnotes":""},"class_list":["post-15139","page","type-page","status-publish","hentry"],"acf":[],"aioseo_notices":[],"_links":{"self":[{"href":"https:\/\/ramsdata.com.pl\/pt-pt\/wp-json\/wp\/v2\/pages\/15139","targetHints":{"allow":["GET"]}}],"collection":[{"href":"https:\/\/ramsdata.com.pl\/pt-pt\/wp-json\/wp\/v2\/pages"}],"about":[{"href":"https:\/\/ramsdata.com.pl\/pt-pt\/wp-json\/wp\/v2\/types\/page"}],"author":[{"embeddable":true,"href":"https:\/\/ramsdata.com.pl\/pt-pt\/wp-json\/wp\/v2\/users\/1"}],"replies":[{"embeddable":true,"href":"https:\/\/ramsdata.com.pl\/pt-pt\/wp-json\/wp\/v2\/comments?post=15139"}],"version-history":[{"count":1,"href":"https:\/\/ramsdata.com.pl\/pt-pt\/wp-json\/wp\/v2\/pages\/15139\/revisions"}],"predecessor-version":[{"id":15146,"href":"https:\/\/ramsdata.com.pl\/pt-pt\/wp-json\/wp\/v2\/pages\/15139\/revisions\/15146"}],"wp:attachment":[{"href":"https:\/\/ramsdata.com.pl\/pt-pt\/wp-json\/wp\/v2\/media?parent=15139"}],"curies":[{"name":"wp","href":"https:\/\/api.w.org\/{rel}","templated":true}]}}