{"id":14747,"date":"2024-02-27T17:34:39","date_gmt":"2024-02-27T17:34:39","guid":{"rendered":"https:\/\/ramsdata.com.pl\/contacto\/"},"modified":"2024-07-04T16:22:50","modified_gmt":"2024-07-04T16:22:50","slug":"contacto","status":"publish","type":"page","link":"https:\/\/ramsdata.com.pl\/pt-pt\/contacto\/","title":{"rendered":"Contacto"},"content":{"rendered":"\t\t<div data-elementor-type=\"wp-page\" data-elementor-id=\"14747\" class=\"elementor elementor-14747 elementor-7806\" data-elementor-settings=\"{&quot;ha_cmc_init_switcher&quot;:&quot;no&quot;}\" data-elementor-post-type=\"page\">\n\t\t\t\t<div class=\"elementor-element elementor-element-3d52a3eb e-flex e-con-boxed e-con e-parent\" data-id=\"3d52a3eb\" data-element_type=\"container\" data-e-type=\"container\" data-settings=\"{&quot;_ha_eqh_enable&quot;:false}\">\n\t\t\t\t\t<div class=\"e-con-inner\">\n\t\t<div class=\"elementor-element elementor-element-45265bd5 e-con-full e-flex elementor-invisible e-con e-child\" data-id=\"45265bd5\" data-element_type=\"container\" data-e-type=\"container\" data-settings=\"{&quot;background_background&quot;:&quot;classic&quot;,&quot;animation&quot;:&quot;fadeInLeft&quot;,&quot;_ha_eqh_enable&quot;:false}\">\n\t\t\t\t<div class=\"elementor-element elementor-element-22ac40cb elementor-widget elementor-widget-heading\" data-id=\"22ac40cb\" data-element_type=\"widget\" data-e-type=\"widget\" data-widget_type=\"heading.default\">\n\t\t\t\t<div class=\"elementor-widget-container\">\n\t\t\t\t\t<h2 class=\"elementor-heading-title elementor-size-default\">Enviar-nos uma mensagem<\/h2>\t\t\t\t<\/div>\n\t\t\t\t<\/div>\n\t\t\t\t<div class=\"elementor-element elementor-element-7e1c2c81 elementor-widget elementor-widget-text-editor\" data-id=\"7e1c2c81\" data-element_type=\"widget\" data-e-type=\"widget\" data-widget_type=\"text-editor.default\">\n\t\t\t\t<div class=\"elementor-widget-container\">\n\t\t\t\t\t\t\t\t\t<p>Contacte-nos e envie-nos uma mensagem agora!<\/p>\n\t\t\t\t\t\t\t\t<\/div>\n\t\t\t\t<\/div>\n\t\t\t\t<div class=\"elementor-element elementor-element-6625ce55 elementor-button-align-stretch elementor-widget elementor-widget-form\" data-id=\"6625ce55\" data-element_type=\"widget\" data-e-type=\"widget\" data-settings=\"{&quot;step_next_label&quot;:&quot;Seguinte&quot;,&quot;step_previous_label&quot;:&quot;Anterior&quot;,&quot;button_width&quot;:&quot;100&quot;,&quot;step_type&quot;:&quot;number_text&quot;,&quot;step_icon_shape&quot;:&quot;circle&quot;}\" data-widget_type=\"form.default\">\n\t\t\t\t<div class=\"elementor-widget-container\">\n\t\t\t\t\t\t\t<form class=\"elementor-form\" method=\"post\" name=\"Novo formul\u00e1rio\">\n\t\t\t<input type=\"hidden\" name=\"post_id\" value=\"14747\"\/>\n\t\t\t<input type=\"hidden\" name=\"form_id\" value=\"6625ce55\"\/>\n\t\t\t<input type=\"hidden\" name=\"referer_title\" value=\"Contacto - Ramsdata\" \/>\n\n\t\t\t\t\t\t\t<input type=\"hidden\" name=\"queried_id\" value=\"14747\"\/>\n\t\t\t\n\t\t\t<div class=\"elementor-form-fields-wrapper elementor-labels-above\">\n\t\t\t\t\t\t\t\t<div class=\"elementor-field-type-text elementor-field-group elementor-column elementor-field-group-name elementor-col-100\">\n\t\t\t\t\t\t\t\t\t\t\t\t\t<input size=\"1\" type=\"text\" name=\"form_fields[name]\" id=\"form-field-name\" class=\"elementor-field elementor-size-md  elementor-field-textual\" placeholder=\"Nome (obrigat\u00f3rio)\">\n\t\t\t\t\t\t\t\t\t\t\t<\/div>\n\t\t\t\t\t\t\t\t<div class=\"elementor-field-type-email elementor-field-group elementor-column elementor-field-group-field_27c5951 elementor-col-100 elementor-field-required\">\n\t\t\t\t\t\t\t\t\t\t\t\t\t<input size=\"1\" type=\"email\" name=\"form_fields[field_27c5951]\" id=\"form-field-field_27c5951\" class=\"elementor-field elementor-size-md  elementor-field-textual\" placeholder=\"Endere\u00e7o de correio eletr\u00f3nico (obrigat\u00f3rio)\" required=\"required\">\n\t\t\t\t\t\t\t\t\t\t\t<\/div>\n\t\t\t\t\t\t\t\t<div class=\"elementor-field-type-text elementor-field-group elementor-column elementor-field-group-field_0b45e8d elementor-col-100 elementor-field-required\">\n\t\t\t\t\t\t\t\t\t\t\t\t\t<input size=\"1\" type=\"text\" name=\"form_fields[field_0b45e8d]\" id=\"form-field-field_0b45e8d\" class=\"elementor-field elementor-size-md  elementor-field-textual\" placeholder=\"Assunto\" required=\"required\">\n\t\t\t\t\t\t\t\t\t\t\t<\/div>\n\t\t\t\t\t\t\t\t<div class=\"elementor-field-type-upload elementor-field-group elementor-column elementor-field-group-field_f27c33f elementor-col-100\">\n\t\t\t\t\t\t\t<input type=\"file\" name=\"form_fields[field_f27c33f][]\" id=\"form-field-field_f27c33f\" class=\"elementor-field elementor-size-md  elementor-upload-field\" multiple=\"multiple\" data-maxsize=\"500\" data-maxsize-message=\"This file exceeds the maximum allowed size.\">\n\n\t\t\t\t\t\t<\/div>\n\t\t\t\t\t\t\t\t<div class=\"elementor-field-type-textarea elementor-field-group elementor-column elementor-field-group-message elementor-col-100\">\n\t\t\t\t\t<textarea class=\"elementor-field-textual elementor-field  elementor-size-md\" name=\"form_fields[message]\" id=\"form-field-message\" rows=\"4\" placeholder=\"Conte\u00fado da mensagem\"><\/textarea>\t\t\t\t<\/div>\n\t\t\t\t\t\t\t\t<div class=\"elementor-field-type-acceptance elementor-field-group elementor-column elementor-field-group-field_70b8113 elementor-col-100\">\n\t\t\t\t\t\t\t<div class=\"elementor-field-subgroup\">\n\t\t\t<span class=\"elementor-field-option\">\n\t\t\t\t<input type=\"checkbox\" name=\"form_fields[field_70b8113]\" id=\"form-field-field_70b8113\" class=\"elementor-field elementor-size-md  elementor-acceptance-field\">\n\t\t\t\t<label for=\"form-field-field_70b8113\">Aceito enviar uma proposta comercial para<span class=\"dot\">. <\/span>..  <span class=\"excerpt\">Aceito enviar uma oferta comercial para o endere\u00e7o fornecido e declaro que estou autorizado a utiliz\u00e1-lo. Baseado no Art. 13 do Regulamento Geral sobre a Prote\u00e7\u00e3o de Dados de 27 de abril de 2016. (Jornal Oficial da UE L 119 de 04.05.2016) Informo-o de que: O Administrador dos Dados Pessoais fornecidos por si \u00e9 a RAMS DATA SP Z O.O. com sede social em ul. S\u0119czkowa 27e 03-986 Vars\u00f3via, os seus dados pessoais podem ser tratados no \u00e2mbito de: (a) O contrato celebrado para efeitos da sua execu\u00e7\u00e3o, incluindo todos os tipos e canais de contacto estabelecidos na sequ\u00eancia de discuss\u00f5es e disposi\u00e7\u00f5es contratuais. (b) processos de recrutamento em curso e futuros (quando o consentimento \u00e9 dado se exigido pelo Administrador). c) a prepara\u00e7\u00e3o de uma proposta comercial em resposta a um pedido de or\u00e7amento escrito, eletr\u00f3nico ou telef\u00f3nico. Os seus dados pessoais ser\u00e3o partilhados com terceiros para cumprir uma das finalidades de tratamento acima mencionadas (administrador do correio eletr\u00f3nico, administrador do s\u00edtio Web - encripta\u00e7\u00e3o gpg e ssl, respetivamente). Os seus dados pessoais n\u00e3o ser\u00e3o partilhados com um pa\u00eds terceiro fora da UE ou com uma organiza\u00e7\u00e3o internacional. Os seus dados pessoais ser\u00e3o armazenados durante o maior per\u00edodo de tempo poss\u00edvel at\u00e9 que exer\u00e7a o seu direito a ser esquecido ou at\u00e9 ao prazo especificado pela legisla\u00e7\u00e3o aplic\u00e1vel. Tem direito a: (a) acesso aos seus dados, (b) Retificar os seus dados, c) portabilidade dos seus dados, d) apagamento ou limita\u00e7\u00e3o do tratamento dos seus dados, (e) apresentar uma queixa a uma autoridade de controlo se considerar que n\u00e3o exercemos o seu direito. Tem o direito de se opor ao tratamento dos seus dados em qualquer altura, por motivos relacionados com a sua situa\u00e7\u00e3o particular, na medida em que os dados sejam tratados no \u00e2mbito dos interesses leg\u00edtimos do Administrador ou para fins de marketing. O utilizador tem o direito de retirar o seu consentimento em qualquer altura, caso tenha sido dado algum consentimento. O fornecimento de dados pessoais \u00e9 inteiramente volunt\u00e1rio. A RAMS DATA SP Z O.O. n\u00e3o efectua a defini\u00e7\u00e3o de perfis com base nos dados.\n<\/span> <span class=\"excerpt-toggler\"><strong>Leia mais.<\/strong><\/span>\n\n<\/label>\t\t\t<\/span>\n\t\t<\/div>\n\t\t\t\t\t\t<\/div>\n\t\t\t\t\t\t\t\t<div class=\"elementor-field-group elementor-column elementor-field-type-submit elementor-col-100 e-form__buttons\">\n\t\t\t\t\t<button class=\"elementor-button elementor-size-md\" type=\"submit\">\n\t\t\t\t\t\t<span class=\"elementor-button-content-wrapper\">\n\t\t\t\t\t\t\t\t\t\t\t\t\t\t\t<span class=\"elementor-button-icon\">\n\t\t\t\t\t\t\t\t\t<svg aria-hidden=\"true\" class=\"e-font-icon-svg e-far-envelope\" viewBox=\"0 0 512 512\" xmlns=\"http:\/\/www.w3.org\/2000\/svg\"><path d=\"M464 64H48C21.49 64 0 85.49 0 112v288c0 26.51 21.49 48 48 48h416c26.51 0 48-21.49 48-48V112c0-26.51-21.49-48-48-48zm0 48v40.805c-22.422 18.259-58.168 46.651-134.587 106.49-16.841 13.247-50.201 45.072-73.413 44.701-23.208.375-56.579-31.459-73.413-44.701C106.18 199.465 70.425 171.067 48 152.805V112h416zM48 400V214.398c22.914 18.251 55.409 43.862 104.938 82.646 21.857 17.205 60.134 55.186 103.062 54.955 42.717.231 80.509-37.199 103.053-54.947 49.528-38.783 82.032-64.401 104.947-82.653V400H48z\"><\/path><\/svg>\t\t\t\t\t\t\t\t\t\t\t\t\t\t\t\t\t<\/span>\n\t\t\t\t\t\t\t\t\t\t\t\t\t\t\t\t\t\t\t\t\t\t<span class=\"elementor-button-text\">ENVIAR<\/span>\n\t\t\t\t\t\t\t\t\t\t\t\t\t<\/span>\n\t\t\t\t\t<\/button>\n\t\t\t\t<\/div>\n\t\t\t<\/div>\n\t\t<\/form>\n\t\t\t\t\t\t<\/div>\n\t\t\t\t<\/div>\n\t\t\t\t<\/div>\n\t\t<div class=\"elementor-element elementor-element-294d820 e-con-full e-flex elementor-invisible e-con e-child\" data-id=\"294d820\" data-element_type=\"container\" data-e-type=\"container\" data-settings=\"{&quot;animation&quot;:&quot;fadeInRight&quot;,&quot;_ha_eqh_enable&quot;:false}\">\n\t\t\t\t<div class=\"elementor-element elementor-element-4da74219 elementor-widget elementor-widget-heading\" data-id=\"4da74219\" data-element_type=\"widget\" data-e-type=\"widget\" data-widget_type=\"heading.default\">\n\t\t\t\t<div class=\"elementor-widget-container\">\n\t\t\t\t\t<h6 class=\"elementor-heading-title elementor-size-default\">Contactar-nos<\/h6>\t\t\t\t<\/div>\n\t\t\t\t<\/div>\n\t\t\t\t<div class=\"elementor-element elementor-element-5443b23b elementor-widget elementor-widget-text-editor\" data-id=\"5443b23b\" data-element_type=\"widget\" data-e-type=\"widget\" data-widget_type=\"text-editor.default\">\n\t\t\t\t<div class=\"elementor-widget-container\">\n\t\t\t\t\t\t\t\t\t<p>Estamos aqui para responder a todas as suas perguntas e ajud\u00e1-lo a escolher as melhores solu\u00e7\u00f5es de seguran\u00e7a inform\u00e1tica. Contacte-nos para iniciar uma conversa com o nosso especialista e encontrar solu\u00e7\u00f5es \u00e0 medida das suas necessidades<\/p>\n\t\t\t\t\t\t\t\t<\/div>\n\t\t\t\t<\/div>\n\t\t\t\t<div class=\"elementor-element elementor-element-3d41cfed elementor-view-stacked elementor-position-inline-start elementor-mobile-position-inline-start elementor-shape-circle ha-has-bg-overlay elementor-widget elementor-widget-icon-box\" data-id=\"3d41cfed\" data-element_type=\"widget\" data-e-type=\"widget\" data-widget_type=\"icon-box.default\">\n\t\t\t\t<div class=\"elementor-widget-container\">\n\t\t\t\t\t\t\t<div class=\"elementor-icon-box-wrapper\">\n\n\t\t\t\t\t\t<div class=\"elementor-icon-box-icon\">\n\t\t\t\t<a href=\"https:\/\/maps.app.goo.gl\/ipFDmdw87KhNuyRNA\" target=\"_blank\" rel=\"nofollow\" class=\"elementor-icon\" tabindex=\"-1\" aria-label=\"RAMS DATA SP Z O.O.\">\n\t\t\t\t<svg aria-hidden=\"true\" class=\"e-font-icon-svg e-fas-house-user\" viewBox=\"0 0 576 512\" xmlns=\"http:\/\/www.w3.org\/2000\/svg\"><path d=\"M570.69,236.27,512,184.44V48a16,16,0,0,0-16-16H432a16,16,0,0,0-16,16V99.67L314.78,10.3C308.5,4.61,296.53,0,288,0s-20.46,4.61-26.74,10.3l-256,226A18.27,18.27,0,0,0,0,248.2a18.64,18.64,0,0,0,4.09,10.71L25.5,282.7a21.14,21.14,0,0,0,12,5.3,21.67,21.67,0,0,0,10.69-4.11l15.9-14V480a32,32,0,0,0,32,32H480a32,32,0,0,0,32-32V269.88l15.91,14A21.94,21.94,0,0,0,538.63,288a20.89,20.89,0,0,0,11.87-5.31l21.41-23.81A21.64,21.64,0,0,0,576,248.19,21,21,0,0,0,570.69,236.27ZM288,176a64,64,0,1,1-64,64A64,64,0,0,1,288,176ZM400,448H176a16,16,0,0,1-16-16,96,96,0,0,1,96-96h64a96,96,0,0,1,96,96A16,16,0,0,1,400,448Z\"><\/path><\/svg>\t\t\t\t<\/a>\n\t\t\t<\/div>\n\t\t\t\n\t\t\t\t\t\t<div class=\"elementor-icon-box-content\">\n\n\t\t\t\t\t\t\t\t\t<div class=\"elementor-icon-box-title\">\n\t\t\t\t\t\t<a href=\"https:\/\/maps.app.goo.gl\/ipFDmdw87KhNuyRNA\" target=\"_blank\" rel=\"nofollow\" >\n\t\t\t\t\t\t\tRAMS DATA SP Z O.O.\t\t\t\t\t\t<\/a>\n\t\t\t\t\t<\/div>\n\t\t\t\t\n\t\t\t\t\t\t\t\t\t<p class=\"elementor-icon-box-description\">\n\t\t\t\t\t\t<a href=\"https:\/\/maps.app.goo.gl\/HpvCSv63SYQSXnNBA\" target=\"0\">\nul. S\u0119czkowa 27e\n03-986 Vars\u00f3via\n<\/a>\t\t\t\t\t<\/p>\n\t\t\t\t\n\t\t\t<\/div>\n\t\t\t\n\t\t<\/div>\n\t\t\t\t\t\t<\/div>\n\t\t\t\t<\/div>\n\t\t\t\t<div class=\"elementor-element elementor-element-7d8f42d7 elementor-view-stacked elementor-position-inline-start elementor-mobile-position-inline-start elementor-shape-circle ha-has-bg-overlay elementor-widget elementor-widget-icon-box\" data-id=\"7d8f42d7\" data-element_type=\"widget\" data-e-type=\"widget\" data-widget_type=\"icon-box.default\">\n\t\t\t\t<div class=\"elementor-widget-container\">\n\t\t\t\t\t\t\t<div class=\"elementor-icon-box-wrapper\">\n\n\t\t\t\t\t\t<div class=\"elementor-icon-box-icon\">\n\t\t\t\t<a href=\"tel:607871766\" target=\"_blank\" class=\"elementor-icon\" tabindex=\"-1\" aria-label=\"CHAMADA\">\n\t\t\t\t<svg aria-hidden=\"true\" class=\"e-font-icon-svg e-fas-phone-alt\" viewBox=\"0 0 512 512\" xmlns=\"http:\/\/www.w3.org\/2000\/svg\"><path d=\"M497.39 361.8l-112-48a24 24 0 0 0-28 6.9l-49.6 60.6A370.66 370.66 0 0 1 130.6 204.11l60.6-49.6a23.94 23.94 0 0 0 6.9-28l-48-112A24.16 24.16 0 0 0 122.6.61l-104 24A24 24 0 0 0 0 48c0 256.5 207.9 464 464 464a24 24 0 0 0 23.4-18.6l24-104a24.29 24.29 0 0 0-14.01-27.6z\"><\/path><\/svg>\t\t\t\t<\/a>\n\t\t\t<\/div>\n\t\t\t\n\t\t\t\t\t\t<div class=\"elementor-icon-box-content\">\n\n\t\t\t\t\t\t\t\t\t<div class=\"elementor-icon-box-title\">\n\t\t\t\t\t\t<a href=\"tel:607871766\" target=\"_blank\" >\n\t\t\t\t\t\t\tCHAMADA\t\t\t\t\t\t<\/a>\n\t\t\t\t\t<\/div>\n\t\t\t\t\n\t\t\t\t\t\t\t\t\t<p class=\"elementor-icon-box-description\">\n\t\t\t\t\t\t<a href=\"tel:+482060720%2017%066\" target=\"0\">+48 607 87 17 66<\/a>\t\t\t\t\t<\/p>\n\t\t\t\t\n\t\t\t<\/div>\n\t\t\t\n\t\t<\/div>\n\t\t\t\t\t\t<\/div>\n\t\t\t\t<\/div>\n\t\t\t\t<div class=\"elementor-element elementor-element-1cf587d6 elementor-view-stacked elementor-position-inline-start elementor-mobile-position-inline-start elementor-shape-circle ha-has-bg-overlay elementor-widget elementor-widget-icon-box\" data-id=\"1cf587d6\" data-element_type=\"widget\" data-e-type=\"widget\" data-widget_type=\"icon-box.default\">\n\t\t\t\t<div class=\"elementor-widget-container\">\n\t\t\t\t\t\t\t<div class=\"elementor-icon-box-wrapper\">\n\n\t\t\t\t\t\t<div class=\"elementor-icon-box-icon\">\n\t\t\t\t<a href=\"mailto:kontakt@ramsdata.com.pl\" target=\"_blank\" class=\"elementor-icon\" tabindex=\"-1\" aria-label=\"ESCREVA-NOS\">\n\t\t\t\t<svg aria-hidden=\"true\" class=\"e-font-icon-svg e-fas-envelope\" viewBox=\"0 0 512 512\" xmlns=\"http:\/\/www.w3.org\/2000\/svg\"><path d=\"M502.3 190.8c3.9-3.1 9.7-.2 9.7 4.7V400c0 26.5-21.5 48-48 48H48c-26.5 0-48-21.5-48-48V195.6c0-5 5.7-7.8 9.7-4.7 22.4 17.4 52.1 39.5 154.1 113.6 21.1 15.4 56.7 47.8 92.2 47.6 35.7.3 72-32.8 92.3-47.6 102-74.1 131.6-96.3 154-113.7zM256 320c23.2.4 56.6-29.2 73.4-41.4 132.7-96.3 142.8-104.7 173.4-128.7 5.8-4.5 9.2-11.5 9.2-18.9v-19c0-26.5-21.5-48-48-48H48C21.5 64 0 85.5 0 112v19c0 7.4 3.4 14.3 9.2 18.9 30.6 23.9 40.7 32.4 173.4 128.7 16.8 12.2 50.2 41.8 73.4 41.4z\"><\/path><\/svg>\t\t\t\t<\/a>\n\t\t\t<\/div>\n\t\t\t\n\t\t\t\t\t\t<div class=\"elementor-icon-box-content\">\n\n\t\t\t\t\t\t\t\t\t<div class=\"elementor-icon-box-title\">\n\t\t\t\t\t\t<a href=\"mailto:kontakt@ramsdata.com.pl\" target=\"_blank\" >\n\t\t\t\t\t\t\tESCREVA-NOS\t\t\t\t\t\t<\/a>\n\t\t\t\t\t<\/div>\n\t\t\t\t\n\t\t\t\t\t\t\t\t\t<p class=\"elementor-icon-box-description\">\n\t\t\t\t\t\t<a href=\"mailto:kontakt@ramsdata.com.pl\" target=\"0\">kontakt@ramsdata.com.pl<\/a>\n\n\t\t\t\t\t<\/p>\n\t\t\t\t\n\t\t\t<\/div>\n\t\t\t\n\t\t<\/div>\n\t\t\t\t\t\t<\/div>\n\t\t\t\t<\/div>\n\t\t\t\t<\/div>\n\t\t\t\t\t<\/div>\n\t\t\t\t<\/div>\n\t\t<div class=\"elementor-element elementor-element-77dcd0c7 e-con-full e-flex elementor-invisible e-con e-parent\" data-id=\"77dcd0c7\" data-element_type=\"container\" data-e-type=\"container\" data-settings=\"{&quot;animation&quot;:&quot;fadeIn&quot;,&quot;animation_delay&quot;:200,&quot;_ha_eqh_enable&quot;:false}\">\n\t\t\t\t<div class=\"elementor-element elementor-element-380f27fb elementor-widget elementor-widget-google_maps\" data-id=\"380f27fb\" data-element_type=\"widget\" data-e-type=\"widget\" data-widget_type=\"google_maps.default\">\n\t\t\t\t<div class=\"elementor-widget-container\">\n\t\t\t\t\t\t\t<div class=\"elementor-custom-embed\">\n\t\t\t<iframe loading=\"lazy\"\n\t\t\t\t\tsrc=\"https:\/\/maps.google.com\/maps?q=ul.%20S%C4%99czkowa%2027e%2003-986%20Warszawa&#038;t=m&#038;z=12&#038;output=embed&#038;iwloc=near\"\n\t\t\t\t\ttitle=\"ul. S\u0119czkowa 27e 03-986 Warszawa\"\n\t\t\t\t\taria-label=\"ul. S\u0119czkowa 27e 03-986 Warszawa\"\n\t\t\t><\/iframe>\n\t\t<\/div>\n\t\t\t\t\t\t<\/div>\n\t\t\t\t<\/div>\n\t\t\t\t<\/div>\n\t\t\t\t<\/div>\n\t\t","protected":false},"excerpt":{"rendered":"<p>Enviar-nos uma mensagem Contacte-nos e envie-nos uma mensagem agora! Contactar-nos Estamos aqui para responder a todas as suas perguntas e ajud\u00e1-lo a escolher as melhores solu\u00e7\u00f5es de seguran\u00e7a inform\u00e1tica. Contacte-nos para iniciar uma conversa com o nosso especialista e encontrar solu\u00e7\u00f5es \u00e0 medida das suas necessidades RAMS DATA SP Z O.O. ul. S\u0119czkowa 27e 03-986 [&hellip;]<\/p>\n","protected":false},"author":1,"featured_media":0,"parent":0,"menu_order":0,"comment_status":"closed","ping_status":"closed","template":"","meta":{"_acf_changed":false,"om_disable_all_campaigns":false,"_monsterinsights_skip_tracking":false,"_monsterinsights_sitenote_active":false,"_monsterinsights_sitenote_note":"","_monsterinsights_sitenote_category":0,"_uf_show_specific_survey":0,"_uf_disable_surveys":false,"footnotes":""},"class_list":["post-14747","page","type-page","status-publish","hentry"],"acf":[],"aioseo_notices":[],"_links":{"self":[{"href":"https:\/\/ramsdata.com.pl\/pt-pt\/wp-json\/wp\/v2\/pages\/14747","targetHints":{"allow":["GET"]}}],"collection":[{"href":"https:\/\/ramsdata.com.pl\/pt-pt\/wp-json\/wp\/v2\/pages"}],"about":[{"href":"https:\/\/ramsdata.com.pl\/pt-pt\/wp-json\/wp\/v2\/types\/page"}],"author":[{"embeddable":true,"href":"https:\/\/ramsdata.com.pl\/pt-pt\/wp-json\/wp\/v2\/users\/1"}],"replies":[{"embeddable":true,"href":"https:\/\/ramsdata.com.pl\/pt-pt\/wp-json\/wp\/v2\/comments?post=14747"}],"version-history":[{"count":5,"href":"https:\/\/ramsdata.com.pl\/pt-pt\/wp-json\/wp\/v2\/pages\/14747\/revisions"}],"predecessor-version":[{"id":21389,"href":"https:\/\/ramsdata.com.pl\/pt-pt\/wp-json\/wp\/v2\/pages\/14747\/revisions\/21389"}],"wp:attachment":[{"href":"https:\/\/ramsdata.com.pl\/pt-pt\/wp-json\/wp\/v2\/media?parent=14747"}],"curies":[{"name":"wp","href":"https:\/\/api.w.org\/{rel}","templated":true}]}}