{"id":31981,"date":"2024-11-11T21:43:34","date_gmt":"2024-11-11T21:43:34","guid":{"rendered":"https:\/\/ramsdata.com.pl\/clickup\/modeles\/modele-de-marketing\/"},"modified":"2024-11-12T16:51:34","modified_gmt":"2024-11-12T16:51:34","slug":"modele-de-marketing","status":"publish","type":"page","link":"https:\/\/ramsdata.com.pl\/fr\/clickup-2\/modeles\/modele-de-marketing\/","title":{"rendered":"Mod\u00e8le de marketing"},"content":{"rendered":"\t\t<div data-elementor-type=\"wp-page\" data-elementor-id=\"31981\" class=\"elementor elementor-31981 elementor-31978\" data-elementor-settings=\"{&quot;ha_cmc_init_switcher&quot;:&quot;no&quot;}\" data-elementor-post-type=\"page\">\n\t\t\t\t<div class=\"elementor-element elementor-element-45547a6 e-flex e-con-boxed e-con e-parent\" data-id=\"45547a6\" data-element_type=\"container\" data-e-type=\"container\" data-settings=\"{&quot;_ha_eqh_enable&quot;:false}\">\n\t\t\t\t\t<div class=\"e-con-inner\">\n\t\t<div data-ha-element-link=\"{&quot;url&quot;:&quot;https:\\\/\\\/ramsdata.com.pl\\\/clickup\\\/templates\\\/project-management-template\\\/&quot;,&quot;is_external&quot;:&quot;&quot;,&quot;nofollow&quot;:&quot;&quot;}\" style=\"cursor: pointer\" class=\"elementor-element elementor-element-8c25753 e-con-full e-flex elementor-invisible e-con e-child\" data-id=\"8c25753\" data-element_type=\"container\" data-e-type=\"container\" data-settings=\"{&quot;background_background&quot;:&quot;gradient&quot;,&quot;animation&quot;:&quot;fadeInUp&quot;,&quot;animation_delay&quot;:300,&quot;_ha_eqh_enable&quot;:false}\">\n\t\t\t\t<div class=\"elementor-element elementor-element-4e1e6b0 elementor-position-top elementor-widget elementor-widget-image-box\" data-id=\"4e1e6b0\" data-element_type=\"widget\" data-e-type=\"widget\" data-widget_type=\"image-box.default\">\n\t\t\t\t<div class=\"elementor-widget-container\">\n\t\t\t\t\t<div class=\"elementor-image-box-wrapper\"><figure class=\"elementor-image-box-img\"><img fetchpriority=\"high\" decoding=\"async\" width=\"2560\" height=\"922\" src=\"https:\/\/ramsdata.com.pl\/wp-content\/uploads\/2024\/11\/Social-Media-Content-Plan-scaled.jpeg\" class=\"attachment-full size-full wp-image-32256\" alt=\"Social Media Content Plan\" srcset=\"https:\/\/ramsdata.com.pl\/wp-content\/uploads\/2024\/11\/Social-Media-Content-Plan-scaled.jpeg 2560w, https:\/\/ramsdata.com.pl\/wp-content\/uploads\/2024\/11\/Social-Media-Content-Plan-300x108.jpeg 300w, https:\/\/ramsdata.com.pl\/wp-content\/uploads\/2024\/11\/Social-Media-Content-Plan-1024x369.jpeg 1024w, https:\/\/ramsdata.com.pl\/wp-content\/uploads\/2024\/11\/Social-Media-Content-Plan-768x277.jpeg 768w, https:\/\/ramsdata.com.pl\/wp-content\/uploads\/2024\/11\/Social-Media-Content-Plan-1536x553.jpeg 1536w, https:\/\/ramsdata.com.pl\/wp-content\/uploads\/2024\/11\/Social-Media-Content-Plan-2048x738.jpeg 2048w\" sizes=\"(max-width: 2560px) 100vw, 2560px\" \/><\/figure><div class=\"elementor-image-box-content\"><h3 class=\"elementor-image-box-title\">Plan de contenu pour les m\u00e9dias sociaux<\/h3><\/div><\/div>\t\t\t\t<\/div>\n\t\t\t\t<\/div>\n\t\t\t\t<\/div>\n\t\t<div data-ha-element-link=\"{&quot;url&quot;:&quot;https:\\\/\\\/ramsdata.com.pl\\\/clickup\\\/templates\\\/sales-crm-template\\\/&quot;,&quot;is_external&quot;:&quot;&quot;,&quot;nofollow&quot;:&quot;&quot;}\" style=\"cursor: pointer\" class=\"elementor-element elementor-element-eae72a5 e-con-full e-flex elementor-invisible e-con e-child\" data-id=\"eae72a5\" data-element_type=\"container\" data-e-type=\"container\" data-settings=\"{&quot;background_background&quot;:&quot;classic&quot;,&quot;animation&quot;:&quot;fadeInUp&quot;,&quot;animation_delay&quot;:200,&quot;_ha_eqh_enable&quot;:false}\">\n\t\t\t\t<div class=\"elementor-element elementor-element-72b8e5a elementor-position-top elementor-widget elementor-widget-image-box\" data-id=\"72b8e5a\" data-element_type=\"widget\" data-e-type=\"widget\" data-widget_type=\"image-box.default\">\n\t\t\t\t<div class=\"elementor-widget-container\">\n\t\t\t\t\t<div class=\"elementor-image-box-wrapper\"><figure class=\"elementor-image-box-img\"><img decoding=\"async\" width=\"2686\" height=\"1798\" src=\"https:\/\/ramsdata.com.pl\/wp-content\/uploads\/2024\/11\/2x2-Priority-Matrix.png\" class=\"attachment-full size-full wp-image-32250\" alt=\"2x2 Priority Matrix\" srcset=\"https:\/\/ramsdata.com.pl\/wp-content\/uploads\/2024\/11\/2x2-Priority-Matrix.png 2686w, https:\/\/ramsdata.com.pl\/wp-content\/uploads\/2024\/11\/2x2-Priority-Matrix-300x201.png 300w, https:\/\/ramsdata.com.pl\/wp-content\/uploads\/2024\/11\/2x2-Priority-Matrix-1024x685.png 1024w, https:\/\/ramsdata.com.pl\/wp-content\/uploads\/2024\/11\/2x2-Priority-Matrix-768x514.png 768w, https:\/\/ramsdata.com.pl\/wp-content\/uploads\/2024\/11\/2x2-Priority-Matrix-1536x1028.png 1536w, https:\/\/ramsdata.com.pl\/wp-content\/uploads\/2024\/11\/2x2-Priority-Matrix-2048x1371.png 2048w\" sizes=\"(max-width: 2686px) 100vw, 2686px\" \/><\/figure><div class=\"elementor-image-box-content\"><h3 class=\"elementor-image-box-title\">Matrice des priorit\u00e9s 2x2<\/h3><\/div><\/div>\t\t\t\t<\/div>\n\t\t\t\t<\/div>\n\t\t\t\t<\/div>\n\t\t\t\t\t<\/div>\n\t\t\t\t<\/div>\n\t\t<div class=\"elementor-element elementor-element-e16b010 e-flex e-con-boxed e-con e-parent\" data-id=\"e16b010\" data-element_type=\"container\" data-e-type=\"container\" data-settings=\"{&quot;_ha_eqh_enable&quot;:false}\">\n\t\t\t\t\t<div class=\"e-con-inner\">\n\t\t<div data-ha-element-link=\"{&quot;url&quot;:&quot;https:\\\/\\\/ramsdata.com.pl\\\/clickup\\\/templates\\\/sales-crm-template\\\/&quot;,&quot;is_external&quot;:&quot;&quot;,&quot;nofollow&quot;:&quot;&quot;}\" style=\"cursor: pointer\" class=\"elementor-element elementor-element-f61f11f e-con-full e-flex elementor-invisible e-con e-child\" data-id=\"f61f11f\" data-element_type=\"container\" data-e-type=\"container\" data-settings=\"{&quot;background_background&quot;:&quot;classic&quot;,&quot;animation&quot;:&quot;fadeInUp&quot;,&quot;animation_delay&quot;:200,&quot;_ha_eqh_enable&quot;:false}\">\n\t\t\t\t<div class=\"elementor-element elementor-element-e5f9d3e elementor-position-top elementor-widget elementor-widget-image-box\" data-id=\"e5f9d3e\" data-element_type=\"widget\" data-e-type=\"widget\" data-widget_type=\"image-box.default\">\n\t\t\t\t<div class=\"elementor-widget-container\">\n\t\t\t\t\t<div class=\"elementor-image-box-wrapper\"><figure class=\"elementor-image-box-img\"><img decoding=\"async\" width=\"2168\" height=\"1342\" src=\"https:\/\/ramsdata.com.pl\/wp-content\/uploads\/2024\/11\/90-Day-Instagram-Success-Checklist.png\" class=\"attachment-full size-full wp-image-32243\" alt=\"90 Day Instagram Success Checklist\" srcset=\"https:\/\/ramsdata.com.pl\/wp-content\/uploads\/2024\/11\/90-Day-Instagram-Success-Checklist.png 2168w, https:\/\/ramsdata.com.pl\/wp-content\/uploads\/2024\/11\/90-Day-Instagram-Success-Checklist-300x186.png 300w, https:\/\/ramsdata.com.pl\/wp-content\/uploads\/2024\/11\/90-Day-Instagram-Success-Checklist-1024x634.png 1024w, https:\/\/ramsdata.com.pl\/wp-content\/uploads\/2024\/11\/90-Day-Instagram-Success-Checklist-768x475.png 768w, https:\/\/ramsdata.com.pl\/wp-content\/uploads\/2024\/11\/90-Day-Instagram-Success-Checklist-1536x951.png 1536w, https:\/\/ramsdata.com.pl\/wp-content\/uploads\/2024\/11\/90-Day-Instagram-Success-Checklist-2048x1268.png 2048w\" sizes=\"(max-width: 2168px) 100vw, 2168px\" \/><\/figure><div class=\"elementor-image-box-content\"><h3 class=\"elementor-image-box-title\">Liste de contr\u00f4le de 90 jours pour r\u00e9ussir sur Instagram<\/h3><\/div><\/div>\t\t\t\t<\/div>\n\t\t\t\t<\/div>\n\t\t\t\t<\/div>\n\t\t<div data-ha-element-link=\"{&quot;url&quot;:&quot;https:\\\/\\\/ramsdata.com.pl\\\/clickup\\\/templates\\\/project-management-template\\\/&quot;,&quot;is_external&quot;:&quot;&quot;,&quot;nofollow&quot;:&quot;&quot;}\" style=\"cursor: pointer\" class=\"elementor-element elementor-element-3d9cb85 e-con-full e-flex elementor-invisible e-con e-child\" data-id=\"3d9cb85\" data-element_type=\"container\" data-e-type=\"container\" data-settings=\"{&quot;background_background&quot;:&quot;gradient&quot;,&quot;animation&quot;:&quot;fadeInUp&quot;,&quot;animation_delay&quot;:300,&quot;_ha_eqh_enable&quot;:false}\">\n\t\t\t\t<div class=\"elementor-element elementor-element-90f2ca9 elementor-position-top elementor-widget elementor-widget-image-box\" data-id=\"90f2ca9\" data-element_type=\"widget\" data-e-type=\"widget\" data-widget_type=\"image-box.default\">\n\t\t\t\t<div class=\"elementor-widget-container\">\n\t\t\t\t\t<div class=\"elementor-image-box-wrapper\"><figure class=\"elementor-image-box-img\"><img loading=\"lazy\" decoding=\"async\" width=\"1934\" height=\"1196\" src=\"https:\/\/ramsdata.com.pl\/wp-content\/uploads\/2024\/11\/AB-Content-Management-Testing.png\" class=\"attachment-full size-full wp-image-32237\" alt=\"A\/B Content Management &amp; Testing\" srcset=\"https:\/\/ramsdata.com.pl\/wp-content\/uploads\/2024\/11\/AB-Content-Management-Testing.png 1934w, https:\/\/ramsdata.com.pl\/wp-content\/uploads\/2024\/11\/AB-Content-Management-Testing-300x186.png 300w, https:\/\/ramsdata.com.pl\/wp-content\/uploads\/2024\/11\/AB-Content-Management-Testing-1024x633.png 1024w, https:\/\/ramsdata.com.pl\/wp-content\/uploads\/2024\/11\/AB-Content-Management-Testing-768x475.png 768w, https:\/\/ramsdata.com.pl\/wp-content\/uploads\/2024\/11\/AB-Content-Management-Testing-1536x950.png 1536w\" sizes=\"(max-width: 1934px) 100vw, 1934px\" \/><\/figure><div class=\"elementor-image-box-content\"><h3 class=\"elementor-image-box-title\">Gestion et test de contenu A\/B<\/h3><\/div><\/div>\t\t\t\t<\/div>\n\t\t\t\t<\/div>\n\t\t\t\t<\/div>\n\t\t\t\t\t<\/div>\n\t\t\t\t<\/div>\n\t\t<div class=\"elementor-element elementor-element-2a8d943 e-flex e-con-boxed e-con e-parent\" data-id=\"2a8d943\" data-element_type=\"container\" data-e-type=\"container\" data-settings=\"{&quot;_ha_eqh_enable&quot;:false}\">\n\t\t\t\t\t<div class=\"e-con-inner\">\n\t\t<div data-ha-element-link=\"{&quot;url&quot;:&quot;https:\\\/\\\/ramsdata.com.pl\\\/clickup\\\/templates\\\/project-management-template\\\/&quot;,&quot;is_external&quot;:&quot;&quot;,&quot;nofollow&quot;:&quot;&quot;}\" style=\"cursor: pointer\" class=\"elementor-element elementor-element-6aba7a8 e-con-full e-flex elementor-invisible e-con e-child\" data-id=\"6aba7a8\" data-element_type=\"container\" data-e-type=\"container\" data-settings=\"{&quot;background_background&quot;:&quot;gradient&quot;,&quot;animation&quot;:&quot;fadeInUp&quot;,&quot;animation_delay&quot;:300,&quot;_ha_eqh_enable&quot;:false}\">\n\t\t\t\t<div class=\"elementor-element elementor-element-06ef768 elementor-position-top elementor-widget elementor-widget-image-box\" data-id=\"06ef768\" data-element_type=\"widget\" data-e-type=\"widget\" data-widget_type=\"image-box.default\">\n\t\t\t\t<div class=\"elementor-widget-container\">\n\t\t\t\t\t<div class=\"elementor-image-box-wrapper\"><figure class=\"elementor-image-box-img\"><img loading=\"lazy\" decoding=\"async\" width=\"1934\" height=\"1196\" src=\"https:\/\/ramsdata.com.pl\/wp-content\/uploads\/2024\/11\/AB-Testing.png\" class=\"attachment-full size-full wp-image-32231\" alt=\"A\/B Testing\" srcset=\"https:\/\/ramsdata.com.pl\/wp-content\/uploads\/2024\/11\/AB-Testing.png 1934w, https:\/\/ramsdata.com.pl\/wp-content\/uploads\/2024\/11\/AB-Testing-300x186.png 300w, https:\/\/ramsdata.com.pl\/wp-content\/uploads\/2024\/11\/AB-Testing-1024x633.png 1024w, https:\/\/ramsdata.com.pl\/wp-content\/uploads\/2024\/11\/AB-Testing-768x475.png 768w, https:\/\/ramsdata.com.pl\/wp-content\/uploads\/2024\/11\/AB-Testing-1536x950.png 1536w\" sizes=\"(max-width: 1934px) 100vw, 1934px\" \/><\/figure><div class=\"elementor-image-box-content\"><h3 class=\"elementor-image-box-title\">Tests A\/B<\/h3><\/div><\/div>\t\t\t\t<\/div>\n\t\t\t\t<\/div>\n\t\t\t\t<\/div>\n\t\t<div data-ha-element-link=\"{&quot;url&quot;:&quot;https:\\\/\\\/ramsdata.com.pl\\\/clickup\\\/templates\\\/sales-crm-template\\\/&quot;,&quot;is_external&quot;:&quot;&quot;,&quot;nofollow&quot;:&quot;&quot;}\" style=\"cursor: pointer\" class=\"elementor-element elementor-element-aab1978 e-con-full e-flex elementor-invisible e-con e-child\" data-id=\"aab1978\" data-element_type=\"container\" data-e-type=\"container\" data-settings=\"{&quot;background_background&quot;:&quot;classic&quot;,&quot;animation&quot;:&quot;fadeInUp&quot;,&quot;animation_delay&quot;:200,&quot;_ha_eqh_enable&quot;:false}\">\n\t\t\t\t<div class=\"elementor-element elementor-element-2c11110 elementor-position-top elementor-widget elementor-widget-image-box\" data-id=\"2c11110\" data-element_type=\"widget\" data-e-type=\"widget\" data-widget_type=\"image-box.default\">\n\t\t\t\t<div class=\"elementor-widget-container\">\n\t\t\t\t\t<div class=\"elementor-image-box-wrapper\"><figure class=\"elementor-image-box-img\"><img loading=\"lazy\" decoding=\"async\" width=\"2838\" height=\"1994\" src=\"https:\/\/ramsdata.com.pl\/wp-content\/uploads\/2024\/11\/Action-Plan-2.png\" class=\"attachment-full size-full wp-image-32225\" alt=\"Action Plan\" srcset=\"https:\/\/ramsdata.com.pl\/wp-content\/uploads\/2024\/11\/Action-Plan-2.png 2838w, https:\/\/ramsdata.com.pl\/wp-content\/uploads\/2024\/11\/Action-Plan-2-300x211.png 300w, https:\/\/ramsdata.com.pl\/wp-content\/uploads\/2024\/11\/Action-Plan-2-1024x719.png 1024w, https:\/\/ramsdata.com.pl\/wp-content\/uploads\/2024\/11\/Action-Plan-2-768x540.png 768w, https:\/\/ramsdata.com.pl\/wp-content\/uploads\/2024\/11\/Action-Plan-2-1536x1079.png 1536w, https:\/\/ramsdata.com.pl\/wp-content\/uploads\/2024\/11\/Action-Plan-2-2048x1439.png 2048w\" sizes=\"(max-width: 2838px) 100vw, 2838px\" \/><\/figure><div class=\"elementor-image-box-content\"><h3 class=\"elementor-image-box-title\">Plan d'action<\/h3><\/div><\/div>\t\t\t\t<\/div>\n\t\t\t\t<\/div>\n\t\t\t\t<\/div>\n\t\t\t\t\t<\/div>\n\t\t\t\t<\/div>\n\t\t<div class=\"elementor-element elementor-element-e04b783 e-flex e-con-boxed e-con e-parent\" data-id=\"e04b783\" data-element_type=\"container\" data-e-type=\"container\" data-settings=\"{&quot;_ha_eqh_enable&quot;:false}\">\n\t\t\t\t\t<div class=\"e-con-inner\">\n\t\t<div data-ha-element-link=\"{&quot;url&quot;:&quot;https:\\\/\\\/ramsdata.com.pl\\\/clickup\\\/templates\\\/sales-crm-template\\\/&quot;,&quot;is_external&quot;:&quot;&quot;,&quot;nofollow&quot;:&quot;&quot;}\" style=\"cursor: pointer\" class=\"elementor-element elementor-element-04ae420 e-con-full e-flex elementor-invisible e-con e-child\" data-id=\"04ae420\" data-element_type=\"container\" data-e-type=\"container\" data-settings=\"{&quot;background_background&quot;:&quot;classic&quot;,&quot;animation&quot;:&quot;fadeInUp&quot;,&quot;animation_delay&quot;:200,&quot;_ha_eqh_enable&quot;:false}\">\n\t\t\t\t<div class=\"elementor-element elementor-element-016debc elementor-position-top elementor-widget elementor-widget-image-box\" data-id=\"016debc\" data-element_type=\"widget\" data-e-type=\"widget\" data-widget_type=\"image-box.default\">\n\t\t\t\t<div class=\"elementor-widget-container\">\n\t\t\t\t\t<div class=\"elementor-image-box-wrapper\"><figure class=\"elementor-image-box-img\"><img loading=\"lazy\" decoding=\"async\" width=\"2644\" height=\"1756\" src=\"https:\/\/ramsdata.com.pl\/wp-content\/uploads\/2024\/11\/Action-Priority-Matrix.png\" class=\"attachment-full size-full wp-image-32060\" alt=\"Action Priority Matrix\" srcset=\"https:\/\/ramsdata.com.pl\/wp-content\/uploads\/2024\/11\/Action-Priority-Matrix.png 2644w, https:\/\/ramsdata.com.pl\/wp-content\/uploads\/2024\/11\/Action-Priority-Matrix-300x199.png 300w, https:\/\/ramsdata.com.pl\/wp-content\/uploads\/2024\/11\/Action-Priority-Matrix-1024x680.png 1024w, https:\/\/ramsdata.com.pl\/wp-content\/uploads\/2024\/11\/Action-Priority-Matrix-768x510.png 768w, https:\/\/ramsdata.com.pl\/wp-content\/uploads\/2024\/11\/Action-Priority-Matrix-1536x1020.png 1536w, https:\/\/ramsdata.com.pl\/wp-content\/uploads\/2024\/11\/Action-Priority-Matrix-2048x1360.png 2048w\" sizes=\"(max-width: 2644px) 100vw, 2644px\" \/><\/figure><div class=\"elementor-image-box-content\"><h3 class=\"elementor-image-box-title\">Matrice des priorit\u00e9s d'action<\/h3><\/div><\/div>\t\t\t\t<\/div>\n\t\t\t\t<\/div>\n\t\t\t\t<\/div>\n\t\t<div data-ha-element-link=\"{&quot;url&quot;:&quot;https:\\\/\\\/ramsdata.com.pl\\\/clickup\\\/templates\\\/project-management-template\\\/&quot;,&quot;is_external&quot;:&quot;&quot;,&quot;nofollow&quot;:&quot;&quot;}\" style=\"cursor: pointer\" class=\"elementor-element elementor-element-b458236 e-con-full e-flex elementor-invisible e-con e-child\" data-id=\"b458236\" data-element_type=\"container\" data-e-type=\"container\" data-settings=\"{&quot;background_background&quot;:&quot;gradient&quot;,&quot;animation&quot;:&quot;fadeInUp&quot;,&quot;animation_delay&quot;:300,&quot;_ha_eqh_enable&quot;:false}\">\n\t\t\t\t<div class=\"elementor-element elementor-element-9488fa4 elementor-position-top elementor-widget elementor-widget-image-box\" data-id=\"9488fa4\" data-element_type=\"widget\" data-e-type=\"widget\" data-widget_type=\"image-box.default\">\n\t\t\t\t<div class=\"elementor-widget-container\">\n\t\t\t\t\t<div class=\"elementor-image-box-wrapper\"><figure class=\"elementor-image-box-img\"><img loading=\"lazy\" decoding=\"async\" width=\"2644\" height=\"1756\" src=\"https:\/\/ramsdata.com.pl\/wp-content\/uploads\/2024\/11\/Action-Priority-Matrix-Whiteboard.png\" class=\"attachment-full size-full wp-image-32213\" alt=\"Action Priority Matrix Whiteboard\" srcset=\"https:\/\/ramsdata.com.pl\/wp-content\/uploads\/2024\/11\/Action-Priority-Matrix-Whiteboard.png 2644w, https:\/\/ramsdata.com.pl\/wp-content\/uploads\/2024\/11\/Action-Priority-Matrix-Whiteboard-300x199.png 300w, https:\/\/ramsdata.com.pl\/wp-content\/uploads\/2024\/11\/Action-Priority-Matrix-Whiteboard-1024x680.png 1024w, https:\/\/ramsdata.com.pl\/wp-content\/uploads\/2024\/11\/Action-Priority-Matrix-Whiteboard-768x510.png 768w, https:\/\/ramsdata.com.pl\/wp-content\/uploads\/2024\/11\/Action-Priority-Matrix-Whiteboard-1536x1020.png 1536w, https:\/\/ramsdata.com.pl\/wp-content\/uploads\/2024\/11\/Action-Priority-Matrix-Whiteboard-2048x1360.png 2048w\" sizes=\"(max-width: 2644px) 100vw, 2644px\" \/><\/figure><div class=\"elementor-image-box-content\"><h3 class=\"elementor-image-box-title\">Matrice des priorit\u00e9s d'action Tableau blanc<\/h3><\/div><\/div>\t\t\t\t<\/div>\n\t\t\t\t<\/div>\n\t\t\t\t<\/div>\n\t\t\t\t\t<\/div>\n\t\t\t\t<\/div>\n\t\t\t\t<\/div>\n\t\t","protected":false},"excerpt":{"rendered":"<p>Plan de contenu pour les m\u00e9dias sociaux Matrice des priorit\u00e9s 2&#215;2 Liste de contr\u00f4le de 90 jours pour r\u00e9ussir sur Instagram Gestion et test de contenu A\/B Tests A\/B Plan d&rsquo;action Matrice des priorit\u00e9s d&rsquo;action Matrice des priorit\u00e9s d&rsquo;action Tableau blanc<\/p>\n","protected":false},"author":1,"featured_media":0,"parent":31038,"menu_order":0,"comment_status":"closed","ping_status":"closed","template":"","meta":{"_acf_changed":false,"om_disable_all_campaigns":false,"_monsterinsights_skip_tracking":false,"_monsterinsights_sitenote_active":false,"_monsterinsights_sitenote_note":"","_monsterinsights_sitenote_category":0,"_uf_show_specific_survey":0,"_uf_disable_surveys":false,"footnotes":""},"class_list":["post-31981","page","type-page","status-publish","hentry"],"acf":[],"aioseo_notices":[],"_links":{"self":[{"href":"https:\/\/ramsdata.com.pl\/fr\/wp-json\/wp\/v2\/pages\/31981","targetHints":{"allow":["GET"]}}],"collection":[{"href":"https:\/\/ramsdata.com.pl\/fr\/wp-json\/wp\/v2\/pages"}],"about":[{"href":"https:\/\/ramsdata.com.pl\/fr\/wp-json\/wp\/v2\/types\/page"}],"author":[{"embeddable":true,"href":"https:\/\/ramsdata.com.pl\/fr\/wp-json\/wp\/v2\/users\/1"}],"replies":[{"embeddable":true,"href":"https:\/\/ramsdata.com.pl\/fr\/wp-json\/wp\/v2\/comments?post=31981"}],"version-history":[{"count":3,"href":"https:\/\/ramsdata.com.pl\/fr\/wp-json\/wp\/v2\/pages\/31981\/revisions"}],"predecessor-version":[{"id":32263,"href":"https:\/\/ramsdata.com.pl\/fr\/wp-json\/wp\/v2\/pages\/31981\/revisions\/32263"}],"up":[{"embeddable":true,"href":"https:\/\/ramsdata.com.pl\/fr\/wp-json\/wp\/v2\/pages\/31038"}],"wp:attachment":[{"href":"https:\/\/ramsdata.com.pl\/fr\/wp-json\/wp\/v2\/media?parent=31981"}],"curies":[{"name":"wp","href":"https:\/\/api.w.org\/{rel}","templated":true}]}}