{"id":31109,"date":"2024-11-08T14:22:56","date_gmt":"2024-11-08T14:22:56","guid":{"rendered":"https:\/\/ramsdata.com.pl\/clickup\/lequipe\/marketing\/"},"modified":"2024-11-12T21:42:41","modified_gmt":"2024-11-12T21:42:41","slug":"marketing","status":"publish","type":"page","link":"https:\/\/ramsdata.com.pl\/fr\/clickup-2\/lequipe\/marketing\/","title":{"rendered":"Marketing"},"content":{"rendered":"\t\t<div data-elementor-type=\"wp-page\" data-elementor-id=\"31109\" class=\"elementor elementor-31109 elementor-31108\" data-elementor-settings=\"{&quot;ha_cmc_init_switcher&quot;:&quot;no&quot;}\" data-elementor-post-type=\"page\">\n\t\t\t\t<div class=\"elementor-element elementor-element-159d993 e-flex e-con-boxed e-con e-parent\" data-id=\"159d993\" data-element_type=\"container\" data-e-type=\"container\" data-settings=\"{&quot;_ha_eqh_enable&quot;:false}\">\n\t\t\t\t\t<div class=\"e-con-inner\">\n\t\t<div class=\"elementor-element elementor-element-54d054be e-con-full e-flex e-con e-child\" data-id=\"54d054be\" data-element_type=\"container\" data-e-type=\"container\" data-settings=\"{&quot;_ha_eqh_enable&quot;:false}\">\n\t\t\t\t<div class=\"elementor-element elementor-element-5146f3ca elementor-widget elementor-widget-heading\" data-id=\"5146f3ca\" data-element_type=\"widget\" data-e-type=\"widget\" data-widget_type=\"heading.default\">\n\t\t\t\t<div class=\"elementor-widget-container\">\n\t\t\t\t\t<h2 class=\"elementor-heading-title elementor-size-default\">L'espace de travail flexible pour les \u00e9quipes de marketing\n<\/h2>\t\t\t\t<\/div>\n\t\t\t\t<\/div>\n\t\t\t\t<div class=\"elementor-element elementor-element-2fae083c elementor-widget elementor-widget-text-editor\" data-id=\"2fae083c\" data-element_type=\"widget\" data-e-type=\"widget\" data-widget_type=\"text-editor.default\">\n\t\t\t\t<div class=\"elementor-widget-container\">\n\t\t\t\t\t\t\t\t\tFaites des brainstormings, planifiez et ex\u00e9cutez les programmes marketing de votre \u00e9quipe &#8211; des campagnes multicanal aux \u00e9v\u00e9nements mondiaux et plus encore &#8211; avec ClickUp, la plateforme de productivit\u00e9 tout-en-un.\n\n\t\t\t\t\t\t\t\t<\/div>\n\t\t\t\t<\/div>\n\t\t\t\t<div class=\"elementor-element elementor-element-3498e9d4 elementor-widget elementor-widget-button\" data-id=\"3498e9d4\" data-element_type=\"widget\" data-e-type=\"widget\" data-widget_type=\"button.default\">\n\t\t\t\t<div class=\"elementor-widget-container\">\n\t\t\t\t\t\t\t\t\t<div class=\"elementor-button-wrapper\">\n\t\t\t\t\t<a class=\"elementor-button elementor-button-link elementor-size-sm\" href=\"https:\/\/ramsdata.com.pl\/fr\/contact\/\">\n\t\t\t\t\t\t<span class=\"elementor-button-content-wrapper\">\n\t\t\t\t\t\t\t\t\t<span class=\"elementor-button-text\">Commencez<\/span>\n\t\t\t\t\t<\/span>\n\t\t\t\t\t<\/a>\n\t\t\t\t<\/div>\n\t\t\t\t\t\t\t\t<\/div>\n\t\t\t\t<\/div>\n\t\t\t\t<\/div>\n\t\t<div class=\"elementor-element elementor-element-517c2b1f e-con-full e-flex e-con e-child\" data-id=\"517c2b1f\" data-element_type=\"container\" data-e-type=\"container\" data-settings=\"{&quot;_ha_eqh_enable&quot;:false}\">\n\t\t\t\t<div class=\"elementor-element elementor-element-5da92673 elementor-widget elementor-widget-image\" data-id=\"5da92673\" data-element_type=\"widget\" data-e-type=\"widget\" data-widget_type=\"image.default\">\n\t\t\t\t<div class=\"elementor-widget-container\">\n\t\t\t\t\t\t\t\t\t\t\t\t\t\t\t<img fetchpriority=\"high\" decoding=\"async\" width=\"800\" height=\"554\" src=\"https:\/\/ramsdata.com.pl\/wp-content\/uploads\/2024\/11\/Hero_.avif\" class=\"attachment-large size-large wp-image-31633\" alt=\"Hero_\" srcset=\"https:\/\/ramsdata.com.pl\/wp-content\/uploads\/2024\/11\/Hero_.avif 800w, https:\/\/ramsdata.com.pl\/wp-content\/uploads\/2024\/11\/Hero_-300x208.avif 300w, https:\/\/ramsdata.com.pl\/wp-content\/uploads\/2024\/11\/Hero_-768x532.avif 768w\" sizes=\"(max-width: 800px) 100vw, 800px\" \/>\t\t\t\t\t\t\t\t\t\t\t\t\t\t\t<\/div>\n\t\t\t\t<\/div>\n\t\t\t\t<\/div>\n\t\t\t\t\t<\/div>\n\t\t\t\t<\/div>\n\t\t<div class=\"elementor-element elementor-element-6f3a5f45 e-flex e-con-boxed e-con e-parent\" data-id=\"6f3a5f45\" data-element_type=\"container\" data-e-type=\"container\" data-settings=\"{&quot;background_background&quot;:&quot;classic&quot;,&quot;_ha_eqh_enable&quot;:false}\">\n\t\t\t\t\t<div class=\"e-con-inner\">\n\t\t<div class=\"elementor-element elementor-element-17a76513 e-con-full e-flex e-con e-child\" data-id=\"17a76513\" data-element_type=\"container\" data-e-type=\"container\" data-settings=\"{&quot;_ha_eqh_enable&quot;:false}\">\n\t\t\t\t<div class=\"elementor-element elementor-element-2fca2186 ha-has-bg-overlay elementor-widget elementor-widget-text-editor\" data-id=\"2fca2186\" data-element_type=\"widget\" data-e-type=\"widget\" data-widget_type=\"text-editor.default\">\n\t\t\t\t<div class=\"elementor-widget-container\">\n\t\t\t\t\t\t\t\t\tClickUp AI\n\n\t\t\t\t\t\t\t\t<\/div>\n\t\t\t\t<\/div>\n\t\t\t\t<div class=\"elementor-element elementor-element-6890f68f elementor-widget elementor-widget-heading\" data-id=\"6890f68f\" data-element_type=\"widget\" data-e-type=\"widget\" data-widget_type=\"heading.default\">\n\t\t\t\t<div class=\"elementor-widget-container\">\n\t\t\t\t\t<h3 class=\"elementor-heading-title elementor-size-default\">Cr\u00e9ez des campagnes et du contenu \u00e0 la vitesse de l'\u00e9clair<\/h3>\t\t\t\t<\/div>\n\t\t\t\t<\/div>\n\t\t\t\t<div class=\"elementor-element elementor-element-4ec911cd elementor-widget elementor-widget-text-editor\" data-id=\"4ec911cd\" data-element_type=\"widget\" data-e-type=\"widget\" data-widget_type=\"text-editor.default\">\n\t\t\t\t<div class=\"elementor-widget-container\">\n\t\t\t\t\t\t\t\t\tAcc\u00e9l\u00e9rez vos campagnes marketing et la cr\u00e9ation de contenu avec ClickUp AI. G\u00e9n\u00e9rez des id\u00e9es de campagne, des notes de contenu, des blogs, des \u00e9tudes de cas, des e-mails et bien plus encore gr\u00e2ce \u00e0 des outils d&rsquo;IA con\u00e7us par des experts pour les \u00e9quipes marketing, directement au sein de ClickUp. \n\n\t\t\t\t\t\t\t\t<\/div>\n\t\t\t\t<\/div>\n\t\t\t\t<div class=\"elementor-element elementor-element-2e93f8fa elementor-widget elementor-widget-button\" data-id=\"2e93f8fa\" data-element_type=\"widget\" data-e-type=\"widget\" data-widget_type=\"button.default\">\n\t\t\t\t<div class=\"elementor-widget-container\">\n\t\t\t\t\t\t\t\t\t<div class=\"elementor-button-wrapper\">\n\t\t\t\t\t<a class=\"elementor-button elementor-button-link elementor-size-sm\" href=\"https:\/\/ramsdata.com.pl\/fr\/contact\/\">\n\t\t\t\t\t\t<span class=\"elementor-button-content-wrapper\">\n\t\t\t\t\t\t\t\t\t<span class=\"elementor-button-text\">Commencez<\/span>\n\t\t\t\t\t<\/span>\n\t\t\t\t\t<\/a>\n\t\t\t\t<\/div>\n\t\t\t\t\t\t\t\t<\/div>\n\t\t\t\t<\/div>\n\t\t\t\t<\/div>\n\t\t<div class=\"elementor-element elementor-element-159578c6 e-con-full e-flex e-con e-child\" data-id=\"159578c6\" data-element_type=\"container\" data-e-type=\"container\" data-settings=\"{&quot;_ha_eqh_enable&quot;:false}\">\n\t\t\t\t<div class=\"elementor-element elementor-element-b95a525 elementor-widget elementor-widget-video\" data-id=\"b95a525\" data-element_type=\"widget\" data-e-type=\"widget\" data-settings=\"{&quot;video_type&quot;:&quot;hosted&quot;,&quot;autoplay&quot;:&quot;yes&quot;,&quot;mute&quot;:&quot;yes&quot;,&quot;loop&quot;:&quot;yes&quot;}\" data-widget_type=\"video.default\">\n\t\t\t\t<div class=\"elementor-widget-container\">\n\t\t\t\t\t\t\t<div class=\"e-hosted-video elementor-wrapper elementor-open-inline\">\n\t\t\t\t\t<video class=\"elementor-video\" src=\"https:\/\/videos.ctfassets.net\/w8fc6tgspyjz\/6Z98QEqGvyjMeHNOwLRP9W\/e8df0efd530b41293944f426135b4496\/CU_AI_LP_Project_Management_V1.mp4\" autoplay=\"\" loop=\"\" muted=\"muted\" controlsList=\"nodownload\"><\/video>\n\t\t\t\t<\/div>\n\t\t\t\t\t\t<\/div>\n\t\t\t\t<\/div>\n\t\t\t\t<\/div>\n\t\t\t\t\t<\/div>\n\t\t\t\t<\/div>\n\t\t<div class=\"elementor-element elementor-element-39e00dce e-flex e-con-boxed e-con e-parent\" data-id=\"39e00dce\" data-element_type=\"container\" data-e-type=\"container\" data-settings=\"{&quot;background_background&quot;:&quot;classic&quot;,&quot;_ha_eqh_enable&quot;:false}\">\n\t\t\t\t\t<div class=\"e-con-inner\">\n\t\t<div class=\"elementor-element elementor-element-5bbfe2af e-con-full e-flex e-con e-child\" data-id=\"5bbfe2af\" data-element_type=\"container\" data-e-type=\"container\" data-settings=\"{&quot;_ha_eqh_enable&quot;:false}\">\n\t\t\t\t<div class=\"elementor-element elementor-element-1a22e95b elementor-widget elementor-widget-image\" data-id=\"1a22e95b\" data-element_type=\"widget\" data-e-type=\"widget\" data-widget_type=\"image.default\">\n\t\t\t\t<div class=\"elementor-widget-container\">\n\t\t\t\t\t\t\t\t\t\t\t\t\t\t\t<img decoding=\"async\" width=\"800\" height=\"531\" src=\"https:\/\/ramsdata.com.pl\/wp-content\/uploads\/2024\/11\/timeline_-_sorted_by_assignees__1_.avif\" class=\"attachment-full size-full wp-image-31645\" alt=\"timeline_-_sorted_by_assignees__1_\" srcset=\"https:\/\/ramsdata.com.pl\/wp-content\/uploads\/2024\/11\/timeline_-_sorted_by_assignees__1_.avif 800w, https:\/\/ramsdata.com.pl\/wp-content\/uploads\/2024\/11\/timeline_-_sorted_by_assignees__1_-300x199.avif 300w, https:\/\/ramsdata.com.pl\/wp-content\/uploads\/2024\/11\/timeline_-_sorted_by_assignees__1_-768x510.avif 768w\" sizes=\"(max-width: 800px) 100vw, 800px\" \/>\t\t\t\t\t\t\t\t\t\t\t\t\t\t\t<\/div>\n\t\t\t\t<\/div>\n\t\t\t\t<\/div>\n\t\t<div class=\"elementor-element elementor-element-3f359ecb e-con-full e-flex e-con e-child\" data-id=\"3f359ecb\" data-element_type=\"container\" data-e-type=\"container\" data-settings=\"{&quot;_ha_eqh_enable&quot;:false}\">\n\t\t\t\t<div class=\"elementor-element elementor-element-1a2cd500 ha-has-bg-overlay elementor-widget elementor-widget-text-editor\" data-id=\"1a2cd500\" data-element_type=\"widget\" data-e-type=\"widget\" data-widget_type=\"text-editor.default\">\n\t\t\t\t<div class=\"elementor-widget-container\">\n\t\t\t\t\t\t\t\t\t<p>Plan<\/p>\n\t\t\t\t\t\t\t\t<\/div>\n\t\t\t\t<\/div>\n\t\t\t\t<div class=\"elementor-element elementor-element-2d7c3ca7 elementor-widget elementor-widget-heading\" data-id=\"2d7c3ca7\" data-element_type=\"widget\" data-e-type=\"widget\" data-widget_type=\"heading.default\">\n\t\t\t\t<div class=\"elementor-widget-container\">\n\t\t\t\t\t<h3 class=\"elementor-heading-title elementor-size-default\">Transformez les plans trimestriels en victoires quotidiennes\n<\/h3>\t\t\t\t<\/div>\n\t\t\t\t<\/div>\n\t\t\t\t<div class=\"elementor-element elementor-element-2dc87032 elementor-widget elementor-widget-text-editor\" data-id=\"2dc87032\" data-element_type=\"widget\" data-e-type=\"widget\" data-widget_type=\"text-editor.default\">\n\t\t\t\t<div class=\"elementor-widget-container\">\n\t\t\t\t\t\t\t\t\tConnectez vos feuilles de route marketing directement aux t\u00e2ches qui les font avancer. Avec ClickUp, vos documents de strat\u00e9gie, vos brainstormings et vos calendriers de campagne cohabitent avec le travail quotidien de votre \u00e9quipe, ce qui vous aide \u00e0 concr\u00e9tiser vos id\u00e9es plus rapidement. \n\n\t\t\t\t\t\t\t\t<\/div>\n\t\t\t\t<\/div>\n\t\t\t\t<div class=\"elementor-element elementor-element-b334cdd elementor-widget elementor-widget-button\" data-id=\"b334cdd\" data-element_type=\"widget\" data-e-type=\"widget\" data-widget_type=\"button.default\">\n\t\t\t\t<div class=\"elementor-widget-container\">\n\t\t\t\t\t\t\t\t\t<div class=\"elementor-button-wrapper\">\n\t\t\t\t\t<a class=\"elementor-button elementor-button-link elementor-size-sm\" href=\"https:\/\/ramsdata.com.pl\/fr\/contact\/\">\n\t\t\t\t\t\t<span class=\"elementor-button-content-wrapper\">\n\t\t\t\t\t\t\t\t\t<span class=\"elementor-button-text\">Commencez<\/span>\n\t\t\t\t\t<\/span>\n\t\t\t\t\t<\/a>\n\t\t\t\t<\/div>\n\t\t\t\t\t\t\t\t<\/div>\n\t\t\t\t<\/div>\n\t\t\t\t<\/div>\n\t\t\t\t\t<\/div>\n\t\t\t\t<\/div>\n\t\t<div class=\"elementor-element elementor-element-43bf59c7 e-flex e-con-boxed e-con e-parent\" data-id=\"43bf59c7\" data-element_type=\"container\" data-e-type=\"container\" data-settings=\"{&quot;background_background&quot;:&quot;classic&quot;,&quot;_ha_eqh_enable&quot;:false}\">\n\t\t\t\t\t<div class=\"e-con-inner\">\n\t\t<div class=\"elementor-element elementor-element-4444dbfa e-con-full e-flex e-con e-child\" data-id=\"4444dbfa\" data-element_type=\"container\" data-e-type=\"container\" data-settings=\"{&quot;_ha_eqh_enable&quot;:false}\">\n\t\t\t\t<div class=\"elementor-element elementor-element-49f85d14 ha-has-bg-overlay elementor-widget elementor-widget-text-editor\" data-id=\"49f85d14\" data-element_type=\"widget\" data-e-type=\"widget\" data-widget_type=\"text-editor.default\">\n\t\t\t\t<div class=\"elementor-widget-container\">\n\t\t\t\t\t\t\t\t\t<p>Collaborer<\/p>\n\t\t\t\t\t\t\t\t<\/div>\n\t\t\t\t<\/div>\n\t\t\t\t<div class=\"elementor-element elementor-element-76e635a5 elementor-widget elementor-widget-heading\" data-id=\"76e635a5\" data-element_type=\"widget\" data-e-type=\"widget\" data-widget_type=\"heading.default\">\n\t\t\t\t<div class=\"elementor-widget-container\">\n\t\t\t\t\t<h3 class=\"elementor-heading-title elementor-size-default\">Se d\u00e9placer en tant qu'\u00e9quipe de marketing<\/h3>\t\t\t\t<\/div>\n\t\t\t\t<\/div>\n\t\t\t\t<div class=\"elementor-element elementor-element-7d144427 elementor-widget elementor-widget-text-editor\" data-id=\"7d144427\" data-element_type=\"widget\" data-e-type=\"widget\" data-widget_type=\"text-editor.default\">\n\t\t\t\t<div class=\"elementor-widget-container\">\n\t\t\t\t\t\t\t\t\tGardez tout le monde sur la m\u00eame longueur d&rsquo;onde, du brainstorming au lancement. Collaborez de mani\u00e8re transparente \u00e0 travers les flux de travail marketing gr\u00e2ce aux outils Docs, Whiteboards et Proofing de ClickUp qui permettent \u00e0 tous les membres de votre \u00e9quipe d&rsquo;\u00eatre synchronis\u00e9s \u00e0 chaque \u00e9tape du processus. \n\n\t\t\t\t\t\t\t\t<\/div>\n\t\t\t\t<\/div>\n\t\t\t\t<div class=\"elementor-element elementor-element-55f59f6 elementor-widget elementor-widget-button\" data-id=\"55f59f6\" data-element_type=\"widget\" data-e-type=\"widget\" data-widget_type=\"button.default\">\n\t\t\t\t<div class=\"elementor-widget-container\">\n\t\t\t\t\t\t\t\t\t<div class=\"elementor-button-wrapper\">\n\t\t\t\t\t<a class=\"elementor-button elementor-button-link elementor-size-sm\" href=\"https:\/\/ramsdata.com.pl\/fr\/contact\/\">\n\t\t\t\t\t\t<span class=\"elementor-button-content-wrapper\">\n\t\t\t\t\t\t\t\t\t<span class=\"elementor-button-text\">Commencez<\/span>\n\t\t\t\t\t<\/span>\n\t\t\t\t\t<\/a>\n\t\t\t\t<\/div>\n\t\t\t\t\t\t\t\t<\/div>\n\t\t\t\t<\/div>\n\t\t\t\t<\/div>\n\t\t<div class=\"elementor-element elementor-element-6fd5beb1 e-con-full e-flex e-con e-child\" data-id=\"6fd5beb1\" data-element_type=\"container\" data-e-type=\"container\" data-settings=\"{&quot;_ha_eqh_enable&quot;:false}\">\n\t\t\t\t<div class=\"elementor-element elementor-element-60edb5e4 elementor-widget elementor-widget-image\" data-id=\"60edb5e4\" data-element_type=\"widget\" data-e-type=\"widget\" data-widget_type=\"image.default\">\n\t\t\t\t<div class=\"elementor-widget-container\">\n\t\t\t\t\t\t\t\t\t\t\t\t\t\t\t<img decoding=\"async\" width=\"800\" height=\"531\" src=\"https:\/\/ramsdata.com.pl\/wp-content\/uploads\/2024\/11\/docs_3.0.avif\" class=\"attachment-full size-full wp-image-31651\" alt=\"docs_3.0\" srcset=\"https:\/\/ramsdata.com.pl\/wp-content\/uploads\/2024\/11\/docs_3.0.avif 800w, https:\/\/ramsdata.com.pl\/wp-content\/uploads\/2024\/11\/docs_3.0-300x199.avif 300w, https:\/\/ramsdata.com.pl\/wp-content\/uploads\/2024\/11\/docs_3.0-768x510.avif 768w\" sizes=\"(max-width: 800px) 100vw, 800px\" \/>\t\t\t\t\t\t\t\t\t\t\t\t\t\t\t<\/div>\n\t\t\t\t<\/div>\n\t\t\t\t<\/div>\n\t\t\t\t\t<\/div>\n\t\t\t\t<\/div>\n\t\t<div class=\"elementor-element elementor-element-1f1d0297 e-flex e-con-boxed e-con e-parent\" data-id=\"1f1d0297\" data-element_type=\"container\" data-e-type=\"container\" data-settings=\"{&quot;background_background&quot;:&quot;classic&quot;,&quot;_ha_eqh_enable&quot;:false}\">\n\t\t\t\t\t<div class=\"e-con-inner\">\n\t\t<div class=\"elementor-element elementor-element-6438264c e-con-full e-flex e-con e-child\" data-id=\"6438264c\" data-element_type=\"container\" data-e-type=\"container\" data-settings=\"{&quot;_ha_eqh_enable&quot;:false}\">\n\t\t\t\t<div class=\"elementor-element elementor-element-11fafcdd elementor-widget elementor-widget-image\" data-id=\"11fafcdd\" data-element_type=\"widget\" data-e-type=\"widget\" data-widget_type=\"image.default\">\n\t\t\t\t<div class=\"elementor-widget-container\">\n\t\t\t\t\t\t\t\t\t\t\t\t\t\t\t<img loading=\"lazy\" decoding=\"async\" width=\"800\" height=\"531\" src=\"https:\/\/ramsdata.com.pl\/wp-content\/uploads\/2024\/11\/Software_Teams_LP_Section_2_Image__Visibility__Gantt_Chart.avif\" class=\"attachment-full size-full wp-image-31398\" alt=\"Software_Teams_LP_Section_2_Image__Visibility__Gantt_Chart\" srcset=\"https:\/\/ramsdata.com.pl\/wp-content\/uploads\/2024\/11\/Software_Teams_LP_Section_2_Image__Visibility__Gantt_Chart.avif 800w, https:\/\/ramsdata.com.pl\/wp-content\/uploads\/2024\/11\/Software_Teams_LP_Section_2_Image__Visibility__Gantt_Chart-300x199.avif 300w, https:\/\/ramsdata.com.pl\/wp-content\/uploads\/2024\/11\/Software_Teams_LP_Section_2_Image__Visibility__Gantt_Chart-768x510.avif 768w\" sizes=\"(max-width: 800px) 100vw, 800px\" \/>\t\t\t\t\t\t\t\t\t\t\t\t\t\t\t<\/div>\n\t\t\t\t<\/div>\n\t\t\t\t<\/div>\n\t\t<div class=\"elementor-element elementor-element-99612a9 e-con-full e-flex e-con e-child\" data-id=\"99612a9\" data-element_type=\"container\" data-e-type=\"container\" data-settings=\"{&quot;_ha_eqh_enable&quot;:false}\">\n\t\t\t\t<div class=\"elementor-element elementor-element-2086fb5 ha-has-bg-overlay elementor-widget elementor-widget-text-editor\" data-id=\"2086fb5\" data-element_type=\"widget\" data-e-type=\"widget\" data-widget_type=\"text-editor.default\">\n\t\t\t\t<div class=\"elementor-widget-container\">\n\t\t\t\t\t\t\t\t\t<p>Ex\u00e9cuter<\/p>\n\t\t\t\t\t\t\t\t<\/div>\n\t\t\t\t<\/div>\n\t\t\t\t<div class=\"elementor-element elementor-element-f672a4c elementor-widget elementor-widget-heading\" data-id=\"f672a4c\" data-element_type=\"widget\" data-e-type=\"widget\" data-widget_type=\"heading.default\">\n\t\t\t\t<div class=\"elementor-widget-container\">\n\t\t\t\t\t<h3 class=\"elementor-heading-title elementor-size-default\">Cr\u00e9er une dynamique, pas des goulets d'\u00e9tranglement\n<\/h3>\t\t\t\t<\/div>\n\t\t\t\t<\/div>\n\t\t\t\t<div class=\"elementor-element elementor-element-56b2679d elementor-widget elementor-widget-text-editor\" data-id=\"56b2679d\" data-element_type=\"widget\" data-e-type=\"widget\" data-widget_type=\"text-editor.default\">\n\t\t\t\t<div class=\"elementor-widget-container\">\n\t\t\t\t\t\t\t\t\tVisualisez la progression vers les objectifs gr\u00e2ce \u00e0 la transparence au sein de l&rsquo;\u00e9quipe et \u00e9liminez les flux de travail redondants. ClickUp permet \u00e0 chacun de voir les d\u00e9lais et d&rsquo;ex\u00e9cuter en toute confiance pour stimuler la productivit\u00e9. \n\n\t\t\t\t\t\t\t\t<\/div>\n\t\t\t\t<\/div>\n\t\t\t\t<div class=\"elementor-element elementor-element-d0a88f3 elementor-widget elementor-widget-button\" data-id=\"d0a88f3\" data-element_type=\"widget\" data-e-type=\"widget\" data-widget_type=\"button.default\">\n\t\t\t\t<div class=\"elementor-widget-container\">\n\t\t\t\t\t\t\t\t\t<div class=\"elementor-button-wrapper\">\n\t\t\t\t\t<a class=\"elementor-button elementor-button-link elementor-size-sm\" href=\"https:\/\/ramsdata.com.pl\/fr\/contact\/\">\n\t\t\t\t\t\t<span class=\"elementor-button-content-wrapper\">\n\t\t\t\t\t\t\t\t\t<span class=\"elementor-button-text\">Commencez<\/span>\n\t\t\t\t\t<\/span>\n\t\t\t\t\t<\/a>\n\t\t\t\t<\/div>\n\t\t\t\t\t\t\t\t<\/div>\n\t\t\t\t<\/div>\n\t\t\t\t<\/div>\n\t\t\t\t\t<\/div>\n\t\t\t\t<\/div>\n\t\t<div class=\"elementor-element elementor-element-4d259a00 e-flex e-con-boxed e-con e-parent\" data-id=\"4d259a00\" data-element_type=\"container\" data-e-type=\"container\" data-settings=\"{&quot;background_background&quot;:&quot;classic&quot;,&quot;_ha_eqh_enable&quot;:false}\">\n\t\t\t\t\t<div class=\"e-con-inner\">\n\t\t<div class=\"elementor-element elementor-element-21b87756 e-con-full e-flex e-con e-child\" data-id=\"21b87756\" data-element_type=\"container\" data-e-type=\"container\" data-settings=\"{&quot;_ha_eqh_enable&quot;:false}\">\n\t\t\t\t<div class=\"elementor-element elementor-element-27b3e4db ha-has-bg-overlay elementor-widget elementor-widget-text-editor\" data-id=\"27b3e4db\" data-element_type=\"widget\" data-e-type=\"widget\" data-widget_type=\"text-editor.default\">\n\t\t\t\t<div class=\"elementor-widget-container\">\n\t\t\t\t\t\t\t\t\t<p>Analyser<\/p>\n\t\t\t\t\t\t\t\t<\/div>\n\t\t\t\t<\/div>\n\t\t\t\t<div class=\"elementor-element elementor-element-5213b864 elementor-widget elementor-widget-heading\" data-id=\"5213b864\" data-element_type=\"widget\" data-e-type=\"widget\" data-widget_type=\"heading.default\">\n\t\t\t\t<div class=\"elementor-widget-container\">\n\t\t\t\t\t<h3 class=\"elementor-heading-title elementor-size-default\">Transformer le travail d'\u00e9quipe en donn\u00e9es\n<\/h3>\t\t\t\t<\/div>\n\t\t\t\t<\/div>\n\t\t\t\t<div class=\"elementor-element elementor-element-5bf80ce5 elementor-widget elementor-widget-text-editor\" data-id=\"5bf80ce5\" data-element_type=\"widget\" data-e-type=\"widget\" data-widget_type=\"text-editor.default\">\n\t\t\t\t<div class=\"elementor-widget-container\">\n\t\t\t\t\t\t\t\t\tSuivez et analysez les progr\u00e8s accomplis dans la r\u00e9alisation de vos objectifs marketing, en d\u00e9tail et d&rsquo;un seul coup d&rsquo;\u0153il. Avec ClickUp, tout le monde reste inform\u00e9 gr\u00e2ce \u00e0 des tableaux de bord visuels qui contextualisent les t\u00e2ches li\u00e9es \u00e0 votre feuille de route et \u00e0 vos plans de mise sur le march\u00e9. \n\n\t\t\t\t\t\t\t\t<\/div>\n\t\t\t\t<\/div>\n\t\t\t\t<div class=\"elementor-element elementor-element-6ed6a446 elementor-widget elementor-widget-button\" data-id=\"6ed6a446\" data-element_type=\"widget\" data-e-type=\"widget\" data-widget_type=\"button.default\">\n\t\t\t\t<div class=\"elementor-widget-container\">\n\t\t\t\t\t\t\t\t\t<div class=\"elementor-button-wrapper\">\n\t\t\t\t\t<a class=\"elementor-button elementor-button-link elementor-size-sm\" href=\"https:\/\/ramsdata.com.pl\/fr\/contact\/\">\n\t\t\t\t\t\t<span class=\"elementor-button-content-wrapper\">\n\t\t\t\t\t\t\t\t\t<span class=\"elementor-button-text\">Commencez<\/span>\n\t\t\t\t\t<\/span>\n\t\t\t\t\t<\/a>\n\t\t\t\t<\/div>\n\t\t\t\t\t\t\t\t<\/div>\n\t\t\t\t<\/div>\n\t\t\t\t<\/div>\n\t\t<div class=\"elementor-element elementor-element-4d499235 e-con-full e-flex e-con e-child\" data-id=\"4d499235\" data-element_type=\"container\" data-e-type=\"container\" data-settings=\"{&quot;_ha_eqh_enable&quot;:false}\">\n\t\t\t\t<div class=\"elementor-element elementor-element-14f2d3f3 elementor-widget elementor-widget-image\" data-id=\"14f2d3f3\" data-element_type=\"widget\" data-e-type=\"widget\" data-widget_type=\"image.default\">\n\t\t\t\t<div class=\"elementor-widget-container\">\n\t\t\t\t\t\t\t\t\t\t\t\t\t\t\t<img loading=\"lazy\" decoding=\"async\" width=\"800\" height=\"530\" src=\"https:\/\/ramsdata.com.pl\/wp-content\/uploads\/2024\/11\/Marketing_Teams_Dashboard.avif\" class=\"attachment-full size-full wp-image-31657\" alt=\"Marketing_Teams_Dashboard\" srcset=\"https:\/\/ramsdata.com.pl\/wp-content\/uploads\/2024\/11\/Marketing_Teams_Dashboard.avif 800w, https:\/\/ramsdata.com.pl\/wp-content\/uploads\/2024\/11\/Marketing_Teams_Dashboard-300x199.avif 300w, https:\/\/ramsdata.com.pl\/wp-content\/uploads\/2024\/11\/Marketing_Teams_Dashboard-768x509.avif 768w\" sizes=\"(max-width: 800px) 100vw, 800px\" \/>\t\t\t\t\t\t\t\t\t\t\t\t\t\t\t<\/div>\n\t\t\t\t<\/div>\n\t\t\t\t<\/div>\n\t\t\t\t\t<\/div>\n\t\t\t\t<\/div>\n\t\t\t\t<\/div>\n\t\t","protected":false},"excerpt":{"rendered":"<p>L&rsquo;espace de travail flexible pour les \u00e9quipes de marketing Faites des brainstormings, planifiez et ex\u00e9cutez les programmes marketing de votre \u00e9quipe &#8211; des campagnes multicanal aux \u00e9v\u00e9nements mondiaux et plus encore &#8211; avec ClickUp, la plateforme de productivit\u00e9 tout-en-un. Commencez ClickUp AI Cr\u00e9ez des campagnes et du contenu \u00e0 la vitesse de l&rsquo;\u00e9clair Acc\u00e9l\u00e9rez vos [&hellip;]<\/p>\n","protected":false},"author":1,"featured_media":0,"parent":31024,"menu_order":0,"comment_status":"closed","ping_status":"closed","template":"","meta":{"_acf_changed":false,"om_disable_all_campaigns":false,"_monsterinsights_skip_tracking":false,"_monsterinsights_sitenote_active":false,"_monsterinsights_sitenote_note":"","_monsterinsights_sitenote_category":0,"_uf_show_specific_survey":0,"_uf_disable_surveys":false,"footnotes":""},"class_list":["post-31109","page","type-page","status-publish","hentry"],"acf":[],"aioseo_notices":[],"_links":{"self":[{"href":"https:\/\/ramsdata.com.pl\/fr\/wp-json\/wp\/v2\/pages\/31109","targetHints":{"allow":["GET"]}}],"collection":[{"href":"https:\/\/ramsdata.com.pl\/fr\/wp-json\/wp\/v2\/pages"}],"about":[{"href":"https:\/\/ramsdata.com.pl\/fr\/wp-json\/wp\/v2\/types\/page"}],"author":[{"embeddable":true,"href":"https:\/\/ramsdata.com.pl\/fr\/wp-json\/wp\/v2\/users\/1"}],"replies":[{"embeddable":true,"href":"https:\/\/ramsdata.com.pl\/fr\/wp-json\/wp\/v2\/comments?post=31109"}],"version-history":[{"count":3,"href":"https:\/\/ramsdata.com.pl\/fr\/wp-json\/wp\/v2\/pages\/31109\/revisions"}],"predecessor-version":[{"id":33337,"href":"https:\/\/ramsdata.com.pl\/fr\/wp-json\/wp\/v2\/pages\/31109\/revisions\/33337"}],"up":[{"embeddable":true,"href":"https:\/\/ramsdata.com.pl\/fr\/wp-json\/wp\/v2\/pages\/31024"}],"wp:attachment":[{"href":"https:\/\/ramsdata.com.pl\/fr\/wp-json\/wp\/v2\/media?parent=31109"}],"curies":[{"name":"wp","href":"https:\/\/api.w.org\/{rel}","templated":true}]}}