{"id":31081,"date":"2024-11-08T14:18:59","date_gmt":"2024-11-08T14:18:59","guid":{"rendered":"https:\/\/ramsdata.com.pl\/clickup\/lequipe\/gestion-de-projet\/"},"modified":"2024-11-08T17:30:33","modified_gmt":"2024-11-08T17:30:33","slug":"gestion-de-projet","status":"publish","type":"page","link":"https:\/\/ramsdata.com.pl\/fr\/clickup-2\/lequipe\/gestion-de-projet\/","title":{"rendered":"Gestion de projet"},"content":{"rendered":"\t\t<div data-elementor-type=\"wp-page\" data-elementor-id=\"31081\" class=\"elementor elementor-31081 elementor-31080\" data-elementor-settings=\"{&quot;ha_cmc_init_switcher&quot;:&quot;no&quot;}\" data-elementor-post-type=\"page\">\n\t\t\t\t<div class=\"elementor-element elementor-element-1e06099 e-flex e-con-boxed e-con e-parent\" data-id=\"1e06099\" data-element_type=\"container\" data-e-type=\"container\" data-settings=\"{&quot;_ha_eqh_enable&quot;:false}\">\n\t\t\t\t\t<div class=\"e-con-inner\">\n\t\t<div class=\"elementor-element elementor-element-92c185e e-con-full e-flex e-con e-child\" data-id=\"92c185e\" data-element_type=\"container\" data-e-type=\"container\" data-settings=\"{&quot;_ha_eqh_enable&quot;:false}\">\n\t\t\t\t<div class=\"elementor-element elementor-element-00ae013 elementor-widget elementor-widget-heading\" data-id=\"00ae013\" data-element_type=\"widget\" data-e-type=\"widget\" data-widget_type=\"heading.default\">\n\t\t\t\t<div class=\"elementor-widget-container\">\n\t\t\t\t\t<h2 class=\"elementor-heading-title elementor-size-default\">La plateforme tout-en-un pour les projets<\/h2>\t\t\t\t<\/div>\n\t\t\t\t<\/div>\n\t\t\t\t<div class=\"elementor-element elementor-element-8d5625e elementor-widget elementor-widget-text-editor\" data-id=\"8d5625e\" data-element_type=\"widget\" data-e-type=\"widget\" data-widget_type=\"text-editor.default\">\n\t\t\t\t<div class=\"elementor-widget-container\">\n\t\t\t\t\t\t\t\t\t<p>ClickUp rapproche les \u00e9quipes gr\u00e2ce \u00e0 des flux de travail connect\u00e9s, des documents, des tableaux de bord en temps r\u00e9el et bien plus encore, permettant \u00e0 chacun d&rsquo;avancer plus rapidement, de travailler plus intelligemment et de gagner du temps.<\/p>\n\t\t\t\t\t\t\t\t<\/div>\n\t\t\t\t<\/div>\n\t\t\t\t<div class=\"elementor-element elementor-element-34defd5 elementor-icon-list--layout-traditional elementor-list-item-link-full_width elementor-widget elementor-widget-icon-list\" data-id=\"34defd5\" data-element_type=\"widget\" data-e-type=\"widget\" data-widget_type=\"icon-list.default\">\n\t\t\t\t<div class=\"elementor-widget-container\">\n\t\t\t\t\t\t\t<ul class=\"elementor-icon-list-items\">\n\t\t\t\t\t\t\t<li class=\"elementor-icon-list-item\">\n\t\t\t\t\t\t\t\t\t\t\t<span class=\"elementor-icon-list-icon\">\n\t\t\t\t\t\t\t<svg aria-hidden=\"true\" class=\"e-font-icon-svg e-far-dot-circle\" viewBox=\"0 0 512 512\" xmlns=\"http:\/\/www.w3.org\/2000\/svg\"><path d=\"M256 56c110.532 0 200 89.451 200 200 0 110.532-89.451 200-200 200-110.532 0-200-89.451-200-200 0-110.532 89.451-200 200-200m0-48C119.033 8 8 119.033 8 256s111.033 248 248 248 248-111.033 248-248S392.967 8 256 8zm0 168c-44.183 0-80 35.817-80 80s35.817 80 80 80 80-35.817 80-80-35.817-80-80-80z\"><\/path><\/svg>\t\t\t\t\t\t<\/span>\n\t\t\t\t\t\t\t\t\t\t<span class=\"elementor-icon-list-text\">Gestion des connaissances et du travail tout-en-un<\/span>\n\t\t\t\t\t\t\t\t\t<\/li>\n\t\t\t\t\t\t\t\t<li class=\"elementor-icon-list-item\">\n\t\t\t\t\t\t\t\t\t\t\t<span class=\"elementor-icon-list-icon\">\n\t\t\t\t\t\t\t<svg aria-hidden=\"true\" class=\"e-font-icon-svg e-far-dot-circle\" viewBox=\"0 0 512 512\" xmlns=\"http:\/\/www.w3.org\/2000\/svg\"><path d=\"M256 56c110.532 0 200 89.451 200 200 0 110.532-89.451 200-200 200-110.532 0-200-89.451-200-200 0-110.532 89.451-200 200-200m0-48C119.033 8 8 119.033 8 256s111.033 248 248 248 248-111.033 248-248S392.967 8 256 8zm0 168c-44.183 0-80 35.817-80 80s35.817 80 80 80 80-35.817 80-80-35.817-80-80-80z\"><\/path><\/svg>\t\t\t\t\t\t<\/span>\n\t\t\t\t\t\t\t\t\t\t<span class=\"elementor-icon-list-text\">Vues personnalis\u00e9es pour les projets interfonctionnels<\/span>\n\t\t\t\t\t\t\t\t\t<\/li>\n\t\t\t\t\t\t\t\t<li class=\"elementor-icon-list-item\">\n\t\t\t\t\t\t\t\t\t\t\t<span class=\"elementor-icon-list-icon\">\n\t\t\t\t\t\t\t<svg aria-hidden=\"true\" class=\"e-font-icon-svg e-far-dot-circle\" viewBox=\"0 0 512 512\" xmlns=\"http:\/\/www.w3.org\/2000\/svg\"><path d=\"M256 56c110.532 0 200 89.451 200 200 0 110.532-89.451 200-200 200-110.532 0-200-89.451-200-200 0-110.532 89.451-200 200-200m0-48C119.033 8 8 119.033 8 256s111.033 248 248 248 248-111.033 248-248S392.967 8 256 8zm0 168c-44.183 0-80 35.817-80 80s35.817 80 80 80 80-35.817 80-80-35.817-80-80-80z\"><\/path><\/svg>\t\t\t\t\t\t<\/span>\n\t\t\t\t\t\t\t\t\t\t<span class=\"elementor-icon-list-text\">Augmenter l'efficacit\u00e9 gr\u00e2ce \u00e0 l'automatisation et \u00e0 l'\u00e9tablissement de rapports<\/span>\n\t\t\t\t\t\t\t\t\t<\/li>\n\t\t\t\t\t\t\t\t<li class=\"elementor-icon-list-item\">\n\t\t\t\t\t\t\t\t\t\t\t<span class=\"elementor-icon-list-icon\">\n\t\t\t\t\t\t\t<svg aria-hidden=\"true\" class=\"e-font-icon-svg e-far-dot-circle\" viewBox=\"0 0 512 512\" xmlns=\"http:\/\/www.w3.org\/2000\/svg\"><path d=\"M256 56c110.532 0 200 89.451 200 200 0 110.532-89.451 200-200 200-110.532 0-200-89.451-200-200 0-110.532 89.451-200 200-200m0-48C119.033 8 8 119.033 8 256s111.033 248 248 248 248-111.033 248-248S392.967 8 256 8zm0 168c-44.183 0-80 35.817-80 80s35.817 80 80 80 80-35.817 80-80-35.817-80-80-80z\"><\/path><\/svg>\t\t\t\t\t\t<\/span>\n\t\t\t\t\t\t\t\t\t\t<span class=\"elementor-icon-list-text\">Normaliser et \u00e9tendre les meilleures pratiques en mati\u00e8re de gestion de projet<\/span>\n\t\t\t\t\t\t\t\t\t<\/li>\n\t\t\t\t\t\t<\/ul>\n\t\t\t\t\t\t<\/div>\n\t\t\t\t<\/div>\n\t\t\t\t<div class=\"elementor-element elementor-element-a574155 elementor-widget elementor-widget-button\" data-id=\"a574155\" data-element_type=\"widget\" data-e-type=\"widget\" data-widget_type=\"button.default\">\n\t\t\t\t<div class=\"elementor-widget-container\">\n\t\t\t\t\t\t\t\t\t<div class=\"elementor-button-wrapper\">\n\t\t\t\t\t<a class=\"elementor-button elementor-button-link elementor-size-sm\" href=\"#\">\n\t\t\t\t\t\t<span class=\"elementor-button-content-wrapper\">\n\t\t\t\t\t\t\t\t\t<span class=\"elementor-button-text\">Commencez<\/span>\n\t\t\t\t\t<\/span>\n\t\t\t\t\t<\/a>\n\t\t\t\t<\/div>\n\t\t\t\t\t\t\t\t<\/div>\n\t\t\t\t<\/div>\n\t\t\t\t<\/div>\n\t\t<div class=\"elementor-element elementor-element-aad09c4 e-con-full e-flex e-con e-child\" data-id=\"aad09c4\" data-element_type=\"container\" data-e-type=\"container\" data-settings=\"{&quot;_ha_eqh_enable&quot;:false}\">\n\t\t\t\t<div class=\"elementor-element elementor-element-c4c6ad9 elementor-widget elementor-widget-image\" data-id=\"c4c6ad9\" data-element_type=\"widget\" data-e-type=\"widget\" data-widget_type=\"image.default\">\n\t\t\t\t<div class=\"elementor-widget-container\">\n\t\t\t\t\t\t\t\t\t\t\t\t\t\t\t<img fetchpriority=\"high\" decoding=\"async\" width=\"800\" height=\"555\" src=\"https:\/\/ramsdata.com.pl\/wp-content\/uploads\/2024\/11\/OKR_Dashboard.avif\" class=\"attachment-large size-large wp-image-31210\" alt=\"OKR_Dashboard\" srcset=\"https:\/\/ramsdata.com.pl\/wp-content\/uploads\/2024\/11\/OKR_Dashboard.avif 800w, https:\/\/ramsdata.com.pl\/wp-content\/uploads\/2024\/11\/OKR_Dashboard-300x208.avif 300w, https:\/\/ramsdata.com.pl\/wp-content\/uploads\/2024\/11\/OKR_Dashboard-768x533.avif 768w\" sizes=\"(max-width: 800px) 100vw, 800px\" \/>\t\t\t\t\t\t\t\t\t\t\t\t\t\t\t<\/div>\n\t\t\t\t<\/div>\n\t\t\t\t<\/div>\n\t\t\t\t\t<\/div>\n\t\t\t\t<\/div>\n\t\t<div class=\"elementor-element elementor-element-7303516 e-flex e-con-boxed e-con e-parent\" data-id=\"7303516\" data-element_type=\"container\" data-e-type=\"container\" data-settings=\"{&quot;_ha_eqh_enable&quot;:false}\">\n\t\t\t\t\t<div class=\"e-con-inner\">\n\t\t\t\t<div class=\"elementor-element elementor-element-299a8ae elementor-widget elementor-widget-text-editor\" data-id=\"299a8ae\" data-element_type=\"widget\" data-e-type=\"widget\" data-widget_type=\"text-editor.default\">\n\t\t\t\t<div class=\"elementor-widget-container\">\n\t\t\t\t\t\t\t\t\tPlus de 2 millions d&rsquo;\u00e9quipes lui font confiance\n\n\t\t\t\t\t\t\t\t<\/div>\n\t\t\t\t<\/div>\n\t\t\t\t<div class=\"elementor-element elementor-element-c849c8f elementor-widget elementor-widget-image\" data-id=\"c849c8f\" data-element_type=\"widget\" data-e-type=\"widget\" data-widget_type=\"image.default\">\n\t\t\t\t<div class=\"elementor-widget-container\">\n\t\t\t\t\t\t\t\t\t\t\t\t\t\t\t<img decoding=\"async\" width=\"1315\" height=\"68\" src=\"https:\/\/ramsdata.com.pl\/wp-content\/uploads\/2024\/11\/Logos.png\" class=\"attachment-full size-full wp-image-31217\" alt=\"Logos\" srcset=\"https:\/\/ramsdata.com.pl\/wp-content\/uploads\/2024\/11\/Logos.png 1315w, https:\/\/ramsdata.com.pl\/wp-content\/uploads\/2024\/11\/Logos-300x16.png 300w, https:\/\/ramsdata.com.pl\/wp-content\/uploads\/2024\/11\/Logos-1024x53.png 1024w, https:\/\/ramsdata.com.pl\/wp-content\/uploads\/2024\/11\/Logos-768x40.png 768w\" sizes=\"(max-width: 1315px) 100vw, 1315px\" \/>\t\t\t\t\t\t\t\t\t\t\t\t\t\t\t<\/div>\n\t\t\t\t<\/div>\n\t\t\t\t\t<\/div>\n\t\t\t\t<\/div>\n\t\t<div class=\"elementor-element elementor-element-2cf450c e-flex e-con-boxed e-con e-parent\" data-id=\"2cf450c\" data-element_type=\"container\" data-e-type=\"container\" data-settings=\"{&quot;background_background&quot;:&quot;classic&quot;,&quot;_ha_eqh_enable&quot;:false}\">\n\t\t\t\t\t<div class=\"e-con-inner\">\n\t\t<div class=\"elementor-element elementor-element-5e1b73f e-con-full e-flex e-con e-child\" data-id=\"5e1b73f\" data-element_type=\"container\" data-e-type=\"container\" data-settings=\"{&quot;_ha_eqh_enable&quot;:false}\">\n\t\t\t\t<div class=\"elementor-element elementor-element-97062b8 ha-has-bg-overlay elementor-widget elementor-widget-text-editor\" data-id=\"97062b8\" data-element_type=\"widget\" data-e-type=\"widget\" data-widget_type=\"text-editor.default\">\n\t\t\t\t<div class=\"elementor-widget-container\">\n\t\t\t\t\t\t\t\t\tClickUp AI\n\n\t\t\t\t\t\t\t\t<\/div>\n\t\t\t\t<\/div>\n\t\t\t\t<div class=\"elementor-element elementor-element-8ba15e4 elementor-widget elementor-widget-heading\" data-id=\"8ba15e4\" data-element_type=\"widget\" data-e-type=\"widget\" data-widget_type=\"heading.default\">\n\t\t\t\t<div class=\"elementor-widget-container\">\n\t\t\t\t\t<h3 class=\"elementor-heading-title elementor-size-default\">Acc\u00e9l\u00e9rez vos projets avec ClickUp AI<\/h3>\t\t\t\t<\/div>\n\t\t\t\t<\/div>\n\t\t\t\t<div class=\"elementor-element elementor-element-ed6f06d elementor-widget elementor-widget-text-editor\" data-id=\"ed6f06d\" data-element_type=\"widget\" data-e-type=\"widget\" data-widget_type=\"text-editor.default\">\n\t\t\t\t<div class=\"elementor-widget-container\">\n\t\t\t\t\t\t\t\t\t<p>Acc\u00e9l\u00e9rez la planification et l&rsquo;ex\u00e9cution des projets avec ClickUp AI. G\u00e9n\u00e9rez automatiquement des sous-t\u00e2ches \u00e0 partir des descriptions de t\u00e2ches, r\u00e9sumez les fils de commentaires, r\u00e9digez des mises \u00e0 jour de mani\u00e8re autonome, et bien plus encore avec votre gestionnaire de projet IA. <\/p>\n\t\t\t\t\t\t\t\t<\/div>\n\t\t\t\t<\/div>\n\t\t\t\t<div class=\"elementor-element elementor-element-d56886b elementor-widget elementor-widget-button\" data-id=\"d56886b\" data-element_type=\"widget\" data-e-type=\"widget\" data-widget_type=\"button.default\">\n\t\t\t\t<div class=\"elementor-widget-container\">\n\t\t\t\t\t\t\t\t\t<div class=\"elementor-button-wrapper\">\n\t\t\t\t\t<a class=\"elementor-button elementor-button-link elementor-size-sm\" href=\"#\">\n\t\t\t\t\t\t<span class=\"elementor-button-content-wrapper\">\n\t\t\t\t\t\t\t\t\t<span class=\"elementor-button-text\">En savoir plus<\/span>\n\t\t\t\t\t<\/span>\n\t\t\t\t\t<\/a>\n\t\t\t\t<\/div>\n\t\t\t\t\t\t\t\t<\/div>\n\t\t\t\t<\/div>\n\t\t\t\t<\/div>\n\t\t<div class=\"elementor-element elementor-element-9b27e9d e-con-full e-flex e-con e-child\" data-id=\"9b27e9d\" data-element_type=\"container\" data-e-type=\"container\" data-settings=\"{&quot;_ha_eqh_enable&quot;:false}\">\n\t\t\t\t<div class=\"elementor-element elementor-element-7f3daee elementor-widget elementor-widget-image\" data-id=\"7f3daee\" data-element_type=\"widget\" data-e-type=\"widget\" data-widget_type=\"image.default\">\n\t\t\t\t<div class=\"elementor-widget-container\">\n\t\t\t\t\t\t\t\t\t\t\t\t\t\t\t<img fetchpriority=\"high\" decoding=\"async\" width=\"800\" height=\"555\" src=\"https:\/\/ramsdata.com.pl\/wp-content\/uploads\/2024\/11\/OKR_Dashboard.avif\" class=\"attachment-large size-large wp-image-31210\" alt=\"OKR_Dashboard\" srcset=\"https:\/\/ramsdata.com.pl\/wp-content\/uploads\/2024\/11\/OKR_Dashboard.avif 800w, https:\/\/ramsdata.com.pl\/wp-content\/uploads\/2024\/11\/OKR_Dashboard-300x208.avif 300w, https:\/\/ramsdata.com.pl\/wp-content\/uploads\/2024\/11\/OKR_Dashboard-768x533.avif 768w\" sizes=\"(max-width: 800px) 100vw, 800px\" \/>\t\t\t\t\t\t\t\t\t\t\t\t\t\t\t<\/div>\n\t\t\t\t<\/div>\n\t\t\t\t<\/div>\n\t\t\t\t\t<\/div>\n\t\t\t\t<\/div>\n\t\t<div class=\"elementor-element elementor-element-d6d2b01 e-flex e-con-boxed e-con e-parent\" data-id=\"d6d2b01\" data-element_type=\"container\" data-e-type=\"container\" data-settings=\"{&quot;background_background&quot;:&quot;classic&quot;,&quot;_ha_eqh_enable&quot;:false}\">\n\t\t\t\t\t<div class=\"e-con-inner\">\n\t\t<div class=\"elementor-element elementor-element-7e34b19 e-con-full e-flex e-con e-child\" data-id=\"7e34b19\" data-element_type=\"container\" data-e-type=\"container\" data-settings=\"{&quot;_ha_eqh_enable&quot;:false}\">\n\t\t\t\t<div class=\"elementor-element elementor-element-4317caf elementor-widget elementor-widget-image\" data-id=\"4317caf\" data-element_type=\"widget\" data-e-type=\"widget\" data-widget_type=\"image.default\">\n\t\t\t\t<div class=\"elementor-widget-container\">\n\t\t\t\t\t\t\t\t\t\t\t\t\t\t\t<img fetchpriority=\"high\" decoding=\"async\" width=\"800\" height=\"555\" src=\"https:\/\/ramsdata.com.pl\/wp-content\/uploads\/2024\/11\/OKR_Dashboard.avif\" class=\"attachment-large size-large wp-image-31210\" alt=\"OKR_Dashboard\" srcset=\"https:\/\/ramsdata.com.pl\/wp-content\/uploads\/2024\/11\/OKR_Dashboard.avif 800w, https:\/\/ramsdata.com.pl\/wp-content\/uploads\/2024\/11\/OKR_Dashboard-300x208.avif 300w, https:\/\/ramsdata.com.pl\/wp-content\/uploads\/2024\/11\/OKR_Dashboard-768x533.avif 768w\" sizes=\"(max-width: 800px) 100vw, 800px\" \/>\t\t\t\t\t\t\t\t\t\t\t\t\t\t\t<\/div>\n\t\t\t\t<\/div>\n\t\t\t\t<\/div>\n\t\t<div class=\"elementor-element elementor-element-08464e1 e-con-full e-flex e-con e-child\" data-id=\"08464e1\" data-element_type=\"container\" data-e-type=\"container\" data-settings=\"{&quot;_ha_eqh_enable&quot;:false}\">\n\t\t\t\t<div class=\"elementor-element elementor-element-5844970 ha-has-bg-overlay elementor-widget elementor-widget-text-editor\" data-id=\"5844970\" data-element_type=\"widget\" data-e-type=\"widget\" data-widget_type=\"text-editor.default\">\n\t\t\t\t<div class=\"elementor-widget-container\">\n\t\t\t\t\t\t\t\t\t<p>Fixer des priorit\u00e9s et planifier<\/p>\n\t\t\t\t\t\t\t\t<\/div>\n\t\t\t\t<\/div>\n\t\t\t\t<div class=\"elementor-element elementor-element-4472b22 elementor-widget elementor-widget-heading\" data-id=\"4472b22\" data-element_type=\"widget\" data-e-type=\"widget\" data-widget_type=\"heading.default\">\n\t\t\t\t<div class=\"elementor-widget-container\">\n\t\t\t\t\t<h3 class=\"elementor-heading-title elementor-size-default\">Ne perdez jamais de vue les priorit\u00e9s\n<\/h3>\t\t\t\t<\/div>\n\t\t\t\t<\/div>\n\t\t\t\t<div class=\"elementor-element elementor-element-f4b433d elementor-widget elementor-widget-text-editor\" data-id=\"f4b433d\" data-element_type=\"widget\" data-e-type=\"widget\" data-widget_type=\"text-editor.default\">\n\t\t\t\t<div class=\"elementor-widget-container\">\n\t\t\t\t\t\t\t\t\tPlanifiez et priorisez facilement en sachant que vous avez une visibilit\u00e9 sur tous les d\u00e9tails du projet et sur la fa\u00e7on dont ils s&rsquo;alignent sur les objectifs de l&rsquo;entreprise. Gr\u00e2ce \u00e0 ClickUp, les \u00e9quipes ont une vue d&rsquo;ensemble qui leur permet d&rsquo;\u00e9valuer et d&rsquo;allouer les ressources n\u00e9cessaires \u00e0 la r\u00e9alisation des projets les plus importants. \n\n\t\t\t\t\t\t\t\t<\/div>\n\t\t\t\t<\/div>\n\t\t\t\t<div class=\"elementor-element elementor-element-40122de elementor-widget elementor-widget-button\" data-id=\"40122de\" data-element_type=\"widget\" data-e-type=\"widget\" data-widget_type=\"button.default\">\n\t\t\t\t<div class=\"elementor-widget-container\">\n\t\t\t\t\t\t\t\t\t<div class=\"elementor-button-wrapper\">\n\t\t\t\t\t<a class=\"elementor-button elementor-button-link elementor-size-sm\" href=\"#\">\n\t\t\t\t\t\t<span class=\"elementor-button-content-wrapper\">\n\t\t\t\t\t\t\t\t\t<span class=\"elementor-button-text\">Commencez<\/span>\n\t\t\t\t\t<\/span>\n\t\t\t\t\t<\/a>\n\t\t\t\t<\/div>\n\t\t\t\t\t\t\t\t<\/div>\n\t\t\t\t<\/div>\n\t\t\t\t<\/div>\n\t\t\t\t\t<\/div>\n\t\t\t\t<\/div>\n\t\t\t\t<\/div>\n\t\t","protected":false},"excerpt":{"rendered":"<p>La plateforme tout-en-un pour les projets ClickUp rapproche les \u00e9quipes gr\u00e2ce \u00e0 des flux de travail connect\u00e9s, des documents, des tableaux de bord en temps r\u00e9el et bien plus encore, permettant \u00e0 chacun d&rsquo;avancer plus rapidement, de travailler plus intelligemment et de gagner du temps. Gestion des connaissances et du travail tout-en-un Vues personnalis\u00e9es pour [&hellip;]<\/p>\n","protected":false},"author":1,"featured_media":0,"parent":31024,"menu_order":0,"comment_status":"closed","ping_status":"closed","template":"","meta":{"_acf_changed":false,"om_disable_all_campaigns":false,"_monsterinsights_skip_tracking":false,"_monsterinsights_sitenote_active":false,"_monsterinsights_sitenote_note":"","_monsterinsights_sitenote_category":0,"_uf_show_specific_survey":0,"_uf_disable_surveys":false,"footnotes":""},"class_list":["post-31081","page","type-page","status-publish","hentry"],"acf":[],"aioseo_notices":[],"_links":{"self":[{"href":"https:\/\/ramsdata.com.pl\/fr\/wp-json\/wp\/v2\/pages\/31081","targetHints":{"allow":["GET"]}}],"collection":[{"href":"https:\/\/ramsdata.com.pl\/fr\/wp-json\/wp\/v2\/pages"}],"about":[{"href":"https:\/\/ramsdata.com.pl\/fr\/wp-json\/wp\/v2\/types\/page"}],"author":[{"embeddable":true,"href":"https:\/\/ramsdata.com.pl\/fr\/wp-json\/wp\/v2\/users\/1"}],"replies":[{"embeddable":true,"href":"https:\/\/ramsdata.com.pl\/fr\/wp-json\/wp\/v2\/comments?post=31081"}],"version-history":[{"count":4,"href":"https:\/\/ramsdata.com.pl\/fr\/wp-json\/wp\/v2\/pages\/31081\/revisions"}],"predecessor-version":[{"id":31248,"href":"https:\/\/ramsdata.com.pl\/fr\/wp-json\/wp\/v2\/pages\/31081\/revisions\/31248"}],"up":[{"embeddable":true,"href":"https:\/\/ramsdata.com.pl\/fr\/wp-json\/wp\/v2\/pages\/31024"}],"wp:attachment":[{"href":"https:\/\/ramsdata.com.pl\/fr\/wp-json\/wp\/v2\/media?parent=31081"}],"curies":[{"name":"wp","href":"https:\/\/api.w.org\/{rel}","templated":true}]}}