{"id":20735,"date":"2024-06-01T16:18:29","date_gmt":"2024-06-01T16:18:29","guid":{"rendered":"https:\/\/ramsdata.com.pl\/liste-de-prix\/"},"modified":"2024-06-01T16:23:42","modified_gmt":"2024-06-01T16:23:42","slug":"liste-de-prix","status":"publish","type":"page","link":"https:\/\/ramsdata.com.pl\/fr\/checkmk\/liste-de-prix\/","title":{"rendered":"LISTE DE PRIX"},"content":{"rendered":"\t\t<div data-elementor-type=\"wp-page\" data-elementor-id=\"20735\" class=\"elementor elementor-20735 elementor-20731\" data-elementor-settings=\"{&quot;ha_cmc_init_switcher&quot;:&quot;no&quot;}\" data-elementor-post-type=\"page\">\n\t\t\t\t<div class=\"elementor-element elementor-element-cc2259c e-flex e-con-boxed e-con e-parent\" data-id=\"cc2259c\" data-element_type=\"container\" data-e-type=\"container\" data-settings=\"{&quot;_ha_eqh_enable&quot;:false}\">\n\t\t\t\t\t<div class=\"e-con-inner\">\n\t\t<div class=\"elementor-element elementor-element-8363a12 e-con-full e-flex elementor-invisible e-con e-child\" data-id=\"8363a12\" data-element_type=\"container\" data-e-type=\"container\" data-settings=\"{&quot;animation&quot;:&quot;fadeInRight&quot;,&quot;_ha_eqh_enable&quot;:false}\">\n\t\t\t\t<div class=\"elementor-element elementor-element-47a1141 elementor-widget elementor-widget-heading\" data-id=\"47a1141\" data-element_type=\"widget\" data-e-type=\"widget\" data-widget_type=\"heading.default\">\n\t\t\t\t<div class=\"elementor-widget-container\">\n\t\t\t\t\t<h2 class=\"elementor-heading-title elementor-size-default\">Prix annuels en EUR :<\/h2>\t\t\t\t<\/div>\n\t\t\t\t<\/div>\n\t\t\t\t<div class=\"elementor-element elementor-element-f30f0f3 elementor-widget__width-initial elementor-widget elementor-widget-text-editor\" data-id=\"f30f0f3\" data-element_type=\"widget\" data-e-type=\"widget\" data-widget_type=\"text-editor.default\">\n\t\t\t\t<div class=\"elementor-widget-container\">\n\t\t\t\t\t\t\t\t\t<table>\n<tbody>\n<tr>\n<td>\n<p><b>Nombre de  <\/b><\/p>\n<p><b>contr\u00f4l\u00e9<\/b><\/p>\n<\/td>\n<td>\n<p><b>Checkmk Enterprise w\/<\/b><\/p>\n<\/td>\n<td colspan=\"2\">\n<p><b>Checkmk Enterprise pour les groupes et les services g\u00e9r\u00e9s w\/<\/b><\/p>\n<\/td>\n<td rowspan=\"2\">\n<p><b>Checkmk  <\/b><\/p>\n<p><b>Compl\u00e9ment d&rsquo;information :  <\/b><\/p>\n<p><b>virt1 (virtuel  <\/b><\/p>\n<p><b>appareil)  <\/b><\/p>\n<\/td>\n<\/tr>\n<tr>\n<td>\n<p><b>Services<\/b><b>Support Pro<\/b><\/p>\n<\/td>\n<td>\n<p><b>Avanc\u00e9  <\/b><\/p>\n<p><b>Soutien<\/b><\/p>\n<\/td>\n<td>\n<p><b>Soutien aux professionnels<\/b><\/p>\n<\/td>\n<td>\n<p><b>Avanc\u00e9  <\/b><\/p>\n<p><b>Soutien<\/b><\/p>\n<\/td>\n<\/tr>\n<tr>\n<td>\n<p><b>3,000 <\/b><span style=\"font-weight: 400;\">\u20ac<\/span><span style=\"font-weight: 400;\">2,100 <\/span> <\/p>\n<\/td>\n<td>\n<p><span style=\"font-weight: 400;\">\u20ac<\/span><span style=\"font-weight: 400;\">3,000 <\/span> <\/p>\n<\/td>\n<td>\n<p><span style=\"font-weight: 400;\">\u20ac<\/span><span style=\"font-weight: 400;\">3,000 <\/span> <\/p>\n<\/td>\n<td>\n<p><span style=\"font-weight: 400;\">\u20ac<\/span><span style=\"font-weight: 400;\">3,900 <\/span> <\/p>\n<\/td>\n<td>\n<p><span style=\"font-weight: 400;\">\u20ac<\/span><span style=\"font-weight: 400;\">360<\/span><\/p>\n<\/td>\n<\/tr>\n<tr>\n<td>\n<p><b>7,000 <\/b><span style=\"font-weight: 400;\">\u20ac<\/span><span style=\"font-weight: 400;\">3,300 <\/span> <\/p>\n<\/td>\n<td>\n<p><span style=\"font-weight: 400;\">\u20ac<\/span><span style=\"font-weight: 400;\">4,200 <\/span> <\/p>\n<\/td>\n<td>\n<p><span style=\"font-weight: 400;\">\u20ac<\/span><span style=\"font-weight: 400;\">4,800 <\/span> <\/p>\n<\/td>\n<td>\n<p><span style=\"font-weight: 400;\">\u20ac<\/span><span style=\"font-weight: 400;\">5,700 <\/span> <\/p>\n<\/td>\n<td>\n<p><span style=\"font-weight: 400;\">\u20ac<\/span><span style=\"font-weight: 400;\">600<\/span><\/p>\n<\/td>\n<\/tr>\n<tr>\n<td>\n<p><b>12,000 <\/b><span style=\"font-weight: 400;\">\u20ac<\/span><span style=\"font-weight: 400;\">4,800 <\/span> <\/p>\n<\/td>\n<td>\n<p><span style=\"font-weight: 400;\">\u20ac<\/span><span style=\"font-weight: 400;\">5,700 <\/span> <\/p>\n<\/td>\n<td>\n<p><span style=\"font-weight: 400;\">\u20ac<\/span><span style=\"font-weight: 400;\">6,900 <\/span> <\/p>\n<\/td>\n<td>\n<p><span style=\"font-weight: 400;\">\u20ac<\/span><span style=\"font-weight: 400;\">7,800 <\/span> <\/p>\n<\/td>\n<td>\n<p><span style=\"font-weight: 400;\">\u20ac<\/span><span style=\"font-weight: 400;\">720<\/span><\/p>\n<\/td>\n<\/tr>\n<tr>\n<td>\n<p><b>18,000 <\/b><span style=\"font-weight: 400;\">\u20ac<\/span><span style=\"font-weight: 400;\">6,000 <\/span> <\/p>\n<\/td>\n<td>\n<p><span style=\"font-weight: 400;\">\u20ac<\/span><span style=\"font-weight: 400;\">6,900 <\/span> <\/p>\n<\/td>\n<td>\n<p><span style=\"font-weight: 400;\">\u20ac<\/span><span style=\"font-weight: 400;\">9,600 <\/span> <\/p>\n<\/td>\n<td>\n<p><span style=\"font-weight: 400;\">\u20ac<\/span><span style=\"font-weight: 400;\">10,500 <\/span> <\/p>\n<\/td>\n<td>\n<p><span style=\"font-weight: 400;\">\u20ac<\/span><span style=\"font-weight: 400;\">840<\/span><\/p>\n<\/td>\n<\/tr>\n<tr>\n<td>\n<p><b>30,000 <\/b><span style=\"font-weight: 400;\">\u20ac<\/span><span style=\"font-weight: 400;\">9,000 <\/span> <\/p>\n<\/td>\n<td>\n<p><span style=\"font-weight: 400;\">\u20ac<\/span><span style=\"font-weight: 400;\">9,600 <\/span> <\/p>\n<\/td>\n<td>\n<p><span style=\"font-weight: 400;\">\u20ac<\/span><span style=\"font-weight: 400;\">13,500 <\/span> <\/p>\n<\/td>\n<td>\n<p><span style=\"font-weight: 400;\">\u20ac<\/span><span style=\"font-weight: 400;\">14,100 <\/span> <\/p>\n<\/td>\n<td>\n<p><span style=\"font-weight: 400;\">\u20ac<\/span><span style=\"font-weight: 400;\">960<\/span><\/p>\n<\/td>\n<\/tr>\n<tr>\n<td>\n<p><b>60,000 <\/b><span style=\"font-weight: 400;\">\u20ac<\/span><span style=\"font-weight: 400;\">16,500 <\/span> <\/p>\n<\/td>\n<td>\n<p><span style=\"font-weight: 400;\">\u20ac<\/span><span style=\"font-weight: 400;\">17,700 <\/span> <\/p>\n<\/td>\n<td>\n<p><span style=\"font-weight: 400;\">\u20ac<\/span><span style=\"font-weight: 400;\">18,900 <\/span> <\/p>\n<\/td>\n<td>\n<p><span style=\"font-weight: 400;\">\u20ac<\/span><span style=\"font-weight: 400;\">20,100 <\/span> <\/p>\n<\/td>\n<td>\n<p><span style=\"font-weight: 400;\">\u20ac<\/span><span style=\"font-weight: 400;\">1,200<\/span><\/p>\n<\/td>\n<\/tr>\n<tr>\n<td>\n<p><b>100,000 <\/b><span style=\"font-weight: 400;\">\u20ac<\/span><span style=\"font-weight: 400;\">25,800 <\/span> <\/p>\n<\/td>\n<td>\n<p><span style=\"font-weight: 400;\">\u20ac<\/span><span style=\"font-weight: 400;\">28,800 <\/span> <\/p>\n<\/td>\n<td>\n<p><span style=\"font-weight: 400;\">\u20ac<\/span><span style=\"font-weight: 400;\">25,800 <\/span> <\/p>\n<\/td>\n<td>\n<p><span style=\"font-weight: 400;\">\u20ac<\/span><span style=\"font-weight: 400;\">28,800 <\/span> <\/p>\n<\/td>\n<td>\n<p><span style=\"font-weight: 400;\">\u20ac<\/span><span style=\"font-weight: 400;\">1,500<\/span><\/p>\n<\/td>\n<\/tr>\n<tr>\n<td>\n<p><b>200,000 <\/b><span style=\"font-weight: 400;\">\u20ac<\/span><span style=\"font-weight: 400;\">45,000 <\/span> <\/p>\n<\/td>\n<td>\n<p><span style=\"font-weight: 400;\">\u20ac<\/span><span style=\"font-weight: 400;\">49,500 <\/span> <\/p>\n<\/td>\n<td>\n<p><span style=\"font-weight: 400;\">\u20ac<\/span><span style=\"font-weight: 400;\">45,000 <\/span> <\/p>\n<\/td>\n<td>\n<p><span style=\"font-weight: 400;\">\u20ac<\/span><span style=\"font-weight: 400;\">49,500 <\/span> <\/p>\n<\/td>\n<td>\n<p><span style=\"font-weight: 400;\">\u20ac<\/span><span style=\"font-weight: 400;\">2,000<\/span><\/p>\n<\/td>\n<\/tr>\n<\/tbody>\n<\/table>\n\t\t\t\t\t\t\t\t<\/div>\n\t\t\t\t<\/div>\n\t\t\t\t<div class=\"elementor-element elementor-element-7800e74 elementor-widget__width-initial elementor-widget elementor-widget-text-editor\" data-id=\"7800e74\" data-element_type=\"widget\" data-e-type=\"widget\" data-widget_type=\"text-editor.default\">\n\t\t\t\t<div class=\"elementor-widget-container\">\n\t\t\t\t\t\t\t\t\t<table>\n<tbody>\n<tr>\n<td>\n<p><b>Nombre de<\/b><\/p>\n<\/td>\n<td>\n<p><b>Checkmk Cloud (auto-h\u00e9berg\u00e9) w\/  <\/b><\/p>\n<\/td>\n<td colspan=\"2\">\n<p><b>Checkmk MSP w\/  <\/b><\/p>\n<\/td>\n<td rowspan=\"2\">\n<p><b>Checkmk  <\/b><\/p>\n<p><b>Compl\u00e9ment d&rsquo;information :  <\/b><\/p>\n<p><b>virt1 (virtuel  <\/b><\/p>\n<p><b>appareil)<\/b><\/p>\n<\/td>\n<\/tr>\n<tr>\n<td>\n<p><b>contr\u00f4l\u00e9  <\/b><\/p>\n<p><b>Services<\/b><b>Support Pro<\/b><\/p>\n<\/td>\n<td>\n<p><b>Avanc\u00e9  <\/b><\/p>\n<p><b>Soutien<\/b><\/p>\n<\/td>\n<td>\n<p><b>Soutien aux professionnels<\/b><\/p>\n<\/td>\n<td>\n<p><b>Avanc\u00e9  <\/b><\/p>\n<p><b>Soutien<\/b><\/p>\n<\/td>\n<\/tr>\n<tr>\n<td>\n<p><b>3,000 <\/b><span style=\"font-weight: 400;\">\u20ac<\/span><span style=\"font-weight: 400;\">3,000 <\/span> <\/p>\n<\/td>\n<td>\n<p><span style=\"font-weight: 400;\">\u20ac<\/span><span style=\"font-weight: 400;\">3,900 <\/span> <\/p>\n<\/td>\n<td>\n<p><span style=\"font-weight: 400;\">\u20ac<\/span><span style=\"font-weight: 400;\">3,300 <\/span> <\/p>\n<\/td>\n<td>\n<p><span style=\"font-weight: 400;\">\u20ac<\/span><span style=\"font-weight: 400;\">4,200 <\/span> <\/p>\n<\/td>\n<td>\n<p><span style=\"font-weight: 400;\">\u20ac<\/span><span style=\"font-weight: 400;\">360<\/span><\/p>\n<\/td>\n<\/tr>\n<tr>\n<td>\n<p><b>7,000 <\/b><span style=\"font-weight: 400;\">\u20ac<\/span><span style=\"font-weight: 400;\">4,800 <\/span> <\/p>\n<\/td>\n<td>\n<p><span style=\"font-weight: 400;\">\u20ac<\/span><span style=\"font-weight: 400;\">5,700 <\/span> <\/p>\n<\/td>\n<td>\n<p><span style=\"font-weight: 400;\">\u20ac<\/span><span style=\"font-weight: 400;\">5,100 <\/span> <\/p>\n<\/td>\n<td>\n<p><span style=\"font-weight: 400;\">\u20ac<\/span><span style=\"font-weight: 400;\">6,000 <\/span> <\/p>\n<\/td>\n<td>\n<p><span style=\"font-weight: 400;\">\u20ac<\/span><span style=\"font-weight: 400;\">600<\/span><\/p>\n<\/td>\n<\/tr>\n<tr>\n<td>\n<p><b>12,000 <\/b><span style=\"font-weight: 400;\">\u20ac<\/span><span style=\"font-weight: 400;\">6,900 <\/span> <\/p>\n<\/td>\n<td>\n<p><span style=\"font-weight: 400;\">\u20ac<\/span><span style=\"font-weight: 400;\">7,800 <\/span> <\/p>\n<\/td>\n<td>\n<p><span style=\"font-weight: 400;\">\u20ac<\/span><span style=\"font-weight: 400;\">7,500 <\/span> <\/p>\n<\/td>\n<td>\n<p><span style=\"font-weight: 400;\">\u20ac<\/span><span style=\"font-weight: 400;\">8,400 <\/span> <\/p>\n<\/td>\n<td>\n<p><span style=\"font-weight: 400;\">\u20ac<\/span><span style=\"font-weight: 400;\">720<\/span><\/p>\n<\/td>\n<\/tr>\n<tr>\n<td>\n<p><b>18,000 <\/b><span style=\"font-weight: 400;\">\u20ac<\/span><span style=\"font-weight: 400;\">9,600 <\/span> <\/p>\n<\/td>\n<td>\n<p><span style=\"font-weight: 400;\">\u20ac<\/span><span style=\"font-weight: 400;\">10,500 <\/span> <\/p>\n<\/td>\n<td>\n<p><span style=\"font-weight: 400;\">\u20ac<\/span><span style=\"font-weight: 400;\">10,500 <\/span> <\/p>\n<\/td>\n<td>\n<p><span style=\"font-weight: 400;\">\u20ac<\/span><span style=\"font-weight: 400;\">11,400 <\/span> <\/p>\n<\/td>\n<td>\n<p><span style=\"font-weight: 400;\">\u20ac<\/span><span style=\"font-weight: 400;\">840<\/span><\/p>\n<\/td>\n<\/tr>\n<tr>\n<td>\n<p><b>30,000 <\/b><span style=\"font-weight: 400;\">\u20ac<\/span><span style=\"font-weight: 400;\">15,000 <\/span> <\/p>\n<\/td>\n<td>\n<p><span style=\"font-weight: 400;\">\u20ac<\/span><span style=\"font-weight: 400;\">15,600 <\/span> <\/p>\n<\/td>\n<td>\n<p><span style=\"font-weight: 400;\">\u20ac<\/span><span style=\"font-weight: 400;\">16,800 <\/span> <\/p>\n<\/td>\n<td>\n<p><span style=\"font-weight: 400;\">\u20ac<\/span><span style=\"font-weight: 400;\">17,400 <\/span> <\/p>\n<\/td>\n<td>\n<p><span style=\"font-weight: 400;\">\u20ac<\/span><span style=\"font-weight: 400;\">960<\/span><\/p>\n<\/td>\n<\/tr>\n<tr>\n<td>\n<p><b>60,000 <\/b><span style=\"font-weight: 400;\">\u20ac<\/span><span style=\"font-weight: 400;\">29,400 <\/span> <\/p>\n<\/td>\n<td>\n<p><span style=\"font-weight: 400;\">\u20ac<\/span><span style=\"font-weight: 400;\">30,600 <\/span> <\/p>\n<\/td>\n<td>\n<p><span style=\"font-weight: 400;\">\u20ac<\/span><span style=\"font-weight: 400;\">32,400 <\/span> <\/p>\n<\/td>\n<td>\n<p><span style=\"font-weight: 400;\">\u20ac<\/span><span style=\"font-weight: 400;\">33,600 <\/span> <\/p>\n<\/td>\n<td>\n<p><span style=\"font-weight: 400;\">\u20ac<\/span><span style=\"font-weight: 400;\">1,200<\/span><\/p>\n<\/td>\n<\/tr>\n<tr>\n<td>\n<p><b>100,000 <\/b><span style=\"font-weight: 400;\">\u20ac<\/span><span style=\"font-weight: 400;\">47,700 <\/span> <\/p>\n<\/td>\n<td>\n<p><span style=\"font-weight: 400;\">\u20ac<\/span><span style=\"font-weight: 400;\">50,700 <\/span> <\/p>\n<\/td>\n<td>\n<p><span style=\"font-weight: 400;\">\u20ac<\/span><span style=\"font-weight: 400;\">51,960 <\/span> <\/p>\n<\/td>\n<td>\n<p><span style=\"font-weight: 400;\">\u20ac<\/span><span style=\"font-weight: 400;\">54,960 <\/span> <\/p>\n<\/td>\n<td>\n<p><span style=\"font-weight: 400;\">\u20ac<\/span><span style=\"font-weight: 400;\">1,500<\/span><\/p>\n<\/td>\n<\/tr>\n<tr>\n<td>\n<p><b>200,000 <\/b><span style=\"font-weight: 400;\">\u20ac<\/span><span style=\"font-weight: 400;\">89,100 <\/span> <\/p>\n<\/td>\n<td>\n<p><span style=\"font-weight: 400;\">\u20ac<\/span><span style=\"font-weight: 400;\">93,600 <\/span> <\/p>\n<\/td>\n<td>\n<p><span style=\"font-weight: 400;\">\u20ac<\/span><span style=\"font-weight: 400;\">97,800 <\/span> <\/p>\n<\/td>\n<td>\n<p><span style=\"font-weight: 400;\">\u20ac<\/span><span style=\"font-weight: 400;\">102,300 <\/span> <\/p>\n<\/td>\n<td>\n<p><span style=\"font-weight: 400;\">\u20ac<\/span><span style=\"font-weight: 400;\">2,000<\/span><\/p>\n<\/td>\n<\/tr>\n<\/tbody>\n<\/table>\n\t\t\t\t\t\t\t\t<\/div>\n\t\t\t\t<\/div>\n\t\t\t\t<div class=\"elementor-element elementor-element-477c219 elementor-widget__width-initial elementor-widget elementor-widget-text-editor\" data-id=\"477c219\" data-element_type=\"widget\" data-e-type=\"widget\" data-widget_type=\"text-editor.default\">\n\t\t\t\t<div class=\"elementor-widget-container\">\n\t\t\t\t\t\t\t\t\t<table>\n<tbody>\n<tr>\n<td>\n<p><b>Checkmk Add-on :  <\/b><\/p>\n<p><b>int\u00e9gration ntop<\/b><\/p>\n<\/td>\n<td>\n<p><span style=\"font-weight: 400;\">\u20ac<\/span><span style=\"font-weight: 400;\">600<\/span><\/p>\n<\/td>\n<\/tr>\n<\/tbody>\n<\/table>\n\t\t\t\t\t\t\t\t<\/div>\n\t\t\t\t<\/div>\n\t\t\t\t<div class=\"elementor-element elementor-element-86c01f7 elementor-widget__width-initial elementor-widget elementor-widget-text-editor\" data-id=\"86c01f7\" data-element_type=\"widget\" data-e-type=\"widget\" data-widget_type=\"text-editor.default\">\n\t\t\t\t<div class=\"elementor-widget-container\">\n\t\t\t\t\t\t\t\t\t<table>\n<tbody>\n<tr>\n<td colspan=\"2\">\n<p><b>Checkmk Add-on :  <\/b><\/p>\n<p><b>Surveillance synth\u00e9tique<\/b><\/p>\n<\/td>\n<\/tr>\n<tr>\n<td>\n<p><span style=\"font-weight: 400;\">Au moins 10 tests synth\u00e9tiques  <\/span><\/p>\n<\/td>\n<td>\n<p><span style=\"font-weight: 400;\">\u20ac<\/span><span style=\"font-weight: 400;\">1,800<\/span><\/p>\n<\/td>\n<\/tr>\n<\/tbody>\n<\/table>\n<p><span style=\"font-weight: 400;\">Tests synth\u00e9tiques suppl\u00e9mentaires <\/span><span style=\"font-weight: 400;\">\u20ac<\/span><span style=\"font-weight: 400;\">180 <\/span> <\/p><\/p>\n\t\t\t\t\t\t\t\t<\/div>\n\t\t\t\t<\/div>\n\t\t\t\t<div class=\"elementor-element elementor-element-806d128 elementor-align-center elementor-widget elementor-widget-button\" data-id=\"806d128\" data-element_type=\"widget\" data-e-type=\"widget\" data-widget_type=\"button.default\">\n\t\t\t\t<div class=\"elementor-widget-container\">\n\t\t\t\t\t\t\t\t\t<div class=\"elementor-button-wrapper\">\n\t\t\t\t\t<a class=\"elementor-button elementor-button-link elementor-size-sm\" href=\"https:\/\/ramsdata.com.pl\/fr\/contact\/\">\n\t\t\t\t\t\t<span class=\"elementor-button-content-wrapper\">\n\t\t\t\t\t\t\t\t\t<span class=\"elementor-button-text\">Demande d'offre individuelle<\/span>\n\t\t\t\t\t<\/span>\n\t\t\t\t\t<\/a>\n\t\t\t\t<\/div>\n\t\t\t\t\t\t\t\t<\/div>\n\t\t\t\t<\/div>\n\t\t\t\t<\/div>\n\t\t\t\t\t<\/div>\n\t\t\t\t<\/div>\n\t\t\t\t<\/div>\n\t\t","protected":false},"excerpt":{"rendered":"<p>Prix annuels en EUR : Nombre de contr\u00f4l\u00e9 Checkmk Enterprise w\/ Checkmk Enterprise pour les groupes et les services g\u00e9r\u00e9s w\/ Checkmk Compl\u00e9ment d&rsquo;information : virt1 (virtuel appareil) ServicesSupport Pro Avanc\u00e9 Soutien Soutien aux professionnels Avanc\u00e9 Soutien 3,000 \u20ac2,100 \u20ac3,000 \u20ac3,000 \u20ac3,900 \u20ac360 7,000 \u20ac3,300 \u20ac4,200 \u20ac4,800 \u20ac5,700 \u20ac600 12,000 \u20ac4,800 \u20ac5,700 \u20ac6,900 \u20ac7,800 \u20ac720 [&hellip;]<\/p>\n","protected":false},"author":1,"featured_media":0,"parent":14931,"menu_order":0,"comment_status":"closed","ping_status":"closed","template":"","meta":{"_acf_changed":false,"om_disable_all_campaigns":false,"_monsterinsights_skip_tracking":false,"_monsterinsights_sitenote_active":false,"_monsterinsights_sitenote_note":"","_monsterinsights_sitenote_category":0,"_uf_show_specific_survey":0,"_uf_disable_surveys":false,"footnotes":""},"class_list":["post-20735","page","type-page","status-publish","hentry"],"acf":[],"aioseo_notices":[],"_links":{"self":[{"href":"https:\/\/ramsdata.com.pl\/fr\/wp-json\/wp\/v2\/pages\/20735","targetHints":{"allow":["GET"]}}],"collection":[{"href":"https:\/\/ramsdata.com.pl\/fr\/wp-json\/wp\/v2\/pages"}],"about":[{"href":"https:\/\/ramsdata.com.pl\/fr\/wp-json\/wp\/v2\/types\/page"}],"author":[{"embeddable":true,"href":"https:\/\/ramsdata.com.pl\/fr\/wp-json\/wp\/v2\/users\/1"}],"replies":[{"embeddable":true,"href":"https:\/\/ramsdata.com.pl\/fr\/wp-json\/wp\/v2\/comments?post=20735"}],"version-history":[{"count":3,"href":"https:\/\/ramsdata.com.pl\/fr\/wp-json\/wp\/v2\/pages\/20735\/revisions"}],"predecessor-version":[{"id":20755,"href":"https:\/\/ramsdata.com.pl\/fr\/wp-json\/wp\/v2\/pages\/20735\/revisions\/20755"}],"up":[{"embeddable":true,"href":"https:\/\/ramsdata.com.pl\/fr\/wp-json\/wp\/v2\/pages\/14931"}],"wp:attachment":[{"href":"https:\/\/ramsdata.com.pl\/fr\/wp-json\/wp\/v2\/media?parent=20735"}],"curies":[{"name":"wp","href":"https:\/\/api.w.org\/{rel}","templated":true}]}}