{"id":15870,"date":"2024-03-05T02:20:43","date_gmt":"2024-03-05T02:20:43","guid":{"rendered":"https:\/\/ramsdata.com.pl\/offre\/les-technologies-de-la-communication\/"},"modified":"2024-03-16T11:58:45","modified_gmt":"2024-03-16T11:58:45","slug":"les-technologies-de-la-communication","status":"publish","type":"page","link":"https:\/\/ramsdata.com.pl\/fr\/offre\/les-technologies-de-la-communication\/","title":{"rendered":"LES TECHNOLOGIES DE LA COMMUNICATION"},"content":{"rendered":"\t\t<div data-elementor-type=\"wp-page\" data-elementor-id=\"15870\" class=\"elementor elementor-15870 elementor-11732\" data-elementor-settings=\"{&quot;ha_cmc_init_switcher&quot;:&quot;no&quot;}\" data-elementor-post-type=\"page\">\n\t\t\t\t<div class=\"elementor-element elementor-element-5f7bbade e-flex e-con-boxed e-con e-parent\" data-id=\"5f7bbade\" data-element_type=\"container\" data-e-type=\"container\" data-settings=\"{&quot;background_background&quot;:&quot;classic&quot;,&quot;_ha_eqh_enable&quot;:false}\">\n\t\t\t\t\t<div class=\"e-con-inner\">\n\t\t<div class=\"elementor-element elementor-element-3199f5cf e-con-full e-flex elementor-invisible e-con e-child\" data-id=\"3199f5cf\" data-element_type=\"container\" data-e-type=\"container\" data-settings=\"{&quot;animation&quot;:&quot;fadeInDown&quot;,&quot;_ha_eqh_enable&quot;:false}\">\n\t\t\t\t<div class=\"elementor-element elementor-element-d76c296 elementor-widget elementor-widget-heading\" data-id=\"d76c296\" data-element_type=\"widget\" data-e-type=\"widget\" data-widget_type=\"heading.default\">\n\t\t\t\t<div class=\"elementor-widget-container\">\n\t\t\t\t\t<h2 class=\"elementor-heading-title elementor-size-default\">LES TECHNOLOGIES DE LA COMMUNICATION\n<\/h2>\t\t\t\t<\/div>\n\t\t\t\t<\/div>\n\t\t\t\t<\/div>\n\t\t\t\t\t<\/div>\n\t\t\t\t<\/div>\n\t\t<div class=\"elementor-element elementor-element-638ab021 e-flex e-con-boxed e-con e-parent\" data-id=\"638ab021\" data-element_type=\"container\" data-e-type=\"container\" data-settings=\"{&quot;_ha_eqh_enable&quot;:false}\">\n\t\t\t\t\t<div class=\"e-con-inner\">\n\t\t<div class=\"elementor-element elementor-element-62d47d60 e-con-full e-flex e-con e-child\" data-id=\"62d47d60\" data-element_type=\"container\" data-e-type=\"container\" data-settings=\"{&quot;_ha_eqh_enable&quot;:false}\">\n\t\t\t\t<div class=\"elementor-element elementor-element-3ae532a6 elementor-widget elementor-widget-image\" data-id=\"3ae532a6\" data-element_type=\"widget\" data-e-type=\"widget\" data-widget_type=\"image.default\">\n\t\t\t\t<div class=\"elementor-widget-container\">\n\t\t\t\t\t\t\t\t\t\t\t\t\t\t\t<img fetchpriority=\"high\" decoding=\"async\" width=\"335\" height=\"200\" src=\"https:\/\/ramsdata.com.pl\/wp-content\/uploads\/2024\/03\/telekomunikacja-335x200.jpg.webp\" class=\"attachment-full size-full wp-image-14511\" alt=\"\" srcset=\"https:\/\/ramsdata.com.pl\/wp-content\/uploads\/2024\/03\/telekomunikacja-335x200.jpg.webp 335w, https:\/\/ramsdata.com.pl\/wp-content\/uploads\/2024\/03\/telekomunikacja-335x200.jpg-300x179.webp 300w\" sizes=\"(max-width: 335px) 100vw, 335px\" \/>\t\t\t\t\t\t\t\t\t\t\t\t\t\t\t<\/div>\n\t\t\t\t<\/div>\n\t\t\t\t<\/div>\n\t\t<div class=\"elementor-element elementor-element-75d8f0e3 e-con-full e-flex e-con e-child\" data-id=\"75d8f0e3\" data-element_type=\"container\" data-e-type=\"container\" data-settings=\"{&quot;_ha_eqh_enable&quot;:false}\">\n\t\t\t\t<div class=\"elementor-element elementor-element-4334a70c elementor-widget__width-initial elementor-widget elementor-widget-text-editor\" data-id=\"4334a70c\" data-element_type=\"widget\" data-e-type=\"widget\" data-widget_type=\"text-editor.default\">\n\t\t\t\t<div class=\"elementor-widget-container\">\n\t\t\t\t\t\t\t\t\t<p>Les t\u00e9l\u00e9communications sont un terme g\u00e9n\u00e9rique d\u00e9signant un large \u00e9ventail de technologies qui transmettent des informations \u00e0 distance. Les t\u00e9l\u00e9phones mobiles, les t\u00e9l\u00e9phones fixes, les t\u00e9l\u00e9phones par satellite et la voix sur IP (VoIP) sont autant de technologies qui rel\u00e8vent de l&rsquo;un des domaines des t\u00e9l\u00e9communications. La radio, la t\u00e9l\u00e9vision et les r\u00e9seaux de diffusion sont d&rsquo;autres exemples qui r\u00e9pondent aux besoins de communication de diff\u00e9rentes mani\u00e8res. Les progr\u00e8s des t\u00e9l\u00e9communications ont consid\u00e9rablement chang\u00e9 le monde. Les gens ont aujourd&rsquo;hui de nombreuses possibilit\u00e9s de voir et d&rsquo;entendre ce qui se passe \u00e0 l&rsquo;autre bout du monde. La technologie satellitaire, la t\u00e9l\u00e9vision, l&rsquo;internet et plus largement la t\u00e9l\u00e9phonie sont les outils utilis\u00e9s pour passer des appels de communication et traiter la voix et la vid\u00e9o en temps r\u00e9el.<\/p>\n<p>T\u00e9l\u00e9communications<\/p>\n\t\t\t\t\t\t\t\t<\/div>\n\t\t\t\t<\/div>\n\t\t\t\t<\/div>\n\t\t\t\t\t<\/div>\n\t\t\t\t<\/div>\n\t\t<div class=\"elementor-element elementor-element-24487ad5 e-flex e-con-boxed e-con e-parent\" data-id=\"24487ad5\" data-element_type=\"container\" data-e-type=\"container\" data-settings=\"{&quot;background_background&quot;:&quot;classic&quot;,&quot;_ha_eqh_enable&quot;:false}\">\n\t\t\t\t\t<div class=\"e-con-inner\">\n\t\t<div class=\"elementor-element elementor-element-0520f42 e-flex e-con-boxed e-con e-child\" data-id=\"0520f42\" data-element_type=\"container\" data-e-type=\"container\" data-settings=\"{&quot;_ha_eqh_enable&quot;:false}\">\n\t\t\t\t\t<div class=\"e-con-inner\">\n\t\t<div class=\"elementor-element elementor-element-c0e5595 e-flex e-con-boxed e-con e-child\" data-id=\"c0e5595\" data-element_type=\"container\" data-e-type=\"container\" data-settings=\"{&quot;background_background&quot;:&quot;classic&quot;,&quot;_ha_eqh_enable&quot;:false}\">\n\t\t\t\t\t<div class=\"e-con-inner\">\n\t\t\t\t<div class=\"elementor-element elementor-element-4b10fa3 elementor-widget elementor-widget-text-editor\" data-id=\"4b10fa3\" data-element_type=\"widget\" data-e-type=\"widget\" data-widget_type=\"text-editor.default\">\n\t\t\t\t<div class=\"elementor-widget-container\">\n\t\t\t\t\t\t\t\t\t<p>Les t\u00e9l\u00e9communications sont un terme g\u00e9n\u00e9rique d\u00e9signant un large \u00e9ventail de technologies qui transmettent des informations \u00e0 distance. Les t\u00e9l\u00e9phones mobiles, les t\u00e9l\u00e9phones fixes, les t\u00e9l\u00e9phones par satellite et la voix sur IP (VoIP) sont autant de technologies qui rel\u00e8vent de l&rsquo;un des domaines des t\u00e9l\u00e9communications. La radio, la t\u00e9l\u00e9vision et les r\u00e9seaux de diffusion sont d&rsquo;autres exemples qui r\u00e9pondent aux besoins de communication de diff\u00e9rentes mani\u00e8res. Les progr\u00e8s des t\u00e9l\u00e9communications ont consid\u00e9rablement chang\u00e9 le monde. Les gens ont aujourd&rsquo;hui de nombreuses possibilit\u00e9s de voir et d&rsquo;entendre ce qui se passe \u00e0 l&rsquo;autre bout du monde. La technologie satellitaire, la t\u00e9l\u00e9vision, l&rsquo;internet et plus largement la t\u00e9l\u00e9phonie sont les outils utilis\u00e9s pour passer des appels de communication et traiter la voix et la vid\u00e9o en temps r\u00e9el.<\/p>\n\t\t\t\t\t\t\t\t<\/div>\n\t\t\t\t<\/div>\n\t\t\t\t\t<\/div>\n\t\t\t\t<\/div>\n\t\t<div class=\"elementor-element elementor-element-fd6af34 e-flex e-con-boxed e-con e-child\" data-id=\"fd6af34\" data-element_type=\"container\" data-e-type=\"container\" data-settings=\"{&quot;background_background&quot;:&quot;classic&quot;,&quot;_ha_eqh_enable&quot;:false}\">\n\t\t\t\t\t<div class=\"e-con-inner\">\n\t\t\t\t<div class=\"elementor-element elementor-element-7e997ba elementor-widget elementor-widget-text-editor\" data-id=\"7e997ba\" data-element_type=\"widget\" data-e-type=\"widget\" data-widget_type=\"text-editor.default\">\n\t\t\t\t<div class=\"elementor-widget-container\">\n\t\t\t\t\t\t\t\t\t<p>Les t\u00e9l\u00e9communications sont un terme g\u00e9n\u00e9rique d\u00e9signant un large \u00e9ventail de technologies qui transmettent des informations \u00e0 distance. Les t\u00e9l\u00e9phones mobiles, les t\u00e9l\u00e9phones fixes, les t\u00e9l\u00e9phones par satellite et la voix sur IP (VoIP) sont autant de technologies qui rel\u00e8vent de l&rsquo;un des domaines des t\u00e9l\u00e9communications. La radio, la t\u00e9l\u00e9vision et les r\u00e9seaux de diffusion sont d&rsquo;autres exemples qui r\u00e9pondent aux besoins de communication de diff\u00e9rentes mani\u00e8res. Les progr\u00e8s des t\u00e9l\u00e9communications ont consid\u00e9rablement chang\u00e9 le monde. Les gens ont aujourd&rsquo;hui de nombreuses possibilit\u00e9s de voir et d&rsquo;entendre ce qui se passe \u00e0 l&rsquo;autre bout du monde. La technologie satellitaire, la t\u00e9l\u00e9vision, l&rsquo;internet et plus largement la t\u00e9l\u00e9phonie sont les outils utilis\u00e9s pour passer des appels de communication et traiter la voix et la vid\u00e9o en temps r\u00e9el.<\/p>\n\t\t\t\t\t\t\t\t<\/div>\n\t\t\t\t<\/div>\n\t\t\t\t\t<\/div>\n\t\t\t\t<\/div>\n\t\t\t\t\t<\/div>\n\t\t\t\t<\/div>\n\t\t<div class=\"elementor-element elementor-element-d0e18c0 e-flex e-con-boxed e-con e-child\" data-id=\"d0e18c0\" data-element_type=\"container\" data-e-type=\"container\" data-settings=\"{&quot;_ha_eqh_enable&quot;:false}\">\n\t\t\t\t\t<div class=\"e-con-inner\">\n\t\t<div class=\"elementor-element elementor-element-db30894 e-flex e-con-boxed e-con e-child\" data-id=\"db30894\" data-element_type=\"container\" data-e-type=\"container\" data-settings=\"{&quot;background_background&quot;:&quot;classic&quot;,&quot;_ha_eqh_enable&quot;:false}\">\n\t\t\t\t\t<div class=\"e-con-inner\">\n\t\t\t\t<div class=\"elementor-element elementor-element-d52ce49 elementor-widget elementor-widget-text-editor\" data-id=\"d52ce49\" data-element_type=\"widget\" data-e-type=\"widget\" data-widget_type=\"text-editor.default\">\n\t\t\t\t<div class=\"elementor-widget-container\">\n\t\t\t\t\t\t\t\t\t<div class=\"elementor-element elementor-element-6fe624b elementor-widget elementor-widget-text-editor\" data-id=\"6fe624b\" data-element_type=\"widget\" data-widget_type=\"text-editor.default\">\n<div class=\"elementor-widget-container\">\n<p>La t\u00e9l\u00e9phonie IP DECT, bas\u00e9e sur la technologie IP (Internet Protocol), est une autre technologie qui am\u00e9liore la communication et r\u00e9duit ainsi les co\u00fbts d&rsquo;exploitation des entreprises. Le syst\u00e8me IP DECT int\u00e9gr\u00e9 permet une communication mobile au sein de l&rsquo;entreprise. C&rsquo;est la plateforme id\u00e9ale pour d\u00e9ployer une infrastructure de communication sans fil fiable qui peut \u00eatre int\u00e9gr\u00e9e aux syst\u00e8mes et applications existants en utilisant le protocole IP. Les syst\u00e8mes DECT IP permettent de passer des appels de haute qualit\u00e9 et de transf\u00e9rer des donn\u00e9es via le r\u00e9seau local et le r\u00e9seau \u00e9tendu. L&rsquo;infrastructure IP existante peut \u00eatre utilis\u00e9e pour d\u00e9ployer et \u00e9tendre les syst\u00e8mes de t\u00e9l\u00e9communications. Le syst\u00e8me peut \u00eatre \u00e9tendu \u00e0 tout moment en ajoutant des solutions de messagerie, de s\u00e9curit\u00e9 et de localisation. Un syst\u00e8me \u00e9prouv\u00e9 avec des points de contr\u00f4le et des dispositifs d&rsquo;alarme personnelle est d\u00e9sormais disponible pour de nombreux domaines d&rsquo;application. La connectivit\u00e9 professionnelle sans fil, la s\u00e9curit\u00e9 personnelle des employ\u00e9s et la t\u00e9l\u00e9phonie vocale sont d\u00e9sormais r\u00e9unies dans la technologie IP DECT. Par cons\u00e9quent, cette technologie commence \u00e0 devenir de plus en plus populaire et dominante sur le march\u00e9.<\/p>\n<\/div>\n<\/div>\n\t\t\t\t\t\t\t\t<\/div>\n\t\t\t\t<\/div>\n\t\t\t\t\t<\/div>\n\t\t\t\t<\/div>\n\t\t\t\t\t<\/div>\n\t\t\t\t<\/div>\n\t\t\t\t\t<\/div>\n\t\t\t\t<\/div>\n\t\t<div class=\"elementor-element elementor-element-92c2b6b e-flex e-con-boxed e-con e-parent\" data-id=\"92c2b6b\" data-element_type=\"container\" data-e-type=\"container\" data-settings=\"{&quot;_ha_eqh_enable&quot;:false}\">\n\t\t\t\t\t<div class=\"e-con-inner\">\n\t\t<div class=\"elementor-element elementor-element-73af792 e-flex e-con-boxed e-con e-child\" data-id=\"73af792\" data-element_type=\"container\" data-e-type=\"container\" data-settings=\"{&quot;_ha_eqh_enable&quot;:false}\">\n\t\t\t\t\t<div class=\"e-con-inner\">\n\t\t<div class=\"elementor-element elementor-element-7141563 e-flex e-con-boxed e-con e-child\" data-id=\"7141563\" data-element_type=\"container\" data-e-type=\"container\" data-settings=\"{&quot;background_background&quot;:&quot;classic&quot;,&quot;_ha_eqh_enable&quot;:false}\">\n\t\t\t\t\t<div class=\"e-con-inner\">\n\t\t<div class=\"elementor-element elementor-element-a3eb80c e-flex e-con-boxed e-con e-child\" data-id=\"a3eb80c\" data-element_type=\"container\" data-e-type=\"container\" data-settings=\"{&quot;background_background&quot;:&quot;classic&quot;,&quot;_ha_eqh_enable&quot;:false}\">\n\t\t\t\t\t<div class=\"e-con-inner\">\n\t\t\t\t<div class=\"elementor-element elementor-element-c106c04 elementor-widget elementor-widget-image\" data-id=\"c106c04\" data-element_type=\"widget\" data-e-type=\"widget\" data-widget_type=\"image.default\">\n\t\t\t\t<div class=\"elementor-widget-container\">\n\t\t\t\t\t\t\t\t\t\t\t\t\t\t\t<img decoding=\"async\" width=\"758\" height=\"200\" src=\"https:\/\/ramsdata.com.pl\/wp-content\/uploads\/2024\/03\/producenci_saltdna.png\" class=\"attachment-large size-large wp-image-14516\" alt=\"\" srcset=\"https:\/\/ramsdata.com.pl\/wp-content\/uploads\/2024\/03\/producenci_saltdna.png 758w, https:\/\/ramsdata.com.pl\/wp-content\/uploads\/2024\/03\/producenci_saltdna-300x79.png 300w\" sizes=\"(max-width: 758px) 100vw, 758px\" \/>\t\t\t\t\t\t\t\t\t\t\t\t\t\t\t<\/div>\n\t\t\t\t<\/div>\n\t\t\t\t\t<\/div>\n\t\t\t\t<\/div>\n\t\t\t\t<div class=\"elementor-element elementor-element-11372a9 elementor-widget elementor-widget-heading\" data-id=\"11372a9\" data-element_type=\"widget\" data-e-type=\"widget\" data-widget_type=\"heading.default\">\n\t\t\t\t<div class=\"elementor-widget-container\">\n\t\t\t\t\t<h2 class=\"elementor-heading-title elementor-size-default\">Syst\u00e8mes de communication confidentiels\n<\/h2>\t\t\t\t<\/div>\n\t\t\t\t<\/div>\n\t\t\t\t<div class=\"elementor-element elementor-element-030befb elementor-widget elementor-widget-button\" data-id=\"030befb\" data-element_type=\"widget\" data-e-type=\"widget\" data-widget_type=\"button.default\">\n\t\t\t\t<div class=\"elementor-widget-container\">\n\t\t\t\t\t\t\t\t\t<div class=\"elementor-button-wrapper\">\n\t\t\t\t\t<a class=\"elementor-button elementor-button-link elementor-size-sm\" href=\"\/offre\/communication-technologies\/communication-systems-confidential\/\">\n\t\t\t\t\t\t<span class=\"elementor-button-content-wrapper\">\n\t\t\t\t\t\t\t\t\t<span class=\"elementor-button-text\">En savoir plus<\/span>\n\t\t\t\t\t<\/span>\n\t\t\t\t\t<\/a>\n\t\t\t\t<\/div>\n\t\t\t\t\t\t\t\t<\/div>\n\t\t\t\t<\/div>\n\t\t\t\t\t<\/div>\n\t\t\t\t<\/div>\n\t\t<div class=\"elementor-element elementor-element-9ec8a21 e-flex e-con-boxed e-con e-child\" data-id=\"9ec8a21\" data-element_type=\"container\" data-e-type=\"container\" data-settings=\"{&quot;background_background&quot;:&quot;classic&quot;,&quot;_ha_eqh_enable&quot;:false}\">\n\t\t\t\t\t<div class=\"e-con-inner\">\n\t\t<div class=\"elementor-element elementor-element-e9314e9 e-flex e-con-boxed e-con e-child\" data-id=\"e9314e9\" data-element_type=\"container\" data-e-type=\"container\" data-settings=\"{&quot;background_background&quot;:&quot;classic&quot;,&quot;_ha_eqh_enable&quot;:false}\">\n\t\t\t\t\t<div class=\"e-con-inner\">\n\t\t\t\t<div class=\"elementor-element elementor-element-622f58f elementor-widget elementor-widget-image\" data-id=\"622f58f\" data-element_type=\"widget\" data-e-type=\"widget\" data-widget_type=\"image.default\">\n\t\t\t\t<div class=\"elementor-widget-container\">\n\t\t\t\t\t\t\t\t\t\t\t\t\t\t\t<img decoding=\"async\" width=\"220\" height=\"104\" src=\"https:\/\/ramsdata.com.pl\/wp-content\/uploads\/2024\/03\/ascom02.png\" class=\"attachment-large size-large wp-image-14521\" alt=\"\" \/>\t\t\t\t\t\t\t\t\t\t\t\t\t\t\t<\/div>\n\t\t\t\t<\/div>\n\t\t\t\t\t<\/div>\n\t\t\t\t<\/div>\n\t\t\t\t<div class=\"elementor-element elementor-element-72ef191 elementor-widget elementor-widget-heading\" data-id=\"72ef191\" data-element_type=\"widget\" data-e-type=\"widget\" data-widget_type=\"heading.default\">\n\t\t\t\t<div class=\"elementor-widget-container\">\n\t\t\t\t\t<h2 class=\"elementor-heading-title elementor-size-default\">Syst\u00e8mes de communication sans fil\n<\/h2>\t\t\t\t<\/div>\n\t\t\t\t<\/div>\n\t\t\t\t<div class=\"elementor-element elementor-element-69f21cf elementor-widget elementor-widget-button\" data-id=\"69f21cf\" data-element_type=\"widget\" data-e-type=\"widget\" data-widget_type=\"button.default\">\n\t\t\t\t<div class=\"elementor-widget-container\">\n\t\t\t\t\t\t\t\t\t<div class=\"elementor-button-wrapper\">\n\t\t\t\t\t<a class=\"elementor-button elementor-button-link elementor-size-sm\" href=\"https:\/\/ramsdata.com.pl\/fr\/systemes-de-communication-sans-fil\/\">\n\t\t\t\t\t\t<span class=\"elementor-button-content-wrapper\">\n\t\t\t\t\t\t\t\t\t<span class=\"elementor-button-text\">En savoir plus<\/span>\n\t\t\t\t\t<\/span>\n\t\t\t\t\t<\/a>\n\t\t\t\t<\/div>\n\t\t\t\t\t\t\t\t<\/div>\n\t\t\t\t<\/div>\n\t\t\t\t\t<\/div>\n\t\t\t\t<\/div>\n\t\t\t\t\t<\/div>\n\t\t\t\t<\/div>\n\t\t\t\t\t<\/div>\n\t\t\t\t<\/div>\n\t\t\t\t<\/div>\n\t\t","protected":false},"excerpt":{"rendered":"<p>LES TECHNOLOGIES DE LA COMMUNICATION Les t\u00e9l\u00e9communications sont un terme g\u00e9n\u00e9rique d\u00e9signant un large \u00e9ventail de technologies qui transmettent des informations \u00e0 distance. Les t\u00e9l\u00e9phones mobiles, les t\u00e9l\u00e9phones fixes, les t\u00e9l\u00e9phones par satellite et la voix sur IP (VoIP) sont autant de technologies qui rel\u00e8vent de l&rsquo;un des domaines des t\u00e9l\u00e9communications. La radio, la t\u00e9l\u00e9vision [&hellip;]<\/p>\n","protected":false},"author":1,"featured_media":0,"parent":15124,"menu_order":0,"comment_status":"closed","ping_status":"closed","template":"","meta":{"_acf_changed":false,"om_disable_all_campaigns":false,"_monsterinsights_skip_tracking":false,"_monsterinsights_sitenote_active":false,"_monsterinsights_sitenote_note":"","_monsterinsights_sitenote_category":0,"_uf_show_specific_survey":0,"_uf_disable_surveys":false,"footnotes":""},"class_list":["post-15870","page","type-page","status-publish","hentry"],"acf":[],"aioseo_notices":[],"_links":{"self":[{"href":"https:\/\/ramsdata.com.pl\/fr\/wp-json\/wp\/v2\/pages\/15870","targetHints":{"allow":["GET"]}}],"collection":[{"href":"https:\/\/ramsdata.com.pl\/fr\/wp-json\/wp\/v2\/pages"}],"about":[{"href":"https:\/\/ramsdata.com.pl\/fr\/wp-json\/wp\/v2\/types\/page"}],"author":[{"embeddable":true,"href":"https:\/\/ramsdata.com.pl\/fr\/wp-json\/wp\/v2\/users\/1"}],"replies":[{"embeddable":true,"href":"https:\/\/ramsdata.com.pl\/fr\/wp-json\/wp\/v2\/comments?post=15870"}],"version-history":[{"count":1,"href":"https:\/\/ramsdata.com.pl\/fr\/wp-json\/wp\/v2\/pages\/15870\/revisions"}],"predecessor-version":[{"id":15877,"href":"https:\/\/ramsdata.com.pl\/fr\/wp-json\/wp\/v2\/pages\/15870\/revisions\/15877"}],"up":[{"embeddable":true,"href":"https:\/\/ramsdata.com.pl\/fr\/wp-json\/wp\/v2\/pages\/15124"}],"wp:attachment":[{"href":"https:\/\/ramsdata.com.pl\/fr\/wp-json\/wp\/v2\/media?parent=15870"}],"curies":[{"name":"wp","href":"https:\/\/api.w.org\/{rel}","templated":true}]}}