{"id":15852,"date":"2024-03-04T12:57:39","date_gmt":"2024-03-04T12:57:39","guid":{"rendered":"https:\/\/ramsdata.com.pl\/systemes-de-communication-sans-fil\/"},"modified":"2024-03-16T11:58:44","modified_gmt":"2024-03-16T11:58:44","slug":"systemes-de-communication-sans-fil","status":"publish","type":"page","link":"https:\/\/ramsdata.com.pl\/fr\/offre\/les-technologies-de-la-communication\/systemes-de-communication-sans-fil\/","title":{"rendered":"Syst\u00e8mes de communication sans fil"},"content":{"rendered":"\t\t<div data-elementor-type=\"wp-page\" data-elementor-id=\"15852\" class=\"elementor elementor-15852 elementor-11719\" data-elementor-settings=\"{&quot;ha_cmc_init_switcher&quot;:&quot;no&quot;}\" data-elementor-post-type=\"page\">\n\t\t\t\t<div class=\"elementor-element elementor-element-3a3518a e-flex e-con-boxed e-con e-parent\" data-id=\"3a3518a\" data-element_type=\"container\" data-e-type=\"container\" data-settings=\"{&quot;background_background&quot;:&quot;classic&quot;,&quot;_ha_eqh_enable&quot;:false}\">\n\t\t\t\t\t<div class=\"e-con-inner\">\n\t\t<div class=\"elementor-element elementor-element-99ac231 e-con-full e-flex elementor-invisible e-con e-child\" data-id=\"99ac231\" data-element_type=\"container\" data-e-type=\"container\" data-settings=\"{&quot;animation&quot;:&quot;fadeInDown&quot;,&quot;_ha_eqh_enable&quot;:false}\">\n\t\t\t\t<div class=\"elementor-element elementor-element-d350a4e elementor-widget elementor-widget-heading\" data-id=\"d350a4e\" data-element_type=\"widget\" data-e-type=\"widget\" data-widget_type=\"heading.default\">\n\t\t\t\t<div class=\"elementor-widget-container\">\n\t\t\t\t\t<h2 class=\"elementor-heading-title elementor-size-default\">SYST\u00c8MES DE COMMUNICATION SANS FIL<\/h2>\t\t\t\t<\/div>\n\t\t\t\t<\/div>\n\t\t\t\t<\/div>\n\t\t\t\t\t<\/div>\n\t\t\t\t<\/div>\n\t\t<div class=\"elementor-element elementor-element-591f924 e-flex e-con-boxed e-con e-parent\" data-id=\"591f924\" data-element_type=\"container\" data-e-type=\"container\" data-settings=\"{&quot;_ha_eqh_enable&quot;:false}\">\n\t\t\t\t\t<div class=\"e-con-inner\">\n\t\t<div class=\"elementor-element elementor-element-273019a e-con-full e-flex e-con e-child\" data-id=\"273019a\" data-element_type=\"container\" data-e-type=\"container\" data-settings=\"{&quot;_ha_eqh_enable&quot;:false}\">\n\t\t\t\t<div class=\"elementor-element elementor-element-9e4c2f5 elementor-widget elementor-widget-image\" data-id=\"9e4c2f5\" data-element_type=\"widget\" data-e-type=\"widget\" data-widget_type=\"image.default\">\n\t\t\t\t<div class=\"elementor-widget-container\">\n\t\t\t\t\t\t\t\t\t\t\t\t\t\t\t<img decoding=\"async\" width=\"220\" height=\"104\" src=\"https:\/\/ramsdata.com.pl\/wp-content\/uploads\/2024\/03\/ascom02.png.webp\" class=\"attachment-large size-large wp-image-14496\" alt=\"\" \/>\t\t\t\t\t\t\t\t\t\t\t\t\t\t\t<\/div>\n\t\t\t\t<\/div>\n\t\t\t\t<\/div>\n\t\t<div class=\"elementor-element elementor-element-9082220 e-con-full e-flex e-con e-child\" data-id=\"9082220\" data-element_type=\"container\" data-e-type=\"container\" data-settings=\"{&quot;_ha_eqh_enable&quot;:false}\">\n\t\t\t\t<div class=\"elementor-element elementor-element-ad75eb1 elementor-widget__width-initial elementor-widget elementor-widget-text-editor\" data-id=\"ad75eb1\" data-element_type=\"widget\" data-e-type=\"widget\" data-widget_type=\"text-editor.default\">\n\t\t\t\t<div class=\"elementor-widget-container\">\n\t\t\t\t\t\t\t\t\t<p>Le besoin d&rsquo;une r\u00e9ponse plus rapide et d&rsquo;une meilleure communication est tr\u00e8s important dans de nombreuses entreprises et organisations. Chaque employ\u00e9 doit \u00eatre joignable \u00e0 tout moment et sur son lieu de travail et doit lui-m\u00eame \u00eatre en mesure de contacter rapidement d&rsquo;autres personnes sans d\u00e9lai. La notification imm\u00e9diate du personnel cl\u00e9 pour d\u00e9clencher une r\u00e9ponse plus rapide est la base de la communication sans fil DECT\/IP DECT. Il est con\u00e7u pour un environnement de travail exigeant et peut \u00eatre personnalis\u00e9 pour garantir une mobilit\u00e9 et une efficacit\u00e9 optimales dans les processus de travail. Les entreprises b\u00e9n\u00e9ficient ainsi d&rsquo;une efficacit\u00e9, d&rsquo;une productivit\u00e9 et d&rsquo;une s\u00e9curit\u00e9 accrues.<\/p>\n<p>En plus d&rsquo;augmenter le niveau de satisfaction du personnel, vous pouvez constater une r\u00e9action positive des clients lorsqu&rsquo;ils obtiennent rapidement ce qu&rsquo;ils veulent pour la premi\u00e8re fois. Court et concis &#8211; Les syst\u00e8mes sans fil DECT\/IP DECT d\u00e9livrent les bons messages aux bonnes personnes au bon moment.<\/p>\n\t\t\t\t\t\t\t\t<\/div>\n\t\t\t\t<\/div>\n\t\t\t\t<\/div>\n\t\t\t\t\t<\/div>\n\t\t\t\t<\/div>\n\t\t<div class=\"elementor-element elementor-element-471cdb60 e-flex e-con-boxed e-con e-parent\" data-id=\"471cdb60\" data-element_type=\"container\" data-e-type=\"container\" data-settings=\"{&quot;_ha_eqh_enable&quot;:false}\">\n\t\t\t\t\t<div class=\"e-con-inner\">\n\t\t<div class=\"elementor-element elementor-element-cba5574 e-flex e-con-boxed e-con e-child\" data-id=\"cba5574\" data-element_type=\"container\" data-e-type=\"container\" data-settings=\"{&quot;_ha_eqh_enable&quot;:false}\">\n\t\t\t\t\t<div class=\"e-con-inner\">\n\t\t<div class=\"elementor-element elementor-element-2fd2b2d1 e-flex e-con-boxed e-con e-child\" data-id=\"2fd2b2d1\" data-element_type=\"container\" data-e-type=\"container\" data-settings=\"{&quot;_ha_eqh_enable&quot;:false}\">\n\t\t\t\t\t<div class=\"e-con-inner\">\n\t\t\t\t<div class=\"elementor-element elementor-element-1c5f6cd2 elementor-widget elementor-widget-image\" data-id=\"1c5f6cd2\" data-element_type=\"widget\" data-e-type=\"widget\" data-widget_type=\"image.default\">\n\t\t\t\t<div class=\"elementor-widget-container\">\n\t\t\t\t\t\t\t\t\t\t\t\t\t\t\t<img fetchpriority=\"high\" decoding=\"async\" width=\"1036\" height=\"792\" src=\"https:\/\/ramsdata.com.pl\/wp-content\/uploads\/2024\/03\/ascomkomunikacja1.jpg.webp\" class=\"attachment-full size-full wp-image-14501\" alt=\"\" srcset=\"https:\/\/ramsdata.com.pl\/wp-content\/uploads\/2024\/03\/ascomkomunikacja1.jpg.webp 1036w, https:\/\/ramsdata.com.pl\/wp-content\/uploads\/2024\/03\/ascomkomunikacja1.jpg-300x229.webp 300w, https:\/\/ramsdata.com.pl\/wp-content\/uploads\/2024\/03\/ascomkomunikacja1.jpg-1024x783.webp 1024w, https:\/\/ramsdata.com.pl\/wp-content\/uploads\/2024\/03\/ascomkomunikacja1.jpg-768x587.webp 768w\" sizes=\"(max-width: 1036px) 100vw, 1036px\" \/>\t\t\t\t\t\t\t\t\t\t\t\t\t\t\t<\/div>\n\t\t\t\t<\/div>\n\t\t\t\t\t<\/div>\n\t\t\t\t<\/div>\n\t\t<div class=\"elementor-element elementor-element-581ccc5d e-flex e-con-boxed e-con e-child\" data-id=\"581ccc5d\" data-element_type=\"container\" data-e-type=\"container\" data-settings=\"{&quot;_ha_eqh_enable&quot;:false}\">\n\t\t\t\t\t<div class=\"e-con-inner\">\n\t\t\t\t<div class=\"elementor-element elementor-element-66c5c5aa elementor-widget elementor-widget-text-editor\" data-id=\"66c5c5aa\" data-element_type=\"widget\" data-e-type=\"widget\" data-widget_type=\"text-editor.default\">\n\t\t\t\t<div class=\"elementor-widget-container\">\n\t\t\t\t\t\t\t\t\t<p>Ascom IP-DECT est une solution compl\u00e8te combinant la norme DECT \u00e9prouv\u00e9e et la technologie VoIP (Voice over Internet Protocol), ce qui permet d&rsquo;utiliser les deux paquets de donn\u00e9es avec des appels vocaux de haute qualit\u00e9 sur le m\u00eame r\u00e9seau. Vous pouvez vous attendre \u00e0 une tr\u00e8s bonne qualit\u00e9 de service et \u00e0 d&rsquo;excellentes capacit\u00e9s de messagerie sur un r\u00e9seau radio s\u00e9curis\u00e9. En outre, la fonction \u00ab\u00a0handover\u00a0\u00bb permet d&rsquo;\u00e9liminer les probl\u00e8mes de connectivit\u00e9 intermittente ou de perte de donn\u00e9es. L&rsquo;IP-DECT offre une fr\u00e9quence d\u00e9di\u00e9e et s\u00e9curis\u00e9e qui est tr\u00e8s difficile \u00e0 \u00e9couter ou \u00e0 pirater. Cela signifie que les informations confidentielles restent \u00e0 leur place.<\/p>\n<p>Avec l&rsquo;introduction du syst\u00e8me IP-DECT d&rsquo;Ascom, on peut s&rsquo;attendre \u00e0 des \u00e9conomies, car aucune infrastructure de c\u00e2blage importante n&rsquo;est n\u00e9cessaire et la maintenance du syst\u00e8me est facile et ne prend pas beaucoup de temps. La t\u00e9l\u00e9phonie et les technologies de l&rsquo;information ne sont plus des domaines distincts appartenant \u00e0 des d\u00e9partements distincts. Les m\u00eames outils sont utilis\u00e9s dans les deux domaines, ce qui permet de r\u00e9duire le co\u00fbt total de possession.<\/p>\n\t\t\t\t\t\t\t\t<\/div>\n\t\t\t\t<\/div>\n\t\t\t\t\t<\/div>\n\t\t\t\t<\/div>\n\t\t\t\t\t<\/div>\n\t\t\t\t<\/div>\n\t\t<div class=\"elementor-element elementor-element-3d78ce22 e-flex e-con-boxed e-con e-child\" data-id=\"3d78ce22\" data-element_type=\"container\" data-e-type=\"container\" data-settings=\"{&quot;_ha_eqh_enable&quot;:false}\">\n\t\t\t\t\t<div class=\"e-con-inner\">\n\t\t<div class=\"elementor-element elementor-element-472bf8fd e-flex e-con-boxed e-con e-child\" data-id=\"472bf8fd\" data-element_type=\"container\" data-e-type=\"container\" data-settings=\"{&quot;_ha_eqh_enable&quot;:false}\">\n\t\t\t\t\t<div class=\"e-con-inner\">\n\t\t\t\t<div class=\"elementor-element elementor-element-535d78d9 elementor-widget elementor-widget-text-editor\" data-id=\"535d78d9\" data-element_type=\"widget\" data-e-type=\"widget\" data-widget_type=\"text-editor.default\">\n\t\t\t\t<div class=\"elementor-widget-container\">\n\t\t\t\t\t\t\t\t\t<p>Le syst\u00e8me IP-DECT d&rsquo;Ascom est modulaire, ce qui signifie un niveau \u00e9lev\u00e9 d&rsquo;\u00e9volutivit\u00e9 et de flexibilit\u00e9. La taille de l&rsquo;entreprise et le nombre de sites distants importent peu. En fait, Ascom IP-DECT est con\u00e7u pour supporter jusqu&rsquo;\u00e0 100 passerelles IP-DECT, 1000 stations de base IP-DECT et 20000 combin\u00e9s sans fil IP-DECT par site. Cependant, gr\u00e2ce \u00e0 la fonctionnalit\u00e9 d&rsquo;\u00e9quilibrage de charge et \u00e0 la possibilit\u00e9 d&rsquo;installer plusieurs stations de base ma\u00eetresses, le syst\u00e8me entier peut prendre en charge 1 000 passerelles IP-DECT, 10 000 stations de base IP-DECT et 100 000 combin\u00e9s sans fil IP-DECT. Chaque station de base IP-DECT g\u00e8re huit appels vocaux simultan\u00e9ment, tandis qu&rsquo;une passerelle IP-DECT peut g\u00e9rer 40 appels vocaux et 16 stations de base \u00e0 la fois.<\/p>\n\t\t\t\t\t\t\t\t<\/div>\n\t\t\t\t<\/div>\n\t\t\t\t\t<\/div>\n\t\t\t\t<\/div>\n\t\t<div class=\"elementor-element elementor-element-38794a65 e-flex e-con-boxed e-con e-child\" data-id=\"38794a65\" data-element_type=\"container\" data-e-type=\"container\" data-settings=\"{&quot;_ha_eqh_enable&quot;:false}\">\n\t\t\t\t\t<div class=\"e-con-inner\">\n\t\t\t\t<div class=\"elementor-element elementor-element-321dc05d elementor-widget elementor-widget-image\" data-id=\"321dc05d\" data-element_type=\"widget\" data-e-type=\"widget\" data-widget_type=\"image.default\">\n\t\t\t\t<div class=\"elementor-widget-container\">\n\t\t\t\t\t\t\t\t\t\t\t\t\t\t\t<img decoding=\"async\" width=\"1036\" height=\"792\" src=\"https:\/\/ramsdata.com.pl\/wp-content\/uploads\/2024\/03\/ascomkomunikacja2.jpg.webp\" class=\"attachment-full size-full wp-image-14506\" alt=\"\" srcset=\"https:\/\/ramsdata.com.pl\/wp-content\/uploads\/2024\/03\/ascomkomunikacja2.jpg.webp 1036w, https:\/\/ramsdata.com.pl\/wp-content\/uploads\/2024\/03\/ascomkomunikacja2.jpg-300x229.webp 300w, https:\/\/ramsdata.com.pl\/wp-content\/uploads\/2024\/03\/ascomkomunikacja2.jpg-1024x783.webp 1024w, https:\/\/ramsdata.com.pl\/wp-content\/uploads\/2024\/03\/ascomkomunikacja2.jpg-768x587.webp 768w\" sizes=\"(max-width: 1036px) 100vw, 1036px\" \/>\t\t\t\t\t\t\t\t\t\t\t\t\t\t\t<\/div>\n\t\t\t\t<\/div>\n\t\t\t\t\t<\/div>\n\t\t\t\t<\/div>\n\t\t\t\t\t<\/div>\n\t\t\t\t<\/div>\n\t\t\t\t\t<\/div>\n\t\t\t\t<\/div>\n\t\t\t\t<\/div>\n\t\t","protected":false},"excerpt":{"rendered":"<p>SYST\u00c8MES DE COMMUNICATION SANS FIL Le besoin d&rsquo;une r\u00e9ponse plus rapide et d&rsquo;une meilleure communication est tr\u00e8s important dans de nombreuses entreprises et organisations. Chaque employ\u00e9 doit \u00eatre joignable \u00e0 tout moment et sur son lieu de travail et doit lui-m\u00eame \u00eatre en mesure de contacter rapidement d&rsquo;autres personnes sans d\u00e9lai. La notification imm\u00e9diate du [&hellip;]<\/p>\n","protected":false},"author":1,"featured_media":0,"parent":15870,"menu_order":0,"comment_status":"closed","ping_status":"closed","template":"","meta":{"_acf_changed":false,"om_disable_all_campaigns":false,"_monsterinsights_skip_tracking":false,"_monsterinsights_sitenote_active":false,"_monsterinsights_sitenote_note":"","_monsterinsights_sitenote_category":0,"_uf_show_specific_survey":0,"_uf_disable_surveys":false,"footnotes":""},"class_list":["post-15852","page","type-page","status-publish","hentry"],"acf":[],"aioseo_notices":[],"_links":{"self":[{"href":"https:\/\/ramsdata.com.pl\/fr\/wp-json\/wp\/v2\/pages\/15852","targetHints":{"allow":["GET"]}}],"collection":[{"href":"https:\/\/ramsdata.com.pl\/fr\/wp-json\/wp\/v2\/pages"}],"about":[{"href":"https:\/\/ramsdata.com.pl\/fr\/wp-json\/wp\/v2\/types\/page"}],"author":[{"embeddable":true,"href":"https:\/\/ramsdata.com.pl\/fr\/wp-json\/wp\/v2\/users\/1"}],"replies":[{"embeddable":true,"href":"https:\/\/ramsdata.com.pl\/fr\/wp-json\/wp\/v2\/comments?post=15852"}],"version-history":[{"count":1,"href":"https:\/\/ramsdata.com.pl\/fr\/wp-json\/wp\/v2\/pages\/15852\/revisions"}],"predecessor-version":[{"id":15860,"href":"https:\/\/ramsdata.com.pl\/fr\/wp-json\/wp\/v2\/pages\/15852\/revisions\/15860"}],"up":[{"embeddable":true,"href":"https:\/\/ramsdata.com.pl\/fr\/wp-json\/wp\/v2\/pages\/15870"}],"wp:attachment":[{"href":"https:\/\/ramsdata.com.pl\/fr\/wp-json\/wp\/v2\/media?parent=15852"}],"curies":[{"name":"wp","href":"https:\/\/api.w.org\/{rel}","templated":true}]}}