{"id":15648,"date":"2024-03-04T07:56:20","date_gmt":"2024-03-04T07:56:20","guid":{"rendered":"https:\/\/ramsdata.com.pl\/offre\/technologies\/securite-web-de-nouvelle-generation\/"},"modified":"2025-06-19T02:59:25","modified_gmt":"2025-06-19T02:59:25","slug":"securite-web-de-nouvelle-generation","status":"publish","type":"page","link":"https:\/\/ramsdata.com.pl\/fr\/offre\/technologies\/securite-web-de-nouvelle-generation\/","title":{"rendered":"S\u00e9curit\u00e9 Web de nouvelle g\u00e9n\u00e9ration"},"content":{"rendered":"\t\t<div data-elementor-type=\"wp-page\" data-elementor-id=\"15648\" class=\"elementor elementor-15648 elementor-11378\" data-elementor-settings=\"{&quot;ha_cmc_init_switcher&quot;:&quot;no&quot;}\" data-elementor-post-type=\"page\">\n\t\t\t\t<div class=\"elementor-element elementor-element-5156a531 e-flex e-con-boxed e-con e-parent\" data-id=\"5156a531\" data-element_type=\"container\" data-e-type=\"container\" data-settings=\"{&quot;background_background&quot;:&quot;classic&quot;,&quot;_ha_eqh_enable&quot;:false}\">\n\t\t\t\t\t<div class=\"e-con-inner\">\n\t\t<div class=\"elementor-element elementor-element-2c16f8d2 e-con-full e-flex elementor-invisible e-con e-child\" data-id=\"2c16f8d2\" data-element_type=\"container\" data-e-type=\"container\" data-settings=\"{&quot;animation&quot;:&quot;fadeInDown&quot;,&quot;_ha_eqh_enable&quot;:false}\">\n\t\t\t\t<div class=\"elementor-element elementor-element-275eeb4a elementor-widget elementor-widget-heading\" data-id=\"275eeb4a\" data-element_type=\"widget\" data-e-type=\"widget\" data-widget_type=\"heading.default\">\n\t\t\t\t<div class=\"elementor-widget-container\">\n\t\t\t\t\t<h2 class=\"elementor-heading-title elementor-size-default\">S\u00c9CURIT\u00c9 DU WEB\nNOUVELLE G\u00c9N\u00c9RATION\n<\/h2>\t\t\t\t<\/div>\n\t\t\t\t<\/div>\n\t\t\t\t<\/div>\n\t\t\t\t\t<\/div>\n\t\t\t\t<\/div>\n\t\t<div class=\"elementor-element elementor-element-6ae0a117 e-flex e-con-boxed e-con e-parent\" data-id=\"6ae0a117\" data-element_type=\"container\" data-e-type=\"container\" data-settings=\"{&quot;_ha_eqh_enable&quot;:false}\">\n\t\t\t\t\t<div class=\"e-con-inner\">\n\t\t<div class=\"elementor-element elementor-element-1f211f5c e-con-full e-flex e-con e-child\" data-id=\"1f211f5c\" data-element_type=\"container\" data-e-type=\"container\" data-settings=\"{&quot;_ha_eqh_enable&quot;:false}\">\n\t\t\t\t<div class=\"elementor-element elementor-element-d0e8a02 elementor-widget elementor-widget-image\" data-id=\"d0e8a02\" data-element_type=\"widget\" data-e-type=\"widget\" data-widget_type=\"image.default\">\n\t\t\t\t<div class=\"elementor-widget-container\">\n\t\t\t\t\t\t\t\t\t\t\t\t\t\t\t<img decoding=\"async\" width=\"213\" height=\"200\" src=\"https:\/\/ramsdata.com.pl\/wp-content\/uploads\/2024\/03\/producenci_f5.png.webp\" class=\"attachment-large size-large wp-image-14446\" alt=\"\" \/>\t\t\t\t\t\t\t\t\t\t\t\t\t\t\t<\/div>\n\t\t\t\t<\/div>\n\t\t\t\t<\/div>\n\t\t<div class=\"elementor-element elementor-element-6959c1e1 e-con-full e-flex e-con e-child\" data-id=\"6959c1e1\" data-element_type=\"container\" data-e-type=\"container\" data-settings=\"{&quot;_ha_eqh_enable&quot;:false}\">\n\t\t\t\t<div class=\"elementor-element elementor-element-5c1f92c elementor-widget elementor-widget-heading\" data-id=\"5c1f92c\" data-element_type=\"widget\" data-e-type=\"widget\" data-widget_type=\"heading.default\">\n\t\t\t\t<div class=\"elementor-widget-container\">\n\t\t\t\t\t<h2 class=\"elementor-heading-title elementor-size-default\">BIG-IP Application Security Manager<\/h2>\t\t\t\t<\/div>\n\t\t\t\t<\/div>\n\t\t\t\t<div class=\"elementor-element elementor-element-92f0f23 elementor-widget__width-initial elementor-widget elementor-widget-text-editor\" data-id=\"92f0f23\" data-element_type=\"widget\" data-e-type=\"widget\" data-widget_type=\"text-editor.default\">\n\t\t\t\t<div class=\"elementor-widget-container\">\n\t\t\t\t\t\t\t\t\t<p>Les menaces les plus dangereuses pour l&rsquo;infrastructure informatique sont li\u00e9es \u00e0 des attaques ciblant les vuln\u00e9rabilit\u00e9s des applications. Les mesures de s\u00e9curit\u00e9 conventionnelles telles que les pare-feu et les syst\u00e8mes de d\u00e9tection d&rsquo;intrusion ont beaucoup de mal \u00e0 d\u00e9tecter ce type d&rsquo;intrusion.<br>Application Security Manager (ASM) offre une protection compl\u00e8te pour les applications Web et les services bas\u00e9s sur XML. L&rsquo;utilisation d&rsquo;un pare-feu applicatif offre aux clients des avantages majeurs, notamment : la protection contre les attaques d&rsquo;applications, la conformit\u00e9 aux r\u00e9glementations (par exemple PCI DSS) et la r\u00e9ussite des audits de s\u00e9curit\u00e9 sans interf\u00e9rer avec le code de l&rsquo;application.<\/p><p>Une approche auto-adaptative de la protection des applications Web permet de cr\u00e9er et de maintenir une politique de s\u00e9curit\u00e9 bas\u00e9e sur l&rsquo;observation des sch\u00e9mas de trafic, ce qui permet d&rsquo;utiliser un mod\u00e8le de s\u00e9curit\u00e9 positive. Tout trafic non conforme \u00e0 la politique d\u00e9finie est rejet\u00e9, ce qui permet de prot\u00e9ger les ressources de l&rsquo;entreprise non seulement contre les types d&rsquo;attaques connus, mais aussi contre les types d&rsquo;attaques inconnus. Un deuxi\u00e8me avantage majeur de cette approche est qu&rsquo;elle minimise le temps administratif n\u00e9cessaire \u00e0 la configuration du syst\u00e8me ASM.<br>Application Security Manager est disponible en tant que syst\u00e8me s\u00e9par\u00e9 et en tant que module de licence pour la famille d&rsquo;appareils BIG-IP.<\/p><p>S&rsquo;appuyant sur sa grande exp\u00e9rience dans le d\u00e9veloppement de solutions d&rsquo;Application Delivery Controller, F5 Networks propose une combinaison de haute s\u00e9curit\u00e9 et de disponibilit\u00e9 des applications pour prot\u00e9ger les infrastructures des serveurs et des centres de donn\u00e9es.<\/p>\t\t\t\t\t\t\t\t<\/div>\n\t\t\t\t<\/div>\n\t\t\t\t<div class=\"elementor-element elementor-element-7a9a9ad elementor-widget elementor-widget-heading\" data-id=\"7a9a9ad\" data-element_type=\"widget\" data-e-type=\"widget\" data-widget_type=\"heading.default\">\n\t\t\t\t<div class=\"elementor-widget-container\">\n\t\t\t\t\t<h2 class=\"elementor-heading-title elementor-size-default\">BIG-IP AFM (Application Firewall Manager)<\/h2>\t\t\t\t<\/div>\n\t\t\t\t<\/div>\n\t\t\t\t<div class=\"elementor-element elementor-element-5ce7345 elementor-widget__width-initial elementor-widget elementor-widget-text-editor\" data-id=\"5ce7345\" data-element_type=\"widget\" data-e-type=\"widget\" data-widget_type=\"text-editor.default\">\n\t\t\t\t<div class=\"elementor-widget-container\">\n\t\t\t\t\t\t\t\t\t<p>constitue le c\u0153ur de la solution F5 &#8211; Application Delivery Firewall, combinant un pare-feu avec la gestion du trafic, la s\u00e9curit\u00e9 des applications, la gestion de l&rsquo;acc\u00e8s des utilisateurs et la s\u00e9curit\u00e9 DNS. En consolidant les fonctions de s\u00e9curit\u00e9 de plusieurs modules BIG-IP sur une seule plateforme, la complexit\u00e9 de la gestion est r\u00e9duite tout en maintenant des performances et une \u00e9volutivit\u00e9 \u00e9lev\u00e9es.<br>Contrairement aux pare-feux traditionnels, le BIG-IP AFM est construit sur une architecture full-proxy, ce qui signifie que les connexions entrantes sont enti\u00e8rement inspect\u00e9es et v\u00e9rifi\u00e9es pour les menaces, et dans l&rsquo;\u00e9tape suivante, transmises au serveur appropri\u00e9. Dans le sens inverse, dans le cas d&rsquo;une communication serveur-client, l&rsquo;utilisation d&rsquo;un proxy en conjonction avec le FAM permet de v\u00e9rifier les donn\u00e9es afin d&rsquo;\u00e9viter la fuite d&rsquo;informations sensibles telles que les num\u00e9ros de cartes de cr\u00e9dit ou les num\u00e9ros d&rsquo;assurance nationale.<\/p><p>L&rsquo;AFM de F5 facilite un certain nombre de fonctionnalit\u00e9s li\u00e9es \u00e0 la s\u00e9curit\u00e9 qui \u00e9taient d\u00e9j\u00e0 disponibles auparavant dans BIG-IP, mais dont la mise en \u0153uvre impliquait, par exemple, la cr\u00e9ation de r\u00e8gles appropri\u00e9es (iRule).<\/p><p>Une caract\u00e9ristique particuli\u00e8re de l&rsquo;AFM F5 est que les r\u00e8gles de s\u00e9curit\u00e9 sont assign\u00e9es \u00e0 un serveur virtuel particulier (serveur virtuel) &#8211; de sorte qu&rsquo;avant que le trafic ne soit autoris\u00e9 \u00e0 entrer dans la ressource \u00e0 laquelle le serveur virtuel est assign\u00e9, il est v\u00e9rifi\u00e9 pour la s\u00e9curit\u00e9 par une s\u00e9rie de r\u00e8gles pr\u00e9d\u00e9finies. Il convient \u00e9galement de noter l&rsquo;am\u00e9lioration du module de reporting et de journalisation, qui fournit des statistiques et des informations sur toutes les tentatives de violation des r\u00e8gles de s\u00e9curit\u00e9.<\/p>\t\t\t\t\t\t\t\t<\/div>\n\t\t\t\t<\/div>\n\t\t\t\t<div class=\"elementor-element elementor-element-6b15544 elementor-widget elementor-widget-heading\" data-id=\"6b15544\" data-element_type=\"widget\" data-e-type=\"widget\" data-widget_type=\"heading.default\">\n\t\t\t\t<div class=\"elementor-widget-container\">\n\t\t\t\t\t<h2 class=\"elementor-heading-title elementor-size-default\">BIG-IP Web Accelerator  <\/h2>\t\t\t\t<\/div>\n\t\t\t\t<\/div>\n\t\t\t\t<div class=\"elementor-element elementor-element-988ee0a elementor-widget__width-initial elementor-widget elementor-widget-text-editor\" data-id=\"988ee0a\" data-element_type=\"widget\" data-e-type=\"widget\" data-widget_type=\"text-editor.default\">\n\t\t\t\t<div class=\"elementor-widget-container\">\n\t\t\t\t\t\t\t\t\t<p>offre des fonctionnalit\u00e9s permettant d&rsquo;optimiser les performances et d&rsquo;\u00e9liminer les probl\u00e8mes li\u00e9s aux navigateurs web, aux plates-formes d&rsquo;application ou \u00e0 la latence du r\u00e9seau \u00e9tendu. L&rsquo;utilisation d&rsquo;un seul syst\u00e8me WA peut se traduire par une augmentation de 2 \u00e0 10 fois de la performance de l&rsquo;application gr\u00e2ce \u00e0 l&rsquo;utilisation, entre autres, des \u00e9l\u00e9ments suivants. m\u00e9canismes : contr\u00f4le dynamique du contenu, SSL Offload, r\u00e9f\u00e9rencement intelligent entre navigateurs, compression dynamique et mise en cache, gestion de la bande passante et bien d&rsquo;autres choses encore.<\/p>\t\t\t\t\t\t\t\t<\/div>\n\t\t\t\t<\/div>\n\t\t\t\t<\/div>\n\t\t\t\t\t<\/div>\n\t\t\t\t<\/div>\n\t\t<div class=\"elementor-element elementor-element-5508f05 e-flex e-con-boxed e-con e-parent\" data-id=\"5508f05\" data-element_type=\"container\" data-e-type=\"container\" data-settings=\"{&quot;_ha_eqh_enable&quot;:false}\">\n\t\t\t\t\t<div class=\"e-con-inner\">\n\t\t<div class=\"elementor-element elementor-element-0b3e4b4 e-con-full e-flex e-con e-child\" data-id=\"0b3e4b4\" data-element_type=\"container\" data-e-type=\"container\" data-settings=\"{&quot;_ha_eqh_enable&quot;:false}\">\n\t\t\t\t<div class=\"elementor-element elementor-element-1014469 elementor-widget elementor-widget-image\" data-id=\"1014469\" data-element_type=\"widget\" data-e-type=\"widget\" data-widget_type=\"image.default\">\n\t\t\t\t<div class=\"elementor-widget-container\">\n\t\t\t\t\t\t\t\t\t\t\t\t\t\t\t<img decoding=\"async\" width=\"300\" height=\"54\" src=\"https:\/\/ramsdata.com.pl\/wp-content\/uploads\/2024\/03\/OPSWAT_Logo_CMYKwhite-300x54.png.webp\" class=\"attachment-large size-large wp-image-14046\" alt=\"\" \/>\t\t\t\t\t\t\t\t\t\t\t\t\t\t\t<\/div>\n\t\t\t\t<\/div>\n\t\t\t\t<\/div>\n\t\t<div class=\"elementor-element elementor-element-924c3f1 e-con-full e-flex e-con e-child\" data-id=\"924c3f1\" data-element_type=\"container\" data-e-type=\"container\" data-settings=\"{&quot;_ha_eqh_enable&quot;:false}\">\n\t\t\t\t<div class=\"elementor-element elementor-element-1703332 elementor-widget elementor-widget-heading\" data-id=\"1703332\" data-element_type=\"widget\" data-e-type=\"widget\" data-widget_type=\"heading.default\">\n\t\t\t\t<div class=\"elementor-widget-container\">\n\t\t\t\t\t<h2 class=\"elementor-heading-title elementor-size-default\">MetaDefender ICAP Server<\/h2>\t\t\t\t<\/div>\n\t\t\t\t<\/div>\n\t\t\t\t<div class=\"elementor-element elementor-element-c5f8fa8 elementor-widget__width-initial elementor-widget elementor-widget-text-editor\" data-id=\"c5f8fa8\" data-element_type=\"widget\" data-e-type=\"widget\" data-widget_type=\"text-editor.default\">\n\t\t\t\t<div class=\"elementor-widget-container\">\n\t\t\t\t\t\t\t\t\t<p>MetaDefender ICAP Server utilise le protocole ICAP (Internet Content Adaptation Protocol) pour s&rsquo;int\u00e9grer aux p\u00e9riph\u00e9riques du r\u00e9seau et les prot\u00e9ger contre les menaces avanc\u00e9es qui p\u00e8sent sur le trafic r\u00e9seau et les p\u00e9riph\u00e9riques de stockage. Il utilise des techniques de pointe en mati\u00e8re d&rsquo;analyse multiple, d&rsquo;analyse des vuln\u00e9rabilit\u00e9s et de nettoyage des donn\u00e9es, \u00e9galement connues sous le nom de \u00ab\u00a0d\u00e9sarmement et reconstruction du contenu\u00a0\u00bb (CDR). En outre, il proc\u00e8de \u00e0 l&rsquo;\u00e9valuation des vuln\u00e9rabilit\u00e9s et \u00e0 la pr\u00e9vention des pertes de donn\u00e9es (DLP).<\/p>\t\t\t\t\t\t\t\t<\/div>\n\t\t\t\t<\/div>\n\t\t\t\t<div class=\"elementor-element elementor-element-3c51b9d elementor-widget elementor-widget-heading\" data-id=\"3c51b9d\" data-element_type=\"widget\" data-e-type=\"widget\" data-widget_type=\"heading.default\">\n\t\t\t\t<div class=\"elementor-widget-container\">\n\t\t\t\t\t<h2 class=\"elementor-heading-title elementor-size-default\">Prot\u00e9ger les serveurs mandataires invers\u00e9s\n\n<\/h2>\t\t\t\t<\/div>\n\t\t\t\t<\/div>\n\t\t\t\t<div class=\"elementor-element elementor-element-c112047 elementor-widget__width-initial elementor-widget elementor-widget-text-editor\" data-id=\"c112047\" data-element_type=\"widget\" data-e-type=\"widget\" data-widget_type=\"text-editor.default\">\n\t\t\t\t<div class=\"elementor-widget-container\">\n\t\t\t\t\t\t\t\t\t<p>En int\u00e9grant le serveur ICAP de MetaDefender aux \u00ab\u00a0serveurs ICAP\u00a0\u00bb, l&rsquo;entreprise est en mesure de fournir les informations suivantes. Les proxys invers\u00e9s tels que les \u00e9quilibreurs de charge, les contr\u00f4leurs d&rsquo;application et les pare-feu (WAF) nous permettent d&rsquo;\u00e9lever le niveau de s\u00e9curit\u00e9 de l&rsquo;application au maximum. Avec ICAP, toutes les applications situ\u00e9es derri\u00e8re le dispositif de r\u00e9seau sont prot\u00e9g\u00e9es. Ensemble, F5 et OPSWAT offrent une solution de s\u00e9curit\u00e9 convaincante et int\u00e9gr\u00e9e pour r\u00e9duire la surface d&rsquo;attaque des applications et la s\u00e9curit\u00e9 du r\u00e9seau.<\/p><p>La plateforme de cybers\u00e9curit\u00e9 d&rsquo;OPSWAT, MetaDefender, analyse les fichiers \u00e0 l&rsquo;aide de plus de 30 moteurs antivirus de premier plan, ainsi que les donn\u00e9es de nettoyage (d\u00e9sarmement et reconstruction). La plateforme F5 BIG-IP est une \u00e9volution intelligente de la technologie des contr\u00f4leurs d&rsquo;application. Il offre l&rsquo;intelligence sup\u00e9rieure dont les administrateurs ont besoin pour s&rsquo;assurer que les applications sont disponibles rapidement et en toute s\u00e9curit\u00e9.<\/p>\t\t\t\t\t\t\t\t<\/div>\n\t\t\t\t<\/div>\n\t\t\t\t<div class=\"elementor-element elementor-element-f20eae1 elementor-widget elementor-widget-heading\" data-id=\"f20eae1\" data-element_type=\"widget\" data-e-type=\"widget\" data-widget_type=\"heading.default\">\n\t\t\t\t<div class=\"elementor-widget-container\">\n\t\t\t\t\t<h2 class=\"elementor-heading-title elementor-size-default\">Solutions conjointes<\/h2>\t\t\t\t<\/div>\n\t\t\t\t<\/div>\n\t\t\t\t<div class=\"elementor-element elementor-element-29583ba elementor-widget elementor-widget-image\" data-id=\"29583ba\" data-element_type=\"widget\" data-e-type=\"widget\" data-widget_type=\"image.default\">\n\t\t\t\t<div class=\"elementor-widget-container\">\n\t\t\t\t\t\t\t\t\t\t\t\t\t\t\t<img fetchpriority=\"high\" decoding=\"async\" width=\"800\" height=\"567\" src=\"https:\/\/ramsdata.com.pl\/wp-content\/uploads\/2024\/03\/shema-1024x542-1.jpg\" class=\"attachment-large size-large wp-image-14551\" alt=\"\" srcset=\"https:\/\/ramsdata.com.pl\/wp-content\/uploads\/2024\/03\/shema-1024x542-1.jpg 1024w, https:\/\/ramsdata.com.pl\/wp-content\/uploads\/2024\/03\/shema-1024x542-1-300x213.jpg 300w, https:\/\/ramsdata.com.pl\/wp-content\/uploads\/2024\/03\/shema-1024x542-1-768x545.jpg 768w\" sizes=\"(max-width: 800px) 100vw, 800px\" \/>\t\t\t\t\t\t\t\t\t\t\t\t\t\t\t<\/div>\n\t\t\t\t<\/div>\n\t\t\t\t<\/div>\n\t\t\t\t\t<\/div>\n\t\t\t\t<\/div>\n\t\t\t\t<\/div>\n\t\t","protected":false},"excerpt":{"rendered":"<p>S\u00c9CURIT\u00c9 DU WEB NOUVELLE G\u00c9N\u00c9RATION BIG-IP Application Security Manager Les menaces les plus dangereuses pour l&rsquo;infrastructure informatique sont li\u00e9es \u00e0 des attaques ciblant les vuln\u00e9rabilit\u00e9s des applications. Les mesures de s\u00e9curit\u00e9 conventionnelles telles que les pare-feu et les syst\u00e8mes de d\u00e9tection d&rsquo;intrusion ont beaucoup de mal \u00e0 d\u00e9tecter ce type d&rsquo;intrusion.Application Security Manager (ASM) offre [&hellip;]<\/p>\n","protected":false},"author":1,"featured_media":0,"parent":15644,"menu_order":0,"comment_status":"closed","ping_status":"closed","template":"","meta":{"_acf_changed":false,"om_disable_all_campaigns":false,"_monsterinsights_skip_tracking":false,"_monsterinsights_sitenote_active":false,"_monsterinsights_sitenote_note":"","_monsterinsights_sitenote_category":0,"_uf_show_specific_survey":0,"_uf_disable_surveys":false,"footnotes":""},"class_list":["post-15648","page","type-page","status-publish","hentry"],"acf":[],"aioseo_notices":[],"_links":{"self":[{"href":"https:\/\/ramsdata.com.pl\/fr\/wp-json\/wp\/v2\/pages\/15648","targetHints":{"allow":["GET"]}}],"collection":[{"href":"https:\/\/ramsdata.com.pl\/fr\/wp-json\/wp\/v2\/pages"}],"about":[{"href":"https:\/\/ramsdata.com.pl\/fr\/wp-json\/wp\/v2\/types\/page"}],"author":[{"embeddable":true,"href":"https:\/\/ramsdata.com.pl\/fr\/wp-json\/wp\/v2\/users\/1"}],"replies":[{"embeddable":true,"href":"https:\/\/ramsdata.com.pl\/fr\/wp-json\/wp\/v2\/comments?post=15648"}],"version-history":[{"count":2,"href":"https:\/\/ramsdata.com.pl\/fr\/wp-json\/wp\/v2\/pages\/15648\/revisions"}],"predecessor-version":[{"id":38950,"href":"https:\/\/ramsdata.com.pl\/fr\/wp-json\/wp\/v2\/pages\/15648\/revisions\/38950"}],"up":[{"embeddable":true,"href":"https:\/\/ramsdata.com.pl\/fr\/wp-json\/wp\/v2\/pages\/15644"}],"wp:attachment":[{"href":"https:\/\/ramsdata.com.pl\/fr\/wp-json\/wp\/v2\/media?parent=15648"}],"curies":[{"name":"wp","href":"https:\/\/api.w.org\/{rel}","templated":true}]}}