{"id":15646,"date":"2024-03-04T07:48:56","date_gmt":"2024-03-04T07:48:56","guid":{"rendered":"https:\/\/ramsdata.com.pl\/offre\/technologies\/reseaux-isoles-et-exploitation-dequipements-mobiles\/"},"modified":"2025-06-19T02:51:46","modified_gmt":"2025-06-19T02:51:46","slug":"reseaux-isoles-et-exploitation-dequipements-mobiles","status":"publish","type":"page","link":"https:\/\/ramsdata.com.pl\/fr\/offre\/technologies\/reseaux-isoles-et-exploitation-dequipements-mobiles\/","title":{"rendered":"R\u00e9seaux isol\u00e9s et exploitation d&rsquo;\u00e9quipements mobiles"},"content":{"rendered":"\t\t<div data-elementor-type=\"wp-page\" data-elementor-id=\"15646\" class=\"elementor elementor-15646 elementor-11372\" data-elementor-settings=\"{&quot;ha_cmc_init_switcher&quot;:&quot;no&quot;}\" data-elementor-post-type=\"page\">\n\t\t\t\t<div class=\"elementor-element elementor-element-4ea0dd35 e-flex e-con-boxed e-con e-parent\" data-id=\"4ea0dd35\" data-element_type=\"container\" data-e-type=\"container\" data-settings=\"{&quot;background_background&quot;:&quot;classic&quot;,&quot;_ha_eqh_enable&quot;:false}\">\n\t\t\t\t\t<div class=\"e-con-inner\">\n\t\t<div class=\"elementor-element elementor-element-23964c6 e-con-full e-flex elementor-invisible e-con e-child\" data-id=\"23964c6\" data-element_type=\"container\" data-e-type=\"container\" data-settings=\"{&quot;animation&quot;:&quot;fadeInDown&quot;,&quot;_ha_eqh_enable&quot;:false}\">\n\t\t\t\t<div class=\"elementor-element elementor-element-55a4624 elementor-widget elementor-widget-heading\" data-id=\"55a4624\" data-element_type=\"widget\" data-e-type=\"widget\" data-widget_type=\"heading.default\">\n\t\t\t\t<div class=\"elementor-widget-container\">\n\t\t\t\t\t<h2 class=\"elementor-heading-title elementor-size-default\">R\u00c9SEAUX ISOL\u00c9S ET PRISE EN CHARGE DES APPAREILS MOBILES<\/h2>\t\t\t\t<\/div>\n\t\t\t\t<\/div>\n\t\t\t\t<\/div>\n\t\t\t\t\t<\/div>\n\t\t\t\t<\/div>\n\t\t<div class=\"elementor-element elementor-element-c22c62c e-flex e-con-boxed e-con e-parent\" data-id=\"c22c62c\" data-element_type=\"container\" data-e-type=\"container\" data-settings=\"{&quot;_ha_eqh_enable&quot;:false}\">\n\t\t\t\t\t<div class=\"e-con-inner\">\n\t\t<div class=\"elementor-element elementor-element-70990d2 e-con-full e-flex e-con e-child\" data-id=\"70990d2\" data-element_type=\"container\" data-e-type=\"container\" data-settings=\"{&quot;_ha_eqh_enable&quot;:false}\">\n\t\t\t\t<div class=\"elementor-element elementor-element-37efed69 elementor-widget elementor-widget-image\" data-id=\"37efed69\" data-element_type=\"widget\" data-e-type=\"widget\" data-widget_type=\"image.default\">\n\t\t\t\t<div class=\"elementor-widget-container\">\n\t\t\t\t\t\t\t\t\t\t\t\t\t\t\t<img decoding=\"async\" width=\"300\" height=\"54\" src=\"https:\/\/ramsdata.com.pl\/wp-content\/uploads\/2024\/03\/OPSWAT_Logo_CMYKwhite-300x54.png.webp\" class=\"attachment-full size-full wp-image-14046\" alt=\"\" \/>\t\t\t\t\t\t\t\t\t\t\t\t\t\t\t<\/div>\n\t\t\t\t<\/div>\n\t\t\t\t<\/div>\n\t\t<div class=\"elementor-element elementor-element-16cd334 e-con-full e-flex e-con e-child\" data-id=\"16cd334\" data-element_type=\"container\" data-e-type=\"container\" data-settings=\"{&quot;_ha_eqh_enable&quot;:false}\">\n\t\t\t\t<div class=\"elementor-element elementor-element-1e8b22d0 elementor-widget__width-initial elementor-widget elementor-widget-text-editor\" data-id=\"1e8b22d0\" data-element_type=\"widget\" data-e-type=\"widget\" data-widget_type=\"text-editor.default\">\n\t\t\t\t<div class=\"elementor-widget-container\">\n\t\t\t\t\t\t\t\t\t<p>Les r\u00e9seaux critiques posent un d\u00e9fi particulier aux praticiens de la s\u00e9curit\u00e9 parce qu&rsquo;ils sont isol\u00e9s et n&rsquo;ont pas acc\u00e8s \u00e0 l&rsquo;internet, ce qui les rend vuln\u00e9rables aux attaques des m\u00e9dias mobiles et des technologies de transfert de fichiers similaires. OPSWAT offre un processus s\u00e9curis\u00e9 de bout en bout pour le transfert de fichiers vers et depuis des r\u00e9seaux isol\u00e9s. Cette solution est largement utilis\u00e9e dans les secteurs de la fabrication, de l&rsquo;\u00e9nergie, de l&rsquo;administration, de la banque, de l&rsquo;industrie pharmaceutique et du divertissement.<\/p><p> <\/p>\t\t\t\t\t\t\t\t<\/div>\n\t\t\t\t<\/div>\n\t\t\t\t<\/div>\n\t\t\t\t\t<\/div>\n\t\t\t\t<\/div>\n\t\t<div class=\"elementor-element elementor-element-1adac568 e-flex e-con-boxed e-con e-parent\" data-id=\"1adac568\" data-element_type=\"container\" data-e-type=\"container\" data-settings=\"{&quot;background_background&quot;:&quot;classic&quot;,&quot;_ha_eqh_enable&quot;:false}\">\n\t\t\t\t\t<div class=\"e-con-inner\">\n\t\t<div class=\"elementor-element elementor-element-2f67083c e-flex e-con-boxed elementor-invisible e-con e-child\" data-id=\"2f67083c\" data-element_type=\"container\" data-e-type=\"container\" data-settings=\"{&quot;animation&quot;:&quot;fadeInDown&quot;,&quot;_ha_eqh_enable&quot;:false}\">\n\t\t\t\t\t<div class=\"e-con-inner\">\n\t\t\t\t<div class=\"elementor-element elementor-element-167b0e1 elementor-widget elementor-widget-heading\" data-id=\"167b0e1\" data-element_type=\"widget\" data-e-type=\"widget\" data-widget_type=\"heading.default\">\n\t\t\t\t<div class=\"elementor-widget-container\">\n\t\t\t\t\t<h2 class=\"elementor-heading-title elementor-size-default\">la s\u00e9curit\u00e9 dans les r\u00e9seaux isol\u00e9s et la num\u00e9risation des supports mobiles\n<\/h2>\t\t\t\t<\/div>\n\t\t\t\t<\/div>\n\t\t\t\t\t<\/div>\n\t\t\t\t<\/div>\n\t\t<div class=\"elementor-element elementor-element-6db51e2c e-flex e-con-boxed elementor-invisible e-con e-child\" data-id=\"6db51e2c\" data-element_type=\"container\" data-e-type=\"container\" data-settings=\"{&quot;animation&quot;:&quot;fadeIn&quot;,&quot;animation_delay&quot;:200,&quot;_ha_eqh_enable&quot;:false}\">\n\t\t\t\t\t<div class=\"e-con-inner\">\n\t\t\t\t<div class=\"elementor-element elementor-element-4e77f34 elementor-widget elementor-widget-text-editor\" data-id=\"4e77f34\" data-element_type=\"widget\" data-e-type=\"widget\" data-widget_type=\"text-editor.default\">\n\t\t\t\t<div class=\"elementor-widget-container\">\n\t\t\t\t\t\t\t\t\t<p>Les supports portables (tels que les cl\u00e9s USB, les CD\/DVD, etc.) constituent un autre moyen pour les cybercriminels d&rsquo;acc\u00e9der \u00e0 un syst\u00e8me. L&rsquo;un des moyens connus est le ver Stuxnet, qui s&rsquo;est propag\u00e9 par l&rsquo;interm\u00e9diaire d&rsquo;une cl\u00e9 USB infect\u00e9e. Largement utilis\u00e9, Metadefender garantit que tous les appareils portables apport\u00e9s par les employ\u00e9s, les sous-traitants ou les fournisseurs sont d&rsquo;abord analys\u00e9s \u00e0 l&rsquo;aide de plusieurs moteurs antivirus ainsi que du CDR et du VUL, et qu&rsquo;ils sont exempts de virus avant d&rsquo;\u00eatre d\u00e9pos\u00e9s pour travailler sur un r\u00e9seau s\u00e9curis\u00e9.<br>Metadefender peut \u00eatre install\u00e9 sur un r\u00e9seau ou un kiosque et peut \u00eatre utilis\u00e9 comme point de contr\u00f4le pour prot\u00e9ger contre les menaces provenant de supports portables, emp\u00eachant ainsi la possibilit\u00e9 d&rsquo;une violation de donn\u00e9es par ce biais.<\/p><p>Metadefender Kiosk <a href=\"https:\/\/ramsdata.com.pl\/fr\/opswat\/produits\/metaaccess-ot\/\">et<\/a> Secure File Transfer (SFT\/Vault) offrent un processus s\u00e9curis\u00e9 de transfert de donn\u00e9es vers et depuis des r\u00e9seaux isol\u00e9s (sans acc\u00e8s \u00e0 Internet) \u00e0 partir de supports physiques tels que des cl\u00e9s USB, des CD <a href=\"https:\/\/ramsdata.com.pl\/opswat\/technologien\/?lang=de\">et<\/a> DVD, des cartes m\u00e9moire flash, etc&#8230; Kiosk peut scanner tous les supports physiques portables, les isolant ainsi du r\u00e9seau avant leur utilisation. Lorsque l&rsquo;utilisateur ins\u00e8re le support, Metadefender Kiosk l&rsquo;analyse \u00e0 la recherche de malwares et de failles de s\u00e9curit\u00e9.<br>Si aucune menace n&rsquo;est d\u00e9tect\u00e9e, les donn\u00e9es sont transf\u00e9r\u00e9es par diode vers un r\u00e9seau s\u00e9curis\u00e9 o\u00f9 elles sont temporairement stock\u00e9es sur le serveur SFT\/Vault. Les utilisateurs peuvent acc\u00e9der aux donn\u00e9es en se connectant au serveur.<br>Kiosk offre \u00e9galement un syst\u00e8me complet d&rsquo;authentification et de journalisation.   Metadefender Kiosk peut \u00eatre d\u00e9ploy\u00e9 dans des environnements r\u00e9seau connect\u00e9s \u00e0 Internet ou hors ligne (y compris des r\u00e9seaux isol\u00e9s). OPSWAT propose plusieurs m\u00e9thodes pour fournir des mises \u00e0 jour de signatures anti-malware hors ligne au serveur de Metadefender. En outre, un certain nombre d&rsquo;options mat\u00e9rielles de Metadefender Kiosk sont disponibles.<\/p>\t\t\t\t\t\t\t\t<\/div>\n\t\t\t\t<\/div>\n\t\t\t\t\t<\/div>\n\t\t\t\t<\/div>\n\t\t\t\t\t<\/div>\n\t\t\t\t<\/div>\n\t\t<div class=\"elementor-element elementor-element-2eaf699c e-flex e-con-boxed e-con e-parent\" data-id=\"2eaf699c\" data-element_type=\"container\" data-e-type=\"container\" data-settings=\"{&quot;background_background&quot;:&quot;classic&quot;,&quot;_ha_eqh_enable&quot;:false}\">\n\t\t\t\t\t<div class=\"e-con-inner\">\n\t\t<div class=\"elementor-element elementor-element-63b9b765 e-con-full e-flex elementor-invisible e-con e-child\" data-id=\"63b9b765\" data-element_type=\"container\" data-e-type=\"container\" data-settings=\"{&quot;animation&quot;:&quot;fadeInLeft&quot;,&quot;_ha_eqh_enable&quot;:false}\">\n\t\t\t\t<div class=\"elementor-element elementor-element-25e6197d elementor-widget elementor-widget-heading\" data-id=\"25e6197d\" data-element_type=\"widget\" data-e-type=\"widget\" data-widget_type=\"heading.default\">\n\t\t\t\t<div class=\"elementor-widget-container\">\n\t\t\t\t\t<h2 class=\"elementor-heading-title elementor-size-default\">metadefender vault<\/h2>\t\t\t\t<\/div>\n\t\t\t\t<\/div>\n\t\t\t\t<div class=\"elementor-element elementor-element-6c0c9159 elementor-widget elementor-widget-text-editor\" data-id=\"6c0c9159\" data-element_type=\"widget\" data-e-type=\"widget\" data-widget_type=\"text-editor.default\">\n\t\t\t\t<div class=\"elementor-widget-container\">\n\t\t\t\t\t\t\t\t\t<p>MetaDefender Vault est un stockage r\u00e9seau prot\u00e9g\u00e9 qui peut r\u00e9sider n&rsquo;importe o\u00f9 sur le r\u00e9seau et qui peut \u00eatre utilis\u00e9 avec MetaDefender Kiosk pour stocker des fichiers. Cette technologie permet de transf\u00e9rer des fichiers s\u00e9curis\u00e9s vers des chambres de r\u00e9seau isol\u00e9es, sans qu&rsquo;il soit n\u00e9cessaire de transporter des supports portables vers l&rsquo;installation. Les visiteurs et les utilisateurs peuvent acc\u00e9der \u00e0 tous les fichiers certifi\u00e9s et v\u00e9rifi\u00e9s \u00e0 partir de MetaDefender Vault, laissant toutes les cl\u00e9s USB sur le p\u00e9rim\u00e8tre. Des points de contr\u00f4le dans les r\u00e9seaux isol\u00e9s peuvent \u00eatre cr\u00e9\u00e9s strat\u00e9giquement pour assurer la visibilit\u00e9, l&rsquo;audit et la pr\u00e9vention des logiciels malveillants, le cas \u00e9ch\u00e9ant.<\/p>\t\t\t\t\t\t\t\t<\/div>\n\t\t\t\t<\/div>\n\t\t\t\t<\/div>\n\t\t<div class=\"elementor-element elementor-element-361eb5a9 e-con-full e-flex e-con e-child\" data-id=\"361eb5a9\" data-element_type=\"container\" data-e-type=\"container\" data-settings=\"{&quot;_ha_eqh_enable&quot;:false}\">\n\t\t<div class=\"elementor-element elementor-element-5a7428af e-con-full e-flex elementor-invisible e-con e-child\" data-id=\"5a7428af\" data-element_type=\"container\" data-e-type=\"container\" data-settings=\"{&quot;background_background&quot;:&quot;gradient&quot;,&quot;animation&quot;:&quot;fadeInUp&quot;,&quot;_ha_eqh_enable&quot;:false}\">\n\t\t\t\t<div class=\"elementor-element elementor-element-08e9083 elementor-widget elementor-widget-image\" data-id=\"08e9083\" data-element_type=\"widget\" data-e-type=\"widget\" data-widget_type=\"image.default\">\n\t\t\t\t<div class=\"elementor-widget-container\">\n\t\t\t\t\t\t\t\t\t\t\t\t\t\t\t<img fetchpriority=\"high\" decoding=\"async\" width=\"495\" height=\"1024\" src=\"https:\/\/ramsdata.com.pl\/wp-content\/uploads\/2024\/03\/K3000-495x1024.webp\" class=\"attachment-large size-large wp-image-14476\" alt=\"\" srcset=\"https:\/\/ramsdata.com.pl\/wp-content\/uploads\/2024\/03\/K3000-495x1024.webp 495w, https:\/\/ramsdata.com.pl\/wp-content\/uploads\/2024\/03\/K3000-145x300.webp 145w, https:\/\/ramsdata.com.pl\/wp-content\/uploads\/2024\/03\/K3000-768x1589.webp 768w, https:\/\/ramsdata.com.pl\/wp-content\/uploads\/2024\/03\/K3000-743x1536.webp 743w, https:\/\/ramsdata.com.pl\/wp-content\/uploads\/2024\/03\/K3000-990x2048.webp 990w, https:\/\/ramsdata.com.pl\/wp-content\/uploads\/2024\/03\/K3000.webp 1049w\" sizes=\"(max-width: 495px) 100vw, 495px\" \/>\t\t\t\t\t\t\t\t\t\t\t\t\t\t\t<\/div>\n\t\t\t\t<\/div>\n\t\t\t\t<\/div>\n\t\t\t\t<\/div>\n\t\t\t\t\t<\/div>\n\t\t\t\t<\/div>\n\t\t<div class=\"elementor-element elementor-element-9a3073c e-flex e-con-boxed e-con e-parent\" data-id=\"9a3073c\" data-element_type=\"container\" data-e-type=\"container\" data-settings=\"{&quot;background_background&quot;:&quot;classic&quot;,&quot;_ha_eqh_enable&quot;:false}\">\n\t\t\t\t\t<div class=\"e-con-inner\">\n\t\t<div class=\"elementor-element elementor-element-d891369 e-con-full e-flex e-con e-child\" data-id=\"d891369\" data-element_type=\"container\" data-e-type=\"container\" data-settings=\"{&quot;_ha_eqh_enable&quot;:false}\">\n\t\t\t\t<div class=\"elementor-element elementor-element-b4303de elementor-widget elementor-widget-image\" data-id=\"b4303de\" data-element_type=\"widget\" data-e-type=\"widget\" data-widget_type=\"image.default\">\n\t\t\t\t<div class=\"elementor-widget-container\">\n\t\t\t\t\t\t\t\t\t\t\t\t\t\t\t<img decoding=\"async\" width=\"768\" height=\"608\" src=\"https:\/\/ramsdata.com.pl\/wp-content\/uploads\/2024\/03\/vault_screenshot_02-768x608.png-1.webp\" class=\"attachment-large size-large wp-image-14486\" alt=\"\" srcset=\"https:\/\/ramsdata.com.pl\/wp-content\/uploads\/2024\/03\/vault_screenshot_02-768x608.png-1.webp 768w, https:\/\/ramsdata.com.pl\/wp-content\/uploads\/2024\/03\/vault_screenshot_02-768x608.png-1-300x238.webp 300w\" sizes=\"(max-width: 768px) 100vw, 768px\" \/>\t\t\t\t\t\t\t\t\t\t\t\t\t\t\t<\/div>\n\t\t\t\t<\/div>\n\t\t\t\t<\/div>\n\t\t<div class=\"elementor-element elementor-element-934e8ee e-con-full e-flex elementor-invisible e-con e-child\" data-id=\"934e8ee\" data-element_type=\"container\" data-e-type=\"container\" data-settings=\"{&quot;animation&quot;:&quot;fadeInLeft&quot;,&quot;_ha_eqh_enable&quot;:false}\">\n\t\t\t\t<div class=\"elementor-element elementor-element-2f44b44 elementor-widget elementor-widget-heading\" data-id=\"2f44b44\" data-element_type=\"widget\" data-e-type=\"widget\" data-widget_type=\"heading.default\">\n\t\t\t\t<div class=\"elementor-widget-container\">\n\t\t\t\t\t<h2 class=\"elementor-heading-title elementor-size-default\">metadefender vault\n<\/h2>\t\t\t\t<\/div>\n\t\t\t\t<\/div>\n\t\t\t\t<div class=\"elementor-element elementor-element-b8da4a0 elementor-widget elementor-widget-text-editor\" data-id=\"b8da4a0\" data-element_type=\"widget\" data-e-type=\"widget\" data-widget_type=\"text-editor.default\">\n\t\t\t\t<div class=\"elementor-widget-container\">\n\t\t\t\t\t\t\t\t\t<p>MetaDefender Vault est un stockage r\u00e9seau prot\u00e9g\u00e9 qui peut r\u00e9sider n&rsquo;importe o\u00f9 sur le r\u00e9seau et qui peut \u00eatre utilis\u00e9 avec MetaDefender Kiosk pour stocker des fichiers. Cette technologie permet de transf\u00e9rer des fichiers s\u00e9curis\u00e9s vers des chambres de r\u00e9seau isol\u00e9es, sans qu&rsquo;il soit n\u00e9cessaire de transporter des supports portables vers l&rsquo;installation. Les visiteurs et les utilisateurs peuvent acc\u00e9der \u00e0 tous les fichiers certifi\u00e9s et v\u00e9rifi\u00e9s \u00e0 partir de MetaDefender Vault, laissant toutes les cl\u00e9s USB sur le p\u00e9rim\u00e8tre. Des points de contr\u00f4le dans les r\u00e9seaux isol\u00e9s peuvent \u00eatre cr\u00e9\u00e9s strat\u00e9giquement pour assurer la visibilit\u00e9, l&rsquo;audit et la pr\u00e9vention des logiciels malveillants, le cas \u00e9ch\u00e9ant.<\/p>\t\t\t\t\t\t\t\t<\/div>\n\t\t\t\t<\/div>\n\t\t\t\t<div class=\"elementor-element elementor-element-77ad0a9 elementor-widget elementor-widget-image\" data-id=\"77ad0a9\" data-element_type=\"widget\" data-e-type=\"widget\" data-widget_type=\"image.default\">\n\t\t\t\t<div class=\"elementor-widget-container\">\n\t\t\t\t\t\t\t\t\t\t\t\t\t\t\t<img loading=\"lazy\" decoding=\"async\" width=\"800\" height=\"291\" src=\"https:\/\/ramsdata.com.pl\/wp-content\/uploads\/2024\/03\/img-1.png.webp\" class=\"attachment-large size-large wp-image-14491\" alt=\"\" srcset=\"https:\/\/ramsdata.com.pl\/wp-content\/uploads\/2024\/03\/img-1.png.webp 845w, https:\/\/ramsdata.com.pl\/wp-content\/uploads\/2024\/03\/img-1.png-300x109.webp 300w, https:\/\/ramsdata.com.pl\/wp-content\/uploads\/2024\/03\/img-1.png-768x279.webp 768w\" sizes=\"(max-width: 800px) 100vw, 800px\" \/>\t\t\t\t\t\t\t\t\t\t\t\t\t\t\t<\/div>\n\t\t\t\t<\/div>\n\t\t\t\t<\/div>\n\t\t\t\t\t<\/div>\n\t\t\t\t<\/div>\n\t\t\t\t<\/div>\n\t\t","protected":false},"excerpt":{"rendered":"<p>R\u00c9SEAUX ISOL\u00c9S ET PRISE EN CHARGE DES APPAREILS MOBILES Les r\u00e9seaux critiques posent un d\u00e9fi particulier aux praticiens de la s\u00e9curit\u00e9 parce qu&rsquo;ils sont isol\u00e9s et n&rsquo;ont pas acc\u00e8s \u00e0 l&rsquo;internet, ce qui les rend vuln\u00e9rables aux attaques des m\u00e9dias mobiles et des technologies de transfert de fichiers similaires. OPSWAT offre un processus s\u00e9curis\u00e9 de [&hellip;]<\/p>\n","protected":false},"author":1,"featured_media":0,"parent":15644,"menu_order":0,"comment_status":"closed","ping_status":"closed","template":"","meta":{"_acf_changed":false,"om_disable_all_campaigns":false,"_monsterinsights_skip_tracking":false,"_monsterinsights_sitenote_active":false,"_monsterinsights_sitenote_note":"","_monsterinsights_sitenote_category":0,"_uf_show_specific_survey":0,"_uf_disable_surveys":false,"footnotes":""},"class_list":["post-15646","page","type-page","status-publish","hentry"],"acf":[],"aioseo_notices":[],"_links":{"self":[{"href":"https:\/\/ramsdata.com.pl\/fr\/wp-json\/wp\/v2\/pages\/15646","targetHints":{"allow":["GET"]}}],"collection":[{"href":"https:\/\/ramsdata.com.pl\/fr\/wp-json\/wp\/v2\/pages"}],"about":[{"href":"https:\/\/ramsdata.com.pl\/fr\/wp-json\/wp\/v2\/types\/page"}],"author":[{"embeddable":true,"href":"https:\/\/ramsdata.com.pl\/fr\/wp-json\/wp\/v2\/users\/1"}],"replies":[{"embeddable":true,"href":"https:\/\/ramsdata.com.pl\/fr\/wp-json\/wp\/v2\/comments?post=15646"}],"version-history":[{"count":5,"href":"https:\/\/ramsdata.com.pl\/fr\/wp-json\/wp\/v2\/pages\/15646\/revisions"}],"predecessor-version":[{"id":38931,"href":"https:\/\/ramsdata.com.pl\/fr\/wp-json\/wp\/v2\/pages\/15646\/revisions\/38931"}],"up":[{"embeddable":true,"href":"https:\/\/ramsdata.com.pl\/fr\/wp-json\/wp\/v2\/pages\/15644"}],"wp:attachment":[{"href":"https:\/\/ramsdata.com.pl\/fr\/wp-json\/wp\/v2\/media?parent=15646"}],"curies":[{"name":"wp","href":"https:\/\/api.w.org\/{rel}","templated":true}]}}