{"id":15644,"date":"2024-03-04T07:35:21","date_gmt":"2024-03-04T07:35:21","guid":{"rendered":"https:\/\/ramsdata.com.pl\/offre\/technologies\/"},"modified":"2025-09-01T19:31:47","modified_gmt":"2025-09-01T19:31:47","slug":"technologies","status":"publish","type":"page","link":"https:\/\/ramsdata.com.pl\/fr\/offre\/technologies\/","title":{"rendered":"Technologies"},"content":{"rendered":"\t\t<div data-elementor-type=\"wp-page\" data-elementor-id=\"15644\" class=\"elementor elementor-15644 elementor-11325\" data-elementor-settings=\"{&quot;ha_cmc_init_switcher&quot;:&quot;no&quot;}\" data-elementor-post-type=\"page\">\n\t\t\t\t<div class=\"elementor-element elementor-element-e788dd1 e-flex e-con-boxed e-con e-parent\" data-id=\"e788dd1\" data-element_type=\"container\" data-e-type=\"container\" data-settings=\"{&quot;background_background&quot;:&quot;classic&quot;,&quot;_ha_eqh_enable&quot;:false}\">\n\t\t\t\t\t<div class=\"e-con-inner\">\n\t\t<div class=\"elementor-element elementor-element-8a9a5bf e-con-full e-flex elementor-invisible e-con e-child\" data-id=\"8a9a5bf\" data-element_type=\"container\" data-e-type=\"container\" data-settings=\"{&quot;animation&quot;:&quot;fadeInDown&quot;,&quot;_ha_eqh_enable&quot;:false}\">\n\t\t\t\t<div class=\"elementor-element elementor-element-3ab9d8a elementor-widget elementor-widget-heading\" data-id=\"3ab9d8a\" data-element_type=\"widget\" data-e-type=\"widget\" data-widget_type=\"heading.default\">\n\t\t\t\t<div class=\"elementor-widget-container\">\n\t\t\t\t\t<h2 class=\"elementor-heading-title elementor-size-default\">TECHNOLOGIES<\/h2>\t\t\t\t<\/div>\n\t\t\t\t<\/div>\n\t\t\t\t<\/div>\n\t\t\t\t\t<\/div>\n\t\t\t\t<\/div>\n\t\t<div class=\"elementor-element elementor-element-c870ad5 e-flex e-con-boxed e-con e-parent\" data-id=\"c870ad5\" data-element_type=\"container\" data-e-type=\"container\" data-settings=\"{&quot;_ha_eqh_enable&quot;:false}\">\n\t\t\t\t\t<div class=\"e-con-inner\">\n\t\t<div class=\"elementor-element elementor-element-9aa0ab3 e-con-full e-flex e-con e-child\" data-id=\"9aa0ab3\" data-element_type=\"container\" data-e-type=\"container\" data-settings=\"{&quot;_ha_eqh_enable&quot;:false}\">\n\t\t<div class=\"elementor-element elementor-element-0cbb482 e-flex e-con-boxed e-con e-child\" data-id=\"0cbb482\" data-element_type=\"container\" data-e-type=\"container\" data-settings=\"{&quot;_ha_eqh_enable&quot;:false}\">\n\t\t\t\t\t<div class=\"e-con-inner\">\n\t\t\t\t<div class=\"elementor-element elementor-element-fcc634d elementor-widget elementor-widget-text-editor\" data-id=\"fcc634d\" data-element_type=\"widget\" data-e-type=\"widget\" data-widget_type=\"text-editor.default\">\n\t\t\t\t<div class=\"elementor-widget-container\">\n\t\t\t\t\t\t\t\t\t<p>Depuis plus de 20 ans, <strong data-start=\"1000\" data-end=\"1010\">Gimmal<\/strong> aide les organisations \u00e0 prendre le contr\u00f4le de l&rsquo;un de leurs actifs les plus pr\u00e9cieux, l&rsquo;information. L&rsquo;entreprise fournit des logiciels et des m\u00e9thodes permettant la d\u00e9couverte, la migration, la gestion et la conformit\u00e9 des donn\u00e9es, afin de r\u00e9duire le risque de violation de la r\u00e9glementation et d&rsquo;accro\u00eetre l&rsquo;efficacit\u00e9 de l&rsquo;entreprise. Les solutions de Gimmal sont con\u00e7ues pour fonctionner avec l&rsquo;infrastructure informatique existante et ont un impact minimal sur les processus quotidiens. Gr\u00e2ce \u00e0 son exp\u00e9rience acquise depuis 2002 et \u00e0 ses partenariats technologiques avec des entreprises telles que <strong data-start=\"1587\" data-end=\"1600\">Microsoft<\/strong> et <strong data-start=\"1603\" data-end=\"1610\">SAP<\/strong>, Gimmal agit en tant que conseiller de confiance pour vous aider \u00e0 choisir la meilleure strat\u00e9gie de gestion de l&rsquo;information. L&rsquo;objectif de l&rsquo;entreprise est de construire des syst\u00e8mes pr\u00eats pour l&rsquo;avenir &#8211; permettant l&rsquo;utilisation des ressources actuelles, ainsi que la migration de plates-formes obsol\u00e8tes vers des solutions modernes et flexibles.    <\/p>\t\t\t\t\t\t\t\t<\/div>\n\t\t\t\t<\/div>\n\t\t\t\t<div class=\"elementor-element elementor-element-bda98c9 elementor-align-center elementor-widget elementor-widget-button\" data-id=\"bda98c9\" data-element_type=\"widget\" data-e-type=\"widget\" data-widget_type=\"button.default\">\n\t\t\t\t<div class=\"elementor-widget-container\">\n\t\t\t\t\t\t\t\t\t<div class=\"elementor-button-wrapper\">\n\t\t\t\t\t<a class=\"elementor-button elementor-button-link elementor-size-sm\" href=\"https:\/\/ramsdata.com.pl\/fr\/contact\/\">\n\t\t\t\t\t\t<span class=\"elementor-button-content-wrapper\">\n\t\t\t\t\t\t\t\t\t<span class=\"elementor-button-text\">En savoir plus<\/span>\n\t\t\t\t\t<\/span>\n\t\t\t\t\t<\/a>\n\t\t\t\t<\/div>\n\t\t\t\t\t\t\t\t<\/div>\n\t\t\t\t<\/div>\n\t\t\t\t\t<\/div>\n\t\t\t\t<\/div>\n\t\t<div class=\"elementor-element elementor-element-60a9484 e-flex e-con-boxed e-con e-child\" data-id=\"60a9484\" data-element_type=\"container\" data-e-type=\"container\" data-settings=\"{&quot;_ha_eqh_enable&quot;:false}\">\n\t\t\t\t\t<div class=\"e-con-inner\">\n\t\t\t\t<div class=\"elementor-element elementor-element-0a1d8ba elementor-widget elementor-widget-image\" data-id=\"0a1d8ba\" data-element_type=\"widget\" data-e-type=\"widget\" data-widget_type=\"image.default\">\n\t\t\t\t<div class=\"elementor-widget-container\">\n\t\t\t\t\t\t\t\t\t\t\t\t\t\t\t<img fetchpriority=\"high\" decoding=\"async\" width=\"1100\" height=\"800\" src=\"https:\/\/ramsdata.com.pl\/wp-content\/uploads\/2025\/08\/floweb-4.png\" class=\"attachment-full size-full wp-image-39505\" alt=\"\" srcset=\"https:\/\/ramsdata.com.pl\/wp-content\/uploads\/2025\/08\/floweb-4.png 1100w, https:\/\/ramsdata.com.pl\/wp-content\/uploads\/2025\/08\/floweb-4-300x218.png 300w, https:\/\/ramsdata.com.pl\/wp-content\/uploads\/2025\/08\/floweb-4-1024x745.png 1024w, https:\/\/ramsdata.com.pl\/wp-content\/uploads\/2025\/08\/floweb-4-768x559.png 768w\" sizes=\"(max-width: 1100px) 100vw, 1100px\" \/>\t\t\t\t\t\t\t\t\t\t\t\t\t\t\t<\/div>\n\t\t\t\t<\/div>\n\t\t\t\t\t<\/div>\n\t\t\t\t<\/div>\n\t\t\t\t<\/div>\n\t\t<div class=\"elementor-element elementor-element-6a3051c e-flex e-con-boxed e-con e-child\" data-id=\"6a3051c\" data-element_type=\"container\" data-e-type=\"container\" data-settings=\"{&quot;_ha_eqh_enable&quot;:false}\">\n\t\t\t\t\t<div class=\"e-con-inner\">\n\t\t<div class=\"elementor-element elementor-element-9625086 e-flex e-con-boxed e-con e-child\" data-id=\"9625086\" data-element_type=\"container\" data-e-type=\"container\" data-settings=\"{&quot;_ha_eqh_enable&quot;:false}\">\n\t\t\t\t\t<div class=\"e-con-inner\">\n\t\t\t\t<div class=\"elementor-element elementor-element-613aef3 elementor-widget elementor-widget-image\" data-id=\"613aef3\" data-element_type=\"widget\" data-e-type=\"widget\" data-widget_type=\"image.default\">\n\t\t\t\t<div class=\"elementor-widget-container\">\n\t\t\t\t\t\t\t\t\t\t\t\t\t\t\t<img decoding=\"async\" width=\"374\" height=\"200\" src=\"https:\/\/ramsdata.com.pl\/wp-content\/uploads\/2024\/03\/producenci_paloalto.png-1.webp\" class=\"attachment-full size-full wp-image-14391\" alt=\"\" srcset=\"https:\/\/ramsdata.com.pl\/wp-content\/uploads\/2024\/03\/producenci_paloalto.png-1.webp 374w, https:\/\/ramsdata.com.pl\/wp-content\/uploads\/2024\/03\/producenci_paloalto.png-1-300x160.webp 300w\" sizes=\"(max-width: 374px) 100vw, 374px\" \/>\t\t\t\t\t\t\t\t\t\t\t\t\t\t\t<\/div>\n\t\t\t\t<\/div>\n\t\t\t\t\t<\/div>\n\t\t\t\t<\/div>\n\t\t<div class=\"elementor-element elementor-element-7bce5d1 e-flex e-con-boxed e-con e-child\" data-id=\"7bce5d1\" data-element_type=\"container\" data-e-type=\"container\" data-settings=\"{&quot;_ha_eqh_enable&quot;:false}\">\n\t\t\t\t\t<div class=\"e-con-inner\">\n\t\t\t\t<div class=\"elementor-element elementor-element-5c01751 elementor-widget elementor-widget-text-editor\" data-id=\"5c01751\" data-element_type=\"widget\" data-e-type=\"widget\" data-widget_type=\"text-editor.default\">\n\t\t\t\t<div class=\"elementor-widget-container\">\n\t\t\t\t\t\t\t\t\t<p>Emp\u00eacher la transmission de fichiers malveillants pour les applications web qui contournent les bacs \u00e0 sable et les solutions uniques de d\u00e9tection des logiciels malveillants.<\/p><p>D\u00e9sarmement et reconstruction du contenu en profondeur (Deep CDR) : D\u00e9sarmement de plus de 90 types de fichiers courants et reconstruction de chaque fichier, pour une utilisation totale avec un contenu s\u00e9curis\u00e9.<\/p><p>Analyse avec plus de 20 moteurs de protection contre les logiciels malveillants utilisant des signatures, des heuristiques et des technologies d&rsquo;apprentissage automatique pour d\u00e9tecter les menaces connues et inconnues le plus t\u00f4t et le plus efficacement possible.<\/p>\t\t\t\t\t\t\t\t<\/div>\n\t\t\t\t<\/div>\n\t\t\t\t<div class=\"elementor-element elementor-element-b6a6903 elementor-align-center elementor-widget elementor-widget-button\" data-id=\"b6a6903\" data-element_type=\"widget\" data-e-type=\"widget\" data-widget_type=\"button.default\">\n\t\t\t\t<div class=\"elementor-widget-container\">\n\t\t\t\t\t\t\t\t\t<div class=\"elementor-button-wrapper\">\n\t\t\t\t\t<a class=\"elementor-button elementor-button-link elementor-size-sm\" href=\"https:\/\/ramsdata.com.pl\/fr\/contact\/\">\n\t\t\t\t\t\t<span class=\"elementor-button-content-wrapper\">\n\t\t\t\t\t\t\t\t\t<span class=\"elementor-button-text\">En savoir plus<\/span>\n\t\t\t\t\t<\/span>\n\t\t\t\t\t<\/a>\n\t\t\t\t<\/div>\n\t\t\t\t\t\t\t\t<\/div>\n\t\t\t\t<\/div>\n\t\t\t\t\t<\/div>\n\t\t\t\t<\/div>\n\t\t\t\t\t<\/div>\n\t\t\t\t<\/div>\n\t\t<div class=\"elementor-element elementor-element-f4b05c3 e-flex e-con-boxed e-con e-child\" data-id=\"f4b05c3\" data-element_type=\"container\" data-e-type=\"container\" data-settings=\"{&quot;_ha_eqh_enable&quot;:false}\">\n\t\t\t\t\t<div class=\"e-con-inner\">\n\t\t<div class=\"elementor-element elementor-element-6d8b085 e-flex e-con-boxed e-con e-child\" data-id=\"6d8b085\" data-element_type=\"container\" data-e-type=\"container\" data-settings=\"{&quot;_ha_eqh_enable&quot;:false}\">\n\t\t\t\t\t<div class=\"e-con-inner\">\n\t\t\t\t<div class=\"elementor-element elementor-element-55ce699 elementor-widget elementor-widget-text-editor\" data-id=\"55ce699\" data-element_type=\"widget\" data-e-type=\"widget\" data-widget_type=\"text-editor.default\">\n\t\t\t\t<div class=\"elementor-widget-container\">\n\t\t\t\t\t\t\t\t\t<p><strong data-start=\"938\" data-end=\"949\">Checkmk<\/strong> est une solution compl\u00e8te de surveillance des applications, des serveurs et du r\u00e9seau, cr\u00e9\u00e9e en collaboration avec les utilisateurs et d\u00e9velopp\u00e9e au fil des ans pour r\u00e9pondre aux besoins des administrateurs et des \u00e9quipes DevOps. Il combine facilit\u00e9 d&rsquo;utilisation et performances suffisantes pour les environnements informatiques les plus complexes, permettant une surveillance compl\u00e8te de l&rsquo;infrastructure hybride et un d\u00e9pannage plus rapide afin d&rsquo;\u00e9viter les temps d&rsquo;arr\u00eat ou les pannes non planifi\u00e9s. Le logiciel est disponible en plusieurs variantes : <strong data-start=\"1450\" data-end=\"1472\">Checkmk Enterprise<\/strong>, <strong data-start=\"1474\" data-end=\"1526\">Checkmk Enterprise pour les groupes et les services g\u00e9r\u00e9s<\/strong>, <strong data-start=\"1528\" data-end=\"1570\">Checkmk Cloud (auto-h\u00e9berg\u00e9)<\/strong> et <strong data-start=\"1576\" data-end=\"1591\">Checkmk MSP<\/strong>. Chacune d&rsquo;entre elles peut \u00eatre compl\u00e9t\u00e9e par un support technique (Pro ou Advanced), ainsi que par des extensions telles que le <strong data-start=\"1704\" data-end=\"1733\">monitoring synth\u00e9tique<\/strong> (minimum 10 tests par an extensibles), l&rsquo;<strong data-start=\"1790\" data-end=\"1810\" data-is-only-node=\"\">int\u00e9gration virt1<\/strong> (virtual appliance) ou <strong data-start=\"1838\" data-end=\"1846\">ntop<\/strong>. Checkmk offre ainsi une approche flexible et \u00e9volutive de la surveillance pour s&rsquo;adapter aux diff\u00e9rents mod\u00e8les de d\u00e9ploiement et tailles d&rsquo;infrastructure.    <\/p>\t\t\t\t\t\t\t\t<\/div>\n\t\t\t\t<\/div>\n\t\t\t\t<div class=\"elementor-element elementor-element-7295189 elementor-align-center elementor-widget elementor-widget-button\" data-id=\"7295189\" data-element_type=\"widget\" data-e-type=\"widget\" data-widget_type=\"button.default\">\n\t\t\t\t<div class=\"elementor-widget-container\">\n\t\t\t\t\t\t\t\t\t<div class=\"elementor-button-wrapper\">\n\t\t\t\t\t<a class=\"elementor-button elementor-button-link elementor-size-sm\" href=\"https:\/\/ramsdata.com.pl\/fr\/contact\/\">\n\t\t\t\t\t\t<span class=\"elementor-button-content-wrapper\">\n\t\t\t\t\t\t\t\t\t<span class=\"elementor-button-text\">En savoir plus<\/span>\n\t\t\t\t\t<\/span>\n\t\t\t\t\t<\/a>\n\t\t\t\t<\/div>\n\t\t\t\t\t\t\t\t<\/div>\n\t\t\t\t<\/div>\n\t\t\t\t\t<\/div>\n\t\t\t\t<\/div>\n\t\t<div class=\"elementor-element elementor-element-573e3ae e-flex e-con-boxed e-con e-child\" data-id=\"573e3ae\" data-element_type=\"container\" data-e-type=\"container\" data-settings=\"{&quot;_ha_eqh_enable&quot;:false}\">\n\t\t\t\t\t<div class=\"e-con-inner\">\n\t\t\t\t<div class=\"elementor-element elementor-element-ea18a79 elementor-widget elementor-widget-image\" data-id=\"ea18a79\" data-element_type=\"widget\" data-e-type=\"widget\" data-widget_type=\"image.default\">\n\t\t\t\t<div class=\"elementor-widget-container\">\n\t\t\t\t\t\t\t\t\t\t\t\t\t\t\t<img decoding=\"async\" width=\"2001\" height=\"1001\" src=\"https:\/\/ramsdata.com.pl\/wp-content\/uploads\/2025\/08\/checkmk_logo.png\" class=\"attachment-full size-full wp-image-39492\" alt=\"\" srcset=\"https:\/\/ramsdata.com.pl\/wp-content\/uploads\/2025\/08\/checkmk_logo.png 2001w, https:\/\/ramsdata.com.pl\/wp-content\/uploads\/2025\/08\/checkmk_logo-300x150.png 300w, https:\/\/ramsdata.com.pl\/wp-content\/uploads\/2025\/08\/checkmk_logo-1024x512.png 1024w, https:\/\/ramsdata.com.pl\/wp-content\/uploads\/2025\/08\/checkmk_logo-768x384.png 768w, https:\/\/ramsdata.com.pl\/wp-content\/uploads\/2025\/08\/checkmk_logo-1536x768.png 1536w\" sizes=\"(max-width: 2001px) 100vw, 2001px\" \/>\t\t\t\t\t\t\t\t\t\t\t\t\t\t\t<\/div>\n\t\t\t\t<\/div>\n\t\t\t\t\t<\/div>\n\t\t\t\t<\/div>\n\t\t\t\t\t<\/div>\n\t\t\t\t<\/div>\n\t\t<div class=\"elementor-element elementor-element-5d592dc e-flex e-con-boxed e-con e-child\" data-id=\"5d592dc\" data-element_type=\"container\" data-e-type=\"container\" data-settings=\"{&quot;_ha_eqh_enable&quot;:false}\">\n\t\t\t\t\t<div class=\"e-con-inner\">\n\t\t<div class=\"elementor-element elementor-element-05e3376 e-flex e-con-boxed e-con e-child\" data-id=\"05e3376\" data-element_type=\"container\" data-e-type=\"container\" data-settings=\"{&quot;_ha_eqh_enable&quot;:false}\">\n\t\t\t\t\t<div class=\"e-con-inner\">\n\t\t\t\t<div class=\"elementor-element elementor-element-24dda6f elementor-widget elementor-widget-image\" data-id=\"24dda6f\" data-element_type=\"widget\" data-e-type=\"widget\" data-widget_type=\"image.default\">\n\t\t\t\t<div class=\"elementor-widget-container\">\n\t\t\t\t\t\t\t\t\t\t\t\t\t\t\t<img loading=\"lazy\" decoding=\"async\" width=\"768\" height=\"139\" src=\"https:\/\/ramsdata.com.pl\/wp-content\/uploads\/2024\/03\/OPSWAT_Logo_CMYKwhite-768x139.png.webp\" class=\"attachment-full size-full wp-image-13021\" alt=\"\" srcset=\"https:\/\/ramsdata.com.pl\/wp-content\/uploads\/2024\/03\/OPSWAT_Logo_CMYKwhite-768x139.png.webp 768w, https:\/\/ramsdata.com.pl\/wp-content\/uploads\/2024\/03\/OPSWAT_Logo_CMYKwhite-768x139.png-300x54.webp 300w\" sizes=\"(max-width: 768px) 100vw, 768px\" \/>\t\t\t\t\t\t\t\t\t\t\t\t\t\t\t<\/div>\n\t\t\t\t<\/div>\n\t\t\t\t\t<\/div>\n\t\t\t\t<\/div>\n\t\t<div class=\"elementor-element elementor-element-f2d641a e-flex e-con-boxed e-con e-child\" data-id=\"f2d641a\" data-element_type=\"container\" data-e-type=\"container\" data-settings=\"{&quot;_ha_eqh_enable&quot;:false}\">\n\t\t\t\t\t<div class=\"e-con-inner\">\n\t\t\t\t<div class=\"elementor-element elementor-element-647d4d6 elementor-widget elementor-widget-text-editor\" data-id=\"647d4d6\" data-element_type=\"widget\" data-e-type=\"widget\" data-widget_type=\"text-editor.default\">\n\t\t\t\t<div class=\"elementor-widget-container\">\n\t\t\t\t\t\t\t\t\t<p>Les r\u00e9seaux critiques posent un d\u00e9fi particulier aux praticiens de la s\u00e9curit\u00e9 parce qu&rsquo;ils sont isol\u00e9s et n&rsquo;ont pas acc\u00e8s \u00e0 l&rsquo;internet, ce qui les rend vuln\u00e9rables aux attaques des m\u00e9dias mobiles et des technologies de transfert de fichiers similaires. OPSWAT offre un processus s\u00e9curis\u00e9 de bout en bout pour le transfert de fichiers vers et depuis des r\u00e9seaux isol\u00e9s. Cette solution est largement utilis\u00e9e dans les secteurs de la fabrication, de l&rsquo;\u00e9nergie, de l&rsquo;administration, de la banque, de l&rsquo;industrie pharmaceutique et du divertissement.<\/p><p> <\/p>\t\t\t\t\t\t\t\t<\/div>\n\t\t\t\t<\/div>\n\t\t\t\t<div class=\"elementor-element elementor-element-a0610c6 elementor-align-center elementor-widget elementor-widget-button\" data-id=\"a0610c6\" data-element_type=\"widget\" data-e-type=\"widget\" data-widget_type=\"button.default\">\n\t\t\t\t<div class=\"elementor-widget-container\">\n\t\t\t\t\t\t\t\t\t<div class=\"elementor-button-wrapper\">\n\t\t\t\t\t<a class=\"elementor-button elementor-button-link elementor-size-sm\" href=\"https:\/\/ramsdata.com.pl\/fr\/contact\/\">\n\t\t\t\t\t\t<span class=\"elementor-button-content-wrapper\">\n\t\t\t\t\t\t\t\t\t<span class=\"elementor-button-text\">En savoir plus<\/span>\n\t\t\t\t\t<\/span>\n\t\t\t\t\t<\/a>\n\t\t\t\t<\/div>\n\t\t\t\t\t\t\t\t<\/div>\n\t\t\t\t<\/div>\n\t\t\t\t\t<\/div>\n\t\t\t\t<\/div>\n\t\t\t\t\t<\/div>\n\t\t\t\t<\/div>\n\t\t<div class=\"elementor-element elementor-element-0b2f439 e-flex e-con-boxed e-con e-child\" data-id=\"0b2f439\" data-element_type=\"container\" data-e-type=\"container\" data-settings=\"{&quot;_ha_eqh_enable&quot;:false}\">\n\t\t\t\t\t<div class=\"e-con-inner\">\n\t\t<div class=\"elementor-element elementor-element-d6a68cf e-flex e-con-boxed e-con e-child\" data-id=\"d6a68cf\" data-element_type=\"container\" data-e-type=\"container\" data-settings=\"{&quot;_ha_eqh_enable&quot;:false}\">\n\t\t\t\t\t<div class=\"e-con-inner\">\n\t\t\t\t<div class=\"elementor-element elementor-element-4ffaa32 elementor-widget elementor-widget-text-editor\" data-id=\"4ffaa32\" data-element_type=\"widget\" data-e-type=\"widget\" data-widget_type=\"text-editor.default\">\n\t\t\t\t<div class=\"elementor-widget-container\">\n\t\t\t\t\t\t\t\t\t<p>Les solutions CryptoFlow de Certes sont les premiers produits de l&rsquo;industrie \u00e0 combiner la flexibilit\u00e9 et la puissance des r\u00e9seaux virtualis\u00e9s avec la technologie cryptographique la plus s\u00fbre. Avec les solutions CryptoFlow de Certes, les entreprises et les fournisseurs de services peuvent cr\u00e9er des VPN de nouvelle g\u00e9n\u00e9ration sans tunnel, multipoints et multicouches qui prot\u00e8gent le trafic de n&rsquo;importe quelle application sur n&rsquo;importe quel r\u00e9seau (VPN de nouvelle g\u00e9n\u00e9ration). Les CryptoFlow-VPN prot\u00e8gent le trafic de donn\u00e9es dans les environnements LAN, WAN, Internet, virtuels et en nuage. Certes CryptoFlow-VPN peut \u00eatre configur\u00e9 en quelques secondes, gr\u00e2ce \u00e0 une interface point-and-click extr\u00eamement simple pour cr\u00e9er des politiques de s\u00e9curit\u00e9.<\/p><p> <\/p>\t\t\t\t\t\t\t\t<\/div>\n\t\t\t\t<\/div>\n\t\t\t\t<div class=\"elementor-element elementor-element-4b8ebba elementor-align-center elementor-widget elementor-widget-button\" data-id=\"4b8ebba\" data-element_type=\"widget\" data-e-type=\"widget\" data-widget_type=\"button.default\">\n\t\t\t\t<div class=\"elementor-widget-container\">\n\t\t\t\t\t\t\t\t\t<div class=\"elementor-button-wrapper\">\n\t\t\t\t\t<a class=\"elementor-button elementor-button-link elementor-size-sm\" href=\"https:\/\/ramsdata.com.pl\/fr\/contact\/\">\n\t\t\t\t\t\t<span class=\"elementor-button-content-wrapper\">\n\t\t\t\t\t\t\t\t\t<span class=\"elementor-button-text\">En savoir plus<\/span>\n\t\t\t\t\t<\/span>\n\t\t\t\t\t<\/a>\n\t\t\t\t<\/div>\n\t\t\t\t\t\t\t\t<\/div>\n\t\t\t\t<\/div>\n\t\t\t\t\t<\/div>\n\t\t\t\t<\/div>\n\t\t<div class=\"elementor-element elementor-element-e4ebbdc e-flex e-con-boxed e-con e-child\" data-id=\"e4ebbdc\" data-element_type=\"container\" data-e-type=\"container\" data-settings=\"{&quot;_ha_eqh_enable&quot;:false}\">\n\t\t\t\t\t<div class=\"e-con-inner\">\n\t\t\t\t<div class=\"elementor-element elementor-element-b209e23 elementor-widget elementor-widget-image\" data-id=\"b209e23\" data-element_type=\"widget\" data-e-type=\"widget\" data-widget_type=\"image.default\">\n\t\t\t\t<div class=\"elementor-widget-container\">\n\t\t\t\t\t\t\t\t\t\t\t\t\t\t\t<img loading=\"lazy\" decoding=\"async\" width=\"768\" height=\"247\" src=\"https:\/\/ramsdata.com.pl\/wp-content\/uploads\/2024\/03\/certes-networks-logo-768x247.png-1.webp\" class=\"attachment-full size-full wp-image-14441\" alt=\"\" srcset=\"https:\/\/ramsdata.com.pl\/wp-content\/uploads\/2024\/03\/certes-networks-logo-768x247.png-1.webp 768w, https:\/\/ramsdata.com.pl\/wp-content\/uploads\/2024\/03\/certes-networks-logo-768x247.png-1-300x96.webp 300w\" sizes=\"(max-width: 768px) 100vw, 768px\" \/>\t\t\t\t\t\t\t\t\t\t\t\t\t\t\t<\/div>\n\t\t\t\t<\/div>\n\t\t\t\t\t<\/div>\n\t\t\t\t<\/div>\n\t\t\t\t\t<\/div>\n\t\t\t\t<\/div>\n\t\t<div class=\"elementor-element elementor-element-b30175c e-flex e-con-boxed e-con e-child\" data-id=\"b30175c\" data-element_type=\"container\" data-e-type=\"container\" data-settings=\"{&quot;_ha_eqh_enable&quot;:false}\">\n\t\t\t\t\t<div class=\"e-con-inner\">\n\t\t<div class=\"elementor-element elementor-element-9fc8dd3 e-flex e-con-boxed e-con e-child\" data-id=\"9fc8dd3\" data-element_type=\"container\" data-e-type=\"container\" data-settings=\"{&quot;_ha_eqh_enable&quot;:false}\">\n\t\t\t\t\t<div class=\"e-con-inner\">\n\t\t\t\t<div class=\"elementor-element elementor-element-8c1d034 elementor-widget elementor-widget-image\" data-id=\"8c1d034\" data-element_type=\"widget\" data-e-type=\"widget\" data-widget_type=\"image.default\">\n\t\t\t\t<div class=\"elementor-widget-container\">\n\t\t\t\t\t\t\t\t\t\t\t\t\t\t\t<img loading=\"lazy\" decoding=\"async\" width=\"213\" height=\"200\" src=\"https:\/\/ramsdata.com.pl\/wp-content\/uploads\/2024\/03\/producenci_f5.png.webp\" class=\"attachment-full size-full wp-image-14446\" alt=\"\" \/>\t\t\t\t\t\t\t\t\t\t\t\t\t\t\t<\/div>\n\t\t\t\t<\/div>\n\t\t\t\t\t<\/div>\n\t\t\t\t<\/div>\n\t\t<div class=\"elementor-element elementor-element-8de82d3 e-flex e-con-boxed e-con e-child\" data-id=\"8de82d3\" data-element_type=\"container\" data-e-type=\"container\" data-settings=\"{&quot;_ha_eqh_enable&quot;:false}\">\n\t\t\t\t\t<div class=\"e-con-inner\">\n\t\t\t\t<div class=\"elementor-element elementor-element-b969857 elementor-widget elementor-widget-text-editor\" data-id=\"b969857\" data-element_type=\"widget\" data-e-type=\"widget\" data-widget_type=\"text-editor.default\">\n\t\t\t\t<div class=\"elementor-widget-container\">\n\t\t\t\t\t\t\t\t\t<p>Les menaces les plus dangereuses pour l&rsquo;infrastructure informatique sont li\u00e9es \u00e0 des attaques ciblant les vuln\u00e9rabilit\u00e9s des applications. Les mesures de s\u00e9curit\u00e9 conventionnelles telles que les pare-feu et les syst\u00e8mes de d\u00e9tection d&rsquo;intrusion ont beaucoup de mal \u00e0 d\u00e9tecter ce type d&rsquo;intrusion.<br>Application Security Manager (ASM) offre une protection compl\u00e8te pour les applications Web et les services bas\u00e9s sur XML. L&rsquo;utilisation d&rsquo;un pare-feu applicatif offre aux clients des avantages majeurs, notamment : la protection contre les attaques d&rsquo;applications, la conformit\u00e9 aux r\u00e9glementations (par exemple PCI DSS) et la r\u00e9ussite des audits de s\u00e9curit\u00e9 sans interf\u00e9rer avec le code de l&rsquo;application.<\/p><p> <\/p>\t\t\t\t\t\t\t\t<\/div>\n\t\t\t\t<\/div>\n\t\t\t\t<div class=\"elementor-element elementor-element-a4149b2 elementor-align-center elementor-widget elementor-widget-button\" data-id=\"a4149b2\" data-element_type=\"widget\" data-e-type=\"widget\" data-widget_type=\"button.default\">\n\t\t\t\t<div class=\"elementor-widget-container\">\n\t\t\t\t\t\t\t\t\t<div class=\"elementor-button-wrapper\">\n\t\t\t\t\t<a class=\"elementor-button elementor-button-link elementor-size-sm\" href=\"https:\/\/ramsdata.com.pl\/fr\/contact\/\">\n\t\t\t\t\t\t<span class=\"elementor-button-content-wrapper\">\n\t\t\t\t\t\t\t\t\t<span class=\"elementor-button-text\">En savoir plus<\/span>\n\t\t\t\t\t<\/span>\n\t\t\t\t\t<\/a>\n\t\t\t\t<\/div>\n\t\t\t\t\t\t\t\t<\/div>\n\t\t\t\t<\/div>\n\t\t\t\t\t<\/div>\n\t\t\t\t<\/div>\n\t\t\t\t\t<\/div>\n\t\t\t\t<\/div>\n\t\t\t\t\t<\/div>\n\t\t\t\t<\/div>\n\t\t\t\t<\/div>\n\t\t","protected":false},"excerpt":{"rendered":"<p>TECHNOLOGIES Depuis plus de 20 ans, Gimmal aide les organisations \u00e0 prendre le contr\u00f4le de l&rsquo;un de leurs actifs les plus pr\u00e9cieux, l&rsquo;information. L&rsquo;entreprise fournit des logiciels et des m\u00e9thodes permettant la d\u00e9couverte, la migration, la gestion et la conformit\u00e9 des donn\u00e9es, afin de r\u00e9duire le risque de violation de la r\u00e9glementation et d&rsquo;accro\u00eetre l&rsquo;efficacit\u00e9 [&hellip;]<\/p>\n","protected":false},"author":1,"featured_media":0,"parent":15124,"menu_order":0,"comment_status":"closed","ping_status":"closed","template":"","meta":{"_acf_changed":false,"om_disable_all_campaigns":false,"_monsterinsights_skip_tracking":false,"_monsterinsights_sitenote_active":false,"_monsterinsights_sitenote_note":"","_monsterinsights_sitenote_category":0,"_uf_show_specific_survey":0,"_uf_disable_surveys":false,"footnotes":""},"class_list":["post-15644","page","type-page","status-publish","hentry"],"acf":[],"aioseo_notices":[],"_links":{"self":[{"href":"https:\/\/ramsdata.com.pl\/fr\/wp-json\/wp\/v2\/pages\/15644","targetHints":{"allow":["GET"]}}],"collection":[{"href":"https:\/\/ramsdata.com.pl\/fr\/wp-json\/wp\/v2\/pages"}],"about":[{"href":"https:\/\/ramsdata.com.pl\/fr\/wp-json\/wp\/v2\/types\/page"}],"author":[{"embeddable":true,"href":"https:\/\/ramsdata.com.pl\/fr\/wp-json\/wp\/v2\/users\/1"}],"replies":[{"embeddable":true,"href":"https:\/\/ramsdata.com.pl\/fr\/wp-json\/wp\/v2\/comments?post=15644"}],"version-history":[{"count":6,"href":"https:\/\/ramsdata.com.pl\/fr\/wp-json\/wp\/v2\/pages\/15644\/revisions"}],"predecessor-version":[{"id":39519,"href":"https:\/\/ramsdata.com.pl\/fr\/wp-json\/wp\/v2\/pages\/15644\/revisions\/39519"}],"up":[{"embeddable":true,"href":"https:\/\/ramsdata.com.pl\/fr\/wp-json\/wp\/v2\/pages\/15124"}],"wp:attachment":[{"href":"https:\/\/ramsdata.com.pl\/fr\/wp-json\/wp\/v2\/media?parent=15644"}],"curies":[{"name":"wp","href":"https:\/\/api.w.org\/{rel}","templated":true}]}}