{"id":15421,"date":"2024-03-04T04:35:06","date_gmt":"2024-03-04T04:35:06","guid":{"rendered":"https:\/\/ramsdata.com.pl\/fabricants\/saltdna\/"},"modified":"2024-03-16T11:58:13","modified_gmt":"2024-03-16T11:58:13","slug":"saltdna","status":"publish","type":"page","link":"https:\/\/ramsdata.com.pl\/fr\/fabricants\/saltdna\/","title":{"rendered":"Saltdna"},"content":{"rendered":"\t\t<div data-elementor-type=\"wp-page\" data-elementor-id=\"15421\" class=\"elementor elementor-15421 elementor-11096\" data-elementor-settings=\"{&quot;ha_cmc_init_switcher&quot;:&quot;no&quot;}\" data-elementor-post-type=\"page\">\n\t\t\t\t<div class=\"elementor-element elementor-element-9d30c2a e-flex e-con-boxed e-con e-parent\" data-id=\"9d30c2a\" data-element_type=\"container\" data-e-type=\"container\" data-settings=\"{&quot;background_background&quot;:&quot;classic&quot;,&quot;_ha_eqh_enable&quot;:false}\">\n\t\t\t\t\t<div class=\"e-con-inner\">\n\t\t<div class=\"elementor-element elementor-element-1ce83376 e-con-full e-flex elementor-invisible e-con e-child\" data-id=\"1ce83376\" data-element_type=\"container\" data-e-type=\"container\" data-settings=\"{&quot;animation&quot;:&quot;fadeInDown&quot;,&quot;_ha_eqh_enable&quot;:false}\">\n\t\t\t\t<div class=\"elementor-element elementor-element-509703be elementor-widget elementor-widget-heading\" data-id=\"509703be\" data-element_type=\"widget\" data-e-type=\"widget\" data-widget_type=\"heading.default\">\n\t\t\t\t<div class=\"elementor-widget-container\">\n\t\t\t\t\t<h2 class=\"elementor-heading-title elementor-size-default\">SALTDNA\n<\/h2>\t\t\t\t<\/div>\n\t\t\t\t<\/div>\n\t\t\t\t<\/div>\n\t\t\t\t\t<\/div>\n\t\t\t\t<\/div>\n\t\t<div class=\"elementor-element elementor-element-1157e05e e-flex e-con-boxed e-con e-parent\" data-id=\"1157e05e\" data-element_type=\"container\" data-e-type=\"container\" data-settings=\"{&quot;background_background&quot;:&quot;classic&quot;,&quot;_ha_eqh_enable&quot;:false}\">\n\t\t\t\t\t<div class=\"e-con-inner\">\n\t\t<div class=\"elementor-element elementor-element-781aec94 e-con-full e-flex elementor-invisible e-con e-child\" data-id=\"781aec94\" data-element_type=\"container\" data-e-type=\"container\" data-settings=\"{&quot;animation&quot;:&quot;fadeInRight&quot;,&quot;_ha_eqh_enable&quot;:false}\">\n\t\t<div class=\"elementor-element elementor-element-c01f429 e-flex e-con-boxed e-con e-child\" data-id=\"c01f429\" data-element_type=\"container\" data-e-type=\"container\" data-settings=\"{&quot;background_background&quot;:&quot;classic&quot;,&quot;_ha_eqh_enable&quot;:false}\">\n\t\t\t\t\t<div class=\"e-con-inner\">\n\t\t\t\t<div class=\"elementor-element elementor-element-d1df429 elementor-widget elementor-widget-image\" data-id=\"d1df429\" data-element_type=\"widget\" data-e-type=\"widget\" data-widget_type=\"image.default\">\n\t\t\t\t<div class=\"elementor-widget-container\">\n\t\t\t\t\t\t\t\t\t\t\t\t\t\t\t<img fetchpriority=\"high\" decoding=\"async\" width=\"758\" height=\"200\" src=\"https:\/\/ramsdata.com.pl\/wp-content\/uploads\/2024\/03\/producenci_saltdna.png.webp\" class=\"attachment-large size-large wp-image-14096\" alt=\"\" srcset=\"https:\/\/ramsdata.com.pl\/wp-content\/uploads\/2024\/03\/producenci_saltdna.png.webp 758w, https:\/\/ramsdata.com.pl\/wp-content\/uploads\/2024\/03\/producenci_saltdna.png-300x79.webp 300w\" sizes=\"(max-width: 758px) 100vw, 758px\" \/>\t\t\t\t\t\t\t\t\t\t\t\t\t\t\t<\/div>\n\t\t\t\t<\/div>\n\t\t\t\t\t<\/div>\n\t\t\t\t<\/div>\n\t\t\t\t<\/div>\n\t\t<div class=\"elementor-element elementor-element-2842e835 e-con-full e-flex elementor-invisible e-con e-child\" data-id=\"2842e835\" data-element_type=\"container\" data-e-type=\"container\" data-settings=\"{&quot;animation&quot;:&quot;fadeInLeft&quot;,&quot;_ha_eqh_enable&quot;:false}\">\n\t\t\t\t<div class=\"elementor-element elementor-element-7f14ebd3 elementor-widget elementor-widget-text-editor\" data-id=\"7f14ebd3\" data-element_type=\"widget\" data-e-type=\"widget\" data-widget_type=\"text-editor.default\">\n\t\t\t\t<div class=\"elementor-widget-container\">\n\t\t\t\t\t\t\t\t\t<p>SaltDNA est une entreprise de cybers\u00e9curit\u00e9 \u00e0 croissance rapide bas\u00e9e \u00e0 Belfast, en Irlande du Nord. SaltDNA a affich\u00e9 un niveau de croissance tr\u00e8s \u00e9lev\u00e9. 2017 a \u00e9t\u00e9 une ann\u00e9e record pour SaltDNA et 2018 a vu SaltDNA cro\u00eetre \u00e0 nouveau, en augmentant les ventes, en d\u00e9veloppant les op\u00e9rations et en gagnant des clients sur six continents. SaltDNA fait \u00e0 nouveau partie du club des \u00ab\u00a0Cybersecurity 500\u00a0\u00bb et a \u00e9t\u00e9 nomm\u00e9e \u00ab\u00a0Meilleure petite entreprise technologique\u00a0\u00bb lors de l&rsquo;\u00e9dition 2018 des Digital DNA Awards.<\/p>\n<p>SaltDNA a \u00e9galement re\u00e7u le prix \u00ab\u00a0Entreprise innovante de l&rsquo;ann\u00e9e\u00a0\u00bb lors des BEFTA Awards 2018. Le succ\u00e8s de SaltDNA a \u00e9t\u00e9 \u00e9vident tout au long de l&rsquo;ann\u00e9e 2018. &#8211; L&rsquo;entreprise a notamment \u00e9t\u00e9 reconnue comme le meilleur nouvel entrant sur les march\u00e9s internationaux lors des Telegraph Trade Awards, o\u00f9 elle a \u00e9t\u00e9 pr\u00e9s\u00e9lectionn\u00e9e pour trois prix technologiques nationaux.<\/p>\n<p>SaltDNA est d\u00e9termin\u00e9 \u00e0 poursuivre cette tendance \u00e0 la hausse. Au premier trimestre 2019, l&rsquo;entreprise a d\u00e9j\u00e0 r\u00e9alis\u00e9 son plus grand projet commercial et est en passe de r\u00e9aliser un r\u00e9sultat record cette ann\u00e9e.<\/p><\/p>\n\t\t\t\t\t\t\t\t<\/div>\n\t\t\t\t<\/div>\n\t\t\t\t<\/div>\n\t\t\t\t\t<\/div>\n\t\t\t\t<\/div>\n\t\t<div class=\"elementor-element elementor-element-1ba0dd41 e-flex e-con-boxed e-con e-parent\" data-id=\"1ba0dd41\" data-element_type=\"container\" data-e-type=\"container\" data-settings=\"{&quot;background_background&quot;:&quot;classic&quot;,&quot;_ha_eqh_enable&quot;:false}\">\n\t\t\t\t\t<div class=\"e-con-inner\">\n\t\t<div class=\"elementor-element elementor-element-6a4afdfa e-con-full e-flex elementor-invisible e-con e-child\" data-id=\"6a4afdfa\" data-element_type=\"container\" data-e-type=\"container\" data-settings=\"{&quot;animation&quot;:&quot;fadeInDown&quot;,&quot;_ha_eqh_enable&quot;:false}\">\n\t\t\t\t<div class=\"elementor-element elementor-element-6dd10a80 elementor-widget elementor-widget-heading\" data-id=\"6dd10a80\" data-element_type=\"widget\" data-e-type=\"widget\" data-widget_type=\"heading.default\">\n\t\t\t\t<div class=\"elementor-widget-container\">\n\t\t\t\t\t<h2 class=\"elementor-heading-title elementor-size-default\">\u00e0 propos des services\n<\/h2>\t\t\t\t<\/div>\n\t\t\t\t<\/div>\n\t\t<div class=\"elementor-element elementor-element-79fe485 e-flex e-con-boxed e-con e-child\" data-id=\"79fe485\" data-element_type=\"container\" data-e-type=\"container\" data-settings=\"{&quot;_ha_eqh_enable&quot;:false}\">\n\t\t\t\t\t<div class=\"e-con-inner\">\n\t\t\t\t<div class=\"elementor-element elementor-element-bb21e38 elementor-widget elementor-widget-text-editor\" data-id=\"bb21e38\" data-element_type=\"widget\" data-e-type=\"widget\" data-widget_type=\"text-editor.default\">\n\t\t\t\t<div class=\"elementor-widget-container\">\n\t\t\t\t\t\t\t\t\t<p>SaltDNA propose un syst\u00e8me de communication mobile s\u00e9curis\u00e9 qui garantit une confidentialit\u00e9 maximale et optimise la productivit\u00e9 des entreprises, en offrant les caract\u00e9ristiques et fonctionnalit\u00e9s suivantes :<\/p>\n<p>1. la responsabilit\u00e9 et la conformit\u00e9. Contr\u00f4le complet et centralis\u00e9 des communications, ce qui permet d&rsquo;analyser la responsabilit\u00e9 des actions des employ\u00e9s et de se conformer aux r\u00e8gles de s\u00e9curit\u00e9 internes et externes.<\/p>\n<p>2 Une collaboration s\u00fbre. Des conf\u00e9rences t\u00e9l\u00e9phoniques et une fonction de messagerie de groupe permettent aux \u00e9quipes de travailler sur des questions sensibles en toute s\u00e9curit\u00e9 et confidentialit\u00e9.<\/p>\n<p>3. la transmission s\u00e9curis\u00e9e de fichiers audio et de fichiers. Acc\u00e8s instantan\u00e9 et envoi de documents et d&rsquo;informations confidentiels en d\u00e9placement\/en temps r\u00e9el.<\/p>\n<p>4. rapports et analyses. Capacit\u00e9 \u00e0 contr\u00f4ler les donn\u00e9es individuelles et la qualit\u00e9 de l&rsquo;utilisation de la communication<\/p>\n<p>5. les conf\u00e9rences t\u00e9l\u00e9phoniques. Fonction de conf\u00e9rence pour 15 participants simultan\u00e9s \u00e0 tout moment. Tous les appels VoIP sont crypt\u00e9s et s\u00e9curis\u00e9s dans toutes les r\u00e9gions. Le plus haut niveau de qualit\u00e9 vocale.<\/p>\n<p>6 Gestion centralis\u00e9e. La possibilit\u00e9 de fournir et de d\u00e9sactiver le service imm\u00e9diatement, de n&rsquo;importe o\u00f9 dans le monde.<\/p>\n<p>7. les groupes de contact ferm\u00e9s. Les contacts autoris\u00e9s font partie d&rsquo;un groupe ferm\u00e9 dans l&rsquo;application SaltDNA et ne sont pas li\u00e9s aux contacts personnels de l&rsquo;appareil.<\/p>\n<p>8 Voix et texte crypt\u00e9s. Toutes les communications sur les appareils mobiles et les ordinateurs sont s\u00e9curis\u00e9es et confidentielles (priv\u00e9es).<\/p>\n<p>9 Options de mise en \u0153uvre. Le syst\u00e8me est disponible en tant que service h\u00e9berg\u00e9 ou en tant qu&rsquo;installation dans l&rsquo;infrastructure du r\u00e9seau local.<\/p>\n<p>10. transmission \/distribution\/propagation de messages. Envoi d&rsquo;alertes en direct \u00e0 de grands groupes d&rsquo;utilisateurs au sein de l&rsquo;organisation. Cette fonction permet aux organisations d&rsquo;envoyer des messages, de partager des photos, des documents, des messages d&rsquo;alerte et d&rsquo;attribuer un niveau d&rsquo;importance \u00e0 une alerte.<\/p>\n<p>En r\u00e9sum\u00e9, SaltDNA garantit la confidentialit\u00e9 des communications de bout en bout (transfert de donn\u00e9es, audio, etc&#8230;) (entre utilisateurs) en utilisant le cryptage, etc&#8230;. Les principaux avantages du syst\u00e8me sont les suivants est que seul le propri\u00e9taire a le contr\u00f4le total du syst\u00e8me et du transfert de donn\u00e9es, c&rsquo;est-\u00e0-dire que les donn\u00e9es ne sont enregistr\u00e9es ou sauvegard\u00e9es nulle part (par exemple sur les appareils des op\u00e9rateurs interm\u00e9diaires, etc&#8230;). Cette solution est id\u00e9ale dans les environnements o\u00f9 la communication confidentielle et le partage d&rsquo;informations entre les utilisateurs sont requis\/n\u00e9cessaires.<\/p>\n\t\t\t\t\t\t\t\t<\/div>\n\t\t\t\t<\/div>\n\t\t\t\t\t<\/div>\n\t\t\t\t<\/div>\n\t\t\t\t<\/div>\n\t\t\t\t\t<\/div>\n\t\t\t\t<\/div>\n\t\t<div class=\"elementor-element elementor-element-2b49407 e-flex e-con-boxed e-con e-parent\" data-id=\"2b49407\" data-element_type=\"container\" data-e-type=\"container\" data-settings=\"{&quot;background_background&quot;:&quot;classic&quot;,&quot;_ha_eqh_enable&quot;:false}\">\n\t\t\t\t\t<div class=\"e-con-inner\">\n\t\t<div class=\"elementor-element elementor-element-67af4b2 e-con-full e-flex elementor-invisible e-con e-child\" data-id=\"67af4b2\" data-element_type=\"container\" data-e-type=\"container\" data-settings=\"{&quot;animation&quot;:&quot;fadeInDown&quot;,&quot;_ha_eqh_enable&quot;:false}\">\n\t\t\t\t<div class=\"elementor-element elementor-element-6a12324 elementor-widget elementor-widget-heading\" data-id=\"6a12324\" data-element_type=\"widget\" data-e-type=\"widget\" data-widget_type=\"heading.default\">\n\t\t\t\t<div class=\"elementor-widget-container\">\n\t\t\t\t\t<h2 class=\"elementor-heading-title elementor-size-default\">innovation de la solution\n<\/h2>\t\t\t\t<\/div>\n\t\t\t\t<\/div>\n\t\t<div class=\"elementor-element elementor-element-ddcb41a e-flex e-con-boxed e-con e-child\" data-id=\"ddcb41a\" data-element_type=\"container\" data-e-type=\"container\" data-settings=\"{&quot;_ha_eqh_enable&quot;:false}\">\n\t\t\t\t\t<div class=\"e-con-inner\">\n\t\t\t\t<div class=\"elementor-element elementor-element-d324acc elementor-widget elementor-widget-text-editor\" data-id=\"d324acc\" data-element_type=\"widget\" data-e-type=\"widget\" data-widget_type=\"text-editor.default\">\n\t\t\t\t<div class=\"elementor-widget-container\">\n\t\t\t\t\t\t\t\t\t<p>SaltDNA est la premi\u00e8re entreprise \u00e0 proposer une solution de communication crypt\u00e9e entre les appareils des utilisateurs tout en offrant un contr\u00f4le centralis\u00e9 des communications de l&rsquo;entreprise. SaltDNA Enterprise est le meilleur outil sur le march\u00e9 qui fournira, entre autres choses. la protection des secrets commerciaux, l&rsquo;\u00e9change confidentiel de donn\u00e9es strat\u00e9giques, exclusives et sensibles entre les utilisateurs &#8211; dans n&rsquo;importe quelle entreprise.<br \/>La solution SaltDNA offre une flexibilit\u00e9 de d\u00e9ploiement et une structure de cryptage robuste dans le cadre d&rsquo;une utilisation mobile. Des fonctions de contr\u00f4le compl\u00e8tes permettent de renforcer sans effort le niveau de s\u00e9curit\u00e9 de l&rsquo;entreprise.<\/p>\n<p>SaltDNA offre aux organisations une s\u00e9rie d&rsquo;options de d\u00e9ploiement (qui ne sont pas propos\u00e9es par les concurrents). La solution SaltDNA Enterprise est disponible en tant que service cloud h\u00e9berg\u00e9 ou en tant qu&rsquo;installation locale au sein d&rsquo;une infrastructure priv\u00e9e. Les entreprises disposent de choix flexibles dans le cadre des installations de SaltDNA en fonction de leurs besoins.<br \/>Bien que la liste des caract\u00e9ristiques soit constamment am\u00e9lior\u00e9e, SaltDNA offre actuellement de nombreuses caract\u00e9ristiques qui ne sont souvent pas disponibles sur le march\u00e9, telles que<\/p>\n<p>Transmission et archivage s\u00e9curis\u00e9s du contenu des messages textuels et des appels vocaux<br \/>2. transfert de fichiers\/d&rsquo;images et fonction \u00ab\u00a0graver\u00a0\u00bb\/supprimer l&rsquo;historique des communications, c&rsquo;est-\u00e0-dire un message peut \u00eatre supprim\u00e9 des deux dispositifs (exp\u00e9diteur et destinataire) par l&rsquo;une ou l&rsquo;autre des parties, quel que soit son lieu d&rsquo;origine<br \/>3. les groupes d&rsquo;utilisateurs ferm\u00e9s<br \/>4 Gestion et supervision centralis\u00e9es et assistance 24 heures sur 24, 7 jours sur 7.<\/p>\n<p>En 2018, SaltDNA a d\u00e9velopp\u00e9 une fonctionnalit\u00e9 pour le traitement s\u00e9curis\u00e9 des pi\u00e8ces jointes vid\u00e9o et audio. Gr\u00e2ce \u00e0 cette fonction, les utilisateurs peuvent envoyer des pi\u00e8ces jointes audio et vid\u00e9o en toute s\u00e9curit\u00e9 par message \u00e0 leurs contacts \u00e0 partir de leur t\u00e9l\u00e9phone portable ou de leur ordinateur. SaltDNA a \u00e9galement d\u00e9velopp\u00e9 une fonction de messagerie s\u00e9curis\u00e9e qui permet aux clients d&rsquo;envoyer des alertes \u00e0 de grands groupes d&rsquo;utilisateurs au sein de l&rsquo;organisation en temps r\u00e9el. Une nouvelle fonction de diffusion\/messagerie permet aux organisations de partager des images et des documents, ainsi que d&rsquo;attribuer un niveau d&rsquo;importance aux alertes (diff\u00e9rentes tonalit\u00e9s d&rsquo;alerte pour diff\u00e9rents niveaux d&rsquo;importance).<\/p>\n<p>Les plans d&rsquo;expansion permettent \u00e9galement \u00e0 SaltDNA de devancer des concurrents tels que Signal, Silent Circle et TigerText. SaltDNA pr\u00e9sente de nombreux avantages\/diff\u00e9rences par rapport \u00e0 ses concurrents, tant sur le plan technique que fonctionnel. La plupart des concurrents de SaltDNA op\u00e8rent sur le march\u00e9 de la consommation, offrant des communications s\u00e9curis\u00e9es \u00e0 l&rsquo;usage exclusif des consommateurs. SaltDNA travaille exclusivement avec les entreprises et d\u00e9veloppe des fonctionnalit\u00e9s et des technologies pour ce march\u00e9. SaltDNA se distingue par le fait qu&rsquo;il permet aux organisations de contr\u00f4ler qui parle \u00e0 qui dans leur entreprise. SaltDNA fournit un syst\u00e8me de gestion s\u00e9curis\u00e9 qui permet aux entreprises de contr\u00f4ler enti\u00e8rement les communications et toutes les listes de contacts des employ\u00e9s. En facilitant la gestion de la communication, il permet de g\u00e9rer plus facilement des groupes d&rsquo;utilisateurs ferm\u00e9s.<\/p>\n<p>SaltDNA utilise des biblioth\u00e8ques cryptographiques ouvertes et publiquement v\u00e9rifiables. Les ing\u00e9nieurs de l&rsquo;entreprise ont mis au point les niveaux de cryptage les plus puissants et le code transf\u00e9r\u00e9 sur n&rsquo;importe quelle infrastructure de communication en r\u00e9seau a \u00e9t\u00e9 v\u00e9rifi\u00e9 par un consortium compos\u00e9 des meilleurs sp\u00e9cialistes mondiaux de la cryptographie. Les biblioth\u00e8ques et protocoles open source sur lesquels repose SaltDNA comprennent les \u00e9l\u00e9ments de s\u00e9curit\u00e9 suivants :<\/p>\n<p>a) TLS \u00ab\u00a0Transport Layer Security\u00a0\u00bb pour les connexions crypt\u00e9es<br \/>(b) Messages crypt\u00e9s \u00e0 l&rsquo;aide du protocole s\u00e9curis\u00e9 Axolotl (\u00e9change de cl\u00e9s \u00e0 l&rsquo;aide du protocole Diffie-Hellman et de la fonction de preuve de hachage (HMAC)). Cryptage des messages OLM &#8211; \u00e0 l&rsquo;aide d&rsquo;un \u00e9change de cl\u00e9s \u00e9ph\u00e9m\u00e8res.<br \/>(c) la signalisation et la configuration des appels vocaux via des connexions TLS \u00ab\u00a0\u00e9pingl\u00e9es\u00a0\u00bb. Le syst\u00e8me DTLS (Datagram Transport Layer Security) est utilis\u00e9 pour garantir la confidentialit\u00e9 des communications sur un canal de signalisation s\u00e9curis\u00e9. DTLS \u00e9limine le risque de modification, d&rsquo;\u00e9coute ou de falsification des messages.<br \/>(d) SRTP &#8211; Protocole de transport s\u00e9curis\u00e9 en temps r\u00e9el pour les appels vocaux d&rsquo;\u00e9gal \u00e0 \u00e9gal<\/p>\n\t\t\t\t\t\t\t\t<\/div>\n\t\t\t\t<\/div>\n\t\t<div class=\"elementor-element elementor-element-1b33b491 e-con-full e-flex e-con e-child\" data-id=\"1b33b491\" data-element_type=\"container\" data-e-type=\"container\" data-settings=\"{&quot;_ha_eqh_enable&quot;:false}\">\n\t\t<div class=\"elementor-element elementor-element-348f697a e-con-full e-flex elementor-invisible e-con e-child\" data-id=\"348f697a\" data-element_type=\"container\" data-e-type=\"container\" data-settings=\"{&quot;background_background&quot;:&quot;gradient&quot;,&quot;animation&quot;:&quot;fadeInRight&quot;,&quot;_ha_eqh_enable&quot;:false}\">\n\t\t\t\t<div class=\"elementor-element elementor-element-15a38170 elementor-widget elementor-widget-icon-box\" data-id=\"15a38170\" data-element_type=\"widget\" data-e-type=\"widget\" data-widget_type=\"icon-box.default\">\n\t\t\t\t<div class=\"elementor-widget-container\">\n\t\t\t\t\t\t\t<div class=\"elementor-icon-box-wrapper\">\n\n\t\t\t\n\t\t\t\t\t\t<div class=\"elementor-icon-box-content\">\n\n\t\t\t\t\t\t\t\t\t<div class=\"elementor-icon-box-title\">\n\t\t\t\t\t\t<span  >\n\t\t\t\t\t\t\tV\u00e9rification et visualisation des informations\t\t\t\t\t\t<\/span>\n\t\t\t\t\t<\/div>\n\t\t\t\t\n\t\t\t\t\t\t\t\t\t<p class=\"elementor-icon-box-description\">\n\t\t\t\t\t\tL'entreprise a besoin d'un contr\u00f4le centralis\u00e9 \u00e9troit des utilisateurs, de la possibilit\u00e9 d'approvisionner ou de supprimer instantan\u00e9ment des utilisateurs et de capacit\u00e9s de cr\u00e9ation de rapports. Seuls les utilisateurs autoris\u00e9s peuvent communiquer sur le r\u00e9seau crypt\u00e9 s\u00e9curis\u00e9, ce qui r\u00e9duit consid\u00e9rablement le risque qu'il soit utilis\u00e9 \u00e0 des fins malveillantes. Les contacts sont ferm\u00e9s, r\u00e9serv\u00e9s aux utilisateurs autoris\u00e9s dans l'application, c'est-\u00e0-dire que vous ne pouvez pas communiquer avec les contacts de votre appareil.\n\n\t\t\t\t\t<\/p>\n\t\t\t\t\n\t\t\t<\/div>\n\t\t\t\n\t\t<\/div>\n\t\t\t\t\t\t<\/div>\n\t\t\t\t<\/div>\n\t\t\t\t<\/div>\n\t\t<div class=\"elementor-element elementor-element-5b3aba3b e-con-full e-flex elementor-invisible e-con e-child\" data-id=\"5b3aba3b\" data-element_type=\"container\" data-e-type=\"container\" data-settings=\"{&quot;background_background&quot;:&quot;gradient&quot;,&quot;animation&quot;:&quot;fadeInRight&quot;,&quot;_ha_eqh_enable&quot;:false}\">\n\t\t\t\t<div class=\"elementor-element elementor-element-4fd3e608 elementor-widget elementor-widget-icon-box\" data-id=\"4fd3e608\" data-element_type=\"widget\" data-e-type=\"widget\" data-widget_type=\"icon-box.default\">\n\t\t\t\t<div class=\"elementor-widget-container\">\n\t\t\t\t\t\t\t<div class=\"elementor-icon-box-wrapper\">\n\n\t\t\t\n\t\t\t\t\t\t<div class=\"elementor-icon-box-content\">\n\n\t\t\t\t\t\t\t\t\t<div class=\"elementor-icon-box-title\">\n\t\t\t\t\t\t<span  >\n\t\t\t\t\t\t\tResponsabilit\u00e9 et conformit\u00e9\t\t\t\t\t\t<\/span>\n\t\t\t\t\t<\/div>\n\t\t\t\t\n\t\t\t\t\t\t\t\t\t<p class=\"elementor-icon-box-description\">\n\t\t\t\t\t\tLa solution d'entreprise permet de contr\u00f4ler totalement les donn\u00e9es qui sont stock\u00e9es et celles qui sont supprim\u00e9es. C'est l'une des fonctions les plus importantes et les plus souhaitables qui n'existe pas dans les applications de messagerie gratuites. Ceci est crucial pour la conformit\u00e9 des communications dans les secteurs r\u00e9glement\u00e9s tels que les soins de sant\u00e9, la finance, l'application de la loi ou les services de s\u00e9curit\u00e9, o\u00f9 les communications doivent \u00eatre s\u00e9curis\u00e9es et enregistr\u00e9es \u00e0 des fins de responsabilisation dans le contexte de la responsabilit\u00e9.\n\n\t\t\t\t\t<\/p>\n\t\t\t\t\n\t\t\t<\/div>\n\t\t\t\n\t\t<\/div>\n\t\t\t\t\t\t<\/div>\n\t\t\t\t<\/div>\n\t\t\t\t<\/div>\n\t\t<div class=\"elementor-element elementor-element-446397c9 e-con-full e-flex elementor-invisible e-con e-child\" data-id=\"446397c9\" data-element_type=\"container\" data-e-type=\"container\" data-settings=\"{&quot;background_background&quot;:&quot;gradient&quot;,&quot;animation&quot;:&quot;fadeInRight&quot;,&quot;_ha_eqh_enable&quot;:false}\">\n\t\t\t\t<div class=\"elementor-element elementor-element-1a7f20aa elementor-widget elementor-widget-icon-box\" data-id=\"1a7f20aa\" data-element_type=\"widget\" data-e-type=\"widget\" data-widget_type=\"icon-box.default\">\n\t\t\t\t<div class=\"elementor-widget-container\">\n\t\t\t\t\t\t\t<div class=\"elementor-icon-box-wrapper\">\n\n\t\t\t\n\t\t\t\t\t\t<div class=\"elementor-icon-box-content\">\n\n\t\t\t\t\t\t\t\t\t<div class=\"elementor-icon-box-title\">\n\t\t\t\t\t\t<span  >\n\t\t\t\t\t\t\tFonctions de l'entreprise et flexibilit\u00e9 de la mise en \u0153uvre\t\t\t\t\t\t<\/span>\n\t\t\t\t\t<\/div>\n\t\t\t\t\n\t\t\t\t\t\t\t\t\t<p class=\"elementor-icon-box-description\">\n\t\t\t\t\t\tLes conf\u00e9rences t\u00e9l\u00e9phoniques et les discussions de groupe s\u00e9curis\u00e9es, le transfert et le stockage d'images s\u00e9curis\u00e9s, la qualit\u00e9 d'appel am\u00e9lior\u00e9e et l'int\u00e9gration LDAP permettent une collaboration s\u00e9curis\u00e9e \u00e0 l'\u00e9chelle de l'entreprise, et pas seulement une communication individuelle. En outre, les entreprises souhaitent b\u00e9n\u00e9ficier d'une certaine souplesse afin de pouvoir d\u00e9ployer leur solution en tant que service h\u00e9berg\u00e9 ou de pouvoir l'installer sur leur propre infrastructure, en fonction de leurs besoins.\n\n\t\t\t\t\t<\/p>\n\t\t\t\t\n\t\t\t<\/div>\n\t\t\t\n\t\t<\/div>\n\t\t\t\t\t\t<\/div>\n\t\t\t\t<\/div>\n\t\t\t\t<\/div>\n\t\t\t\t<\/div>\n\t\t\t\t\t<\/div>\n\t\t\t\t<\/div>\n\t\t\t\t<\/div>\n\t\t\t\t\t<\/div>\n\t\t\t\t<\/div>\n\t\t\t\t<\/div>\n\t\t","protected":false},"excerpt":{"rendered":"<p>SALTDNA SaltDNA est une entreprise de cybers\u00e9curit\u00e9 \u00e0 croissance rapide bas\u00e9e \u00e0 Belfast, en Irlande du Nord. SaltDNA a affich\u00e9 un niveau de croissance tr\u00e8s \u00e9lev\u00e9. 2017 a \u00e9t\u00e9 une ann\u00e9e record pour SaltDNA et 2018 a vu SaltDNA cro\u00eetre \u00e0 nouveau, en augmentant les ventes, en d\u00e9veloppant les op\u00e9rations et en gagnant des clients [&hellip;]<\/p>\n","protected":false},"author":1,"featured_media":0,"parent":14754,"menu_order":0,"comment_status":"closed","ping_status":"closed","template":"","meta":{"_acf_changed":false,"om_disable_all_campaigns":false,"_monsterinsights_skip_tracking":false,"_monsterinsights_sitenote_active":false,"_monsterinsights_sitenote_note":"","_monsterinsights_sitenote_category":0,"_uf_show_specific_survey":0,"_uf_disable_surveys":false,"footnotes":""},"class_list":["post-15421","page","type-page","status-publish","hentry"],"acf":[],"aioseo_notices":[],"_links":{"self":[{"href":"https:\/\/ramsdata.com.pl\/fr\/wp-json\/wp\/v2\/pages\/15421","targetHints":{"allow":["GET"]}}],"collection":[{"href":"https:\/\/ramsdata.com.pl\/fr\/wp-json\/wp\/v2\/pages"}],"about":[{"href":"https:\/\/ramsdata.com.pl\/fr\/wp-json\/wp\/v2\/types\/page"}],"author":[{"embeddable":true,"href":"https:\/\/ramsdata.com.pl\/fr\/wp-json\/wp\/v2\/users\/1"}],"replies":[{"embeddable":true,"href":"https:\/\/ramsdata.com.pl\/fr\/wp-json\/wp\/v2\/comments?post=15421"}],"version-history":[{"count":3,"href":"https:\/\/ramsdata.com.pl\/fr\/wp-json\/wp\/v2\/pages\/15421\/revisions"}],"predecessor-version":[{"id":15541,"href":"https:\/\/ramsdata.com.pl\/fr\/wp-json\/wp\/v2\/pages\/15421\/revisions\/15541"}],"up":[{"embeddable":true,"href":"https:\/\/ramsdata.com.pl\/fr\/wp-json\/wp\/v2\/pages\/14754"}],"wp:attachment":[{"href":"https:\/\/ramsdata.com.pl\/fr\/wp-json\/wp\/v2\/media?parent=15421"}],"curies":[{"name":"wp","href":"https:\/\/api.w.org\/{rel}","templated":true}]}}