{"id":15122,"date":"2024-03-03T19:16:37","date_gmt":"2024-03-03T19:16:37","guid":{"rendered":"https:\/\/ramsdata.com.pl\/rodo\/"},"modified":"2024-03-16T11:23:27","modified_gmt":"2024-03-16T11:23:27","slug":"rodo","status":"publish","type":"page","link":"https:\/\/ramsdata.com.pl\/fr\/rodo\/","title":{"rendered":"rodo"},"content":{"rendered":"\t\t<div data-elementor-type=\"wp-page\" data-elementor-id=\"15122\" class=\"elementor elementor-15122 elementor-10878\" data-elementor-settings=\"{&quot;ha_cmc_init_switcher&quot;:&quot;no&quot;}\" data-elementor-post-type=\"page\">\n\t\t\t\t<div class=\"elementor-element elementor-element-11ef9e8 e-flex e-con-boxed e-con e-parent\" data-id=\"11ef9e8\" data-element_type=\"container\" data-e-type=\"container\" data-settings=\"{&quot;_ha_eqh_enable&quot;:false}\">\n\t\t\t\t\t<div class=\"e-con-inner\">\n\t\t\t\t<div class=\"elementor-element elementor-element-1cd21ee elementor-widget elementor-widget-text-editor\" data-id=\"1cd21ee\" data-element_type=\"widget\" data-e-type=\"widget\" data-widget_type=\"text-editor.default\">\n\t\t\t\t<div class=\"elementor-widget-container\">\n\t\t\t\t\t\t\t\t\t<div class=\"elementor-element elementor-element-97f3bcf elementor-widget elementor-widget-heading\" data-id=\"97f3bcf\" data-element_type=\"widget\" data-widget_type=\"heading.default\">\n<div class=\"elementor-widget-container\">\n<h1 class=\"elementor-heading-title elementor-size-default\">Politique de confidentialit\u00e9<\/h1>\n<\/div>\n<\/div>\n<div class=\"elementor-element elementor-element-623a805 elementor-widget elementor-widget-text-editor\" data-id=\"623a805\" data-element_type=\"widget\" data-widget_type=\"text-editor.default\">\n<div class=\"elementor-widget-container\">\n<p><strong>1. informations g\u00e9n\u00e9rales.<br \/><\/strong><br \/>Le service remplit des fonctions permettant d&rsquo;obtenir des informations sur les utilisateurs et leur comportement de la mani\u00e8re suivante :<br \/>\u25e6 Par les informations saisies volontairement dans les formulaires.<br \/>\u25e6 En stockant des cookies (appel\u00e9s \u00ab\u00a0t\u00e9moins de connexion\u00a0\u00bb) sur l&rsquo;\u00e9quipement terminal.<br \/>\u25e6 En collectant les journaux des serveurs web<\/p>\n<p><strong>2. les informations contenues dans les formulaires.<br \/><\/strong><br \/>Le service recueille des informations fournies volontairement par l&rsquo;utilisateur.<br \/>En outre, le service peut enregistrer des informations sur les param\u00e8tres de connexion (horodatage, adresse IP).<br \/>Les donn\u00e9es contenues dans le formulaire ne sont pas mises \u00e0 la disposition de tiers, sauf avec le consentement de l&rsquo;utilisateur.<br \/>Les donn\u00e9es fournies dans le formulaire peuvent constituer un ensemble de clients potentiels, inscrits par l&rsquo;op\u00e9rateur du site Web dans le registre tenu par l&rsquo;inspecteur g\u00e9n\u00e9ral pour la protection des donn\u00e9es personnelles.<br \/>Les donn\u00e9es fournies dans le formulaire sont trait\u00e9es dans le but r\u00e9sultant de la fonction du formulaire sp\u00e9cifique, par exemple pour traiter une demande de service ou pour \u00e9tablir un contact commercial.<br \/>Les donn\u00e9es fournies dans les formulaires peuvent \u00eatre transmises \u00e0 des entit\u00e9s effectuant techniquement certains services &#8211; en particulier, il s&rsquo;agit de la transmission d&rsquo;informations sur le titulaire du domaine enregistr\u00e9 \u00e0 des entit\u00e9s qui sont des op\u00e9rateurs de domaines Internet (avant tout, le Scientific and Academic Computer Network j.b.r &#8211; NASK), des services g\u00e9rant les paiements ou d&rsquo;autres entit\u00e9s avec lesquelles l&rsquo;op\u00e9rateur du site Web coop\u00e8re \u00e0 cet \u00e9gard.<\/p>\n<p><strong>3 Informations sur les cookies.<\/strong><\/p>\n<p>Le site web utilise des cookies.<br \/>Les cookies (appel\u00e9s \u00ab\u00a0t\u00e9moins de connexion\u00a0\u00bb) sont des donn\u00e9es informatiques, en particulier des fichiers texte, qui sont stock\u00e9s dans l&rsquo;\u00e9quipement terminal de l&rsquo;utilisateur du service et sont destin\u00e9s \u00e0 \u00eatre utilis\u00e9s sur le site web. Les cookies contiennent g\u00e9n\u00e9ralement le nom du site web dont ils proviennent, la dur\u00e9e pendant laquelle ils sont stock\u00e9s sur l&rsquo;appareil final et un num\u00e9ro unique.<br \/>L&rsquo;entit\u00e9 qui place les cookies sur l&rsquo;\u00e9quipement terminal de l&rsquo;utilisateur du service et qui y acc\u00e8de est l&rsquo;op\u00e9rateur du service.<\/p>\n<p><strong>Les cookies sont utilis\u00e9s aux fins suivantes :<\/strong><\/p>\n<p>\u25e6 pour cr\u00e9er des statistiques qui nous aident \u00e0 comprendre comment les utilisateurs des sites web utilisent ces derniers afin que nous puissions en am\u00e9liorer la structure et le contenu ;<br \/>\u25e6 le maintien d&rsquo;une session de l&rsquo;Utilisateur du Service (apr\u00e8s connexion), gr\u00e2ce \u00e0 laquelle l&rsquo;Utilisateur n&rsquo;a pas \u00e0 ressaisir son login et son mot de passe sur chaque sous-page du Service ;<br \/>\u25e6 le profilage de l&rsquo;utilisateur afin d&rsquo;afficher du mat\u00e9riel adapt\u00e9 \u00e0 l&rsquo;utilisateur sur les r\u00e9seaux publicitaires, en particulier le r\u00e9seau Google.<\/p>\n<p>Le site Web utilise deux principaux types de cookies : les \u00ab\u00a0cookies de session\u00a0\u00bb et les \u00ab\u00a0cookies permanents\u00a0\u00bb (cookies persistants). Les cookies de \u00ab\u00a0session\u00a0\u00bb sont des fichiers temporaires qui sont stock\u00e9s sur l&rsquo;\u00e9quipement terminal de l&rsquo;utilisateur jusqu&rsquo;\u00e0 ce que ce dernier se d\u00e9connecte, quitte le site web ou \u00e9teigne le logiciel (navigateur web). Les cookies \u00ab\u00a0permanents\u00a0\u00bb sont stock\u00e9s sur l&rsquo;\u00e9quipement terminal de l&rsquo;utilisateur pour la dur\u00e9e sp\u00e9cifi\u00e9e dans les param\u00e8tres des cookies ou jusqu&rsquo;\u00e0 ce qu&rsquo;ils soient supprim\u00e9s par l&rsquo;utilisateur.<br \/>Le logiciel de navigation sur le web (navigateur web) permet g\u00e9n\u00e9ralement par d\u00e9faut de stocker des cookies sur l&rsquo;appareil terminal de l&rsquo;utilisateur. Les utilisateurs du service peuvent modifier leurs param\u00e8tres \u00e0 cet \u00e9gard. Votre navigateur web vous permet de supprimer les cookies. Il est \u00e9galement possible de bloquer automatiquement les cookies. Pour plus de d\u00e9tails, veuillez vous r\u00e9f\u00e9rer \u00e0 l&rsquo;aide ou \u00e0 la documentation de votre navigateur.<br \/>Les restrictions relatives \u00e0 l&rsquo;utilisation des cookies peuvent affecter certaines des fonctionnalit\u00e9s disponibles sur le site web.<br \/>Les cookies sont plac\u00e9s dans l&rsquo;\u00e9quipement terminal de l&rsquo;utilisateur du service et peuvent \u00e9galement \u00eatre utilis\u00e9s par les annonceurs et les partenaires qui coop\u00e8rent avec l&rsquo;op\u00e9rateur du service.<br \/>Nous vous recommandons de lire les politiques de confidentialit\u00e9 de ces entreprises pour comprendre l&rsquo;utilisation des cookies utilis\u00e9s dans les statistiques : R\u00e8gles de confidentialit\u00e9 de Google Analytics<br \/>Les cookies peuvent \u00eatre utilis\u00e9s par des r\u00e9seaux publicitaires, en particulier le r\u00e9seau Google, pour afficher des publicit\u00e9s adapt\u00e9es \u00e0 la fa\u00e7on dont vous utilisez le site Web. \u00c0 cette fin, ils peuvent conserver des informations sur le chemin de navigation de l&rsquo;utilisateur ou sur le temps qu&rsquo;il a pass\u00e9 sur une page donn\u00e9e.<\/p>\n<p><strong>4. journaux du serveur.<\/strong><\/p>\n<p>Les informations relatives \u00e0 certains comportements des utilisateurs font l&rsquo;objet d&rsquo;une journalisation au niveau du serveur. Ces donn\u00e9es sont utilis\u00e9es exclusivement pour l&rsquo;administration du site web et pour garantir que les services d&rsquo;h\u00e9bergement fournis sont exploit\u00e9s aussi efficacement que possible.<\/p>\n<p><strong>Les ressources consult\u00e9es sont identifi\u00e9es par des URL. En outre, l&rsquo;enregistrement peut \u00eatre soumis \u00e0 :<\/strong><\/p>\n<p>\u25e6 Heure d&rsquo;arriv\u00e9e de la requ\u00eate,<br \/>\u25e6 Heure d&rsquo;envoi de la r\u00e9ponse,<br \/>\u25e6 Nom de la station cliente &#8211; identification via le protocole HTTP,<br \/>\u25e6 Informations sur les erreurs survenues pendant l&rsquo;ex\u00e9cution de la transaction HTTP,<br \/>\u25e6 l&rsquo;URL d&rsquo;une page pr\u00e9c\u00e9demment visit\u00e9e par l&rsquo;utilisateur (lien r\u00e9f\u00e9rent), dans le cas o\u00f9 le site Web a \u00e9t\u00e9 acc\u00e9d\u00e9 via un lien,<br \/>\u25e6 Informations sur le navigateur de l&rsquo;utilisateur,<br \/>\u25e6 Informations sur l&rsquo;adresse IP.<br \/>Les donn\u00e9es ci-dessus ne sont pas associ\u00e9es \u00e0 des visiteurs sp\u00e9cifiques.<br \/>Les donn\u00e9es susmentionn\u00e9es ne sont utilis\u00e9es qu&rsquo;\u00e0 des fins d&rsquo;administration du serveur.<\/p>\n<p><strong>5 Partage des donn\u00e9es.<\/strong><\/p>\n<p>Les donn\u00e9es ne sont partag\u00e9es avec des parties externes que dans les limites de la loi.<br \/>Les informations personnelles identifiables d&rsquo;une personne ne sont partag\u00e9es qu&rsquo;avec le consentement de cette personne.<br \/>L&rsquo;op\u00e9rateur peut avoir l&rsquo;obligation de fournir des informations collect\u00e9es par le service aux autorit\u00e9s autoris\u00e9es sur la base de demandes l\u00e9gitimes, dans la mesure de la demande.<\/p>\n<p><strong>6 Gestion des cookies &#8211; comment donner et retirer son consentement dans la pratique ?<\/strong><\/p>\n<p>Si vous ne souhaitez pas recevoir de cookies, vous pouvez modifier les param\u00e8tres de votre navigateur. Veuillez noter que la d\u00e9sactivation des cookies essentiels aux processus d&rsquo;authentification, \u00e0 la s\u00e9curit\u00e9 et au maintien des pr\u00e9f\u00e9rences de l&rsquo;utilisateur peut rendre difficile, voire impossible dans des cas extr\u00eames, l&rsquo;utilisation des sites web.<\/p>\n<p>Pour g\u00e9rer vos param\u00e8tres de cookies, s\u00e9lectionnez votre navigateur\/syst\u00e8me Internet dans la liste ci-dessous et suivez les instructions :<br \/>\u25e6 Internet Explorer<br \/>\u25e6 Chrome<br \/>\u25e6 Safari<br \/>\u25e6 Firefox<br \/>\u25e6 Op\u00e9ra<br \/>\u25e6 Android<br \/>Safari (iOS)<br \/>\u25e6 Windows Phone<\/p>\n<\/div>\n<\/div>\n\t\t\t\t\t\t\t\t<\/div>\n\t\t\t\t<\/div>\n\t\t\t\t\t<\/div>\n\t\t\t\t<\/div>\n\t\t\t\t<\/div>\n\t\t","protected":false},"excerpt":{"rendered":"<p>Politique de confidentialit\u00e9 1. informations g\u00e9n\u00e9rales.Le service remplit des fonctions permettant d&rsquo;obtenir des informations sur les utilisateurs et leur comportement de la mani\u00e8re suivante :\u25e6 Par les informations saisies volontairement dans les formulaires.\u25e6 En stockant des cookies (appel\u00e9s \u00ab\u00a0t\u00e9moins de connexion\u00a0\u00bb) sur l&rsquo;\u00e9quipement terminal.\u25e6 En collectant les journaux des serveurs web 2. les informations contenues [&hellip;]<\/p>\n","protected":false},"author":1,"featured_media":0,"parent":0,"menu_order":0,"comment_status":"closed","ping_status":"closed","template":"","meta":{"_acf_changed":false,"om_disable_all_campaigns":false,"_monsterinsights_skip_tracking":false,"_monsterinsights_sitenote_active":false,"_monsterinsights_sitenote_note":"","_monsterinsights_sitenote_category":0,"_uf_show_specific_survey":0,"_uf_disable_surveys":false,"footnotes":""},"class_list":["post-15122","page","type-page","status-publish","hentry"],"acf":[],"aioseo_notices":[],"_links":{"self":[{"href":"https:\/\/ramsdata.com.pl\/fr\/wp-json\/wp\/v2\/pages\/15122","targetHints":{"allow":["GET"]}}],"collection":[{"href":"https:\/\/ramsdata.com.pl\/fr\/wp-json\/wp\/v2\/pages"}],"about":[{"href":"https:\/\/ramsdata.com.pl\/fr\/wp-json\/wp\/v2\/types\/page"}],"author":[{"embeddable":true,"href":"https:\/\/ramsdata.com.pl\/fr\/wp-json\/wp\/v2\/users\/1"}],"replies":[{"embeddable":true,"href":"https:\/\/ramsdata.com.pl\/fr\/wp-json\/wp\/v2\/comments?post=15122"}],"version-history":[{"count":1,"href":"https:\/\/ramsdata.com.pl\/fr\/wp-json\/wp\/v2\/pages\/15122\/revisions"}],"predecessor-version":[{"id":15133,"href":"https:\/\/ramsdata.com.pl\/fr\/wp-json\/wp\/v2\/pages\/15122\/revisions\/15133"}],"wp:attachment":[{"href":"https:\/\/ramsdata.com.pl\/fr\/wp-json\/wp\/v2\/media?parent=15122"}],"curies":[{"name":"wp","href":"https:\/\/api.w.org\/{rel}","templated":true}]}}