{"id":37080,"date":"2025-03-20T08:09:45","date_gmt":"2025-03-20T08:09:45","guid":{"rendered":"https:\/\/ramsdata.com.pl\/barracuda\/barracuda-network-protection-barracuda-networks\/"},"modified":"2025-03-22T01:27:02","modified_gmt":"2025-03-22T01:27:02","slug":"barracuda-network-protection-barracuda-networks","status":"publish","type":"page","link":"https:\/\/ramsdata.com.pl\/es\/barracuda\/barracuda-network-protection-barracuda-networks\/","title":{"rendered":"Barracuda Network Protection | Barracuda Networks"},"content":{"rendered":"\t\t<div data-elementor-type=\"wp-page\" data-elementor-id=\"37080\" class=\"elementor elementor-37080 elementor-35388\" data-elementor-settings=\"{&quot;ha_cmc_init_switcher&quot;:&quot;no&quot;}\" data-elementor-post-type=\"page\">\n\t\t\t\t<div class=\"elementor-element elementor-element-710f4df7 e-flex e-con-boxed e-con e-parent\" data-id=\"710f4df7\" data-element_type=\"container\" data-e-type=\"container\" data-settings=\"{&quot;background_background&quot;:&quot;classic&quot;,&quot;_ha_eqh_enable&quot;:false}\">\n\t\t\t\t\t<div class=\"e-con-inner\">\n\t\t<div class=\"elementor-element elementor-element-310724a6 e-con-full e-flex e-con e-child\" data-id=\"310724a6\" data-element_type=\"container\" data-e-type=\"container\" data-settings=\"{&quot;_ha_eqh_enable&quot;:false}\">\n\t\t\t\t<div class=\"elementor-element elementor-element-40f6056d elementor-widget elementor-widget-text-editor\" data-id=\"40f6056d\" data-element_type=\"widget\" data-e-type=\"widget\" data-widget_type=\"text-editor.default\">\n\t\t\t\t<div class=\"elementor-widget-container\">\n\t\t\t\t\t\t\t\t\tProtecci\u00f3n de red Barracuda\n\t\t\t\t\t\t\t\t<\/div>\n\t\t\t\t<\/div>\n\t\t\t\t<div class=\"elementor-element elementor-element-368cd255 elementor-widget elementor-widget-heading\" data-id=\"368cd255\" data-element_type=\"widget\" data-e-type=\"widget\" data-widget_type=\"heading.default\">\n\t\t\t\t<div class=\"elementor-widget-container\">\n\t\t\t\t\t<h2 class=\"elementor-heading-title elementor-size-default\">Protege y optimiza tu red.\n<\/h2>\t\t\t\t<\/div>\n\t\t\t\t<\/div>\n\t\t\t\t<div class=\"elementor-element elementor-element-64ede25 elementor-widget elementor-widget-button\" data-id=\"64ede25\" data-element_type=\"widget\" data-e-type=\"widget\" data-widget_type=\"button.default\">\n\t\t\t\t<div class=\"elementor-widget-container\">\n\t\t\t\t\t\t\t\t\t<div class=\"elementor-button-wrapper\">\n\t\t\t\t\t<a class=\"elementor-button elementor-button-link elementor-size-sm\" href=\"https:\/\/ramsdata.com.pl\/es\/pongase-en-contacto-con\/\">\n\t\t\t\t\t\t<span class=\"elementor-button-content-wrapper\">\n\t\t\t\t\t\t\t\t\t<span class=\"elementor-button-text\">Explora Sase<\/span>\n\t\t\t\t\t<\/span>\n\t\t\t\t\t<\/a>\n\t\t\t\t<\/div>\n\t\t\t\t\t\t\t\t<\/div>\n\t\t\t\t<\/div>\n\t\t\t\t<\/div>\n\t\t<div class=\"elementor-element elementor-element-1a4d6d04 e-con-full e-flex e-con e-child\" data-id=\"1a4d6d04\" data-element_type=\"container\" data-e-type=\"container\" data-settings=\"{&quot;_ha_eqh_enable&quot;:false}\">\n\t\t\t\t<\/div>\n\t\t\t\t\t<\/div>\n\t\t\t\t<\/div>\n\t\t<div class=\"elementor-element elementor-element-5cce1643 e-flex e-con-boxed e-con e-parent\" data-id=\"5cce1643\" data-element_type=\"container\" data-e-type=\"container\" data-settings=\"{&quot;background_background&quot;:&quot;classic&quot;,&quot;_ha_eqh_enable&quot;:false}\">\n\t\t\t\t\t<div class=\"e-con-inner\">\n\t\t<div class=\"elementor-element elementor-element-3aac01ce e-con-full e-flex e-con e-child\" data-id=\"3aac01ce\" data-element_type=\"container\" data-e-type=\"container\" data-settings=\"{&quot;_ha_eqh_enable&quot;:false}\">\n\t\t<div class=\"elementor-element elementor-element-2fe59567 e-con-full e-flex e-con e-child\" data-id=\"2fe59567\" data-element_type=\"container\" data-e-type=\"container\" data-settings=\"{&quot;_ha_eqh_enable&quot;:false}\">\n\t\t<div class=\"elementor-element elementor-element-4167e934 e-con-full e-flex e-con e-child\" data-id=\"4167e934\" data-element_type=\"container\" data-e-type=\"container\" data-settings=\"{&quot;_ha_eqh_enable&quot;:false}\">\n\t\t\t\t<div class=\"elementor-element elementor-element-334dd751 elementor-widget elementor-widget-heading\" data-id=\"334dd751\" data-element_type=\"widget\" data-e-type=\"widget\" data-widget_type=\"heading.default\">\n\t\t\t\t<div class=\"elementor-widget-container\">\n\t\t\t\t\t<h2 class=\"elementor-heading-title elementor-size-default\">Protege y conecta tu infraestructura \ncon la potencia de Barracuda Network Protection.<\/h2>\t\t\t\t<\/div>\n\t\t\t\t<\/div>\n\t\t\t\t<\/div>\n\t\t\t\t<\/div>\n\t\t<div class=\"elementor-element elementor-element-4ee04333 e-flex e-con-boxed e-con e-child\" data-id=\"4ee04333\" data-element_type=\"container\" data-e-type=\"container\" data-settings=\"{&quot;_ha_eqh_enable&quot;:false}\">\n\t\t\t\t\t<div class=\"e-con-inner\">\n\t\t<div class=\"elementor-element elementor-element-35d6d58a e-con-full e-flex e-con e-child\" data-id=\"35d6d58a\" data-element_type=\"container\" data-e-type=\"container\" data-settings=\"{&quot;background_background&quot;:&quot;classic&quot;,&quot;_ha_eqh_enable&quot;:false}\">\n\t\t\t\t<div class=\"elementor-element elementor-element-33333629 elementor-widget elementor-widget-text-editor\" data-id=\"33333629\" data-element_type=\"widget\" data-e-type=\"widget\" data-widget_type=\"text-editor.default\">\n\t\t\t\t<div class=\"elementor-widget-container\">\n\t\t\t\t\t\t\t\t\t<p><b>Abordar la transformaci\u00f3n digital y la ciberseguridad.<\/b><\/p>\n<p>Las organizaciones est\u00e1n sufriendo brechas en la red, y los crecientes ataques de ransomware contribuyen a los riesgos de seguridad. Adem\u00e1s, el trabajo a distancia y el trabajo desde casa han llegado para quedarse. <\/p>\n<p><b>Aprovechar las soluciones SASE.<\/b><\/p>\n<p>Con el impulso de la transformaci\u00f3n digital y el trabajo remoto surgi\u00f3 la necesidad de evaluar las arquitecturas de seguridad actuales. Ya est\u00e1n disponibles las nuevas tecnolog\u00edas Secure Access Service Edge (SASE) para conectarse a las cargas de trabajo en la nube y mejorar la seguridad. <\/p>\n\t\t\t\t\t\t\t\t<\/div>\n\t\t\t\t<\/div>\n\t\t\t\t<\/div>\n\t\t<div class=\"elementor-element elementor-element-770cba5 e-con-full e-flex e-con e-child\" data-id=\"770cba5\" data-element_type=\"container\" data-e-type=\"container\" data-settings=\"{&quot;background_background&quot;:&quot;classic&quot;,&quot;_ha_eqh_enable&quot;:false}\">\n\t\t\t\t<div class=\"elementor-element elementor-element-7a2bd201 ha-has-bg-overlay elementor-widget elementor-widget-image-box\" data-id=\"7a2bd201\" data-element_type=\"widget\" data-e-type=\"widget\" data-widget_type=\"image-box.default\">\n\t\t\t\t<div class=\"elementor-widget-container\">\n\t\t\t\t\t<div class=\"elementor-image-box-wrapper\"><div class=\"elementor-image-box-content\"><h3 class=\"elementor-image-box-title\">95%<\/h3><p class=\"elementor-image-box-description\">de la plantilla trabaja desde casa al menos uno de cada cinco d\u00edas laborables*.<\/p><\/div><\/div>\t\t\t\t<\/div>\n\t\t\t\t<\/div>\n\t\t\t\t<div class=\"elementor-element elementor-element-3b1a6406 ha-has-bg-overlay elementor-widget elementor-widget-image-box\" data-id=\"3b1a6406\" data-element_type=\"widget\" data-e-type=\"widget\" data-widget_type=\"image-box.default\">\n\t\t\t\t<div class=\"elementor-widget-container\">\n\t\t\t\t\t<div class=\"elementor-image-box-wrapper\"><div class=\"elementor-image-box-content\"><h3 class=\"elementor-image-box-title\">84%<\/h3><p class=\"elementor-image-box-description\">de las organizaciones han sufrido una violaci\u00f3n como resultado directo de un ataque a la red en los \u00faltimos 12 meses*.<\/p><\/div><\/div>\t\t\t\t<\/div>\n\t\t\t\t<\/div>\n\t\t\t\t<div class=\"elementor-element elementor-element-2d538bd3 ha-has-bg-overlay elementor-widget elementor-widget-image-box\" data-id=\"2d538bd3\" data-element_type=\"widget\" data-e-type=\"widget\" data-widget_type=\"image-box.default\">\n\t\t\t\t<div class=\"elementor-widget-container\">\n\t\t\t\t\t<div class=\"elementor-image-box-wrapper\"><div class=\"elementor-image-box-content\"><h3 class=\"elementor-image-box-title\">45%<\/h3><p class=\"elementor-image-box-description\">de las organizaciones tienen la mayor\u00eda de sus aplicaciones alojadas en la nube*\n<\/br><\/br>\n \n * Informe de investigaci\u00f3n de mercado de Barracuda, \"El estado de la seguridad de la red en 2021\"<\/p><\/div><\/div>\t\t\t\t<\/div>\n\t\t\t\t<\/div>\n\t\t\t\t<\/div>\n\t\t\t\t\t<\/div>\n\t\t\t\t<\/div>\n\t\t\t\t<\/div>\n\t\t\t\t\t<\/div>\n\t\t\t\t<\/div>\n\t\t<div class=\"elementor-element elementor-element-4b003105 e-flex e-con-boxed e-con e-parent\" data-id=\"4b003105\" data-element_type=\"container\" data-e-type=\"container\" data-settings=\"{&quot;background_background&quot;:&quot;classic&quot;,&quot;_ha_eqh_enable&quot;:false}\">\n\t\t\t\t\t<div class=\"e-con-inner\">\n\t\t<div class=\"elementor-element elementor-element-150c19a2 e-con-full e-flex e-con e-child\" data-id=\"150c19a2\" data-element_type=\"container\" data-e-type=\"container\" data-settings=\"{&quot;_ha_eqh_enable&quot;:false}\">\n\t\t\t\t<div class=\"elementor-element elementor-element-24a207cd elementor-widget elementor-widget-heading\" data-id=\"24a207cd\" data-element_type=\"widget\" data-e-type=\"widget\" data-widget_type=\"heading.default\">\n\t\t\t\t<div class=\"elementor-widget-container\">\n\t\t\t\t\t<h3 class=\"elementor-heading-title elementor-size-default\">Acelera y asegura las migraciones a la nube\n.<\/h3>\t\t\t\t<\/div>\n\t\t\t\t<\/div>\n\t\t\t\t<div class=\"elementor-element elementor-element-2aa34e6e elementor-widget elementor-widget-text-editor\" data-id=\"2aa34e6e\" data-element_type=\"widget\" data-e-type=\"widget\" data-widget_type=\"text-editor.default\">\n\t\t\t\t<div class=\"elementor-widget-container\">\n\t\t\t\t\t\t\t\t\t<p>SASE es el futuro de la seguridad y el acceso a la red. La transformaci\u00f3n digital, la fuerza de trabajo m\u00f3vil distribuida, la adopci\u00f3n de servicios en la nube y las plataformas emergentes de computaci\u00f3n de borde han cambiado la forma de operar de las empresas. La habilitaci\u00f3n empresarial requiere acceso en cualquier momento y lugar a aplicaciones y servicios.  <\/p>\n<p>Barracuda ofrece la \u00fanica plataforma SASE nativa en la nube del sector que permite a las empresas controlar el acceso a los datos desde cualquier dispositivo, en cualquier momento y lugar, y permite la inspecci\u00f3n de la seguridad y la aplicaci\u00f3n de pol\u00edticas en la nube, en la sucursal o en el dispositivo.<\/p>\n\t\t\t\t\t\t\t\t<\/div>\n\t\t\t\t<\/div>\n\t\t\t\t<div class=\"elementor-element elementor-element-6ce6b50 elementor-widget elementor-widget-button\" data-id=\"6ce6b50\" data-element_type=\"widget\" data-e-type=\"widget\" data-widget_type=\"button.default\">\n\t\t\t\t<div class=\"elementor-widget-container\">\n\t\t\t\t\t\t\t\t\t<div class=\"elementor-button-wrapper\">\n\t\t\t\t\t<a class=\"elementor-button elementor-button-link elementor-size-sm\" href=\"https:\/\/ramsdata.com.pl\/es\/pongase-en-contacto-con\/\">\n\t\t\t\t\t\t<span class=\"elementor-button-content-wrapper\">\n\t\t\t\t\t\t\t\t\t<span class=\"elementor-button-text\">M\u00e1s informaci\u00f3n<\/span>\n\t\t\t\t\t<\/span>\n\t\t\t\t\t<\/a>\n\t\t\t\t<\/div>\n\t\t\t\t\t\t\t\t<\/div>\n\t\t\t\t<\/div>\n\t\t\t\t<\/div>\n\t\t<div class=\"elementor-element elementor-element-1fa1de15 e-con-full e-flex e-con e-child\" data-id=\"1fa1de15\" data-element_type=\"container\" data-e-type=\"container\" data-settings=\"{&quot;_ha_eqh_enable&quot;:false}\">\n\t\t\t\t<div class=\"elementor-element elementor-element-7ed02bb7 elementor-widget elementor-widget-image\" data-id=\"7ed02bb7\" data-element_type=\"widget\" data-e-type=\"widget\" data-widget_type=\"image.default\">\n\t\t\t\t<div class=\"elementor-widget-container\">\n\t\t\t\t\t\t\t\t\t\t\t\t\t\t\t<img fetchpriority=\"high\" decoding=\"async\" width=\"350\" height=\"350\" src=\"https:\/\/ramsdata.com.pl\/wp-content\/uploads\/2025\/03\/netsec-intro-sase-turning-circle.svg\" class=\"attachment-full size-full wp-image-36555\" alt=\"netsec-intro-sase-turning-circle\" \/>\t\t\t\t\t\t\t\t\t\t\t\t\t\t\t<\/div>\n\t\t\t\t<\/div>\n\t\t\t\t<\/div>\n\t\t\t\t\t<\/div>\n\t\t\t\t<\/div>\n\t\t<div class=\"elementor-element elementor-element-5db38158 e-flex e-con-boxed e-con e-parent\" data-id=\"5db38158\" data-element_type=\"container\" data-e-type=\"container\" data-settings=\"{&quot;background_background&quot;:&quot;classic&quot;,&quot;_ha_eqh_enable&quot;:false}\">\n\t\t\t\t\t<div class=\"e-con-inner\">\n\t\t<div class=\"elementor-element elementor-element-658965e8 e-con-full e-flex e-con e-child\" data-id=\"658965e8\" data-element_type=\"container\" data-e-type=\"container\" data-settings=\"{&quot;_ha_eqh_enable&quot;:false}\">\n\t\t\t\t<div class=\"elementor-element elementor-element-2eaa6e23 elementor-widget elementor-widget-image\" data-id=\"2eaa6e23\" data-element_type=\"widget\" data-e-type=\"widget\" data-settings=\"{&quot;sticky&quot;:&quot;top&quot;,&quot;sticky_on&quot;:[&quot;desktop&quot;],&quot;sticky_offset&quot;:50,&quot;sticky_parent&quot;:&quot;yes&quot;,&quot;sticky_effects_offset&quot;:0,&quot;sticky_anchor_link_offset&quot;:0}\" data-widget_type=\"image.default\">\n\t\t\t\t<div class=\"elementor-widget-container\">\n\t\t\t\t\t\t\t\t\t\t\t\t\t\t\t<img decoding=\"async\" width=\"525\" height=\"525\" src=\"https:\/\/ramsdata.com.pl\/wp-content\/uploads\/2025\/03\/People-Sites-Things.png\" class=\"attachment-full size-full wp-image-36567\" alt=\"People-Sites-Things\" srcset=\"https:\/\/ramsdata.com.pl\/wp-content\/uploads\/2025\/03\/People-Sites-Things.png 525w, https:\/\/ramsdata.com.pl\/wp-content\/uploads\/2025\/03\/People-Sites-Things-300x300.png 300w, https:\/\/ramsdata.com.pl\/wp-content\/uploads\/2025\/03\/People-Sites-Things-150x150.png 150w\" sizes=\"(max-width: 525px) 100vw, 525px\" \/>\t\t\t\t\t\t\t\t\t\t\t\t\t\t\t<\/div>\n\t\t\t\t<\/div>\n\t\t\t\t<\/div>\n\t\t<div class=\"elementor-element elementor-element-6f058476 e-con-full e-flex e-con e-child\" data-id=\"6f058476\" data-element_type=\"container\" data-e-type=\"container\" data-settings=\"{&quot;_ha_eqh_enable&quot;:false}\">\n\t\t\t\t<div class=\"elementor-element elementor-element-51ff1adc elementor-widget elementor-widget-heading\" data-id=\"51ff1adc\" data-element_type=\"widget\" data-e-type=\"widget\" data-widget_type=\"heading.default\">\n\t\t\t\t<div class=\"elementor-widget-container\">\n\t\t\t\t\t<h3 class=\"elementor-heading-title elementor-size-default\">Protege y conecta personas, lugares y cosas.<\/h3>\t\t\t\t<\/div>\n\t\t\t\t<\/div>\n\t\t\t\t<div class=\"elementor-element elementor-element-7f591e00 elementor-widget elementor-widget-text-editor\" data-id=\"7f591e00\" data-element_type=\"widget\" data-e-type=\"widget\" data-widget_type=\"text-editor.default\">\n\t\t\t\t<div class=\"elementor-widget-container\">\n\t\t\t\t\t\t\t\t\t<p>Las soluciones de Barracuda incluyen tres productos principales: SecureEdge, CloudGen Firewall y CloudGen Access, que cubren todos los requisitos de la seguridad de red m\u00e1s avanzada de hoy en d\u00eda.<\/p>\n<p>Barracuda SecureEdge es una plataforma SASE que combina las capacidades de Firewall-as-a-Service y Secure SD-WAN y est\u00e1 dise\u00f1ada para facilitar su uso, proporcionando una configuraci\u00f3n totalmente automatizada y lista para usar para cientos de aplicaciones y casos de uso predefinidos y populares.<\/p>\n<p>Barracuda CloudGen Firewall combina la mejor seguridad de nueva generaci\u00f3n de su clase con un conjunto completo de funciones SD-WAN seguras.<\/p>\n<p>Barracuda CloudGen Access es una innovadora soluci\u00f3n aut\u00f3noma Zero Trust Access que proporciona acceso seguro a aplicaciones y cargas de trabajo desde cualquier dispositivo y ubicaci\u00f3n.<\/p>\n\t\t\t\t\t\t\t\t<\/div>\n\t\t\t\t<\/div>\n\t\t\t\t<div class=\"elementor-element elementor-element-55de42a elementor-widget elementor-widget-heading\" data-id=\"55de42a\" data-element_type=\"widget\" data-e-type=\"widget\" data-widget_type=\"heading.default\">\n\t\t\t\t<div class=\"elementor-widget-container\">\n\t\t\t\t\t<h3 class=\"elementor-heading-title elementor-size-default\">Consigue seguridad para la era de la digitalizaci\u00f3n y la adopci\u00f3n de la nube.<\/h3>\t\t\t\t<\/div>\n\t\t\t\t<\/div>\n\t\t\t\t<div class=\"elementor-element elementor-element-566cfdb elementor-widget elementor-widget-text-editor\" data-id=\"566cfdb\" data-element_type=\"widget\" data-e-type=\"widget\" data-widget_type=\"text-editor.default\">\n\t\t\t\t<div class=\"elementor-widget-container\">\n\t\t\t\t\t\t\t\t\t<p class=\"p--local-adjust\"><b>Barracuda SecureEdge<\/b><\/p>\n<p>Tu empresa es tan segura como tu red. Det\u00e9n las amenazas avanzadas y de d\u00eda cero que eluden los motores IPS y antivirus tradicionales basados en firmas. <\/p>\n<p>Barracuda SecureEdge, nuestra soluci\u00f3n SASE, proporciona seguridad de red de nueva generaci\u00f3n basada en la nube con una configuraci\u00f3n basada en la intenci\u00f3n y una interfaz de usuario f\u00e1cil de usar basada en la nube.<\/p>\n\t\t\t\t\t\t\t\t<\/div>\n\t\t\t\t<\/div>\n\t\t\t\t<div class=\"elementor-element elementor-element-39f4e1a elementor-widget elementor-widget-text-editor\" data-id=\"39f4e1a\" data-element_type=\"widget\" data-e-type=\"widget\" data-widget_type=\"text-editor.default\">\n\t\t\t\t<div class=\"elementor-widget-container\">\n\t\t\t\t\t\t\t\t\t<p class=\"p--local-adjust\"><b>Cortafuegos Barracuda CloudGen<\/b><\/p>\n<p>Barracuda CloudGen Firewall es una familia de dispositivos f\u00edsicos, virtuales y basados en la nube que protegen y mejoran las infraestructuras de red complejas y dispersas de empresas con varias sedes y proveedores de servicios gestionados.<\/p>\n\t\t\t\t\t\t\t\t<\/div>\n\t\t\t\t<\/div>\n\t\t\t\t<div class=\"elementor-element elementor-element-a1463fe elementor-widget elementor-widget-heading\" data-id=\"a1463fe\" data-element_type=\"widget\" data-e-type=\"widget\" data-widget_type=\"heading.default\">\n\t\t\t\t<div class=\"elementor-widget-container\">\n\t\t\t\t\t<h3 class=\"elementor-heading-title elementor-size-default\">Aumenta el rendimiento de las aplicaciones y reduce los costes.<\/h3>\t\t\t\t<\/div>\n\t\t\t\t<\/div>\n\t\t\t\t<div class=\"elementor-element elementor-element-dc451d3 elementor-widget elementor-widget-text-editor\" data-id=\"dc451d3\" data-element_type=\"widget\" data-e-type=\"widget\" data-widget_type=\"text-editor.default\">\n\t\t\t\t<div class=\"elementor-widget-container\">\n\t\t\t\t\t\t\t\t\t<p>Tu empresa es tan productiva como tu red. A medida que tus cargas de trabajo se trasladan a la nube y a las aplicaciones SaaS, es fundamental garantizar una conectividad fiable, r\u00e1pida y segura para todas tus sedes y usuarios remotos. <\/p>\n<p>Barracuda Secure SD-WAN lleva la SD-WAN al siguiente nivel combinando las mejores funciones de conectividad de los productos SD-WAN independientes y la funcionalidad de seguridad de los cortafuegos de nueva generaci\u00f3n en una \u00fanica soluci\u00f3n.<\/p>\n\t\t\t\t\t\t\t\t<\/div>\n\t\t\t\t<\/div>\n\t\t\t\t<div class=\"elementor-element elementor-element-4f29db7 elementor-widget elementor-widget-heading\" data-id=\"4f29db7\" data-element_type=\"widget\" data-e-type=\"widget\" data-widget_type=\"heading.default\">\n\t\t\t\t<div class=\"elementor-widget-container\">\n\t\t\t\t\t<h3 class=\"elementor-heading-title elementor-size-default\">Habilita el Acceso de Confianza Cero desde cualquier dispositivo, en cualquier lugar.<\/h3>\t\t\t\t<\/div>\n\t\t\t\t<\/div>\n\t\t\t\t<div class=\"elementor-element elementor-element-f587ff6 elementor-widget elementor-widget-text-editor\" data-id=\"f587ff6\" data-element_type=\"widget\" data-e-type=\"widget\" data-widget_type=\"text-editor.default\">\n\t\t\t\t<div class=\"elementor-widget-container\">\n\t\t\t\t\t\t\t\t\t<p class=\"p--local-adjust\"><b>Barracuda CloudGen Access<\/b><\/p>\n<p>El trabajo a distancia est\u00e1 aqu\u00ed para quedarse, las migraciones a la nube se aceleran, y el acceso seguro es fundamental para mitigar los riesgos de seguridad y cumplimiento. Las empresas necesitan verificar cada intento de acceso a los datos y recursos corporativos. <\/p>\n<p>Barracuda CloudGen Access establece un control de acceso eficaz entre usuarios y dispositivos, proporcionando acceso temporal, condicional y contextual a aplicaciones y datos internos, aplicaciones SaaS y cargas de trabajo multi-nube.<\/p>\n\t\t\t\t\t\t\t\t<\/div>\n\t\t\t\t<\/div>\n\t\t\t\t<div class=\"elementor-element elementor-element-4223567 elementor-widget elementor-widget-text-editor\" data-id=\"4223567\" data-element_type=\"widget\" data-e-type=\"widget\" data-widget_type=\"text-editor.default\">\n\t\t\t\t<div class=\"elementor-widget-container\">\n\t\t\t\t\t\t\t\t\t<p class=\"p--local-adjust\"><b>Barracuda SecureEdge<\/b><\/p>\n<p>Barracuda SecureEdge proporciona -totalmente integrado en la plataforma SASE- Acceso de Confianza Cero a cualquier tipo de aplicaci\u00f3n, seguridad basada en la nube para puntos finales y conectividad SD-WAN automatizada para centros e instalaciones industriales de cualquier tipo y tama\u00f1o.<\/p>\n\t\t\t\t\t\t\t\t<\/div>\n\t\t\t\t<\/div>\n\t\t\t\t<div class=\"elementor-element elementor-element-71bbae1 elementor-widget elementor-widget-heading\" data-id=\"71bbae1\" data-element_type=\"widget\" data-e-type=\"widget\" data-widget_type=\"heading.default\">\n\t\t\t\t<div class=\"elementor-widget-container\">\n\t\t\t\t\t<h3 class=\"elementor-heading-title elementor-size-default\">Protege tus dispositivos conectados a Internet y tu tecnolog\u00eda operativa.<\/h3>\t\t\t\t<\/div>\n\t\t\t\t<\/div>\n\t\t\t\t<div class=\"elementor-element elementor-element-dfee79a elementor-widget elementor-widget-text-editor\" data-id=\"dfee79a\" data-element_type=\"widget\" data-e-type=\"widget\" data-widget_type=\"text-editor.default\">\n\t\t\t\t<div class=\"elementor-widget-container\">\n\t\t\t\t\t\t\t\t\t<p>El n\u00famero de dispositivos del Internet de las Cosas (IoT) est\u00e1 aumentando exponencialmente. Los sistemas inteligentes conectan maquinaria, sensores y sistemas de control para permitir una respuesta din\u00e1mica a las demandas de los productos y una optimizaci\u00f3n en tiempo real. <\/p>\n<p>Barracuda ofrece soluciones de seguridad especialmente dise\u00f1adas para diversos entornos industriales, proporcionando seguridad granular a cada dispositivo con escalabilidad econ\u00f3mica y mitigando los peligros de la conectividad a Internet.<\/p>\n\t\t\t\t\t\t\t\t<\/div>\n\t\t\t\t<\/div>\n\t\t\t\t<div class=\"elementor-element elementor-element-912437a elementor-widget elementor-widget-heading\" data-id=\"912437a\" data-element_type=\"widget\" data-e-type=\"widget\" data-widget_type=\"heading.default\">\n\t\t\t\t<div class=\"elementor-widget-container\">\n\t\t\t\t\t<h3 class=\"elementor-heading-title elementor-size-default\">Protege tu empresa de las ciberamenazas basadas en Internet.<\/h3>\t\t\t\t<\/div>\n\t\t\t\t<\/div>\n\t\t\t\t<div class=\"elementor-element elementor-element-973a500 elementor-widget elementor-widget-text-editor\" data-id=\"973a500\" data-element_type=\"widget\" data-e-type=\"widget\" data-widget_type=\"text-editor.default\">\n\t\t\t\t<div class=\"elementor-widget-container\">\n\t\t\t\t\t\t\t\t\t<p>Para seguir siendo competitivas en el mundo conectado actual, las organizaciones necesitan interactuar constantemente con recursos y aplicaciones basados en la web, pero la web tambi\u00e9n es un vector de ataque para el malware y las amenazas avanzadas.<\/p>\n<p>Las soluciones de seguridad web de Barracuda, que proporcionan un control granular de la actividad web y de las redes sociales hasta el usuario individual, permiten a las organizaciones beneficiarse de las aplicaciones y herramientas online sin exponerse al malware y los virus transmitidos por la web, la p\u00e9rdida de productividad de los usuarios y el uso indebido del ancho de banda.<\/p>\n\t\t\t\t\t\t\t\t<\/div>\n\t\t\t\t<\/div>\n\t\t\t\t<div class=\"elementor-element elementor-element-8624811 elementor-widget elementor-widget-button\" data-id=\"8624811\" data-element_type=\"widget\" data-e-type=\"widget\" data-widget_type=\"button.default\">\n\t\t\t\t<div class=\"elementor-widget-container\">\n\t\t\t\t\t\t\t\t\t<div class=\"elementor-button-wrapper\">\n\t\t\t\t\t<a class=\"elementor-button elementor-button-link elementor-size-sm\" href=\"https:\/\/ramsdata.com.pl\/es\/pongase-en-contacto-con\/\">\n\t\t\t\t\t\t<span class=\"elementor-button-content-wrapper\">\n\t\t\t\t\t\t\t\t\t<span class=\"elementor-button-text\">M\u00e1s informaci\u00f3n<\/span>\n\t\t\t\t\t<\/span>\n\t\t\t\t\t<\/a>\n\t\t\t\t<\/div>\n\t\t\t\t\t\t\t\t<\/div>\n\t\t\t\t<\/div>\n\t\t\t\t<\/div>\n\t\t\t\t\t<\/div>\n\t\t\t\t<\/div>\n\t\t\t\t<\/div>\n\t\t","protected":false},"excerpt":{"rendered":"<p>Protecci\u00f3n de red Barracuda Protege y optimiza tu red. Explora Sase Protege y conecta tu infraestructura con la potencia de Barracuda Network Protection. Abordar la transformaci\u00f3n digital y la ciberseguridad. Las organizaciones est\u00e1n sufriendo brechas en la red, y los crecientes ataques de ransomware contribuyen a los riesgos de seguridad. Adem\u00e1s, el trabajo a distancia [&hellip;]<\/p>\n","protected":false},"author":1,"featured_media":0,"parent":37058,"menu_order":0,"comment_status":"closed","ping_status":"closed","template":"","meta":{"_acf_changed":false,"om_disable_all_campaigns":false,"_monsterinsights_skip_tracking":false,"_monsterinsights_sitenote_active":false,"_monsterinsights_sitenote_note":"","_monsterinsights_sitenote_category":0,"_uf_show_specific_survey":0,"_uf_disable_surveys":false,"footnotes":""},"class_list":["post-37080","page","type-page","status-publish","hentry"],"acf":[],"aioseo_notices":[],"_links":{"self":[{"href":"https:\/\/ramsdata.com.pl\/es\/wp-json\/wp\/v2\/pages\/37080","targetHints":{"allow":["GET"]}}],"collection":[{"href":"https:\/\/ramsdata.com.pl\/es\/wp-json\/wp\/v2\/pages"}],"about":[{"href":"https:\/\/ramsdata.com.pl\/es\/wp-json\/wp\/v2\/types\/page"}],"author":[{"embeddable":true,"href":"https:\/\/ramsdata.com.pl\/es\/wp-json\/wp\/v2\/users\/1"}],"replies":[{"embeddable":true,"href":"https:\/\/ramsdata.com.pl\/es\/wp-json\/wp\/v2\/comments?post=37080"}],"version-history":[{"count":3,"href":"https:\/\/ramsdata.com.pl\/es\/wp-json\/wp\/v2\/pages\/37080\/revisions"}],"predecessor-version":[{"id":37374,"href":"https:\/\/ramsdata.com.pl\/es\/wp-json\/wp\/v2\/pages\/37080\/revisions\/37374"}],"up":[{"embeddable":true,"href":"https:\/\/ramsdata.com.pl\/es\/wp-json\/wp\/v2\/pages\/37058"}],"wp:attachment":[{"href":"https:\/\/ramsdata.com.pl\/es\/wp-json\/wp\/v2\/media?parent=37080"}],"curies":[{"name":"wp","href":"https:\/\/api.w.org\/{rel}","templated":true}]}}