{"id":21214,"date":"2024-07-04T09:43:17","date_gmt":"2024-07-04T09:43:17","guid":{"rendered":"https:\/\/ramsdata.com.pl\/trabaja\/"},"modified":"2024-07-04T10:03:38","modified_gmt":"2024-07-04T10:03:38","slug":"trabaja","status":"publish","type":"page","link":"https:\/\/ramsdata.com.pl\/es\/trabaja\/","title":{"rendered":"TRABAJA"},"content":{"rendered":"\t\t<div data-elementor-type=\"wp-page\" data-elementor-id=\"21214\" class=\"elementor elementor-21214 elementor-21208\" data-elementor-settings=\"{&quot;ha_cmc_init_switcher&quot;:&quot;no&quot;}\" data-elementor-post-type=\"page\">\n\t\t\t\t<div class=\"elementor-element elementor-element-a2a8fac e-flex e-con-boxed e-con e-parent\" data-id=\"a2a8fac\" data-element_type=\"container\" data-e-type=\"container\" data-settings=\"{&quot;_ha_eqh_enable&quot;:false}\">\n\t\t\t\t\t<div class=\"e-con-inner\">\n\t\t\t\t<div class=\"elementor-element elementor-element-6406dff elementor-widget elementor-widget-heading\" data-id=\"6406dff\" data-element_type=\"widget\" data-e-type=\"widget\" data-widget_type=\"heading.default\">\n\t\t\t\t<div class=\"elementor-widget-container\">\n\t\t\t\t\t<h2 class=\"elementor-heading-title elementor-size-default\">PRACA W RAMSDATA<\/h2>\t\t\t\t<\/div>\n\t\t\t\t<\/div>\n\t\t\t\t\t<\/div>\n\t\t\t\t<\/div>\n\t\t<div class=\"elementor-element elementor-element-effd273 e-flex e-con-boxed e-con e-parent\" data-id=\"effd273\" data-element_type=\"container\" data-e-type=\"container\" data-settings=\"{&quot;_ha_eqh_enable&quot;:false}\">\n\t\t\t\t\t<div class=\"e-con-inner\">\n\t\t\t\t<div class=\"elementor-element elementor-element-7860664 elementor-widget elementor-widget-heading\" data-id=\"7860664\" data-element_type=\"widget\" data-e-type=\"widget\" data-widget_type=\"heading.default\">\n\t\t\t\t<div class=\"elementor-widget-container\">\n\t\t\t\t\t<h2 class=\"elementor-heading-title elementor-size-default\">Ekspert ds. Cyberbezpiecze\u0144stwa IT i OT<\/h2>\t\t\t\t<\/div>\n\t\t\t\t<\/div>\n\t\t\t\t\t<\/div>\n\t\t\t\t<\/div>\n\t\t<div class=\"elementor-element elementor-element-ca7b722 e-flex e-con-boxed e-con e-parent\" data-id=\"ca7b722\" data-element_type=\"container\" data-e-type=\"container\" data-settings=\"{&quot;_ha_eqh_enable&quot;:false}\">\n\t\t\t\t\t<div class=\"e-con-inner\">\n\t\t\t\t<div class=\"elementor-element elementor-element-742545e elementor-widget elementor-widget-text-editor\" data-id=\"742545e\" data-element_type=\"widget\" data-e-type=\"widget\" data-widget_type=\"text-editor.default\">\n\t\t\t\t<div class=\"elementor-widget-container\">\n\t\t\t\t\t\t\t\t\t<h3>Tw\u00f3j<strong> zakres obowi\u0105zk\u00f3w<\/strong><\/h3>\n<p>\u2022 Instalacja, konfiguracja, uruchamianie, wdra\u017canie, wykonywanie migracji i testowanie system\u00f3w, narz\u0119dzi i rozwi\u0105za\u0144 informatycznych, takich jak systemy wykrywania intruz\u00f3w czy zapory ogniowe,, itp..<br \/>\u2022 Udzia\u0142 w wdra\u017caniu system\u00f3w zwi\u0105zanych z Industry 4.0 pod k\u0105tem IIT<br \/>\u2022 Nadz\u00f3r nad realizacj\u0105 cybernetycznych zabezpiecze\u0144 system\u00f3w OT;<br \/>\u2022 Przeprowadzanie warsztat\u00f3w technicznych, szkole\u0144, prezentacji, udzielania wsparcia technicznego i innych us\u0142ug dotycz\u0105cych obs\u0142ugi i dzia\u0142ania system\u00f3w i rozwi\u0105za\u0144 informatycznych<br \/>\u2022 Spotkania techniczne i obs\u0142uga um\u00f3w serwisowych (zdalne lub u klienta na miejscu rozwiazywanie problem\u00f3w w przypadku awarii. utrzymanie architektury serwer\u00f3w, sieci, system\u00f3w bezpiecze\u0144stwa i komputer\u00f3w, etc..)<br \/>\u2022 Weryfikacja dokument\u00f3w oraz opracowywanie dokumentacji przed i powdro\u017ceniowej oraz dokument\u00f3w opisowych do cel\u00f3w marketingowych, tworzonych w ramach programu cyberbezpiecze\u0144stwa w zakresie IT i OT;<br \/>\u2022 Udzia\u0142 w projektach z zakresu bezpiecze\u0144stwa.<br \/>\u2022 Tworzenie architektury cyberbezpiecze\u0144stwa system\u00f3w IT i OT (dzia\u0142ania w \u015brodowisku o sporej z\u0142o\u017cono\u015bci i zr\u00f3\u017cnicowanym zapleczu technologicznym)<br \/>\u2022 Uczestniczenie w ci\u0105g\u0142ym doskonaleniu z zakresu IT.<br \/>\u2022 Przestrzeganie zasad cyberbezpiecze\u0144stwa IT.<br \/>\u2022 Praca z najnowszymi technologiami i z topowymi dostawcami us\u0142ug powi\u0105zanych z bezpiecze\u0144stwem,<br \/>\u2022 Weryfikacja rynku rozwi\u0105za\u0144 cyberbezpiecze\u0144stwa OT;<br \/>\u2022 Analizowanie trend\u00f3w rynkowych i wyst\u0119puj\u0105cych zagro\u017ce\u0144, proponowanie nowych rozwi\u0105za\u0144 mechanizm\u00f3w i system\u00f3w cyberbezpiecze\u0144stwa w celu zwi\u0119kszenia odporno\u015bci na zagro\u017cenia.<\/p>\n<h3><strong>Nasze wymagania<\/strong><\/h3>\n<p>\u2022 Udokumentowane do\u015bwiadczenie zawodowe w zakresie system\u00f3w informatycznych i automatyki przemys\u0142owej \u2014 co najmniej 5 lat;<br \/>\u2022 Wiedza z zakresu cyberbezpiecze\u0144stwa poparta min. 3 letnim do\u015bwiadczeniem w pracy na stanowisko analityka cyberbezpiecze\u0144stwa, testera bezpiecze\u0144stwa, specjalisty ds. cyberbezpiecze\u0144stwa<br \/>\u2022 Umiej\u0119tno\u015b\u0107 obs\u0142ugi um\u00f3w serwisowych w dziedzinie IT i bezpiecze\u0144stwa IT, poparta min. 2 letnim do\u015bwiadczeniem<br \/>\u2022 Praktyczna umiej\u0119tno\u015b\u0107 wyszukiwania i analizy zagro\u017ce\u0144 &#8211; Threat Hunting<br \/>\u2022 Wiedza z zakresu technik ofensywnych, umiej\u0119tno\u015b\u0107 wykrywania podatno\u015bci z listy OWASP Top 10<br \/>\u2022 znajomo\u015b\u0107 frameworku ATT&amp;CK<br \/>\u2022 zrozumienie cyber killchain oraz MITRE ATT&amp;CK, praca ze standardami takimi jak NIST, ISO czy CIS,<br \/>\u2022 Znajomo\u015b\u0107 technologii SCADA i DCS, w szczeg\u00f3lno\u015bci Emerson Ovation;<br \/>\u2022 Znajomo\u015b\u0107 protoko\u0142\u00f3w komunikacyjnych wykorzystywanych w OT, w szczeg\u00f3lno\u015bci Modbus i Profinet;<br \/>\u2022 Technologie przemys\u0142owe i protoko\u0142y komunikacyjne (OPC-DA, OPC-UA, czytnik skanuj\u0105cy Datamatrix, RS232, Modbus, TCP\/IP).<br \/>\u2022 Znajomo\u015b\u0107 zagadnie\u0144 zwi\u0105zanych z bezpiecze\u0144stwem maszyn CE.<br \/>\u2022 Znajomo\u015b\u0107 technologii PLC;<br \/>\u2022 Znajomo\u015b\u0107 zagadnie\u0144 zwi\u0105zanych z ochron\u0105 DMZ, DNS, VPN, IDS\/IPS, WebProxy, AntyMalware,<br \/>\u2022 znajomo\u015b\u0107 rozwi\u0105za\u0144 klasy: Web Proxy, Email Security Gateway, SIEM, DLP, AV, EDR, PAM, SOAR, Sandbox, Skaner podatno\u015bci.<br \/>\u2022 Znajomo\u015b\u0107 sieci komputerowych, urz\u0105dze\u0144 sieciowych (firewall, router, switch),protoko\u0142\u00f3w sieciowych,<br \/>\u2022 Rozumienie zasad cyberbezpiecze\u0144stwa i warstw TCP\/IP,<br \/>\u2022 Znajomo\u015b\u0107 system\u00f3w EDR i XDR,<br \/>\u2022 Znajomo\u015b\u0107 system\u00f3w SIEM<br \/>\u2022 Znajomo\u015b\u0107 narz\u0119dzi diagnostycznych typu Wireshark,<br \/>\u2022 Znajomo\u015b\u0107 aktualnych trend\u00f3w z zakresu bran\u017cy IT,<br \/>\u2022 Znajomo\u015b\u0107 system\u00f3w operacyjnych Linux\/Windows oraz rozwi\u017ca\u0144 do wirtualizacji na poziomie co najmniej \u015bredniozaawansowanym,<br \/>\u2022 Znajomo\u015b\u0107 rozwi\u0105zania Active Directory oraz zwi\u0105zanych z nim kwestii bezpiecze\u0144stwa,<br \/>\u2022 Silne umiej\u0119tno\u015bci analityczne i samodzielno\u015b\u0107 w rozwi\u0105zywaniu problem\u00f3w,<br \/>\u2022 Umiej\u0119tno\u015b\u0107 tworzenia dokumentacji technicznej oraz wymaga\u0144 i standard\u00f3w IT i OT<br \/>\u2022 Umiej\u0119tno\u015b\u0107 projektowania i testowania rozwi\u0105za\u0144 bezpiecze\u0144stwa<br \/>\u2022 Po\u015bwiadczenie bezpiecze\u0144stwa osobowego upowa\u017caniaj\u0105cego do dost\u0119pu do dokument\u00f3w niejawnych o klauzuli co najmniej \u201epoufne\u201d lub gotowo\u015b\u0107 do poddania si\u0119, po dokonaniu zatrudnienia, procedurze sprawdzaj\u0105cej zwi\u0105zanej z uzyskaniem po\u015bwiadczenia bezpiecze\u0144stwa upowa\u017cniaj\u0105cego do dost\u0119pu do informacji niejawnych.<br \/>\u2022 Wykszta\u0142cenie wy\u017csze (preferowane kierunki: sieci, systemy operacyjne, bezpiecze\u0144stwo teleinformatyczne, analiza po-w\u0142amaniowa)<br \/>\u2022 Znajomo\u015b\u0107 j\u0119zyka angielskiego na poziomie pozwalaj\u0105cym na rozumienie dokumentacji technicznej i swobodnej komunikacji z osobami angloj\u0119zycznymi<br \/>\u2022 Dobre zdolno\u015bci i oratorskie i prezentacyjne (umiej\u0119tno\u015b\u0107 opisywania i przedstawiania rzeczy w prosty i zrozumia\u0142y spos\u00f3b)<br \/>\u2022 Bardzo dobra organizacja pracy, umiej\u0119tno\u015b\u0107 pracy w zespole<br \/>\u2022 Umiej\u0119tno\u015b\u0107 nawi\u0105zywania kontakt\u00f3w,<br \/>\u2022 Elastyczno\u015b\u0107 i dostosowywanie si\u0119 do zmieniaj\u0105cych si\u0119 priorytet\u00f3w<br \/>\u2022 Umiej\u0119tno\u015b\u0107 analizy i rozwi\u0105zywania problem\u00f3w<br \/>\u2022 Nastawienie na skuteczno\u015b\u0107 oraz terminowo\u015b\u0107 realizacji zada\u0144, umiej\u0119tno\u015b\u0107 pracy pod presj\u0105 czasu<br \/>\u2022 Inicjatywa i pro-aktywno\u015b\u0107, kt\u00f3ra poprawi og\u00f3lny wizerunek firmy<br \/>\u2022 determinacja do osi\u0105gni\u0119cia celu, mimo napotkanych po drodze trudno\u015bci.<br \/>\u2022 Prawo jazdy kategorii B,<br \/>\u2022 Nieposzlakowana opinia, dyskrecja (za\u015bwiadczenie o niekaralno\u015bci)<br \/>\u2022 Gotowo\u015b\u0107 do pracy zdalnej lub stacjonarnej<\/p>\n<h3>Mile widziane<\/h3>\n<p>\u2022 Znajomo\u015b\u0107 j\u0119zyk\u00f3w programowania java, python, c++, inne<br \/>\u2022 Wiedza czym r\u00f3\u017cni si\u0119 cloud od on-prem oraz jakie akcje trzeba podj\u0105\u0107, aby jak najlepiej zabezpieczy\u0107 chmur\u0119 przed zagro\u017ceniami,<br \/>\u2022 Znajomo\u015b\u0107 akronim\u00f3w takich jak AAD, 2FA, SSO oraz stoj\u0105cych za nimi koncepcji,<br \/>\u2022 Podstawowa wiedza o konteneryzacji<br \/>\u2022 Wiedza o platformie M365 i powi\u0105zanych z ni\u0105 rozwi\u0105zaniach,<br \/>\u2022 Zrozumienie czym jest pentesting i znajomo\u015b\u0107 podstawowych metodyk (np. OWASP) czy narz\u0119dzi jego prowadzenia (Kali, Burp, etc.),<br \/>\u2022 Certyfikaty bran\u017cowe (CompTIA, AWS, Azure, GCP, ISC2, ISACA itd.).<br \/>\u2022 Certyfikat CEH, Security+, SSCP lub podobny<br \/>\u2022 Certyfikaty bezpiecze\u0144stwa OSCP, CEH, Mitre MAD20, crest CPTIA, ec-Council CTIA<br \/>\u2022 Znajomo\u015b\u0107 rozwi\u0105za\u0144 sieciowych bezpiecze\u0144stwa IT i OT producent\u00f3w: Palo Alto Networks, F5, Cisco, Forcepoint, Ivanti, Trelix, Tennable, etc..<br \/>\u2022 Znajomo\u015b\u0107 tworzenia film\u00f3w videdo i stron WWW<\/p>\n<h3>Takie dajemy mo\u017cliwo\u015bci rozwoju<\/h3>\n<p>\u2022 Przestrze\u0144 do eksperymentowania<br \/>\u2022 Szkolenia wewn\u0105trz firmowe i zewn\u0119trzne<br \/>\u2022 Wsparcie merytoryczne od lider\u00f3w technologicznych<br \/>\u2022 Wymiana wiedzy technicznej w firmie<\/p>\n<h3>To oferujemy<\/h3>\n<p>\u2022 Mo\u017cliwo\u015bci rozwoju zawodowego oraz ciekawe wyzwania<br \/>\u2022 Praca w ambitnym i dynamicznie rozwijaj\u0105cym si\u0119 zespole<br \/>\u2022 Atmosfer\u0119 wsparcia i wsp\u00f3\u0142pracy<br \/>\u2022 Atrakcyjne wynagrodzenie i system nagradzania<br \/>\u2022 mo\u017cliwo\u015b\u0107 wsp\u00f3\u0142pracy w oparciu o Umow\u0119 o Prac\u0119, b\u0105d\u017a kontrakt B2B,<br \/>\u2022 Praca zdalna lub stacjonarna w tygodniu na bie\u017c\u0105co oraz dodatkowe dni w wyj\u0105tkowych sytuacjach,<br \/>\u2022 Przestrze\u0144 do eksperymentowania,<br \/>\u2022 Mo\u017cliwo\u015b\u0107 samodoskonalenia i rozwoju w wielu dziadzinach, takich jak: automatyka przemys\u0142owa, programowanie, administracja rozwi\u0105zaniami on-prem lub cloud,<br \/>\u2022 Wsp\u00f3\u0142prac\u0119 opart\u0105 na warto\u015bciach &#8211; jeste\u015bmy zespo\u0142em, kt\u00f3ry kieruje si\u0119 okre\u015blonymi warto\u015bciami. Wspieramy atmosfer\u0119 pracy opart\u0105 na szacunku, zaufaniu i wsp\u00f3\u0142pracy. Promujemy innowacyjno\u015b\u0107, kreatywno\u015b\u0107 i odpowiedzialno\u015b\u0107,<br \/>\u2022 Mo\u017cliwo\u015bci rozwoju &#8211; wierzymy w nieustanne doskonalenie i chcemy pomaga\u0107 naszym pracownikom w rozwoju potencja\u0142u (oferujemy szkolenia wewn\u0119trzne i zewn\u0119trzne, warsztaty, szkolenia e-learningowe, programy rozwojowe, oraz mo\u017cliwo\u015b\u0107 uczestniczenia w rekrutacjach wewn\u0119trznych),<br \/>\u2022 Przyjazn\u0105 atmosfer\u0119, zar\u00f3wno w pracy jak i poza ni\u0105<br \/>\u2022 Wsparcie merytoryczne od lider\u00f3w technologicznych,<\/p>\n\t\t\t\t\t\t\t\t<\/div>\n\t\t\t\t<\/div>\n\t\t\t\t<div class=\"elementor-element elementor-element-b507b89 elementor-align-center elementor-widget elementor-widget-button\" data-id=\"b507b89\" data-element_type=\"widget\" data-e-type=\"widget\" data-widget_type=\"button.default\">\n\t\t\t\t<div class=\"elementor-widget-container\">\n\t\t\t\t\t\t\t\t\t<div class=\"elementor-button-wrapper\">\n\t\t\t\t\t<a class=\"elementor-button elementor-button-link elementor-size-lg\" href=\"https:\/\/ramsdata.com.pl\/es\/pongase-en-contacto-con\/\" target=\"_blank\">\n\t\t\t\t\t\t<span class=\"elementor-button-content-wrapper\">\n\t\t\t\t\t\t\t\t\t<span class=\"elementor-button-text\">KONTAKT<\/span>\n\t\t\t\t\t<\/span>\n\t\t\t\t\t<\/a>\n\t\t\t\t<\/div>\n\t\t\t\t\t\t\t\t<\/div>\n\t\t\t\t<\/div>\n\t\t\t\t\t<\/div>\n\t\t\t\t<\/div>\n\t\t\t\t<\/div>\n\t\t","protected":false},"excerpt":{"rendered":"<p>PRACA W RAMSDATA Ekspert ds. Cyberbezpiecze\u0144stwa IT i OT Tw\u00f3j zakres obowi\u0105zk\u00f3w \u2022 Instalacja, konfiguracja, uruchamianie, wdra\u017canie, wykonywanie migracji i testowanie system\u00f3w, narz\u0119dzi i rozwi\u0105za\u0144 informatycznych, takich jak systemy wykrywania intruz\u00f3w czy zapory ogniowe,, itp..\u2022 Udzia\u0142 w wdra\u017caniu system\u00f3w zwi\u0105zanych z Industry 4.0 pod k\u0105tem IIT\u2022 Nadz\u00f3r nad realizacj\u0105 cybernetycznych zabezpiecze\u0144 system\u00f3w OT;\u2022 Przeprowadzanie warsztat\u00f3w [&hellip;]<\/p>\n","protected":false},"author":1,"featured_media":0,"parent":0,"menu_order":0,"comment_status":"closed","ping_status":"closed","template":"","meta":{"_acf_changed":false,"om_disable_all_campaigns":false,"_monsterinsights_skip_tracking":false,"_monsterinsights_sitenote_active":false,"_monsterinsights_sitenote_note":"","_monsterinsights_sitenote_category":0,"_uf_show_specific_survey":0,"_uf_disable_surveys":false,"footnotes":""},"class_list":["post-21214","page","type-page","status-publish","hentry"],"acf":[],"aioseo_notices":[],"_links":{"self":[{"href":"https:\/\/ramsdata.com.pl\/es\/wp-json\/wp\/v2\/pages\/21214","targetHints":{"allow":["GET"]}}],"collection":[{"href":"https:\/\/ramsdata.com.pl\/es\/wp-json\/wp\/v2\/pages"}],"about":[{"href":"https:\/\/ramsdata.com.pl\/es\/wp-json\/wp\/v2\/types\/page"}],"author":[{"embeddable":true,"href":"https:\/\/ramsdata.com.pl\/es\/wp-json\/wp\/v2\/users\/1"}],"replies":[{"embeddable":true,"href":"https:\/\/ramsdata.com.pl\/es\/wp-json\/wp\/v2\/comments?post=21214"}],"version-history":[{"count":4,"href":"https:\/\/ramsdata.com.pl\/es\/wp-json\/wp\/v2\/pages\/21214\/revisions"}],"predecessor-version":[{"id":21243,"href":"https:\/\/ramsdata.com.pl\/es\/wp-json\/wp\/v2\/pages\/21214\/revisions\/21243"}],"wp:attachment":[{"href":"https:\/\/ramsdata.com.pl\/es\/wp-json\/wp\/v2\/media?parent=21214"}],"curies":[{"name":"wp","href":"https:\/\/api.w.org\/{rel}","templated":true}]}}