{"id":15850,"date":"2024-03-05T02:20:43","date_gmt":"2024-03-05T02:20:43","guid":{"rendered":"https:\/\/ramsdata.com.pl\/oferta\/tecnologias-de-la-comunicacion\/"},"modified":"2024-03-16T11:58:45","modified_gmt":"2024-03-16T11:58:45","slug":"tecnologias-de-la-comunicacion","status":"publish","type":"page","link":"https:\/\/ramsdata.com.pl\/es\/oferta\/tecnologias-de-la-comunicacion\/","title":{"rendered":"TECNOLOG\u00cdAS DE LA COMUNICACI\u00d3N"},"content":{"rendered":"\t\t<div data-elementor-type=\"wp-page\" data-elementor-id=\"15850\" class=\"elementor elementor-15850 elementor-11732\" data-elementor-settings=\"{&quot;ha_cmc_init_switcher&quot;:&quot;no&quot;}\" data-elementor-post-type=\"page\">\n\t\t\t\t<div class=\"elementor-element elementor-element-5f7bbade e-flex e-con-boxed e-con e-parent\" data-id=\"5f7bbade\" data-element_type=\"container\" data-e-type=\"container\" data-settings=\"{&quot;background_background&quot;:&quot;classic&quot;,&quot;_ha_eqh_enable&quot;:false}\">\n\t\t\t\t\t<div class=\"e-con-inner\">\n\t\t<div class=\"elementor-element elementor-element-3199f5cf e-con-full e-flex elementor-invisible e-con e-child\" data-id=\"3199f5cf\" data-element_type=\"container\" data-e-type=\"container\" data-settings=\"{&quot;animation&quot;:&quot;fadeInDown&quot;,&quot;_ha_eqh_enable&quot;:false}\">\n\t\t\t\t<div class=\"elementor-element elementor-element-d76c296 elementor-widget elementor-widget-heading\" data-id=\"d76c296\" data-element_type=\"widget\" data-e-type=\"widget\" data-widget_type=\"heading.default\">\n\t\t\t\t<div class=\"elementor-widget-container\">\n\t\t\t\t\t<h2 class=\"elementor-heading-title elementor-size-default\">TECNOLOG\u00cdAS DE LA COMUNICACI\u00d3N\n<\/h2>\t\t\t\t<\/div>\n\t\t\t\t<\/div>\n\t\t\t\t<\/div>\n\t\t\t\t\t<\/div>\n\t\t\t\t<\/div>\n\t\t<div class=\"elementor-element elementor-element-638ab021 e-flex e-con-boxed e-con e-parent\" data-id=\"638ab021\" data-element_type=\"container\" data-e-type=\"container\" data-settings=\"{&quot;_ha_eqh_enable&quot;:false}\">\n\t\t\t\t\t<div class=\"e-con-inner\">\n\t\t<div class=\"elementor-element elementor-element-62d47d60 e-con-full e-flex e-con e-child\" data-id=\"62d47d60\" data-element_type=\"container\" data-e-type=\"container\" data-settings=\"{&quot;_ha_eqh_enable&quot;:false}\">\n\t\t\t\t<div class=\"elementor-element elementor-element-3ae532a6 elementor-widget elementor-widget-image\" data-id=\"3ae532a6\" data-element_type=\"widget\" data-e-type=\"widget\" data-widget_type=\"image.default\">\n\t\t\t\t<div class=\"elementor-widget-container\">\n\t\t\t\t\t\t\t\t\t\t\t\t\t\t\t<img fetchpriority=\"high\" decoding=\"async\" width=\"335\" height=\"200\" src=\"https:\/\/ramsdata.com.pl\/wp-content\/uploads\/2024\/03\/telekomunikacja-335x200.jpg.webp\" class=\"attachment-full size-full wp-image-14514\" alt=\"\" srcset=\"https:\/\/ramsdata.com.pl\/wp-content\/uploads\/2024\/03\/telekomunikacja-335x200.jpg.webp 335w, https:\/\/ramsdata.com.pl\/wp-content\/uploads\/2024\/03\/telekomunikacja-335x200.jpg-300x179.webp 300w\" sizes=\"(max-width: 335px) 100vw, 335px\" \/>\t\t\t\t\t\t\t\t\t\t\t\t\t\t\t<\/div>\n\t\t\t\t<\/div>\n\t\t\t\t<\/div>\n\t\t<div class=\"elementor-element elementor-element-75d8f0e3 e-con-full e-flex e-con e-child\" data-id=\"75d8f0e3\" data-element_type=\"container\" data-e-type=\"container\" data-settings=\"{&quot;_ha_eqh_enable&quot;:false}\">\n\t\t\t\t<div class=\"elementor-element elementor-element-4334a70c elementor-widget__width-initial elementor-widget elementor-widget-text-editor\" data-id=\"4334a70c\" data-element_type=\"widget\" data-e-type=\"widget\" data-widget_type=\"text-editor.default\">\n\t\t\t\t<div class=\"elementor-widget-container\">\n\t\t\t\t\t\t\t\t\t<p>Telecomunicaciones es un t\u00e9rmino gen\u00e9rico que engloba una amplia gama de tecnolog\u00edas que transmiten informaci\u00f3n a distancia. Los tel\u00e9fonos m\u00f3viles, las l\u00edneas fijas, los tel\u00e9fonos por sat\u00e9lite y la Voz sobre Protocolo de Internet (VoIP) son tecnolog\u00edas que se encuadran en uno de los campos de las telecomunicaciones. La radio, la televisi\u00f3n y las redes de radiodifusi\u00f3n son otros ejemplos que satisfacen las necesidades de comunicaci\u00f3n de distintas maneras. Los avances en telecomunicaciones han cambiado el mundo de forma inconmensurable. La gente tiene ahora muchas oportunidades de ver y o\u00edr lo que ocurre al otro lado del mundo. La tecnolog\u00eda por sat\u00e9lite, la televisi\u00f3n, Internet y la telefon\u00eda en general son las herramientas utilizadas para realizar llamadas de comunicaci\u00f3n y procesar voz y v\u00eddeo en tiempo real.<\/p>\n<p>Telecomunicaciones<\/p>\n\t\t\t\t\t\t\t\t<\/div>\n\t\t\t\t<\/div>\n\t\t\t\t<\/div>\n\t\t\t\t\t<\/div>\n\t\t\t\t<\/div>\n\t\t<div class=\"elementor-element elementor-element-24487ad5 e-flex e-con-boxed e-con e-parent\" data-id=\"24487ad5\" data-element_type=\"container\" data-e-type=\"container\" data-settings=\"{&quot;background_background&quot;:&quot;classic&quot;,&quot;_ha_eqh_enable&quot;:false}\">\n\t\t\t\t\t<div class=\"e-con-inner\">\n\t\t<div class=\"elementor-element elementor-element-0520f42 e-flex e-con-boxed e-con e-child\" data-id=\"0520f42\" data-element_type=\"container\" data-e-type=\"container\" data-settings=\"{&quot;_ha_eqh_enable&quot;:false}\">\n\t\t\t\t\t<div class=\"e-con-inner\">\n\t\t<div class=\"elementor-element elementor-element-c0e5595 e-flex e-con-boxed e-con e-child\" data-id=\"c0e5595\" data-element_type=\"container\" data-e-type=\"container\" data-settings=\"{&quot;background_background&quot;:&quot;classic&quot;,&quot;_ha_eqh_enable&quot;:false}\">\n\t\t\t\t\t<div class=\"e-con-inner\">\n\t\t\t\t<div class=\"elementor-element elementor-element-4b10fa3 elementor-widget elementor-widget-text-editor\" data-id=\"4b10fa3\" data-element_type=\"widget\" data-e-type=\"widget\" data-widget_type=\"text-editor.default\">\n\t\t\t\t<div class=\"elementor-widget-container\">\n\t\t\t\t\t\t\t\t\t<p>Telecomunicaciones es un t\u00e9rmino gen\u00e9rico que engloba una amplia gama de tecnolog\u00edas que transmiten informaci\u00f3n a distancia. Los tel\u00e9fonos m\u00f3viles, las l\u00edneas fijas, los tel\u00e9fonos por sat\u00e9lite y la Voz sobre Protocolo de Internet (VoIP) son tecnolog\u00edas que se encuadran en uno de los campos de las telecomunicaciones. La radio, la televisi\u00f3n y las redes de radiodifusi\u00f3n son otros ejemplos que satisfacen las necesidades de comunicaci\u00f3n de distintas maneras. Los avances en telecomunicaciones han cambiado el mundo de forma inconmensurable. La gente tiene ahora muchas oportunidades de ver y o\u00edr lo que ocurre al otro lado del mundo. La tecnolog\u00eda por sat\u00e9lite, la televisi\u00f3n, Internet y la telefon\u00eda en general son las herramientas utilizadas para realizar llamadas de comunicaci\u00f3n y procesar voz y v\u00eddeo en tiempo real.<\/p>\n\t\t\t\t\t\t\t\t<\/div>\n\t\t\t\t<\/div>\n\t\t\t\t\t<\/div>\n\t\t\t\t<\/div>\n\t\t<div class=\"elementor-element elementor-element-fd6af34 e-flex e-con-boxed e-con e-child\" data-id=\"fd6af34\" data-element_type=\"container\" data-e-type=\"container\" data-settings=\"{&quot;background_background&quot;:&quot;classic&quot;,&quot;_ha_eqh_enable&quot;:false}\">\n\t\t\t\t\t<div class=\"e-con-inner\">\n\t\t\t\t<div class=\"elementor-element elementor-element-7e997ba elementor-widget elementor-widget-text-editor\" data-id=\"7e997ba\" data-element_type=\"widget\" data-e-type=\"widget\" data-widget_type=\"text-editor.default\">\n\t\t\t\t<div class=\"elementor-widget-container\">\n\t\t\t\t\t\t\t\t\t<p>Telecomunicaciones es un t\u00e9rmino gen\u00e9rico que engloba una amplia gama de tecnolog\u00edas que transmiten informaci\u00f3n a distancia. Los tel\u00e9fonos m\u00f3viles, las l\u00edneas fijas, los tel\u00e9fonos por sat\u00e9lite y la Voz sobre Protocolo de Internet (VoIP) son tecnolog\u00edas que se encuadran en uno de los campos de las telecomunicaciones. La radio, la televisi\u00f3n y las redes de radiodifusi\u00f3n son otros ejemplos que satisfacen las necesidades de comunicaci\u00f3n de distintas maneras. Los avances en telecomunicaciones han cambiado el mundo de forma inconmensurable. La gente tiene ahora muchas oportunidades de ver y o\u00edr lo que ocurre al otro lado del mundo. La tecnolog\u00eda por sat\u00e9lite, la televisi\u00f3n, Internet y la telefon\u00eda en general son las herramientas utilizadas para realizar llamadas de comunicaci\u00f3n y procesar voz y v\u00eddeo en tiempo real.<\/p>\n\t\t\t\t\t\t\t\t<\/div>\n\t\t\t\t<\/div>\n\t\t\t\t\t<\/div>\n\t\t\t\t<\/div>\n\t\t\t\t\t<\/div>\n\t\t\t\t<\/div>\n\t\t<div class=\"elementor-element elementor-element-d0e18c0 e-flex e-con-boxed e-con e-child\" data-id=\"d0e18c0\" data-element_type=\"container\" data-e-type=\"container\" data-settings=\"{&quot;_ha_eqh_enable&quot;:false}\">\n\t\t\t\t\t<div class=\"e-con-inner\">\n\t\t<div class=\"elementor-element elementor-element-db30894 e-flex e-con-boxed e-con e-child\" data-id=\"db30894\" data-element_type=\"container\" data-e-type=\"container\" data-settings=\"{&quot;background_background&quot;:&quot;classic&quot;,&quot;_ha_eqh_enable&quot;:false}\">\n\t\t\t\t\t<div class=\"e-con-inner\">\n\t\t\t\t<div class=\"elementor-element elementor-element-d52ce49 elementor-widget elementor-widget-text-editor\" data-id=\"d52ce49\" data-element_type=\"widget\" data-e-type=\"widget\" data-widget_type=\"text-editor.default\">\n\t\t\t\t<div class=\"elementor-widget-container\">\n\t\t\t\t\t\t\t\t\t<div class=\"elementor-element elementor-element-6fe624b elementor-widget elementor-widget-text-editor\" data-id=\"6fe624b\" data-element_type=\"widget\" data-widget_type=\"text-editor.default\">\n<div class=\"elementor-widget-container\">\n<p>La telefon\u00eda IP DECT, basada en la tecnolog\u00eda IP (Protocolo de Internet), es otra tecnolog\u00eda que mejora la comunicaci\u00f3n y reduce as\u00ed los costes operativos de las empresas. El sistema IP DECT integrado proporciona comunicaci\u00f3n m\u00f3vil dentro de la empresa. Es la plataforma ideal para desplegar una infraestructura de comunicaci\u00f3n inal\u00e1mbrica fiable que puede integrarse con los sistemas y aplicaciones existentes mediante IP. Los sistemas IP DECT proporcionan llamadas de alta calidad y transferencia de datos mediante LAN y WAN. La infraestructura IP existente puede utilizarse para desplegar y ampliar los sistemas de telecomunicaciones. El sistema puede ampliarse en cualquier momento a\u00f1adiendo soluciones de mensajer\u00eda, seguridad y localizaci\u00f3n. Un sistema probado con puntos de control y dispositivos de alarma personales est\u00e1 disponible para muchos \u00e1mbitos de aplicaci\u00f3n. La conectividad inal\u00e1mbrica profesional, la seguridad personal de los empleados y la telefon\u00eda de voz se combinan ahora en la tecnolog\u00eda IP DECT. Como resultado, esta tecnolog\u00eda empieza a ser cada vez m\u00e1s popular y dominante en el mercado.<\/p>\n<\/div>\n<\/div>\n\t\t\t\t\t\t\t\t<\/div>\n\t\t\t\t<\/div>\n\t\t\t\t\t<\/div>\n\t\t\t\t<\/div>\n\t\t\t\t\t<\/div>\n\t\t\t\t<\/div>\n\t\t\t\t\t<\/div>\n\t\t\t\t<\/div>\n\t\t<div class=\"elementor-element elementor-element-92c2b6b e-flex e-con-boxed e-con e-parent\" data-id=\"92c2b6b\" data-element_type=\"container\" data-e-type=\"container\" data-settings=\"{&quot;_ha_eqh_enable&quot;:false}\">\n\t\t\t\t\t<div class=\"e-con-inner\">\n\t\t<div class=\"elementor-element elementor-element-73af792 e-flex e-con-boxed e-con e-child\" data-id=\"73af792\" data-element_type=\"container\" data-e-type=\"container\" data-settings=\"{&quot;_ha_eqh_enable&quot;:false}\">\n\t\t\t\t\t<div class=\"e-con-inner\">\n\t\t<div class=\"elementor-element elementor-element-7141563 e-flex e-con-boxed e-con e-child\" data-id=\"7141563\" data-element_type=\"container\" data-e-type=\"container\" data-settings=\"{&quot;background_background&quot;:&quot;classic&quot;,&quot;_ha_eqh_enable&quot;:false}\">\n\t\t\t\t\t<div class=\"e-con-inner\">\n\t\t<div class=\"elementor-element elementor-element-a3eb80c e-flex e-con-boxed e-con e-child\" data-id=\"a3eb80c\" data-element_type=\"container\" data-e-type=\"container\" data-settings=\"{&quot;background_background&quot;:&quot;classic&quot;,&quot;_ha_eqh_enable&quot;:false}\">\n\t\t\t\t\t<div class=\"e-con-inner\">\n\t\t\t\t<div class=\"elementor-element elementor-element-c106c04 elementor-widget elementor-widget-image\" data-id=\"c106c04\" data-element_type=\"widget\" data-e-type=\"widget\" data-widget_type=\"image.default\">\n\t\t\t\t<div class=\"elementor-widget-container\">\n\t\t\t\t\t\t\t\t\t\t\t\t\t\t\t<img decoding=\"async\" width=\"758\" height=\"200\" src=\"https:\/\/ramsdata.com.pl\/wp-content\/uploads\/2024\/03\/producenci_saltdna.png\" class=\"attachment-large size-large wp-image-14519\" alt=\"\" srcset=\"https:\/\/ramsdata.com.pl\/wp-content\/uploads\/2024\/03\/producenci_saltdna.png 758w, https:\/\/ramsdata.com.pl\/wp-content\/uploads\/2024\/03\/producenci_saltdna-300x79.png 300w\" sizes=\"(max-width: 758px) 100vw, 758px\" \/>\t\t\t\t\t\t\t\t\t\t\t\t\t\t\t<\/div>\n\t\t\t\t<\/div>\n\t\t\t\t\t<\/div>\n\t\t\t\t<\/div>\n\t\t\t\t<div class=\"elementor-element elementor-element-11372a9 elementor-widget elementor-widget-heading\" data-id=\"11372a9\" data-element_type=\"widget\" data-e-type=\"widget\" data-widget_type=\"heading.default\">\n\t\t\t\t<div class=\"elementor-widget-container\">\n\t\t\t\t\t<h2 class=\"elementor-heading-title elementor-size-default\">Sistemas de comunicaci\u00f3n confidenciales\n<\/h2>\t\t\t\t<\/div>\n\t\t\t\t<\/div>\n\t\t\t\t<div class=\"elementor-element elementor-element-030befb elementor-widget elementor-widget-button\" data-id=\"030befb\" data-element_type=\"widget\" data-e-type=\"widget\" data-widget_type=\"button.default\">\n\t\t\t\t<div class=\"elementor-widget-container\">\n\t\t\t\t\t\t\t\t\t<div class=\"elementor-button-wrapper\">\n\t\t\t\t\t<a class=\"elementor-button elementor-button-link elementor-size-sm\" href=\"\/oferta\/tecnolog\u00edas-de-comunicaci\u00f3n\/sistemas-de-comunicaci\u00f3n-confidenciales\/\">\n\t\t\t\t\t\t<span class=\"elementor-button-content-wrapper\">\n\t\t\t\t\t\t\t\t\t<span class=\"elementor-button-text\">M\u00e1s informaci\u00f3n<\/span>\n\t\t\t\t\t<\/span>\n\t\t\t\t\t<\/a>\n\t\t\t\t<\/div>\n\t\t\t\t\t\t\t\t<\/div>\n\t\t\t\t<\/div>\n\t\t\t\t\t<\/div>\n\t\t\t\t<\/div>\n\t\t<div class=\"elementor-element elementor-element-9ec8a21 e-flex e-con-boxed e-con e-child\" data-id=\"9ec8a21\" data-element_type=\"container\" data-e-type=\"container\" data-settings=\"{&quot;background_background&quot;:&quot;classic&quot;,&quot;_ha_eqh_enable&quot;:false}\">\n\t\t\t\t\t<div class=\"e-con-inner\">\n\t\t<div class=\"elementor-element elementor-element-e9314e9 e-flex e-con-boxed e-con e-child\" data-id=\"e9314e9\" data-element_type=\"container\" data-e-type=\"container\" data-settings=\"{&quot;background_background&quot;:&quot;classic&quot;,&quot;_ha_eqh_enable&quot;:false}\">\n\t\t\t\t\t<div class=\"e-con-inner\">\n\t\t\t\t<div class=\"elementor-element elementor-element-622f58f elementor-widget elementor-widget-image\" data-id=\"622f58f\" data-element_type=\"widget\" data-e-type=\"widget\" data-widget_type=\"image.default\">\n\t\t\t\t<div class=\"elementor-widget-container\">\n\t\t\t\t\t\t\t\t\t\t\t\t\t\t\t<img decoding=\"async\" width=\"220\" height=\"104\" src=\"https:\/\/ramsdata.com.pl\/wp-content\/uploads\/2024\/03\/ascom02.png\" class=\"attachment-large size-large wp-image-14524\" alt=\"\" \/>\t\t\t\t\t\t\t\t\t\t\t\t\t\t\t<\/div>\n\t\t\t\t<\/div>\n\t\t\t\t\t<\/div>\n\t\t\t\t<\/div>\n\t\t\t\t<div class=\"elementor-element elementor-element-72ef191 elementor-widget elementor-widget-heading\" data-id=\"72ef191\" data-element_type=\"widget\" data-e-type=\"widget\" data-widget_type=\"heading.default\">\n\t\t\t\t<div class=\"elementor-widget-container\">\n\t\t\t\t\t<h2 class=\"elementor-heading-title elementor-size-default\">Sistemas de comunicaci\u00f3n inal\u00e1mbricos\n<\/h2>\t\t\t\t<\/div>\n\t\t\t\t<\/div>\n\t\t\t\t<div class=\"elementor-element elementor-element-69f21cf elementor-widget elementor-widget-button\" data-id=\"69f21cf\" data-element_type=\"widget\" data-e-type=\"widget\" data-widget_type=\"button.default\">\n\t\t\t\t<div class=\"elementor-widget-container\">\n\t\t\t\t\t\t\t\t\t<div class=\"elementor-button-wrapper\">\n\t\t\t\t\t<a class=\"elementor-button elementor-button-link elementor-size-sm\" href=\"https:\/\/ramsdata.com.pl\/es\/sistemas-de-comunicacion-inalambricos\/\">\n\t\t\t\t\t\t<span class=\"elementor-button-content-wrapper\">\n\t\t\t\t\t\t\t\t\t<span class=\"elementor-button-text\">M\u00e1s informaci\u00f3n<\/span>\n\t\t\t\t\t<\/span>\n\t\t\t\t\t<\/a>\n\t\t\t\t<\/div>\n\t\t\t\t\t\t\t\t<\/div>\n\t\t\t\t<\/div>\n\t\t\t\t\t<\/div>\n\t\t\t\t<\/div>\n\t\t\t\t\t<\/div>\n\t\t\t\t<\/div>\n\t\t\t\t\t<\/div>\n\t\t\t\t<\/div>\n\t\t\t\t<\/div>\n\t\t","protected":false},"excerpt":{"rendered":"<p>TECNOLOG\u00cdAS DE LA COMUNICACI\u00d3N Telecomunicaciones es un t\u00e9rmino gen\u00e9rico que engloba una amplia gama de tecnolog\u00edas que transmiten informaci\u00f3n a distancia. Los tel\u00e9fonos m\u00f3viles, las l\u00edneas fijas, los tel\u00e9fonos por sat\u00e9lite y la Voz sobre Protocolo de Internet (VoIP) son tecnolog\u00edas que se encuadran en uno de los campos de las telecomunicaciones. La radio, la [&hellip;]<\/p>\n","protected":false},"author":1,"featured_media":0,"parent":15110,"menu_order":0,"comment_status":"closed","ping_status":"closed","template":"","meta":{"_acf_changed":false,"om_disable_all_campaigns":false,"_monsterinsights_skip_tracking":false,"_monsterinsights_sitenote_active":false,"_monsterinsights_sitenote_note":"","_monsterinsights_sitenote_category":0,"_uf_show_specific_survey":0,"_uf_disable_surveys":false,"footnotes":""},"class_list":["post-15850","page","type-page","status-publish","hentry"],"acf":[],"aioseo_notices":[],"_links":{"self":[{"href":"https:\/\/ramsdata.com.pl\/es\/wp-json\/wp\/v2\/pages\/15850","targetHints":{"allow":["GET"]}}],"collection":[{"href":"https:\/\/ramsdata.com.pl\/es\/wp-json\/wp\/v2\/pages"}],"about":[{"href":"https:\/\/ramsdata.com.pl\/es\/wp-json\/wp\/v2\/types\/page"}],"author":[{"embeddable":true,"href":"https:\/\/ramsdata.com.pl\/es\/wp-json\/wp\/v2\/users\/1"}],"replies":[{"embeddable":true,"href":"https:\/\/ramsdata.com.pl\/es\/wp-json\/wp\/v2\/comments?post=15850"}],"version-history":[{"count":2,"href":"https:\/\/ramsdata.com.pl\/es\/wp-json\/wp\/v2\/pages\/15850\/revisions"}],"predecessor-version":[{"id":15875,"href":"https:\/\/ramsdata.com.pl\/es\/wp-json\/wp\/v2\/pages\/15850\/revisions\/15875"}],"up":[{"embeddable":true,"href":"https:\/\/ramsdata.com.pl\/es\/wp-json\/wp\/v2\/pages\/15110"}],"wp:attachment":[{"href":"https:\/\/ramsdata.com.pl\/es\/wp-json\/wp\/v2\/media?parent=15850"}],"curies":[{"name":"wp","href":"https:\/\/api.w.org\/{rel}","templated":true}]}}