{"id":15838,"date":"2024-03-04T12:57:39","date_gmt":"2024-03-04T12:57:39","guid":{"rendered":"https:\/\/ramsdata.com.pl\/sistemas-de-comunicacion-inalambricos\/"},"modified":"2024-03-16T11:58:44","modified_gmt":"2024-03-16T11:58:44","slug":"sistemas-de-comunicacion-inalambricos","status":"publish","type":"page","link":"https:\/\/ramsdata.com.pl\/es\/oferta\/tecnologias-de-la-comunicacion\/sistemas-de-comunicacion-inalambricos\/","title":{"rendered":"Sistemas de comunicaci\u00f3n inal\u00e1mbricos"},"content":{"rendered":"\t\t<div data-elementor-type=\"wp-page\" data-elementor-id=\"15838\" class=\"elementor elementor-15838 elementor-11719\" data-elementor-settings=\"{&quot;ha_cmc_init_switcher&quot;:&quot;no&quot;}\" data-elementor-post-type=\"page\">\n\t\t\t\t<div class=\"elementor-element elementor-element-3a3518a e-flex e-con-boxed e-con e-parent\" data-id=\"3a3518a\" data-element_type=\"container\" data-e-type=\"container\" data-settings=\"{&quot;background_background&quot;:&quot;classic&quot;,&quot;_ha_eqh_enable&quot;:false}\">\n\t\t\t\t\t<div class=\"e-con-inner\">\n\t\t<div class=\"elementor-element elementor-element-99ac231 e-con-full e-flex elementor-invisible e-con e-child\" data-id=\"99ac231\" data-element_type=\"container\" data-e-type=\"container\" data-settings=\"{&quot;animation&quot;:&quot;fadeInDown&quot;,&quot;_ha_eqh_enable&quot;:false}\">\n\t\t\t\t<div class=\"elementor-element elementor-element-d350a4e elementor-widget elementor-widget-heading\" data-id=\"d350a4e\" data-element_type=\"widget\" data-e-type=\"widget\" data-widget_type=\"heading.default\">\n\t\t\t\t<div class=\"elementor-widget-container\">\n\t\t\t\t\t<h2 class=\"elementor-heading-title elementor-size-default\">SISTEMAS DE COMUNICACI\u00d3N INAL\u00c1MBRICOS<\/h2>\t\t\t\t<\/div>\n\t\t\t\t<\/div>\n\t\t\t\t<\/div>\n\t\t\t\t\t<\/div>\n\t\t\t\t<\/div>\n\t\t<div class=\"elementor-element elementor-element-591f924 e-flex e-con-boxed e-con e-parent\" data-id=\"591f924\" data-element_type=\"container\" data-e-type=\"container\" data-settings=\"{&quot;_ha_eqh_enable&quot;:false}\">\n\t\t\t\t\t<div class=\"e-con-inner\">\n\t\t<div class=\"elementor-element elementor-element-273019a e-con-full e-flex e-con e-child\" data-id=\"273019a\" data-element_type=\"container\" data-e-type=\"container\" data-settings=\"{&quot;_ha_eqh_enable&quot;:false}\">\n\t\t\t\t<div class=\"elementor-element elementor-element-9e4c2f5 elementor-widget elementor-widget-image\" data-id=\"9e4c2f5\" data-element_type=\"widget\" data-e-type=\"widget\" data-widget_type=\"image.default\">\n\t\t\t\t<div class=\"elementor-widget-container\">\n\t\t\t\t\t\t\t\t\t\t\t\t\t\t\t<img decoding=\"async\" width=\"220\" height=\"104\" src=\"https:\/\/ramsdata.com.pl\/wp-content\/uploads\/2024\/03\/ascom02.png.webp\" class=\"attachment-large size-large wp-image-14499\" alt=\"\" \/>\t\t\t\t\t\t\t\t\t\t\t\t\t\t\t<\/div>\n\t\t\t\t<\/div>\n\t\t\t\t<\/div>\n\t\t<div class=\"elementor-element elementor-element-9082220 e-con-full e-flex e-con e-child\" data-id=\"9082220\" data-element_type=\"container\" data-e-type=\"container\" data-settings=\"{&quot;_ha_eqh_enable&quot;:false}\">\n\t\t\t\t<div class=\"elementor-element elementor-element-ad75eb1 elementor-widget__width-initial elementor-widget elementor-widget-text-editor\" data-id=\"ad75eb1\" data-element_type=\"widget\" data-e-type=\"widget\" data-widget_type=\"text-editor.default\">\n\t\t\t\t<div class=\"elementor-widget-container\">\n\t\t\t\t\t\t\t\t\t<p>La necesidad de una respuesta m\u00e1s r\u00e1pida y una mejor comunicaci\u00f3n es muy importante en muchas empresas y organizaciones. Todos los empleados deben estar localizables en cualquier momento y lugar de trabajo, y ellos mismos deben poder ponerse en contacto con los dem\u00e1s r\u00e1pidamente y sin demora. La notificaci\u00f3n inmediata al personal clave para activar una respuesta m\u00e1s r\u00e1pida es la base de la comunicaci\u00f3n inal\u00e1mbrica DECT\/IP DECT. Est\u00e1 dise\u00f1ada para un entorno de trabajo exigente y puede personalizarse para garantizar una movilidad y eficacia \u00f3ptimas en los procesos de trabajo. Esto proporciona a las empresas una mayor eficacia, productividad y seguridad.<\/p>\n<p>Adem\u00e1s de aumentar los niveles de satisfacci\u00f3n del personal, puede ver una reacci\u00f3n positiva de los clientes cuando consiguen lo que quieren r\u00e1pidamente por primera vez. Breves y concisos: los sistemas inal\u00e1mbricos DECT\/IP DECT transmiten los mensajes adecuados a las personas adecuadas en el momento oportuno.<\/p>\n\t\t\t\t\t\t\t\t<\/div>\n\t\t\t\t<\/div>\n\t\t\t\t<\/div>\n\t\t\t\t\t<\/div>\n\t\t\t\t<\/div>\n\t\t<div class=\"elementor-element elementor-element-471cdb60 e-flex e-con-boxed e-con e-parent\" data-id=\"471cdb60\" data-element_type=\"container\" data-e-type=\"container\" data-settings=\"{&quot;_ha_eqh_enable&quot;:false}\">\n\t\t\t\t\t<div class=\"e-con-inner\">\n\t\t<div class=\"elementor-element elementor-element-cba5574 e-flex e-con-boxed e-con e-child\" data-id=\"cba5574\" data-element_type=\"container\" data-e-type=\"container\" data-settings=\"{&quot;_ha_eqh_enable&quot;:false}\">\n\t\t\t\t\t<div class=\"e-con-inner\">\n\t\t<div class=\"elementor-element elementor-element-2fd2b2d1 e-flex e-con-boxed e-con e-child\" data-id=\"2fd2b2d1\" data-element_type=\"container\" data-e-type=\"container\" data-settings=\"{&quot;_ha_eqh_enable&quot;:false}\">\n\t\t\t\t\t<div class=\"e-con-inner\">\n\t\t\t\t<div class=\"elementor-element elementor-element-1c5f6cd2 elementor-widget elementor-widget-image\" data-id=\"1c5f6cd2\" data-element_type=\"widget\" data-e-type=\"widget\" data-widget_type=\"image.default\">\n\t\t\t\t<div class=\"elementor-widget-container\">\n\t\t\t\t\t\t\t\t\t\t\t\t\t\t\t<img fetchpriority=\"high\" decoding=\"async\" width=\"1036\" height=\"792\" src=\"https:\/\/ramsdata.com.pl\/wp-content\/uploads\/2024\/03\/ascomkomunikacja1.jpg.webp\" class=\"attachment-full size-full wp-image-14504\" alt=\"\" srcset=\"https:\/\/ramsdata.com.pl\/wp-content\/uploads\/2024\/03\/ascomkomunikacja1.jpg.webp 1036w, https:\/\/ramsdata.com.pl\/wp-content\/uploads\/2024\/03\/ascomkomunikacja1.jpg-300x229.webp 300w, https:\/\/ramsdata.com.pl\/wp-content\/uploads\/2024\/03\/ascomkomunikacja1.jpg-1024x783.webp 1024w, https:\/\/ramsdata.com.pl\/wp-content\/uploads\/2024\/03\/ascomkomunikacja1.jpg-768x587.webp 768w\" sizes=\"(max-width: 1036px) 100vw, 1036px\" \/>\t\t\t\t\t\t\t\t\t\t\t\t\t\t\t<\/div>\n\t\t\t\t<\/div>\n\t\t\t\t\t<\/div>\n\t\t\t\t<\/div>\n\t\t<div class=\"elementor-element elementor-element-581ccc5d e-flex e-con-boxed e-con e-child\" data-id=\"581ccc5d\" data-element_type=\"container\" data-e-type=\"container\" data-settings=\"{&quot;_ha_eqh_enable&quot;:false}\">\n\t\t\t\t\t<div class=\"e-con-inner\">\n\t\t\t\t<div class=\"elementor-element elementor-element-66c5c5aa elementor-widget elementor-widget-text-editor\" data-id=\"66c5c5aa\" data-element_type=\"widget\" data-e-type=\"widget\" data-widget_type=\"text-editor.default\">\n\t\t\t\t<div class=\"elementor-widget-container\">\n\t\t\t\t\t\t\t\t\t<p>Ascom IP-DECT es una soluci\u00f3n completa que combina el probado est\u00e1ndar DECT con la tecnolog\u00eda VoIP (Voice over Internet Protocol), lo que permite utilizar ambos paquetes de datos con llamadas de voz de alta calidad en la misma red. Puede esperar una muy buena calidad de servicio y excelentes capacidades de mensajer\u00eda en una red de radio segura. Adem\u00e1s, el molesto problema de la conectividad intermitente o la p\u00e9rdida de datos desaparece gracias a la funci\u00f3n \u00abhandover\u00bb. IP-DECT ofrece una frecuencia dedicada y segura que es muy dif\u00edcil de espiar o piratear. Lo que significa que la informaci\u00f3n confidencial permanece donde debe estar.<\/p>\n<p>Con la introducci\u00f3n del sistema IP-DECT de Ascom, cabe esperar un ahorro de costes, ya que no se necesita una gran infraestructura de cableado y el mantenimiento del sistema es sencillo y no requiere mucho tiempo. La telefon\u00eda y la inform\u00e1tica ya no son \u00e1reas separadas de departamentos distintos. Las mismas herramientas sirven para ambas \u00e1reas, lo que en \u00faltima instancia se traduce en un menor coste total de propiedad<\/p>\n\t\t\t\t\t\t\t\t<\/div>\n\t\t\t\t<\/div>\n\t\t\t\t\t<\/div>\n\t\t\t\t<\/div>\n\t\t\t\t\t<\/div>\n\t\t\t\t<\/div>\n\t\t<div class=\"elementor-element elementor-element-3d78ce22 e-flex e-con-boxed e-con e-child\" data-id=\"3d78ce22\" data-element_type=\"container\" data-e-type=\"container\" data-settings=\"{&quot;_ha_eqh_enable&quot;:false}\">\n\t\t\t\t\t<div class=\"e-con-inner\">\n\t\t<div class=\"elementor-element elementor-element-472bf8fd e-flex e-con-boxed e-con e-child\" data-id=\"472bf8fd\" data-element_type=\"container\" data-e-type=\"container\" data-settings=\"{&quot;_ha_eqh_enable&quot;:false}\">\n\t\t\t\t\t<div class=\"e-con-inner\">\n\t\t\t\t<div class=\"elementor-element elementor-element-535d78d9 elementor-widget elementor-widget-text-editor\" data-id=\"535d78d9\" data-element_type=\"widget\" data-e-type=\"widget\" data-widget_type=\"text-editor.default\">\n\t\t\t\t<div class=\"elementor-widget-container\">\n\t\t\t\t\t\t\t\t\t<p>El sistema IP-DECT de Ascom es modular, lo que significa un alto nivel de escalabilidad y flexibilidad. El tama\u00f1o de la empresa y el n\u00famero de sedes remotas no importan mucho. De hecho, Ascom IP-DECT est\u00e1 dise\u00f1ado para soportar hasta 100 pasarelas IP-DECT, 1000 estaciones base IP-DECT y 20000 terminales inal\u00e1mbricos IP DECT por ubicaci\u00f3n. Sin embargo, gracias a la funcionalidad de \u00abequilibrio de carga\u00bb y a la posibilidad de instalar varias estaciones base maestras, todo el sistema puede soportar 1.000 pasarelas IP-DECT, 10.000 estaciones base IP-DECT y 100.000 terminales inal\u00e1mbricos IP DECT. Cada estaci\u00f3n base IP-DECT gestiona ocho llamadas de voz simult\u00e1neamente, mientras que una pasarela IP-DECT puede gestionar 40 llamadas de voz y 16 estaciones base a la vez.<\/p>\n\t\t\t\t\t\t\t\t<\/div>\n\t\t\t\t<\/div>\n\t\t\t\t\t<\/div>\n\t\t\t\t<\/div>\n\t\t<div class=\"elementor-element elementor-element-38794a65 e-flex e-con-boxed e-con e-child\" data-id=\"38794a65\" data-element_type=\"container\" data-e-type=\"container\" data-settings=\"{&quot;_ha_eqh_enable&quot;:false}\">\n\t\t\t\t\t<div class=\"e-con-inner\">\n\t\t\t\t<div class=\"elementor-element elementor-element-321dc05d elementor-widget elementor-widget-image\" data-id=\"321dc05d\" data-element_type=\"widget\" data-e-type=\"widget\" data-widget_type=\"image.default\">\n\t\t\t\t<div class=\"elementor-widget-container\">\n\t\t\t\t\t\t\t\t\t\t\t\t\t\t\t<img decoding=\"async\" width=\"1036\" height=\"792\" src=\"https:\/\/ramsdata.com.pl\/wp-content\/uploads\/2024\/03\/ascomkomunikacja2.jpg.webp\" class=\"attachment-full size-full wp-image-14509\" alt=\"\" srcset=\"https:\/\/ramsdata.com.pl\/wp-content\/uploads\/2024\/03\/ascomkomunikacja2.jpg.webp 1036w, https:\/\/ramsdata.com.pl\/wp-content\/uploads\/2024\/03\/ascomkomunikacja2.jpg-300x229.webp 300w, https:\/\/ramsdata.com.pl\/wp-content\/uploads\/2024\/03\/ascomkomunikacja2.jpg-1024x783.webp 1024w, https:\/\/ramsdata.com.pl\/wp-content\/uploads\/2024\/03\/ascomkomunikacja2.jpg-768x587.webp 768w\" sizes=\"(max-width: 1036px) 100vw, 1036px\" \/>\t\t\t\t\t\t\t\t\t\t\t\t\t\t\t<\/div>\n\t\t\t\t<\/div>\n\t\t\t\t\t<\/div>\n\t\t\t\t<\/div>\n\t\t\t\t\t<\/div>\n\t\t\t\t<\/div>\n\t\t\t\t\t<\/div>\n\t\t\t\t<\/div>\n\t\t\t\t<\/div>\n\t\t","protected":false},"excerpt":{"rendered":"<p>SISTEMAS DE COMUNICACI\u00d3N INAL\u00c1MBRICOS La necesidad de una respuesta m\u00e1s r\u00e1pida y una mejor comunicaci\u00f3n es muy importante en muchas empresas y organizaciones. Todos los empleados deben estar localizables en cualquier momento y lugar de trabajo, y ellos mismos deben poder ponerse en contacto con los dem\u00e1s r\u00e1pidamente y sin demora. La notificaci\u00f3n inmediata al [&hellip;]<\/p>\n","protected":false},"author":1,"featured_media":0,"parent":15850,"menu_order":0,"comment_status":"closed","ping_status":"closed","template":"","meta":{"_acf_changed":false,"om_disable_all_campaigns":false,"_monsterinsights_skip_tracking":false,"_monsterinsights_sitenote_active":false,"_monsterinsights_sitenote_note":"","_monsterinsights_sitenote_category":0,"_uf_show_specific_survey":0,"_uf_disable_surveys":false,"footnotes":""},"class_list":["post-15838","page","type-page","status-publish","hentry"],"acf":[],"aioseo_notices":[],"_links":{"self":[{"href":"https:\/\/ramsdata.com.pl\/es\/wp-json\/wp\/v2\/pages\/15838","targetHints":{"allow":["GET"]}}],"collection":[{"href":"https:\/\/ramsdata.com.pl\/es\/wp-json\/wp\/v2\/pages"}],"about":[{"href":"https:\/\/ramsdata.com.pl\/es\/wp-json\/wp\/v2\/types\/page"}],"author":[{"embeddable":true,"href":"https:\/\/ramsdata.com.pl\/es\/wp-json\/wp\/v2\/users\/1"}],"replies":[{"embeddable":true,"href":"https:\/\/ramsdata.com.pl\/es\/wp-json\/wp\/v2\/comments?post=15838"}],"version-history":[{"count":1,"href":"https:\/\/ramsdata.com.pl\/es\/wp-json\/wp\/v2\/pages\/15838\/revisions"}],"predecessor-version":[{"id":15845,"href":"https:\/\/ramsdata.com.pl\/es\/wp-json\/wp\/v2\/pages\/15838\/revisions\/15845"}],"up":[{"embeddable":true,"href":"https:\/\/ramsdata.com.pl\/es\/wp-json\/wp\/v2\/pages\/15850"}],"wp:attachment":[{"href":"https:\/\/ramsdata.com.pl\/es\/wp-json\/wp\/v2\/media?parent=15838"}],"curies":[{"name":"wp","href":"https:\/\/api.w.org\/{rel}","templated":true}]}}