{"id":15751,"date":"2024-03-04T10:26:42","date_gmt":"2024-03-04T10:26:42","guid":{"rendered":"https:\/\/ramsdata.com.pl\/oferta\/tecnologias-2\/"},"modified":"2024-03-16T11:58:37","modified_gmt":"2024-03-16T11:58:37","slug":"tecnologias-2","status":"publish","type":"page","link":"https:\/\/ramsdata.com.pl\/es\/oferta\/tecnologias-2\/","title":{"rendered":"Tecnolog\u00edas"},"content":{"rendered":"\t\t<div data-elementor-type=\"wp-page\" data-elementor-id=\"15751\" class=\"elementor elementor-15751 elementor-11511\" data-elementor-settings=\"{&quot;ha_cmc_init_switcher&quot;:&quot;no&quot;}\" data-elementor-post-type=\"page\">\n\t\t\t\t<div class=\"elementor-element elementor-element-7cd6148 e-flex e-con-boxed e-con e-parent\" data-id=\"7cd6148\" data-element_type=\"container\" data-e-type=\"container\" data-settings=\"{&quot;background_background&quot;:&quot;classic&quot;,&quot;_ha_eqh_enable&quot;:false}\">\n\t\t\t\t\t<div class=\"e-con-inner\">\n\t\t<div class=\"elementor-element elementor-element-552dd849 e-con-full e-flex elementor-invisible e-con e-child\" data-id=\"552dd849\" data-element_type=\"container\" data-e-type=\"container\" data-settings=\"{&quot;animation&quot;:&quot;fadeInDown&quot;,&quot;_ha_eqh_enable&quot;:false}\">\n\t\t\t\t<div class=\"elementor-element elementor-element-2841dde7 elementor-widget elementor-widget-heading\" data-id=\"2841dde7\" data-element_type=\"widget\" data-e-type=\"widget\" data-widget_type=\"heading.default\">\n\t\t\t\t<div class=\"elementor-widget-container\">\n\t\t\t\t\t<h2 class=\"elementor-heading-title elementor-size-default\">TECNOLOG\u00cdAS<\/h2>\t\t\t\t<\/div>\n\t\t\t\t<\/div>\n\t\t\t\t<\/div>\n\t\t\t\t\t<\/div>\n\t\t\t\t<\/div>\n\t\t<div class=\"elementor-element elementor-element-1926e23b e-flex e-con-boxed e-con e-parent\" data-id=\"1926e23b\" data-element_type=\"container\" data-e-type=\"container\" data-settings=\"{&quot;_ha_eqh_enable&quot;:false}\">\n\t\t\t\t\t<div class=\"e-con-inner\">\n\t\t<div class=\"elementor-element elementor-element-6bc3b44b e-flex e-con-boxed e-con e-child\" data-id=\"6bc3b44b\" data-element_type=\"container\" data-e-type=\"container\" data-settings=\"{&quot;_ha_eqh_enable&quot;:false}\">\n\t\t\t\t\t<div class=\"e-con-inner\">\n\t\t<div class=\"elementor-element elementor-element-56230c2d e-flex e-con-boxed e-con e-child\" data-id=\"56230c2d\" data-element_type=\"container\" data-e-type=\"container\" data-settings=\"{&quot;_ha_eqh_enable&quot;:false}\">\n\t\t\t\t\t<div class=\"e-con-inner\">\n\t\t\t\t<div class=\"elementor-element elementor-element-eaa90a1 elementor-widget elementor-widget-image\" data-id=\"eaa90a1\" data-element_type=\"widget\" data-e-type=\"widget\" data-widget_type=\"image.default\">\n\t\t\t\t<div class=\"elementor-widget-container\">\n\t\t\t\t\t\t\t\t\t\t\t\t\t\t\t<img fetchpriority=\"high\" decoding=\"async\" width=\"374\" height=\"200\" src=\"https:\/\/ramsdata.com.pl\/wp-content\/uploads\/2024\/03\/producenci_paloalto.png-1.webp\" class=\"attachment-full size-full wp-image-14394\" alt=\"\" srcset=\"https:\/\/ramsdata.com.pl\/wp-content\/uploads\/2024\/03\/producenci_paloalto.png-1.webp 374w, https:\/\/ramsdata.com.pl\/wp-content\/uploads\/2024\/03\/producenci_paloalto.png-1-300x160.webp 300w\" sizes=\"(max-width: 374px) 100vw, 374px\" \/>\t\t\t\t\t\t\t\t\t\t\t\t\t\t\t<\/div>\n\t\t\t\t<\/div>\n\t\t\t\t\t<\/div>\n\t\t\t\t<\/div>\n\t\t<div class=\"elementor-element elementor-element-25528a4e e-flex e-con-boxed e-con e-child\" data-id=\"25528a4e\" data-element_type=\"container\" data-e-type=\"container\" data-settings=\"{&quot;_ha_eqh_enable&quot;:false}\">\n\t\t\t\t\t<div class=\"e-con-inner\">\n\t\t\t\t<div class=\"elementor-element elementor-element-236f3487 elementor-widget elementor-widget-text-editor\" data-id=\"236f3487\" data-element_type=\"widget\" data-e-type=\"widget\" data-widget_type=\"text-editor.default\">\n\t\t\t\t<div class=\"elementor-widget-container\">\n\t\t\t\t\t\t\t\t\t<p>Prevenci\u00f3n de la transmisi\u00f3n de archivos maliciosos para aplicaciones web que eluden las cajas de arena y las soluciones de detecci\u00f3n de malware individuales.<\/p>\n<p>Desactivaci\u00f3n y reconstrucci\u00f3n profunda de contenidos (Deep CDR): Desarme m\u00e1s de 90 tipos de archivos populares y reconstruya cada archivo, proporcionando plena usabilidad con contenido seguro.<\/p>\n<p>Escanee con m\u00e1s de 20 motores de protecci\u00f3n contra malware que utilizan firmas, heur\u00edstica y tecnolog\u00eda de aprendizaje autom\u00e1tico para detectar amenazas conocidas y desconocidas lo antes posible y de la forma m\u00e1s eficaz.<\/p>\n\t\t\t\t\t\t\t\t<\/div>\n\t\t\t\t<\/div>\n\t\t\t\t<div class=\"elementor-element elementor-element-35aab39 elementor-widget elementor-widget-button\" data-id=\"35aab39\" data-element_type=\"widget\" data-e-type=\"widget\" data-widget_type=\"button.default\">\n\t\t\t\t<div class=\"elementor-widget-container\">\n\t\t\t\t\t\t\t\t\t<div class=\"elementor-button-wrapper\">\n\t\t\t\t\t<a class=\"elementor-button elementor-button-link elementor-size-sm\" href=\"#\">\n\t\t\t\t\t\t<span class=\"elementor-button-content-wrapper\">\n\t\t\t\t\t\t\t\t\t<span class=\"elementor-button-text\">M\u00e1s informaci\u00f3n<\/span>\n\t\t\t\t\t<\/span>\n\t\t\t\t\t<\/a>\n\t\t\t\t<\/div>\n\t\t\t\t\t\t\t\t<\/div>\n\t\t\t\t<\/div>\n\t\t\t\t\t<\/div>\n\t\t\t\t<\/div>\n\t\t\t\t\t<\/div>\n\t\t\t\t<\/div>\n\t\t<div class=\"elementor-element elementor-element-26d29962 e-flex e-con-boxed e-con e-child\" data-id=\"26d29962\" data-element_type=\"container\" data-e-type=\"container\" data-settings=\"{&quot;_ha_eqh_enable&quot;:false}\">\n\t\t\t\t\t<div class=\"e-con-inner\">\n\t\t<div class=\"elementor-element elementor-element-72b75533 e-flex e-con-boxed e-con e-child\" data-id=\"72b75533\" data-element_type=\"container\" data-e-type=\"container\" data-settings=\"{&quot;_ha_eqh_enable&quot;:false}\">\n\t\t\t\t\t<div class=\"e-con-inner\">\n\t\t\t\t<div class=\"elementor-element elementor-element-55e2f91e elementor-widget elementor-widget-text-editor\" data-id=\"55e2f91e\" data-element_type=\"widget\" data-e-type=\"widget\" data-widget_type=\"text-editor.default\">\n\t\t\t\t<div class=\"elementor-widget-container\">\n\t\t\t\t\t\t\t\t\t<p>AddNet asegura el acceso a la red mediante la compatibilidad integrada con la autenticaci\u00f3n y autorizaci\u00f3n 802.1x basada en la direcci\u00f3n MAC. AddNet puede habilitar la comunicaci\u00f3n de red a un dispositivo autenticado y asignar el dispositivo a las VLAN adecuadas en funci\u00f3n de las pol\u00edticas implementadas basadas en la direcci\u00f3n MAC. La funcionalidad NAC de la soluci\u00f3n de Novicom es independiente del proveedor y permite implantar un acceso seguro a la red con independencia del origen de los conmutadores. Sin embargo, para sacar el m\u00e1ximo partido de AddNet NAC, es necesario que la infraestructura de red admita el est\u00e1ndar de autenticaci\u00f3n 802.1x \/ MAC. Este requisito lo cumplen actualmente la mayor\u00eda de los conmutadores de los principales proveedores.<\/p>\n<p>La ventaja de AddNet NAC es su sencilla implantaci\u00f3n en redes grandes y distribuidas. Tambi\u00e9n es posible desplegar NAC en ubicaciones remotas, lo que permite un acceso seguro incluso si no se puede acceder a la ubicaci\u00f3n central. Esto se consigui\u00f3 integrando el servidor Radius en servidores de trabajo remotos de AddNet.<\/p>\n\t\t\t\t\t\t\t\t<\/div>\n\t\t\t\t<\/div>\n\t\t\t\t<div class=\"elementor-element elementor-element-acf622f elementor-widget elementor-widget-button\" data-id=\"acf622f\" data-element_type=\"widget\" data-e-type=\"widget\" data-widget_type=\"button.default\">\n\t\t\t\t<div class=\"elementor-widget-container\">\n\t\t\t\t\t\t\t\t\t<div class=\"elementor-button-wrapper\">\n\t\t\t\t\t<a class=\"elementor-button elementor-button-link elementor-size-sm\" href=\"#\">\n\t\t\t\t\t\t<span class=\"elementor-button-content-wrapper\">\n\t\t\t\t\t\t\t\t\t<span class=\"elementor-button-text\">M\u00e1s informaci\u00f3n<\/span>\n\t\t\t\t\t<\/span>\n\t\t\t\t\t<\/a>\n\t\t\t\t<\/div>\n\t\t\t\t\t\t\t\t<\/div>\n\t\t\t\t<\/div>\n\t\t\t\t\t<\/div>\n\t\t\t\t<\/div>\n\t\t<div class=\"elementor-element elementor-element-585382fb e-flex e-con-boxed e-con e-child\" data-id=\"585382fb\" data-element_type=\"container\" data-e-type=\"container\" data-settings=\"{&quot;_ha_eqh_enable&quot;:false}\">\n\t\t\t\t\t<div class=\"e-con-inner\">\n\t\t\t\t<div class=\"elementor-element elementor-element-40f025ea elementor-widget elementor-widget-image\" data-id=\"40f025ea\" data-element_type=\"widget\" data-e-type=\"widget\" data-widget_type=\"image.default\">\n\t\t\t\t<div class=\"elementor-widget-container\">\n\t\t\t\t\t\t\t\t\t\t\t\t\t\t\t<img decoding=\"async\" width=\"241\" height=\"200\" src=\"https:\/\/ramsdata.com.pl\/wp-content\/uploads\/2024\/03\/producenci_novicom.png-1.webp\" class=\"attachment-full size-full wp-image-14399\" alt=\"\" \/>\t\t\t\t\t\t\t\t\t\t\t\t\t\t\t<\/div>\n\t\t\t\t<\/div>\n\t\t\t\t\t<\/div>\n\t\t\t\t<\/div>\n\t\t\t\t\t<\/div>\n\t\t\t\t<\/div>\n\t\t<div class=\"elementor-element elementor-element-6c7fb5b e-flex e-con-boxed e-con e-child\" data-id=\"6c7fb5b\" data-element_type=\"container\" data-e-type=\"container\" data-settings=\"{&quot;_ha_eqh_enable&quot;:false}\">\n\t\t\t\t\t<div class=\"e-con-inner\">\n\t\t<div class=\"elementor-element elementor-element-25a39df e-flex e-con-boxed e-con e-child\" data-id=\"25a39df\" data-element_type=\"container\" data-e-type=\"container\" data-settings=\"{&quot;_ha_eqh_enable&quot;:false}\">\n\t\t\t\t\t<div class=\"e-con-inner\">\n\t\t\t\t<div class=\"elementor-element elementor-element-1f2796a elementor-widget elementor-widget-image\" data-id=\"1f2796a\" data-element_type=\"widget\" data-e-type=\"widget\" data-widget_type=\"image.default\">\n\t\t\t\t<div class=\"elementor-widget-container\">\n\t\t\t\t\t\t\t\t\t\t\t\t\t\t\t<img decoding=\"async\" width=\"768\" height=\"139\" src=\"https:\/\/ramsdata.com.pl\/wp-content\/uploads\/2024\/03\/OPSWAT_Logo_CMYKwhite-768x139.png.webp\" class=\"attachment-full size-full wp-image-13024\" alt=\"\" srcset=\"https:\/\/ramsdata.com.pl\/wp-content\/uploads\/2024\/03\/OPSWAT_Logo_CMYKwhite-768x139.png.webp 768w, https:\/\/ramsdata.com.pl\/wp-content\/uploads\/2024\/03\/OPSWAT_Logo_CMYKwhite-768x139.png-300x54.webp 300w\" sizes=\"(max-width: 768px) 100vw, 768px\" \/>\t\t\t\t\t\t\t\t\t\t\t\t\t\t\t<\/div>\n\t\t\t\t<\/div>\n\t\t\t\t\t<\/div>\n\t\t\t\t<\/div>\n\t\t<div class=\"elementor-element elementor-element-7772029 e-flex e-con-boxed e-con e-child\" data-id=\"7772029\" data-element_type=\"container\" data-e-type=\"container\" data-settings=\"{&quot;_ha_eqh_enable&quot;:false}\">\n\t\t\t\t\t<div class=\"e-con-inner\">\n\t\t\t\t<div class=\"elementor-element elementor-element-2297ee9 elementor-widget elementor-widget-text-editor\" data-id=\"2297ee9\" data-element_type=\"widget\" data-e-type=\"widget\" data-widget_type=\"text-editor.default\">\n\t\t\t\t<div class=\"elementor-widget-container\">\n\t\t\t\t\t\t\t\t\t<p>Las redes cr\u00edticas plantean un reto especial a los profesionales de la seguridad porque est\u00e1n aisladas y sin acceso a Internet, por lo que son vulnerables a los ataques de medios m\u00f3viles y tecnolog\u00edas similares de transferencia de archivos. OPSWAT ofrece un proceso seguro de extremo a extremo para transferir archivos hacia y desde redes aisladas. La soluci\u00f3n se utiliza ampliamente en las industrias manufacturera, energ\u00e9tica, gubernamental, bancaria, farmac\u00e9utica y del entretenimiento.<\/p><\/p>\n\t\t\t\t\t\t\t\t<\/div>\n\t\t\t\t<\/div>\n\t\t\t\t<div class=\"elementor-element elementor-element-4c461c3 elementor-widget elementor-widget-button\" data-id=\"4c461c3\" data-element_type=\"widget\" data-e-type=\"widget\" data-widget_type=\"button.default\">\n\t\t\t\t<div class=\"elementor-widget-container\">\n\t\t\t\t\t\t\t\t\t<div class=\"elementor-button-wrapper\">\n\t\t\t\t\t<a class=\"elementor-button elementor-button-link elementor-size-sm\" href=\"#\">\n\t\t\t\t\t\t<span class=\"elementor-button-content-wrapper\">\n\t\t\t\t\t\t\t\t\t<span class=\"elementor-button-text\">M\u00e1s informaci\u00f3n<\/span>\n\t\t\t\t\t<\/span>\n\t\t\t\t\t<\/a>\n\t\t\t\t<\/div>\n\t\t\t\t\t\t\t\t<\/div>\n\t\t\t\t<\/div>\n\t\t\t\t\t<\/div>\n\t\t\t\t<\/div>\n\t\t\t\t\t<\/div>\n\t\t\t\t<\/div>\n\t\t<div class=\"elementor-element elementor-element-9fc4554 e-flex e-con-boxed e-con e-child\" data-id=\"9fc4554\" data-element_type=\"container\" data-e-type=\"container\" data-settings=\"{&quot;_ha_eqh_enable&quot;:false}\">\n\t\t\t\t\t<div class=\"e-con-inner\">\n\t\t<div class=\"elementor-element elementor-element-a413c83 e-flex e-con-boxed e-con e-child\" data-id=\"a413c83\" data-element_type=\"container\" data-e-type=\"container\" data-settings=\"{&quot;_ha_eqh_enable&quot;:false}\">\n\t\t\t\t\t<div class=\"e-con-inner\">\n\t\t\t\t<div class=\"elementor-element elementor-element-95bf0b5 elementor-widget elementor-widget-text-editor\" data-id=\"95bf0b5\" data-element_type=\"widget\" data-e-type=\"widget\" data-widget_type=\"text-editor.default\">\n\t\t\t\t<div class=\"elementor-widget-container\">\n\t\t\t\t\t\t\t\t\t<p>Las soluciones CryptoFlow de Certes son los primeros productos del sector que combinan la flexibilidad y la potencia de las redes virtualizadas con la tecnolog\u00eda criptogr\u00e1fica m\u00e1s segura. Con las soluciones CryptoFlow de Certes, las empresas y los proveedores de servicios pueden crear VPN de nueva generaci\u00f3n sin t\u00fanel, multipunto y multicapa que protegen el tr\u00e1fico de cualquier aplicaci\u00f3n en cualquier red (Next Generation VPN). Las redes CryptoFlow-VPN protegen el tr\u00e1fico de datos en entornos LAN, WAN, Internet, virtuales y en la nube. Certes CryptoFlow-VPN puede configurarse en segundos, gracias a una interfaz point-and-click extremadamente sencilla para crear pol\u00edticas de seguridad.<\/p><\/p>\n\t\t\t\t\t\t\t\t<\/div>\n\t\t\t\t<\/div>\n\t\t\t\t<div class=\"elementor-element elementor-element-9366874 elementor-widget elementor-widget-button\" data-id=\"9366874\" data-element_type=\"widget\" data-e-type=\"widget\" data-widget_type=\"button.default\">\n\t\t\t\t<div class=\"elementor-widget-container\">\n\t\t\t\t\t\t\t\t\t<div class=\"elementor-button-wrapper\">\n\t\t\t\t\t<a class=\"elementor-button elementor-button-link elementor-size-sm\" href=\"#\">\n\t\t\t\t\t\t<span class=\"elementor-button-content-wrapper\">\n\t\t\t\t\t\t\t\t\t<span class=\"elementor-button-text\">M\u00e1s informaci\u00f3n<\/span>\n\t\t\t\t\t<\/span>\n\t\t\t\t\t<\/a>\n\t\t\t\t<\/div>\n\t\t\t\t\t\t\t\t<\/div>\n\t\t\t\t<\/div>\n\t\t\t\t\t<\/div>\n\t\t\t\t<\/div>\n\t\t<div class=\"elementor-element elementor-element-6c6b9cd e-flex e-con-boxed e-con e-child\" data-id=\"6c6b9cd\" data-element_type=\"container\" data-e-type=\"container\" data-settings=\"{&quot;_ha_eqh_enable&quot;:false}\">\n\t\t\t\t\t<div class=\"e-con-inner\">\n\t\t\t\t<div class=\"elementor-element elementor-element-36119b9 elementor-widget elementor-widget-image\" data-id=\"36119b9\" data-element_type=\"widget\" data-e-type=\"widget\" data-widget_type=\"image.default\">\n\t\t\t\t<div class=\"elementor-widget-container\">\n\t\t\t\t\t\t\t\t\t\t\t\t\t\t\t<img loading=\"lazy\" decoding=\"async\" width=\"768\" height=\"247\" src=\"https:\/\/ramsdata.com.pl\/wp-content\/uploads\/2024\/03\/certes-networks-logo-768x247.png-1.webp\" class=\"attachment-full size-full wp-image-14444\" alt=\"\" srcset=\"https:\/\/ramsdata.com.pl\/wp-content\/uploads\/2024\/03\/certes-networks-logo-768x247.png-1.webp 768w, https:\/\/ramsdata.com.pl\/wp-content\/uploads\/2024\/03\/certes-networks-logo-768x247.png-1-300x96.webp 300w\" sizes=\"(max-width: 768px) 100vw, 768px\" \/>\t\t\t\t\t\t\t\t\t\t\t\t\t\t\t<\/div>\n\t\t\t\t<\/div>\n\t\t\t\t\t<\/div>\n\t\t\t\t<\/div>\n\t\t\t\t\t<\/div>\n\t\t\t\t<\/div>\n\t\t<div class=\"elementor-element elementor-element-f1e7b8b e-flex e-con-boxed e-con e-child\" data-id=\"f1e7b8b\" data-element_type=\"container\" data-e-type=\"container\" data-settings=\"{&quot;_ha_eqh_enable&quot;:false}\">\n\t\t\t\t\t<div class=\"e-con-inner\">\n\t\t<div class=\"elementor-element elementor-element-17c555f e-flex e-con-boxed e-con e-child\" data-id=\"17c555f\" data-element_type=\"container\" data-e-type=\"container\" data-settings=\"{&quot;_ha_eqh_enable&quot;:false}\">\n\t\t\t\t\t<div class=\"e-con-inner\">\n\t\t\t\t<div class=\"elementor-element elementor-element-d25ac86 elementor-widget elementor-widget-image\" data-id=\"d25ac86\" data-element_type=\"widget\" data-e-type=\"widget\" data-widget_type=\"image.default\">\n\t\t\t\t<div class=\"elementor-widget-container\">\n\t\t\t\t\t\t\t\t\t\t\t\t\t\t\t<img loading=\"lazy\" decoding=\"async\" width=\"213\" height=\"200\" src=\"https:\/\/ramsdata.com.pl\/wp-content\/uploads\/2024\/03\/producenci_f5.png.webp\" class=\"attachment-full size-full wp-image-14449\" alt=\"\" \/>\t\t\t\t\t\t\t\t\t\t\t\t\t\t\t<\/div>\n\t\t\t\t<\/div>\n\t\t\t\t\t<\/div>\n\t\t\t\t<\/div>\n\t\t<div class=\"elementor-element elementor-element-cf1ca81 e-flex e-con-boxed e-con e-child\" data-id=\"cf1ca81\" data-element_type=\"container\" data-e-type=\"container\" data-settings=\"{&quot;_ha_eqh_enable&quot;:false}\">\n\t\t\t\t\t<div class=\"e-con-inner\">\n\t\t\t\t<div class=\"elementor-element elementor-element-e8c2c1e elementor-widget elementor-widget-text-editor\" data-id=\"e8c2c1e\" data-element_type=\"widget\" data-e-type=\"widget\" data-widget_type=\"text-editor.default\">\n\t\t\t\t<div class=\"elementor-widget-container\">\n\t\t\t\t\t\t\t\t\t<p>Las amenazas m\u00e1s peligrosas para la infraestructura inform\u00e1tica est\u00e1n relacionadas con los ataques dirigidos a las vulnerabilidades de las aplicaciones. Las medidas de seguridad convencionales, como los cortafuegos y los sistemas de detecci\u00f3n de intrusos, tienen grandes dificultades para detectar este tipo de intrusiones.<br \/>Application Security Manager (ASM) ofrece protecci\u00f3n total para aplicaciones Web y servicios basados en XML. El uso de un cortafuegos de aplicaciones proporciona a los clientes grandes ventajas, entre ellas: protecci\u00f3n contra ataques a aplicaciones, cumplimiento de normativas (por ejemplo, PCI DSS) y superaci\u00f3n de auditor\u00edas de seguridad sin interferir en el c\u00f3digo de las aplicaciones.<\/p><\/p>\n\t\t\t\t\t\t\t\t<\/div>\n\t\t\t\t<\/div>\n\t\t\t\t<div class=\"elementor-element elementor-element-77efd0a elementor-widget elementor-widget-button\" data-id=\"77efd0a\" data-element_type=\"widget\" data-e-type=\"widget\" data-widget_type=\"button.default\">\n\t\t\t\t<div class=\"elementor-widget-container\">\n\t\t\t\t\t\t\t\t\t<div class=\"elementor-button-wrapper\">\n\t\t\t\t\t<a class=\"elementor-button elementor-button-link elementor-size-sm\" href=\"#\">\n\t\t\t\t\t\t<span class=\"elementor-button-content-wrapper\">\n\t\t\t\t\t\t\t\t\t<span class=\"elementor-button-text\">M\u00e1s informaci\u00f3n<\/span>\n\t\t\t\t\t<\/span>\n\t\t\t\t\t<\/a>\n\t\t\t\t<\/div>\n\t\t\t\t\t\t\t\t<\/div>\n\t\t\t\t<\/div>\n\t\t\t\t\t<\/div>\n\t\t\t\t<\/div>\n\t\t\t\t\t<\/div>\n\t\t\t\t<\/div>\n\t\t\t\t\t<\/div>\n\t\t\t\t<\/div>\n\t\t\t\t<\/div>\n\t\t","protected":false},"excerpt":{"rendered":"<p>TECNOLOG\u00cdAS Prevenci\u00f3n de la transmisi\u00f3n de archivos maliciosos para aplicaciones web que eluden las cajas de arena y las soluciones de detecci\u00f3n de malware individuales. Desactivaci\u00f3n y reconstrucci\u00f3n profunda de contenidos (Deep CDR): Desarme m\u00e1s de 90 tipos de archivos populares y reconstruya cada archivo, proporcionando plena usabilidad con contenido seguro. Escanee con m\u00e1s de [&hellip;]<\/p>\n","protected":false},"author":1,"featured_media":0,"parent":15110,"menu_order":0,"comment_status":"closed","ping_status":"closed","template":"","meta":{"_acf_changed":false,"om_disable_all_campaigns":false,"_monsterinsights_skip_tracking":false,"_monsterinsights_sitenote_active":false,"_monsterinsights_sitenote_note":"","_monsterinsights_sitenote_category":0,"_uf_show_specific_survey":0,"_uf_disable_surveys":false,"footnotes":""},"class_list":["post-15751","page","type-page","status-publish","hentry"],"acf":[],"aioseo_notices":[],"_links":{"self":[{"href":"https:\/\/ramsdata.com.pl\/es\/wp-json\/wp\/v2\/pages\/15751","targetHints":{"allow":["GET"]}}],"collection":[{"href":"https:\/\/ramsdata.com.pl\/es\/wp-json\/wp\/v2\/pages"}],"about":[{"href":"https:\/\/ramsdata.com.pl\/es\/wp-json\/wp\/v2\/types\/page"}],"author":[{"embeddable":true,"href":"https:\/\/ramsdata.com.pl\/es\/wp-json\/wp\/v2\/users\/1"}],"replies":[{"embeddable":true,"href":"https:\/\/ramsdata.com.pl\/es\/wp-json\/wp\/v2\/comments?post=15751"}],"version-history":[{"count":1,"href":"https:\/\/ramsdata.com.pl\/es\/wp-json\/wp\/v2\/pages\/15751\/revisions"}],"predecessor-version":[{"id":15756,"href":"https:\/\/ramsdata.com.pl\/es\/wp-json\/wp\/v2\/pages\/15751\/revisions\/15756"}],"up":[{"embeddable":true,"href":"https:\/\/ramsdata.com.pl\/es\/wp-json\/wp\/v2\/pages\/15110"}],"wp:attachment":[{"href":"https:\/\/ramsdata.com.pl\/es\/wp-json\/wp\/v2\/media?parent=15751"}],"curies":[{"name":"wp","href":"https:\/\/api.w.org\/{rel}","templated":true}]}}