{"id":15630,"date":"2024-03-04T07:56:20","date_gmt":"2024-03-04T07:56:20","guid":{"rendered":"https:\/\/ramsdata.com.pl\/oferta\/tecnologias\/seguridad-web-de-proxima-generacion\/"},"modified":"2025-06-19T02:59:29","modified_gmt":"2025-06-19T02:59:29","slug":"seguridad-web-de-proxima-generacion","status":"publish","type":"page","link":"https:\/\/ramsdata.com.pl\/es\/oferta\/tecnologias\/seguridad-web-de-proxima-generacion\/","title":{"rendered":"Seguridad web de pr\u00f3xima generaci\u00f3n"},"content":{"rendered":"\t\t<div data-elementor-type=\"wp-page\" data-elementor-id=\"15630\" class=\"elementor elementor-15630 elementor-11378\" data-elementor-settings=\"{&quot;ha_cmc_init_switcher&quot;:&quot;no&quot;}\" data-elementor-post-type=\"page\">\n\t\t\t\t<div class=\"elementor-element elementor-element-5156a531 e-flex e-con-boxed e-con e-parent\" data-id=\"5156a531\" data-element_type=\"container\" data-e-type=\"container\" data-settings=\"{&quot;background_background&quot;:&quot;classic&quot;,&quot;_ha_eqh_enable&quot;:false}\">\n\t\t\t\t\t<div class=\"e-con-inner\">\n\t\t<div class=\"elementor-element elementor-element-2c16f8d2 e-con-full e-flex elementor-invisible e-con e-child\" data-id=\"2c16f8d2\" data-element_type=\"container\" data-e-type=\"container\" data-settings=\"{&quot;animation&quot;:&quot;fadeInDown&quot;,&quot;_ha_eqh_enable&quot;:false}\">\n\t\t\t\t<div class=\"elementor-element elementor-element-275eeb4a elementor-widget elementor-widget-heading\" data-id=\"275eeb4a\" data-element_type=\"widget\" data-e-type=\"widget\" data-widget_type=\"heading.default\">\n\t\t\t\t<div class=\"elementor-widget-container\">\n\t\t\t\t\t<h2 class=\"elementor-heading-title elementor-size-default\">SEGURIDAD WEB\nNUEVA GENERACI\u00d3N\n<\/h2>\t\t\t\t<\/div>\n\t\t\t\t<\/div>\n\t\t\t\t<\/div>\n\t\t\t\t\t<\/div>\n\t\t\t\t<\/div>\n\t\t<div class=\"elementor-element elementor-element-6ae0a117 e-flex e-con-boxed e-con e-parent\" data-id=\"6ae0a117\" data-element_type=\"container\" data-e-type=\"container\" data-settings=\"{&quot;_ha_eqh_enable&quot;:false}\">\n\t\t\t\t\t<div class=\"e-con-inner\">\n\t\t<div class=\"elementor-element elementor-element-1f211f5c e-con-full e-flex e-con e-child\" data-id=\"1f211f5c\" data-element_type=\"container\" data-e-type=\"container\" data-settings=\"{&quot;_ha_eqh_enable&quot;:false}\">\n\t\t\t\t<div class=\"elementor-element elementor-element-d0e8a02 elementor-widget elementor-widget-image\" data-id=\"d0e8a02\" data-element_type=\"widget\" data-e-type=\"widget\" data-widget_type=\"image.default\">\n\t\t\t\t<div class=\"elementor-widget-container\">\n\t\t\t\t\t\t\t\t\t\t\t\t\t\t\t<img decoding=\"async\" width=\"213\" height=\"200\" src=\"https:\/\/ramsdata.com.pl\/wp-content\/uploads\/2024\/03\/producenci_f5.png.webp\" class=\"attachment-large size-large wp-image-14449\" alt=\"\" \/>\t\t\t\t\t\t\t\t\t\t\t\t\t\t\t<\/div>\n\t\t\t\t<\/div>\n\t\t\t\t<\/div>\n\t\t<div class=\"elementor-element elementor-element-6959c1e1 e-con-full e-flex e-con e-child\" data-id=\"6959c1e1\" data-element_type=\"container\" data-e-type=\"container\" data-settings=\"{&quot;_ha_eqh_enable&quot;:false}\">\n\t\t\t\t<div class=\"elementor-element elementor-element-5c1f92c elementor-widget elementor-widget-heading\" data-id=\"5c1f92c\" data-element_type=\"widget\" data-e-type=\"widget\" data-widget_type=\"heading.default\">\n\t\t\t\t<div class=\"elementor-widget-container\">\n\t\t\t\t\t<h2 class=\"elementor-heading-title elementor-size-default\">Gestor de seguridad de aplicaciones BIG-IP<\/h2>\t\t\t\t<\/div>\n\t\t\t\t<\/div>\n\t\t\t\t<div class=\"elementor-element elementor-element-92f0f23 elementor-widget__width-initial elementor-widget elementor-widget-text-editor\" data-id=\"92f0f23\" data-element_type=\"widget\" data-e-type=\"widget\" data-widget_type=\"text-editor.default\">\n\t\t\t\t<div class=\"elementor-widget-container\">\n\t\t\t\t\t\t\t\t\t<p>Las amenazas m\u00e1s peligrosas para la infraestructura inform\u00e1tica est\u00e1n relacionadas con los ataques dirigidos a las vulnerabilidades de las aplicaciones. Las medidas de seguridad convencionales, como los cortafuegos y los sistemas de detecci\u00f3n de intrusos, tienen grandes dificultades para detectar este tipo de intrusi\u00f3n.<br>Application Security Manager (ASM) ofrece protecci\u00f3n total para las aplicaciones Web y los servicios basados en XML. El uso de un cortafuegos de aplicaciones ofrece a los clientes grandes ventajas, como: protecci\u00f3n contra ataques a las aplicaciones, cumplimiento de la normativa (por ejemplo, PCI DSS) y superaci\u00f3n de auditor\u00edas de seguridad sin interferir en el c\u00f3digo de las aplicaciones.<\/p><p>Un enfoque autoadaptativo de la protecci\u00f3n de las aplicaciones Web permite crear y mantener una pol\u00edtica de seguridad basada en la observaci\u00f3n de los patrones de tr\u00e1fico, por lo que se utiliza un modelo de seguridad positiva. Se rechaza cualquier tr\u00e1fico que no cumpla la pol\u00edtica creada, protegiendo as\u00ed los recursos de la empresa no s\u00f3lo de los tipos de ataque conocidos, sino tambi\u00e9n de los desconocidos. Una segunda gran ventaja de este enfoque es que minimiza el tiempo administrativo necesario para configurar el sistema ASM.<br>Application Security Manager est\u00e1 disponible como sistema independiente y como m\u00f3dulo de licencia para la familia de dispositivos BIG-IP.<\/p><p>Bas\u00e1ndose en su amplia experiencia en el desarrollo de soluciones Application Delivery Controller, F5 Networks propone una combinaci\u00f3n de alta seguridad y disponibilidad de aplicaciones para proteger las infraestructuras de servidores y centros de datos.<\/p>\t\t\t\t\t\t\t\t<\/div>\n\t\t\t\t<\/div>\n\t\t\t\t<div class=\"elementor-element elementor-element-7a9a9ad elementor-widget elementor-widget-heading\" data-id=\"7a9a9ad\" data-element_type=\"widget\" data-e-type=\"widget\" data-widget_type=\"heading.default\">\n\t\t\t\t<div class=\"elementor-widget-container\">\n\t\t\t\t\t<h2 class=\"elementor-heading-title elementor-size-default\">BIG-IP AFM (Administrador de cortafuegos de aplicaciones)<\/h2>\t\t\t\t<\/div>\n\t\t\t\t<\/div>\n\t\t\t\t<div class=\"elementor-element elementor-element-5ce7345 elementor-widget__width-initial elementor-widget elementor-widget-text-editor\" data-id=\"5ce7345\" data-element_type=\"widget\" data-e-type=\"widget\" data-widget_type=\"text-editor.default\">\n\t\t\t\t<div class=\"elementor-widget-container\">\n\t\t\t\t\t\t\t\t\t<p>constituye el n\u00facleo de la soluci\u00f3n F5 &#8211; Application Delivery Firewall, que combina un cortafuegos con gesti\u00f3n de tr\u00e1fico, seguridad de aplicaciones, gesti\u00f3n de acceso de usuarios y seguridad DNS. Al consolidar las funciones de seguridad de varios m\u00f3dulos BIG-IP en una \u00fanica plataforma, se reduce la complejidad de la gesti\u00f3n al tiempo que se mantienen un alto rendimiento y escalabilidad.<br>A diferencia de los cortafuegos tradicionales, el BIG-IP AFM est\u00e1 construido sobre una arquitectura de proxy completo, lo que significa que las conexiones entrantes se inspeccionan y comprueban completamente en busca de amenazas, y en el siguiente paso se reenv\u00edan al servidor adecuado. En sentido inverso, en el caso de la comunicaci\u00f3n servidor-cliente, mediante el uso de un proxy junto con el AFM, es posible comprobar los datos para protegerse contra la filtraci\u00f3n de informaci\u00f3n sensible, como n\u00fameros de tarjetas de cr\u00e9dito o de la seguridad social.<\/p><p>El AFM de F5 facilita una serie de funcionalidades relacionadas con la seguridad que ya estaban disponibles anteriormente en BIG-IP, pero cuya implementaci\u00f3n implicaba, por ejemplo, la creaci\u00f3n de reglas apropiadas (iRule).<\/p><p>Una caracter\u00edstica especial del F5 AFM es que las reglas de seguridad se asignan a un servidor virtual en particular (Servidor Virtual) &#8211; de modo que antes de permitir que el tr\u00e1fico entre en el recurso al que est\u00e1 asignado el servidor virtual, se comprueba su seguridad mediante una serie de reglas predefinidas. Tambi\u00e9n cabe destacar el m\u00f3dulo mejorado de informes y registro, que proporciona estad\u00edsticas e informaci\u00f3n sobre todos los intentos de infringir las normas de seguridad.<\/p>\t\t\t\t\t\t\t\t<\/div>\n\t\t\t\t<\/div>\n\t\t\t\t<div class=\"elementor-element elementor-element-6b15544 elementor-widget elementor-widget-heading\" data-id=\"6b15544\" data-element_type=\"widget\" data-e-type=\"widget\" data-widget_type=\"heading.default\">\n\t\t\t\t<div class=\"elementor-widget-container\">\n\t\t\t\t\t<h2 class=\"elementor-heading-title elementor-size-default\">Acelerador Web BIG-IP  <\/h2>\t\t\t\t<\/div>\n\t\t\t\t<\/div>\n\t\t\t\t<div class=\"elementor-element elementor-element-988ee0a elementor-widget__width-initial elementor-widget elementor-widget-text-editor\" data-id=\"988ee0a\" data-element_type=\"widget\" data-e-type=\"widget\" data-widget_type=\"text-editor.default\">\n\t\t\t\t<div class=\"elementor-widget-container\">\n\t\t\t\t\t\t\t\t\t<p>ofrece funciones para optimizar el rendimiento y eliminar los problemas de los navegadores web, las plataformas de aplicaciones o la latencia de la WAN. El uso de un \u00fanico sistema WA puede suponer un aumento del rendimiento de las aplicaciones de entre 2 y 10 veces gracias, entre otras cosas, al uso de mecanismos: control din\u00e1mico de contenidos, SSL Offload, referenciaci\u00f3n inteligente entre navegadores, compresi\u00f3n din\u00e1mica y almacenamiento en cach\u00e9, gesti\u00f3n del ancho de banda y mucho m\u00e1s.<\/p>\t\t\t\t\t\t\t\t<\/div>\n\t\t\t\t<\/div>\n\t\t\t\t<\/div>\n\t\t\t\t\t<\/div>\n\t\t\t\t<\/div>\n\t\t<div class=\"elementor-element elementor-element-5508f05 e-flex e-con-boxed e-con e-parent\" data-id=\"5508f05\" data-element_type=\"container\" data-e-type=\"container\" data-settings=\"{&quot;_ha_eqh_enable&quot;:false}\">\n\t\t\t\t\t<div class=\"e-con-inner\">\n\t\t<div class=\"elementor-element elementor-element-0b3e4b4 e-con-full e-flex e-con e-child\" data-id=\"0b3e4b4\" data-element_type=\"container\" data-e-type=\"container\" data-settings=\"{&quot;_ha_eqh_enable&quot;:false}\">\n\t\t\t\t<div class=\"elementor-element elementor-element-1014469 elementor-widget elementor-widget-image\" data-id=\"1014469\" data-element_type=\"widget\" data-e-type=\"widget\" data-widget_type=\"image.default\">\n\t\t\t\t<div class=\"elementor-widget-container\">\n\t\t\t\t\t\t\t\t\t\t\t\t\t\t\t<img decoding=\"async\" width=\"300\" height=\"54\" src=\"https:\/\/ramsdata.com.pl\/wp-content\/uploads\/2024\/03\/OPSWAT_Logo_CMYKwhite-300x54.png.webp\" class=\"attachment-large size-large wp-image-14049\" alt=\"\" \/>\t\t\t\t\t\t\t\t\t\t\t\t\t\t\t<\/div>\n\t\t\t\t<\/div>\n\t\t\t\t<\/div>\n\t\t<div class=\"elementor-element elementor-element-924c3f1 e-con-full e-flex e-con e-child\" data-id=\"924c3f1\" data-element_type=\"container\" data-e-type=\"container\" data-settings=\"{&quot;_ha_eqh_enable&quot;:false}\">\n\t\t\t\t<div class=\"elementor-element elementor-element-1703332 elementor-widget elementor-widget-heading\" data-id=\"1703332\" data-element_type=\"widget\" data-e-type=\"widget\" data-widget_type=\"heading.default\">\n\t\t\t\t<div class=\"elementor-widget-container\">\n\t\t\t\t\t<h2 class=\"elementor-heading-title elementor-size-default\">Servidor ICAP de MetaDefender<\/h2>\t\t\t\t<\/div>\n\t\t\t\t<\/div>\n\t\t\t\t<div class=\"elementor-element elementor-element-c5f8fa8 elementor-widget__width-initial elementor-widget elementor-widget-text-editor\" data-id=\"c5f8fa8\" data-element_type=\"widget\" data-e-type=\"widget\" data-widget_type=\"text-editor.default\">\n\t\t\t\t<div class=\"elementor-widget-container\">\n\t\t\t\t\t\t\t\t\t<p>MetaDefender ICAP Server utiliza el Protocolo de Adaptaci\u00f3n de Contenido de Internet (ICAP) para integrarse con dispositivos de red para proteger contra amenazas avanzadas en el tr\u00e1fico de red y dispositivos de almacenamiento. Utiliza el escaneado m\u00faltiple, el escaneado de vulnerabilidades y la limpieza de datos l\u00edderes del sector, tambi\u00e9n conocidos como \u00abdesarme y reconstrucci\u00f3n de contenidos\u00bb (CDR). Adem\u00e1s, realiza evaluaciones de vulnerabilidad y prevenci\u00f3n de p\u00e9rdida de datos (DLP).<\/p>\t\t\t\t\t\t\t\t<\/div>\n\t\t\t\t<\/div>\n\t\t\t\t<div class=\"elementor-element elementor-element-3c51b9d elementor-widget elementor-widget-heading\" data-id=\"3c51b9d\" data-element_type=\"widget\" data-e-type=\"widget\" data-widget_type=\"heading.default\">\n\t\t\t\t<div class=\"elementor-widget-container\">\n\t\t\t\t\t<h2 class=\"elementor-heading-title elementor-size-default\">Proteger los proxies inversos\n\n<\/h2>\t\t\t\t<\/div>\n\t\t\t\t<\/div>\n\t\t\t\t<div class=\"elementor-element elementor-element-c112047 elementor-widget__width-initial elementor-widget elementor-widget-text-editor\" data-id=\"c112047\" data-element_type=\"widget\" data-e-type=\"widget\" data-widget_type=\"text-editor.default\">\n\t\t\t\t<div class=\"elementor-widget-container\">\n\t\t\t\t\t\t\t\t\t<p>Mediante la integraci\u00f3n del servidor ICAP de MetaDefender con los denominados Con proxies inversos como loadbalancers, controladores de aplicaciones y firewalls (WAFs) podemos elevar el estado de seguridad de la aplicaci\u00f3n al m\u00e1ximo nivel. Con ICAP, todas las aplicaciones detr\u00e1s del dispositivo de red est\u00e1n protegidas. Juntos, F5 y OPSWAT ofrecen una soluci\u00f3n de seguridad convincente e integrada para reducir la superficie de ataque de las aplicaciones y la seguridad de la red.<\/p><p>La plataforma de ciberseguridad MetaDefender de OPSWAT analiza los archivos con m\u00e1s de 30 motores antivirus l\u00edderes, adem\u00e1s de limpiar los datos (Desarme y Reconstrucci\u00f3n). La plataforma F5 BIG-IP es una evoluci\u00f3n inteligente de la tecnolog\u00eda de controladores de aplicaciones. Ofrece la inteligencia superior que necesitan los administradores para garantizar que las aplicaciones est\u00e9n disponibles de forma r\u00e1pida y segura.<\/p>\t\t\t\t\t\t\t\t<\/div>\n\t\t\t\t<\/div>\n\t\t\t\t<div class=\"elementor-element elementor-element-f20eae1 elementor-widget elementor-widget-heading\" data-id=\"f20eae1\" data-element_type=\"widget\" data-e-type=\"widget\" data-widget_type=\"heading.default\">\n\t\t\t\t<div class=\"elementor-widget-container\">\n\t\t\t\t\t<h2 class=\"elementor-heading-title elementor-size-default\">Soluciones conjuntas<\/h2>\t\t\t\t<\/div>\n\t\t\t\t<\/div>\n\t\t\t\t<div class=\"elementor-element elementor-element-29583ba elementor-widget elementor-widget-image\" data-id=\"29583ba\" data-element_type=\"widget\" data-e-type=\"widget\" data-widget_type=\"image.default\">\n\t\t\t\t<div class=\"elementor-widget-container\">\n\t\t\t\t\t\t\t\t\t\t\t\t\t\t\t<img fetchpriority=\"high\" decoding=\"async\" width=\"800\" height=\"567\" src=\"https:\/\/ramsdata.com.pl\/wp-content\/uploads\/2024\/03\/shema-1024x542-1.jpg\" class=\"attachment-large size-large wp-image-14554\" alt=\"\" srcset=\"https:\/\/ramsdata.com.pl\/wp-content\/uploads\/2024\/03\/shema-1024x542-1.jpg 1024w, https:\/\/ramsdata.com.pl\/wp-content\/uploads\/2024\/03\/shema-1024x542-1-300x213.jpg 300w, https:\/\/ramsdata.com.pl\/wp-content\/uploads\/2024\/03\/shema-1024x542-1-768x545.jpg 768w\" sizes=\"(max-width: 800px) 100vw, 800px\" \/>\t\t\t\t\t\t\t\t\t\t\t\t\t\t\t<\/div>\n\t\t\t\t<\/div>\n\t\t\t\t<\/div>\n\t\t\t\t\t<\/div>\n\t\t\t\t<\/div>\n\t\t\t\t<\/div>\n\t\t","protected":false},"excerpt":{"rendered":"<p>SEGURIDAD WEB NUEVA GENERACI\u00d3N Gestor de seguridad de aplicaciones BIG-IP Las amenazas m\u00e1s peligrosas para la infraestructura inform\u00e1tica est\u00e1n relacionadas con los ataques dirigidos a las vulnerabilidades de las aplicaciones. Las medidas de seguridad convencionales, como los cortafuegos y los sistemas de detecci\u00f3n de intrusos, tienen grandes dificultades para detectar este tipo de intrusi\u00f3n.Application Security [&hellip;]<\/p>\n","protected":false},"author":1,"featured_media":0,"parent":15624,"menu_order":0,"comment_status":"closed","ping_status":"closed","template":"","meta":{"_acf_changed":false,"om_disable_all_campaigns":false,"_monsterinsights_skip_tracking":false,"_monsterinsights_sitenote_active":false,"_monsterinsights_sitenote_note":"","_monsterinsights_sitenote_category":0,"_uf_show_specific_survey":0,"_uf_disable_surveys":false,"footnotes":""},"class_list":["post-15630","page","type-page","status-publish","hentry"],"acf":[],"aioseo_notices":[],"_links":{"self":[{"href":"https:\/\/ramsdata.com.pl\/es\/wp-json\/wp\/v2\/pages\/15630","targetHints":{"allow":["GET"]}}],"collection":[{"href":"https:\/\/ramsdata.com.pl\/es\/wp-json\/wp\/v2\/pages"}],"about":[{"href":"https:\/\/ramsdata.com.pl\/es\/wp-json\/wp\/v2\/types\/page"}],"author":[{"embeddable":true,"href":"https:\/\/ramsdata.com.pl\/es\/wp-json\/wp\/v2\/users\/1"}],"replies":[{"embeddable":true,"href":"https:\/\/ramsdata.com.pl\/es\/wp-json\/wp\/v2\/comments?post=15630"}],"version-history":[{"count":2,"href":"https:\/\/ramsdata.com.pl\/es\/wp-json\/wp\/v2\/pages\/15630\/revisions"}],"predecessor-version":[{"id":38953,"href":"https:\/\/ramsdata.com.pl\/es\/wp-json\/wp\/v2\/pages\/15630\/revisions\/38953"}],"up":[{"embeddable":true,"href":"https:\/\/ramsdata.com.pl\/es\/wp-json\/wp\/v2\/pages\/15624"}],"wp:attachment":[{"href":"https:\/\/ramsdata.com.pl\/es\/wp-json\/wp\/v2\/media?parent=15630"}],"curies":[{"name":"wp","href":"https:\/\/api.w.org\/{rel}","templated":true}]}}