{"id":15628,"date":"2024-03-04T07:48:56","date_gmt":"2024-03-04T07:48:56","guid":{"rendered":"https:\/\/ramsdata.com.pl\/oferta\/tecnologias\/redes-aisladas-y-funcionamiento-de-equipos-moviles\/"},"modified":"2025-06-19T02:51:48","modified_gmt":"2025-06-19T02:51:48","slug":"redes-aisladas-y-funcionamiento-de-equipos-moviles","status":"publish","type":"page","link":"https:\/\/ramsdata.com.pl\/es\/oferta\/tecnologias\/redes-aisladas-y-funcionamiento-de-equipos-moviles\/","title":{"rendered":"Redes aisladas y funcionamiento de equipos m\u00f3viles"},"content":{"rendered":"\t\t<div data-elementor-type=\"wp-page\" data-elementor-id=\"15628\" class=\"elementor elementor-15628 elementor-11372\" data-elementor-settings=\"{&quot;ha_cmc_init_switcher&quot;:&quot;no&quot;}\" data-elementor-post-type=\"page\">\n\t\t\t\t<div class=\"elementor-element elementor-element-4ea0dd35 e-flex e-con-boxed e-con e-parent\" data-id=\"4ea0dd35\" data-element_type=\"container\" data-e-type=\"container\" data-settings=\"{&quot;background_background&quot;:&quot;classic&quot;,&quot;_ha_eqh_enable&quot;:false}\">\n\t\t\t\t\t<div class=\"e-con-inner\">\n\t\t<div class=\"elementor-element elementor-element-23964c6 e-con-full e-flex elementor-invisible e-con e-child\" data-id=\"23964c6\" data-element_type=\"container\" data-e-type=\"container\" data-settings=\"{&quot;animation&quot;:&quot;fadeInDown&quot;,&quot;_ha_eqh_enable&quot;:false}\">\n\t\t\t\t<div class=\"elementor-element elementor-element-55a4624 elementor-widget elementor-widget-heading\" data-id=\"55a4624\" data-element_type=\"widget\" data-e-type=\"widget\" data-widget_type=\"heading.default\">\n\t\t\t\t<div class=\"elementor-widget-container\">\n\t\t\t\t\t<h2 class=\"elementor-heading-title elementor-size-default\">REDES AISLADAS Y COMPATIBILIDAD CON DISPOSITIVOS M\u00d3VILES<\/h2>\t\t\t\t<\/div>\n\t\t\t\t<\/div>\n\t\t\t\t<\/div>\n\t\t\t\t\t<\/div>\n\t\t\t\t<\/div>\n\t\t<div class=\"elementor-element elementor-element-c22c62c e-flex e-con-boxed e-con e-parent\" data-id=\"c22c62c\" data-element_type=\"container\" data-e-type=\"container\" data-settings=\"{&quot;_ha_eqh_enable&quot;:false}\">\n\t\t\t\t\t<div class=\"e-con-inner\">\n\t\t<div class=\"elementor-element elementor-element-70990d2 e-con-full e-flex e-con e-child\" data-id=\"70990d2\" data-element_type=\"container\" data-e-type=\"container\" data-settings=\"{&quot;_ha_eqh_enable&quot;:false}\">\n\t\t\t\t<div class=\"elementor-element elementor-element-37efed69 elementor-widget elementor-widget-image\" data-id=\"37efed69\" data-element_type=\"widget\" data-e-type=\"widget\" data-widget_type=\"image.default\">\n\t\t\t\t<div class=\"elementor-widget-container\">\n\t\t\t\t\t\t\t\t\t\t\t\t\t\t\t<img decoding=\"async\" width=\"300\" height=\"54\" src=\"https:\/\/ramsdata.com.pl\/wp-content\/uploads\/2024\/03\/OPSWAT_Logo_CMYKwhite-300x54.png.webp\" class=\"attachment-full size-full wp-image-14049\" alt=\"\" \/>\t\t\t\t\t\t\t\t\t\t\t\t\t\t\t<\/div>\n\t\t\t\t<\/div>\n\t\t\t\t<\/div>\n\t\t<div class=\"elementor-element elementor-element-16cd334 e-con-full e-flex e-con e-child\" data-id=\"16cd334\" data-element_type=\"container\" data-e-type=\"container\" data-settings=\"{&quot;_ha_eqh_enable&quot;:false}\">\n\t\t\t\t<div class=\"elementor-element elementor-element-1e8b22d0 elementor-widget__width-initial elementor-widget elementor-widget-text-editor\" data-id=\"1e8b22d0\" data-element_type=\"widget\" data-e-type=\"widget\" data-widget_type=\"text-editor.default\">\n\t\t\t\t<div class=\"elementor-widget-container\">\n\t\t\t\t\t\t\t\t\t<p>Las redes cr\u00edticas plantean un reto especial a los profesionales de la seguridad porque est\u00e1n aisladas y sin acceso a Internet, por lo que son vulnerables a los ataques de medios m\u00f3viles y tecnolog\u00edas similares de transferencia de archivos. OPSWAT ofrece un proceso seguro de extremo a extremo para transferir archivos hacia y desde redes aisladas. La soluci\u00f3n se utiliza ampliamente en las industrias manufacturera, energ\u00e9tica, gubernamental, bancaria, farmac\u00e9utica y del entretenimiento.<\/p><p> <\/p>\t\t\t\t\t\t\t\t<\/div>\n\t\t\t\t<\/div>\n\t\t\t\t<\/div>\n\t\t\t\t\t<\/div>\n\t\t\t\t<\/div>\n\t\t<div class=\"elementor-element elementor-element-1adac568 e-flex e-con-boxed e-con e-parent\" data-id=\"1adac568\" data-element_type=\"container\" data-e-type=\"container\" data-settings=\"{&quot;background_background&quot;:&quot;classic&quot;,&quot;_ha_eqh_enable&quot;:false}\">\n\t\t\t\t\t<div class=\"e-con-inner\">\n\t\t<div class=\"elementor-element elementor-element-2f67083c e-flex e-con-boxed elementor-invisible e-con e-child\" data-id=\"2f67083c\" data-element_type=\"container\" data-e-type=\"container\" data-settings=\"{&quot;animation&quot;:&quot;fadeInDown&quot;,&quot;_ha_eqh_enable&quot;:false}\">\n\t\t\t\t\t<div class=\"e-con-inner\">\n\t\t\t\t<div class=\"elementor-element elementor-element-167b0e1 elementor-widget elementor-widget-heading\" data-id=\"167b0e1\" data-element_type=\"widget\" data-e-type=\"widget\" data-widget_type=\"heading.default\">\n\t\t\t\t<div class=\"elementor-widget-container\">\n\t\t\t\t\t<h2 class=\"elementor-heading-title elementor-size-default\">seguridad en redes aisladas y exploraci\u00f3n de medios m\u00f3viles\n<\/h2>\t\t\t\t<\/div>\n\t\t\t\t<\/div>\n\t\t\t\t\t<\/div>\n\t\t\t\t<\/div>\n\t\t<div class=\"elementor-element elementor-element-6db51e2c e-flex e-con-boxed elementor-invisible e-con e-child\" data-id=\"6db51e2c\" data-element_type=\"container\" data-e-type=\"container\" data-settings=\"{&quot;animation&quot;:&quot;fadeIn&quot;,&quot;animation_delay&quot;:200,&quot;_ha_eqh_enable&quot;:false}\">\n\t\t\t\t\t<div class=\"e-con-inner\">\n\t\t\t\t<div class=\"elementor-element elementor-element-4e77f34 elementor-widget elementor-widget-text-editor\" data-id=\"4e77f34\" data-element_type=\"widget\" data-e-type=\"widget\" data-widget_type=\"text-editor.default\">\n\t\t\t\t<div class=\"elementor-widget-container\">\n\t\t\t\t\t\t\t\t\t<p>Los soportes port\u00e1tiles (como unidades USB, CD\/DVD, etc.) ofrecen a los ciberdelincuentes otra forma de acceder a un sistema. Una forma conocida fue el gusano Stuxnet, que se propag\u00f3 a trav\u00e9s de una unidad USB infectada. Ampliamente utilizado, Metadefender garantiza que todos los dispositivos port\u00e1tiles que traen los empleados, contratistas o proveedores se escanean primero utilizando varios motores antivirus, as\u00ed como CDR y VUL, y que est\u00e1n libres de virus antes de dejarlos para trabajar en una red segura.<br>Metadefender puede instalarse en una red o quiosco y utilizarse como punto de control para proteger contra amenazas procedentes de medios port\u00e1tiles, evitando la posibilidad de que se produzcan filtraciones de datos por esta v\u00eda.<\/p><p>Metadefender Kiosko <a href=\"https:\/\/ramsdata.com.pl\/es\/opswat\/productos\/metaacceso-ot\/\">y la<\/a> Transferencia Segura de Archivos (SFT\/Vault) ofrecen un proceso seguro para transferir datos hacia y desde redes aisladas (sin acceso a Internet) desde soportes f\u00edsicos como unidades USB, CD <a href=\"https:\/\/ramsdata.com.pl\/opswat\/technologien\/?lang=de\">y<\/a> DVD, tarjetas de memoria flash, etc. Kiosko puede escanear todos los soportes f\u00edsicos port\u00e1tiles, aisl\u00e1ndolos as\u00ed de la red antes de utilizarlos. Cuando el usuario introduce el soporte, Metadefender Kiosk lo escanea en busca de malware y vulnerabilidades de seguridad.<br>Si no se encuentran amenazas, los datos se transfieren por diodos a una red segura donde se almacenan temporalmente en el servidor SFT\/Vault. Los usuarios pueden acceder a los datos iniciando sesi\u00f3n en el servidor.<br>Kiosk tambi\u00e9n ofrece un sistema completo de autenticaci\u00f3n y registro.   Metadefender Kiosk puede desplegarse en entornos de red conectados o no a Internet (incluidas redes aisladas). OPSWAT ofrece varios m\u00e9todos para enviar actualizaciones de firmas antimalware sin conexi\u00f3n al servidor de Metadefender. Adem\u00e1s, hay disponibles varias opciones de hardware Metadefender Kiosk.<\/p>\t\t\t\t\t\t\t\t<\/div>\n\t\t\t\t<\/div>\n\t\t\t\t\t<\/div>\n\t\t\t\t<\/div>\n\t\t\t\t\t<\/div>\n\t\t\t\t<\/div>\n\t\t<div class=\"elementor-element elementor-element-2eaf699c e-flex e-con-boxed e-con e-parent\" data-id=\"2eaf699c\" data-element_type=\"container\" data-e-type=\"container\" data-settings=\"{&quot;background_background&quot;:&quot;classic&quot;,&quot;_ha_eqh_enable&quot;:false}\">\n\t\t\t\t\t<div class=\"e-con-inner\">\n\t\t<div class=\"elementor-element elementor-element-63b9b765 e-con-full e-flex elementor-invisible e-con e-child\" data-id=\"63b9b765\" data-element_type=\"container\" data-e-type=\"container\" data-settings=\"{&quot;animation&quot;:&quot;fadeInLeft&quot;,&quot;_ha_eqh_enable&quot;:false}\">\n\t\t\t\t<div class=\"elementor-element elementor-element-25e6197d elementor-widget elementor-widget-heading\" data-id=\"25e6197d\" data-element_type=\"widget\" data-e-type=\"widget\" data-widget_type=\"heading.default\">\n\t\t\t\t<div class=\"elementor-widget-container\">\n\t\t\t\t\t<h2 class=\"elementor-heading-title elementor-size-default\">b\u00f3veda de metadefender<\/h2>\t\t\t\t<\/div>\n\t\t\t\t<\/div>\n\t\t\t\t<div class=\"elementor-element elementor-element-6c0c9159 elementor-widget elementor-widget-text-editor\" data-id=\"6c0c9159\" data-element_type=\"widget\" data-e-type=\"widget\" data-widget_type=\"text-editor.default\">\n\t\t\t\t<div class=\"elementor-widget-container\">\n\t\t\t\t\t\t\t\t\t<p>MetaDefender Vault es un almacenamiento de red protegido que puede residir en cualquier lugar de la red y se puede utilizar con MetaDefender Kiosk para almacenar los archivos almacenados. Esta tecnolog\u00eda permite transferir archivos seguros a c\u00e1maras de red aisladas sin necesidad de trasladar soportes port\u00e1tiles a las instalaciones. Los visitantes y usuarios pueden acceder a todos los archivos certificados y verificados desde MetaDefender Vault, dejando todas las unidades USB en el per\u00edmetro. Los puntos de control en redes aisladas pueden crearse estrat\u00e9gicamente para proporcionar visibilidad, auditar y prevenir el malware cuando sea necesario.<\/p>\t\t\t\t\t\t\t\t<\/div>\n\t\t\t\t<\/div>\n\t\t\t\t<\/div>\n\t\t<div class=\"elementor-element elementor-element-361eb5a9 e-con-full e-flex e-con e-child\" data-id=\"361eb5a9\" data-element_type=\"container\" data-e-type=\"container\" data-settings=\"{&quot;_ha_eqh_enable&quot;:false}\">\n\t\t<div class=\"elementor-element elementor-element-5a7428af e-con-full e-flex elementor-invisible e-con e-child\" data-id=\"5a7428af\" data-element_type=\"container\" data-e-type=\"container\" data-settings=\"{&quot;background_background&quot;:&quot;gradient&quot;,&quot;animation&quot;:&quot;fadeInUp&quot;,&quot;_ha_eqh_enable&quot;:false}\">\n\t\t\t\t<div class=\"elementor-element elementor-element-08e9083 elementor-widget elementor-widget-image\" data-id=\"08e9083\" data-element_type=\"widget\" data-e-type=\"widget\" data-widget_type=\"image.default\">\n\t\t\t\t<div class=\"elementor-widget-container\">\n\t\t\t\t\t\t\t\t\t\t\t\t\t\t\t<img fetchpriority=\"high\" decoding=\"async\" width=\"495\" height=\"1024\" src=\"https:\/\/ramsdata.com.pl\/wp-content\/uploads\/2024\/03\/K3000-495x1024.webp\" class=\"attachment-large size-large wp-image-14479\" alt=\"\" srcset=\"https:\/\/ramsdata.com.pl\/wp-content\/uploads\/2024\/03\/K3000-495x1024.webp 495w, https:\/\/ramsdata.com.pl\/wp-content\/uploads\/2024\/03\/K3000-145x300.webp 145w, https:\/\/ramsdata.com.pl\/wp-content\/uploads\/2024\/03\/K3000-768x1589.webp 768w, https:\/\/ramsdata.com.pl\/wp-content\/uploads\/2024\/03\/K3000-743x1536.webp 743w, https:\/\/ramsdata.com.pl\/wp-content\/uploads\/2024\/03\/K3000-990x2048.webp 990w, https:\/\/ramsdata.com.pl\/wp-content\/uploads\/2024\/03\/K3000.webp 1049w\" sizes=\"(max-width: 495px) 100vw, 495px\" \/>\t\t\t\t\t\t\t\t\t\t\t\t\t\t\t<\/div>\n\t\t\t\t<\/div>\n\t\t\t\t<\/div>\n\t\t\t\t<\/div>\n\t\t\t\t\t<\/div>\n\t\t\t\t<\/div>\n\t\t<div class=\"elementor-element elementor-element-9a3073c e-flex e-con-boxed e-con e-parent\" data-id=\"9a3073c\" data-element_type=\"container\" data-e-type=\"container\" data-settings=\"{&quot;background_background&quot;:&quot;classic&quot;,&quot;_ha_eqh_enable&quot;:false}\">\n\t\t\t\t\t<div class=\"e-con-inner\">\n\t\t<div class=\"elementor-element elementor-element-d891369 e-con-full e-flex e-con e-child\" data-id=\"d891369\" data-element_type=\"container\" data-e-type=\"container\" data-settings=\"{&quot;_ha_eqh_enable&quot;:false}\">\n\t\t\t\t<div class=\"elementor-element elementor-element-b4303de elementor-widget elementor-widget-image\" data-id=\"b4303de\" data-element_type=\"widget\" data-e-type=\"widget\" data-widget_type=\"image.default\">\n\t\t\t\t<div class=\"elementor-widget-container\">\n\t\t\t\t\t\t\t\t\t\t\t\t\t\t\t<img decoding=\"async\" width=\"768\" height=\"608\" src=\"https:\/\/ramsdata.com.pl\/wp-content\/uploads\/2024\/03\/vault_screenshot_02-768x608.png-1.webp\" class=\"attachment-large size-large wp-image-14489\" alt=\"\" srcset=\"https:\/\/ramsdata.com.pl\/wp-content\/uploads\/2024\/03\/vault_screenshot_02-768x608.png-1.webp 768w, https:\/\/ramsdata.com.pl\/wp-content\/uploads\/2024\/03\/vault_screenshot_02-768x608.png-1-300x238.webp 300w\" sizes=\"(max-width: 768px) 100vw, 768px\" \/>\t\t\t\t\t\t\t\t\t\t\t\t\t\t\t<\/div>\n\t\t\t\t<\/div>\n\t\t\t\t<\/div>\n\t\t<div class=\"elementor-element elementor-element-934e8ee e-con-full e-flex elementor-invisible e-con e-child\" data-id=\"934e8ee\" data-element_type=\"container\" data-e-type=\"container\" data-settings=\"{&quot;animation&quot;:&quot;fadeInLeft&quot;,&quot;_ha_eqh_enable&quot;:false}\">\n\t\t\t\t<div class=\"elementor-element elementor-element-2f44b44 elementor-widget elementor-widget-heading\" data-id=\"2f44b44\" data-element_type=\"widget\" data-e-type=\"widget\" data-widget_type=\"heading.default\">\n\t\t\t\t<div class=\"elementor-widget-container\">\n\t\t\t\t\t<h2 class=\"elementor-heading-title elementor-size-default\">b\u00f3veda de metadefender\n<\/h2>\t\t\t\t<\/div>\n\t\t\t\t<\/div>\n\t\t\t\t<div class=\"elementor-element elementor-element-b8da4a0 elementor-widget elementor-widget-text-editor\" data-id=\"b8da4a0\" data-element_type=\"widget\" data-e-type=\"widget\" data-widget_type=\"text-editor.default\">\n\t\t\t\t<div class=\"elementor-widget-container\">\n\t\t\t\t\t\t\t\t\t<p>MetaDefender Vault es un almacenamiento de red protegido que puede residir en cualquier lugar de la red y se puede utilizar con MetaDefender Kiosk para almacenar los archivos almacenados. Esta tecnolog\u00eda permite transferir archivos seguros a c\u00e1maras de red aisladas sin necesidad de trasladar soportes port\u00e1tiles a las instalaciones. Los visitantes y usuarios pueden acceder a todos los archivos certificados y verificados desde MetaDefender Vault, dejando todas las unidades USB en el per\u00edmetro. Los puntos de control en redes aisladas pueden crearse estrat\u00e9gicamente para proporcionar visibilidad, auditar y prevenir el malware cuando sea necesario.<\/p>\t\t\t\t\t\t\t\t<\/div>\n\t\t\t\t<\/div>\n\t\t\t\t<div class=\"elementor-element elementor-element-77ad0a9 elementor-widget elementor-widget-image\" data-id=\"77ad0a9\" data-element_type=\"widget\" data-e-type=\"widget\" data-widget_type=\"image.default\">\n\t\t\t\t<div class=\"elementor-widget-container\">\n\t\t\t\t\t\t\t\t\t\t\t\t\t\t\t<img loading=\"lazy\" decoding=\"async\" width=\"800\" height=\"291\" src=\"https:\/\/ramsdata.com.pl\/wp-content\/uploads\/2024\/03\/img-1.png.webp\" class=\"attachment-large size-large wp-image-14494\" alt=\"\" srcset=\"https:\/\/ramsdata.com.pl\/wp-content\/uploads\/2024\/03\/img-1.png.webp 845w, https:\/\/ramsdata.com.pl\/wp-content\/uploads\/2024\/03\/img-1.png-300x109.webp 300w, https:\/\/ramsdata.com.pl\/wp-content\/uploads\/2024\/03\/img-1.png-768x279.webp 768w\" sizes=\"(max-width: 800px) 100vw, 800px\" \/>\t\t\t\t\t\t\t\t\t\t\t\t\t\t\t<\/div>\n\t\t\t\t<\/div>\n\t\t\t\t<\/div>\n\t\t\t\t\t<\/div>\n\t\t\t\t<\/div>\n\t\t\t\t<\/div>\n\t\t","protected":false},"excerpt":{"rendered":"<p>REDES AISLADAS Y COMPATIBILIDAD CON DISPOSITIVOS M\u00d3VILES Las redes cr\u00edticas plantean un reto especial a los profesionales de la seguridad porque est\u00e1n aisladas y sin acceso a Internet, por lo que son vulnerables a los ataques de medios m\u00f3viles y tecnolog\u00edas similares de transferencia de archivos. OPSWAT ofrece un proceso seguro de extremo a extremo [&hellip;]<\/p>\n","protected":false},"author":1,"featured_media":0,"parent":15624,"menu_order":0,"comment_status":"closed","ping_status":"closed","template":"","meta":{"_acf_changed":false,"om_disable_all_campaigns":false,"_monsterinsights_skip_tracking":false,"_monsterinsights_sitenote_active":false,"_monsterinsights_sitenote_note":"","_monsterinsights_sitenote_category":0,"_uf_show_specific_survey":0,"_uf_disable_surveys":false,"footnotes":""},"class_list":["post-15628","page","type-page","status-publish","hentry"],"acf":[],"aioseo_notices":[],"_links":{"self":[{"href":"https:\/\/ramsdata.com.pl\/es\/wp-json\/wp\/v2\/pages\/15628","targetHints":{"allow":["GET"]}}],"collection":[{"href":"https:\/\/ramsdata.com.pl\/es\/wp-json\/wp\/v2\/pages"}],"about":[{"href":"https:\/\/ramsdata.com.pl\/es\/wp-json\/wp\/v2\/types\/page"}],"author":[{"embeddable":true,"href":"https:\/\/ramsdata.com.pl\/es\/wp-json\/wp\/v2\/users\/1"}],"replies":[{"embeddable":true,"href":"https:\/\/ramsdata.com.pl\/es\/wp-json\/wp\/v2\/comments?post=15628"}],"version-history":[{"count":5,"href":"https:\/\/ramsdata.com.pl\/es\/wp-json\/wp\/v2\/pages\/15628\/revisions"}],"predecessor-version":[{"id":38937,"href":"https:\/\/ramsdata.com.pl\/es\/wp-json\/wp\/v2\/pages\/15628\/revisions\/38937"}],"up":[{"embeddable":true,"href":"https:\/\/ramsdata.com.pl\/es\/wp-json\/wp\/v2\/pages\/15624"}],"wp:attachment":[{"href":"https:\/\/ramsdata.com.pl\/es\/wp-json\/wp\/v2\/media?parent=15628"}],"curies":[{"name":"wp","href":"https:\/\/api.w.org\/{rel}","templated":true}]}}