{"id":15624,"date":"2024-03-04T07:35:21","date_gmt":"2024-03-04T07:35:21","guid":{"rendered":"https:\/\/ramsdata.com.pl\/oferta\/tecnologias\/"},"modified":"2025-09-01T19:31:47","modified_gmt":"2025-09-01T19:31:47","slug":"tecnologias","status":"publish","type":"page","link":"https:\/\/ramsdata.com.pl\/es\/oferta\/tecnologias\/","title":{"rendered":"Tecnolog\u00edas"},"content":{"rendered":"\t\t<div data-elementor-type=\"wp-page\" data-elementor-id=\"15624\" class=\"elementor elementor-15624 elementor-11325\" data-elementor-settings=\"{&quot;ha_cmc_init_switcher&quot;:&quot;no&quot;}\" data-elementor-post-type=\"page\">\n\t\t\t\t<div class=\"elementor-element elementor-element-e788dd1 e-flex e-con-boxed e-con e-parent\" data-id=\"e788dd1\" data-element_type=\"container\" data-e-type=\"container\" data-settings=\"{&quot;background_background&quot;:&quot;classic&quot;,&quot;_ha_eqh_enable&quot;:false}\">\n\t\t\t\t\t<div class=\"e-con-inner\">\n\t\t<div class=\"elementor-element elementor-element-8a9a5bf e-con-full e-flex elementor-invisible e-con e-child\" data-id=\"8a9a5bf\" data-element_type=\"container\" data-e-type=\"container\" data-settings=\"{&quot;animation&quot;:&quot;fadeInDown&quot;,&quot;_ha_eqh_enable&quot;:false}\">\n\t\t\t\t<div class=\"elementor-element elementor-element-3ab9d8a elementor-widget elementor-widget-heading\" data-id=\"3ab9d8a\" data-element_type=\"widget\" data-e-type=\"widget\" data-widget_type=\"heading.default\">\n\t\t\t\t<div class=\"elementor-widget-container\">\n\t\t\t\t\t<h2 class=\"elementor-heading-title elementor-size-default\">TECNOLOG\u00cdAS<\/h2>\t\t\t\t<\/div>\n\t\t\t\t<\/div>\n\t\t\t\t<\/div>\n\t\t\t\t\t<\/div>\n\t\t\t\t<\/div>\n\t\t<div class=\"elementor-element elementor-element-c870ad5 e-flex e-con-boxed e-con e-parent\" data-id=\"c870ad5\" data-element_type=\"container\" data-e-type=\"container\" data-settings=\"{&quot;_ha_eqh_enable&quot;:false}\">\n\t\t\t\t\t<div class=\"e-con-inner\">\n\t\t<div class=\"elementor-element elementor-element-9aa0ab3 e-con-full e-flex e-con e-child\" data-id=\"9aa0ab3\" data-element_type=\"container\" data-e-type=\"container\" data-settings=\"{&quot;_ha_eqh_enable&quot;:false}\">\n\t\t<div class=\"elementor-element elementor-element-0cbb482 e-flex e-con-boxed e-con e-child\" data-id=\"0cbb482\" data-element_type=\"container\" data-e-type=\"container\" data-settings=\"{&quot;_ha_eqh_enable&quot;:false}\">\n\t\t\t\t\t<div class=\"e-con-inner\">\n\t\t\t\t<div class=\"elementor-element elementor-element-fcc634d elementor-widget elementor-widget-text-editor\" data-id=\"fcc634d\" data-element_type=\"widget\" data-e-type=\"widget\" data-widget_type=\"text-editor.default\">\n\t\t\t\t<div class=\"elementor-widget-container\">\n\t\t\t\t\t\t\t\t\t<p><strong data-start=\"1000\" data-end=\"1010\">Gimmal<\/strong> lleva m\u00e1s de 20 a\u00f1os ayudando a las organizaciones a tomar el control de uno de sus activos m\u00e1s valiosos: la informaci\u00f3n. La empresa proporciona software y m\u00e9todos para permitir el descubrimiento, la migraci\u00f3n, la gesti\u00f3n y el cumplimiento sin fisuras de los datos, ayudando a reducir el riesgo de incumplimientos normativos y a aumentar la eficacia empresarial. Las soluciones de Gimmal est\u00e1n dise\u00f1adas para funcionar con la infraestructura inform\u00e1tica existente y tener un impacto m\u00ednimo en los procesos cotidianos. Con la experiencia adquirida desde 2002 y asociaciones tecnol\u00f3gicas con empresas como <strong data-start=\"1587\" data-end=\"1600\">Microsoft<\/strong> y <strong data-start=\"1603\" data-end=\"1610\">SAP<\/strong>, Gimmal act\u00faa como asesor de confianza para ayudar a seleccionar la mejor estrategia de gesti\u00f3n de la informaci\u00f3n. El objetivo de la empresa es crear sistemas preparados para el futuro, que permitan utilizar los recursos actuales y migrar de plataformas obsoletas a soluciones modernas y flexibles.    <\/p>\t\t\t\t\t\t\t\t<\/div>\n\t\t\t\t<\/div>\n\t\t\t\t<div class=\"elementor-element elementor-element-bda98c9 elementor-align-center elementor-widget elementor-widget-button\" data-id=\"bda98c9\" data-element_type=\"widget\" data-e-type=\"widget\" data-widget_type=\"button.default\">\n\t\t\t\t<div class=\"elementor-widget-container\">\n\t\t\t\t\t\t\t\t\t<div class=\"elementor-button-wrapper\">\n\t\t\t\t\t<a class=\"elementor-button elementor-button-link elementor-size-sm\" href=\"https:\/\/ramsdata.com.pl\/es\/pongase-en-contacto-con\/\">\n\t\t\t\t\t\t<span class=\"elementor-button-content-wrapper\">\n\t\t\t\t\t\t\t\t\t<span class=\"elementor-button-text\">M\u00e1s informaci\u00f3n<\/span>\n\t\t\t\t\t<\/span>\n\t\t\t\t\t<\/a>\n\t\t\t\t<\/div>\n\t\t\t\t\t\t\t\t<\/div>\n\t\t\t\t<\/div>\n\t\t\t\t\t<\/div>\n\t\t\t\t<\/div>\n\t\t<div class=\"elementor-element elementor-element-60a9484 e-flex e-con-boxed e-con e-child\" data-id=\"60a9484\" data-element_type=\"container\" data-e-type=\"container\" data-settings=\"{&quot;_ha_eqh_enable&quot;:false}\">\n\t\t\t\t\t<div class=\"e-con-inner\">\n\t\t\t\t<div class=\"elementor-element elementor-element-0a1d8ba elementor-widget elementor-widget-image\" data-id=\"0a1d8ba\" data-element_type=\"widget\" data-e-type=\"widget\" data-widget_type=\"image.default\">\n\t\t\t\t<div class=\"elementor-widget-container\">\n\t\t\t\t\t\t\t\t\t\t\t\t\t\t\t<img fetchpriority=\"high\" decoding=\"async\" width=\"1100\" height=\"800\" src=\"https:\/\/ramsdata.com.pl\/wp-content\/uploads\/2025\/08\/floweb-4.png\" class=\"attachment-full size-full wp-image-39508\" alt=\"\" srcset=\"https:\/\/ramsdata.com.pl\/wp-content\/uploads\/2025\/08\/floweb-4.png 1100w, https:\/\/ramsdata.com.pl\/wp-content\/uploads\/2025\/08\/floweb-4-300x218.png 300w, https:\/\/ramsdata.com.pl\/wp-content\/uploads\/2025\/08\/floweb-4-1024x745.png 1024w, https:\/\/ramsdata.com.pl\/wp-content\/uploads\/2025\/08\/floweb-4-768x559.png 768w\" sizes=\"(max-width: 1100px) 100vw, 1100px\" \/>\t\t\t\t\t\t\t\t\t\t\t\t\t\t\t<\/div>\n\t\t\t\t<\/div>\n\t\t\t\t\t<\/div>\n\t\t\t\t<\/div>\n\t\t\t\t<\/div>\n\t\t<div class=\"elementor-element elementor-element-6a3051c e-flex e-con-boxed e-con e-child\" data-id=\"6a3051c\" data-element_type=\"container\" data-e-type=\"container\" data-settings=\"{&quot;_ha_eqh_enable&quot;:false}\">\n\t\t\t\t\t<div class=\"e-con-inner\">\n\t\t<div class=\"elementor-element elementor-element-9625086 e-flex e-con-boxed e-con e-child\" data-id=\"9625086\" data-element_type=\"container\" data-e-type=\"container\" data-settings=\"{&quot;_ha_eqh_enable&quot;:false}\">\n\t\t\t\t\t<div class=\"e-con-inner\">\n\t\t\t\t<div class=\"elementor-element elementor-element-613aef3 elementor-widget elementor-widget-image\" data-id=\"613aef3\" data-element_type=\"widget\" data-e-type=\"widget\" data-widget_type=\"image.default\">\n\t\t\t\t<div class=\"elementor-widget-container\">\n\t\t\t\t\t\t\t\t\t\t\t\t\t\t\t<img decoding=\"async\" width=\"374\" height=\"200\" src=\"https:\/\/ramsdata.com.pl\/wp-content\/uploads\/2024\/03\/producenci_paloalto.png-1.webp\" class=\"attachment-full size-full wp-image-14394\" alt=\"\" srcset=\"https:\/\/ramsdata.com.pl\/wp-content\/uploads\/2024\/03\/producenci_paloalto.png-1.webp 374w, https:\/\/ramsdata.com.pl\/wp-content\/uploads\/2024\/03\/producenci_paloalto.png-1-300x160.webp 300w\" sizes=\"(max-width: 374px) 100vw, 374px\" \/>\t\t\t\t\t\t\t\t\t\t\t\t\t\t\t<\/div>\n\t\t\t\t<\/div>\n\t\t\t\t\t<\/div>\n\t\t\t\t<\/div>\n\t\t<div class=\"elementor-element elementor-element-7bce5d1 e-flex e-con-boxed e-con e-child\" data-id=\"7bce5d1\" data-element_type=\"container\" data-e-type=\"container\" data-settings=\"{&quot;_ha_eqh_enable&quot;:false}\">\n\t\t\t\t\t<div class=\"e-con-inner\">\n\t\t\t\t<div class=\"elementor-element elementor-element-5c01751 elementor-widget elementor-widget-text-editor\" data-id=\"5c01751\" data-element_type=\"widget\" data-e-type=\"widget\" data-widget_type=\"text-editor.default\">\n\t\t\t\t<div class=\"elementor-widget-container\">\n\t\t\t\t\t\t\t\t\t<p>Prevenci\u00f3n de la transmisi\u00f3n de archivos maliciosos para aplicaciones web que eluden las cajas de arena y las soluciones de detecci\u00f3n de malware individuales.<\/p><p>Desactivaci\u00f3n y reconstrucci\u00f3n profunda de contenidos (Deep CDR): Desarme m\u00e1s de 90 tipos de archivos populares y reconstruya cada archivo, proporcionando plena usabilidad con contenido seguro.<\/p><p>Escanee con m\u00e1s de 20 motores de protecci\u00f3n contra malware que utilizan firmas, heur\u00edstica y tecnolog\u00eda de aprendizaje autom\u00e1tico para detectar amenazas conocidas y desconocidas lo antes posible y de la forma m\u00e1s eficaz.<\/p>\t\t\t\t\t\t\t\t<\/div>\n\t\t\t\t<\/div>\n\t\t\t\t<div class=\"elementor-element elementor-element-b6a6903 elementor-align-center elementor-widget elementor-widget-button\" data-id=\"b6a6903\" data-element_type=\"widget\" data-e-type=\"widget\" data-widget_type=\"button.default\">\n\t\t\t\t<div class=\"elementor-widget-container\">\n\t\t\t\t\t\t\t\t\t<div class=\"elementor-button-wrapper\">\n\t\t\t\t\t<a class=\"elementor-button elementor-button-link elementor-size-sm\" href=\"https:\/\/ramsdata.com.pl\/es\/pongase-en-contacto-con\/\">\n\t\t\t\t\t\t<span class=\"elementor-button-content-wrapper\">\n\t\t\t\t\t\t\t\t\t<span class=\"elementor-button-text\">M\u00e1s informaci\u00f3n<\/span>\n\t\t\t\t\t<\/span>\n\t\t\t\t\t<\/a>\n\t\t\t\t<\/div>\n\t\t\t\t\t\t\t\t<\/div>\n\t\t\t\t<\/div>\n\t\t\t\t\t<\/div>\n\t\t\t\t<\/div>\n\t\t\t\t\t<\/div>\n\t\t\t\t<\/div>\n\t\t<div class=\"elementor-element elementor-element-f4b05c3 e-flex e-con-boxed e-con e-child\" data-id=\"f4b05c3\" data-element_type=\"container\" data-e-type=\"container\" data-settings=\"{&quot;_ha_eqh_enable&quot;:false}\">\n\t\t\t\t\t<div class=\"e-con-inner\">\n\t\t<div class=\"elementor-element elementor-element-6d8b085 e-flex e-con-boxed e-con e-child\" data-id=\"6d8b085\" data-element_type=\"container\" data-e-type=\"container\" data-settings=\"{&quot;_ha_eqh_enable&quot;:false}\">\n\t\t\t\t\t<div class=\"e-con-inner\">\n\t\t\t\t<div class=\"elementor-element elementor-element-55ce699 elementor-widget elementor-widget-text-editor\" data-id=\"55ce699\" data-element_type=\"widget\" data-e-type=\"widget\" data-widget_type=\"text-editor.default\">\n\t\t\t\t<div class=\"elementor-widget-container\">\n\t\t\t\t\t\t\t\t\t<p><strong data-start=\"938\" data-end=\"949\">Checkmk<\/strong> es una completa soluci\u00f3n de supervisi\u00f3n de aplicaciones, servidores y redes, creada en colaboraci\u00f3n con los usuarios y desarrollada a lo largo de los a\u00f1os para satisfacer las necesidades tanto de los administradores como de los equipos DevOps. Combina la facilidad de uso con un rendimiento suficiente para los entornos inform\u00e1ticos m\u00e1s complejos, permitiendo una supervisi\u00f3n completa de la infraestructura h\u00edbrida y una resoluci\u00f3n de problemas m\u00e1s r\u00e1pida para evitar tiempos de inactividad o fallos imprevistos. El software est\u00e1 disponible en varias variantes: <strong data-start=\"1576\" data-end=\"1591\">Checkmk<\/strong> <strong data-start=\"1450\" data-end=\"1472\">Enterprise<\/strong>, <strong data-start=\"1474\" data-end=\"1526\">Checkmk Enterprise para grupos y servicios gestionados<\/strong>, <strong data-start=\"1528\" data-end=\"1570\">Checkmk Cloud (autoalojado)<\/strong> y <strong data-start=\"1576\" data-end=\"1591\">Checkmk MSP<\/strong>. Cada una de ellas puede complementarse con soporte t\u00e9cnico (Pro o Avanzado), as\u00ed como con extensiones como la <strong data-start=\"1704\" data-end=\"1733\">monitorizaci\u00f3n sint\u00e9tica<\/strong> (m\u00ednimo 10 pruebas al a\u00f1o ampliables), la <strong data-start=\"1790\" data-end=\"1810\" data-is-only-node=\"\">integraci\u00f3n virt1<\/strong> (virtual appliance) o <strong data-start=\"1838\" data-end=\"1846\">ntop<\/strong>. De este modo, Checkmk ofrece un enfoque flexible y escalable de la supervisi\u00f3n para adaptarse a distintos modelos de despliegue y tama\u00f1os de infraestructura.    <\/p>\t\t\t\t\t\t\t\t<\/div>\n\t\t\t\t<\/div>\n\t\t\t\t<div class=\"elementor-element elementor-element-7295189 elementor-align-center elementor-widget elementor-widget-button\" data-id=\"7295189\" data-element_type=\"widget\" data-e-type=\"widget\" data-widget_type=\"button.default\">\n\t\t\t\t<div class=\"elementor-widget-container\">\n\t\t\t\t\t\t\t\t\t<div class=\"elementor-button-wrapper\">\n\t\t\t\t\t<a class=\"elementor-button elementor-button-link elementor-size-sm\" href=\"https:\/\/ramsdata.com.pl\/es\/pongase-en-contacto-con\/\">\n\t\t\t\t\t\t<span class=\"elementor-button-content-wrapper\">\n\t\t\t\t\t\t\t\t\t<span class=\"elementor-button-text\">M\u00e1s informaci\u00f3n<\/span>\n\t\t\t\t\t<\/span>\n\t\t\t\t\t<\/a>\n\t\t\t\t<\/div>\n\t\t\t\t\t\t\t\t<\/div>\n\t\t\t\t<\/div>\n\t\t\t\t\t<\/div>\n\t\t\t\t<\/div>\n\t\t<div class=\"elementor-element elementor-element-573e3ae e-flex e-con-boxed e-con e-child\" data-id=\"573e3ae\" data-element_type=\"container\" data-e-type=\"container\" data-settings=\"{&quot;_ha_eqh_enable&quot;:false}\">\n\t\t\t\t\t<div class=\"e-con-inner\">\n\t\t\t\t<div class=\"elementor-element elementor-element-ea18a79 elementor-widget elementor-widget-image\" data-id=\"ea18a79\" data-element_type=\"widget\" data-e-type=\"widget\" data-widget_type=\"image.default\">\n\t\t\t\t<div class=\"elementor-widget-container\">\n\t\t\t\t\t\t\t\t\t\t\t\t\t\t\t<img decoding=\"async\" width=\"2001\" height=\"1001\" src=\"https:\/\/ramsdata.com.pl\/wp-content\/uploads\/2025\/08\/checkmk_logo.png\" class=\"attachment-full size-full wp-image-39495\" alt=\"\" srcset=\"https:\/\/ramsdata.com.pl\/wp-content\/uploads\/2025\/08\/checkmk_logo.png 2001w, https:\/\/ramsdata.com.pl\/wp-content\/uploads\/2025\/08\/checkmk_logo-300x150.png 300w, https:\/\/ramsdata.com.pl\/wp-content\/uploads\/2025\/08\/checkmk_logo-1024x512.png 1024w, https:\/\/ramsdata.com.pl\/wp-content\/uploads\/2025\/08\/checkmk_logo-768x384.png 768w, https:\/\/ramsdata.com.pl\/wp-content\/uploads\/2025\/08\/checkmk_logo-1536x768.png 1536w\" sizes=\"(max-width: 2001px) 100vw, 2001px\" \/>\t\t\t\t\t\t\t\t\t\t\t\t\t\t\t<\/div>\n\t\t\t\t<\/div>\n\t\t\t\t\t<\/div>\n\t\t\t\t<\/div>\n\t\t\t\t\t<\/div>\n\t\t\t\t<\/div>\n\t\t<div class=\"elementor-element elementor-element-5d592dc e-flex e-con-boxed e-con e-child\" data-id=\"5d592dc\" data-element_type=\"container\" data-e-type=\"container\" data-settings=\"{&quot;_ha_eqh_enable&quot;:false}\">\n\t\t\t\t\t<div class=\"e-con-inner\">\n\t\t<div class=\"elementor-element elementor-element-05e3376 e-flex e-con-boxed e-con e-child\" data-id=\"05e3376\" data-element_type=\"container\" data-e-type=\"container\" data-settings=\"{&quot;_ha_eqh_enable&quot;:false}\">\n\t\t\t\t\t<div class=\"e-con-inner\">\n\t\t\t\t<div class=\"elementor-element elementor-element-24dda6f elementor-widget elementor-widget-image\" data-id=\"24dda6f\" data-element_type=\"widget\" data-e-type=\"widget\" data-widget_type=\"image.default\">\n\t\t\t\t<div class=\"elementor-widget-container\">\n\t\t\t\t\t\t\t\t\t\t\t\t\t\t\t<img loading=\"lazy\" decoding=\"async\" width=\"768\" height=\"139\" src=\"https:\/\/ramsdata.com.pl\/wp-content\/uploads\/2024\/03\/OPSWAT_Logo_CMYKwhite-768x139.png.webp\" class=\"attachment-full size-full wp-image-13024\" alt=\"\" srcset=\"https:\/\/ramsdata.com.pl\/wp-content\/uploads\/2024\/03\/OPSWAT_Logo_CMYKwhite-768x139.png.webp 768w, https:\/\/ramsdata.com.pl\/wp-content\/uploads\/2024\/03\/OPSWAT_Logo_CMYKwhite-768x139.png-300x54.webp 300w\" sizes=\"(max-width: 768px) 100vw, 768px\" \/>\t\t\t\t\t\t\t\t\t\t\t\t\t\t\t<\/div>\n\t\t\t\t<\/div>\n\t\t\t\t\t<\/div>\n\t\t\t\t<\/div>\n\t\t<div class=\"elementor-element elementor-element-f2d641a e-flex e-con-boxed e-con e-child\" data-id=\"f2d641a\" data-element_type=\"container\" data-e-type=\"container\" data-settings=\"{&quot;_ha_eqh_enable&quot;:false}\">\n\t\t\t\t\t<div class=\"e-con-inner\">\n\t\t\t\t<div class=\"elementor-element elementor-element-647d4d6 elementor-widget elementor-widget-text-editor\" data-id=\"647d4d6\" data-element_type=\"widget\" data-e-type=\"widget\" data-widget_type=\"text-editor.default\">\n\t\t\t\t<div class=\"elementor-widget-container\">\n\t\t\t\t\t\t\t\t\t<p>Las redes cr\u00edticas plantean un reto especial a los profesionales de la seguridad porque est\u00e1n aisladas y sin acceso a Internet, por lo que son vulnerables a los ataques de medios m\u00f3viles y tecnolog\u00edas similares de transferencia de archivos. OPSWAT ofrece un proceso seguro de extremo a extremo para transferir archivos hacia y desde redes aisladas. La soluci\u00f3n se utiliza ampliamente en las industrias manufacturera, energ\u00e9tica, gubernamental, bancaria, farmac\u00e9utica y del entretenimiento.<\/p><p> <\/p>\t\t\t\t\t\t\t\t<\/div>\n\t\t\t\t<\/div>\n\t\t\t\t<div class=\"elementor-element elementor-element-a0610c6 elementor-align-center elementor-widget elementor-widget-button\" data-id=\"a0610c6\" data-element_type=\"widget\" data-e-type=\"widget\" data-widget_type=\"button.default\">\n\t\t\t\t<div class=\"elementor-widget-container\">\n\t\t\t\t\t\t\t\t\t<div class=\"elementor-button-wrapper\">\n\t\t\t\t\t<a class=\"elementor-button elementor-button-link elementor-size-sm\" href=\"https:\/\/ramsdata.com.pl\/es\/pongase-en-contacto-con\/\">\n\t\t\t\t\t\t<span class=\"elementor-button-content-wrapper\">\n\t\t\t\t\t\t\t\t\t<span class=\"elementor-button-text\">M\u00e1s informaci\u00f3n<\/span>\n\t\t\t\t\t<\/span>\n\t\t\t\t\t<\/a>\n\t\t\t\t<\/div>\n\t\t\t\t\t\t\t\t<\/div>\n\t\t\t\t<\/div>\n\t\t\t\t\t<\/div>\n\t\t\t\t<\/div>\n\t\t\t\t\t<\/div>\n\t\t\t\t<\/div>\n\t\t<div class=\"elementor-element elementor-element-0b2f439 e-flex e-con-boxed e-con e-child\" data-id=\"0b2f439\" data-element_type=\"container\" data-e-type=\"container\" data-settings=\"{&quot;_ha_eqh_enable&quot;:false}\">\n\t\t\t\t\t<div class=\"e-con-inner\">\n\t\t<div class=\"elementor-element elementor-element-d6a68cf e-flex e-con-boxed e-con e-child\" data-id=\"d6a68cf\" data-element_type=\"container\" data-e-type=\"container\" data-settings=\"{&quot;_ha_eqh_enable&quot;:false}\">\n\t\t\t\t\t<div class=\"e-con-inner\">\n\t\t\t\t<div class=\"elementor-element elementor-element-4ffaa32 elementor-widget elementor-widget-text-editor\" data-id=\"4ffaa32\" data-element_type=\"widget\" data-e-type=\"widget\" data-widget_type=\"text-editor.default\">\n\t\t\t\t<div class=\"elementor-widget-container\">\n\t\t\t\t\t\t\t\t\t<p>Las soluciones CryptoFlow de Certes son los primeros productos del sector que combinan la flexibilidad y la potencia de las redes virtualizadas con la tecnolog\u00eda criptogr\u00e1fica m\u00e1s segura. Con las soluciones CryptoFlow de Certes, las empresas y los proveedores de servicios pueden crear VPN de nueva generaci\u00f3n sin t\u00fanel, multipunto y multicapa que protegen el tr\u00e1fico de cualquier aplicaci\u00f3n en cualquier red (Next Generation VPN). Las redes CryptoFlow-VPN protegen el tr\u00e1fico de datos en entornos LAN, WAN, Internet, virtuales y en la nube. Certes CryptoFlow-VPN puede configurarse en segundos, gracias a una interfaz point-and-click extremadamente sencilla para crear pol\u00edticas de seguridad.<\/p><p> <\/p>\t\t\t\t\t\t\t\t<\/div>\n\t\t\t\t<\/div>\n\t\t\t\t<div class=\"elementor-element elementor-element-4b8ebba elementor-align-center elementor-widget elementor-widget-button\" data-id=\"4b8ebba\" data-element_type=\"widget\" data-e-type=\"widget\" data-widget_type=\"button.default\">\n\t\t\t\t<div class=\"elementor-widget-container\">\n\t\t\t\t\t\t\t\t\t<div class=\"elementor-button-wrapper\">\n\t\t\t\t\t<a class=\"elementor-button elementor-button-link elementor-size-sm\" href=\"https:\/\/ramsdata.com.pl\/es\/pongase-en-contacto-con\/\">\n\t\t\t\t\t\t<span class=\"elementor-button-content-wrapper\">\n\t\t\t\t\t\t\t\t\t<span class=\"elementor-button-text\">M\u00e1s informaci\u00f3n<\/span>\n\t\t\t\t\t<\/span>\n\t\t\t\t\t<\/a>\n\t\t\t\t<\/div>\n\t\t\t\t\t\t\t\t<\/div>\n\t\t\t\t<\/div>\n\t\t\t\t\t<\/div>\n\t\t\t\t<\/div>\n\t\t<div class=\"elementor-element elementor-element-e4ebbdc e-flex e-con-boxed e-con e-child\" data-id=\"e4ebbdc\" data-element_type=\"container\" data-e-type=\"container\" data-settings=\"{&quot;_ha_eqh_enable&quot;:false}\">\n\t\t\t\t\t<div class=\"e-con-inner\">\n\t\t\t\t<div class=\"elementor-element elementor-element-b209e23 elementor-widget elementor-widget-image\" data-id=\"b209e23\" data-element_type=\"widget\" data-e-type=\"widget\" data-widget_type=\"image.default\">\n\t\t\t\t<div class=\"elementor-widget-container\">\n\t\t\t\t\t\t\t\t\t\t\t\t\t\t\t<img loading=\"lazy\" decoding=\"async\" width=\"768\" height=\"247\" src=\"https:\/\/ramsdata.com.pl\/wp-content\/uploads\/2024\/03\/certes-networks-logo-768x247.png-1.webp\" class=\"attachment-full size-full wp-image-14444\" alt=\"\" srcset=\"https:\/\/ramsdata.com.pl\/wp-content\/uploads\/2024\/03\/certes-networks-logo-768x247.png-1.webp 768w, https:\/\/ramsdata.com.pl\/wp-content\/uploads\/2024\/03\/certes-networks-logo-768x247.png-1-300x96.webp 300w\" sizes=\"(max-width: 768px) 100vw, 768px\" \/>\t\t\t\t\t\t\t\t\t\t\t\t\t\t\t<\/div>\n\t\t\t\t<\/div>\n\t\t\t\t\t<\/div>\n\t\t\t\t<\/div>\n\t\t\t\t\t<\/div>\n\t\t\t\t<\/div>\n\t\t<div class=\"elementor-element elementor-element-b30175c e-flex e-con-boxed e-con e-child\" data-id=\"b30175c\" data-element_type=\"container\" data-e-type=\"container\" data-settings=\"{&quot;_ha_eqh_enable&quot;:false}\">\n\t\t\t\t\t<div class=\"e-con-inner\">\n\t\t<div class=\"elementor-element elementor-element-9fc8dd3 e-flex e-con-boxed e-con e-child\" data-id=\"9fc8dd3\" data-element_type=\"container\" data-e-type=\"container\" data-settings=\"{&quot;_ha_eqh_enable&quot;:false}\">\n\t\t\t\t\t<div class=\"e-con-inner\">\n\t\t\t\t<div class=\"elementor-element elementor-element-8c1d034 elementor-widget elementor-widget-image\" data-id=\"8c1d034\" data-element_type=\"widget\" data-e-type=\"widget\" data-widget_type=\"image.default\">\n\t\t\t\t<div class=\"elementor-widget-container\">\n\t\t\t\t\t\t\t\t\t\t\t\t\t\t\t<img loading=\"lazy\" decoding=\"async\" width=\"213\" height=\"200\" src=\"https:\/\/ramsdata.com.pl\/wp-content\/uploads\/2024\/03\/producenci_f5.png.webp\" class=\"attachment-full size-full wp-image-14449\" alt=\"\" \/>\t\t\t\t\t\t\t\t\t\t\t\t\t\t\t<\/div>\n\t\t\t\t<\/div>\n\t\t\t\t\t<\/div>\n\t\t\t\t<\/div>\n\t\t<div class=\"elementor-element elementor-element-8de82d3 e-flex e-con-boxed e-con e-child\" data-id=\"8de82d3\" data-element_type=\"container\" data-e-type=\"container\" data-settings=\"{&quot;_ha_eqh_enable&quot;:false}\">\n\t\t\t\t\t<div class=\"e-con-inner\">\n\t\t\t\t<div class=\"elementor-element elementor-element-b969857 elementor-widget elementor-widget-text-editor\" data-id=\"b969857\" data-element_type=\"widget\" data-e-type=\"widget\" data-widget_type=\"text-editor.default\">\n\t\t\t\t<div class=\"elementor-widget-container\">\n\t\t\t\t\t\t\t\t\t<p>Las amenazas m\u00e1s peligrosas para la infraestructura inform\u00e1tica est\u00e1n relacionadas con los ataques dirigidos a las vulnerabilidades de las aplicaciones. Las medidas de seguridad convencionales, como los cortafuegos y los sistemas de detecci\u00f3n de intrusos, tienen grandes dificultades para detectar este tipo de intrusi\u00f3n.<br>Application Security Manager (ASM) ofrece protecci\u00f3n total para las aplicaciones Web y los servicios basados en XML. El uso de un cortafuegos de aplicaciones ofrece a los clientes grandes ventajas, como: protecci\u00f3n contra ataques a las aplicaciones, cumplimiento de la normativa (por ejemplo, PCI DSS) y superaci\u00f3n de auditor\u00edas de seguridad sin interferir en el c\u00f3digo de las aplicaciones.<\/p><p> <\/p>\t\t\t\t\t\t\t\t<\/div>\n\t\t\t\t<\/div>\n\t\t\t\t<div class=\"elementor-element elementor-element-a4149b2 elementor-align-center elementor-widget elementor-widget-button\" data-id=\"a4149b2\" data-element_type=\"widget\" data-e-type=\"widget\" data-widget_type=\"button.default\">\n\t\t\t\t<div class=\"elementor-widget-container\">\n\t\t\t\t\t\t\t\t\t<div class=\"elementor-button-wrapper\">\n\t\t\t\t\t<a class=\"elementor-button elementor-button-link elementor-size-sm\" href=\"https:\/\/ramsdata.com.pl\/es\/pongase-en-contacto-con\/\">\n\t\t\t\t\t\t<span class=\"elementor-button-content-wrapper\">\n\t\t\t\t\t\t\t\t\t<span class=\"elementor-button-text\">M\u00e1s informaci\u00f3n<\/span>\n\t\t\t\t\t<\/span>\n\t\t\t\t\t<\/a>\n\t\t\t\t<\/div>\n\t\t\t\t\t\t\t\t<\/div>\n\t\t\t\t<\/div>\n\t\t\t\t\t<\/div>\n\t\t\t\t<\/div>\n\t\t\t\t\t<\/div>\n\t\t\t\t<\/div>\n\t\t\t\t\t<\/div>\n\t\t\t\t<\/div>\n\t\t\t\t<\/div>\n\t\t","protected":false},"excerpt":{"rendered":"<p>TECNOLOG\u00cdAS Gimmal lleva m\u00e1s de 20 a\u00f1os ayudando a las organizaciones a tomar el control de uno de sus activos m\u00e1s valiosos: la informaci\u00f3n. La empresa proporciona software y m\u00e9todos para permitir el descubrimiento, la migraci\u00f3n, la gesti\u00f3n y el cumplimiento sin fisuras de los datos, ayudando a reducir el riesgo de incumplimientos normativos y [&hellip;]<\/p>\n","protected":false},"author":1,"featured_media":0,"parent":15110,"menu_order":0,"comment_status":"closed","ping_status":"closed","template":"","meta":{"_acf_changed":false,"om_disable_all_campaigns":false,"_monsterinsights_skip_tracking":false,"_monsterinsights_sitenote_active":false,"_monsterinsights_sitenote_note":"","_monsterinsights_sitenote_category":0,"_uf_show_specific_survey":0,"_uf_disable_surveys":false,"footnotes":""},"class_list":["post-15624","page","type-page","status-publish","hentry"],"acf":[],"aioseo_notices":[],"_links":{"self":[{"href":"https:\/\/ramsdata.com.pl\/es\/wp-json\/wp\/v2\/pages\/15624","targetHints":{"allow":["GET"]}}],"collection":[{"href":"https:\/\/ramsdata.com.pl\/es\/wp-json\/wp\/v2\/pages"}],"about":[{"href":"https:\/\/ramsdata.com.pl\/es\/wp-json\/wp\/v2\/types\/page"}],"author":[{"embeddable":true,"href":"https:\/\/ramsdata.com.pl\/es\/wp-json\/wp\/v2\/users\/1"}],"replies":[{"embeddable":true,"href":"https:\/\/ramsdata.com.pl\/es\/wp-json\/wp\/v2\/comments?post=15624"}],"version-history":[{"count":6,"href":"https:\/\/ramsdata.com.pl\/es\/wp-json\/wp\/v2\/pages\/15624\/revisions"}],"predecessor-version":[{"id":39513,"href":"https:\/\/ramsdata.com.pl\/es\/wp-json\/wp\/v2\/pages\/15624\/revisions\/39513"}],"up":[{"embeddable":true,"href":"https:\/\/ramsdata.com.pl\/es\/wp-json\/wp\/v2\/pages\/15110"}],"wp:attachment":[{"href":"https:\/\/ramsdata.com.pl\/es\/wp-json\/wp\/v2\/media?parent=15624"}],"curies":[{"name":"wp","href":"https:\/\/api.w.org\/{rel}","templated":true}]}}