{"id":15401,"date":"2024-03-04T04:35:06","date_gmt":"2024-03-04T04:35:06","guid":{"rendered":"https:\/\/ramsdata.com.pl\/fabricantes\/saltdna\/"},"modified":"2024-03-16T11:58:13","modified_gmt":"2024-03-16T11:58:13","slug":"saltdna","status":"publish","type":"page","link":"https:\/\/ramsdata.com.pl\/es\/fabricantes\/saltdna\/","title":{"rendered":"Saltdna"},"content":{"rendered":"\t\t<div data-elementor-type=\"wp-page\" data-elementor-id=\"15401\" class=\"elementor elementor-15401 elementor-11096\" data-elementor-settings=\"{&quot;ha_cmc_init_switcher&quot;:&quot;no&quot;}\" data-elementor-post-type=\"page\">\n\t\t\t\t<div class=\"elementor-element elementor-element-9d30c2a e-flex e-con-boxed e-con e-parent\" data-id=\"9d30c2a\" data-element_type=\"container\" data-e-type=\"container\" data-settings=\"{&quot;background_background&quot;:&quot;classic&quot;,&quot;_ha_eqh_enable&quot;:false}\">\n\t\t\t\t\t<div class=\"e-con-inner\">\n\t\t<div class=\"elementor-element elementor-element-1ce83376 e-con-full e-flex elementor-invisible e-con e-child\" data-id=\"1ce83376\" data-element_type=\"container\" data-e-type=\"container\" data-settings=\"{&quot;animation&quot;:&quot;fadeInDown&quot;,&quot;_ha_eqh_enable&quot;:false}\">\n\t\t\t\t<div class=\"elementor-element elementor-element-509703be elementor-widget elementor-widget-heading\" data-id=\"509703be\" data-element_type=\"widget\" data-e-type=\"widget\" data-widget_type=\"heading.default\">\n\t\t\t\t<div class=\"elementor-widget-container\">\n\t\t\t\t\t<h2 class=\"elementor-heading-title elementor-size-default\">SALTDNA\n<\/h2>\t\t\t\t<\/div>\n\t\t\t\t<\/div>\n\t\t\t\t<\/div>\n\t\t\t\t\t<\/div>\n\t\t\t\t<\/div>\n\t\t<div class=\"elementor-element elementor-element-1157e05e e-flex e-con-boxed e-con e-parent\" data-id=\"1157e05e\" data-element_type=\"container\" data-e-type=\"container\" data-settings=\"{&quot;background_background&quot;:&quot;classic&quot;,&quot;_ha_eqh_enable&quot;:false}\">\n\t\t\t\t\t<div class=\"e-con-inner\">\n\t\t<div class=\"elementor-element elementor-element-781aec94 e-con-full e-flex elementor-invisible e-con e-child\" data-id=\"781aec94\" data-element_type=\"container\" data-e-type=\"container\" data-settings=\"{&quot;animation&quot;:&quot;fadeInRight&quot;,&quot;_ha_eqh_enable&quot;:false}\">\n\t\t<div class=\"elementor-element elementor-element-c01f429 e-flex e-con-boxed e-con e-child\" data-id=\"c01f429\" data-element_type=\"container\" data-e-type=\"container\" data-settings=\"{&quot;background_background&quot;:&quot;classic&quot;,&quot;_ha_eqh_enable&quot;:false}\">\n\t\t\t\t\t<div class=\"e-con-inner\">\n\t\t\t\t<div class=\"elementor-element elementor-element-d1df429 elementor-widget elementor-widget-image\" data-id=\"d1df429\" data-element_type=\"widget\" data-e-type=\"widget\" data-widget_type=\"image.default\">\n\t\t\t\t<div class=\"elementor-widget-container\">\n\t\t\t\t\t\t\t\t\t\t\t\t\t\t\t<img fetchpriority=\"high\" decoding=\"async\" width=\"758\" height=\"200\" src=\"https:\/\/ramsdata.com.pl\/wp-content\/uploads\/2024\/03\/producenci_saltdna.png.webp\" class=\"attachment-large size-large wp-image-14099\" alt=\"\" srcset=\"https:\/\/ramsdata.com.pl\/wp-content\/uploads\/2024\/03\/producenci_saltdna.png.webp 758w, https:\/\/ramsdata.com.pl\/wp-content\/uploads\/2024\/03\/producenci_saltdna.png-300x79.webp 300w\" sizes=\"(max-width: 758px) 100vw, 758px\" \/>\t\t\t\t\t\t\t\t\t\t\t\t\t\t\t<\/div>\n\t\t\t\t<\/div>\n\t\t\t\t\t<\/div>\n\t\t\t\t<\/div>\n\t\t\t\t<\/div>\n\t\t<div class=\"elementor-element elementor-element-2842e835 e-con-full e-flex elementor-invisible e-con e-child\" data-id=\"2842e835\" data-element_type=\"container\" data-e-type=\"container\" data-settings=\"{&quot;animation&quot;:&quot;fadeInLeft&quot;,&quot;_ha_eqh_enable&quot;:false}\">\n\t\t\t\t<div class=\"elementor-element elementor-element-7f14ebd3 elementor-widget elementor-widget-text-editor\" data-id=\"7f14ebd3\" data-element_type=\"widget\" data-e-type=\"widget\" data-widget_type=\"text-editor.default\">\n\t\t\t\t<div class=\"elementor-widget-container\">\n\t\t\t\t\t\t\t\t\t<p>SaltDNA es una empresa de ciberseguridad de r\u00e1pido crecimiento con sede en Belfast, Irlanda del Norte. SaltDNA mostr\u00f3 un nivel de crecimiento muy elevado. 2017 fue un a\u00f1o r\u00e9cord para SaltDNA y 2018 vio a SaltDNA crecer de nuevo, aumentando las ventas, ampliando las operaciones y ganando clientes en seis continentes. SaltDNA vuelve a formar parte del club &#8216;Cybersecurity 500&#8217; y ha sido nombrada &#8216;Mejor Peque\u00f1a Empresa Tecnol\u00f3gica&#8217; en los Digital DNA Awards 2018.<\/p>\n<p>SaltDNA tambi\u00e9n recibi\u00f3 el galard\u00f3n \u00abEmpresa innovadora del a\u00f1o\u00bb en los Premios BEFTA 2018 en 2018. El \u00e9xito de SaltDNA fue evidente a lo largo de 2018. &#8211; En concreto, la empresa fue reconocida como la mejor empresa nueva en los mercados internacionales en los Telegraph Trade Awards, donde fue preseleccionada para tres premios nacionales de tecnolog\u00eda.<\/p>\n<p>SaltDNA est\u00e1 decidida a continuar esta tendencia ascendente. En el primer trimestre de 2019, la empresa ya ha completado su mayor proyecto comercial y va camino de lograr un resultado r\u00e9cord este a\u00f1o.<\/p><\/p>\n\t\t\t\t\t\t\t\t<\/div>\n\t\t\t\t<\/div>\n\t\t\t\t<\/div>\n\t\t\t\t\t<\/div>\n\t\t\t\t<\/div>\n\t\t<div class=\"elementor-element elementor-element-1ba0dd41 e-flex e-con-boxed e-con e-parent\" data-id=\"1ba0dd41\" data-element_type=\"container\" data-e-type=\"container\" data-settings=\"{&quot;background_background&quot;:&quot;classic&quot;,&quot;_ha_eqh_enable&quot;:false}\">\n\t\t\t\t\t<div class=\"e-con-inner\">\n\t\t<div class=\"elementor-element elementor-element-6a4afdfa e-con-full e-flex elementor-invisible e-con e-child\" data-id=\"6a4afdfa\" data-element_type=\"container\" data-e-type=\"container\" data-settings=\"{&quot;animation&quot;:&quot;fadeInDown&quot;,&quot;_ha_eqh_enable&quot;:false}\">\n\t\t\t\t<div class=\"elementor-element elementor-element-6dd10a80 elementor-widget elementor-widget-heading\" data-id=\"6dd10a80\" data-element_type=\"widget\" data-e-type=\"widget\" data-widget_type=\"heading.default\">\n\t\t\t\t<div class=\"elementor-widget-container\">\n\t\t\t\t\t<h2 class=\"elementor-heading-title elementor-size-default\">acerca de los servicios\n<\/h2>\t\t\t\t<\/div>\n\t\t\t\t<\/div>\n\t\t<div class=\"elementor-element elementor-element-79fe485 e-flex e-con-boxed e-con e-child\" data-id=\"79fe485\" data-element_type=\"container\" data-e-type=\"container\" data-settings=\"{&quot;_ha_eqh_enable&quot;:false}\">\n\t\t\t\t\t<div class=\"e-con-inner\">\n\t\t\t\t<div class=\"elementor-element elementor-element-bb21e38 elementor-widget elementor-widget-text-editor\" data-id=\"bb21e38\" data-element_type=\"widget\" data-e-type=\"widget\" data-widget_type=\"text-editor.default\">\n\t\t\t\t<div class=\"elementor-widget-container\">\n\t\t\t\t\t\t\t\t\t<p>SaltDNA ofrece un sistema de comunicaci\u00f3n m\u00f3vil seguro que garantiza la m\u00e1xima confidencialidad y optimiza la productividad empresarial, ofreciendo las siguientes caracter\u00edsticas y funcionalidades:<\/p>\n<p>1. responsabilidad y cumplimiento. Control completo y centralizado de las comunicaciones, lo que permite analizar la responsabilidad de las acciones de los empleados y lograr el cumplimiento de las normas de seguridad internas y externas.<\/p>\n<p>2 Colaboraci\u00f3n segura. Las conferencias telef\u00f3nicas y la funci\u00f3n de mensajer\u00eda en grupo permiten a los equipos trabajar en asuntos delicados con total seguridad y confidencialidad.<\/p>\n<p>3. transmisi\u00f3n segura de audio y archivos. Acceso instant\u00e1neo y env\u00edo de documentaci\u00f3n e informaci\u00f3n confidencial sobre la marcha\/ en tiempo real.<\/p>\n<p>4. informes y an\u00e1lisis. Capacidad para controlar los datos individuales y la calidad del uso de las comunicaciones<\/p>\n<p>5. Conferencias telef\u00f3nicas. Funci\u00f3n de conferencia para 15 participantes simult\u00e1neos a la vez. Todas las llamadas VoIP est\u00e1n codificadas y son seguras en cualquier regi\u00f3n. El m\u00e1s alto nivel de calidad de voz.<\/p>\n<p>6 Gesti\u00f3n centralizada. La posibilidad de prestar y desactivar el servicio inmediatamente, desde cualquier lugar del mundo.<\/p>\n<p>7. Grupos de contacto cerrados. Los contactos autorizados forman parte de un grupo cerrado en la app SaltDNA y no est\u00e1n vinculados a los contactos personales del dispositivo.<\/p>\n<p>8 Voz y texto cifrados. Todas las comunicaciones en dispositivos m\u00f3viles y ordenadores son seguras y confidenciales (privadas).<\/p>\n<p>9 Opciones de aplicaci\u00f3n. El sistema est\u00e1 disponible como servicio alojado o como instalaci\u00f3n en la infraestructura de red local.<\/p>\n<p>10. transmisi\u00f3n \/distribuci\u00f3n\/propagaci\u00f3n de mensajes. Env\u00edo de alertas en directo a grandes grupos de usuarios de la organizaci\u00f3n. La funci\u00f3n permite a las organizaciones enviar mensajes, compartir fotos, documentos y mensajes de alerta, as\u00ed como asignar un nivel de importancia a una alerta.<\/p>\n<p>En resumen SaltDNA garantiza la confidencialidad de la comunicaci\u00f3n extremo a extremo (transferencia de datos, audio, etc&#8230;) (entre usuarios) mediante encriptaci\u00f3n, etc&#8230;. Las principales ventajas del sistema son. es que s\u00f3lo el propietario tiene pleno control sobre el sistema y la transferencia de datos, es decir, los datos no se registran ni se guardan en ning\u00fan sitio (por ejemplo, en dispositivos de operadores intermedios, etc&#8230;). La soluci\u00f3n es ideal en entornos donde se requiere\/necesaria una comunicaci\u00f3n confidencial y el intercambio de informaci\u00f3n entre usuarios.<\/p>\n\t\t\t\t\t\t\t\t<\/div>\n\t\t\t\t<\/div>\n\t\t\t\t\t<\/div>\n\t\t\t\t<\/div>\n\t\t\t\t<\/div>\n\t\t\t\t\t<\/div>\n\t\t\t\t<\/div>\n\t\t<div class=\"elementor-element elementor-element-2b49407 e-flex e-con-boxed e-con e-parent\" data-id=\"2b49407\" data-element_type=\"container\" data-e-type=\"container\" data-settings=\"{&quot;background_background&quot;:&quot;classic&quot;,&quot;_ha_eqh_enable&quot;:false}\">\n\t\t\t\t\t<div class=\"e-con-inner\">\n\t\t<div class=\"elementor-element elementor-element-67af4b2 e-con-full e-flex elementor-invisible e-con e-child\" data-id=\"67af4b2\" data-element_type=\"container\" data-e-type=\"container\" data-settings=\"{&quot;animation&quot;:&quot;fadeInDown&quot;,&quot;_ha_eqh_enable&quot;:false}\">\n\t\t\t\t<div class=\"elementor-element elementor-element-6a12324 elementor-widget elementor-widget-heading\" data-id=\"6a12324\" data-element_type=\"widget\" data-e-type=\"widget\" data-widget_type=\"heading.default\">\n\t\t\t\t<div class=\"elementor-widget-container\">\n\t\t\t\t\t<h2 class=\"elementor-heading-title elementor-size-default\">innovaci\u00f3n de la soluci\u00f3n\n<\/h2>\t\t\t\t<\/div>\n\t\t\t\t<\/div>\n\t\t<div class=\"elementor-element elementor-element-ddcb41a e-flex e-con-boxed e-con e-child\" data-id=\"ddcb41a\" data-element_type=\"container\" data-e-type=\"container\" data-settings=\"{&quot;_ha_eqh_enable&quot;:false}\">\n\t\t\t\t\t<div class=\"e-con-inner\">\n\t\t\t\t<div class=\"elementor-element elementor-element-d324acc elementor-widget elementor-widget-text-editor\" data-id=\"d324acc\" data-element_type=\"widget\" data-e-type=\"widget\" data-widget_type=\"text-editor.default\">\n\t\t\t\t<div class=\"elementor-widget-container\">\n\t\t\t\t\t\t\t\t\t<p>SaltDNA es la primera empresa que ofrece una soluci\u00f3n para la comunicaci\u00f3n cifrada entre dispositivos de usuario a la vez que proporciona un control centralizado sobre las comunicaciones de la empresa. SaltDNA Enterprise es la mejor herramienta del mercado que le proporcionar\u00e1, entre otras cosas. protecci\u00f3n de secretos comerciales, intercambio confidencial de datos estrat\u00e9gicos, propietarios y sensibles entre usuarios, en cualquier empresa.<br \/>La soluci\u00f3n SaltDNA ofrece flexibilidad de despliegue y una estructura de cifrado robusta en el contexto de la usabilidad m\u00f3vil. Las completas funciones de control hacen que el objetivo de reforzar el nivel de seguridad de la empresa no suponga ning\u00fan esfuerzo.<\/p>\n<p>SaltDNA ofrece una gama de opciones de despliegue (que no ofrecen los competidores) para las organizaciones. La soluci\u00f3n SaltDNA Enterprise est\u00e1 disponible como servicio alojado en la nube o como instalaci\u00f3n local dentro de una infraestructura privada. En el marco de las instalaciones SaltDNA, las empresas disponen de opciones flexibles en funci\u00f3n de sus necesidades.<br \/>Aunque la lista de caracter\u00edsticas est\u00e1 en constante mejora, SaltDNA actualmente ofrece muchas caracter\u00edsticas que a menudo no est\u00e1n disponibles en el mercado, tales como:<\/p>\n<p>Transmisi\u00f3n y archivo seguros del contenido de los mensajes de texto y las llamadas de voz<br \/>2. funci\u00f3n de transferencia de archivos\/im\u00e1genes e historial de comunicaci\u00f3n \u00abgrabar\/borrar\u00bb, es decir cualquiera de las partes puede borrar un mensaje de ambos dispositivos (remitente y destinatario), independientemente de su origen<br \/>3. grupos cerrados de usuarios<br \/>4 Gesti\u00f3n y supervisi\u00f3n centralizadas y asistencia 24 horas al d\u00eda, 7 d\u00edas a la semana.<\/p>\n<p>En 2018, SaltDNA desarroll\u00f3 una funci\u00f3n para el manejo seguro de archivos adjuntos de v\u00eddeo y audio. Con esta funci\u00f3n, los usuarios pueden enviar archivos adjuntos de audio y v\u00eddeo de forma segura por mensaje a sus contactos desde el m\u00f3vil o el ordenador. SaltDNA tambi\u00e9n ha desarrollado una funci\u00f3n de mensajer\u00eda segura que permite a los clientes enviar alertas a grandes grupos de usuarios de la organizaci\u00f3n en tiempo real. La nueva funci\u00f3n de difusi\u00f3n\/mensajer\u00eda permite a las organizaciones compartir im\u00e1genes y documentos, as\u00ed como asignar un nivel de importancia a las alertas (diferentes tonos de alerta para distintos niveles de importancia).<\/p>\n<p>Los planes de expansi\u00f3n tambi\u00e9n sit\u00faan a SaltDNA por delante de competidores como Signal, Silent Circle y TigerText. SaltDNA tiene muchas ventajas\/diferencias respecto a sus competidores, tanto t\u00e9cnicas como funcionales. La mayor\u00eda de los competidores de SaltDNA operan en el mercado de consumo, ofreciendo comunicaciones seguras para uso exclusivo de los consumidores. SaltDNA trata exclusivamente con empresas y construye funcionalidades y tecnolog\u00edas para este mercado. Un diferenciador clave de SaltDNA es que SaltDNA da a las organizaciones el control sobre qui\u00e9n habla con qui\u00e9n en su empresa. SaltDNA proporciona un sistema de gesti\u00f3n seguro para dar a las empresas un control total sobre las comunicaciones y todas las listas de contactos de los empleados. Al facilitar la gesti\u00f3n de la comunicaci\u00f3n, facilita el manejo de grupos cerrados de usuarios.<\/p>\n<p>SaltDNA utiliza librer\u00edas criptogr\u00e1ficas abiertas y p\u00fablicamente verificables. Los ingenieros de la empresa han desarrollado los niveles de cifrado m\u00e1s potentes y el c\u00f3digo transferido a trav\u00e9s de cualquier infraestructura de comunicaci\u00f3n en red ha sido comprobado por un consorcio de las mejores mentes criptogr\u00e1ficas del mundo. Las librer\u00edas y protocolos de c\u00f3digo abierto en los que se basa SaltDNA incluyen las siguientes caracter\u00edsticas de seguridad:<\/p>\n<p>a) TLS \u00abTransport Layer Security\u00bb para conexiones cifradas<br \/>(b) Mensajes cifrados mediante el protocolo seguro Axolotl (intercambio de claves mediante el protocolo Diffie-Hellman y funci\u00f3n de prueba hash (HMAC)). Cifrado de mensajes OLM &#8211; mediante intercambio de claves ef\u00edmeras.<br \/>(c) Se\u00f1alizaci\u00f3n y configuraci\u00f3n de llamadas de voz a trav\u00e9s de conexiones TLS \u00abpinned\u00bb. Se utiliza Datagram Transport Layer Security (DTLS), que garantiza la privacidad de las comunicaciones a trav\u00e9s de un canal de se\u00f1alizaci\u00f3n seguro. DTLS elimina el riesgo de: modificaci\u00f3n, escucha o falsificaci\u00f3n de mensajes.<br \/>(d) SRTP &#8211; Protocolo Seguro de Transporte en Tiempo Real para Llamadas de Voz entre Pares<\/p>\n\t\t\t\t\t\t\t\t<\/div>\n\t\t\t\t<\/div>\n\t\t<div class=\"elementor-element elementor-element-1b33b491 e-con-full e-flex e-con e-child\" data-id=\"1b33b491\" data-element_type=\"container\" data-e-type=\"container\" data-settings=\"{&quot;_ha_eqh_enable&quot;:false}\">\n\t\t<div class=\"elementor-element elementor-element-348f697a e-con-full e-flex elementor-invisible e-con e-child\" data-id=\"348f697a\" data-element_type=\"container\" data-e-type=\"container\" data-settings=\"{&quot;background_background&quot;:&quot;gradient&quot;,&quot;animation&quot;:&quot;fadeInRight&quot;,&quot;_ha_eqh_enable&quot;:false}\">\n\t\t\t\t<div class=\"elementor-element elementor-element-15a38170 elementor-widget elementor-widget-icon-box\" data-id=\"15a38170\" data-element_type=\"widget\" data-e-type=\"widget\" data-widget_type=\"icon-box.default\">\n\t\t\t\t<div class=\"elementor-widget-container\">\n\t\t\t\t\t\t\t<div class=\"elementor-icon-box-wrapper\">\n\n\t\t\t\n\t\t\t\t\t\t<div class=\"elementor-icon-box-content\">\n\n\t\t\t\t\t\t\t\t\t<div class=\"elementor-icon-box-title\">\n\t\t\t\t\t\t<span  >\n\t\t\t\t\t\t\tComprobaci\u00f3n y visualizaci\u00f3n de la informaci\u00f3n\t\t\t\t\t\t<\/span>\n\t\t\t\t\t<\/div>\n\t\t\t\t\n\t\t\t\t\t\t\t\t\t<p class=\"elementor-icon-box-description\">\n\t\t\t\t\t\tLa empresa necesita un estricto control centralizado de los usuarios, la capacidad de aprovisionar o eliminar usuarios al instante y funciones de elaboraci\u00f3n de informes. S\u00f3lo los usuarios autorizados pueden comunicarse en la red cifrada segura, lo que reduce significativamente el riesgo de que se utilice con fines malintencionados. Y los contactos est\u00e1n cerrados, restringidos a los usuarios autorizados en la aplicaci\u00f3n, es decir, no puedes comunicarte con los contactos de tu dispositivo.\n\n\t\t\t\t\t<\/p>\n\t\t\t\t\n\t\t\t<\/div>\n\t\t\t\n\t\t<\/div>\n\t\t\t\t\t\t<\/div>\n\t\t\t\t<\/div>\n\t\t\t\t<\/div>\n\t\t<div class=\"elementor-element elementor-element-5b3aba3b e-con-full e-flex elementor-invisible e-con e-child\" data-id=\"5b3aba3b\" data-element_type=\"container\" data-e-type=\"container\" data-settings=\"{&quot;background_background&quot;:&quot;gradient&quot;,&quot;animation&quot;:&quot;fadeInRight&quot;,&quot;_ha_eqh_enable&quot;:false}\">\n\t\t\t\t<div class=\"elementor-element elementor-element-4fd3e608 elementor-widget elementor-widget-icon-box\" data-id=\"4fd3e608\" data-element_type=\"widget\" data-e-type=\"widget\" data-widget_type=\"icon-box.default\">\n\t\t\t\t<div class=\"elementor-widget-container\">\n\t\t\t\t\t\t\t<div class=\"elementor-icon-box-wrapper\">\n\n\t\t\t\n\t\t\t\t\t\t<div class=\"elementor-icon-box-content\">\n\n\t\t\t\t\t\t\t\t\t<div class=\"elementor-icon-box-title\">\n\t\t\t\t\t\t<span  >\n\t\t\t\t\t\t\tResponsabilidad y cumplimiento\t\t\t\t\t\t<\/span>\n\t\t\t\t\t<\/div>\n\t\t\t\t\n\t\t\t\t\t\t\t\t\t<p class=\"elementor-icon-box-description\">\n\t\t\t\t\t\tLa soluci\u00f3n empresarial ofrece un control total sobre qu\u00e9 datos se almacenan y cu\u00e1les se eliminan. Esta es una de las caracter\u00edsticas m\u00e1s importantes y deseables que no existe en las aplicaciones de mensajer\u00eda gratuitas. Esto es crucial para el cumplimiento de las comunicaciones en sectores regulados como la sanidad, las finanzas, las fuerzas del orden o los servicios de seguridad, en los que las comunicaciones deben ser seguras, y grabadas\/registradas a efectos de rendici\u00f3n de cuentas en el contexto de la responsabilidad.\n\n\t\t\t\t\t<\/p>\n\t\t\t\t\n\t\t\t<\/div>\n\t\t\t\n\t\t<\/div>\n\t\t\t\t\t\t<\/div>\n\t\t\t\t<\/div>\n\t\t\t\t<\/div>\n\t\t<div class=\"elementor-element elementor-element-446397c9 e-con-full e-flex elementor-invisible e-con e-child\" data-id=\"446397c9\" data-element_type=\"container\" data-e-type=\"container\" data-settings=\"{&quot;background_background&quot;:&quot;gradient&quot;,&quot;animation&quot;:&quot;fadeInRight&quot;,&quot;_ha_eqh_enable&quot;:false}\">\n\t\t\t\t<div class=\"elementor-element elementor-element-1a7f20aa elementor-widget elementor-widget-icon-box\" data-id=\"1a7f20aa\" data-element_type=\"widget\" data-e-type=\"widget\" data-widget_type=\"icon-box.default\">\n\t\t\t\t<div class=\"elementor-widget-container\">\n\t\t\t\t\t\t\t<div class=\"elementor-icon-box-wrapper\">\n\n\t\t\t\n\t\t\t\t\t\t<div class=\"elementor-icon-box-content\">\n\n\t\t\t\t\t\t\t\t\t<div class=\"elementor-icon-box-title\">\n\t\t\t\t\t\t<span  >\n\t\t\t\t\t\t\tFunciones corporativas y flexibilidad de aplicaci\u00f3n\t\t\t\t\t\t<\/span>\n\t\t\t\t\t<\/div>\n\t\t\t\t\n\t\t\t\t\t\t\t\t\t<p class=\"elementor-icon-box-description\">\n\t\t\t\t\t\tLas conferencias telef\u00f3nicas y los chats de grupo seguros, la transferencia y el almacenamiento seguros de im\u00e1genes, la calidad mejorada de las llamadas y la integraci\u00f3n LDAP permiten una colaboraci\u00f3n segura en toda la empresa, no s\u00f3lo una comunicaci\u00f3n de uno a uno. Adem\u00e1s, las empresas quieren flexibilidad para poder implantar su soluci\u00f3n como servicio alojado o poder instalarla en su propia infraestructura en funci\u00f3n de sus necesidades empresariales.\n\n\t\t\t\t\t<\/p>\n\t\t\t\t\n\t\t\t<\/div>\n\t\t\t\n\t\t<\/div>\n\t\t\t\t\t\t<\/div>\n\t\t\t\t<\/div>\n\t\t\t\t<\/div>\n\t\t\t\t<\/div>\n\t\t\t\t\t<\/div>\n\t\t\t\t<\/div>\n\t\t\t\t<\/div>\n\t\t\t\t\t<\/div>\n\t\t\t\t<\/div>\n\t\t\t\t<\/div>\n\t\t","protected":false},"excerpt":{"rendered":"<p>SALTDNA SaltDNA es una empresa de ciberseguridad de r\u00e1pido crecimiento con sede en Belfast, Irlanda del Norte. SaltDNA mostr\u00f3 un nivel de crecimiento muy elevado. 2017 fue un a\u00f1o r\u00e9cord para SaltDNA y 2018 vio a SaltDNA crecer de nuevo, aumentando las ventas, ampliando las operaciones y ganando clientes en seis continentes. SaltDNA vuelve a [&hellip;]<\/p>\n","protected":false},"author":1,"featured_media":0,"parent":14791,"menu_order":0,"comment_status":"closed","ping_status":"closed","template":"","meta":{"_acf_changed":false,"om_disable_all_campaigns":false,"_monsterinsights_skip_tracking":false,"_monsterinsights_sitenote_active":false,"_monsterinsights_sitenote_note":"","_monsterinsights_sitenote_category":0,"_uf_show_specific_survey":0,"_uf_disable_surveys":false,"footnotes":""},"class_list":["post-15401","page","type-page","status-publish","hentry"],"acf":[],"aioseo_notices":[],"_links":{"self":[{"href":"https:\/\/ramsdata.com.pl\/es\/wp-json\/wp\/v2\/pages\/15401","targetHints":{"allow":["GET"]}}],"collection":[{"href":"https:\/\/ramsdata.com.pl\/es\/wp-json\/wp\/v2\/pages"}],"about":[{"href":"https:\/\/ramsdata.com.pl\/es\/wp-json\/wp\/v2\/types\/page"}],"author":[{"embeddable":true,"href":"https:\/\/ramsdata.com.pl\/es\/wp-json\/wp\/v2\/users\/1"}],"replies":[{"embeddable":true,"href":"https:\/\/ramsdata.com.pl\/es\/wp-json\/wp\/v2\/comments?post=15401"}],"version-history":[{"count":3,"href":"https:\/\/ramsdata.com.pl\/es\/wp-json\/wp\/v2\/pages\/15401\/revisions"}],"predecessor-version":[{"id":15521,"href":"https:\/\/ramsdata.com.pl\/es\/wp-json\/wp\/v2\/pages\/15401\/revisions\/15521"}],"up":[{"embeddable":true,"href":"https:\/\/ramsdata.com.pl\/es\/wp-json\/wp\/v2\/pages\/14791"}],"wp:attachment":[{"href":"https:\/\/ramsdata.com.pl\/es\/wp-json\/wp\/v2\/media?parent=15401"}],"curies":[{"name":"wp","href":"https:\/\/api.w.org\/{rel}","templated":true}]}}