{"id":15228,"date":"2024-03-03T20:01:21","date_gmt":"2024-03-03T20:01:21","guid":{"rendered":"https:\/\/ramsdata.com.pl\/fabricantes\/junpier-nerwtorks\/"},"modified":"2024-03-16T11:40:42","modified_gmt":"2024-03-16T11:40:42","slug":"junpier-nerwtorks","status":"publish","type":"page","link":"https:\/\/ramsdata.com.pl\/es\/fabricantes\/junpier-nerwtorks\/","title":{"rendered":"Junpier Nerwtorks"},"content":{"rendered":"\t\t<div data-elementor-type=\"wp-page\" data-elementor-id=\"15228\" class=\"elementor elementor-15228 elementor-10921\" data-elementor-settings=\"{&quot;ha_cmc_init_switcher&quot;:&quot;no&quot;}\" data-elementor-post-type=\"page\">\n\t\t\t\t<div class=\"elementor-element elementor-element-4d6d9e34 e-flex e-con-boxed e-con e-parent\" data-id=\"4d6d9e34\" data-element_type=\"container\" data-e-type=\"container\" data-settings=\"{&quot;background_background&quot;:&quot;classic&quot;,&quot;_ha_eqh_enable&quot;:false}\">\n\t\t\t\t\t<div class=\"e-con-inner\">\n\t\t<div class=\"elementor-element elementor-element-4e2d5771 e-con-full e-flex elementor-invisible e-con e-child\" data-id=\"4e2d5771\" data-element_type=\"container\" data-e-type=\"container\" data-settings=\"{&quot;animation&quot;:&quot;fadeInDown&quot;,&quot;_ha_eqh_enable&quot;:false}\">\n\t\t\t\t<div class=\"elementor-element elementor-element-6e8ccdf8 elementor-widget elementor-widget-heading\" data-id=\"6e8ccdf8\" data-element_type=\"widget\" data-e-type=\"widget\" data-widget_type=\"heading.default\">\n\t\t\t\t<div class=\"elementor-widget-container\">\n\t\t\t\t\t<h2 class=\"elementor-heading-title elementor-size-default\">REDES JUNIPER<\/h2>\t\t\t\t<\/div>\n\t\t\t\t<\/div>\n\t\t\t\t<\/div>\n\t\t\t\t\t<\/div>\n\t\t\t\t<\/div>\n\t\t<div class=\"elementor-element elementor-element-255fd83f e-flex e-con-boxed e-con e-parent\" data-id=\"255fd83f\" data-element_type=\"container\" data-e-type=\"container\" data-settings=\"{&quot;background_background&quot;:&quot;classic&quot;,&quot;_ha_eqh_enable&quot;:false}\">\n\t\t\t\t\t<div class=\"e-con-inner\">\n\t\t<div class=\"elementor-element elementor-element-179ab5e6 e-con-full e-flex elementor-invisible e-con e-child\" data-id=\"179ab5e6\" data-element_type=\"container\" data-e-type=\"container\" data-settings=\"{&quot;animation&quot;:&quot;fadeInLeft&quot;,&quot;_ha_eqh_enable&quot;:false}\">\n\t\t\t\t<div class=\"elementor-element elementor-element-f888082 elementor-widget elementor-widget-text-editor\" data-id=\"f888082\" data-element_type=\"widget\" data-e-type=\"widget\" data-widget_type=\"text-editor.default\">\n\t\t\t\t<div class=\"elementor-widget-container\">\n\t\t\t\t\t\t\t\t\t<p>uno de los mayores fabricantes mundiales de equipos de red. La empresa tiene su sede en Sunnyvale, California (EE.UU.). En la actualidad, la empresa es uno de los principales fabricantes de equipos de red. Su cartera cubre casi todas las \u00e1reas del mercado de productos de datos por cable, incluidos routers de alto rendimiento para el mercado de operadores y modelos m\u00e1s peque\u00f1os ampliamente utilizados en redes ENTERPRISE. Los conmutadores dise\u00f1ados para redes de campus EX y centros de datos FX son muy populares. Las funciones de seguridad se implementan en cortafuegos de tipo SRX, dise\u00f1ados tanto para sucursales de peque\u00f1as empresas como para grandes centros inform\u00e1ticos. Las soluciones de Juniper Networks se ejecutan en el fiable sistema JUNOS, que se utiliza en los entornos de las mayores empresas y operadores del mundo.<\/p>\n\t\t\t\t\t\t\t\t<\/div>\n\t\t\t\t<\/div>\n\t\t\t\t<\/div>\n\t\t<div class=\"elementor-element elementor-element-83ca782 e-con-full e-flex elementor-invisible e-con e-child\" data-id=\"83ca782\" data-element_type=\"container\" data-e-type=\"container\" data-settings=\"{&quot;animation&quot;:&quot;fadeInRight&quot;,&quot;_ha_eqh_enable&quot;:false}\">\n\t\t\t\t<div class=\"elementor-element elementor-element-6b6f0529 elementor-widget elementor-widget-image\" data-id=\"6b6f0529\" data-element_type=\"widget\" data-e-type=\"widget\" data-widget_type=\"image.default\">\n\t\t\t\t<div class=\"elementor-widget-container\">\n\t\t\t\t\t\t\t\t\t\t\t\t\t\t\t<img fetchpriority=\"high\" decoding=\"async\" width=\"768\" height=\"384\" src=\"https:\/\/ramsdata.com.pl\/wp-content\/uploads\/2024\/02\/juniper-networks-sized-768x384.jpg.webp\" class=\"attachment-full size-full wp-image-12809\" alt=\"\" srcset=\"https:\/\/ramsdata.com.pl\/wp-content\/uploads\/2024\/02\/juniper-networks-sized-768x384.jpg.webp 768w, https:\/\/ramsdata.com.pl\/wp-content\/uploads\/2024\/02\/juniper-networks-sized-768x384.jpg-300x150.webp 300w\" sizes=\"(max-width: 768px) 100vw, 768px\" \/>\t\t\t\t\t\t\t\t\t\t\t\t\t\t\t<\/div>\n\t\t\t\t<\/div>\n\t\t\t\t<\/div>\n\t\t\t\t\t<\/div>\n\t\t\t\t<\/div>\n\t\t<div class=\"elementor-element elementor-element-5597f641 e-flex e-con-boxed e-con e-parent\" data-id=\"5597f641\" data-element_type=\"container\" data-e-type=\"container\" data-settings=\"{&quot;background_background&quot;:&quot;classic&quot;,&quot;_ha_eqh_enable&quot;:false}\">\n\t\t\t\t\t<div class=\"e-con-inner\">\n\t\t<div class=\"elementor-element elementor-element-51ba8a7f e-con-full e-flex elementor-invisible e-con e-child\" data-id=\"51ba8a7f\" data-element_type=\"container\" data-e-type=\"container\" data-settings=\"{&quot;animation&quot;:&quot;fadeInLeft&quot;,&quot;_ha_eqh_enable&quot;:false}\">\n\t\t\t\t<div class=\"elementor-element elementor-element-4e7723b3 elementor-widget elementor-widget-heading\" data-id=\"4e7723b3\" data-element_type=\"widget\" data-e-type=\"widget\" data-widget_type=\"heading.default\">\n\t\t\t\t<div class=\"elementor-widget-container\">\n\t\t\t\t\t<h2 class=\"elementor-heading-title elementor-size-default\">routers<\/h2>\t\t\t\t<\/div>\n\t\t\t\t<\/div>\n\t\t\t\t<\/div>\n\t\t<div class=\"elementor-element elementor-element-4c455a6c e-con-full e-flex e-con e-child\" data-id=\"4c455a6c\" data-element_type=\"container\" data-e-type=\"container\" data-settings=\"{&quot;_ha_eqh_enable&quot;:false}\">\n\t\t<div class=\"elementor-element elementor-element-358b6372 e-con-full e-flex elementor-invisible e-con e-child\" data-id=\"358b6372\" data-element_type=\"container\" data-e-type=\"container\" data-settings=\"{&quot;background_background&quot;:&quot;gradient&quot;,&quot;animation&quot;:&quot;fadeInUp&quot;,&quot;_ha_eqh_enable&quot;:false}\">\n\t\t\t\t<div class=\"elementor-element elementor-element-ac31594 elementor-widget elementor-widget-heading\" data-id=\"ac31594\" data-element_type=\"widget\" data-e-type=\"widget\" data-widget_type=\"heading.default\">\n\t\t\t\t<div class=\"elementor-widget-container\">\n\t\t\t\t\t<h2 class=\"elementor-heading-title elementor-size-default\">SERIE MX<\/h2>\t\t\t\t<\/div>\n\t\t\t\t<\/div>\n\t\t\t\t<div class=\"elementor-element elementor-element-f0435af elementor-widget elementor-widget-text-editor\" data-id=\"f0435af\" data-element_type=\"widget\" data-e-type=\"widget\" data-widget_type=\"text-editor.default\">\n\t\t\t\t<div class=\"elementor-widget-container\">\n\t\t\t\t\t\t\t\t\t<p>La l\u00ednea de routers m\u00e1s popular de Juniper Networks para soluciones empresariales y redes de operadores. Las soluciones funcionan con el chipset 3D Trio desarrollado por Juniper. Los routers ofrecen un rendimiento excelente (interfaces de 100 GbE disponibles), funciones avanzadas de enrutamiento (incluida la compatibilidad con muchos millones de prefijos), MPLS, calidad de servicio, as\u00ed como funciones de seguridad, es decir. NAT, CGNAT o IPSec implementados de forma basada en hardware. Las plataformas est\u00e1n optimizadas para el uso de la tecnolog\u00eda Ethernet y adaptadas a las soluciones de redes definidas por software (SDN).<\/p>\n\t\t\t\t\t\t\t\t<\/div>\n\t\t\t\t<\/div>\n\t\t\t\t<div class=\"elementor-element elementor-element-af93df7 elementor-widget elementor-widget-image\" data-id=\"af93df7\" data-element_type=\"widget\" data-e-type=\"widget\" data-widget_type=\"image.default\">\n\t\t\t\t<div class=\"elementor-widget-container\">\n\t\t\t\t\t\t\t\t\t\t\t\t\t\t\t<img decoding=\"async\" width=\"800\" height=\"160\" src=\"https:\/\/ramsdata.com.pl\/wp-content\/uploads\/2024\/03\/mx150-frontwtop-high-1024x205.jpg.webp\" class=\"attachment-large size-large wp-image-13994\" alt=\"\" srcset=\"https:\/\/ramsdata.com.pl\/wp-content\/uploads\/2024\/03\/mx150-frontwtop-high-1024x205.jpg.webp 1024w, https:\/\/ramsdata.com.pl\/wp-content\/uploads\/2024\/03\/mx150-frontwtop-high-1024x205.jpg-300x60.webp 300w, https:\/\/ramsdata.com.pl\/wp-content\/uploads\/2024\/03\/mx150-frontwtop-high-1024x205.jpg-768x154.webp 768w\" sizes=\"(max-width: 800px) 100vw, 800px\" \/>\t\t\t\t\t\t\t\t\t\t\t\t\t\t\t<\/div>\n\t\t\t\t<\/div>\n\t\t\t\t<\/div>\n\t\t<div class=\"elementor-element elementor-element-d332e31 e-con-full e-flex elementor-invisible e-con e-child\" data-id=\"d332e31\" data-element_type=\"container\" data-e-type=\"container\" data-settings=\"{&quot;background_background&quot;:&quot;gradient&quot;,&quot;animation&quot;:&quot;fadeInUp&quot;,&quot;_ha_eqh_enable&quot;:false}\">\n\t\t\t\t<div class=\"elementor-element elementor-element-be23e66 elementor-widget elementor-widget-heading\" data-id=\"be23e66\" data-element_type=\"widget\" data-e-type=\"widget\" data-widget_type=\"heading.default\">\n\t\t\t\t<div class=\"elementor-widget-container\">\n\t\t\t\t\t<h2 class=\"elementor-heading-title elementor-size-default\">SERIE ACX<\/h2>\t\t\t\t<\/div>\n\t\t\t\t<\/div>\n\t\t\t\t<div class=\"elementor-element elementor-element-49da324 elementor-widget elementor-widget-text-editor\" data-id=\"49da324\" data-element_type=\"widget\" data-e-type=\"widget\" data-widget_type=\"text-editor.default\">\n\t\t\t\t<div class=\"elementor-widget-container\">\n\t\t\t\t\t\t\t\t\t<p>  Routers universales de acceso y capa de agregaci\u00f3n, optimizados para entornos dif\u00edciles y uso en redes MPLS Ethernet. Se caracterizan por una alta densidad de interfaces y tambi\u00e9n admiten servicios MPLS avanzados (L2VPN, IP VPN, VPLS). La compatibilidad con el protocolo de precisi\u00f3n horaria IEEE 1588 permite utilizar los routers de la serie ACX en redes m\u00f3viles, redes industriales u otras soluciones que requieran una sincronizaci\u00f3n horaria precisa entre nodos de red.<\/p>\n\t\t\t\t\t\t\t\t<\/div>\n\t\t\t\t<\/div>\n\t\t\t\t<div class=\"elementor-element elementor-element-e9d17a3 elementor-widget elementor-widget-image\" data-id=\"e9d17a3\" data-element_type=\"widget\" data-e-type=\"widget\" data-widget_type=\"image.default\">\n\t\t\t\t<div class=\"elementor-widget-container\">\n\t\t\t\t\t\t\t\t\t\t\t\t\t\t\t<img decoding=\"async\" width=\"800\" height=\"152\" src=\"https:\/\/ramsdata.com.pl\/wp-content\/uploads\/2024\/03\/acx500-frontwtop-high-1024x195.jpg.webp\" class=\"attachment-large size-large wp-image-13999\" alt=\"\" srcset=\"https:\/\/ramsdata.com.pl\/wp-content\/uploads\/2024\/03\/acx500-frontwtop-high-1024x195.jpg.webp 1024w, https:\/\/ramsdata.com.pl\/wp-content\/uploads\/2024\/03\/acx500-frontwtop-high-1024x195.jpg-300x57.webp 300w, https:\/\/ramsdata.com.pl\/wp-content\/uploads\/2024\/03\/acx500-frontwtop-high-1024x195.jpg-768x146.webp 768w\" sizes=\"(max-width: 800px) 100vw, 800px\" \/>\t\t\t\t\t\t\t\t\t\t\t\t\t\t\t<\/div>\n\t\t\t\t<\/div>\n\t\t\t\t<\/div>\n\t\t<div class=\"elementor-element elementor-element-b06c29d e-con-full e-flex elementor-invisible e-con e-child\" data-id=\"b06c29d\" data-element_type=\"container\" data-e-type=\"container\" data-settings=\"{&quot;background_background&quot;:&quot;gradient&quot;,&quot;animation&quot;:&quot;fadeInUp&quot;,&quot;_ha_eqh_enable&quot;:false}\">\n\t\t\t\t<div class=\"elementor-element elementor-element-9d6cd7e elementor-widget elementor-widget-heading\" data-id=\"9d6cd7e\" data-element_type=\"widget\" data-e-type=\"widget\" data-widget_type=\"heading.default\">\n\t\t\t\t<div class=\"elementor-widget-container\">\n\t\t\t\t\t<h2 class=\"elementor-heading-title elementor-size-default\">SERIE PTX<\/h2>\t\t\t\t<\/div>\n\t\t\t\t<\/div>\n\t\t\t\t<div class=\"elementor-element elementor-element-66d0129 elementor-widget elementor-widget-text-editor\" data-id=\"66d0129\" data-element_type=\"widget\" data-e-type=\"widget\" data-widget_type=\"text-editor.default\">\n\t\t\t\t<div class=\"elementor-widget-container\">\n\t\t\t\t\t\t\t\t\t<p>La serie PTX se ha dise\u00f1ado pensando en las redes de operadores. Los dispositivos de esta serie son elegidos para el n\u00facleo de red por los mayores operadores de comunicaciones del mundo. Los productos de la serie PTX se caracterizan por su gran estabilidad operativa, fiabilidad, rendimiento (3 Tbps por ranura) y alta densidad de puertos de 10GbE, 40GbE y 100GbE. Al igual que la serie MX, los routers PTX funcionan con un chipset fabricado en los laboratorios de Juniper Networks. Las PTX tambi\u00e9n son adecuadas para soluciones de redes definidas por software (SDN).<\/p>\n\t\t\t\t\t\t\t\t<\/div>\n\t\t\t\t<\/div>\n\t\t\t\t<div class=\"elementor-element elementor-element-6d3b7b2 elementor-widget elementor-widget-image\" data-id=\"6d3b7b2\" data-element_type=\"widget\" data-e-type=\"widget\" data-widget_type=\"image.default\">\n\t\t\t\t<div class=\"elementor-widget-container\">\n\t\t\t\t\t\t\t\t\t\t\t\t\t\t\t<img loading=\"lazy\" decoding=\"async\" width=\"800\" height=\"294\" src=\"https:\/\/ramsdata.com.pl\/wp-content\/uploads\/2024\/03\/ptx10003-160c-frontwtop-high-1024x376.jpg.webp\" class=\"attachment-large size-large wp-image-14004\" alt=\"\" srcset=\"https:\/\/ramsdata.com.pl\/wp-content\/uploads\/2024\/03\/ptx10003-160c-frontwtop-high-1024x376.jpg.webp 1024w, https:\/\/ramsdata.com.pl\/wp-content\/uploads\/2024\/03\/ptx10003-160c-frontwtop-high-1024x376.jpg-300x110.webp 300w, https:\/\/ramsdata.com.pl\/wp-content\/uploads\/2024\/03\/ptx10003-160c-frontwtop-high-1024x376.jpg-768x282.webp 768w\" sizes=\"(max-width: 800px) 100vw, 800px\" \/>\t\t\t\t\t\t\t\t\t\t\t\t\t\t\t<\/div>\n\t\t\t\t<\/div>\n\t\t\t\t<\/div>\n\t\t\t\t<\/div>\n\t\t\t\t\t<\/div>\n\t\t\t\t<\/div>\n\t\t<div class=\"elementor-element elementor-element-92b3d91 e-flex e-con-boxed e-con e-parent\" data-id=\"92b3d91\" data-element_type=\"container\" data-e-type=\"container\" data-settings=\"{&quot;background_background&quot;:&quot;classic&quot;,&quot;_ha_eqh_enable&quot;:false}\">\n\t\t\t\t\t<div class=\"e-con-inner\">\n\t\t<div class=\"elementor-element elementor-element-091a3f4 e-con-full e-flex elementor-invisible e-con e-child\" data-id=\"091a3f4\" data-element_type=\"container\" data-e-type=\"container\" data-settings=\"{&quot;animation&quot;:&quot;fadeInLeft&quot;,&quot;_ha_eqh_enable&quot;:false}\">\n\t\t\t\t<div class=\"elementor-element elementor-element-c6a58cb elementor-widget elementor-widget-heading\" data-id=\"c6a58cb\" data-element_type=\"widget\" data-e-type=\"widget\" data-widget_type=\"heading.default\">\n\t\t\t\t<div class=\"elementor-widget-container\">\n\t\t\t\t\t<h2 class=\"elementor-heading-title elementor-size-default\">interruptores<\/h2>\t\t\t\t<\/div>\n\t\t\t\t<\/div>\n\t\t\t\t<\/div>\n\t\t<div class=\"elementor-element elementor-element-ebb9aa4 e-con-full e-flex e-con e-child\" data-id=\"ebb9aa4\" data-element_type=\"container\" data-e-type=\"container\" data-settings=\"{&quot;_ha_eqh_enable&quot;:false}\">\n\t\t<div class=\"elementor-element elementor-element-c0d00dd e-con-full e-flex elementor-invisible e-con e-child\" data-id=\"c0d00dd\" data-element_type=\"container\" data-e-type=\"container\" data-settings=\"{&quot;background_background&quot;:&quot;gradient&quot;,&quot;animation&quot;:&quot;fadeInUp&quot;,&quot;_ha_eqh_enable&quot;:false}\">\n\t\t\t\t<div class=\"elementor-element elementor-element-f1a1f5b elementor-widget elementor-widget-heading\" data-id=\"f1a1f5b\" data-element_type=\"widget\" data-e-type=\"widget\" data-widget_type=\"heading.default\">\n\t\t\t\t<div class=\"elementor-widget-container\">\n\t\t\t\t\t<h2 class=\"elementor-heading-title elementor-size-default\">SERIE EX<\/h2>\t\t\t\t<\/div>\n\t\t\t\t<\/div>\n\t\t\t\t<div class=\"elementor-element elementor-element-52b6dec elementor-widget elementor-widget-text-editor\" data-id=\"52b6dec\" data-element_type=\"widget\" data-e-type=\"widget\" data-widget_type=\"text-editor.default\">\n\t\t\t\t<div class=\"elementor-widget-container\">\n\t\t\t\t\t\t\t\t\t<p>Los interruptores de la serie EX, desde su llegada al mercado en 2008, han sido cada vez m\u00e1s populares entre los clientes. Las soluciones dise\u00f1adas para el mercado empresarial y las redes de campus tambi\u00e9n est\u00e1n encontrando el favor de los proveedores de servicios. Los conmutadores ofrecen alto rendimiento (velocidad de cable), capacidades de virtualizaci\u00f3n (chasis virtual, instancias virtuales), MPLS y funciones L3 enriquecidas (OSPF, RIP, IS-IS, BGP). La exclusiva soluci\u00f3n Virtual Chassis permite combinar distintos modelos de conmutadores en una sola pila, que funciona como un \u00fanico dispositivo l\u00f3gico que proporciona interfaces de 1\/10\/40 Gb.<\/p>\n\t\t\t\t\t\t\t\t<\/div>\n\t\t\t\t<\/div>\n\t\t\t\t<div class=\"elementor-element elementor-element-5fd523f elementor-widget elementor-widget-image\" data-id=\"5fd523f\" data-element_type=\"widget\" data-e-type=\"widget\" data-widget_type=\"image.default\">\n\t\t\t\t<div class=\"elementor-widget-container\">\n\t\t\t\t\t\t\t\t\t\t\t\t\t\t\t<img loading=\"lazy\" decoding=\"async\" width=\"800\" height=\"178\" src=\"https:\/\/ramsdata.com.pl\/wp-content\/uploads\/2024\/03\/ex4300-48p-frontwtop-high-1024x228.jpg.webp\" class=\"attachment-large size-large wp-image-14009\" alt=\"\" srcset=\"https:\/\/ramsdata.com.pl\/wp-content\/uploads\/2024\/03\/ex4300-48p-frontwtop-high-1024x228.jpg.webp 1024w, https:\/\/ramsdata.com.pl\/wp-content\/uploads\/2024\/03\/ex4300-48p-frontwtop-high-1024x228.jpg-300x67.webp 300w, https:\/\/ramsdata.com.pl\/wp-content\/uploads\/2024\/03\/ex4300-48p-frontwtop-high-1024x228.jpg-768x171.webp 768w\" sizes=\"(max-width: 800px) 100vw, 800px\" \/>\t\t\t\t\t\t\t\t\t\t\t\t\t\t\t<\/div>\n\t\t\t\t<\/div>\n\t\t\t\t<\/div>\n\t\t<div class=\"elementor-element elementor-element-6279ded e-con-full e-flex elementor-invisible e-con e-child\" data-id=\"6279ded\" data-element_type=\"container\" data-e-type=\"container\" data-settings=\"{&quot;background_background&quot;:&quot;gradient&quot;,&quot;animation&quot;:&quot;fadeInUp&quot;,&quot;_ha_eqh_enable&quot;:false}\">\n\t\t\t\t<div class=\"elementor-element elementor-element-26511e3 elementor-widget elementor-widget-heading\" data-id=\"26511e3\" data-element_type=\"widget\" data-e-type=\"widget\" data-widget_type=\"heading.default\">\n\t\t\t\t<div class=\"elementor-widget-container\">\n\t\t\t\t\t<h2 class=\"elementor-heading-title elementor-size-default\">SERIE QFX<\/h2>\t\t\t\t<\/div>\n\t\t\t\t<\/div>\n\t\t\t\t<div class=\"elementor-element elementor-element-145ae4a elementor-widget elementor-widget-text-editor\" data-id=\"145ae4a\" data-element_type=\"widget\" data-e-type=\"widget\" data-widget_type=\"text-editor.default\">\n\t\t\t\t<div class=\"elementor-widget-container\">\n\t\t\t\t\t\t\t\t\t<p>La familia de dispositivos QFX se ha dise\u00f1ado pensando principalmente en los centros de datos. Los conmutadores QFX se caracterizan por un rendimiento muy elevado, una alta densidad de puertos 10\/40\/100GbE y Fibre Channel y tiempos cortos de conmutaci\u00f3n de paquetes. Cuando se construye una red en un centro de datos, merece la pena utilizar la tecnolog\u00eda Virtual Chassis Fabric. VC Fabric, que funciona con la arquitectura Spine &amp; Leaf, permite que 32 conmutadores operen dentro de una \u00fanica unidad l\u00f3gica, lo que posibilita una conmutaci\u00f3n de paquetes eficiente mediante capacidades de equilibrio de carga en conexiones VC Fabric redundantes.<\/p>\n\t\t\t\t\t\t\t\t<\/div>\n\t\t\t\t<\/div>\n\t\t\t\t<div class=\"elementor-element elementor-element-89dc617 elementor-widget elementor-widget-image\" data-id=\"89dc617\" data-element_type=\"widget\" data-e-type=\"widget\" data-widget_type=\"image.default\">\n\t\t\t\t<div class=\"elementor-widget-container\">\n\t\t\t\t\t\t\t\t\t\t\t\t\t\t\t<img loading=\"lazy\" decoding=\"async\" width=\"800\" height=\"176\" src=\"https:\/\/ramsdata.com.pl\/wp-content\/uploads\/2024\/03\/1-1024x225.jpg.webp\" class=\"attachment-large size-large wp-image-14014\" alt=\"\" srcset=\"https:\/\/ramsdata.com.pl\/wp-content\/uploads\/2024\/03\/1-1024x225.jpg.webp 1024w, https:\/\/ramsdata.com.pl\/wp-content\/uploads\/2024\/03\/1-1024x225.jpg-300x66.webp 300w, https:\/\/ramsdata.com.pl\/wp-content\/uploads\/2024\/03\/1-1024x225.jpg-768x169.webp 768w\" sizes=\"(max-width: 800px) 100vw, 800px\" \/>\t\t\t\t\t\t\t\t\t\t\t\t\t\t\t<\/div>\n\t\t\t\t<\/div>\n\t\t\t\t<div class=\"elementor-element elementor-element-5b17b22 elementor-widget elementor-widget-image\" data-id=\"5b17b22\" data-element_type=\"widget\" data-e-type=\"widget\" data-widget_type=\"image.default\">\n\t\t\t\t<div class=\"elementor-widget-container\">\n\t\t\t\t\t\t\t\t\t\t\t\t\t\t\t<img loading=\"lazy\" decoding=\"async\" width=\"800\" height=\"159\" src=\"https:\/\/ramsdata.com.pl\/wp-content\/uploads\/2024\/03\/3-1024x203.jpg.webp\" class=\"attachment-large size-large wp-image-14019\" alt=\"\" srcset=\"https:\/\/ramsdata.com.pl\/wp-content\/uploads\/2024\/03\/3-1024x203.jpg.webp 1024w, https:\/\/ramsdata.com.pl\/wp-content\/uploads\/2024\/03\/3-1024x203.jpg-300x59.webp 300w, https:\/\/ramsdata.com.pl\/wp-content\/uploads\/2024\/03\/3-1024x203.jpg-768x152.webp 768w\" sizes=\"(max-width: 800px) 100vw, 800px\" \/>\t\t\t\t\t\t\t\t\t\t\t\t\t\t\t<\/div>\n\t\t\t\t<\/div>\n\t\t\t\t<\/div>\n\t\t\t\t<\/div>\n\t\t\t\t\t<\/div>\n\t\t\t\t<\/div>\n\t\t<div class=\"elementor-element elementor-element-1ff70de e-flex e-con-boxed e-con e-parent\" data-id=\"1ff70de\" data-element_type=\"container\" data-e-type=\"container\" data-settings=\"{&quot;background_background&quot;:&quot;classic&quot;,&quot;_ha_eqh_enable&quot;:false}\">\n\t\t\t\t\t<div class=\"e-con-inner\">\n\t\t<div class=\"elementor-element elementor-element-434e287 e-con-full e-flex elementor-invisible e-con e-child\" data-id=\"434e287\" data-element_type=\"container\" data-e-type=\"container\" data-settings=\"{&quot;animation&quot;:&quot;fadeInLeft&quot;,&quot;_ha_eqh_enable&quot;:false}\">\n\t\t\t\t<div class=\"elementor-element elementor-element-4c97e42 elementor-widget__width-initial elementor-widget elementor-widget-heading\" data-id=\"4c97e42\" data-element_type=\"widget\" data-e-type=\"widget\" data-widget_type=\"heading.default\">\n\t\t\t\t<div class=\"elementor-widget-container\">\n\t\t\t\t\t<h2 class=\"elementor-heading-title elementor-size-default\">interruptores<\/h2>\t\t\t\t<\/div>\n\t\t\t\t<\/div>\n\t\t\t\t<\/div>\n\t\t<div class=\"elementor-element elementor-element-63afdad e-con-full e-flex e-con e-child\" data-id=\"63afdad\" data-element_type=\"container\" data-e-type=\"container\" data-settings=\"{&quot;_ha_eqh_enable&quot;:false}\">\n\t\t<div class=\"elementor-element elementor-element-f6d9b3b e-con-full e-flex elementor-invisible e-con e-child\" data-id=\"f6d9b3b\" data-element_type=\"container\" data-e-type=\"container\" data-settings=\"{&quot;background_background&quot;:&quot;gradient&quot;,&quot;animation&quot;:&quot;fadeInUp&quot;,&quot;_ha_eqh_enable&quot;:false}\">\n\t\t\t\t<div class=\"elementor-element elementor-element-3364e54 elementor-widget elementor-widget-heading\" data-id=\"3364e54\" data-element_type=\"widget\" data-e-type=\"widget\" data-widget_type=\"heading.default\">\n\t\t\t\t<div class=\"elementor-widget-container\">\n\t\t\t\t\t<h2 class=\"elementor-heading-title elementor-size-default\">SERIE SRX<\/h2>\t\t\t\t<\/div>\n\t\t\t\t<\/div>\n\t\t\t\t<div class=\"elementor-element elementor-element-040f3f8 elementor-widget elementor-widget-text-editor\" data-id=\"040f3f8\" data-element_type=\"widget\" data-e-type=\"widget\" data-widget_type=\"text-editor.default\">\n\t\t\t\t<div class=\"elementor-widget-container\">\n\t\t\t\t\t\t\t\t\t<p>  Los interruptores de la serie EX, desde su llegada al mercado en 2008, han sido cada vez m\u00e1s populares entre los clientes. Las soluciones dise\u00f1adas para el mercado empresarial y las redes de campus tambi\u00e9n est\u00e1n encontrando el favor de los proveedores de servicios. Los conmutadores ofrecen alto rendimiento (velocidad de cable), capacidades de virtualizaci\u00f3n (chasis virtual, instancias virtuales), MPLS y funciones L3 enriquecidas (OSPF, RIP, IS-IS, BGP). La exclusiva soluci\u00f3n Virtual Chassis permite combinar distintos modelos de conmutadores en una sola pila, que funciona como un \u00fanico dispositivo l\u00f3gico que proporciona interfaces de 1\/10\/40 Gb.<\/p>\n\t\t\t\t\t\t\t\t<\/div>\n\t\t\t\t<\/div>\n\t\t\t\t<div class=\"elementor-element elementor-element-8167b56 elementor-widget elementor-widget-image\" data-id=\"8167b56\" data-element_type=\"widget\" data-e-type=\"widget\" data-widget_type=\"image.default\">\n\t\t\t\t<div class=\"elementor-widget-container\">\n\t\t\t\t\t\t\t\t\t\t\t\t\t\t\t<img loading=\"lazy\" decoding=\"async\" width=\"800\" height=\"160\" src=\"https:\/\/ramsdata.com.pl\/wp-content\/uploads\/2024\/03\/srx300-frontwtop-high-1024x205.jpg.webp\" class=\"attachment-large size-large wp-image-14024\" alt=\"\" srcset=\"https:\/\/ramsdata.com.pl\/wp-content\/uploads\/2024\/03\/srx300-frontwtop-high-1024x205.jpg.webp 1024w, https:\/\/ramsdata.com.pl\/wp-content\/uploads\/2024\/03\/srx300-frontwtop-high-1024x205.jpg-300x60.webp 300w, https:\/\/ramsdata.com.pl\/wp-content\/uploads\/2024\/03\/srx300-frontwtop-high-1024x205.jpg-768x154.webp 768w\" sizes=\"(max-width: 800px) 100vw, 800px\" \/>\t\t\t\t\t\t\t\t\t\t\t\t\t\t\t<\/div>\n\t\t\t\t<\/div>\n\t\t\t\t<\/div>\n\t\t\t\t<\/div>\n\t\t\t\t\t<\/div>\n\t\t\t\t<\/div>\n\t\t\t\t<\/div>\n\t\t","protected":false},"excerpt":{"rendered":"<p>REDES JUNIPER uno de los mayores fabricantes mundiales de equipos de red. La empresa tiene su sede en Sunnyvale, California (EE.UU.). En la actualidad, la empresa es uno de los principales fabricantes de equipos de red. Su cartera cubre casi todas las \u00e1reas del mercado de productos de datos por cable, incluidos routers de alto [&hellip;]<\/p>\n","protected":false},"author":1,"featured_media":0,"parent":14791,"menu_order":0,"comment_status":"closed","ping_status":"closed","template":"","meta":{"_acf_changed":false,"om_disable_all_campaigns":false,"_monsterinsights_skip_tracking":false,"_monsterinsights_sitenote_active":false,"_monsterinsights_sitenote_note":"","_monsterinsights_sitenote_category":0,"_uf_show_specific_survey":0,"_uf_disable_surveys":false,"footnotes":""},"class_list":["post-15228","page","type-page","status-publish","hentry"],"acf":[],"aioseo_notices":[],"_links":{"self":[{"href":"https:\/\/ramsdata.com.pl\/es\/wp-json\/wp\/v2\/pages\/15228","targetHints":{"allow":["GET"]}}],"collection":[{"href":"https:\/\/ramsdata.com.pl\/es\/wp-json\/wp\/v2\/pages"}],"about":[{"href":"https:\/\/ramsdata.com.pl\/es\/wp-json\/wp\/v2\/types\/page"}],"author":[{"embeddable":true,"href":"https:\/\/ramsdata.com.pl\/es\/wp-json\/wp\/v2\/users\/1"}],"replies":[{"embeddable":true,"href":"https:\/\/ramsdata.com.pl\/es\/wp-json\/wp\/v2\/comments?post=15228"}],"version-history":[{"count":3,"href":"https:\/\/ramsdata.com.pl\/es\/wp-json\/wp\/v2\/pages\/15228\/revisions"}],"predecessor-version":[{"id":15331,"href":"https:\/\/ramsdata.com.pl\/es\/wp-json\/wp\/v2\/pages\/15228\/revisions\/15331"}],"up":[{"embeddable":true,"href":"https:\/\/ramsdata.com.pl\/es\/wp-json\/wp\/v2\/pages\/14791"}],"wp:attachment":[{"href":"https:\/\/ramsdata.com.pl\/es\/wp-json\/wp\/v2\/media?parent=15228"}],"curies":[{"name":"wp","href":"https:\/\/api.w.org\/{rel}","templated":true}]}}