{"id":15110,"date":"2024-03-03T11:44:35","date_gmt":"2024-03-03T11:44:35","guid":{"rendered":"https:\/\/ramsdata.com.pl\/oferta\/"},"modified":"2024-03-18T04:10:54","modified_gmt":"2024-03-18T04:10:54","slug":"oferta","status":"publish","type":"page","link":"https:\/\/ramsdata.com.pl\/es\/oferta\/","title":{"rendered":"OFERTA"},"content":{"rendered":"\t\t<div data-elementor-type=\"wp-page\" data-elementor-id=\"15110\" class=\"elementor elementor-15110 elementor-10678\" data-elementor-settings=\"{&quot;ha_cmc_init_switcher&quot;:&quot;no&quot;}\" data-elementor-post-type=\"page\">\n\t\t\t\t<div class=\"elementor-element elementor-element-5a3954fd e-flex e-con-boxed e-con e-parent\" data-id=\"5a3954fd\" data-element_type=\"container\" data-e-type=\"container\" data-settings=\"{&quot;background_background&quot;:&quot;classic&quot;,&quot;_ha_eqh_enable&quot;:false}\">\n\t\t\t\t\t<div class=\"e-con-inner\">\n\t\t\t\t<div class=\"elementor-element elementor-element-4b176b33 elementor-view-stacked elementor-shape-circle elementor-position-block-start elementor-mobile-position-block-start elementor-widget elementor-widget-icon-box\" data-id=\"4b176b33\" data-element_type=\"widget\" data-e-type=\"widget\" data-widget_type=\"icon-box.default\">\n\t\t\t\t<div class=\"elementor-widget-container\">\n\t\t\t\t\t\t\t<div class=\"elementor-icon-box-wrapper\">\n\n\t\t\t\t\t\t<div class=\"elementor-icon-box-icon\">\n\t\t\t\t<span  class=\"elementor-icon\">\n\t\t\t\t<svg aria-hidden=\"true\" class=\"e-font-icon-svg e-fas-globe-africa\" viewBox=\"0 0 496 512\" xmlns=\"http:\/\/www.w3.org\/2000\/svg\"><path d=\"M248 8C111.03 8 0 119.03 0 256s111.03 248 248 248 248-111.03 248-248S384.97 8 248 8zm160 215.5v6.93c0 5.87-3.32 11.24-8.57 13.86l-15.39 7.7a15.485 15.485 0 0 1-15.53-.97l-18.21-12.14a15.52 15.52 0 0 0-13.5-1.81l-2.65.88c-9.7 3.23-13.66 14.79-7.99 23.3l13.24 19.86c2.87 4.31 7.71 6.9 12.89 6.9h8.21c8.56 0 15.5 6.94 15.5 15.5v11.34c0 3.35-1.09 6.62-3.1 9.3l-18.74 24.98c-1.42 1.9-2.39 4.1-2.83 6.43l-4.3 22.83c-.62 3.29-2.29 6.29-4.76 8.56a159.608 159.608 0 0 0-25 29.16l-13.03 19.55a27.756 27.756 0 0 1-23.09 12.36c-10.51 0-20.12-5.94-24.82-15.34a78.902 78.902 0 0 1-8.33-35.29V367.5c0-8.56-6.94-15.5-15.5-15.5h-25.88c-14.49 0-28.38-5.76-38.63-16a54.659 54.659 0 0 1-16-38.63v-14.06c0-17.19 8.1-33.38 21.85-43.7l27.58-20.69a54.663 54.663 0 0 1 32.78-10.93h.89c8.48 0 16.85 1.97 24.43 5.77l14.72 7.36c3.68 1.84 7.93 2.14 11.83.84l47.31-15.77c6.33-2.11 10.6-8.03 10.6-14.7 0-8.56-6.94-15.5-15.5-15.5h-10.09c-4.11 0-8.05-1.63-10.96-4.54l-6.92-6.92a15.493 15.493 0 0 0-10.96-4.54H199.5c-8.56 0-15.5-6.94-15.5-15.5v-4.4c0-7.11 4.84-13.31 11.74-15.04l14.45-3.61c3.74-.94 7-3.23 9.14-6.44l8.08-12.11c2.87-4.31 7.71-6.9 12.89-6.9h24.21c8.56 0 15.5-6.94 15.5-15.5v-21.7C359.23 71.63 422.86 131.02 441.93 208H423.5c-8.56 0-15.5 6.94-15.5 15.5z\"><\/path><\/svg>\t\t\t\t<\/span>\n\t\t\t<\/div>\n\t\t\t\n\t\t\t\t\t\t<div class=\"elementor-icon-box-content\">\n\n\t\t\t\t\n\t\t\t\t\t\t\t\t\t<p class=\"elementor-icon-box-description\">\n\t\t\t\t\t\tComo proveedor de sistemas TIC, ofrecemos muchos productos de fabricantes de renombre. Realizamos proyectos cuyos componentes son soluciones disponibles o no disponibles en el mercado polaco. La mayor parte de nuestra oferta es software. Ofrecemos cientos de tipos diferentes de licencias, lo que nos permite satisfacer las necesidades de la mayor\u00eda de los clientes en cuanto a calidad y pertinencia de las soluciones.\n\nAdem\u00e1s de suministrar sistemas y productos, ofrecemos servicios de implantaci\u00f3n, consultor\u00eda y asistencia t\u00e9cnica. Proporcionamos soporte de primera y segunda l\u00ednea para las soluciones m\u00e1s avanzadas y cr\u00edticas en cuanto al cumplimiento de su funci\u00f3n en la infraestructura del cliente. Los destinatarios de estos servicios requieren un nivel adecuado de conocimientos t\u00e9cnicos, un diagn\u00f3stico r\u00e1pido del problema y una respuesta \u00e1gil ante cualquier fallo.\t\t\t\t\t<\/p>\n\t\t\t\t\n\t\t\t<\/div>\n\t\t\t\n\t\t<\/div>\n\t\t\t\t\t\t<\/div>\n\t\t\t\t<\/div>\n\t\t\t\t\t<\/div>\n\t\t\t\t<\/div>\n\t\t<div class=\"elementor-element elementor-element-2956d131 e-flex e-con-boxed e-con e-child\" data-id=\"2956d131\" data-element_type=\"container\" data-e-type=\"container\" data-settings=\"{&quot;_ha_eqh_enable&quot;:false}\">\n\t\t\t\t\t<div class=\"e-con-inner\">\n\t\t<div class=\"elementor-element elementor-element-9463318 e-con-full e-flex e-con e-child\" data-id=\"9463318\" data-element_type=\"container\" data-e-type=\"container\" data-settings=\"{&quot;_ha_eqh_enable&quot;:false}\">\n\t\t\t\t<div class=\"elementor-element elementor-element-6af3477 elementor-align-center elementor-widget elementor-widget-button\" data-id=\"6af3477\" data-element_type=\"widget\" data-e-type=\"widget\" data-widget_type=\"button.default\">\n\t\t\t\t<div class=\"elementor-widget-container\">\n\t\t\t\t\t\t\t\t\t<div class=\"elementor-button-wrapper\">\n\t\t\t\t\t<a class=\"elementor-button elementor-button-link elementor-size-xl elementor-animation-float\" href=\"https:\/\/ramsdata.com.pl\/es\/oferta\/tecnologias\/\">\n\t\t\t\t\t\t<span class=\"elementor-button-content-wrapper\">\n\t\t\t\t\t\t\t\t\t<span class=\"elementor-button-text\">TECNOLOG\u00cdAS<\/span>\n\t\t\t\t\t<\/span>\n\t\t\t\t\t<\/a>\n\t\t\t\t<\/div>\n\t\t\t\t\t\t\t\t<\/div>\n\t\t\t\t<\/div>\n\t\t\t\t<\/div>\n\t\t<div class=\"elementor-element elementor-element-ee86d07 e-con-full e-flex e-con e-child\" data-id=\"ee86d07\" data-element_type=\"container\" data-e-type=\"container\" data-settings=\"{&quot;_ha_eqh_enable&quot;:false}\">\n\t\t\t\t<div class=\"elementor-element elementor-element-619073b elementor-align-center elementor-widget elementor-widget-button\" data-id=\"619073b\" data-element_type=\"widget\" data-e-type=\"widget\" data-widget_type=\"button.default\">\n\t\t\t\t<div class=\"elementor-widget-container\">\n\t\t\t\t\t\t\t\t\t<div class=\"elementor-button-wrapper\">\n\t\t\t\t\t<a class=\"elementor-button elementor-button-link elementor-size-xl elementor-animation-float\" href=\"https:\/\/ramsdata.com.pl\/es\/oferta\/software\/\">\n\t\t\t\t\t\t<span class=\"elementor-button-content-wrapper\">\n\t\t\t\t\t\t\t\t\t<span class=\"elementor-button-text\">SOFTWARE<\/span>\n\t\t\t\t\t<\/span>\n\t\t\t\t\t<\/a>\n\t\t\t\t<\/div>\n\t\t\t\t\t\t\t\t<\/div>\n\t\t\t\t<\/div>\n\t\t\t\t<\/div>\n\t\t<div class=\"elementor-element elementor-element-f7009d6 e-con-full e-flex e-con e-child\" data-id=\"f7009d6\" data-element_type=\"container\" data-e-type=\"container\" data-settings=\"{&quot;_ha_eqh_enable&quot;:false}\">\n\t\t\t\t<div class=\"elementor-element elementor-element-aef1dea elementor-align-center elementor-widget elementor-widget-button\" data-id=\"aef1dea\" data-element_type=\"widget\" data-e-type=\"widget\" data-widget_type=\"button.default\">\n\t\t\t\t<div class=\"elementor-widget-container\">\n\t\t\t\t\t\t\t\t\t<div class=\"elementor-button-wrapper\">\n\t\t\t\t\t<a class=\"elementor-button elementor-button-link elementor-size-xl elementor-animation-float\" href=\"https:\/\/ramsdata.com.pl\/es\/oferta\/soluciones-sectoriales\/\">\n\t\t\t\t\t\t<span class=\"elementor-button-content-wrapper\">\n\t\t\t\t\t\t\t\t\t<span class=\"elementor-button-text\">SOLUCIONES<\/span>\n\t\t\t\t\t<\/span>\n\t\t\t\t\t<\/a>\n\t\t\t\t<\/div>\n\t\t\t\t\t\t\t\t<\/div>\n\t\t\t\t<\/div>\n\t\t\t\t<\/div>\n\t\t\t\t\t<\/div>\n\t\t\t\t<\/div>\n\t\t<div class=\"elementor-element elementor-element-55de86c0 e-flex e-con-boxed e-con e-parent\" data-id=\"55de86c0\" data-element_type=\"container\" data-e-type=\"container\" data-settings=\"{&quot;background_background&quot;:&quot;classic&quot;,&quot;_ha_eqh_enable&quot;:false}\">\n\t\t\t\t\t<div class=\"e-con-inner\">\n\t\t<div class=\"elementor-element elementor-element-176aaeed e-con-full e-flex e-con e-child\" data-id=\"176aaeed\" data-element_type=\"container\" data-e-type=\"container\" data-settings=\"{&quot;_ha_eqh_enable&quot;:false}\">\n\t\t<div class=\"elementor-element elementor-element-170871c9 e-flex e-con-boxed e-con e-child\" data-id=\"170871c9\" data-element_type=\"container\" data-e-type=\"container\" data-settings=\"{&quot;_ha_eqh_enable&quot;:false}\">\n\t\t\t\t\t<div class=\"e-con-inner\">\n\t\t\t\t<div class=\"elementor-element elementor-element-5ddc15b elementor-widget elementor-widget-text-editor\" data-id=\"5ddc15b\" data-element_type=\"widget\" data-e-type=\"widget\" data-widget_type=\"text-editor.default\">\n\t\t\t\t<div class=\"elementor-widget-container\">\n\t\t\t\t\t\t\t\t\t<p>Si lo desea, tambi\u00e9n ofrecemos contratos de servicio y mantenimiento para sistemas inform\u00e1ticos.<\/p>\n<p>El alcance del contrato incluye la supervisi\u00f3n de:<\/p>\n<ul>\n<li>Conmutadores y enrutadores de red<br \/>Redes inal\u00e1mbricas<\/li>\n<li>Software de control y contabilidad para impresiones y copias<\/li>\n<li>Servicio de asistencia y espacio de trabajo<\/li>\n<li>Software de gesti\u00f3n de documentos<\/li>\n<li>Software para supervisar y proteger los activos inform\u00e1ticos<\/li>\n<\/ul>\n\t\t\t\t\t\t\t\t<\/div>\n\t\t\t\t<\/div>\n\t\t\t\t\t<\/div>\n\t\t\t\t<\/div>\n\t\t\t\t<\/div>\n\t\t<div class=\"elementor-element elementor-element-433ae5c4 e-con-full e-flex e-con e-child\" data-id=\"433ae5c4\" data-element_type=\"container\" data-e-type=\"container\" data-settings=\"{&quot;background_background&quot;:&quot;classic&quot;,&quot;_ha_eqh_enable&quot;:false}\">\n\t\t\t\t<div class=\"elementor-element elementor-element-3c4cc19 elementor-widget elementor-widget-image\" data-id=\"3c4cc19\" data-element_type=\"widget\" data-e-type=\"widget\" data-widget_type=\"image.default\">\n\t\t\t\t<div class=\"elementor-widget-container\">\n\t\t\t\t\t\t\t\t\t\t\t\t\t\t\t<img fetchpriority=\"high\" decoding=\"async\" width=\"800\" height=\"382\" src=\"https:\/\/ramsdata.com.pl\/wp-content\/uploads\/2024\/03\/img-decor-2.png.webp\" class=\"attachment-large size-large wp-image-13929\" alt=\"\" srcset=\"https:\/\/ramsdata.com.pl\/wp-content\/uploads\/2024\/03\/img-decor-2.png.webp 833w, https:\/\/ramsdata.com.pl\/wp-content\/uploads\/2024\/03\/img-decor-2.png-300x143.webp 300w, https:\/\/ramsdata.com.pl\/wp-content\/uploads\/2024\/03\/img-decor-2.png-768x367.webp 768w\" sizes=\"(max-width: 800px) 100vw, 800px\" \/>\t\t\t\t\t\t\t\t\t\t\t\t\t\t\t<\/div>\n\t\t\t\t<\/div>\n\t\t\t\t<\/div>\n\t\t\t\t\t<\/div>\n\t\t\t\t<\/div>\n\t\t\t\t<\/div>\n\t\t","protected":false},"excerpt":{"rendered":"<p>Como proveedor de sistemas TIC, ofrecemos muchos productos de fabricantes de renombre. Realizamos proyectos cuyos componentes son soluciones disponibles o no disponibles en el mercado polaco. La mayor parte de nuestra oferta es software. Ofrecemos cientos de tipos diferentes de licencias, lo que nos permite satisfacer las necesidades de la mayor\u00eda de los clientes en [&hellip;]<\/p>\n","protected":false},"author":1,"featured_media":0,"parent":0,"menu_order":0,"comment_status":"closed","ping_status":"closed","template":"","meta":{"_acf_changed":false,"om_disable_all_campaigns":false,"_monsterinsights_skip_tracking":false,"_monsterinsights_sitenote_active":false,"_monsterinsights_sitenote_note":"","_monsterinsights_sitenote_category":0,"_uf_show_specific_survey":0,"_uf_disable_surveys":false,"footnotes":""},"class_list":["post-15110","page","type-page","status-publish","hentry"],"acf":[],"aioseo_notices":[],"_links":{"self":[{"href":"https:\/\/ramsdata.com.pl\/es\/wp-json\/wp\/v2\/pages\/15110","targetHints":{"allow":["GET"]}}],"collection":[{"href":"https:\/\/ramsdata.com.pl\/es\/wp-json\/wp\/v2\/pages"}],"about":[{"href":"https:\/\/ramsdata.com.pl\/es\/wp-json\/wp\/v2\/types\/page"}],"author":[{"embeddable":true,"href":"https:\/\/ramsdata.com.pl\/es\/wp-json\/wp\/v2\/users\/1"}],"replies":[{"embeddable":true,"href":"https:\/\/ramsdata.com.pl\/es\/wp-json\/wp\/v2\/comments?post=15110"}],"version-history":[{"count":6,"href":"https:\/\/ramsdata.com.pl\/es\/wp-json\/wp\/v2\/pages\/15110\/revisions"}],"predecessor-version":[{"id":17208,"href":"https:\/\/ramsdata.com.pl\/es\/wp-json\/wp\/v2\/pages\/15110\/revisions\/17208"}],"wp:attachment":[{"href":"https:\/\/ramsdata.com.pl\/es\/wp-json\/wp\/v2\/media?parent=15110"}],"curies":[{"name":"wp","href":"https:\/\/api.w.org\/{rel}","templated":true}]}}