{"id":15107,"date":"2024-03-03T19:16:37","date_gmt":"2024-03-03T19:16:37","guid":{"rendered":"https:\/\/ramsdata.com.pl\/rodo\/"},"modified":"2024-03-16T11:23:27","modified_gmt":"2024-03-16T11:23:27","slug":"rodo","status":"publish","type":"page","link":"https:\/\/ramsdata.com.pl\/es\/rodo\/","title":{"rendered":"rodo"},"content":{"rendered":"\t\t<div data-elementor-type=\"wp-page\" data-elementor-id=\"15107\" class=\"elementor elementor-15107 elementor-10878\" data-elementor-settings=\"{&quot;ha_cmc_init_switcher&quot;:&quot;no&quot;}\" data-elementor-post-type=\"page\">\n\t\t\t\t<div class=\"elementor-element elementor-element-11ef9e8 e-flex e-con-boxed e-con e-parent\" data-id=\"11ef9e8\" data-element_type=\"container\" data-e-type=\"container\" data-settings=\"{&quot;_ha_eqh_enable&quot;:false}\">\n\t\t\t\t\t<div class=\"e-con-inner\">\n\t\t\t\t<div class=\"elementor-element elementor-element-1cd21ee elementor-widget elementor-widget-text-editor\" data-id=\"1cd21ee\" data-element_type=\"widget\" data-e-type=\"widget\" data-widget_type=\"text-editor.default\">\n\t\t\t\t<div class=\"elementor-widget-container\">\n\t\t\t\t\t\t\t\t\t<div class=\"elementor-element elementor-element-97f3bcf elementor-widget elementor-widget-heading\" data-id=\"97f3bcf\" data-element_type=\"widget\" data-widget_type=\"heading.default\">\n<div class=\"elementor-widget-container\">\n<h1 class=\"elementor-heading-title elementor-size-default\">Pol\u00edtica de privacidad<\/h1>\n<\/div>\n<\/div>\n<div class=\"elementor-element elementor-element-623a805 elementor-widget elementor-widget-text-editor\" data-id=\"623a805\" data-element_type=\"widget\" data-widget_type=\"text-editor.default\">\n<div class=\"elementor-widget-container\">\n<p><strong>1. informaci\u00f3n general.<br \/><\/strong><br \/>El Servicio realiza funciones para obtener informaci\u00f3n sobre los usuarios y su comportamiento de las siguientes maneras:<br \/>\u25e6 A trav\u00e9s de la informaci\u00f3n introducida voluntariamente en los formularios.<br \/>\u25e6 Almacenando cookies (las denominadas \u00abcookies\u00bb) en el equipo terminal.<br \/>\u25e6 Recopilando los registros del servidor web.<\/p>\n<p><strong>2. informaci\u00f3n en los formularios.<br \/><\/strong><br \/>El servicio recoge informaci\u00f3n facilitada voluntariamente por el usuario.<br \/>Adem\u00e1s, el servicio puede guardar informaci\u00f3n sobre los par\u00e1metros de conexi\u00f3n (marca de tiempo, direcci\u00f3n IP)<br \/>Los datos del formulario no se ponen a disposici\u00f3n de terceros salvo con el consentimiento del usuario.<br \/>Los datos facilitados en el formulario pueden constituir un conjunto de clientes potenciales, inscritos por el Operador del Sitio Web en el registro llevado por el Inspector General de Protecci\u00f3n de Datos Personales.<br \/>Los datos facilitados en el formulario se procesan con la finalidad que se deriva de la funci\u00f3n del formulario espec\u00edfico, por ejemplo, tramitar una solicitud de servicio o establecer un contacto comercial.<br \/>Los datos facilitados en los formularios podr\u00e1n ser transmitidos a entidades que realicen t\u00e9cnicamente determinados servicios -en particular, se trata de la transmisi\u00f3n de informaci\u00f3n sobre el titular del dominio registrado a entidades que sean operadores de dominios de Internet (sobre todo, la Red Inform\u00e1tica Cient\u00edfica y Acad\u00e9mica j.b.r &#8211; NASK), servicios de gesti\u00f3n de pagos u otras entidades con las que el Operador del Sitio Web colabore a este respecto.<\/p>\n<p><strong>3 Informaci\u00f3n sobre cookies.<\/strong><\/p>\n<p>El sitio web utiliza cookies.<br \/>Las cookies (denominadas \u00abcookies\u00bb) son datos inform\u00e1ticos, en particular archivos de texto, que se almacenan en el equipo terminal del Usuario del Servicio y est\u00e1n destinadas a ser utilizadas en el Sitio Web. Las cookies suelen contener el nombre del sitio web del que proceden, el tiempo que permanecen almacenadas en el dispositivo final y un n\u00famero \u00fanico.<br \/>La entidad que coloca cookies en el equipo terminal del Usuario del Servicio y accede a ellas es el Operador del Servicio.<\/p>\n<p><strong>Las cookies se utilizan para los siguientes fines:<\/strong><\/p>\n<p>\u25e6 crear estad\u00edsticas que nos ayuden a comprender c\u00f3mo utilizan los Usuarios del Sitio Web los Sitios Web para que podamos mejorar su estructura y contenido;<br \/>\u25e6 mantenimiento de una sesi\u00f3n del Usuario del Servicio (despu\u00e9s de iniciar sesi\u00f3n), gracias a la cual el Usuario no tiene que volver a introducir su nombre de usuario y contrase\u00f1a en cada subp\u00e1gina del Servicio;<br \/>la elaboraci\u00f3n de perfiles del usuario con el fin de mostrarle material personalizado en redes publicitarias, en particular la red de Google.<\/p>\n<p>El Sitio Web utiliza dos tipos principales de cookies: \u00abcookies de sesi\u00f3n\u00bb y \u00abcookies permanentes\u00bb (cookies persistentes). Las cookies de \u00absesi\u00f3n\u00bb son archivos temporales que se almacenan en el equipo terminal del Usuario hasta que \u00e9ste cierra la sesi\u00f3n, abandona el sitio web o apaga el software (navegador web). Las cookies \u00abpermanentes\u00bb se almacenan en el equipo terminal del Usuario durante el tiempo especificado en los par\u00e1metros de las cookies o hasta que el Usuario las elimina.<br \/>El software de navegaci\u00f3n web (navegador web) suele permitir por defecto el almacenamiento de cookies en el dispositivo terminal del Usuario. Los usuarios del Servicio pueden modificar su configuraci\u00f3n a este respecto. Su navegador web le permite eliminar las cookies. Tambi\u00e9n es posible bloquear autom\u00e1ticamente las cookies. Para m\u00e1s detalles, consulte la ayuda o la documentaci\u00f3n de su navegador.<br \/>Las restricciones en el uso de cookies pueden afectar a algunas de las funciones disponibles en el sitio web.<br \/>Las cookies se colocan en el equipo terminal del Usuario del Servicio y tambi\u00e9n pueden ser utilizadas por anunciantes y socios que cooperan con el Operador del Servicio.<br \/>Recomendamos leer las pol\u00edticas de privacidad de estas empresas para entender el uso de las cookies utilizadas en las estad\u00edsticas: Pol\u00edtica de privacidad de Google Analytics<br \/>Las cookies pueden ser utilizadas por redes publicitarias, en particular la red de Google, para mostrar anuncios adaptados a la forma en que usted utiliza el sitio web. Para ello, pueden conservar informaci\u00f3n sobre la ruta de navegaci\u00f3n del usuario o el tiempo que permaneci\u00f3 en una p\u00e1gina determinada.<\/p>\n<p><strong>4. registros del servidor.<\/strong><\/p>\n<p>La informaci\u00f3n sobre determinados comportamientos de los usuarios se registra en el servidor. Estos datos se utilizan exclusivamente para la administraci\u00f3n del sitio web y para garantizar que los servicios de alojamiento proporcionados funcionen de la forma m\u00e1s eficiente posible.<\/p>\n<p><strong>Los recursos visualizados se identifican mediante URL. Adem\u00e1s, el registro puede estar sujeto a:<\/strong><\/p>\n<p>\u25e6 Hora de llegada de la consulta,<br \/>\u25e6 Hora de env\u00edo de la respuesta,<br \/>\u25e6 Nombre de la estaci\u00f3n cliente &#8211; identificaci\u00f3n mediante protocolo HTTP,<br \/>\u25e6 Informaci\u00f3n sobre los errores ocurridos durante la ejecuci\u00f3n de la transacci\u00f3n HTTP,<br \/>la URL de una p\u00e1gina visitada previamente por el usuario (enlace de referencia), en caso de que se haya accedido al sitio web a trav\u00e9s de un enlace,<br \/>\u25e6 Informaci\u00f3n del navegador del usuario,<br \/>\u25e6 Informaci\u00f3n sobre la direcci\u00f3n IP.<br \/>Los datos anteriores no est\u00e1n asociados a visitantes concretos.<br \/>Estos datos s\u00f3lo se utilizan para la administraci\u00f3n del servidor.<\/p>\n<p><strong>5 Intercambio de datos.<\/strong><\/p>\n<p>Los datos s\u00f3lo se comparten con terceros dentro de los l\u00edmites legales.<br \/>Los datos personales de una persona s\u00f3lo se comparten con su consentimiento.<br \/>El Operador puede tener la obligaci\u00f3n de proporcionar informaci\u00f3n recopilada por el Servicio a las autoridades autorizadas sobre la base de solicitudes legales en la medida de la solicitud.<\/p>\n<p><strong>6 Gesti\u00f3n de cookies: \u00bfc\u00f3mo dar y retirar el consentimiento en la pr\u00e1ctica?<\/strong><\/p>\n<p>Si no desea recibir cookies, puede cambiar la configuraci\u00f3n de su navegador. Tenga en cuenta que deshabilitar las cookies que son esenciales para los procesos de autenticaci\u00f3n, seguridad, mantenimiento de las preferencias del usuario puede dificultar, y en casos extremos puede hacer imposible, el uso de los sitios web<\/p>\n<p>Para gestionar la configuraci\u00f3n de las cookies, seleccione su navegador\/sistema de Internet de la lista siguiente y siga las instrucciones:<br \/>Internet Explorer<br \/>\u25e6 Cromo<br \/>Safari<br \/>\u25e6 Firefox<br \/>\u00d3pera<br \/>\u25e6 Android<br \/>Safari (iOS)<br \/>Windows Phone<\/p>\n<\/div>\n<\/div>\n\t\t\t\t\t\t\t\t<\/div>\n\t\t\t\t<\/div>\n\t\t\t\t\t<\/div>\n\t\t\t\t<\/div>\n\t\t\t\t<\/div>\n\t\t","protected":false},"excerpt":{"rendered":"<p>Pol\u00edtica de privacidad 1. informaci\u00f3n general.El Servicio realiza funciones para obtener informaci\u00f3n sobre los usuarios y su comportamiento de las siguientes maneras:\u25e6 A trav\u00e9s de la informaci\u00f3n introducida voluntariamente en los formularios.\u25e6 Almacenando cookies (las denominadas \u00abcookies\u00bb) en el equipo terminal.\u25e6 Recopilando los registros del servidor web. 2. informaci\u00f3n en los formularios.El servicio recoge informaci\u00f3n [&hellip;]<\/p>\n","protected":false},"author":1,"featured_media":0,"parent":0,"menu_order":0,"comment_status":"closed","ping_status":"closed","template":"","meta":{"_acf_changed":false,"om_disable_all_campaigns":false,"_monsterinsights_skip_tracking":false,"_monsterinsights_sitenote_active":false,"_monsterinsights_sitenote_note":"","_monsterinsights_sitenote_category":0,"_uf_show_specific_survey":0,"_uf_disable_surveys":false,"footnotes":""},"class_list":["post-15107","page","type-page","status-publish","hentry"],"acf":[],"aioseo_notices":[],"_links":{"self":[{"href":"https:\/\/ramsdata.com.pl\/es\/wp-json\/wp\/v2\/pages\/15107","targetHints":{"allow":["GET"]}}],"collection":[{"href":"https:\/\/ramsdata.com.pl\/es\/wp-json\/wp\/v2\/pages"}],"about":[{"href":"https:\/\/ramsdata.com.pl\/es\/wp-json\/wp\/v2\/types\/page"}],"author":[{"embeddable":true,"href":"https:\/\/ramsdata.com.pl\/es\/wp-json\/wp\/v2\/users\/1"}],"replies":[{"embeddable":true,"href":"https:\/\/ramsdata.com.pl\/es\/wp-json\/wp\/v2\/comments?post=15107"}],"version-history":[{"count":1,"href":"https:\/\/ramsdata.com.pl\/es\/wp-json\/wp\/v2\/pages\/15107\/revisions"}],"predecessor-version":[{"id":15112,"href":"https:\/\/ramsdata.com.pl\/es\/wp-json\/wp\/v2\/pages\/15107\/revisions\/15112"}],"wp:attachment":[{"href":"https:\/\/ramsdata.com.pl\/es\/wp-json\/wp\/v2\/media?parent=15107"}],"curies":[{"name":"wp","href":"https:\/\/api.w.org\/{rel}","templated":true}]}}