{"id":37086,"date":"2025-03-20T08:09:45","date_gmt":"2025-03-20T08:09:45","guid":{"rendered":"https:\/\/ramsdata.com.pl\/barracuda\/barracuda-netzwerkschutz-barracuda-networks\/"},"modified":"2025-03-22T01:24:59","modified_gmt":"2025-03-22T01:24:59","slug":"barracuda-netzwerkschutz-barracuda-networks","status":"publish","type":"page","link":"https:\/\/ramsdata.com.pl\/de\/barracuda\/barracuda-netzwerkschutz-barracuda-networks\/","title":{"rendered":"Barracuda Netzwerkschutz | Barracuda Networks"},"content":{"rendered":"\t\t<div data-elementor-type=\"wp-page\" data-elementor-id=\"37086\" class=\"elementor elementor-37086 elementor-35388\" data-elementor-settings=\"{&quot;ha_cmc_init_switcher&quot;:&quot;no&quot;}\" data-elementor-post-type=\"page\">\n\t\t\t\t<div class=\"elementor-element elementor-element-710f4df7 e-flex e-con-boxed e-con e-parent\" data-id=\"710f4df7\" data-element_type=\"container\" data-e-type=\"container\" data-settings=\"{&quot;background_background&quot;:&quot;classic&quot;,&quot;_ha_eqh_enable&quot;:false}\">\n\t\t\t\t\t<div class=\"e-con-inner\">\n\t\t<div class=\"elementor-element elementor-element-310724a6 e-con-full e-flex e-con e-child\" data-id=\"310724a6\" data-element_type=\"container\" data-e-type=\"container\" data-settings=\"{&quot;_ha_eqh_enable&quot;:false}\">\n\t\t\t\t<div class=\"elementor-element elementor-element-40f6056d elementor-widget elementor-widget-text-editor\" data-id=\"40f6056d\" data-element_type=\"widget\" data-e-type=\"widget\" data-widget_type=\"text-editor.default\">\n\t\t\t\t<div class=\"elementor-widget-container\">\n\t\t\t\t\t\t\t\t\tBarracuda Netzwerkschutz\n\t\t\t\t\t\t\t\t<\/div>\n\t\t\t\t<\/div>\n\t\t\t\t<div class=\"elementor-element elementor-element-368cd255 elementor-widget elementor-widget-heading\" data-id=\"368cd255\" data-element_type=\"widget\" data-e-type=\"widget\" data-widget_type=\"heading.default\">\n\t\t\t\t<div class=\"elementor-widget-container\">\n\t\t\t\t\t<h2 class=\"elementor-heading-title elementor-size-default\">Sch\u00fctzen und optimieren Sie Ihr Netzwerk.\n<\/h2>\t\t\t\t<\/div>\n\t\t\t\t<\/div>\n\t\t\t\t<div class=\"elementor-element elementor-element-64ede25 elementor-widget elementor-widget-button\" data-id=\"64ede25\" data-element_type=\"widget\" data-e-type=\"widget\" data-widget_type=\"button.default\">\n\t\t\t\t<div class=\"elementor-widget-container\">\n\t\t\t\t\t\t\t\t\t<div class=\"elementor-button-wrapper\">\n\t\t\t\t\t<a class=\"elementor-button elementor-button-link elementor-size-sm\" href=\"https:\/\/ramsdata.com.pl\/de\/kontakt\/\">\n\t\t\t\t\t\t<span class=\"elementor-button-content-wrapper\">\n\t\t\t\t\t\t\t\t\t<span class=\"elementor-button-text\">Sase erkunden<\/span>\n\t\t\t\t\t<\/span>\n\t\t\t\t\t<\/a>\n\t\t\t\t<\/div>\n\t\t\t\t\t\t\t\t<\/div>\n\t\t\t\t<\/div>\n\t\t\t\t<\/div>\n\t\t<div class=\"elementor-element elementor-element-1a4d6d04 e-con-full e-flex e-con e-child\" data-id=\"1a4d6d04\" data-element_type=\"container\" data-e-type=\"container\" data-settings=\"{&quot;_ha_eqh_enable&quot;:false}\">\n\t\t\t\t<\/div>\n\t\t\t\t\t<\/div>\n\t\t\t\t<\/div>\n\t\t<div class=\"elementor-element elementor-element-5cce1643 e-flex e-con-boxed e-con e-parent\" data-id=\"5cce1643\" data-element_type=\"container\" data-e-type=\"container\" data-settings=\"{&quot;background_background&quot;:&quot;classic&quot;,&quot;_ha_eqh_enable&quot;:false}\">\n\t\t\t\t\t<div class=\"e-con-inner\">\n\t\t<div class=\"elementor-element elementor-element-3aac01ce e-con-full e-flex e-con e-child\" data-id=\"3aac01ce\" data-element_type=\"container\" data-e-type=\"container\" data-settings=\"{&quot;_ha_eqh_enable&quot;:false}\">\n\t\t<div class=\"elementor-element elementor-element-2fe59567 e-con-full e-flex e-con e-child\" data-id=\"2fe59567\" data-element_type=\"container\" data-e-type=\"container\" data-settings=\"{&quot;_ha_eqh_enable&quot;:false}\">\n\t\t<div class=\"elementor-element elementor-element-4167e934 e-con-full e-flex e-con e-child\" data-id=\"4167e934\" data-element_type=\"container\" data-e-type=\"container\" data-settings=\"{&quot;_ha_eqh_enable&quot;:false}\">\n\t\t\t\t<div class=\"elementor-element elementor-element-334dd751 elementor-widget elementor-widget-heading\" data-id=\"334dd751\" data-element_type=\"widget\" data-e-type=\"widget\" data-widget_type=\"heading.default\">\n\t\t\t\t<div class=\"elementor-widget-container\">\n\t\t\t\t\t<h2 class=\"elementor-heading-title elementor-size-default\">Sichern und verbinden Sie Ihre Infrastruktur \nmit der Leistung von Barracuda Network Protection.<\/h2>\t\t\t\t<\/div>\n\t\t\t\t<\/div>\n\t\t\t\t<\/div>\n\t\t\t\t<\/div>\n\t\t<div class=\"elementor-element elementor-element-4ee04333 e-flex e-con-boxed e-con e-child\" data-id=\"4ee04333\" data-element_type=\"container\" data-e-type=\"container\" data-settings=\"{&quot;_ha_eqh_enable&quot;:false}\">\n\t\t\t\t\t<div class=\"e-con-inner\">\n\t\t<div class=\"elementor-element elementor-element-35d6d58a e-con-full e-flex e-con e-child\" data-id=\"35d6d58a\" data-element_type=\"container\" data-e-type=\"container\" data-settings=\"{&quot;background_background&quot;:&quot;classic&quot;,&quot;_ha_eqh_enable&quot;:false}\">\n\t\t\t\t<div class=\"elementor-element elementor-element-33333629 elementor-widget elementor-widget-text-editor\" data-id=\"33333629\" data-element_type=\"widget\" data-e-type=\"widget\" data-widget_type=\"text-editor.default\">\n\t\t\t\t<div class=\"elementor-widget-container\">\n\t\t\t\t\t\t\t\t\t<p><b>Die digitale Transformation und Cybersicherheit in Angriff nehmen.<\/b><\/p>\n<p>Unternehmen leiden unter Netzwerkverletzungen, und die st\u00e4ndig zunehmenden Ransomware-Angriffe tragen zu den Sicherheitsrisiken bei. Au\u00dferdem ist die Fernarbeit und die Arbeit von zu Hause aus auf dem Vormarsch. <\/p>\n<p><b>Nutzung der SASE-L\u00f6sungen.<\/b><\/p>\n<p>Mit dem Vormarsch der digitalen Transformation und der Telearbeit entstand die Notwendigkeit, die aktuellen Sicherheitsarchitekturen zu bewerten. Neue Secure Access Service Edge (SASE)-Technologien sind jetzt verf\u00fcgbar, um eine Verbindung zu Cloud-Workloads herzustellen und die Sicherheit zu verbessern. <\/p>\n\t\t\t\t\t\t\t\t<\/div>\n\t\t\t\t<\/div>\n\t\t\t\t<\/div>\n\t\t<div class=\"elementor-element elementor-element-770cba5 e-con-full e-flex e-con e-child\" data-id=\"770cba5\" data-element_type=\"container\" data-e-type=\"container\" data-settings=\"{&quot;background_background&quot;:&quot;classic&quot;,&quot;_ha_eqh_enable&quot;:false}\">\n\t\t\t\t<div class=\"elementor-element elementor-element-7a2bd201 ha-has-bg-overlay elementor-widget elementor-widget-image-box\" data-id=\"7a2bd201\" data-element_type=\"widget\" data-e-type=\"widget\" data-widget_type=\"image-box.default\">\n\t\t\t\t<div class=\"elementor-widget-container\">\n\t\t\t\t\t<div class=\"elementor-image-box-wrapper\"><div class=\"elementor-image-box-content\"><h3 class=\"elementor-image-box-title\">95%<\/h3><p class=\"elementor-image-box-description\">der Belegschaft arbeiten an mindestens einem von f\u00fcnf Arbeitstagen von zu Hause aus*.<\/p><\/div><\/div>\t\t\t\t<\/div>\n\t\t\t\t<\/div>\n\t\t\t\t<div class=\"elementor-element elementor-element-3b1a6406 ha-has-bg-overlay elementor-widget elementor-widget-image-box\" data-id=\"3b1a6406\" data-element_type=\"widget\" data-e-type=\"widget\" data-widget_type=\"image-box.default\">\n\t\t\t\t<div class=\"elementor-widget-container\">\n\t\t\t\t\t<div class=\"elementor-image-box-wrapper\"><div class=\"elementor-image-box-content\"><h3 class=\"elementor-image-box-title\">84%<\/h3><p class=\"elementor-image-box-description\">der Unternehmen wurden in den letzten 12 Monaten direkt durch einen Netzwerkangriff angegriffen*.<\/p><\/div><\/div>\t\t\t\t<\/div>\n\t\t\t\t<\/div>\n\t\t\t\t<div class=\"elementor-element elementor-element-2d538bd3 ha-has-bg-overlay elementor-widget elementor-widget-image-box\" data-id=\"2d538bd3\" data-element_type=\"widget\" data-e-type=\"widget\" data-widget_type=\"image-box.default\">\n\t\t\t\t<div class=\"elementor-widget-container\">\n\t\t\t\t\t<div class=\"elementor-image-box-wrapper\"><div class=\"elementor-image-box-content\"><h3 class=\"elementor-image-box-title\">45%<\/h3><p class=\"elementor-image-box-description\">der Unternehmen haben die meisten ihrer Anwendungen in der Cloud gehostet*\n<\/br><\/br>\n \n * Barracuda Marktforschungsbericht, \"The state of network security in 2021\"<\/p><\/div><\/div>\t\t\t\t<\/div>\n\t\t\t\t<\/div>\n\t\t\t\t<\/div>\n\t\t\t\t\t<\/div>\n\t\t\t\t<\/div>\n\t\t\t\t<\/div>\n\t\t\t\t\t<\/div>\n\t\t\t\t<\/div>\n\t\t<div class=\"elementor-element elementor-element-4b003105 e-flex e-con-boxed e-con e-parent\" data-id=\"4b003105\" data-element_type=\"container\" data-e-type=\"container\" data-settings=\"{&quot;background_background&quot;:&quot;classic&quot;,&quot;_ha_eqh_enable&quot;:false}\">\n\t\t\t\t\t<div class=\"e-con-inner\">\n\t\t<div class=\"elementor-element elementor-element-150c19a2 e-con-full e-flex e-con e-child\" data-id=\"150c19a2\" data-element_type=\"container\" data-e-type=\"container\" data-settings=\"{&quot;_ha_eqh_enable&quot;:false}\">\n\t\t\t\t<div class=\"elementor-element elementor-element-24a207cd elementor-widget elementor-widget-heading\" data-id=\"24a207cd\" data-element_type=\"widget\" data-e-type=\"widget\" data-widget_type=\"heading.default\">\n\t\t\t\t<div class=\"elementor-widget-container\">\n\t\t\t\t\t<h3 class=\"elementor-heading-title elementor-size-default\">Beschleunigen und sichern Sie\nCloud-Migrationen.<\/h3>\t\t\t\t<\/div>\n\t\t\t\t<\/div>\n\t\t\t\t<div class=\"elementor-element elementor-element-2aa34e6e elementor-widget elementor-widget-text-editor\" data-id=\"2aa34e6e\" data-element_type=\"widget\" data-e-type=\"widget\" data-widget_type=\"text-editor.default\">\n\t\t\t\t<div class=\"elementor-widget-container\">\n\t\t\t\t\t\t\t\t\t<p>SASE ist die Zukunft der Netzwerksicherheit und des Zugangs. Die digitale Transformation, die verteilte mobile Belegschaft, die Einf\u00fchrung von Cloud-Diensten und neue Edge-Computing-Plattformen haben die Arbeitsweise von Unternehmen ver\u00e4ndert. Business Enablement erfordert jederzeit und \u00fcberall Zugriff auf Anwendungen und Dienste.  <\/p>\n<p>Barracuda bietet die branchenweit einzige Cloud-native SASE-Plattform, die es Unternehmen erm\u00f6glicht, den Zugriff auf Daten von jedem Ger\u00e4t aus, jederzeit und \u00fcberall zu kontrollieren, und die Sicherheitspr\u00fcfung und die Durchsetzung von Richtlinien in der Cloud, in der Niederlassung oder auf dem Ger\u00e4t erm\u00f6glicht.<\/p>\n\t\t\t\t\t\t\t\t<\/div>\n\t\t\t\t<\/div>\n\t\t\t\t<div class=\"elementor-element elementor-element-6ce6b50 elementor-widget elementor-widget-button\" data-id=\"6ce6b50\" data-element_type=\"widget\" data-e-type=\"widget\" data-widget_type=\"button.default\">\n\t\t\t\t<div class=\"elementor-widget-container\">\n\t\t\t\t\t\t\t\t\t<div class=\"elementor-button-wrapper\">\n\t\t\t\t\t<a class=\"elementor-button elementor-button-link elementor-size-sm\" href=\"https:\/\/ramsdata.com.pl\/de\/kontakt\/\">\n\t\t\t\t\t\t<span class=\"elementor-button-content-wrapper\">\n\t\t\t\t\t\t\t\t\t<span class=\"elementor-button-text\">Mehr Infos erhalten<\/span>\n\t\t\t\t\t<\/span>\n\t\t\t\t\t<\/a>\n\t\t\t\t<\/div>\n\t\t\t\t\t\t\t\t<\/div>\n\t\t\t\t<\/div>\n\t\t\t\t<\/div>\n\t\t<div class=\"elementor-element elementor-element-1fa1de15 e-con-full e-flex e-con e-child\" data-id=\"1fa1de15\" data-element_type=\"container\" data-e-type=\"container\" data-settings=\"{&quot;_ha_eqh_enable&quot;:false}\">\n\t\t\t\t<div class=\"elementor-element elementor-element-7ed02bb7 elementor-widget elementor-widget-image\" data-id=\"7ed02bb7\" data-element_type=\"widget\" data-e-type=\"widget\" data-widget_type=\"image.default\">\n\t\t\t\t<div class=\"elementor-widget-container\">\n\t\t\t\t\t\t\t\t\t\t\t\t\t\t\t<img fetchpriority=\"high\" decoding=\"async\" width=\"350\" height=\"350\" src=\"https:\/\/ramsdata.com.pl\/wp-content\/uploads\/2025\/03\/netsec-intro-sase-turning-circle.svg\" class=\"attachment-full size-full wp-image-36552\" alt=\"netsec-intro-sase-turning-circle\" \/>\t\t\t\t\t\t\t\t\t\t\t\t\t\t\t<\/div>\n\t\t\t\t<\/div>\n\t\t\t\t<\/div>\n\t\t\t\t\t<\/div>\n\t\t\t\t<\/div>\n\t\t<div class=\"elementor-element elementor-element-5db38158 e-flex e-con-boxed e-con e-parent\" data-id=\"5db38158\" data-element_type=\"container\" data-e-type=\"container\" data-settings=\"{&quot;background_background&quot;:&quot;classic&quot;,&quot;_ha_eqh_enable&quot;:false}\">\n\t\t\t\t\t<div class=\"e-con-inner\">\n\t\t<div class=\"elementor-element elementor-element-658965e8 e-con-full e-flex e-con e-child\" data-id=\"658965e8\" data-element_type=\"container\" data-e-type=\"container\" data-settings=\"{&quot;_ha_eqh_enable&quot;:false}\">\n\t\t\t\t<div class=\"elementor-element elementor-element-2eaa6e23 elementor-widget elementor-widget-image\" data-id=\"2eaa6e23\" data-element_type=\"widget\" data-e-type=\"widget\" data-settings=\"{&quot;sticky&quot;:&quot;top&quot;,&quot;sticky_on&quot;:[&quot;desktop&quot;],&quot;sticky_offset&quot;:50,&quot;sticky_parent&quot;:&quot;yes&quot;,&quot;sticky_effects_offset&quot;:0,&quot;sticky_anchor_link_offset&quot;:0}\" data-widget_type=\"image.default\">\n\t\t\t\t<div class=\"elementor-widget-container\">\n\t\t\t\t\t\t\t\t\t\t\t\t\t\t\t<img decoding=\"async\" width=\"525\" height=\"525\" src=\"https:\/\/ramsdata.com.pl\/wp-content\/uploads\/2025\/03\/People-Sites-Things.png\" class=\"attachment-full size-full wp-image-36564\" alt=\"People-Sites-Things\" srcset=\"https:\/\/ramsdata.com.pl\/wp-content\/uploads\/2025\/03\/People-Sites-Things.png 525w, https:\/\/ramsdata.com.pl\/wp-content\/uploads\/2025\/03\/People-Sites-Things-300x300.png 300w, https:\/\/ramsdata.com.pl\/wp-content\/uploads\/2025\/03\/People-Sites-Things-150x150.png 150w\" sizes=\"(max-width: 525px) 100vw, 525px\" \/>\t\t\t\t\t\t\t\t\t\t\t\t\t\t\t<\/div>\n\t\t\t\t<\/div>\n\t\t\t\t<\/div>\n\t\t<div class=\"elementor-element elementor-element-6f058476 e-con-full e-flex e-con e-child\" data-id=\"6f058476\" data-element_type=\"container\" data-e-type=\"container\" data-settings=\"{&quot;_ha_eqh_enable&quot;:false}\">\n\t\t\t\t<div class=\"elementor-element elementor-element-51ff1adc elementor-widget elementor-widget-heading\" data-id=\"51ff1adc\" data-element_type=\"widget\" data-e-type=\"widget\" data-widget_type=\"heading.default\">\n\t\t\t\t<div class=\"elementor-widget-container\">\n\t\t\t\t\t<h3 class=\"elementor-heading-title elementor-size-default\">Sch\u00fctzen und verbinden Sie Menschen, Orte und Dinge.<\/h3>\t\t\t\t<\/div>\n\t\t\t\t<\/div>\n\t\t\t\t<div class=\"elementor-element elementor-element-7f591e00 elementor-widget elementor-widget-text-editor\" data-id=\"7f591e00\" data-element_type=\"widget\" data-e-type=\"widget\" data-widget_type=\"text-editor.default\">\n\t\t\t\t<div class=\"elementor-widget-container\">\n\t\t\t\t\t\t\t\t\t<p>Die L\u00f6sungen von Barracuda umfassen drei Kernprodukte: SecureEdge, CloudGen Firewall und CloudGen Access, die alle Anforderungen an die moderne Netzwerksicherheit abdecken.<\/p>\n<p>Barracuda SecureEdge ist eine SASE-Plattform, die Firewall-as-a-Service- und Secure SD-WAN-Funktionen kombiniert. Sie ist auf Benutzerfreundlichkeit ausgelegt und bietet eine vollautomatische, sofort einsatzbereite Konfiguration f\u00fcr Hunderte von vordefinierten, beliebten Anwendungen und Anwendungsf\u00e4llen.<\/p>\n<p>Die Barracuda CloudGen Firewall kombiniert erstklassige Sicherheit der n\u00e4chsten Generation mit einer Reihe von sicheren SD-WAN-Funktionen mit vollem Funktionsumfang.<\/p>\n<p>Barracuda CloudGen Access ist eine innovative, eigenst\u00e4ndige Zero Trust Access-L\u00f6sung, die sicheren Zugriff auf Anwendungen und Workloads von jedem Ger\u00e4t und Standort aus bietet.<\/p>\n\t\t\t\t\t\t\t\t<\/div>\n\t\t\t\t<\/div>\n\t\t\t\t<div class=\"elementor-element elementor-element-55de42a elementor-widget elementor-widget-heading\" data-id=\"55de42a\" data-element_type=\"widget\" data-e-type=\"widget\" data-widget_type=\"heading.default\">\n\t\t\t\t<div class=\"elementor-widget-container\">\n\t\t\t\t\t<h3 class=\"elementor-heading-title elementor-size-default\">Holen Sie sich die Sicherheit f\u00fcr das Zeitalter der Digitalisierung und Cloud-Einf\u00fchrung.<\/h3>\t\t\t\t<\/div>\n\t\t\t\t<\/div>\n\t\t\t\t<div class=\"elementor-element elementor-element-566cfdb elementor-widget elementor-widget-text-editor\" data-id=\"566cfdb\" data-element_type=\"widget\" data-e-type=\"widget\" data-widget_type=\"text-editor.default\">\n\t\t\t\t<div class=\"elementor-widget-container\">\n\t\t\t\t\t\t\t\t\t<p class=\"p--local-adjust\"><b>Barracuda SecureEdge<\/b><\/p>\n<p>Ihr Unternehmen ist nur so sicher wie Ihr Netzwerk. Stoppen Sie fortschrittliche und Zero-Day-Bedrohungen, die herk\u00f6mmliche, signaturbasierte IPS- und Antiviren-Engines umgehen. <\/p>\n<p>Barracuda SecureEdge, unsere SASE-L\u00f6sung, bietet Cloud-basierte Netzwerksicherheit der n\u00e4chsten Generation mit absichtsbasierter Konfiguration und Cloud-basierter, einfach zu bedienender Benutzeroberfl\u00e4che.<\/p>\n\t\t\t\t\t\t\t\t<\/div>\n\t\t\t\t<\/div>\n\t\t\t\t<div class=\"elementor-element elementor-element-39f4e1a elementor-widget elementor-widget-text-editor\" data-id=\"39f4e1a\" data-element_type=\"widget\" data-e-type=\"widget\" data-widget_type=\"text-editor.default\">\n\t\t\t\t<div class=\"elementor-widget-container\">\n\t\t\t\t\t\t\t\t\t<p class=\"p--local-adjust\"><b>Barracuda CloudGen Firewall<\/b><\/p>\n<p>Barracuda CloudGen Firewall ist eine Familie von physischen, virtuellen und Cloud-basierten Appliances, die komplexe, verteilte Netzwerkinfrastrukturen von Unternehmen mit mehreren Standorten und Managed Service Providern sch\u00fctzen und verbessern.<\/p>\n\t\t\t\t\t\t\t\t<\/div>\n\t\t\t\t<\/div>\n\t\t\t\t<div class=\"elementor-element elementor-element-a1463fe elementor-widget elementor-widget-heading\" data-id=\"a1463fe\" data-element_type=\"widget\" data-e-type=\"widget\" data-widget_type=\"heading.default\">\n\t\t\t\t<div class=\"elementor-widget-container\">\n\t\t\t\t\t<h3 class=\"elementor-heading-title elementor-size-default\">Steigern Sie die Anwendungsleistung und senken Sie die Kosten.<\/h3>\t\t\t\t<\/div>\n\t\t\t\t<\/div>\n\t\t\t\t<div class=\"elementor-element elementor-element-dc451d3 elementor-widget elementor-widget-text-editor\" data-id=\"dc451d3\" data-element_type=\"widget\" data-e-type=\"widget\" data-widget_type=\"text-editor.default\">\n\t\t\t\t<div class=\"elementor-widget-container\">\n\t\t\t\t\t\t\t\t\t<p>Ihr Unternehmen ist nur so produktiv wie Ihr Netzwerk. Da sich Ihre Arbeitslasten in die Cloud und zu SaaS-Anwendungen verlagern, ist es von entscheidender Bedeutung, eine zuverl\u00e4ssige, schnelle und sichere Konnektivit\u00e4t f\u00fcr alle Ihre Standorte und Remote-Benutzer zu gew\u00e4hrleisten. <\/p>\n<p>Barracuda Secure SD-WAN hebt SD-WAN auf die n\u00e4chste Stufe, indem es die besten Konnektivit\u00e4tsfunktionen von eigenst\u00e4ndigen SD-WAN-Produkten und die Sicherheitsfunktionen von Firewalls der n\u00e4chsten Generation in einer einzigen L\u00f6sung kombiniert.<\/p>\n\t\t\t\t\t\t\t\t<\/div>\n\t\t\t\t<\/div>\n\t\t\t\t<div class=\"elementor-element elementor-element-4f29db7 elementor-widget elementor-widget-heading\" data-id=\"4f29db7\" data-element_type=\"widget\" data-e-type=\"widget\" data-widget_type=\"heading.default\">\n\t\t\t\t<div class=\"elementor-widget-container\">\n\t\t\t\t\t<h3 class=\"elementor-heading-title elementor-size-default\">Erm\u00f6glichen Sie Zero Trust Access von jedem Ger\u00e4t und \u00fcberall.<\/h3>\t\t\t\t<\/div>\n\t\t\t\t<\/div>\n\t\t\t\t<div class=\"elementor-element elementor-element-f587ff6 elementor-widget elementor-widget-text-editor\" data-id=\"f587ff6\" data-element_type=\"widget\" data-e-type=\"widget\" data-widget_type=\"text-editor.default\">\n\t\t\t\t<div class=\"elementor-widget-container\">\n\t\t\t\t\t\t\t\t\t<p class=\"p--local-adjust\"><b>Barracuda CloudGen Zugang<\/b><\/p>\n<p>Fernarbeit wird sich durchsetzen, die Migration in die Cloud beschleunigt sich, und ein sicherer Zugang ist entscheidend, um Sicherheits- und Compliance-Risiken zu minimieren. Unternehmen m\u00fcssen jeden Zugriffsversuch auf Unternehmensdaten und -ressourcen verifizieren. <\/p>\n<p>Barracuda CloudGen Access erm\u00f6glicht eine effektive Zugriffskontrolle f\u00fcr alle Benutzer und Ger\u00e4te und bietet zeitlich begrenzten, bedingten und kontextbezogenen Zugriff auf interne Anwendungen und Daten, SaaS-Anwendungen und Multi-Cloud-Workloads.<\/p>\n\t\t\t\t\t\t\t\t<\/div>\n\t\t\t\t<\/div>\n\t\t\t\t<div class=\"elementor-element elementor-element-4223567 elementor-widget elementor-widget-text-editor\" data-id=\"4223567\" data-element_type=\"widget\" data-e-type=\"widget\" data-widget_type=\"text-editor.default\">\n\t\t\t\t<div class=\"elementor-widget-container\">\n\t\t\t\t\t\t\t\t\t<p class=\"p--local-adjust\"><b>Barracuda SecureEdge<\/b><\/p>\n<p>Barracuda SecureEdge bietet &#8211; vollst\u00e4ndig eingebettet in die SASE-Plattform &#8211; Zero Trust Access f\u00fcr jede Art von Anwendung, Cloud-basierte Sicherheit f\u00fcr Endpunkte und automatisierte SD-WAN-Konnektivit\u00e4t f\u00fcr Standorte und Industrieanlagen jeder Art und Gr\u00f6\u00dfe.<\/p>\n\t\t\t\t\t\t\t\t<\/div>\n\t\t\t\t<\/div>\n\t\t\t\t<div class=\"elementor-element elementor-element-71bbae1 elementor-widget elementor-widget-heading\" data-id=\"71bbae1\" data-element_type=\"widget\" data-e-type=\"widget\" data-widget_type=\"heading.default\">\n\t\t\t\t<div class=\"elementor-widget-container\">\n\t\t\t\t\t<h3 class=\"elementor-heading-title elementor-size-default\">Sichern Sie Ihre mit dem Internet verbundenen Ger\u00e4te und Betriebstechnik.<\/h3>\t\t\t\t<\/div>\n\t\t\t\t<\/div>\n\t\t\t\t<div class=\"elementor-element elementor-element-dfee79a elementor-widget elementor-widget-text-editor\" data-id=\"dfee79a\" data-element_type=\"widget\" data-e-type=\"widget\" data-widget_type=\"text-editor.default\">\n\t\t\t\t<div class=\"elementor-widget-container\">\n\t\t\t\t\t\t\t\t\t<p>Die Zahl der Internet-of-Things (IoT)-Ger\u00e4te nimmt exponentiell zu. Intelligente Systeme verbinden Maschinen, Sensoren und Steuersysteme, um dynamisch auf Produktanforderungen zu reagieren und eine Optimierung in Echtzeit zu erm\u00f6glichen. <\/p>\n<p>Barracuda bietet ma\u00dfgeschneiderte Sicherheitsl\u00f6sungen f\u00fcr eine Vielzahl von Industrieumgebungen, die granulare Sicherheit f\u00fcr jedes Ger\u00e4t mit wirtschaftlicher Skalierbarkeit bieten und die Gefahren der Internetkonnektivit\u00e4t abmildern.<\/p>\n\t\t\t\t\t\t\t\t<\/div>\n\t\t\t\t<\/div>\n\t\t\t\t<div class=\"elementor-element elementor-element-912437a elementor-widget elementor-widget-heading\" data-id=\"912437a\" data-element_type=\"widget\" data-e-type=\"widget\" data-widget_type=\"heading.default\">\n\t\t\t\t<div class=\"elementor-widget-container\">\n\t\t\t\t\t<h3 class=\"elementor-heading-title elementor-size-default\">Sch\u00fctzen Sie Ihr Unternehmen vor webbasierten Cyberbedrohungen.<\/h3>\t\t\t\t<\/div>\n\t\t\t\t<\/div>\n\t\t\t\t<div class=\"elementor-element elementor-element-973a500 elementor-widget elementor-widget-text-editor\" data-id=\"973a500\" data-element_type=\"widget\" data-e-type=\"widget\" data-widget_type=\"text-editor.default\">\n\t\t\t\t<div class=\"elementor-widget-container\">\n\t\t\t\t\t\t\t\t\t<p>Um in der vernetzten Welt von heute wettbewerbsf\u00e4hig zu bleiben, m\u00fcssen Unternehmen st\u00e4ndig mit webbasierten Ressourcen und Anwendungen interagieren, aber das Internet ist auch ein Angriffsvektor f\u00fcr Malware und fortschrittliche Bedrohungen.<\/p>\n<p>Die Web-Sicherheitsl\u00f6sungen von Barracuda bieten eine granulare Kontrolle \u00fcber Web- und Social-Media-Aktivit\u00e4ten bis hin zum einzelnen Benutzer. So k\u00f6nnen Unternehmen von Online-Anwendungen und -Tools profitieren, ohne sich der Gefahr von Malware und Viren aus dem Internet auszusetzen, die Produktivit\u00e4t der Benutzer zu beeintr\u00e4chtigen und die Bandbreite zu missbrauchen.<\/p>\n\t\t\t\t\t\t\t\t<\/div>\n\t\t\t\t<\/div>\n\t\t\t\t<div class=\"elementor-element elementor-element-8624811 elementor-widget elementor-widget-button\" data-id=\"8624811\" data-element_type=\"widget\" data-e-type=\"widget\" data-widget_type=\"button.default\">\n\t\t\t\t<div class=\"elementor-widget-container\">\n\t\t\t\t\t\t\t\t\t<div class=\"elementor-button-wrapper\">\n\t\t\t\t\t<a class=\"elementor-button elementor-button-link elementor-size-sm\" href=\"https:\/\/ramsdata.com.pl\/de\/kontakt\/\">\n\t\t\t\t\t\t<span class=\"elementor-button-content-wrapper\">\n\t\t\t\t\t\t\t\t\t<span class=\"elementor-button-text\">Mehr Infos erhalten<\/span>\n\t\t\t\t\t<\/span>\n\t\t\t\t\t<\/a>\n\t\t\t\t<\/div>\n\t\t\t\t\t\t\t\t<\/div>\n\t\t\t\t<\/div>\n\t\t\t\t<\/div>\n\t\t\t\t\t<\/div>\n\t\t\t\t<\/div>\n\t\t\t\t<\/div>\n\t\t","protected":false},"excerpt":{"rendered":"<p>Barracuda Netzwerkschutz Sch\u00fctzen und optimieren Sie Ihr Netzwerk. Sase erkunden Sichern und verbinden Sie Ihre Infrastruktur mit der Leistung von Barracuda Network Protection. Die digitale Transformation und Cybersicherheit in Angriff nehmen. Unternehmen leiden unter Netzwerkverletzungen, und die st\u00e4ndig zunehmenden Ransomware-Angriffe tragen zu den Sicherheitsrisiken bei. Au\u00dferdem ist die Fernarbeit und die Arbeit von zu Hause [&hellip;]<\/p>\n","protected":false},"author":1,"featured_media":0,"parent":37054,"menu_order":0,"comment_status":"closed","ping_status":"closed","template":"","meta":{"_acf_changed":false,"om_disable_all_campaigns":false,"_monsterinsights_skip_tracking":false,"_monsterinsights_sitenote_active":false,"_monsterinsights_sitenote_note":"","_monsterinsights_sitenote_category":0,"_uf_show_specific_survey":0,"_uf_disable_surveys":false,"footnotes":""},"class_list":["post-37086","page","type-page","status-publish","hentry"],"acf":[],"aioseo_notices":[],"_links":{"self":[{"href":"https:\/\/ramsdata.com.pl\/de\/wp-json\/wp\/v2\/pages\/37086","targetHints":{"allow":["GET"]}}],"collection":[{"href":"https:\/\/ramsdata.com.pl\/de\/wp-json\/wp\/v2\/pages"}],"about":[{"href":"https:\/\/ramsdata.com.pl\/de\/wp-json\/wp\/v2\/types\/page"}],"author":[{"embeddable":true,"href":"https:\/\/ramsdata.com.pl\/de\/wp-json\/wp\/v2\/users\/1"}],"replies":[{"embeddable":true,"href":"https:\/\/ramsdata.com.pl\/de\/wp-json\/wp\/v2\/comments?post=37086"}],"version-history":[{"count":3,"href":"https:\/\/ramsdata.com.pl\/de\/wp-json\/wp\/v2\/pages\/37086\/revisions"}],"predecessor-version":[{"id":37369,"href":"https:\/\/ramsdata.com.pl\/de\/wp-json\/wp\/v2\/pages\/37086\/revisions\/37369"}],"up":[{"embeddable":true,"href":"https:\/\/ramsdata.com.pl\/de\/wp-json\/wp\/v2\/pages\/37054"}],"wp:attachment":[{"href":"https:\/\/ramsdata.com.pl\/de\/wp-json\/wp\/v2\/media?parent=37086"}],"curies":[{"name":"wp","href":"https:\/\/api.w.org\/{rel}","templated":true}]}}