{"id":15800,"date":"2024-03-04T12:57:39","date_gmt":"2024-03-04T12:57:39","guid":{"rendered":"https:\/\/ramsdata.com.pl\/angebot\/kommunikationstechnologien\/drahtlose-kommunikationssysteme\/"},"modified":"2024-03-16T11:58:44","modified_gmt":"2024-03-16T11:58:44","slug":"drahtlose-kommunikationssysteme","status":"publish","type":"page","link":"https:\/\/ramsdata.com.pl\/de\/angebot\/kommunikationstechnologien\/drahtlose-kommunikationssysteme\/","title":{"rendered":"Drahtlose Kommunikationssysteme"},"content":{"rendered":"\t\t<div data-elementor-type=\"wp-page\" data-elementor-id=\"15800\" class=\"elementor elementor-15800 elementor-11719\" data-elementor-settings=\"{&quot;ha_cmc_init_switcher&quot;:&quot;no&quot;}\" data-elementor-post-type=\"page\">\n\t\t\t\t<div class=\"elementor-element elementor-element-3a3518a e-flex e-con-boxed e-con e-parent\" data-id=\"3a3518a\" data-element_type=\"container\" data-e-type=\"container\" data-settings=\"{&quot;background_background&quot;:&quot;classic&quot;,&quot;_ha_eqh_enable&quot;:false}\">\n\t\t\t\t\t<div class=\"e-con-inner\">\n\t\t<div class=\"elementor-element elementor-element-99ac231 e-con-full e-flex elementor-invisible e-con e-child\" data-id=\"99ac231\" data-element_type=\"container\" data-e-type=\"container\" data-settings=\"{&quot;animation&quot;:&quot;fadeInDown&quot;,&quot;_ha_eqh_enable&quot;:false}\">\n\t\t\t\t<div class=\"elementor-element elementor-element-d350a4e elementor-widget elementor-widget-heading\" data-id=\"d350a4e\" data-element_type=\"widget\" data-e-type=\"widget\" data-widget_type=\"heading.default\">\n\t\t\t\t<div class=\"elementor-widget-container\">\n\t\t\t\t\t<h2 class=\"elementor-heading-title elementor-size-default\">DRAHTLOSE KOMMUNIKATIONSSYSTEME<\/h2>\t\t\t\t<\/div>\n\t\t\t\t<\/div>\n\t\t\t\t<\/div>\n\t\t\t\t\t<\/div>\n\t\t\t\t<\/div>\n\t\t<div class=\"elementor-element elementor-element-591f924 e-flex e-con-boxed e-con e-parent\" data-id=\"591f924\" data-element_type=\"container\" data-e-type=\"container\" data-settings=\"{&quot;_ha_eqh_enable&quot;:false}\">\n\t\t\t\t\t<div class=\"e-con-inner\">\n\t\t<div class=\"elementor-element elementor-element-273019a e-con-full e-flex e-con e-child\" data-id=\"273019a\" data-element_type=\"container\" data-e-type=\"container\" data-settings=\"{&quot;_ha_eqh_enable&quot;:false}\">\n\t\t\t\t<div class=\"elementor-element elementor-element-9e4c2f5 elementor-widget elementor-widget-image\" data-id=\"9e4c2f5\" data-element_type=\"widget\" data-e-type=\"widget\" data-widget_type=\"image.default\">\n\t\t\t\t<div class=\"elementor-widget-container\">\n\t\t\t\t\t\t\t\t\t\t\t\t\t\t\t<img decoding=\"async\" width=\"220\" height=\"104\" src=\"https:\/\/ramsdata.com.pl\/wp-content\/uploads\/2024\/03\/ascom02.png.webp\" class=\"attachment-large size-large wp-image-14497\" alt=\"\" \/>\t\t\t\t\t\t\t\t\t\t\t\t\t\t\t<\/div>\n\t\t\t\t<\/div>\n\t\t\t\t<\/div>\n\t\t<div class=\"elementor-element elementor-element-9082220 e-con-full e-flex e-con e-child\" data-id=\"9082220\" data-element_type=\"container\" data-e-type=\"container\" data-settings=\"{&quot;_ha_eqh_enable&quot;:false}\">\n\t\t\t\t<div class=\"elementor-element elementor-element-ad75eb1 elementor-widget__width-initial elementor-widget elementor-widget-text-editor\" data-id=\"ad75eb1\" data-element_type=\"widget\" data-e-type=\"widget\" data-widget_type=\"text-editor.default\">\n\t\t\t\t<div class=\"elementor-widget-container\">\n\t\t\t\t\t\t\t\t\t<p>Der Bedarf an schnellerer Reaktion und besserer Kommunikation ist in vielen Unternehmen und Organisationen sehr wichtig. Jeder Mitarbeiter sollte zu jeder Zeit und an jedem Ort erreichbar sein und selbst in der Lage sein, andere schnell und ohne Verz\u00f6gerung zu kontaktieren. Die sofortige Benachrichtigung von Schl\u00fcsselpersonen, um eine schnellere Reaktion auszul\u00f6sen, ist die Grundlage der drahtlosen DECT\/IP-DECT-Kommunikation. Er ist f\u00fcr ein anspruchsvolles Arbeitsumfeld konzipiert und kann individuell angepasst werden, um optimale Mobilit\u00e4t und Effizienz in den Arbeitsabl\u00e4ufen zu gew\u00e4hrleisten. Dies bietet den Unternehmen eine h\u00f6here Effizienz, Produktivit\u00e4t und Sicherheit.<\/p>\n<p>Sie k\u00f6nnen nicht nur die Zufriedenheit Ihrer Mitarbeiter steigern, sondern auch eine positive Reaktion der Kunden feststellen, wenn sie zum ersten Mal schnell das bekommen, was sie wollen. Kurz und pr\u00e4gnant &#8211; DECT\/IP DECT-Funksysteme liefern die richtigen Nachrichten zur richtigen Zeit an die richtigen Personen.<\/p>\n\t\t\t\t\t\t\t\t<\/div>\n\t\t\t\t<\/div>\n\t\t\t\t<\/div>\n\t\t\t\t\t<\/div>\n\t\t\t\t<\/div>\n\t\t<div class=\"elementor-element elementor-element-471cdb60 e-flex e-con-boxed e-con e-parent\" data-id=\"471cdb60\" data-element_type=\"container\" data-e-type=\"container\" data-settings=\"{&quot;_ha_eqh_enable&quot;:false}\">\n\t\t\t\t\t<div class=\"e-con-inner\">\n\t\t<div class=\"elementor-element elementor-element-cba5574 e-flex e-con-boxed e-con e-child\" data-id=\"cba5574\" data-element_type=\"container\" data-e-type=\"container\" data-settings=\"{&quot;_ha_eqh_enable&quot;:false}\">\n\t\t\t\t\t<div class=\"e-con-inner\">\n\t\t<div class=\"elementor-element elementor-element-2fd2b2d1 e-flex e-con-boxed e-con e-child\" data-id=\"2fd2b2d1\" data-element_type=\"container\" data-e-type=\"container\" data-settings=\"{&quot;_ha_eqh_enable&quot;:false}\">\n\t\t\t\t\t<div class=\"e-con-inner\">\n\t\t\t\t<div class=\"elementor-element elementor-element-1c5f6cd2 elementor-widget elementor-widget-image\" data-id=\"1c5f6cd2\" data-element_type=\"widget\" data-e-type=\"widget\" data-widget_type=\"image.default\">\n\t\t\t\t<div class=\"elementor-widget-container\">\n\t\t\t\t\t\t\t\t\t\t\t\t\t\t\t<img fetchpriority=\"high\" decoding=\"async\" width=\"1036\" height=\"792\" src=\"https:\/\/ramsdata.com.pl\/wp-content\/uploads\/2024\/03\/ascomkomunikacja1.jpg.webp\" class=\"attachment-full size-full wp-image-14502\" alt=\"\" srcset=\"https:\/\/ramsdata.com.pl\/wp-content\/uploads\/2024\/03\/ascomkomunikacja1.jpg.webp 1036w, https:\/\/ramsdata.com.pl\/wp-content\/uploads\/2024\/03\/ascomkomunikacja1.jpg-300x229.webp 300w, https:\/\/ramsdata.com.pl\/wp-content\/uploads\/2024\/03\/ascomkomunikacja1.jpg-1024x783.webp 1024w, https:\/\/ramsdata.com.pl\/wp-content\/uploads\/2024\/03\/ascomkomunikacja1.jpg-768x587.webp 768w\" sizes=\"(max-width: 1036px) 100vw, 1036px\" \/>\t\t\t\t\t\t\t\t\t\t\t\t\t\t\t<\/div>\n\t\t\t\t<\/div>\n\t\t\t\t\t<\/div>\n\t\t\t\t<\/div>\n\t\t<div class=\"elementor-element elementor-element-581ccc5d e-flex e-con-boxed e-con e-child\" data-id=\"581ccc5d\" data-element_type=\"container\" data-e-type=\"container\" data-settings=\"{&quot;_ha_eqh_enable&quot;:false}\">\n\t\t\t\t\t<div class=\"e-con-inner\">\n\t\t\t\t<div class=\"elementor-element elementor-element-66c5c5aa elementor-widget elementor-widget-text-editor\" data-id=\"66c5c5aa\" data-element_type=\"widget\" data-e-type=\"widget\" data-widget_type=\"text-editor.default\">\n\t\t\t\t<div class=\"elementor-widget-container\">\n\t\t\t\t\t\t\t\t\t<p>Ascom IP-DECT ist eine Komplettl\u00f6sung, die den bew\u00e4hrten DECT-Standard mit der VoIP-Technologie (Voice over Internet Protocol) kombiniert, so dass beide Datenpakete zusammen mit qualitativ hochwertigen Sprachanrufen \u00fcber dasselbe Netz genutzt werden k\u00f6nnen. Sie k\u00f6nnen eine sehr gute Dienstqualit\u00e4t und hervorragende Mitteilungsm\u00f6glichkeiten in einem sicheren Funknetz erwarten. Dar\u00fcber hinaus wird das l\u00e4stige Problem der unterbrochenen Verbindung oder des Datenverlusts dank der &#8222;Handover&#8220;-Funktion beseitigt. IP-DECT bietet eine dedizierte und sichere Frequenz, die sehr schwer abzuh\u00f6ren oder zu hacken ist. Das bedeutet, dass vertrauliche Informationen dort bleiben, wo sie hingeh\u00f6ren.<\/p>\n<p>Mit der Einf\u00fchrung des IP-DECT-Systems von Ascom sind Kosteneinsparungen zu erwarten, da keine gro\u00dfe Verkabelungsinfrastruktur erforderlich ist und die Wartung des Systems einfach und wenig zeitaufw\u00e4ndig ist. Telefonie und IT sind nicht l\u00e4nger getrennte Bereiche von getrennten Abteilungen. Dieselben Werkzeuge dienen beiden Bereichen, was letztlich zu niedrigeren Gesamtbetriebskosten f\u00fchrt<\/p>\n\t\t\t\t\t\t\t\t<\/div>\n\t\t\t\t<\/div>\n\t\t\t\t\t<\/div>\n\t\t\t\t<\/div>\n\t\t\t\t\t<\/div>\n\t\t\t\t<\/div>\n\t\t<div class=\"elementor-element elementor-element-3d78ce22 e-flex e-con-boxed e-con e-child\" data-id=\"3d78ce22\" data-element_type=\"container\" data-e-type=\"container\" data-settings=\"{&quot;_ha_eqh_enable&quot;:false}\">\n\t\t\t\t\t<div class=\"e-con-inner\">\n\t\t<div class=\"elementor-element elementor-element-472bf8fd e-flex e-con-boxed e-con e-child\" data-id=\"472bf8fd\" data-element_type=\"container\" data-e-type=\"container\" data-settings=\"{&quot;_ha_eqh_enable&quot;:false}\">\n\t\t\t\t\t<div class=\"e-con-inner\">\n\t\t\t\t<div class=\"elementor-element elementor-element-535d78d9 elementor-widget elementor-widget-text-editor\" data-id=\"535d78d9\" data-element_type=\"widget\" data-e-type=\"widget\" data-widget_type=\"text-editor.default\">\n\t\t\t\t<div class=\"elementor-widget-container\">\n\t\t\t\t\t\t\t\t\t<p>Das IP-DECT-System von Ascom ist modular aufgebaut, was ein hohes Ma\u00df an Skalierbarkeit und Flexibilit\u00e4t bedeutet. Die Gr\u00f6\u00dfe des Unternehmens und die Anzahl der entfernten Standorte spielen keine gro\u00dfe Rolle. Tats\u00e4chlich ist Ascom IP-DECT so konzipiert, dass es bis zu 100 IP-DECT-Gateways, 1000 IP-DECT-Basisstationen und 20000 IP-DECT-Mobilteile pro Standort unterst\u00fctzt. Dank der &#8222;Load-Balancing&#8220;-Funktionalit\u00e4t und der M\u00f6glichkeit, mehrere Master-Basisstationen zu installieren, kann das gesamte System jedoch 1.000 IP-DECT-Gateways, 10.000 IP-DECT-Basisstationen und 100.000 IP-DECT-Mobilteile unterst\u00fctzen. Jede IP-DECT-Basisstation verarbeitet acht Sprachanrufe gleichzeitig, w\u00e4hrend ein IP-DECT-Gateway 40 Sprachanrufe und 16 Basisstationen gleichzeitig verarbeiten kann.<\/p>\n\t\t\t\t\t\t\t\t<\/div>\n\t\t\t\t<\/div>\n\t\t\t\t\t<\/div>\n\t\t\t\t<\/div>\n\t\t<div class=\"elementor-element elementor-element-38794a65 e-flex e-con-boxed e-con e-child\" data-id=\"38794a65\" data-element_type=\"container\" data-e-type=\"container\" data-settings=\"{&quot;_ha_eqh_enable&quot;:false}\">\n\t\t\t\t\t<div class=\"e-con-inner\">\n\t\t\t\t<div class=\"elementor-element elementor-element-321dc05d elementor-widget elementor-widget-image\" data-id=\"321dc05d\" data-element_type=\"widget\" data-e-type=\"widget\" data-widget_type=\"image.default\">\n\t\t\t\t<div class=\"elementor-widget-container\">\n\t\t\t\t\t\t\t\t\t\t\t\t\t\t\t<img decoding=\"async\" width=\"1036\" height=\"792\" src=\"https:\/\/ramsdata.com.pl\/wp-content\/uploads\/2024\/03\/ascomkomunikacja2.jpg.webp\" class=\"attachment-full size-full wp-image-14507\" alt=\"\" srcset=\"https:\/\/ramsdata.com.pl\/wp-content\/uploads\/2024\/03\/ascomkomunikacja2.jpg.webp 1036w, https:\/\/ramsdata.com.pl\/wp-content\/uploads\/2024\/03\/ascomkomunikacja2.jpg-300x229.webp 300w, https:\/\/ramsdata.com.pl\/wp-content\/uploads\/2024\/03\/ascomkomunikacja2.jpg-1024x783.webp 1024w, https:\/\/ramsdata.com.pl\/wp-content\/uploads\/2024\/03\/ascomkomunikacja2.jpg-768x587.webp 768w\" sizes=\"(max-width: 1036px) 100vw, 1036px\" \/>\t\t\t\t\t\t\t\t\t\t\t\t\t\t\t<\/div>\n\t\t\t\t<\/div>\n\t\t\t\t\t<\/div>\n\t\t\t\t<\/div>\n\t\t\t\t\t<\/div>\n\t\t\t\t<\/div>\n\t\t\t\t\t<\/div>\n\t\t\t\t<\/div>\n\t\t\t\t<\/div>\n\t\t","protected":false},"excerpt":{"rendered":"<p>DRAHTLOSE KOMMUNIKATIONSSYSTEME Der Bedarf an schnellerer Reaktion und besserer Kommunikation ist in vielen Unternehmen und Organisationen sehr wichtig. Jeder Mitarbeiter sollte zu jeder Zeit und an jedem Ort erreichbar sein und selbst in der Lage sein, andere schnell und ohne Verz\u00f6gerung zu kontaktieren. Die sofortige Benachrichtigung von Schl\u00fcsselpersonen, um eine schnellere Reaktion auszul\u00f6sen, ist die [&hellip;]<\/p>\n","protected":false},"author":1,"featured_media":0,"parent":15794,"menu_order":0,"comment_status":"closed","ping_status":"closed","template":"","meta":{"_acf_changed":false,"om_disable_all_campaigns":false,"_monsterinsights_skip_tracking":false,"_monsterinsights_sitenote_active":false,"_monsterinsights_sitenote_note":"","_monsterinsights_sitenote_category":0,"_uf_show_specific_survey":0,"_uf_disable_surveys":false,"footnotes":""},"class_list":["post-15800","page","type-page","status-publish","hentry"],"acf":[],"aioseo_notices":[],"_links":{"self":[{"href":"https:\/\/ramsdata.com.pl\/de\/wp-json\/wp\/v2\/pages\/15800","targetHints":{"allow":["GET"]}}],"collection":[{"href":"https:\/\/ramsdata.com.pl\/de\/wp-json\/wp\/v2\/pages"}],"about":[{"href":"https:\/\/ramsdata.com.pl\/de\/wp-json\/wp\/v2\/types\/page"}],"author":[{"embeddable":true,"href":"https:\/\/ramsdata.com.pl\/de\/wp-json\/wp\/v2\/users\/1"}],"replies":[{"embeddable":true,"href":"https:\/\/ramsdata.com.pl\/de\/wp-json\/wp\/v2\/comments?post=15800"}],"version-history":[{"count":2,"href":"https:\/\/ramsdata.com.pl\/de\/wp-json\/wp\/v2\/pages\/15800\/revisions"}],"predecessor-version":[{"id":15825,"href":"https:\/\/ramsdata.com.pl\/de\/wp-json\/wp\/v2\/pages\/15800\/revisions\/15825"}],"up":[{"embeddable":true,"href":"https:\/\/ramsdata.com.pl\/de\/wp-json\/wp\/v2\/pages\/15794"}],"wp:attachment":[{"href":"https:\/\/ramsdata.com.pl\/de\/wp-json\/wp\/v2\/media?parent=15800"}],"curies":[{"name":"wp","href":"https:\/\/api.w.org\/{rel}","templated":true}]}}