{"id":15794,"date":"2024-03-05T02:20:43","date_gmt":"2024-03-05T02:20:43","guid":{"rendered":"https:\/\/ramsdata.com.pl\/angebot\/kommunikationstechnologien\/"},"modified":"2024-03-16T11:58:45","modified_gmt":"2024-03-16T11:58:45","slug":"kommunikationstechnologien","status":"publish","type":"page","link":"https:\/\/ramsdata.com.pl\/de\/angebot\/kommunikationstechnologien\/","title":{"rendered":"KOMMUNIKATIONSTECHNOLOGIEN"},"content":{"rendered":"\t\t<div data-elementor-type=\"wp-page\" data-elementor-id=\"15794\" class=\"elementor elementor-15794 elementor-11732\" data-elementor-settings=\"{&quot;ha_cmc_init_switcher&quot;:&quot;no&quot;}\" data-elementor-post-type=\"page\">\n\t\t\t\t<div class=\"elementor-element elementor-element-5f7bbade e-flex e-con-boxed e-con e-parent\" data-id=\"5f7bbade\" data-element_type=\"container\" data-e-type=\"container\" data-settings=\"{&quot;background_background&quot;:&quot;classic&quot;,&quot;_ha_eqh_enable&quot;:false}\">\n\t\t\t\t\t<div class=\"e-con-inner\">\n\t\t<div class=\"elementor-element elementor-element-3199f5cf e-con-full e-flex elementor-invisible e-con e-child\" data-id=\"3199f5cf\" data-element_type=\"container\" data-e-type=\"container\" data-settings=\"{&quot;animation&quot;:&quot;fadeInDown&quot;,&quot;_ha_eqh_enable&quot;:false}\">\n\t\t\t\t<div class=\"elementor-element elementor-element-d76c296 elementor-widget elementor-widget-heading\" data-id=\"d76c296\" data-element_type=\"widget\" data-e-type=\"widget\" data-widget_type=\"heading.default\">\n\t\t\t\t<div class=\"elementor-widget-container\">\n\t\t\t\t\t<h2 class=\"elementor-heading-title elementor-size-default\">KOMMUNIKATIONSTECHNOLOGIEN\n<\/h2>\t\t\t\t<\/div>\n\t\t\t\t<\/div>\n\t\t\t\t<\/div>\n\t\t\t\t\t<\/div>\n\t\t\t\t<\/div>\n\t\t<div class=\"elementor-element elementor-element-638ab021 e-flex e-con-boxed e-con e-parent\" data-id=\"638ab021\" data-element_type=\"container\" data-e-type=\"container\" data-settings=\"{&quot;_ha_eqh_enable&quot;:false}\">\n\t\t\t\t\t<div class=\"e-con-inner\">\n\t\t<div class=\"elementor-element elementor-element-62d47d60 e-con-full e-flex e-con e-child\" data-id=\"62d47d60\" data-element_type=\"container\" data-e-type=\"container\" data-settings=\"{&quot;_ha_eqh_enable&quot;:false}\">\n\t\t\t\t<div class=\"elementor-element elementor-element-3ae532a6 elementor-widget elementor-widget-image\" data-id=\"3ae532a6\" data-element_type=\"widget\" data-e-type=\"widget\" data-widget_type=\"image.default\">\n\t\t\t\t<div class=\"elementor-widget-container\">\n\t\t\t\t\t\t\t\t\t\t\t\t\t\t\t<img fetchpriority=\"high\" decoding=\"async\" width=\"335\" height=\"200\" src=\"https:\/\/ramsdata.com.pl\/wp-content\/uploads\/2024\/03\/telekomunikacja-335x200.jpg.webp\" class=\"attachment-full size-full wp-image-14512\" alt=\"\" srcset=\"https:\/\/ramsdata.com.pl\/wp-content\/uploads\/2024\/03\/telekomunikacja-335x200.jpg.webp 335w, https:\/\/ramsdata.com.pl\/wp-content\/uploads\/2024\/03\/telekomunikacja-335x200.jpg-300x179.webp 300w\" sizes=\"(max-width: 335px) 100vw, 335px\" \/>\t\t\t\t\t\t\t\t\t\t\t\t\t\t\t<\/div>\n\t\t\t\t<\/div>\n\t\t\t\t<\/div>\n\t\t<div class=\"elementor-element elementor-element-75d8f0e3 e-con-full e-flex e-con e-child\" data-id=\"75d8f0e3\" data-element_type=\"container\" data-e-type=\"container\" data-settings=\"{&quot;_ha_eqh_enable&quot;:false}\">\n\t\t\t\t<div class=\"elementor-element elementor-element-4334a70c elementor-widget__width-initial elementor-widget elementor-widget-text-editor\" data-id=\"4334a70c\" data-element_type=\"widget\" data-e-type=\"widget\" data-widget_type=\"text-editor.default\">\n\t\t\t\t<div class=\"elementor-widget-container\">\n\t\t\t\t\t\t\t\t\t<p>Telekommunikation ist ein Oberbegriff f\u00fcr eine breite Palette von Technologien, die Informationen \u00fcber eine Entfernung \u00fcbertragen. Mobiltelefone, Festnetztelefone, Satellitentelefone und Voice over Internet Protocol (VoIP) sind alles Technologien, die in einen der Bereiche der Telekommunikation fallen. Radio, Fernsehen und Rundfunknetze sind weitere Beispiele, die den Kommunikationsbedarf auf unterschiedliche Weise decken. Die Fortschritte in der Telekommunikation haben die Welt unermesslich ver\u00e4ndert. Die Menschen haben heute viele M\u00f6glichkeiten, zu sehen und zu h\u00f6ren, was auf der anderen Seite der Welt geschieht. Die Satellitentechnologie, das Fernsehen, das Internet und die Telefonie im weiteren Sinne sind die Instrumente, mit denen Kommunikationsanrufe get\u00e4tigt und Sprache und Video in Echtzeit verarbeitet werden.<\/p>\n<p>Telekommunikation<\/p>\n\t\t\t\t\t\t\t\t<\/div>\n\t\t\t\t<\/div>\n\t\t\t\t<\/div>\n\t\t\t\t\t<\/div>\n\t\t\t\t<\/div>\n\t\t<div class=\"elementor-element elementor-element-24487ad5 e-flex e-con-boxed e-con e-parent\" data-id=\"24487ad5\" data-element_type=\"container\" data-e-type=\"container\" data-settings=\"{&quot;background_background&quot;:&quot;classic&quot;,&quot;_ha_eqh_enable&quot;:false}\">\n\t\t\t\t\t<div class=\"e-con-inner\">\n\t\t<div class=\"elementor-element elementor-element-0520f42 e-flex e-con-boxed e-con e-child\" data-id=\"0520f42\" data-element_type=\"container\" data-e-type=\"container\" data-settings=\"{&quot;_ha_eqh_enable&quot;:false}\">\n\t\t\t\t\t<div class=\"e-con-inner\">\n\t\t<div class=\"elementor-element elementor-element-c0e5595 e-flex e-con-boxed e-con e-child\" data-id=\"c0e5595\" data-element_type=\"container\" data-e-type=\"container\" data-settings=\"{&quot;background_background&quot;:&quot;classic&quot;,&quot;_ha_eqh_enable&quot;:false}\">\n\t\t\t\t\t<div class=\"e-con-inner\">\n\t\t\t\t<div class=\"elementor-element elementor-element-4b10fa3 elementor-widget elementor-widget-text-editor\" data-id=\"4b10fa3\" data-element_type=\"widget\" data-e-type=\"widget\" data-widget_type=\"text-editor.default\">\n\t\t\t\t<div class=\"elementor-widget-container\">\n\t\t\t\t\t\t\t\t\t<p>Telekommunikation ist ein Oberbegriff f\u00fcr eine breite Palette von Technologien, die Informationen \u00fcber eine Entfernung \u00fcbertragen. Mobiltelefone, Festnetztelefone, Satellitentelefone und Voice over Internet Protocol (VoIP) sind alles Technologien, die in einen der Bereiche der Telekommunikation fallen. Radio, Fernsehen und Rundfunknetze sind weitere Beispiele, die den Kommunikationsbedarf auf unterschiedliche Weise decken. Die Fortschritte in der Telekommunikation haben die Welt unermesslich ver\u00e4ndert. Die Menschen haben heute viele M\u00f6glichkeiten, zu sehen und zu h\u00f6ren, was auf der anderen Seite der Welt geschieht. Die Satellitentechnologie, das Fernsehen, das Internet und die Telefonie im weiteren Sinne sind die Instrumente, mit denen Kommunikationsanrufe get\u00e4tigt und Sprache und Video in Echtzeit verarbeitet werden.<\/p>\n\t\t\t\t\t\t\t\t<\/div>\n\t\t\t\t<\/div>\n\t\t\t\t\t<\/div>\n\t\t\t\t<\/div>\n\t\t<div class=\"elementor-element elementor-element-fd6af34 e-flex e-con-boxed e-con e-child\" data-id=\"fd6af34\" data-element_type=\"container\" data-e-type=\"container\" data-settings=\"{&quot;background_background&quot;:&quot;classic&quot;,&quot;_ha_eqh_enable&quot;:false}\">\n\t\t\t\t\t<div class=\"e-con-inner\">\n\t\t\t\t<div class=\"elementor-element elementor-element-7e997ba elementor-widget elementor-widget-text-editor\" data-id=\"7e997ba\" data-element_type=\"widget\" data-e-type=\"widget\" data-widget_type=\"text-editor.default\">\n\t\t\t\t<div class=\"elementor-widget-container\">\n\t\t\t\t\t\t\t\t\t<p>Telekommunikation ist ein Oberbegriff f\u00fcr eine breite Palette von Technologien, die Informationen \u00fcber eine Entfernung \u00fcbertragen. Mobiltelefone, Festnetztelefone, Satellitentelefone und Voice over Internet Protocol (VoIP) sind alles Technologien, die in einen der Bereiche der Telekommunikation fallen. Radio, Fernsehen und Rundfunknetze sind weitere Beispiele, die den Kommunikationsbedarf auf unterschiedliche Weise decken. Die Fortschritte in der Telekommunikation haben die Welt unermesslich ver\u00e4ndert. Die Menschen haben heute viele M\u00f6glichkeiten, zu sehen und zu h\u00f6ren, was auf der anderen Seite der Welt geschieht. Die Satellitentechnologie, das Fernsehen, das Internet und die Telefonie im weiteren Sinne sind die Instrumente, mit denen Kommunikationsanrufe get\u00e4tigt und Sprache und Video in Echtzeit verarbeitet werden.<\/p>\n\t\t\t\t\t\t\t\t<\/div>\n\t\t\t\t<\/div>\n\t\t\t\t\t<\/div>\n\t\t\t\t<\/div>\n\t\t\t\t\t<\/div>\n\t\t\t\t<\/div>\n\t\t<div class=\"elementor-element elementor-element-d0e18c0 e-flex e-con-boxed e-con e-child\" data-id=\"d0e18c0\" data-element_type=\"container\" data-e-type=\"container\" data-settings=\"{&quot;_ha_eqh_enable&quot;:false}\">\n\t\t\t\t\t<div class=\"e-con-inner\">\n\t\t<div class=\"elementor-element elementor-element-db30894 e-flex e-con-boxed e-con e-child\" data-id=\"db30894\" data-element_type=\"container\" data-e-type=\"container\" data-settings=\"{&quot;background_background&quot;:&quot;classic&quot;,&quot;_ha_eqh_enable&quot;:false}\">\n\t\t\t\t\t<div class=\"e-con-inner\">\n\t\t\t\t<div class=\"elementor-element elementor-element-d52ce49 elementor-widget elementor-widget-text-editor\" data-id=\"d52ce49\" data-element_type=\"widget\" data-e-type=\"widget\" data-widget_type=\"text-editor.default\">\n\t\t\t\t<div class=\"elementor-widget-container\">\n\t\t\t\t\t\t\t\t\t<div class=\"elementor-element elementor-element-6fe624b elementor-widget elementor-widget-text-editor\" data-id=\"6fe624b\" data-element_type=\"widget\" data-widget_type=\"text-editor.default\">\n<div class=\"elementor-widget-container\">\n<p>Die IP-DECT-Telefonie, die auf der IP-Technologie (Internetprotokoll) basiert, ist eine weitere Technologie, die die Kommunikation verbessert und damit die Betriebskosten des Unternehmens senkt. Das integrierte IP-DECT-System sorgt f\u00fcr die mobile Kommunikation innerhalb des Unternehmens. Es ist die ideale Plattform f\u00fcr den Aufbau einer zuverl\u00e4ssigen drahtlosen Kommunikationsinfrastruktur, die sich \u00fcber IP in bestehende Systeme und Anwendungen integrieren l\u00e4sst. IP-DECT-Systeme bieten qualitativ hochwertige Anrufe und Daten\u00fcbertragung \u00fcber LAN und WAN. Bestehende IP-Infrastrukturen k\u00f6nnen f\u00fcr die Einrichtung und Erweiterung von Telekommunikationssystemen genutzt werden. Das System kann jederzeit um Messaging-, Sicherheits- und Standortl\u00f6sungen erweitert werden. Ein bew\u00e4hrtes System mit Kontrollstellen und Personen-Notsignalgebern steht f\u00fcr viele Einsatzbereiche zur Verf\u00fcgung. Professionelle drahtlose Konnektivit\u00e4t, pers\u00f6nliche Sicherheit f\u00fcr Mitarbeiter und Sprachtelefonie sind jetzt in der IP-DECT-Technologie vereint. Infolgedessen wird diese Technologie immer beliebter und dominanter auf dem Markt.<\/p>\n<\/div>\n<\/div>\n\t\t\t\t\t\t\t\t<\/div>\n\t\t\t\t<\/div>\n\t\t\t\t\t<\/div>\n\t\t\t\t<\/div>\n\t\t\t\t\t<\/div>\n\t\t\t\t<\/div>\n\t\t\t\t\t<\/div>\n\t\t\t\t<\/div>\n\t\t<div class=\"elementor-element elementor-element-92c2b6b e-flex e-con-boxed e-con e-parent\" data-id=\"92c2b6b\" data-element_type=\"container\" data-e-type=\"container\" data-settings=\"{&quot;_ha_eqh_enable&quot;:false}\">\n\t\t\t\t\t<div class=\"e-con-inner\">\n\t\t<div class=\"elementor-element elementor-element-73af792 e-flex e-con-boxed e-con e-child\" data-id=\"73af792\" data-element_type=\"container\" data-e-type=\"container\" data-settings=\"{&quot;_ha_eqh_enable&quot;:false}\">\n\t\t\t\t\t<div class=\"e-con-inner\">\n\t\t<div class=\"elementor-element elementor-element-7141563 e-flex e-con-boxed e-con e-child\" data-id=\"7141563\" data-element_type=\"container\" data-e-type=\"container\" data-settings=\"{&quot;background_background&quot;:&quot;classic&quot;,&quot;_ha_eqh_enable&quot;:false}\">\n\t\t\t\t\t<div class=\"e-con-inner\">\n\t\t<div class=\"elementor-element elementor-element-a3eb80c e-flex e-con-boxed e-con e-child\" data-id=\"a3eb80c\" data-element_type=\"container\" data-e-type=\"container\" data-settings=\"{&quot;background_background&quot;:&quot;classic&quot;,&quot;_ha_eqh_enable&quot;:false}\">\n\t\t\t\t\t<div class=\"e-con-inner\">\n\t\t\t\t<div class=\"elementor-element elementor-element-c106c04 elementor-widget elementor-widget-image\" data-id=\"c106c04\" data-element_type=\"widget\" data-e-type=\"widget\" data-widget_type=\"image.default\">\n\t\t\t\t<div class=\"elementor-widget-container\">\n\t\t\t\t\t\t\t\t\t\t\t\t\t\t\t<img decoding=\"async\" width=\"758\" height=\"200\" src=\"https:\/\/ramsdata.com.pl\/wp-content\/uploads\/2024\/03\/producenci_saltdna.png\" class=\"attachment-large size-large wp-image-14517\" alt=\"\" srcset=\"https:\/\/ramsdata.com.pl\/wp-content\/uploads\/2024\/03\/producenci_saltdna.png 758w, https:\/\/ramsdata.com.pl\/wp-content\/uploads\/2024\/03\/producenci_saltdna-300x79.png 300w\" sizes=\"(max-width: 758px) 100vw, 758px\" \/>\t\t\t\t\t\t\t\t\t\t\t\t\t\t\t<\/div>\n\t\t\t\t<\/div>\n\t\t\t\t\t<\/div>\n\t\t\t\t<\/div>\n\t\t\t\t<div class=\"elementor-element elementor-element-11372a9 elementor-widget elementor-widget-heading\" data-id=\"11372a9\" data-element_type=\"widget\" data-e-type=\"widget\" data-widget_type=\"heading.default\">\n\t\t\t\t<div class=\"elementor-widget-container\">\n\t\t\t\t\t<h2 class=\"elementor-heading-title elementor-size-default\">Vertrauliche Kommunikationssysteme\n<\/h2>\t\t\t\t<\/div>\n\t\t\t\t<\/div>\n\t\t\t\t<div class=\"elementor-element elementor-element-030befb elementor-widget elementor-widget-button\" data-id=\"030befb\" data-element_type=\"widget\" data-e-type=\"widget\" data-widget_type=\"button.default\">\n\t\t\t\t<div class=\"elementor-widget-container\">\n\t\t\t\t\t\t\t\t\t<div class=\"elementor-button-wrapper\">\n\t\t\t\t\t<a class=\"elementor-button elementor-button-link elementor-size-sm\" href=\"\/Angebot\/Kommunikationstechnologien\/Kommunikationssysteme-vertraulich\/\">\n\t\t\t\t\t\t<span class=\"elementor-button-content-wrapper\">\n\t\t\t\t\t\t\t\t\t<span class=\"elementor-button-text\">Weitere Informationen<\/span>\n\t\t\t\t\t<\/span>\n\t\t\t\t\t<\/a>\n\t\t\t\t<\/div>\n\t\t\t\t\t\t\t\t<\/div>\n\t\t\t\t<\/div>\n\t\t\t\t\t<\/div>\n\t\t\t\t<\/div>\n\t\t<div class=\"elementor-element elementor-element-9ec8a21 e-flex e-con-boxed e-con e-child\" data-id=\"9ec8a21\" data-element_type=\"container\" data-e-type=\"container\" data-settings=\"{&quot;background_background&quot;:&quot;classic&quot;,&quot;_ha_eqh_enable&quot;:false}\">\n\t\t\t\t\t<div class=\"e-con-inner\">\n\t\t<div class=\"elementor-element elementor-element-e9314e9 e-flex e-con-boxed e-con e-child\" data-id=\"e9314e9\" data-element_type=\"container\" data-e-type=\"container\" data-settings=\"{&quot;background_background&quot;:&quot;classic&quot;,&quot;_ha_eqh_enable&quot;:false}\">\n\t\t\t\t\t<div class=\"e-con-inner\">\n\t\t\t\t<div class=\"elementor-element elementor-element-622f58f elementor-widget elementor-widget-image\" data-id=\"622f58f\" data-element_type=\"widget\" data-e-type=\"widget\" data-widget_type=\"image.default\">\n\t\t\t\t<div class=\"elementor-widget-container\">\n\t\t\t\t\t\t\t\t\t\t\t\t\t\t\t<img decoding=\"async\" width=\"220\" height=\"104\" src=\"https:\/\/ramsdata.com.pl\/wp-content\/uploads\/2024\/03\/ascom02.png\" class=\"attachment-large size-large wp-image-14522\" alt=\"\" \/>\t\t\t\t\t\t\t\t\t\t\t\t\t\t\t<\/div>\n\t\t\t\t<\/div>\n\t\t\t\t\t<\/div>\n\t\t\t\t<\/div>\n\t\t\t\t<div class=\"elementor-element elementor-element-72ef191 elementor-widget elementor-widget-heading\" data-id=\"72ef191\" data-element_type=\"widget\" data-e-type=\"widget\" data-widget_type=\"heading.default\">\n\t\t\t\t<div class=\"elementor-widget-container\">\n\t\t\t\t\t<h2 class=\"elementor-heading-title elementor-size-default\">Drahtlose Kommunikationssysteme\n<\/h2>\t\t\t\t<\/div>\n\t\t\t\t<\/div>\n\t\t\t\t<div class=\"elementor-element elementor-element-69f21cf elementor-widget elementor-widget-button\" data-id=\"69f21cf\" data-element_type=\"widget\" data-e-type=\"widget\" data-widget_type=\"button.default\">\n\t\t\t\t<div class=\"elementor-widget-container\">\n\t\t\t\t\t\t\t\t\t<div class=\"elementor-button-wrapper\">\n\t\t\t\t\t<a class=\"elementor-button elementor-button-link elementor-size-sm\" href=\"https:\/\/ramsdata.com.pl\/de\/angebot\/kommunikationstechnologien\/drahtlose-kommunikationssysteme\/\">\n\t\t\t\t\t\t<span class=\"elementor-button-content-wrapper\">\n\t\t\t\t\t\t\t\t\t<span class=\"elementor-button-text\">Weitere Informationen<\/span>\n\t\t\t\t\t<\/span>\n\t\t\t\t\t<\/a>\n\t\t\t\t<\/div>\n\t\t\t\t\t\t\t\t<\/div>\n\t\t\t\t<\/div>\n\t\t\t\t\t<\/div>\n\t\t\t\t<\/div>\n\t\t\t\t\t<\/div>\n\t\t\t\t<\/div>\n\t\t\t\t\t<\/div>\n\t\t\t\t<\/div>\n\t\t\t\t<\/div>\n\t\t","protected":false},"excerpt":{"rendered":"<p>KOMMUNIKATIONSTECHNOLOGIEN Telekommunikation ist ein Oberbegriff f\u00fcr eine breite Palette von Technologien, die Informationen \u00fcber eine Entfernung \u00fcbertragen. Mobiltelefone, Festnetztelefone, Satellitentelefone und Voice over Internet Protocol (VoIP) sind alles Technologien, die in einen der Bereiche der Telekommunikation fallen. Radio, Fernsehen und Rundfunknetze sind weitere Beispiele, die den Kommunikationsbedarf auf unterschiedliche Weise decken. Die Fortschritte in der [&hellip;]<\/p>\n","protected":false},"author":1,"featured_media":0,"parent":15064,"menu_order":0,"comment_status":"closed","ping_status":"closed","template":"","meta":{"_acf_changed":false,"om_disable_all_campaigns":false,"_monsterinsights_skip_tracking":false,"_monsterinsights_sitenote_active":false,"_monsterinsights_sitenote_note":"","_monsterinsights_sitenote_category":0,"_uf_show_specific_survey":0,"_uf_disable_surveys":false,"footnotes":""},"class_list":["post-15794","page","type-page","status-publish","hentry"],"acf":[],"aioseo_notices":[],"_links":{"self":[{"href":"https:\/\/ramsdata.com.pl\/de\/wp-json\/wp\/v2\/pages\/15794","targetHints":{"allow":["GET"]}}],"collection":[{"href":"https:\/\/ramsdata.com.pl\/de\/wp-json\/wp\/v2\/pages"}],"about":[{"href":"https:\/\/ramsdata.com.pl\/de\/wp-json\/wp\/v2\/types\/page"}],"author":[{"embeddable":true,"href":"https:\/\/ramsdata.com.pl\/de\/wp-json\/wp\/v2\/users\/1"}],"replies":[{"embeddable":true,"href":"https:\/\/ramsdata.com.pl\/de\/wp-json\/wp\/v2\/comments?post=15794"}],"version-history":[{"count":2,"href":"https:\/\/ramsdata.com.pl\/de\/wp-json\/wp\/v2\/pages\/15794\/revisions"}],"predecessor-version":[{"id":15831,"href":"https:\/\/ramsdata.com.pl\/de\/wp-json\/wp\/v2\/pages\/15794\/revisions\/15831"}],"up":[{"embeddable":true,"href":"https:\/\/ramsdata.com.pl\/de\/wp-json\/wp\/v2\/pages\/15064"}],"wp:attachment":[{"href":"https:\/\/ramsdata.com.pl\/de\/wp-json\/wp\/v2\/media?parent=15794"}],"curies":[{"name":"wp","href":"https:\/\/api.w.org\/{rel}","templated":true}]}}