{"id":15587,"date":"2024-03-04T07:48:56","date_gmt":"2024-03-04T07:48:56","guid":{"rendered":"https:\/\/ramsdata.com.pl\/angebot\/technologien\/isolierte-netze-und-betrieb-mobiler-geraete\/"},"modified":"2025-06-19T02:51:46","modified_gmt":"2025-06-19T02:51:46","slug":"isolierte-netze-und-betrieb-mobiler-geraete","status":"publish","type":"page","link":"https:\/\/ramsdata.com.pl\/de\/angebot\/technologien\/isolierte-netze-und-betrieb-mobiler-geraete\/","title":{"rendered":"Isolierte Netze und Betrieb mobiler Ger\u00e4te"},"content":{"rendered":"\t\t<div data-elementor-type=\"wp-page\" data-elementor-id=\"15587\" class=\"elementor elementor-15587 elementor-11372\" data-elementor-settings=\"{&quot;ha_cmc_init_switcher&quot;:&quot;no&quot;}\" data-elementor-post-type=\"page\">\n\t\t\t\t<div class=\"elementor-element elementor-element-4ea0dd35 e-flex e-con-boxed e-con e-parent\" data-id=\"4ea0dd35\" data-element_type=\"container\" data-e-type=\"container\" data-settings=\"{&quot;background_background&quot;:&quot;classic&quot;,&quot;_ha_eqh_enable&quot;:false}\">\n\t\t\t\t\t<div class=\"e-con-inner\">\n\t\t<div class=\"elementor-element elementor-element-23964c6 e-con-full e-flex elementor-invisible e-con e-child\" data-id=\"23964c6\" data-element_type=\"container\" data-e-type=\"container\" data-settings=\"{&quot;animation&quot;:&quot;fadeInDown&quot;,&quot;_ha_eqh_enable&quot;:false}\">\n\t\t\t\t<div class=\"elementor-element elementor-element-55a4624 elementor-widget elementor-widget-heading\" data-id=\"55a4624\" data-element_type=\"widget\" data-e-type=\"widget\" data-widget_type=\"heading.default\">\n\t\t\t\t<div class=\"elementor-widget-container\">\n\t\t\t\t\t<h2 class=\"elementor-heading-title elementor-size-default\">ISOLIERTE NETZE UND UNTERST\u00dcTZUNG F\u00dcR MOBILE GER\u00c4TE<\/h2>\t\t\t\t<\/div>\n\t\t\t\t<\/div>\n\t\t\t\t<\/div>\n\t\t\t\t\t<\/div>\n\t\t\t\t<\/div>\n\t\t<div class=\"elementor-element elementor-element-c22c62c e-flex e-con-boxed e-con e-parent\" data-id=\"c22c62c\" data-element_type=\"container\" data-e-type=\"container\" data-settings=\"{&quot;_ha_eqh_enable&quot;:false}\">\n\t\t\t\t\t<div class=\"e-con-inner\">\n\t\t<div class=\"elementor-element elementor-element-70990d2 e-con-full e-flex e-con e-child\" data-id=\"70990d2\" data-element_type=\"container\" data-e-type=\"container\" data-settings=\"{&quot;_ha_eqh_enable&quot;:false}\">\n\t\t\t\t<div class=\"elementor-element elementor-element-37efed69 elementor-widget elementor-widget-image\" data-id=\"37efed69\" data-element_type=\"widget\" data-e-type=\"widget\" data-widget_type=\"image.default\">\n\t\t\t\t<div class=\"elementor-widget-container\">\n\t\t\t\t\t\t\t\t\t\t\t\t\t\t\t<img decoding=\"async\" width=\"300\" height=\"54\" src=\"https:\/\/ramsdata.com.pl\/wp-content\/uploads\/2024\/03\/OPSWAT_Logo_CMYKwhite-300x54.png.webp\" class=\"attachment-full size-full wp-image-14047\" alt=\"\" \/>\t\t\t\t\t\t\t\t\t\t\t\t\t\t\t<\/div>\n\t\t\t\t<\/div>\n\t\t\t\t<\/div>\n\t\t<div class=\"elementor-element elementor-element-16cd334 e-con-full e-flex e-con e-child\" data-id=\"16cd334\" data-element_type=\"container\" data-e-type=\"container\" data-settings=\"{&quot;_ha_eqh_enable&quot;:false}\">\n\t\t\t\t<div class=\"elementor-element elementor-element-1e8b22d0 elementor-widget__width-initial elementor-widget elementor-widget-text-editor\" data-id=\"1e8b22d0\" data-element_type=\"widget\" data-e-type=\"widget\" data-widget_type=\"text-editor.default\">\n\t\t\t\t<div class=\"elementor-widget-container\">\n\t\t\t\t\t\t\t\t\t<p>Kritische Netze stellen f\u00fcr Sicherheitsexperten eine besondere Herausforderung dar, da sie isoliert sind und keinen Zugang zum Internet haben, so dass sie anf\u00e4llig f\u00fcr Angriffe \u00fcber mobile Medien und \u00e4hnliche Datei\u00fcbertragungstechnologien sind. OPSWAT bietet einen sicheren End-to-End-Prozess f\u00fcr die \u00dcbertragung von Dateien in und aus isolierten Netzwerken. Die L\u00f6sung ist in der Fertigungsindustrie, im Energiesektor, in Beh\u00f6rden, im Bankwesen, in der Pharmaindustrie und in der Unterhaltungsindustrie weit verbreitet.<\/p><p> <\/p>\t\t\t\t\t\t\t\t<\/div>\n\t\t\t\t<\/div>\n\t\t\t\t<\/div>\n\t\t\t\t\t<\/div>\n\t\t\t\t<\/div>\n\t\t<div class=\"elementor-element elementor-element-1adac568 e-flex e-con-boxed e-con e-parent\" data-id=\"1adac568\" data-element_type=\"container\" data-e-type=\"container\" data-settings=\"{&quot;background_background&quot;:&quot;classic&quot;,&quot;_ha_eqh_enable&quot;:false}\">\n\t\t\t\t\t<div class=\"e-con-inner\">\n\t\t<div class=\"elementor-element elementor-element-2f67083c e-flex e-con-boxed elementor-invisible e-con e-child\" data-id=\"2f67083c\" data-element_type=\"container\" data-e-type=\"container\" data-settings=\"{&quot;animation&quot;:&quot;fadeInDown&quot;,&quot;_ha_eqh_enable&quot;:false}\">\n\t\t\t\t\t<div class=\"e-con-inner\">\n\t\t\t\t<div class=\"elementor-element elementor-element-167b0e1 elementor-widget elementor-widget-heading\" data-id=\"167b0e1\" data-element_type=\"widget\" data-e-type=\"widget\" data-widget_type=\"heading.default\">\n\t\t\t\t<div class=\"elementor-widget-container\">\n\t\t\t\t\t<h2 class=\"elementor-heading-title elementor-size-default\">Sicherheit in isolierten Netzen und mobilem Medienscanning\n<\/h2>\t\t\t\t<\/div>\n\t\t\t\t<\/div>\n\t\t\t\t\t<\/div>\n\t\t\t\t<\/div>\n\t\t<div class=\"elementor-element elementor-element-6db51e2c e-flex e-con-boxed elementor-invisible e-con e-child\" data-id=\"6db51e2c\" data-element_type=\"container\" data-e-type=\"container\" data-settings=\"{&quot;animation&quot;:&quot;fadeIn&quot;,&quot;animation_delay&quot;:200,&quot;_ha_eqh_enable&quot;:false}\">\n\t\t\t\t\t<div class=\"e-con-inner\">\n\t\t\t\t<div class=\"elementor-element elementor-element-4e77f34 elementor-widget elementor-widget-text-editor\" data-id=\"4e77f34\" data-element_type=\"widget\" data-e-type=\"widget\" data-widget_type=\"text-editor.default\">\n\t\t\t\t<div class=\"elementor-widget-container\">\n\t\t\t\t\t\t\t\t\t<p>Tragbare Medien (wie USB-Laufwerke, CDs\/DVDs usw.) bieten Cyberkriminellen eine weitere M\u00f6glichkeit, sich Zugang zu einem System zu verschaffen. Ein bekannter Weg war der Stuxnet-Wurm, der sich \u00fcber ein infiziertes USB-Laufwerk verbreitete. Der weit verbreitete Metadefender stellt sicher, dass alle tragbaren Ger\u00e4te, die von Mitarbeitern, Auftragnehmern oder Lieferanten mitgebracht werden, zun\u00e4chst mit mehreren Antiviren-Engines sowie CDR und VUL gescannt werden und dass sie virenfrei sind, bevor sie in einem sicheren Netzwerk zur Arbeit gebracht werden.<br>Metadefender kann auf einem Netzwerk oder einem Kiosk installiert werden und als Kontrollpunkt zum Schutz vor Bedrohungen von tragbaren Medien verwendet werden, um die M\u00f6glichkeit von Datenverletzungen auf diesem Weg zu verhindern.<\/p><p>Metadefender Kiosk <a href=\"https:\/\/ramsdata.com.pl\/de\/opswat\/produkte\/metaaccess-ot\/\">und<\/a> Secure File Transfer (SFT\/Vault) bieten ein sicheres Verfahren f\u00fcr die \u00dcbertragung von Daten in und aus isolierten Netzwerken (ohne Internetzugang) von physischen Medien wie USB-Laufwerken, CDs <a href=\"https:\/\/ramsdata.com.pl\/opswat\/technologien\/?lang=de\">und<\/a> DVDs, Flash-Speicherkarten usw&#8230; Kiosk kann alle tragbaren physischen Medien scannen und sie so vor der Verwendung vom Netzwerk isolieren. Wenn der Benutzer das Medium einlegt, scannt Metadefender Kiosk es auf Malware und Sicherheitsl\u00fccken.<br>Wenn keine Bedrohungen gefunden werden, werden die Daten \u00fcber eine Diode an ein sicheres Netzwerk weitergeleitet, wo sie vor\u00fcbergehend auf dem SFT\/Vault-Server gespeichert werden. Die Benutzer k\u00f6nnen auf die Daten zugreifen, indem sie sich auf dem Server anmelden.<br>Kiosk bietet au\u00dferdem ein vollst\u00e4ndiges Authentifizierungs- und Protokollierungssystem.   Metadefender Kiosk kann in Netzwerkumgebungen mit Internetanschluss oder offline (einschlie\u00dflich isolierter Netzwerke) eingesetzt werden. OPSWAT bietet mehrere Methoden, um Offline-Updates von Anti-Malware-Signaturen an den Metadefender-Server zu \u00fcbermitteln. Dar\u00fcber hinaus ist eine Reihe von Metadefender Kiosk-Hardwareoptionen verf\u00fcgbar.<\/p>\t\t\t\t\t\t\t\t<\/div>\n\t\t\t\t<\/div>\n\t\t\t\t\t<\/div>\n\t\t\t\t<\/div>\n\t\t\t\t\t<\/div>\n\t\t\t\t<\/div>\n\t\t<div class=\"elementor-element elementor-element-2eaf699c e-flex e-con-boxed e-con e-parent\" data-id=\"2eaf699c\" data-element_type=\"container\" data-e-type=\"container\" data-settings=\"{&quot;background_background&quot;:&quot;classic&quot;,&quot;_ha_eqh_enable&quot;:false}\">\n\t\t\t\t\t<div class=\"e-con-inner\">\n\t\t<div class=\"elementor-element elementor-element-63b9b765 e-con-full e-flex elementor-invisible e-con e-child\" data-id=\"63b9b765\" data-element_type=\"container\" data-e-type=\"container\" data-settings=\"{&quot;animation&quot;:&quot;fadeInLeft&quot;,&quot;_ha_eqh_enable&quot;:false}\">\n\t\t\t\t<div class=\"elementor-element elementor-element-25e6197d elementor-widget elementor-widget-heading\" data-id=\"25e6197d\" data-element_type=\"widget\" data-e-type=\"widget\" data-widget_type=\"heading.default\">\n\t\t\t\t<div class=\"elementor-widget-container\">\n\t\t\t\t\t<h2 class=\"elementor-heading-title elementor-size-default\">Metadefender-Tresor<\/h2>\t\t\t\t<\/div>\n\t\t\t\t<\/div>\n\t\t\t\t<div class=\"elementor-element elementor-element-6c0c9159 elementor-widget elementor-widget-text-editor\" data-id=\"6c0c9159\" data-element_type=\"widget\" data-e-type=\"widget\" data-widget_type=\"text-editor.default\">\n\t\t\t\t<div class=\"elementor-widget-container\">\n\t\t\t\t\t\t\t\t\t<p>MetaDefender Vault ist ein gesch\u00fctzter Netzwerkspeicher, der sich \u00fcberall im Netzwerk befinden kann und mit MetaDefender Kiosk verwendet werden kann, um Dateien zu speichern. Mit dieser Technologie k\u00f6nnen sichere Dateien in isolierte Netzwerkkammern \u00fcbertragen werden, ohne dass tragbare Medien in die Einrichtung gebracht werden m\u00fcssen. Besucher und Benutzer k\u00f6nnen auf alle zertifizierten und verifizierten Dateien von MetaDefender Vault aus zugreifen, wobei alle USB-Laufwerke an der Peripherie verbleiben. Kontrollpunkte in isolierten Netzwerken k\u00f6nnen strategisch eingerichtet werden, um f\u00fcr Transparenz zu sorgen, Audits durchzuf\u00fchren und gegebenenfalls Malware zu verhindern.<\/p>\t\t\t\t\t\t\t\t<\/div>\n\t\t\t\t<\/div>\n\t\t\t\t<\/div>\n\t\t<div class=\"elementor-element elementor-element-361eb5a9 e-con-full e-flex e-con e-child\" data-id=\"361eb5a9\" data-element_type=\"container\" data-e-type=\"container\" data-settings=\"{&quot;_ha_eqh_enable&quot;:false}\">\n\t\t<div class=\"elementor-element elementor-element-5a7428af e-con-full e-flex elementor-invisible e-con e-child\" data-id=\"5a7428af\" data-element_type=\"container\" data-e-type=\"container\" data-settings=\"{&quot;background_background&quot;:&quot;gradient&quot;,&quot;animation&quot;:&quot;fadeInUp&quot;,&quot;_ha_eqh_enable&quot;:false}\">\n\t\t\t\t<div class=\"elementor-element elementor-element-08e9083 elementor-widget elementor-widget-image\" data-id=\"08e9083\" data-element_type=\"widget\" data-e-type=\"widget\" data-widget_type=\"image.default\">\n\t\t\t\t<div class=\"elementor-widget-container\">\n\t\t\t\t\t\t\t\t\t\t\t\t\t\t\t<img fetchpriority=\"high\" decoding=\"async\" width=\"495\" height=\"1024\" src=\"https:\/\/ramsdata.com.pl\/wp-content\/uploads\/2024\/03\/K3000-495x1024.webp\" class=\"attachment-large size-large wp-image-14477\" alt=\"\" srcset=\"https:\/\/ramsdata.com.pl\/wp-content\/uploads\/2024\/03\/K3000-495x1024.webp 495w, https:\/\/ramsdata.com.pl\/wp-content\/uploads\/2024\/03\/K3000-145x300.webp 145w, https:\/\/ramsdata.com.pl\/wp-content\/uploads\/2024\/03\/K3000-768x1589.webp 768w, https:\/\/ramsdata.com.pl\/wp-content\/uploads\/2024\/03\/K3000-743x1536.webp 743w, https:\/\/ramsdata.com.pl\/wp-content\/uploads\/2024\/03\/K3000-990x2048.webp 990w, https:\/\/ramsdata.com.pl\/wp-content\/uploads\/2024\/03\/K3000.webp 1049w\" sizes=\"(max-width: 495px) 100vw, 495px\" \/>\t\t\t\t\t\t\t\t\t\t\t\t\t\t\t<\/div>\n\t\t\t\t<\/div>\n\t\t\t\t<\/div>\n\t\t\t\t<\/div>\n\t\t\t\t\t<\/div>\n\t\t\t\t<\/div>\n\t\t<div class=\"elementor-element elementor-element-9a3073c e-flex e-con-boxed e-con e-parent\" data-id=\"9a3073c\" data-element_type=\"container\" data-e-type=\"container\" data-settings=\"{&quot;background_background&quot;:&quot;classic&quot;,&quot;_ha_eqh_enable&quot;:false}\">\n\t\t\t\t\t<div class=\"e-con-inner\">\n\t\t<div class=\"elementor-element elementor-element-d891369 e-con-full e-flex e-con e-child\" data-id=\"d891369\" data-element_type=\"container\" data-e-type=\"container\" data-settings=\"{&quot;_ha_eqh_enable&quot;:false}\">\n\t\t\t\t<div class=\"elementor-element elementor-element-b4303de elementor-widget elementor-widget-image\" data-id=\"b4303de\" data-element_type=\"widget\" data-e-type=\"widget\" data-widget_type=\"image.default\">\n\t\t\t\t<div class=\"elementor-widget-container\">\n\t\t\t\t\t\t\t\t\t\t\t\t\t\t\t<img decoding=\"async\" width=\"768\" height=\"608\" src=\"https:\/\/ramsdata.com.pl\/wp-content\/uploads\/2024\/03\/vault_screenshot_02-768x608.png-1.webp\" class=\"attachment-large size-large wp-image-14487\" alt=\"\" srcset=\"https:\/\/ramsdata.com.pl\/wp-content\/uploads\/2024\/03\/vault_screenshot_02-768x608.png-1.webp 768w, https:\/\/ramsdata.com.pl\/wp-content\/uploads\/2024\/03\/vault_screenshot_02-768x608.png-1-300x238.webp 300w\" sizes=\"(max-width: 768px) 100vw, 768px\" \/>\t\t\t\t\t\t\t\t\t\t\t\t\t\t\t<\/div>\n\t\t\t\t<\/div>\n\t\t\t\t<\/div>\n\t\t<div class=\"elementor-element elementor-element-934e8ee e-con-full e-flex elementor-invisible e-con e-child\" data-id=\"934e8ee\" data-element_type=\"container\" data-e-type=\"container\" data-settings=\"{&quot;animation&quot;:&quot;fadeInLeft&quot;,&quot;_ha_eqh_enable&quot;:false}\">\n\t\t\t\t<div class=\"elementor-element elementor-element-2f44b44 elementor-widget elementor-widget-heading\" data-id=\"2f44b44\" data-element_type=\"widget\" data-e-type=\"widget\" data-widget_type=\"heading.default\">\n\t\t\t\t<div class=\"elementor-widget-container\">\n\t\t\t\t\t<h2 class=\"elementor-heading-title elementor-size-default\">Metadefender-Tresor\n<\/h2>\t\t\t\t<\/div>\n\t\t\t\t<\/div>\n\t\t\t\t<div class=\"elementor-element elementor-element-b8da4a0 elementor-widget elementor-widget-text-editor\" data-id=\"b8da4a0\" data-element_type=\"widget\" data-e-type=\"widget\" data-widget_type=\"text-editor.default\">\n\t\t\t\t<div class=\"elementor-widget-container\">\n\t\t\t\t\t\t\t\t\t<p>MetaDefender Vault ist ein gesch\u00fctzter Netzwerkspeicher, der sich \u00fcberall im Netzwerk befinden kann und mit MetaDefender Kiosk verwendet werden kann, um Dateien zu speichern. Mit dieser Technologie k\u00f6nnen sichere Dateien in isolierte Netzwerkkammern \u00fcbertragen werden, ohne dass tragbare Medien in die Einrichtung gebracht werden m\u00fcssen. Besucher und Benutzer k\u00f6nnen auf alle zertifizierten und verifizierten Dateien von MetaDefender Vault aus zugreifen, wobei alle USB-Laufwerke an der Peripherie verbleiben. Kontrollpunkte in isolierten Netzwerken k\u00f6nnen strategisch eingerichtet werden, um f\u00fcr Transparenz zu sorgen, Audits durchzuf\u00fchren und gegebenenfalls Malware zu verhindern.<\/p>\t\t\t\t\t\t\t\t<\/div>\n\t\t\t\t<\/div>\n\t\t\t\t<div class=\"elementor-element elementor-element-77ad0a9 elementor-widget elementor-widget-image\" data-id=\"77ad0a9\" data-element_type=\"widget\" data-e-type=\"widget\" data-widget_type=\"image.default\">\n\t\t\t\t<div class=\"elementor-widget-container\">\n\t\t\t\t\t\t\t\t\t\t\t\t\t\t\t<img loading=\"lazy\" decoding=\"async\" width=\"800\" height=\"291\" src=\"https:\/\/ramsdata.com.pl\/wp-content\/uploads\/2024\/03\/img-1.png.webp\" class=\"attachment-large size-large wp-image-14492\" alt=\"\" srcset=\"https:\/\/ramsdata.com.pl\/wp-content\/uploads\/2024\/03\/img-1.png.webp 845w, https:\/\/ramsdata.com.pl\/wp-content\/uploads\/2024\/03\/img-1.png-300x109.webp 300w, https:\/\/ramsdata.com.pl\/wp-content\/uploads\/2024\/03\/img-1.png-768x279.webp 768w\" sizes=\"(max-width: 800px) 100vw, 800px\" \/>\t\t\t\t\t\t\t\t\t\t\t\t\t\t\t<\/div>\n\t\t\t\t<\/div>\n\t\t\t\t<\/div>\n\t\t\t\t\t<\/div>\n\t\t\t\t<\/div>\n\t\t\t\t<\/div>\n\t\t","protected":false},"excerpt":{"rendered":"<p>ISOLIERTE NETZE UND UNTERST\u00dcTZUNG F\u00dcR MOBILE GER\u00c4TE Kritische Netze stellen f\u00fcr Sicherheitsexperten eine besondere Herausforderung dar, da sie isoliert sind und keinen Zugang zum Internet haben, so dass sie anf\u00e4llig f\u00fcr Angriffe \u00fcber mobile Medien und \u00e4hnliche Datei\u00fcbertragungstechnologien sind. OPSWAT bietet einen sicheren End-to-End-Prozess f\u00fcr die \u00dcbertragung von Dateien in und aus isolierten Netzwerken. Die [&hellip;]<\/p>\n","protected":false},"author":1,"featured_media":0,"parent":15580,"menu_order":0,"comment_status":"closed","ping_status":"closed","template":"","meta":{"_acf_changed":false,"om_disable_all_campaigns":false,"_monsterinsights_skip_tracking":false,"_monsterinsights_sitenote_active":false,"_monsterinsights_sitenote_note":"","_monsterinsights_sitenote_category":0,"_uf_show_specific_survey":0,"_uf_disable_surveys":false,"footnotes":""},"class_list":["post-15587","page","type-page","status-publish","hentry"],"acf":[],"aioseo_notices":[],"_links":{"self":[{"href":"https:\/\/ramsdata.com.pl\/de\/wp-json\/wp\/v2\/pages\/15587","targetHints":{"allow":["GET"]}}],"collection":[{"href":"https:\/\/ramsdata.com.pl\/de\/wp-json\/wp\/v2\/pages"}],"about":[{"href":"https:\/\/ramsdata.com.pl\/de\/wp-json\/wp\/v2\/types\/page"}],"author":[{"embeddable":true,"href":"https:\/\/ramsdata.com.pl\/de\/wp-json\/wp\/v2\/users\/1"}],"replies":[{"embeddable":true,"href":"https:\/\/ramsdata.com.pl\/de\/wp-json\/wp\/v2\/comments?post=15587"}],"version-history":[{"count":6,"href":"https:\/\/ramsdata.com.pl\/de\/wp-json\/wp\/v2\/pages\/15587\/revisions"}],"predecessor-version":[{"id":38933,"href":"https:\/\/ramsdata.com.pl\/de\/wp-json\/wp\/v2\/pages\/15587\/revisions\/38933"}],"up":[{"embeddable":true,"href":"https:\/\/ramsdata.com.pl\/de\/wp-json\/wp\/v2\/pages\/15580"}],"wp:attachment":[{"href":"https:\/\/ramsdata.com.pl\/de\/wp-json\/wp\/v2\/media?parent=15587"}],"curies":[{"name":"wp","href":"https:\/\/api.w.org\/{rel}","templated":true}]}}