{"id":15582,"date":"2024-03-04T07:56:20","date_gmt":"2024-03-04T07:56:20","guid":{"rendered":"https:\/\/ramsdata.com.pl\/angebot\/technologien\/web-sicherheit-der-naechsten-generation\/"},"modified":"2025-06-19T02:59:26","modified_gmt":"2025-06-19T02:59:26","slug":"web-sicherheit-der-naechsten-generation","status":"publish","type":"page","link":"https:\/\/ramsdata.com.pl\/de\/angebot\/technologien\/web-sicherheit-der-naechsten-generation\/","title":{"rendered":"Web-Sicherheit der n\u00e4chsten Generation"},"content":{"rendered":"\t\t<div data-elementor-type=\"wp-page\" data-elementor-id=\"15582\" class=\"elementor elementor-15582 elementor-11378\" data-elementor-settings=\"{&quot;ha_cmc_init_switcher&quot;:&quot;no&quot;}\" data-elementor-post-type=\"page\">\n\t\t\t\t<div class=\"elementor-element elementor-element-5156a531 e-flex e-con-boxed e-con e-parent\" data-id=\"5156a531\" data-element_type=\"container\" data-e-type=\"container\" data-settings=\"{&quot;background_background&quot;:&quot;classic&quot;,&quot;_ha_eqh_enable&quot;:false}\">\n\t\t\t\t\t<div class=\"e-con-inner\">\n\t\t<div class=\"elementor-element elementor-element-2c16f8d2 e-con-full e-flex elementor-invisible e-con e-child\" data-id=\"2c16f8d2\" data-element_type=\"container\" data-e-type=\"container\" data-settings=\"{&quot;animation&quot;:&quot;fadeInDown&quot;,&quot;_ha_eqh_enable&quot;:false}\">\n\t\t\t\t<div class=\"elementor-element elementor-element-275eeb4a elementor-widget elementor-widget-heading\" data-id=\"275eeb4a\" data-element_type=\"widget\" data-e-type=\"widget\" data-widget_type=\"heading.default\">\n\t\t\t\t<div class=\"elementor-widget-container\">\n\t\t\t\t\t<h2 class=\"elementor-heading-title elementor-size-default\">WEB-SICHERHEIT\nNEUE GENERATION\n<\/h2>\t\t\t\t<\/div>\n\t\t\t\t<\/div>\n\t\t\t\t<\/div>\n\t\t\t\t\t<\/div>\n\t\t\t\t<\/div>\n\t\t<div class=\"elementor-element elementor-element-6ae0a117 e-flex e-con-boxed e-con e-parent\" data-id=\"6ae0a117\" data-element_type=\"container\" data-e-type=\"container\" data-settings=\"{&quot;_ha_eqh_enable&quot;:false}\">\n\t\t\t\t\t<div class=\"e-con-inner\">\n\t\t<div class=\"elementor-element elementor-element-1f211f5c e-con-full e-flex e-con e-child\" data-id=\"1f211f5c\" data-element_type=\"container\" data-e-type=\"container\" data-settings=\"{&quot;_ha_eqh_enable&quot;:false}\">\n\t\t\t\t<div class=\"elementor-element elementor-element-d0e8a02 elementor-widget elementor-widget-image\" data-id=\"d0e8a02\" data-element_type=\"widget\" data-e-type=\"widget\" data-widget_type=\"image.default\">\n\t\t\t\t<div class=\"elementor-widget-container\">\n\t\t\t\t\t\t\t\t\t\t\t\t\t\t\t<img decoding=\"async\" width=\"213\" height=\"200\" src=\"https:\/\/ramsdata.com.pl\/wp-content\/uploads\/2024\/03\/producenci_f5.png.webp\" class=\"attachment-large size-large wp-image-14447\" alt=\"\" \/>\t\t\t\t\t\t\t\t\t\t\t\t\t\t\t<\/div>\n\t\t\t\t<\/div>\n\t\t\t\t<\/div>\n\t\t<div class=\"elementor-element elementor-element-6959c1e1 e-con-full e-flex e-con e-child\" data-id=\"6959c1e1\" data-element_type=\"container\" data-e-type=\"container\" data-settings=\"{&quot;_ha_eqh_enable&quot;:false}\">\n\t\t\t\t<div class=\"elementor-element elementor-element-5c1f92c elementor-widget elementor-widget-heading\" data-id=\"5c1f92c\" data-element_type=\"widget\" data-e-type=\"widget\" data-widget_type=\"heading.default\">\n\t\t\t\t<div class=\"elementor-widget-container\">\n\t\t\t\t\t<h2 class=\"elementor-heading-title elementor-size-default\">BIG-IP Application Security Manager<\/h2>\t\t\t\t<\/div>\n\t\t\t\t<\/div>\n\t\t\t\t<div class=\"elementor-element elementor-element-92f0f23 elementor-widget__width-initial elementor-widget elementor-widget-text-editor\" data-id=\"92f0f23\" data-element_type=\"widget\" data-e-type=\"widget\" data-widget_type=\"text-editor.default\">\n\t\t\t\t<div class=\"elementor-widget-container\">\n\t\t\t\t\t\t\t\t\t<p>Die gef\u00e4hrlichsten Bedrohungen f\u00fcr IT-Infrastrukturen sind Angriffe, die auf Schwachstellen in Anwendungen abzielen. Herk\u00f6mmliche Sicherheitsma\u00dfnahmen wie Firewalls und Intrusion Detection Systeme haben gro\u00dfe Schwierigkeiten, diese Art des Eindringens zu erkennen.<br>Application Security Manager (ASM) bietet umfassenden Schutz f\u00fcr Webanwendungen und XML-basierte Dienste. Der Einsatz einer Application Firewall bietet Kunden gro\u00dfe Vorteile: Schutz vor Anwendungsangriffen, Einhaltung von Vorschriften (z.B. PCI DSS) und Bestehen von Sicherheitsaudits, ohne in den Anwendungscode einzugreifen.<\/p><p>Ein autoadaptiver Ansatz zum Schutz von Webanwendungen erm\u00f6glicht die Erstellung und Aufrechterhaltung einer Sicherheitspolitik auf der Grundlage der Beobachtung von Verkehrsmustern, so dass ein positives Sicherheitsmodell verwendet wird. Jeglicher Datenverkehr, der nicht mit der erstellten Richtlinie \u00fcbereinstimmt, wird zur\u00fcckgewiesen, wodurch die Ressourcen des Unternehmens nicht nur vor bekannten, sondern auch vor unbekannten Angriffsarten gesch\u00fctzt werden. Ein zweiter gro\u00dfer Vorteil dieses Ansatzes besteht darin, dass der administrative Aufwand f\u00fcr die Konfiguration des ASM-Systems minimiert wird.<br>Application Security Manager ist als separates System und als Lizenzmodul f\u00fcr die BIG-IP Ger\u00e4tefamilie erh\u00e4ltlich.<\/p><p>Basierend auf seiner umfangreichen Erfahrung in der Entwicklung von Application Delivery Controller-L\u00f6sungen bietet F5 Networks eine Kombination aus hoher Sicherheit und Anwendungsverf\u00fcgbarkeit zum Schutz von Server- und Rechenzentrumsinfrastrukturen.<\/p>\t\t\t\t\t\t\t\t<\/div>\n\t\t\t\t<\/div>\n\t\t\t\t<div class=\"elementor-element elementor-element-7a9a9ad elementor-widget elementor-widget-heading\" data-id=\"7a9a9ad\" data-element_type=\"widget\" data-e-type=\"widget\" data-widget_type=\"heading.default\">\n\t\t\t\t<div class=\"elementor-widget-container\">\n\t\t\t\t\t<h2 class=\"elementor-heading-title elementor-size-default\">BIG-IP AFM (Anwendungsfirewall-Manager)<\/h2>\t\t\t\t<\/div>\n\t\t\t\t<\/div>\n\t\t\t\t<div class=\"elementor-element elementor-element-5ce7345 elementor-widget__width-initial elementor-widget elementor-widget-text-editor\" data-id=\"5ce7345\" data-element_type=\"widget\" data-e-type=\"widget\" data-widget_type=\"text-editor.default\">\n\t\t\t\t<div class=\"elementor-widget-container\">\n\t\t\t\t\t\t\t\t\t<p>bildet das Herzst\u00fcck der F5 &#8211; Application Delivery Firewall L\u00f6sung, die eine Firewall mit Traffic Management, Application Security, User Access Management und DNS Security kombiniert. Durch die Konsolidierung der Sicherheitsfunktionen mehrerer BIG-IP-Module auf einer einzigen Plattform wird die Verwaltungskomplexit\u00e4t reduziert, w\u00e4hrend gleichzeitig eine hohe Leistung und Skalierbarkeit beibehalten wird.<br>Im Gegensatz zu herk\u00f6mmlichen Firewalls basiert die BIG-IP AFM auf einer Full-Proxy-Architektur, was bedeutet, dass eingehende Verbindungen vollst\u00e4ndig inspiziert und auf Bedrohungen gepr\u00fcft und im n\u00e4chsten Schritt an den entsprechenden Server weitergeleitet werden. In umgekehrter Richtung, d. h. bei der Kommunikation zwischen Server und Client, ist es durch die Verwendung eines Proxys in Verbindung mit dem AFM m\u00f6glich, Daten zu \u00fcberpr\u00fcfen, um die Weitergabe sensibler Informationen wie Kreditkartennummern oder Sozialversicherungsnummern zu verhindern.<\/p><p>Der F5 AFM erm\u00f6glicht eine Reihe von sicherheitsrelevanten Funktionalit\u00e4ten, die bereits vorher in BIG-IP vorhanden waren, deren Implementierung aber z.B. die Erstellung entsprechender Regeln (iRule) erforderte.<\/p><p>Eine Besonderheit des F5 AFM besteht darin, dass die Sicherheitsregeln einem bestimmten virtuellen Server (Virtual Server) zugewiesen werden, so dass der Datenverkehr, bevor er in die Ressource, der der virtuelle Server zugewiesen ist, eindringen darf, anhand einer Reihe vordefinierter Regeln auf Sicherheit gepr\u00fcft wird. Erw\u00e4hnenswert ist auch das erweiterte Berichts- und Protokollierungsmodul, das Statistiken und Informationen \u00fcber alle Versuche der Verletzung von Sicherheitsregeln liefert.<\/p>\t\t\t\t\t\t\t\t<\/div>\n\t\t\t\t<\/div>\n\t\t\t\t<div class=\"elementor-element elementor-element-6b15544 elementor-widget elementor-widget-heading\" data-id=\"6b15544\" data-element_type=\"widget\" data-e-type=\"widget\" data-widget_type=\"heading.default\">\n\t\t\t\t<div class=\"elementor-widget-container\">\n\t\t\t\t\t<h2 class=\"elementor-heading-title elementor-size-default\">BIG-IP Web Accelerator  <\/h2>\t\t\t\t<\/div>\n\t\t\t\t<\/div>\n\t\t\t\t<div class=\"elementor-element elementor-element-988ee0a elementor-widget__width-initial elementor-widget elementor-widget-text-editor\" data-id=\"988ee0a\" data-element_type=\"widget\" data-e-type=\"widget\" data-widget_type=\"text-editor.default\">\n\t\t\t\t<div class=\"elementor-widget-container\">\n\t\t\t\t\t\t\t\t\t<p>L\u00f6sung bietet Funktionen zur Optimierung der Leistung und zur Beseitigung von Problemen auf Seiten der Webbrowser, Anwendungsplattformen oder WAN-Latenz. Die Verwendung eines einzigen WA-Systems kann zu einer 2-10-fachen Steigerung der Anwendungsleistung f\u00fchren, u. a. durch die Verwendung der folgenden Elemente Mechanismen: dynamische Inhaltskontrolle, SSL-Offload, intelligente browser\u00fcbergreifende Referenzierung, dynamische Komprimierung und Caching, Bandbreitenmanagement und vieles mehr.<\/p>\t\t\t\t\t\t\t\t<\/div>\n\t\t\t\t<\/div>\n\t\t\t\t<\/div>\n\t\t\t\t\t<\/div>\n\t\t\t\t<\/div>\n\t\t<div class=\"elementor-element elementor-element-5508f05 e-flex e-con-boxed e-con e-parent\" data-id=\"5508f05\" data-element_type=\"container\" data-e-type=\"container\" data-settings=\"{&quot;_ha_eqh_enable&quot;:false}\">\n\t\t\t\t\t<div class=\"e-con-inner\">\n\t\t<div class=\"elementor-element elementor-element-0b3e4b4 e-con-full e-flex e-con e-child\" data-id=\"0b3e4b4\" data-element_type=\"container\" data-e-type=\"container\" data-settings=\"{&quot;_ha_eqh_enable&quot;:false}\">\n\t\t\t\t<div class=\"elementor-element elementor-element-1014469 elementor-widget elementor-widget-image\" data-id=\"1014469\" data-element_type=\"widget\" data-e-type=\"widget\" data-widget_type=\"image.default\">\n\t\t\t\t<div class=\"elementor-widget-container\">\n\t\t\t\t\t\t\t\t\t\t\t\t\t\t\t<img decoding=\"async\" width=\"300\" height=\"54\" src=\"https:\/\/ramsdata.com.pl\/wp-content\/uploads\/2024\/03\/OPSWAT_Logo_CMYKwhite-300x54.png.webp\" class=\"attachment-large size-large wp-image-14047\" alt=\"\" \/>\t\t\t\t\t\t\t\t\t\t\t\t\t\t\t<\/div>\n\t\t\t\t<\/div>\n\t\t\t\t<\/div>\n\t\t<div class=\"elementor-element elementor-element-924c3f1 e-con-full e-flex e-con e-child\" data-id=\"924c3f1\" data-element_type=\"container\" data-e-type=\"container\" data-settings=\"{&quot;_ha_eqh_enable&quot;:false}\">\n\t\t\t\t<div class=\"elementor-element elementor-element-1703332 elementor-widget elementor-widget-heading\" data-id=\"1703332\" data-element_type=\"widget\" data-e-type=\"widget\" data-widget_type=\"heading.default\">\n\t\t\t\t<div class=\"elementor-widget-container\">\n\t\t\t\t\t<h2 class=\"elementor-heading-title elementor-size-default\">MetaDefender ICAP-Server<\/h2>\t\t\t\t<\/div>\n\t\t\t\t<\/div>\n\t\t\t\t<div class=\"elementor-element elementor-element-c5f8fa8 elementor-widget__width-initial elementor-widget elementor-widget-text-editor\" data-id=\"c5f8fa8\" data-element_type=\"widget\" data-e-type=\"widget\" data-widget_type=\"text-editor.default\">\n\t\t\t\t<div class=\"elementor-widget-container\">\n\t\t\t\t\t\t\t\t\t<p>MetaDefender ICAP Server nutzt das Internet Content Adaptation Protocol (ICAP), um sich in Netzwerkger\u00e4te zu integrieren und vor fortschrittlichen Bedrohungen im Netzwerkverkehr und auf Speicherger\u00e4ten zu sch\u00fctzen. Es verwendet branchenf\u00fchrende Mehrfach-Scans, Schwachstellen-Scans und Datenbereinigung &#8211; auch bekannt als &#8222;Abr\u00fcstung und Rekonstruktion von Inhalten&#8220; (CDR). Dar\u00fcber hinaus f\u00fchrt es eine Schwachstellenbewertung und Data Loss Prevention (DLP) durch.<\/p>\t\t\t\t\t\t\t\t<\/div>\n\t\t\t\t<\/div>\n\t\t\t\t<div class=\"elementor-element elementor-element-3c51b9d elementor-widget elementor-widget-heading\" data-id=\"3c51b9d\" data-element_type=\"widget\" data-e-type=\"widget\" data-widget_type=\"heading.default\">\n\t\t\t\t<div class=\"elementor-widget-container\">\n\t\t\t\t\t<h2 class=\"elementor-heading-title elementor-size-default\">Umgekehrte Proxies sch\u00fctzen\n\n<\/h2>\t\t\t\t<\/div>\n\t\t\t\t<\/div>\n\t\t\t\t<div class=\"elementor-element elementor-element-c112047 elementor-widget__width-initial elementor-widget elementor-widget-text-editor\" data-id=\"c112047\" data-element_type=\"widget\" data-e-type=\"widget\" data-widget_type=\"text-editor.default\">\n\t\t\t\t<div class=\"elementor-widget-container\">\n\t\t\t\t\t\t\t\t\t<p>Durch die Integration des ICAP-Servers von MetaDefender mit den so genannten &#8222;ICAP-Servern&#8220; ist das Unternehmen in der Lage, die folgenden Informationen zu liefern. Mit Hilfe von Reverse Proxies wie Loadbalancern, Application Controllern und Firewalls (WAFs) k\u00f6nnen wir den Sicherheitsstatus der Anwendung auf das maximale Niveau anheben. Mit ICAP sind alle Anwendungen hinter dem Netzwerkger\u00e4t gesch\u00fctzt. Gemeinsam bieten F5 und OPSWAT eine \u00fcberzeugende und integrierte Sicherheitsl\u00f6sung, um die Angriffsfl\u00e4che f\u00fcr Anwendungen und die Netzwerksicherheit zu reduzieren.<\/p><p>Die Cybersicherheitsplattform MetaDefender von OPSWAT scannt Dateien mit \u00fcber 30 f\u00fchrenden Antivirenprogrammen und bereinigt Daten (Disarm und Reconstruction). Die F5 BIG-IP Plattform ist eine intelligente Weiterentwicklung der Application Controller Technologie. Bietet die \u00fcberlegene Intelligenz, die Administratoren ben\u00f6tigen, um sicherzustellen, dass Anwendungen schnell und sicher verf\u00fcgbar sind<\/p>\t\t\t\t\t\t\t\t<\/div>\n\t\t\t\t<\/div>\n\t\t\t\t<div class=\"elementor-element elementor-element-f20eae1 elementor-widget elementor-widget-heading\" data-id=\"f20eae1\" data-element_type=\"widget\" data-e-type=\"widget\" data-widget_type=\"heading.default\">\n\t\t\t\t<div class=\"elementor-widget-container\">\n\t\t\t\t\t<h2 class=\"elementor-heading-title elementor-size-default\">Gemeinsame L\u00f6sungen<\/h2>\t\t\t\t<\/div>\n\t\t\t\t<\/div>\n\t\t\t\t<div class=\"elementor-element elementor-element-29583ba elementor-widget elementor-widget-image\" data-id=\"29583ba\" data-element_type=\"widget\" data-e-type=\"widget\" data-widget_type=\"image.default\">\n\t\t\t\t<div class=\"elementor-widget-container\">\n\t\t\t\t\t\t\t\t\t\t\t\t\t\t\t<img fetchpriority=\"high\" decoding=\"async\" width=\"800\" height=\"567\" src=\"https:\/\/ramsdata.com.pl\/wp-content\/uploads\/2024\/03\/shema-1024x542-1.jpg\" class=\"attachment-large size-large wp-image-14552\" alt=\"\" srcset=\"https:\/\/ramsdata.com.pl\/wp-content\/uploads\/2024\/03\/shema-1024x542-1.jpg 1024w, https:\/\/ramsdata.com.pl\/wp-content\/uploads\/2024\/03\/shema-1024x542-1-300x213.jpg 300w, https:\/\/ramsdata.com.pl\/wp-content\/uploads\/2024\/03\/shema-1024x542-1-768x545.jpg 768w\" sizes=\"(max-width: 800px) 100vw, 800px\" \/>\t\t\t\t\t\t\t\t\t\t\t\t\t\t\t<\/div>\n\t\t\t\t<\/div>\n\t\t\t\t<\/div>\n\t\t\t\t\t<\/div>\n\t\t\t\t<\/div>\n\t\t\t\t<\/div>\n\t\t","protected":false},"excerpt":{"rendered":"<p>WEB-SICHERHEIT NEUE GENERATION BIG-IP Application Security Manager Die gef\u00e4hrlichsten Bedrohungen f\u00fcr IT-Infrastrukturen sind Angriffe, die auf Schwachstellen in Anwendungen abzielen. Herk\u00f6mmliche Sicherheitsma\u00dfnahmen wie Firewalls und Intrusion Detection Systeme haben gro\u00dfe Schwierigkeiten, diese Art des Eindringens zu erkennen.Application Security Manager (ASM) bietet umfassenden Schutz f\u00fcr Webanwendungen und XML-basierte Dienste. Der Einsatz einer Application Firewall bietet Kunden [&hellip;]<\/p>\n","protected":false},"author":1,"featured_media":0,"parent":15580,"menu_order":0,"comment_status":"closed","ping_status":"closed","template":"","meta":{"_acf_changed":false,"om_disable_all_campaigns":false,"_monsterinsights_skip_tracking":false,"_monsterinsights_sitenote_active":false,"_monsterinsights_sitenote_note":"","_monsterinsights_sitenote_category":0,"_uf_show_specific_survey":0,"_uf_disable_surveys":false,"footnotes":""},"class_list":["post-15582","page","type-page","status-publish","hentry"],"acf":[],"aioseo_notices":[],"_links":{"self":[{"href":"https:\/\/ramsdata.com.pl\/de\/wp-json\/wp\/v2\/pages\/15582","targetHints":{"allow":["GET"]}}],"collection":[{"href":"https:\/\/ramsdata.com.pl\/de\/wp-json\/wp\/v2\/pages"}],"about":[{"href":"https:\/\/ramsdata.com.pl\/de\/wp-json\/wp\/v2\/types\/page"}],"author":[{"embeddable":true,"href":"https:\/\/ramsdata.com.pl\/de\/wp-json\/wp\/v2\/users\/1"}],"replies":[{"embeddable":true,"href":"https:\/\/ramsdata.com.pl\/de\/wp-json\/wp\/v2\/comments?post=15582"}],"version-history":[{"count":3,"href":"https:\/\/ramsdata.com.pl\/de\/wp-json\/wp\/v2\/pages\/15582\/revisions"}],"predecessor-version":[{"id":38951,"href":"https:\/\/ramsdata.com.pl\/de\/wp-json\/wp\/v2\/pages\/15582\/revisions\/38951"}],"up":[{"embeddable":true,"href":"https:\/\/ramsdata.com.pl\/de\/wp-json\/wp\/v2\/pages\/15580"}],"wp:attachment":[{"href":"https:\/\/ramsdata.com.pl\/de\/wp-json\/wp\/v2\/media?parent=15582"}],"curies":[{"name":"wp","href":"https:\/\/api.w.org\/{rel}","templated":true}]}}