{"id":15580,"date":"2024-03-04T07:35:21","date_gmt":"2024-03-04T07:35:21","guid":{"rendered":"https:\/\/ramsdata.com.pl\/angebot\/technologien\/"},"modified":"2025-09-01T19:31:47","modified_gmt":"2025-09-01T19:31:47","slug":"technologien","status":"publish","type":"page","link":"https:\/\/ramsdata.com.pl\/de\/angebot\/technologien\/","title":{"rendered":"Technologien"},"content":{"rendered":"\t\t<div data-elementor-type=\"wp-page\" data-elementor-id=\"15580\" class=\"elementor elementor-15580 elementor-11325\" data-elementor-settings=\"{&quot;ha_cmc_init_switcher&quot;:&quot;no&quot;}\" data-elementor-post-type=\"page\">\n\t\t\t\t<div class=\"elementor-element elementor-element-e788dd1 e-flex e-con-boxed e-con e-parent\" data-id=\"e788dd1\" data-element_type=\"container\" data-e-type=\"container\" data-settings=\"{&quot;background_background&quot;:&quot;classic&quot;,&quot;_ha_eqh_enable&quot;:false}\">\n\t\t\t\t\t<div class=\"e-con-inner\">\n\t\t<div class=\"elementor-element elementor-element-8a9a5bf e-con-full e-flex elementor-invisible e-con e-child\" data-id=\"8a9a5bf\" data-element_type=\"container\" data-e-type=\"container\" data-settings=\"{&quot;animation&quot;:&quot;fadeInDown&quot;,&quot;_ha_eqh_enable&quot;:false}\">\n\t\t\t\t<div class=\"elementor-element elementor-element-3ab9d8a elementor-widget elementor-widget-heading\" data-id=\"3ab9d8a\" data-element_type=\"widget\" data-e-type=\"widget\" data-widget_type=\"heading.default\">\n\t\t\t\t<div class=\"elementor-widget-container\">\n\t\t\t\t\t<h2 class=\"elementor-heading-title elementor-size-default\">TECHNOLOGIEN<\/h2>\t\t\t\t<\/div>\n\t\t\t\t<\/div>\n\t\t\t\t<\/div>\n\t\t\t\t\t<\/div>\n\t\t\t\t<\/div>\n\t\t<div class=\"elementor-element elementor-element-c870ad5 e-flex e-con-boxed e-con e-parent\" data-id=\"c870ad5\" data-element_type=\"container\" data-e-type=\"container\" data-settings=\"{&quot;_ha_eqh_enable&quot;:false}\">\n\t\t\t\t\t<div class=\"e-con-inner\">\n\t\t<div class=\"elementor-element elementor-element-9aa0ab3 e-con-full e-flex e-con e-child\" data-id=\"9aa0ab3\" data-element_type=\"container\" data-e-type=\"container\" data-settings=\"{&quot;_ha_eqh_enable&quot;:false}\">\n\t\t<div class=\"elementor-element elementor-element-0cbb482 e-flex e-con-boxed e-con e-child\" data-id=\"0cbb482\" data-element_type=\"container\" data-e-type=\"container\" data-settings=\"{&quot;_ha_eqh_enable&quot;:false}\">\n\t\t\t\t\t<div class=\"e-con-inner\">\n\t\t\t\t<div class=\"elementor-element elementor-element-fcc634d elementor-widget elementor-widget-text-editor\" data-id=\"fcc634d\" data-element_type=\"widget\" data-e-type=\"widget\" data-widget_type=\"text-editor.default\">\n\t\t\t\t<div class=\"elementor-widget-container\">\n\t\t\t\t\t\t\t\t\t<p><strong data-start=\"1000\" data-end=\"1010\">Gimmal<\/strong> hilft Unternehmen seit mehr als 20 Jahren, die Kontrolle \u00fcber einen ihrer wertvollsten Verm\u00f6genswerte &#8211; Informationen &#8211; zu \u00fcbernehmen. Das Unternehmen bietet Software und Methoden an, die eine nahtlose Erkennung, Migration, Verwaltung und Einhaltung von Daten erm\u00f6glichen und so dazu beitragen, das Risiko von Gesetzesverst\u00f6\u00dfen zu verringern und die Gesch\u00e4ftseffizienz zu steigern. Die L\u00f6sungen von Gimmal sind so konzipiert, dass sie mit der bestehenden IT-Infrastruktur zusammenarbeiten und nur minimale Auswirkungen auf die allt\u00e4glichen Prozesse haben. Mit seiner seit 2002 gesammelten Erfahrung und Technologiepartnerschaften mit Unternehmen wie <strong data-start=\"1587\" data-end=\"1600\">Microsoft<\/strong> und <strong data-start=\"1603\" data-end=\"1610\">SAP<\/strong> fungiert Gimmal als vertrauensw\u00fcrdiger Berater bei der Auswahl der besten Strategie f\u00fcr das Informationsmanagement. Das Ziel des Unternehmens ist es, zukunftsf\u00e4hige Systeme zu entwickeln, die die Nutzung aktueller Ressourcen erm\u00f6glichen und die Migration von veralteten Plattformen zu modernen und flexiblen L\u00f6sungen.    <\/p>\t\t\t\t\t\t\t\t<\/div>\n\t\t\t\t<\/div>\n\t\t\t\t<div class=\"elementor-element elementor-element-bda98c9 elementor-align-center elementor-widget elementor-widget-button\" data-id=\"bda98c9\" data-element_type=\"widget\" data-e-type=\"widget\" data-widget_type=\"button.default\">\n\t\t\t\t<div class=\"elementor-widget-container\">\n\t\t\t\t\t\t\t\t\t<div class=\"elementor-button-wrapper\">\n\t\t\t\t\t<a class=\"elementor-button elementor-button-link elementor-size-sm\" href=\"https:\/\/ramsdata.com.pl\/de\/kontakt\/\">\n\t\t\t\t\t\t<span class=\"elementor-button-content-wrapper\">\n\t\t\t\t\t\t\t\t\t<span class=\"elementor-button-text\">Weitere Informationen<\/span>\n\t\t\t\t\t<\/span>\n\t\t\t\t\t<\/a>\n\t\t\t\t<\/div>\n\t\t\t\t\t\t\t\t<\/div>\n\t\t\t\t<\/div>\n\t\t\t\t\t<\/div>\n\t\t\t\t<\/div>\n\t\t<div class=\"elementor-element elementor-element-60a9484 e-flex e-con-boxed e-con e-child\" data-id=\"60a9484\" data-element_type=\"container\" data-e-type=\"container\" data-settings=\"{&quot;_ha_eqh_enable&quot;:false}\">\n\t\t\t\t\t<div class=\"e-con-inner\">\n\t\t\t\t<div class=\"elementor-element elementor-element-0a1d8ba elementor-widget elementor-widget-image\" data-id=\"0a1d8ba\" data-element_type=\"widget\" data-e-type=\"widget\" data-widget_type=\"image.default\">\n\t\t\t\t<div class=\"elementor-widget-container\">\n\t\t\t\t\t\t\t\t\t\t\t\t\t\t\t<img fetchpriority=\"high\" decoding=\"async\" width=\"1100\" height=\"800\" src=\"https:\/\/ramsdata.com.pl\/wp-content\/uploads\/2025\/08\/floweb-4.png\" class=\"attachment-full size-full wp-image-39506\" alt=\"\" srcset=\"https:\/\/ramsdata.com.pl\/wp-content\/uploads\/2025\/08\/floweb-4.png 1100w, https:\/\/ramsdata.com.pl\/wp-content\/uploads\/2025\/08\/floweb-4-300x218.png 300w, https:\/\/ramsdata.com.pl\/wp-content\/uploads\/2025\/08\/floweb-4-1024x745.png 1024w, https:\/\/ramsdata.com.pl\/wp-content\/uploads\/2025\/08\/floweb-4-768x559.png 768w\" sizes=\"(max-width: 1100px) 100vw, 1100px\" \/>\t\t\t\t\t\t\t\t\t\t\t\t\t\t\t<\/div>\n\t\t\t\t<\/div>\n\t\t\t\t\t<\/div>\n\t\t\t\t<\/div>\n\t\t\t\t<\/div>\n\t\t<div class=\"elementor-element elementor-element-6a3051c e-flex e-con-boxed e-con e-child\" data-id=\"6a3051c\" data-element_type=\"container\" data-e-type=\"container\" data-settings=\"{&quot;_ha_eqh_enable&quot;:false}\">\n\t\t\t\t\t<div class=\"e-con-inner\">\n\t\t<div class=\"elementor-element elementor-element-9625086 e-flex e-con-boxed e-con e-child\" data-id=\"9625086\" data-element_type=\"container\" data-e-type=\"container\" data-settings=\"{&quot;_ha_eqh_enable&quot;:false}\">\n\t\t\t\t\t<div class=\"e-con-inner\">\n\t\t\t\t<div class=\"elementor-element elementor-element-613aef3 elementor-widget elementor-widget-image\" data-id=\"613aef3\" data-element_type=\"widget\" data-e-type=\"widget\" data-widget_type=\"image.default\">\n\t\t\t\t<div class=\"elementor-widget-container\">\n\t\t\t\t\t\t\t\t\t\t\t\t\t\t\t<img decoding=\"async\" width=\"374\" height=\"200\" src=\"https:\/\/ramsdata.com.pl\/wp-content\/uploads\/2024\/03\/producenci_paloalto.png-1.webp\" class=\"attachment-full size-full wp-image-14392\" alt=\"\" srcset=\"https:\/\/ramsdata.com.pl\/wp-content\/uploads\/2024\/03\/producenci_paloalto.png-1.webp 374w, https:\/\/ramsdata.com.pl\/wp-content\/uploads\/2024\/03\/producenci_paloalto.png-1-300x160.webp 300w\" sizes=\"(max-width: 374px) 100vw, 374px\" \/>\t\t\t\t\t\t\t\t\t\t\t\t\t\t\t<\/div>\n\t\t\t\t<\/div>\n\t\t\t\t\t<\/div>\n\t\t\t\t<\/div>\n\t\t<div class=\"elementor-element elementor-element-7bce5d1 e-flex e-con-boxed e-con e-child\" data-id=\"7bce5d1\" data-element_type=\"container\" data-e-type=\"container\" data-settings=\"{&quot;_ha_eqh_enable&quot;:false}\">\n\t\t\t\t\t<div class=\"e-con-inner\">\n\t\t\t\t<div class=\"elementor-element elementor-element-5c01751 elementor-widget elementor-widget-text-editor\" data-id=\"5c01751\" data-element_type=\"widget\" data-e-type=\"widget\" data-widget_type=\"text-editor.default\">\n\t\t\t\t<div class=\"elementor-widget-container\">\n\t\t\t\t\t\t\t\t\t<p>Verhinderung der \u00dcbertragung b\u00f6sartiger Dateien f\u00fcr Webanwendungen, die Sandboxen und einzelne Malware-Erkennungsl\u00f6sungen umgehen.<\/p><p>Deep Content Disarm and Reconstruction (Deep CDR): Entsch\u00e4rfen Sie \u00fcber 90 g\u00e4ngige Dateitypen und rekonstruieren Sie jede Datei, um die volle Nutzbarkeit mit sicheren Inhalten zu gew\u00e4hrleisten.<\/p><p>Scannen Sie mit mehr als 20 Malware-Schutz-Engines, die Signaturen, Heuristik und maschinelle Lerntechnologien verwenden, um bekannte und unbekannte Bedrohungen so fr\u00fch und effizient wie m\u00f6glich zu erkennen.<\/p>\t\t\t\t\t\t\t\t<\/div>\n\t\t\t\t<\/div>\n\t\t\t\t<div class=\"elementor-element elementor-element-b6a6903 elementor-align-center elementor-widget elementor-widget-button\" data-id=\"b6a6903\" data-element_type=\"widget\" data-e-type=\"widget\" data-widget_type=\"button.default\">\n\t\t\t\t<div class=\"elementor-widget-container\">\n\t\t\t\t\t\t\t\t\t<div class=\"elementor-button-wrapper\">\n\t\t\t\t\t<a class=\"elementor-button elementor-button-link elementor-size-sm\" href=\"https:\/\/ramsdata.com.pl\/de\/kontakt\/\">\n\t\t\t\t\t\t<span class=\"elementor-button-content-wrapper\">\n\t\t\t\t\t\t\t\t\t<span class=\"elementor-button-text\">Weitere Informationen<\/span>\n\t\t\t\t\t<\/span>\n\t\t\t\t\t<\/a>\n\t\t\t\t<\/div>\n\t\t\t\t\t\t\t\t<\/div>\n\t\t\t\t<\/div>\n\t\t\t\t\t<\/div>\n\t\t\t\t<\/div>\n\t\t\t\t\t<\/div>\n\t\t\t\t<\/div>\n\t\t<div class=\"elementor-element elementor-element-f4b05c3 e-flex e-con-boxed e-con e-child\" data-id=\"f4b05c3\" data-element_type=\"container\" data-e-type=\"container\" data-settings=\"{&quot;_ha_eqh_enable&quot;:false}\">\n\t\t\t\t\t<div class=\"e-con-inner\">\n\t\t<div class=\"elementor-element elementor-element-6d8b085 e-flex e-con-boxed e-con e-child\" data-id=\"6d8b085\" data-element_type=\"container\" data-e-type=\"container\" data-settings=\"{&quot;_ha_eqh_enable&quot;:false}\">\n\t\t\t\t\t<div class=\"e-con-inner\">\n\t\t\t\t<div class=\"elementor-element elementor-element-55ce699 elementor-widget elementor-widget-text-editor\" data-id=\"55ce699\" data-element_type=\"widget\" data-e-type=\"widget\" data-widget_type=\"text-editor.default\">\n\t\t\t\t<div class=\"elementor-widget-container\">\n\t\t\t\t\t\t\t\t\t<p><strong data-start=\"938\" data-end=\"949\">Checkmk<\/strong> ist eine umfassende L\u00f6sung zur \u00dcberwachung von Anwendungen, Servern und Netzwerken, die in Zusammenarbeit mit Anwendern entwickelt wurde, um den Anforderungen von Administratoren und DevOps-Teams gerecht zu werden. Sie kombiniert Benutzerfreundlichkeit mit ausreichender Leistung f\u00fcr die komplexesten IT-Umgebungen und erm\u00f6glicht eine vollst\u00e4ndige \u00dcberwachung hybrider Infrastrukturen und eine schnellere Fehlerbehebung, um ungeplante Ausfallzeiten oder Ausf\u00e4lle zu vermeiden. Die Software ist in mehreren Varianten erh\u00e4ltlich: <strong data-start=\"1450\" data-end=\"1472\">Checkmk Enterprise<\/strong>, <strong data-start=\"1474\" data-end=\"1526\">Checkmk Enterprise f\u00fcr Gruppen und Managed Services<\/strong>, <strong data-start=\"1528\" data-end=\"1570\">Checkmk Cloud (selbstgehostet)<\/strong> und <strong data-start=\"1576\" data-end=\"1591\">Checkmk MSP<\/strong>. Jede dieser Varianten kann durch technischen Support (Pro oder Advanced) sowie durch Erweiterungen wie <strong data-start=\"1704\" data-end=\"1733\">synthetische \u00dcberwachung<\/strong> (mindestens 10 Tests pro Jahr, erweiterbar), <strong data-start=\"1790\" data-end=\"1810\" data-is-only-node=\"\">virt1<\/strong> (virtuelle Appliance) <strong data-start=\"1790\" data-end=\"1810\" data-is-only-node=\"\">Integration<\/strong> oder <strong data-start=\"1838\" data-end=\"1846\">ntop<\/strong> erg\u00e4nzt werden. Auf diese Weise bietet Checkmk einen flexiblen und skalierbaren \u00dcberwachungsansatz, der sich an unterschiedliche Einsatzmodelle und Infrastrukturgr\u00f6\u00dfen anpasst.    <\/p>\t\t\t\t\t\t\t\t<\/div>\n\t\t\t\t<\/div>\n\t\t\t\t<div class=\"elementor-element elementor-element-7295189 elementor-align-center elementor-widget elementor-widget-button\" data-id=\"7295189\" data-element_type=\"widget\" data-e-type=\"widget\" data-widget_type=\"button.default\">\n\t\t\t\t<div class=\"elementor-widget-container\">\n\t\t\t\t\t\t\t\t\t<div class=\"elementor-button-wrapper\">\n\t\t\t\t\t<a class=\"elementor-button elementor-button-link elementor-size-sm\" href=\"https:\/\/ramsdata.com.pl\/de\/kontakt\/\">\n\t\t\t\t\t\t<span class=\"elementor-button-content-wrapper\">\n\t\t\t\t\t\t\t\t\t<span class=\"elementor-button-text\">Weitere Informationen<\/span>\n\t\t\t\t\t<\/span>\n\t\t\t\t\t<\/a>\n\t\t\t\t<\/div>\n\t\t\t\t\t\t\t\t<\/div>\n\t\t\t\t<\/div>\n\t\t\t\t\t<\/div>\n\t\t\t\t<\/div>\n\t\t<div class=\"elementor-element elementor-element-573e3ae e-flex e-con-boxed e-con e-child\" data-id=\"573e3ae\" data-element_type=\"container\" data-e-type=\"container\" data-settings=\"{&quot;_ha_eqh_enable&quot;:false}\">\n\t\t\t\t\t<div class=\"e-con-inner\">\n\t\t\t\t<div class=\"elementor-element elementor-element-ea18a79 elementor-widget elementor-widget-image\" data-id=\"ea18a79\" data-element_type=\"widget\" data-e-type=\"widget\" data-widget_type=\"image.default\">\n\t\t\t\t<div class=\"elementor-widget-container\">\n\t\t\t\t\t\t\t\t\t\t\t\t\t\t\t<img decoding=\"async\" width=\"2001\" height=\"1001\" src=\"https:\/\/ramsdata.com.pl\/wp-content\/uploads\/2025\/08\/checkmk_logo.png\" class=\"attachment-full size-full wp-image-39493\" alt=\"\" srcset=\"https:\/\/ramsdata.com.pl\/wp-content\/uploads\/2025\/08\/checkmk_logo.png 2001w, https:\/\/ramsdata.com.pl\/wp-content\/uploads\/2025\/08\/checkmk_logo-300x150.png 300w, https:\/\/ramsdata.com.pl\/wp-content\/uploads\/2025\/08\/checkmk_logo-1024x512.png 1024w, https:\/\/ramsdata.com.pl\/wp-content\/uploads\/2025\/08\/checkmk_logo-768x384.png 768w, https:\/\/ramsdata.com.pl\/wp-content\/uploads\/2025\/08\/checkmk_logo-1536x768.png 1536w\" sizes=\"(max-width: 2001px) 100vw, 2001px\" \/>\t\t\t\t\t\t\t\t\t\t\t\t\t\t\t<\/div>\n\t\t\t\t<\/div>\n\t\t\t\t\t<\/div>\n\t\t\t\t<\/div>\n\t\t\t\t\t<\/div>\n\t\t\t\t<\/div>\n\t\t<div class=\"elementor-element elementor-element-5d592dc e-flex e-con-boxed e-con e-child\" data-id=\"5d592dc\" data-element_type=\"container\" data-e-type=\"container\" data-settings=\"{&quot;_ha_eqh_enable&quot;:false}\">\n\t\t\t\t\t<div class=\"e-con-inner\">\n\t\t<div class=\"elementor-element elementor-element-05e3376 e-flex e-con-boxed e-con e-child\" data-id=\"05e3376\" data-element_type=\"container\" data-e-type=\"container\" data-settings=\"{&quot;_ha_eqh_enable&quot;:false}\">\n\t\t\t\t\t<div class=\"e-con-inner\">\n\t\t\t\t<div class=\"elementor-element elementor-element-24dda6f elementor-widget elementor-widget-image\" data-id=\"24dda6f\" data-element_type=\"widget\" data-e-type=\"widget\" data-widget_type=\"image.default\">\n\t\t\t\t<div class=\"elementor-widget-container\">\n\t\t\t\t\t\t\t\t\t\t\t\t\t\t\t<img loading=\"lazy\" decoding=\"async\" width=\"768\" height=\"139\" src=\"https:\/\/ramsdata.com.pl\/wp-content\/uploads\/2024\/03\/OPSWAT_Logo_CMYKwhite-768x139.png.webp\" class=\"attachment-full size-full wp-image-13022\" alt=\"\" srcset=\"https:\/\/ramsdata.com.pl\/wp-content\/uploads\/2024\/03\/OPSWAT_Logo_CMYKwhite-768x139.png.webp 768w, https:\/\/ramsdata.com.pl\/wp-content\/uploads\/2024\/03\/OPSWAT_Logo_CMYKwhite-768x139.png-300x54.webp 300w\" sizes=\"(max-width: 768px) 100vw, 768px\" \/>\t\t\t\t\t\t\t\t\t\t\t\t\t\t\t<\/div>\n\t\t\t\t<\/div>\n\t\t\t\t\t<\/div>\n\t\t\t\t<\/div>\n\t\t<div class=\"elementor-element elementor-element-f2d641a e-flex e-con-boxed e-con e-child\" data-id=\"f2d641a\" data-element_type=\"container\" data-e-type=\"container\" data-settings=\"{&quot;_ha_eqh_enable&quot;:false}\">\n\t\t\t\t\t<div class=\"e-con-inner\">\n\t\t\t\t<div class=\"elementor-element elementor-element-647d4d6 elementor-widget elementor-widget-text-editor\" data-id=\"647d4d6\" data-element_type=\"widget\" data-e-type=\"widget\" data-widget_type=\"text-editor.default\">\n\t\t\t\t<div class=\"elementor-widget-container\">\n\t\t\t\t\t\t\t\t\t<p>Kritische Netze stellen f\u00fcr Sicherheitsexperten eine besondere Herausforderung dar, da sie isoliert sind und keinen Zugang zum Internet haben, so dass sie anf\u00e4llig f\u00fcr Angriffe \u00fcber mobile Medien und \u00e4hnliche Datei\u00fcbertragungstechnologien sind. OPSWAT bietet einen sicheren End-to-End-Prozess f\u00fcr die \u00dcbertragung von Dateien in und aus isolierten Netzwerken. Die L\u00f6sung ist in der Fertigungsindustrie, im Energiesektor, in Beh\u00f6rden, im Bankwesen, in der Pharmaindustrie und in der Unterhaltungsindustrie weit verbreitet.<\/p><p> <\/p>\t\t\t\t\t\t\t\t<\/div>\n\t\t\t\t<\/div>\n\t\t\t\t<div class=\"elementor-element elementor-element-a0610c6 elementor-align-center elementor-widget elementor-widget-button\" data-id=\"a0610c6\" data-element_type=\"widget\" data-e-type=\"widget\" data-widget_type=\"button.default\">\n\t\t\t\t<div class=\"elementor-widget-container\">\n\t\t\t\t\t\t\t\t\t<div class=\"elementor-button-wrapper\">\n\t\t\t\t\t<a class=\"elementor-button elementor-button-link elementor-size-sm\" href=\"https:\/\/ramsdata.com.pl\/de\/kontakt\/\">\n\t\t\t\t\t\t<span class=\"elementor-button-content-wrapper\">\n\t\t\t\t\t\t\t\t\t<span class=\"elementor-button-text\">Weitere Informationen<\/span>\n\t\t\t\t\t<\/span>\n\t\t\t\t\t<\/a>\n\t\t\t\t<\/div>\n\t\t\t\t\t\t\t\t<\/div>\n\t\t\t\t<\/div>\n\t\t\t\t\t<\/div>\n\t\t\t\t<\/div>\n\t\t\t\t\t<\/div>\n\t\t\t\t<\/div>\n\t\t<div class=\"elementor-element elementor-element-0b2f439 e-flex e-con-boxed e-con e-child\" data-id=\"0b2f439\" data-element_type=\"container\" data-e-type=\"container\" data-settings=\"{&quot;_ha_eqh_enable&quot;:false}\">\n\t\t\t\t\t<div class=\"e-con-inner\">\n\t\t<div class=\"elementor-element elementor-element-d6a68cf e-flex e-con-boxed e-con e-child\" data-id=\"d6a68cf\" data-element_type=\"container\" data-e-type=\"container\" data-settings=\"{&quot;_ha_eqh_enable&quot;:false}\">\n\t\t\t\t\t<div class=\"e-con-inner\">\n\t\t\t\t<div class=\"elementor-element elementor-element-4ffaa32 elementor-widget elementor-widget-text-editor\" data-id=\"4ffaa32\" data-element_type=\"widget\" data-e-type=\"widget\" data-widget_type=\"text-editor.default\">\n\t\t\t\t<div class=\"elementor-widget-container\">\n\t\t\t\t\t\t\t\t\t<p>Certes CryptoFlow-L\u00f6sungen sind die ersten Produkte in der Branche, die die Flexibilit\u00e4t und Leistungsf\u00e4higkeit virtualisierter Netzwerke mit der sichersten Verschl\u00fcsselungstechnologie kombinieren. Mit Certes CryptoFlow-L\u00f6sungen k\u00f6nnen Unternehmen und Dienstanbieter tunnellose, Multipoint- und Multi-Layer-VPNs der n\u00e4chsten Generation erstellen, die den Datenverkehr f\u00fcr jede Anwendung in jedem Netzwerk sch\u00fctzen (Next Generation VPN). CryptoFlow-VPNs sch\u00fctzen den Datenverkehr in LAN-, WAN-, Internet-, virtuellen und Cloud-Umgebungen. Certes CryptoFlow-VPN kann in Sekundenschnelle konfiguriert werden, dank einer extrem einfachen Point-and-Click-Schnittstelle zur Erstellung von Sicherheitsrichtlinien.<\/p><p> <\/p>\t\t\t\t\t\t\t\t<\/div>\n\t\t\t\t<\/div>\n\t\t\t\t<div class=\"elementor-element elementor-element-4b8ebba elementor-align-center elementor-widget elementor-widget-button\" data-id=\"4b8ebba\" data-element_type=\"widget\" data-e-type=\"widget\" data-widget_type=\"button.default\">\n\t\t\t\t<div class=\"elementor-widget-container\">\n\t\t\t\t\t\t\t\t\t<div class=\"elementor-button-wrapper\">\n\t\t\t\t\t<a class=\"elementor-button elementor-button-link elementor-size-sm\" href=\"https:\/\/ramsdata.com.pl\/de\/kontakt\/\">\n\t\t\t\t\t\t<span class=\"elementor-button-content-wrapper\">\n\t\t\t\t\t\t\t\t\t<span class=\"elementor-button-text\">Weitere Informationen<\/span>\n\t\t\t\t\t<\/span>\n\t\t\t\t\t<\/a>\n\t\t\t\t<\/div>\n\t\t\t\t\t\t\t\t<\/div>\n\t\t\t\t<\/div>\n\t\t\t\t\t<\/div>\n\t\t\t\t<\/div>\n\t\t<div class=\"elementor-element elementor-element-e4ebbdc e-flex e-con-boxed e-con e-child\" data-id=\"e4ebbdc\" data-element_type=\"container\" data-e-type=\"container\" data-settings=\"{&quot;_ha_eqh_enable&quot;:false}\">\n\t\t\t\t\t<div class=\"e-con-inner\">\n\t\t\t\t<div class=\"elementor-element elementor-element-b209e23 elementor-widget elementor-widget-image\" data-id=\"b209e23\" data-element_type=\"widget\" data-e-type=\"widget\" data-widget_type=\"image.default\">\n\t\t\t\t<div class=\"elementor-widget-container\">\n\t\t\t\t\t\t\t\t\t\t\t\t\t\t\t<img loading=\"lazy\" decoding=\"async\" width=\"768\" height=\"247\" src=\"https:\/\/ramsdata.com.pl\/wp-content\/uploads\/2024\/03\/certes-networks-logo-768x247.png-1.webp\" class=\"attachment-full size-full wp-image-14442\" alt=\"\" srcset=\"https:\/\/ramsdata.com.pl\/wp-content\/uploads\/2024\/03\/certes-networks-logo-768x247.png-1.webp 768w, https:\/\/ramsdata.com.pl\/wp-content\/uploads\/2024\/03\/certes-networks-logo-768x247.png-1-300x96.webp 300w\" sizes=\"(max-width: 768px) 100vw, 768px\" \/>\t\t\t\t\t\t\t\t\t\t\t\t\t\t\t<\/div>\n\t\t\t\t<\/div>\n\t\t\t\t\t<\/div>\n\t\t\t\t<\/div>\n\t\t\t\t\t<\/div>\n\t\t\t\t<\/div>\n\t\t<div class=\"elementor-element elementor-element-b30175c e-flex e-con-boxed e-con e-child\" data-id=\"b30175c\" data-element_type=\"container\" data-e-type=\"container\" data-settings=\"{&quot;_ha_eqh_enable&quot;:false}\">\n\t\t\t\t\t<div class=\"e-con-inner\">\n\t\t<div class=\"elementor-element elementor-element-9fc8dd3 e-flex e-con-boxed e-con e-child\" data-id=\"9fc8dd3\" data-element_type=\"container\" data-e-type=\"container\" data-settings=\"{&quot;_ha_eqh_enable&quot;:false}\">\n\t\t\t\t\t<div class=\"e-con-inner\">\n\t\t\t\t<div class=\"elementor-element elementor-element-8c1d034 elementor-widget elementor-widget-image\" data-id=\"8c1d034\" data-element_type=\"widget\" data-e-type=\"widget\" data-widget_type=\"image.default\">\n\t\t\t\t<div class=\"elementor-widget-container\">\n\t\t\t\t\t\t\t\t\t\t\t\t\t\t\t<img loading=\"lazy\" decoding=\"async\" width=\"213\" height=\"200\" src=\"https:\/\/ramsdata.com.pl\/wp-content\/uploads\/2024\/03\/producenci_f5.png.webp\" class=\"attachment-full size-full wp-image-14447\" alt=\"\" \/>\t\t\t\t\t\t\t\t\t\t\t\t\t\t\t<\/div>\n\t\t\t\t<\/div>\n\t\t\t\t\t<\/div>\n\t\t\t\t<\/div>\n\t\t<div class=\"elementor-element elementor-element-8de82d3 e-flex e-con-boxed e-con e-child\" data-id=\"8de82d3\" data-element_type=\"container\" data-e-type=\"container\" data-settings=\"{&quot;_ha_eqh_enable&quot;:false}\">\n\t\t\t\t\t<div class=\"e-con-inner\">\n\t\t\t\t<div class=\"elementor-element elementor-element-b969857 elementor-widget elementor-widget-text-editor\" data-id=\"b969857\" data-element_type=\"widget\" data-e-type=\"widget\" data-widget_type=\"text-editor.default\">\n\t\t\t\t<div class=\"elementor-widget-container\">\n\t\t\t\t\t\t\t\t\t<p>Die gef\u00e4hrlichsten Bedrohungen f\u00fcr IT-Infrastrukturen sind Angriffe, die auf Schwachstellen in Anwendungen abzielen. Herk\u00f6mmliche Sicherheitsma\u00dfnahmen wie Firewalls und Intrusion Detection Systeme haben gro\u00dfe Schwierigkeiten, diese Art des Eindringens zu erkennen.<br>Application Security Manager (ASM) bietet umfassenden Schutz f\u00fcr Webanwendungen und XML-basierte Dienste. Der Einsatz einer Application Firewall bietet Kunden gro\u00dfe Vorteile: Schutz vor Anwendungsangriffen, Einhaltung von Vorschriften (z.B. PCI DSS) und Bestehen von Sicherheitsaudits, ohne in den Anwendungscode einzugreifen.<\/p><p> <\/p>\t\t\t\t\t\t\t\t<\/div>\n\t\t\t\t<\/div>\n\t\t\t\t<div class=\"elementor-element elementor-element-a4149b2 elementor-align-center elementor-widget elementor-widget-button\" data-id=\"a4149b2\" data-element_type=\"widget\" data-e-type=\"widget\" data-widget_type=\"button.default\">\n\t\t\t\t<div class=\"elementor-widget-container\">\n\t\t\t\t\t\t\t\t\t<div class=\"elementor-button-wrapper\">\n\t\t\t\t\t<a class=\"elementor-button elementor-button-link elementor-size-sm\" href=\"https:\/\/ramsdata.com.pl\/de\/kontakt\/\">\n\t\t\t\t\t\t<span class=\"elementor-button-content-wrapper\">\n\t\t\t\t\t\t\t\t\t<span class=\"elementor-button-text\">Weitere Informationen<\/span>\n\t\t\t\t\t<\/span>\n\t\t\t\t\t<\/a>\n\t\t\t\t<\/div>\n\t\t\t\t\t\t\t\t<\/div>\n\t\t\t\t<\/div>\n\t\t\t\t\t<\/div>\n\t\t\t\t<\/div>\n\t\t\t\t\t<\/div>\n\t\t\t\t<\/div>\n\t\t\t\t\t<\/div>\n\t\t\t\t<\/div>\n\t\t\t\t<\/div>\n\t\t","protected":false},"excerpt":{"rendered":"<p>TECHNOLOGIEN Gimmal hilft Unternehmen seit mehr als 20 Jahren, die Kontrolle \u00fcber einen ihrer wertvollsten Verm\u00f6genswerte &#8211; Informationen &#8211; zu \u00fcbernehmen. Das Unternehmen bietet Software und Methoden an, die eine nahtlose Erkennung, Migration, Verwaltung und Einhaltung von Daten erm\u00f6glichen und so dazu beitragen, das Risiko von Gesetzesverst\u00f6\u00dfen zu verringern und die Gesch\u00e4ftseffizienz zu steigern. Die [&hellip;]<\/p>\n","protected":false},"author":1,"featured_media":0,"parent":15064,"menu_order":0,"comment_status":"closed","ping_status":"closed","template":"","meta":{"_acf_changed":false,"om_disable_all_campaigns":false,"_monsterinsights_skip_tracking":false,"_monsterinsights_sitenote_active":false,"_monsterinsights_sitenote_note":"","_monsterinsights_sitenote_category":0,"_uf_show_specific_survey":0,"_uf_disable_surveys":false,"footnotes":""},"class_list":["post-15580","page","type-page","status-publish","hentry"],"acf":[],"aioseo_notices":[],"_links":{"self":[{"href":"https:\/\/ramsdata.com.pl\/de\/wp-json\/wp\/v2\/pages\/15580","targetHints":{"allow":["GET"]}}],"collection":[{"href":"https:\/\/ramsdata.com.pl\/de\/wp-json\/wp\/v2\/pages"}],"about":[{"href":"https:\/\/ramsdata.com.pl\/de\/wp-json\/wp\/v2\/types\/page"}],"author":[{"embeddable":true,"href":"https:\/\/ramsdata.com.pl\/de\/wp-json\/wp\/v2\/users\/1"}],"replies":[{"embeddable":true,"href":"https:\/\/ramsdata.com.pl\/de\/wp-json\/wp\/v2\/comments?post=15580"}],"version-history":[{"count":7,"href":"https:\/\/ramsdata.com.pl\/de\/wp-json\/wp\/v2\/pages\/15580\/revisions"}],"predecessor-version":[{"id":39517,"href":"https:\/\/ramsdata.com.pl\/de\/wp-json\/wp\/v2\/pages\/15580\/revisions\/39517"}],"up":[{"embeddable":true,"href":"https:\/\/ramsdata.com.pl\/de\/wp-json\/wp\/v2\/pages\/15064"}],"wp:attachment":[{"href":"https:\/\/ramsdata.com.pl\/de\/wp-json\/wp\/v2\/media?parent=15580"}],"curies":[{"name":"wp","href":"https:\/\/api.w.org\/{rel}","templated":true}]}}