{"id":15366,"date":"2024-03-04T04:51:25","date_gmt":"2024-03-04T04:51:25","guid":{"rendered":"https:\/\/ramsdata.com.pl\/hersteller\/altova\/"},"modified":"2024-03-16T11:58:12","modified_gmt":"2024-03-16T11:58:12","slug":"altova","status":"publish","type":"page","link":"https:\/\/ramsdata.com.pl\/de\/hersteller\/altova\/","title":{"rendered":"ALTOVA"},"content":{"rendered":"\t\t<div data-elementor-type=\"wp-page\" data-elementor-id=\"15366\" class=\"elementor elementor-15366 elementor-11115\" data-elementor-settings=\"{&quot;ha_cmc_init_switcher&quot;:&quot;no&quot;}\" data-elementor-post-type=\"page\">\n\t\t\t\t<div class=\"elementor-element elementor-element-2920225d e-flex e-con-boxed e-con e-parent\" data-id=\"2920225d\" data-element_type=\"container\" data-e-type=\"container\" data-settings=\"{&quot;background_background&quot;:&quot;classic&quot;,&quot;_ha_eqh_enable&quot;:false}\">\n\t\t\t\t\t<div class=\"e-con-inner\">\n\t\t<div class=\"elementor-element elementor-element-76161124 e-con-full e-flex elementor-invisible e-con e-child\" data-id=\"76161124\" data-element_type=\"container\" data-e-type=\"container\" data-settings=\"{&quot;animation&quot;:&quot;fadeInDown&quot;,&quot;_ha_eqh_enable&quot;:false}\">\n\t\t\t\t<div class=\"elementor-element elementor-element-296c5718 elementor-widget elementor-widget-heading\" data-id=\"296c5718\" data-element_type=\"widget\" data-e-type=\"widget\" data-widget_type=\"heading.default\">\n\t\t\t\t<div class=\"elementor-widget-container\">\n\t\t\t\t\t<h2 class=\"elementor-heading-title elementor-size-default\">ALTOVA<\/h2>\t\t\t\t<\/div>\n\t\t\t\t<\/div>\n\t\t\t\t<\/div>\n\t\t\t\t\t<\/div>\n\t\t\t\t<\/div>\n\t\t<div class=\"elementor-element elementor-element-5515b607 e-flex e-con-boxed e-con e-parent\" data-id=\"5515b607\" data-element_type=\"container\" data-e-type=\"container\" data-settings=\"{&quot;background_background&quot;:&quot;classic&quot;,&quot;_ha_eqh_enable&quot;:false}\">\n\t\t\t\t\t<div class=\"e-con-inner\">\n\t\t<div class=\"elementor-element elementor-element-7e545ea1 e-con-full e-flex elementor-invisible e-con e-child\" data-id=\"7e545ea1\" data-element_type=\"container\" data-e-type=\"container\" data-settings=\"{&quot;animation&quot;:&quot;fadeInRight&quot;,&quot;_ha_eqh_enable&quot;:false}\">\n\t\t<div class=\"elementor-element elementor-element-3fef6f5 e-flex e-con-boxed e-con e-child\" data-id=\"3fef6f5\" data-element_type=\"container\" data-e-type=\"container\" data-settings=\"{&quot;background_background&quot;:&quot;classic&quot;,&quot;_ha_eqh_enable&quot;:false}\">\n\t\t\t\t\t<div class=\"e-con-inner\">\n\t\t\t\t<div class=\"elementor-element elementor-element-c714394 elementor-widget elementor-widget-image\" data-id=\"c714394\" data-element_type=\"widget\" data-e-type=\"widget\" data-widget_type=\"image.default\">\n\t\t\t\t<div class=\"elementor-widget-container\">\n\t\t\t\t\t\t\t\t\t\t\t\t\t\t\t<img fetchpriority=\"high\" decoding=\"async\" width=\"800\" height=\"158\" src=\"https:\/\/ramsdata.com.pl\/wp-content\/uploads\/2024\/03\/producenci_altova.png.webp\" class=\"attachment-large size-large wp-image-14112\" alt=\"\" srcset=\"https:\/\/ramsdata.com.pl\/wp-content\/uploads\/2024\/03\/producenci_altova.png.webp 1013w, https:\/\/ramsdata.com.pl\/wp-content\/uploads\/2024\/03\/producenci_altova.png-300x59.webp 300w, https:\/\/ramsdata.com.pl\/wp-content\/uploads\/2024\/03\/producenci_altova.png-768x152.webp 768w\" sizes=\"(max-width: 800px) 100vw, 800px\" \/>\t\t\t\t\t\t\t\t\t\t\t\t\t\t\t<\/div>\n\t\t\t\t<\/div>\n\t\t\t\t\t<\/div>\n\t\t\t\t<\/div>\n\t\t\t\t<\/div>\n\t\t<div class=\"elementor-element elementor-element-79bd0e23 e-con-full e-flex elementor-invisible e-con e-child\" data-id=\"79bd0e23\" data-element_type=\"container\" data-e-type=\"container\" data-settings=\"{&quot;animation&quot;:&quot;fadeInLeft&quot;,&quot;_ha_eqh_enable&quot;:false}\">\n\t\t\t\t<div class=\"elementor-element elementor-element-173d3f60 elementor-widget elementor-widget-text-editor\" data-id=\"173d3f60\" data-element_type=\"widget\" data-e-type=\"widget\" data-widget_type=\"text-editor.default\">\n\t\t\t\t<div class=\"elementor-widget-container\">\n\t\t\t\t\t\t\t\t\t<p>ALTOVA ist ein Hersteller von Werkzeugen zur Unterst\u00fctzung der Arbeit von Entwicklern in den Bereichen Software- und Anwendungsentwicklung sowie Datenmanagement und -integration. Die ALTOVA-Softwaregruppe besteht aus vier Produktuntergruppen, die hochmoderne Softwarel\u00f6sungen f\u00fcr Webmaster mit XML- und J2EE-Kenntnissen umfassen.<br \/>ALTOVA hat XMLSpy und viele andere preisgekr\u00f6nte Tools f\u00fcr XML-, SQL- und UML-Umgebungen entwickelt. Mit diesen Werkzeugen lassen sich problemlos fortgeschrittene Projekte, Websites, XML- und J2EE-Anwendungen erstellen. Mit ALTOVA-L\u00f6sungen ist es auch m\u00f6glich, bestehende Anwendungen zu bearbeiten und Fehler zu erkennen.<br \/>Altova ist ein f\u00fchrendes Unternehmen bei der Entwicklung von XML-Tools. Das Unternehmen konzentriert sich auf die Bed\u00fcrfnisse seiner Kunden und bietet eine Reihe von Produkten an, die alle Anforderungen des Entwicklungsteams erf\u00fcllen.<\/p><\/p>\n\t\t\t\t\t\t\t\t<\/div>\n\t\t\t\t<\/div>\n\t\t\t\t<\/div>\n\t\t\t\t\t<\/div>\n\t\t\t\t<\/div>\n\t\t<div class=\"elementor-element elementor-element-1b753caa e-flex e-con-boxed e-con e-parent\" data-id=\"1b753caa\" data-element_type=\"container\" data-e-type=\"container\" data-settings=\"{&quot;background_background&quot;:&quot;classic&quot;,&quot;_ha_eqh_enable&quot;:false}\">\n\t\t\t\t\t<div class=\"e-con-inner\">\n\t\t<div class=\"elementor-element elementor-element-42d6703c e-flex e-con-boxed elementor-invisible e-con e-child\" data-id=\"42d6703c\" data-element_type=\"container\" data-e-type=\"container\" data-settings=\"{&quot;animation&quot;:&quot;fadeInDown&quot;,&quot;_ha_eqh_enable&quot;:false}\">\n\t\t\t\t\t<div class=\"e-con-inner\">\n\t\t\t\t<div class=\"elementor-element elementor-element-4bd39695 elementor-widget elementor-widget-heading\" data-id=\"4bd39695\" data-element_type=\"widget\" data-e-type=\"widget\" data-widget_type=\"heading.default\">\n\t\t\t\t<div class=\"elementor-widget-container\">\n\t\t\t\t\t<h2 class=\"elementor-heading-title elementor-size-default\">Produktlinie\n<\/h2>\t\t\t\t<\/div>\n\t\t\t\t<\/div>\n\t\t\t\t\t<\/div>\n\t\t\t\t<\/div>\n\t\t<div class=\"elementor-element elementor-element-1409778a e-flex e-con-boxed elementor-invisible e-con e-child\" data-id=\"1409778a\" data-element_type=\"container\" data-e-type=\"container\" data-settings=\"{&quot;animation&quot;:&quot;fadeIn&quot;,&quot;animation_delay&quot;:200,&quot;_ha_eqh_enable&quot;:false}\">\n\t\t\t\t\t<div class=\"e-con-inner\">\n\t\t<div data-ha-element-link=\"{&quot;url&quot;:&quot;https:\\\/\\\/www.altova.com\\\/xmlspy-xml-editor&quot;,&quot;is_external&quot;:&quot;&quot;,&quot;nofollow&quot;:&quot;&quot;}\" style=\"cursor: pointer\" class=\"elementor-element elementor-element-498e09c0 e-con-full e-flex e-con e-child\" data-id=\"498e09c0\" data-element_type=\"container\" data-e-type=\"container\" data-settings=\"{&quot;background_background&quot;:&quot;classic&quot;,&quot;_ha_eqh_enable&quot;:false}\">\n\t\t\t\t<div class=\"elementor-element elementor-element-2203531 elementor-widget elementor-widget-heading\" data-id=\"2203531\" data-element_type=\"widget\" data-e-type=\"widget\" data-widget_type=\"heading.default\">\n\t\t\t\t<div class=\"elementor-widget-container\">\n\t\t\t\t\t<h2 class=\"elementor-heading-title elementor-size-default\">Altova XMLSpy<\/h2>\t\t\t\t<\/div>\n\t\t\t\t<\/div>\n\t\t\t\t<\/div>\n\t\t<div data-ha-element-link=\"{&quot;url&quot;:&quot;https:\\\/\\\/www.altova.com\\\/stylevision&quot;,&quot;is_external&quot;:&quot;&quot;,&quot;nofollow&quot;:&quot;&quot;}\" style=\"cursor: pointer\" class=\"elementor-element elementor-element-133deb9 e-con-full e-flex e-con e-child\" data-id=\"133deb9\" data-element_type=\"container\" data-e-type=\"container\" data-settings=\"{&quot;background_background&quot;:&quot;classic&quot;,&quot;_ha_eqh_enable&quot;:false}\">\n\t\t\t\t<div class=\"elementor-element elementor-element-def687e elementor-widget elementor-widget-heading\" data-id=\"def687e\" data-element_type=\"widget\" data-e-type=\"widget\" data-widget_type=\"heading.default\">\n\t\t\t\t<div class=\"elementor-widget-container\">\n\t\t\t\t\t<h2 class=\"elementor-heading-title elementor-size-default\">Altova StyleVision<\/h2>\t\t\t\t<\/div>\n\t\t\t\t<\/div>\n\t\t\t\t<\/div>\n\t\t<div data-ha-element-link=\"{&quot;url&quot;:&quot;https:\\\/\\\/www.altova.com\\\/mapforce&quot;,&quot;is_external&quot;:&quot;&quot;,&quot;nofollow&quot;:&quot;&quot;}\" style=\"cursor: pointer\" class=\"elementor-element elementor-element-1044c77 e-con-full e-flex e-con e-child\" data-id=\"1044c77\" data-element_type=\"container\" data-e-type=\"container\" data-settings=\"{&quot;background_background&quot;:&quot;classic&quot;,&quot;_ha_eqh_enable&quot;:false}\">\n\t\t\t\t<div class=\"elementor-element elementor-element-05b2e43 elementor-widget elementor-widget-heading\" data-id=\"05b2e43\" data-element_type=\"widget\" data-e-type=\"widget\" data-widget_type=\"heading.default\">\n\t\t\t\t<div class=\"elementor-widget-container\">\n\t\t\t\t\t<h2 class=\"elementor-heading-title elementor-size-default\">Altova MapForce<\/h2>\t\t\t\t<\/div>\n\t\t\t\t<\/div>\n\t\t\t\t<\/div>\n\t\t<div data-ha-element-link=\"{&quot;url&quot;:&quot;https:\\\/\\\/www.altova.com\\\/databasespy&quot;,&quot;is_external&quot;:&quot;&quot;,&quot;nofollow&quot;:&quot;&quot;}\" style=\"cursor: pointer\" class=\"elementor-element elementor-element-43b92fa e-con-full e-flex e-con e-child\" data-id=\"43b92fa\" data-element_type=\"container\" data-e-type=\"container\" data-settings=\"{&quot;background_background&quot;:&quot;classic&quot;,&quot;_ha_eqh_enable&quot;:false}\">\n\t\t\t\t<div class=\"elementor-element elementor-element-d2b62e3 elementor-widget elementor-widget-heading\" data-id=\"d2b62e3\" data-element_type=\"widget\" data-e-type=\"widget\" data-widget_type=\"heading.default\">\n\t\t\t\t<div class=\"elementor-widget-container\">\n\t\t\t\t\t<h2 class=\"elementor-heading-title elementor-size-default\">Altova DatabaseSpy<\/h2>\t\t\t\t<\/div>\n\t\t\t\t<\/div>\n\t\t\t\t<\/div>\n\t\t<div data-ha-element-link=\"{&quot;url&quot;:&quot;https:\\\/\\\/www.altova.com\\\/authentic&quot;,&quot;is_external&quot;:&quot;&quot;,&quot;nofollow&quot;:&quot;&quot;}\" style=\"cursor: pointer\" class=\"elementor-element elementor-element-75dd367 e-con-full e-flex e-con e-child\" data-id=\"75dd367\" data-element_type=\"container\" data-e-type=\"container\" data-settings=\"{&quot;background_background&quot;:&quot;classic&quot;,&quot;_ha_eqh_enable&quot;:false}\">\n\t\t\t\t<div class=\"elementor-element elementor-element-1c899e5 elementor-widget elementor-widget-heading\" data-id=\"1c899e5\" data-element_type=\"widget\" data-e-type=\"widget\" data-widget_type=\"heading.default\">\n\t\t\t\t<div class=\"elementor-widget-container\">\n\t\t\t\t\t<h2 class=\"elementor-heading-title elementor-size-default\">Altova Verbindlich<\/h2>\t\t\t\t<\/div>\n\t\t\t\t<\/div>\n\t\t\t\t<\/div>\n\t\t<div data-ha-element-link=\"{&quot;url&quot;:&quot;https:\\\/\\\/www.altova.com\\\/diffdog&quot;,&quot;is_external&quot;:&quot;&quot;,&quot;nofollow&quot;:&quot;&quot;}\" style=\"cursor: pointer\" class=\"elementor-element elementor-element-2f8acb8 e-con-full e-flex e-con e-child\" data-id=\"2f8acb8\" data-element_type=\"container\" data-e-type=\"container\" data-settings=\"{&quot;background_background&quot;:&quot;classic&quot;,&quot;_ha_eqh_enable&quot;:false}\">\n\t\t\t\t<div class=\"elementor-element elementor-element-8b6e4bf elementor-widget elementor-widget-heading\" data-id=\"8b6e4bf\" data-element_type=\"widget\" data-e-type=\"widget\" data-widget_type=\"heading.default\">\n\t\t\t\t<div class=\"elementor-widget-container\">\n\t\t\t\t\t<h2 class=\"elementor-heading-title elementor-size-default\">Altova DiffDog<\/h2>\t\t\t\t<\/div>\n\t\t\t\t<\/div>\n\t\t\t\t<\/div>\n\t\t<div data-ha-element-link=\"{&quot;url&quot;:&quot;https:\\\/\\\/www.altova.com\\\/schemaagent&quot;,&quot;is_external&quot;:&quot;&quot;,&quot;nofollow&quot;:&quot;&quot;}\" style=\"cursor: pointer\" class=\"elementor-element elementor-element-7dbbbc9 e-con-full e-flex e-con e-child\" data-id=\"7dbbbc9\" data-element_type=\"container\" data-e-type=\"container\" data-settings=\"{&quot;background_background&quot;:&quot;classic&quot;,&quot;_ha_eqh_enable&quot;:false}\">\n\t\t\t\t<div class=\"elementor-element elementor-element-a2652e3 elementor-widget elementor-widget-heading\" data-id=\"a2652e3\" data-element_type=\"widget\" data-e-type=\"widget\" data-widget_type=\"heading.default\">\n\t\t\t\t<div class=\"elementor-widget-container\">\n\t\t\t\t\t<h2 class=\"elementor-heading-title elementor-size-default\">Altova SchemaAgent<\/h2>\t\t\t\t<\/div>\n\t\t\t\t<\/div>\n\t\t\t\t<\/div>\n\t\t<div data-ha-element-link=\"{&quot;url&quot;:&quot;https:\\\/\\\/www.altova.com\\\/umodel&quot;,&quot;is_external&quot;:&quot;&quot;,&quot;nofollow&quot;:&quot;&quot;}\" style=\"cursor: pointer\" class=\"elementor-element elementor-element-4e1bfcf e-con-full e-flex e-con e-child\" data-id=\"4e1bfcf\" data-element_type=\"container\" data-e-type=\"container\" data-settings=\"{&quot;background_background&quot;:&quot;classic&quot;,&quot;_ha_eqh_enable&quot;:false}\">\n\t\t\t\t<div class=\"elementor-element elementor-element-b8e34b1 elementor-widget elementor-widget-heading\" data-id=\"b8e34b1\" data-element_type=\"widget\" data-e-type=\"widget\" data-widget_type=\"heading.default\">\n\t\t\t\t<div class=\"elementor-widget-container\">\n\t\t\t\t\t<h2 class=\"elementor-heading-title elementor-size-default\">\nAltova UModel<\/h2>\t\t\t\t<\/div>\n\t\t\t\t<\/div>\n\t\t\t\t<\/div>\n\t\t<div data-ha-element-link=\"{&quot;url&quot;:&quot;https:\\\/\\\/www.altova.com\\\/missionkit&quot;,&quot;is_external&quot;:&quot;&quot;,&quot;nofollow&quot;:&quot;&quot;}\" style=\"cursor: pointer\" class=\"elementor-element elementor-element-9471c9f e-con-full e-flex e-con e-child\" data-id=\"9471c9f\" data-element_type=\"container\" data-e-type=\"container\" data-settings=\"{&quot;background_background&quot;:&quot;classic&quot;,&quot;_ha_eqh_enable&quot;:false}\">\n\t\t\t\t<div class=\"elementor-element elementor-element-cb3d4ae elementor-widget elementor-widget-heading\" data-id=\"cb3d4ae\" data-element_type=\"widget\" data-e-type=\"widget\" data-widget_type=\"heading.default\">\n\t\t\t\t<div class=\"elementor-widget-container\">\n\t\t\t\t\t<h2 class=\"elementor-heading-title elementor-size-default\">Altova MissionKit\n<\/h2>\t\t\t\t<\/div>\n\t\t\t\t<\/div>\n\t\t\t\t<\/div>\n\t\t\t\t\t<\/div>\n\t\t\t\t<\/div>\n\t\t\t\t\t<\/div>\n\t\t\t\t<\/div>\n\t\t\t\t<\/div>\n\t\t","protected":false},"excerpt":{"rendered":"<p>ALTOVA ALTOVA ist ein Hersteller von Werkzeugen zur Unterst\u00fctzung der Arbeit von Entwicklern in den Bereichen Software- und Anwendungsentwicklung sowie Datenmanagement und -integration. Die ALTOVA-Softwaregruppe besteht aus vier Produktuntergruppen, die hochmoderne Softwarel\u00f6sungen f\u00fcr Webmaster mit XML- und J2EE-Kenntnissen umfassen.ALTOVA hat XMLSpy und viele andere preisgekr\u00f6nte Tools f\u00fcr XML-, SQL- und UML-Umgebungen entwickelt. Mit diesen Werkzeugen [&hellip;]<\/p>\n","protected":false},"author":1,"featured_media":0,"parent":14751,"menu_order":0,"comment_status":"closed","ping_status":"closed","template":"","meta":{"_acf_changed":false,"om_disable_all_campaigns":false,"_monsterinsights_skip_tracking":false,"_monsterinsights_sitenote_active":false,"_monsterinsights_sitenote_note":"","_monsterinsights_sitenote_category":0,"_uf_show_specific_survey":0,"_uf_disable_surveys":false,"footnotes":""},"class_list":["post-15366","page","type-page","status-publish","hentry"],"acf":[],"aioseo_notices":[],"_links":{"self":[{"href":"https:\/\/ramsdata.com.pl\/de\/wp-json\/wp\/v2\/pages\/15366","targetHints":{"allow":["GET"]}}],"collection":[{"href":"https:\/\/ramsdata.com.pl\/de\/wp-json\/wp\/v2\/pages"}],"about":[{"href":"https:\/\/ramsdata.com.pl\/de\/wp-json\/wp\/v2\/types\/page"}],"author":[{"embeddable":true,"href":"https:\/\/ramsdata.com.pl\/de\/wp-json\/wp\/v2\/users\/1"}],"replies":[{"embeddable":true,"href":"https:\/\/ramsdata.com.pl\/de\/wp-json\/wp\/v2\/comments?post=15366"}],"version-history":[{"count":5,"href":"https:\/\/ramsdata.com.pl\/de\/wp-json\/wp\/v2\/pages\/15366\/revisions"}],"predecessor-version":[{"id":15496,"href":"https:\/\/ramsdata.com.pl\/de\/wp-json\/wp\/v2\/pages\/15366\/revisions\/15496"}],"up":[{"embeddable":true,"href":"https:\/\/ramsdata.com.pl\/de\/wp-json\/wp\/v2\/pages\/14751"}],"wp:attachment":[{"href":"https:\/\/ramsdata.com.pl\/de\/wp-json\/wp\/v2\/media?parent=15366"}],"curies":[{"name":"wp","href":"https:\/\/api.w.org\/{rel}","templated":true}]}}