{"id":15364,"date":"2024-03-04T04:35:06","date_gmt":"2024-03-04T04:35:06","guid":{"rendered":"https:\/\/ramsdata.com.pl\/hersteller\/saltdna\/"},"modified":"2024-03-16T11:58:13","modified_gmt":"2024-03-16T11:58:13","slug":"saltdna","status":"publish","type":"page","link":"https:\/\/ramsdata.com.pl\/de\/hersteller\/saltdna\/","title":{"rendered":"Saltdna"},"content":{"rendered":"\t\t<div data-elementor-type=\"wp-page\" data-elementor-id=\"15364\" class=\"elementor elementor-15364 elementor-11096\" data-elementor-settings=\"{&quot;ha_cmc_init_switcher&quot;:&quot;no&quot;}\" data-elementor-post-type=\"page\">\n\t\t\t\t<div class=\"elementor-element elementor-element-9d30c2a e-flex e-con-boxed e-con e-parent\" data-id=\"9d30c2a\" data-element_type=\"container\" data-e-type=\"container\" data-settings=\"{&quot;background_background&quot;:&quot;classic&quot;,&quot;_ha_eqh_enable&quot;:false}\">\n\t\t\t\t\t<div class=\"e-con-inner\">\n\t\t<div class=\"elementor-element elementor-element-1ce83376 e-con-full e-flex elementor-invisible e-con e-child\" data-id=\"1ce83376\" data-element_type=\"container\" data-e-type=\"container\" data-settings=\"{&quot;animation&quot;:&quot;fadeInDown&quot;,&quot;_ha_eqh_enable&quot;:false}\">\n\t\t\t\t<div class=\"elementor-element elementor-element-509703be elementor-widget elementor-widget-heading\" data-id=\"509703be\" data-element_type=\"widget\" data-e-type=\"widget\" data-widget_type=\"heading.default\">\n\t\t\t\t<div class=\"elementor-widget-container\">\n\t\t\t\t\t<h2 class=\"elementor-heading-title elementor-size-default\">SALTDNA\n<\/h2>\t\t\t\t<\/div>\n\t\t\t\t<\/div>\n\t\t\t\t<\/div>\n\t\t\t\t\t<\/div>\n\t\t\t\t<\/div>\n\t\t<div class=\"elementor-element elementor-element-1157e05e e-flex e-con-boxed e-con e-parent\" data-id=\"1157e05e\" data-element_type=\"container\" data-e-type=\"container\" data-settings=\"{&quot;background_background&quot;:&quot;classic&quot;,&quot;_ha_eqh_enable&quot;:false}\">\n\t\t\t\t\t<div class=\"e-con-inner\">\n\t\t<div class=\"elementor-element elementor-element-781aec94 e-con-full e-flex elementor-invisible e-con e-child\" data-id=\"781aec94\" data-element_type=\"container\" data-e-type=\"container\" data-settings=\"{&quot;animation&quot;:&quot;fadeInRight&quot;,&quot;_ha_eqh_enable&quot;:false}\">\n\t\t<div class=\"elementor-element elementor-element-c01f429 e-flex e-con-boxed e-con e-child\" data-id=\"c01f429\" data-element_type=\"container\" data-e-type=\"container\" data-settings=\"{&quot;background_background&quot;:&quot;classic&quot;,&quot;_ha_eqh_enable&quot;:false}\">\n\t\t\t\t\t<div class=\"e-con-inner\">\n\t\t\t\t<div class=\"elementor-element elementor-element-d1df429 elementor-widget elementor-widget-image\" data-id=\"d1df429\" data-element_type=\"widget\" data-e-type=\"widget\" data-widget_type=\"image.default\">\n\t\t\t\t<div class=\"elementor-widget-container\">\n\t\t\t\t\t\t\t\t\t\t\t\t\t\t\t<img fetchpriority=\"high\" decoding=\"async\" width=\"758\" height=\"200\" src=\"https:\/\/ramsdata.com.pl\/wp-content\/uploads\/2024\/03\/producenci_saltdna.png.webp\" class=\"attachment-large size-large wp-image-14097\" alt=\"\" srcset=\"https:\/\/ramsdata.com.pl\/wp-content\/uploads\/2024\/03\/producenci_saltdna.png.webp 758w, https:\/\/ramsdata.com.pl\/wp-content\/uploads\/2024\/03\/producenci_saltdna.png-300x79.webp 300w\" sizes=\"(max-width: 758px) 100vw, 758px\" \/>\t\t\t\t\t\t\t\t\t\t\t\t\t\t\t<\/div>\n\t\t\t\t<\/div>\n\t\t\t\t\t<\/div>\n\t\t\t\t<\/div>\n\t\t\t\t<\/div>\n\t\t<div class=\"elementor-element elementor-element-2842e835 e-con-full e-flex elementor-invisible e-con e-child\" data-id=\"2842e835\" data-element_type=\"container\" data-e-type=\"container\" data-settings=\"{&quot;animation&quot;:&quot;fadeInLeft&quot;,&quot;_ha_eqh_enable&quot;:false}\">\n\t\t\t\t<div class=\"elementor-element elementor-element-7f14ebd3 elementor-widget elementor-widget-text-editor\" data-id=\"7f14ebd3\" data-element_type=\"widget\" data-e-type=\"widget\" data-widget_type=\"text-editor.default\">\n\t\t\t\t<div class=\"elementor-widget-container\">\n\t\t\t\t\t\t\t\t\t<p>SaltDNA ist ein schnell wachsendes Cybersicherheitsunternehmen mit Sitz in Belfast, Nordirland. SaltDNA wies ein sehr hohes Wachstumstempo auf. 2017 war ein Rekordjahr f\u00fcr SaltDNA und 2018 konnte SaltDNA erneut wachsen, den Umsatz steigern, den Betrieb erweitern und Kunden auf sechs Kontinenten gewinnen. SaltDNA ist erneut im &#8222;Cybersecurity 500&#8220;-Club vertreten und wurde bei den Digital DNA Awards 2018 als &#8222;Best Small Technology Company&#8220; ausgezeichnet.<\/p>\n<p>SaltDNA wurde au\u00dferdem bei den BEFTA Awards 2018 als &#8222;Innovative Business of the Year&#8220; ausgezeichnet. Der Erfolg von SaltDNA war im Jahr 2018 un\u00fcbersehbar. &#8211; Insbesondere wurde das Unternehmen bei den Telegraph Trade Awards als bester Neueinsteiger auf den internationalen M\u00e4rkten ausgezeichnet und kam in die engere Auswahl f\u00fcr drei nationale Technologiepreise.<\/p>\n<p>SaltDNA ist entschlossen, diesen Aufw\u00e4rtstrend fortzusetzen. Im ersten Quartal 2019 hat das Unternehmen bereits sein gr\u00f6\u00dftes kommerzielles Projekt abgeschlossen und ist auf dem besten Weg, in diesem Jahr ein Rekordergebnis zu erzielen.<\/p><\/p>\n\t\t\t\t\t\t\t\t<\/div>\n\t\t\t\t<\/div>\n\t\t\t\t<\/div>\n\t\t\t\t\t<\/div>\n\t\t\t\t<\/div>\n\t\t<div class=\"elementor-element elementor-element-1ba0dd41 e-flex e-con-boxed e-con e-parent\" data-id=\"1ba0dd41\" data-element_type=\"container\" data-e-type=\"container\" data-settings=\"{&quot;background_background&quot;:&quot;classic&quot;,&quot;_ha_eqh_enable&quot;:false}\">\n\t\t\t\t\t<div class=\"e-con-inner\">\n\t\t<div class=\"elementor-element elementor-element-6a4afdfa e-con-full e-flex elementor-invisible e-con e-child\" data-id=\"6a4afdfa\" data-element_type=\"container\" data-e-type=\"container\" data-settings=\"{&quot;animation&quot;:&quot;fadeInDown&quot;,&quot;_ha_eqh_enable&quot;:false}\">\n\t\t\t\t<div class=\"elementor-element elementor-element-6dd10a80 elementor-widget elementor-widget-heading\" data-id=\"6dd10a80\" data-element_type=\"widget\" data-e-type=\"widget\" data-widget_type=\"heading.default\">\n\t\t\t\t<div class=\"elementor-widget-container\">\n\t\t\t\t\t<h2 class=\"elementor-heading-title elementor-size-default\">\u00fcber Dienstleistungen\n<\/h2>\t\t\t\t<\/div>\n\t\t\t\t<\/div>\n\t\t<div class=\"elementor-element elementor-element-79fe485 e-flex e-con-boxed e-con e-child\" data-id=\"79fe485\" data-element_type=\"container\" data-e-type=\"container\" data-settings=\"{&quot;_ha_eqh_enable&quot;:false}\">\n\t\t\t\t\t<div class=\"e-con-inner\">\n\t\t\t\t<div class=\"elementor-element elementor-element-bb21e38 elementor-widget elementor-widget-text-editor\" data-id=\"bb21e38\" data-element_type=\"widget\" data-e-type=\"widget\" data-widget_type=\"text-editor.default\">\n\t\t\t\t<div class=\"elementor-widget-container\">\n\t\t\t\t\t\t\t\t\t<p>SaltDNA bietet ein sicheres mobiles Kommunikationssystem, das ein H\u00f6chstma\u00df an Vertraulichkeit gew\u00e4hrleistet und die Produktivit\u00e4t von Unternehmen optimiert. Es bietet die folgenden Merkmale und Funktionen:<\/p>\n<p>1. Rechenschaftspflicht und Einhaltung der Vorschriften. Vollst\u00e4ndige und zentralisierte Kontrolle \u00fcber die Kommunikation, die die M\u00f6glichkeit bietet, die Verantwortung f\u00fcr die Handlungen der Mitarbeiter zu analysieren und die Einhaltung interner und externer Sicherheitsvorschriften zu erreichen.<\/p>\n<p>2 Sichere Zusammenarbeit. Telefonkonferenzen und eine Gruppennachrichtenfunktion erm\u00f6glichen es den Teams, sensible Angelegenheiten in aller Sicherheit und Vertraulichkeit zu bearbeiten.<\/p>\n<p>3. sichere \u00dcbertragung von Audio und Dateien. Sofortiger Zugriff und Versand von vertraulichen Dokumenten und Informationen unterwegs\/ in Echtzeit.<\/p>\n<p>4. Berichte und Analysen. M\u00f6glichkeit zur \u00dcberwachung einzelner Daten und der Qualit\u00e4t der Kommunikationsnutzung<\/p>\n<p>5. telefonische Konferenzen. Konferenzfunktion f\u00fcr 15 gleichzeitige Teilnehmer zu jeder Zeit. Alle VoIP-Anrufe sind verschl\u00fcsselt und in jeder Region sicher. Sprachqualit\u00e4t auf h\u00f6chstem Niveau.<\/p>\n<p>6 Zentralisierte Verwaltung. Die M\u00f6glichkeit, den Dienst sofort und von jedem Ort der Welt aus bereitzustellen und zu deaktivieren.<\/p>\n<p>7. geschlossene Kontaktgruppen. Autorisierte Kontakte sind Teil einer geschlossenen Gruppe in der SaltDNA-App und sind nicht mit den pers\u00f6nlichen Kontakten des Ger\u00e4ts verkn\u00fcpft.<\/p>\n<p>8 Verschl\u00fcsselte Sprache und Text. Die gesamte Kommunikation \u00fcber mobile Ger\u00e4te und Computer ist sicher und vertraulich (privat).<\/p>\n<p>9 Umsetzungsm\u00f6glichkeiten. Das System ist als gehosteter Dienst oder als Installation in der lokalen Netzwerkinfrastruktur verf\u00fcgbar.<\/p>\n<p>10. \u00dcbertragung\/Verteilung\/Verbreitung von Nachrichten. Senden von Live-Warnungen an gro\u00dfe Gruppen von Nutzern in der Organisation. Die Funktion erm\u00f6glicht es Organisationen, Nachrichten zu versenden, Fotos, Dokumente und Warnmeldungen auszutauschen und einer Warnung eine bestimmte Wichtigkeit zuzuweisen.<\/p>\n<p>Zusammengefasst garantiert SaltDNA die Vertraulichkeit der End-to-End-Kommunikation (Daten\u00fcbertragung, Audio usw.) (zwischen Nutzern) durch Verschl\u00fcsselung, etc&#8230;. Zu den wichtigsten Vorteilen des Systems geh\u00f6ren. ist, dass nur der Eigent\u00fcmer die volle Kontrolle \u00fcber das System und die Daten\u00fcbertragung hat, d.h. die Daten werden nirgendwo aufgezeichnet oder gespeichert (z.B. auf Ger\u00e4ten von Zwischenbetreibern, etc&#8230;). Die L\u00f6sung ist ideal f\u00fcr Umgebungen, in denen eine vertrauliche Kommunikation und ein Informationsaustausch zwischen Benutzern erforderlich ist.<\/p>\n\t\t\t\t\t\t\t\t<\/div>\n\t\t\t\t<\/div>\n\t\t\t\t\t<\/div>\n\t\t\t\t<\/div>\n\t\t\t\t<\/div>\n\t\t\t\t\t<\/div>\n\t\t\t\t<\/div>\n\t\t<div class=\"elementor-element elementor-element-2b49407 e-flex e-con-boxed e-con e-parent\" data-id=\"2b49407\" data-element_type=\"container\" data-e-type=\"container\" data-settings=\"{&quot;background_background&quot;:&quot;classic&quot;,&quot;_ha_eqh_enable&quot;:false}\">\n\t\t\t\t\t<div class=\"e-con-inner\">\n\t\t<div class=\"elementor-element elementor-element-67af4b2 e-con-full e-flex elementor-invisible e-con e-child\" data-id=\"67af4b2\" data-element_type=\"container\" data-e-type=\"container\" data-settings=\"{&quot;animation&quot;:&quot;fadeInDown&quot;,&quot;_ha_eqh_enable&quot;:false}\">\n\t\t\t\t<div class=\"elementor-element elementor-element-6a12324 elementor-widget elementor-widget-heading\" data-id=\"6a12324\" data-element_type=\"widget\" data-e-type=\"widget\" data-widget_type=\"heading.default\">\n\t\t\t\t<div class=\"elementor-widget-container\">\n\t\t\t\t\t<h2 class=\"elementor-heading-title elementor-size-default\">Innovation der L\u00f6sung\n<\/h2>\t\t\t\t<\/div>\n\t\t\t\t<\/div>\n\t\t<div class=\"elementor-element elementor-element-ddcb41a e-flex e-con-boxed e-con e-child\" data-id=\"ddcb41a\" data-element_type=\"container\" data-e-type=\"container\" data-settings=\"{&quot;_ha_eqh_enable&quot;:false}\">\n\t\t\t\t\t<div class=\"e-con-inner\">\n\t\t\t\t<div class=\"elementor-element elementor-element-d324acc elementor-widget elementor-widget-text-editor\" data-id=\"d324acc\" data-element_type=\"widget\" data-e-type=\"widget\" data-widget_type=\"text-editor.default\">\n\t\t\t\t<div class=\"elementor-widget-container\">\n\t\t\t\t\t\t\t\t\t<p>SaltDNA ist das erste Unternehmen, das eine L\u00f6sung f\u00fcr die verschl\u00fcsselte Kommunikation zwischen Benutzerger\u00e4ten anbietet und gleichzeitig eine zentralisierte Kontrolle \u00fcber die Unternehmenskommunikation erm\u00f6glicht. SaltDNA Enterprise ist das beste Tool auf dem Markt, das u.a. Folgendes bietet Schutz von Gesch\u00e4ftsgeheimnissen, vertraulicher Austausch von strategischen, gesch\u00fctzten und sensiblen Daten zwischen Nutzern &#8211; in jedem Unternehmen.<br \/>Die SaltDNA-L\u00f6sung bietet Einsatzflexibilit\u00e4t und eine robuste Verschl\u00fcsselungsstruktur im Kontext der mobilen Nutzbarkeit. Umfassende Kontrollfunktionen machen das Ziel, das Sicherheitsniveau des Unternehmens zu erh\u00f6hen, m\u00fchelos erreichbar.<\/p>\n<p>SaltDNA bietet eine Reihe von Einsatzoptionen (die von Wettbewerbern nicht angeboten werden) f\u00fcr Organisationen. Die SaltDNA Enterprise-L\u00f6sung ist als gehosteter Cloud-Service oder als lokale Installation innerhalb einer privaten Infrastruktur verf\u00fcgbar. Den Unternehmen stehen im Rahmen der SaltDNA-Installationen je nach Bedarf flexible M\u00f6glichkeiten zur Verf\u00fcgung.<br \/>W\u00e4hrend die Liste der Funktionen st\u00e4ndig erweitert wird, bietet SaltDNA derzeit viele Funktionen, die oft nicht auf dem Markt erh\u00e4ltlich sind, wie z. B.:<\/p>\n<p>Sichere \u00dcbertragung und Archivierung des Inhalts von Textnachrichten und Anrufen<br \/>2. \u00dcbertragung von Dateien\/Bildern und &#8222;Brennen&#8220;\/L\u00f6schen des Kommunikationsverlaufs, d.h. eine Nachricht kann von beiden Seiten (Absender und Empf\u00e4nger) gel\u00f6scht werden, unabh\u00e4ngig davon, woher sie stammt<br \/>3. geschlossene Benutzergruppen<br \/>4 Zentrale Verwaltung und \u00dcberwachung sowie 24\/7-Support.<\/p>\n<p>2018 hat SaltDNA eine Funktion f\u00fcr den sicheren Umgang mit Video- und Audioanh\u00e4ngen entwickelt. Mit dieser Funktion k\u00f6nnen Benutzer Audio- und Videoanh\u00e4nge sicher per Nachricht von ihrem Mobiltelefon oder Computer an ihre Kontakte senden. SaltDNA hat auch eine sichere Nachrichtenfunktion entwickelt, die es den Kunden erm\u00f6glicht, Warnmeldungen in Echtzeit an gro\u00dfe Gruppen von Nutzern im Unternehmen zu senden. Die neue Broadcast-\/Nachrichtenfunktion erm\u00f6glicht es Unternehmen, Bilder und Dokumente auszutauschen und Alarmen eine bestimmte Wichtigkeit zuzuweisen (unterschiedliche Alarmt\u00f6ne f\u00fcr verschiedene Wichtigkeitsstufen).<\/p>\n<p>Mit seinen Expansionspl\u00e4nen ist SaltDNA auch Konkurrenten wie Signal, Silent Circle und TigerText voraus. SaltDNA hat viele Vorteile\/Unterschiede zu seinen Konkurrenten, sowohl technisch als auch funktionell. Die meisten Konkurrenten von SaltDNA sind auf dem Verbrauchermarkt t\u00e4tig und bieten sichere Kommunikation ausschlie\u00dflich f\u00fcr Verbraucher an. SaltDNA arbeitet ausschlie\u00dflich mit Unternehmen zusammen und entwickelt Funktionen und Technologien f\u00fcr diesen Markt. Ein wesentliches Unterscheidungsmerkmal von SaltDNA ist, dass SaltDNA Organisationen die Kontrolle dar\u00fcber gibt, wer mit wem in ihrem Unternehmen spricht. SaltDNA bietet ein sicheres Managementsystem, das Unternehmen die volle Kontrolle \u00fcber die Kommunikation und alle Mitarbeiter-Kontaktlisten gibt. Durch die Erleichterung des Kommunikationsmanagements ist es einfacher, geschlossene Benutzergruppen zu verwalten.<\/p>\n<p>SaltDNA verwendet offene, \u00f6ffentlich \u00fcberpr\u00fcfbare, kryptographische Bibliotheken. Die Ingenieure des Unternehmens haben die st\u00e4rksten Verschl\u00fcsselungsstufen entwickelt, und der \u00fcber die Kommunikationsinfrastruktur eines Netzes \u00fcbertragene Code wurde von einem Konsortium der besten Kryptographen der Welt gepr\u00fcft. Die Open-Source-Bibliotheken und -Protokolle, auf denen SaltDNA basiert, enthalten die folgenden Sicherheitsmerkmale:<\/p>\n<p>a) TLS &#8222;Transport Layer Security&#8220; f\u00fcr verschl\u00fcsselte Verbindungen<br \/>(b) Nachrichten, die mit dem sicheren Axolotl-Protokoll verschl\u00fcsselt wurden (Schl\u00fcsselaustausch mit dem Diffie-Hellman-Protokoll und Hash-Proof-Funktion (HMAC)). OLM-Nachrichtenverschl\u00fcsselung &#8211; mit ephemerem Schl\u00fcsselaustausch.<br \/>(c) Signalisierung und Konfiguration von Sprachanrufen \u00fcber &#8222;gepinnte&#8220; TLS-Verbindungen. Es wird Datagram Transport Layer Security (DTLS) verwendet, das die Vertraulichkeit der Kommunikation \u00fcber einen sicheren Signalisierungskanal gew\u00e4hrleistet. DTLS eliminiert das Risiko der Ver\u00e4nderung, des Abh\u00f6rens oder der Verf\u00e4lschung von Nachrichten.<br \/>(d) SRTP &#8211; Sicheres Echtzeit-Transportprotokoll f\u00fcr Peer-to-Peer-Sprachanrufe<\/p>\n\t\t\t\t\t\t\t\t<\/div>\n\t\t\t\t<\/div>\n\t\t<div class=\"elementor-element elementor-element-1b33b491 e-con-full e-flex e-con e-child\" data-id=\"1b33b491\" data-element_type=\"container\" data-e-type=\"container\" data-settings=\"{&quot;_ha_eqh_enable&quot;:false}\">\n\t\t<div class=\"elementor-element elementor-element-348f697a e-con-full e-flex elementor-invisible e-con e-child\" data-id=\"348f697a\" data-element_type=\"container\" data-e-type=\"container\" data-settings=\"{&quot;background_background&quot;:&quot;gradient&quot;,&quot;animation&quot;:&quot;fadeInRight&quot;,&quot;_ha_eqh_enable&quot;:false}\">\n\t\t\t\t<div class=\"elementor-element elementor-element-15a38170 elementor-widget elementor-widget-icon-box\" data-id=\"15a38170\" data-element_type=\"widget\" data-e-type=\"widget\" data-widget_type=\"icon-box.default\">\n\t\t\t\t<div class=\"elementor-widget-container\">\n\t\t\t\t\t\t\t<div class=\"elementor-icon-box-wrapper\">\n\n\t\t\t\n\t\t\t\t\t\t<div class=\"elementor-icon-box-content\">\n\n\t\t\t\t\t\t\t\t\t<div class=\"elementor-icon-box-title\">\n\t\t\t\t\t\t<span  >\n\t\t\t\t\t\t\tPr\u00fcfen und Anzeigen von Informationen\t\t\t\t\t\t<\/span>\n\t\t\t\t\t<\/div>\n\t\t\t\t\n\t\t\t\t\t\t\t\t\t<p class=\"elementor-icon-box-description\">\n\t\t\t\t\t\tDas Unternehmen ben\u00f6tigt eine strenge zentrale Kontrolle der Benutzer, die M\u00f6glichkeit, Benutzer sofort bereitzustellen oder zu l\u00f6schen, und Berichtsfunktionen. Nur autorisierte Benutzer k\u00f6nnen \u00fcber das sichere, verschl\u00fcsselte Netz kommunizieren, was das Risiko, dass es f\u00fcr b\u00f6swillige Zwecke genutzt wird, erheblich verringert. Und die Kontakte sind geschlossen, d. h. sie sind auf autorisierte Benutzer in der App beschr\u00e4nkt, d. h. Sie k\u00f6nnen nicht mit den Kontakten auf Ihrem Ger\u00e4t kommunizieren.\n\n\t\t\t\t\t<\/p>\n\t\t\t\t\n\t\t\t<\/div>\n\t\t\t\n\t\t<\/div>\n\t\t\t\t\t\t<\/div>\n\t\t\t\t<\/div>\n\t\t\t\t<\/div>\n\t\t<div class=\"elementor-element elementor-element-5b3aba3b e-con-full e-flex elementor-invisible e-con e-child\" data-id=\"5b3aba3b\" data-element_type=\"container\" data-e-type=\"container\" data-settings=\"{&quot;background_background&quot;:&quot;gradient&quot;,&quot;animation&quot;:&quot;fadeInRight&quot;,&quot;_ha_eqh_enable&quot;:false}\">\n\t\t\t\t<div class=\"elementor-element elementor-element-4fd3e608 elementor-widget elementor-widget-icon-box\" data-id=\"4fd3e608\" data-element_type=\"widget\" data-e-type=\"widget\" data-widget_type=\"icon-box.default\">\n\t\t\t\t<div class=\"elementor-widget-container\">\n\t\t\t\t\t\t\t<div class=\"elementor-icon-box-wrapper\">\n\n\t\t\t\n\t\t\t\t\t\t<div class=\"elementor-icon-box-content\">\n\n\t\t\t\t\t\t\t\t\t<div class=\"elementor-icon-box-title\">\n\t\t\t\t\t\t<span  >\n\t\t\t\t\t\t\tRechenschaftspflicht und Einhaltung der Vorschriften\t\t\t\t\t\t<\/span>\n\t\t\t\t\t<\/div>\n\t\t\t\t\n\t\t\t\t\t\t\t\t\t<p class=\"elementor-icon-box-description\">\n\t\t\t\t\t\tDie Unternehmensl\u00f6sung bietet die volle Kontrolle dar\u00fcber, welche Daten gespeichert und welche gel\u00f6scht werden. Dies ist eine der wichtigsten und w\u00fcnschenswertesten Funktionen, die es in kostenlosen Messaging-Apps nicht gibt. Dies ist von entscheidender Bedeutung f\u00fcr die Einhaltung von Vorschriften bei der Kommunikation in regulierten Branchen wie dem Gesundheitswesen, dem Finanzwesen, der Strafverfolgung oder den Sicherheitsdiensten, wo die Kommunikation sicher sein muss und zu Zwecken der Rechenschaftspflicht im Zusammenhang mit der Haftung aufgezeichnet werden muss.\n\n\t\t\t\t\t<\/p>\n\t\t\t\t\n\t\t\t<\/div>\n\t\t\t\n\t\t<\/div>\n\t\t\t\t\t\t<\/div>\n\t\t\t\t<\/div>\n\t\t\t\t<\/div>\n\t\t<div class=\"elementor-element elementor-element-446397c9 e-con-full e-flex elementor-invisible e-con e-child\" data-id=\"446397c9\" data-element_type=\"container\" data-e-type=\"container\" data-settings=\"{&quot;background_background&quot;:&quot;gradient&quot;,&quot;animation&quot;:&quot;fadeInRight&quot;,&quot;_ha_eqh_enable&quot;:false}\">\n\t\t\t\t<div class=\"elementor-element elementor-element-1a7f20aa elementor-widget elementor-widget-icon-box\" data-id=\"1a7f20aa\" data-element_type=\"widget\" data-e-type=\"widget\" data-widget_type=\"icon-box.default\">\n\t\t\t\t<div class=\"elementor-widget-container\">\n\t\t\t\t\t\t\t<div class=\"elementor-icon-box-wrapper\">\n\n\t\t\t\n\t\t\t\t\t\t<div class=\"elementor-icon-box-content\">\n\n\t\t\t\t\t\t\t\t\t<div class=\"elementor-icon-box-title\">\n\t\t\t\t\t\t<span  >\n\t\t\t\t\t\t\tUnternehmensfunktionen und Flexibilit\u00e4t bei der Umsetzung\t\t\t\t\t\t<\/span>\n\t\t\t\t\t<\/div>\n\t\t\t\t\n\t\t\t\t\t\t\t\t\t<p class=\"elementor-icon-box-description\">\n\t\t\t\t\t\tSichere Telefonkonferenzen und Gruppenchats, sichere Bild\u00fcbertragung und -speicherung, verbesserte Gespr\u00e4chsqualit\u00e4t und LDAP-Integration erm\u00f6glichen eine sichere unternehmensweite Zusammenarbeit und nicht nur eine Kommunikation unter vier Augen. Dar\u00fcber hinaus w\u00fcnschen sich die Unternehmen Flexibilit\u00e4t, damit sie ihre L\u00f6sung als gehosteten Dienst bereitstellen oder auf ihrer eigenen Infrastruktur installieren k\u00f6nnen, je nach ihren Gesch\u00e4ftsanforderungen.\n\n\t\t\t\t\t<\/p>\n\t\t\t\t\n\t\t\t<\/div>\n\t\t\t\n\t\t<\/div>\n\t\t\t\t\t\t<\/div>\n\t\t\t\t<\/div>\n\t\t\t\t<\/div>\n\t\t\t\t<\/div>\n\t\t\t\t\t<\/div>\n\t\t\t\t<\/div>\n\t\t\t\t<\/div>\n\t\t\t\t\t<\/div>\n\t\t\t\t<\/div>\n\t\t\t\t<\/div>\n\t\t","protected":false},"excerpt":{"rendered":"<p>SALTDNA SaltDNA ist ein schnell wachsendes Cybersicherheitsunternehmen mit Sitz in Belfast, Nordirland. SaltDNA wies ein sehr hohes Wachstumstempo auf. 2017 war ein Rekordjahr f\u00fcr SaltDNA und 2018 konnte SaltDNA erneut wachsen, den Umsatz steigern, den Betrieb erweitern und Kunden auf sechs Kontinenten gewinnen. SaltDNA ist erneut im &#8222;Cybersecurity 500&#8220;-Club vertreten und wurde bei den Digital [&hellip;]<\/p>\n","protected":false},"author":1,"featured_media":0,"parent":14751,"menu_order":0,"comment_status":"closed","ping_status":"closed","template":"","meta":{"_acf_changed":false,"om_disable_all_campaigns":false,"_monsterinsights_skip_tracking":false,"_monsterinsights_sitenote_active":false,"_monsterinsights_sitenote_note":"","_monsterinsights_sitenote_category":0,"_uf_show_specific_survey":0,"_uf_disable_surveys":false,"footnotes":""},"class_list":["post-15364","page","type-page","status-publish","hentry"],"acf":[],"aioseo_notices":[],"_links":{"self":[{"href":"https:\/\/ramsdata.com.pl\/de\/wp-json\/wp\/v2\/pages\/15364","targetHints":{"allow":["GET"]}}],"collection":[{"href":"https:\/\/ramsdata.com.pl\/de\/wp-json\/wp\/v2\/pages"}],"about":[{"href":"https:\/\/ramsdata.com.pl\/de\/wp-json\/wp\/v2\/types\/page"}],"author":[{"embeddable":true,"href":"https:\/\/ramsdata.com.pl\/de\/wp-json\/wp\/v2\/users\/1"}],"replies":[{"embeddable":true,"href":"https:\/\/ramsdata.com.pl\/de\/wp-json\/wp\/v2\/comments?post=15364"}],"version-history":[{"count":5,"href":"https:\/\/ramsdata.com.pl\/de\/wp-json\/wp\/v2\/pages\/15364\/revisions"}],"predecessor-version":[{"id":15498,"href":"https:\/\/ramsdata.com.pl\/de\/wp-json\/wp\/v2\/pages\/15364\/revisions\/15498"}],"up":[{"embeddable":true,"href":"https:\/\/ramsdata.com.pl\/de\/wp-json\/wp\/v2\/pages\/14751"}],"wp:attachment":[{"href":"https:\/\/ramsdata.com.pl\/de\/wp-json\/wp\/v2\/media?parent=15364"}],"curies":[{"name":"wp","href":"https:\/\/api.w.org\/{rel}","templated":true}]}}