{"id":15183,"date":"2024-03-03T20:01:21","date_gmt":"2024-03-03T20:01:21","guid":{"rendered":"https:\/\/ramsdata.com.pl\/hersteller\/junpier-nerwtorks\/"},"modified":"2024-03-16T11:40:42","modified_gmt":"2024-03-16T11:40:42","slug":"junpier-nerwtorks","status":"publish","type":"page","link":"https:\/\/ramsdata.com.pl\/de\/hersteller\/junpier-nerwtorks\/","title":{"rendered":"Junpier Nerwtorks"},"content":{"rendered":"\t\t<div data-elementor-type=\"wp-page\" data-elementor-id=\"15183\" class=\"elementor elementor-15183 elementor-10921\" data-elementor-settings=\"{&quot;ha_cmc_init_switcher&quot;:&quot;no&quot;}\" data-elementor-post-type=\"page\">\n\t\t\t\t<div class=\"elementor-element elementor-element-4d6d9e34 e-flex e-con-boxed e-con e-parent\" data-id=\"4d6d9e34\" data-element_type=\"container\" data-e-type=\"container\" data-settings=\"{&quot;background_background&quot;:&quot;classic&quot;,&quot;_ha_eqh_enable&quot;:false}\">\n\t\t\t\t\t<div class=\"e-con-inner\">\n\t\t<div class=\"elementor-element elementor-element-4e2d5771 e-con-full e-flex elementor-invisible e-con e-child\" data-id=\"4e2d5771\" data-element_type=\"container\" data-e-type=\"container\" data-settings=\"{&quot;animation&quot;:&quot;fadeInDown&quot;,&quot;_ha_eqh_enable&quot;:false}\">\n\t\t\t\t<div class=\"elementor-element elementor-element-6e8ccdf8 elementor-widget elementor-widget-heading\" data-id=\"6e8ccdf8\" data-element_type=\"widget\" data-e-type=\"widget\" data-widget_type=\"heading.default\">\n\t\t\t\t<div class=\"elementor-widget-container\">\n\t\t\t\t\t<h2 class=\"elementor-heading-title elementor-size-default\">JUNIPER-NETZWERKE<\/h2>\t\t\t\t<\/div>\n\t\t\t\t<\/div>\n\t\t\t\t<\/div>\n\t\t\t\t\t<\/div>\n\t\t\t\t<\/div>\n\t\t<div class=\"elementor-element elementor-element-255fd83f e-flex e-con-boxed e-con e-parent\" data-id=\"255fd83f\" data-element_type=\"container\" data-e-type=\"container\" data-settings=\"{&quot;background_background&quot;:&quot;classic&quot;,&quot;_ha_eqh_enable&quot;:false}\">\n\t\t\t\t\t<div class=\"e-con-inner\">\n\t\t<div class=\"elementor-element elementor-element-179ab5e6 e-con-full e-flex elementor-invisible e-con e-child\" data-id=\"179ab5e6\" data-element_type=\"container\" data-e-type=\"container\" data-settings=\"{&quot;animation&quot;:&quot;fadeInLeft&quot;,&quot;_ha_eqh_enable&quot;:false}\">\n\t\t\t\t<div class=\"elementor-element elementor-element-f888082 elementor-widget elementor-widget-text-editor\" data-id=\"f888082\" data-element_type=\"widget\" data-e-type=\"widget\" data-widget_type=\"text-editor.default\">\n\t\t\t\t<div class=\"elementor-widget-container\">\n\t\t\t\t\t\t\t\t\t<p>einem der weltweit gr\u00f6\u00dften Hersteller von Netzwerkausr\u00fcstung. Das Unternehmen hat seinen Sitz in Sunnyvale, Kalifornien, USA. Heute ist das Unternehmen einer der f\u00fchrenden Hersteller von Netzwerkausr\u00fcstung. Sein Portfolio deckt fast alle Bereiche des Marktes f\u00fcr kabelgebundene Datenprodukte ab, einschlie\u00dflich Hochleistungs-Router f\u00fcr den Carrier-Markt und kleinere Modelle, die in ENTERPRISE-Netzen weit verbreitet sind. Switches f\u00fcr EX-Campusnetze und FX-Rechenzentren sind sehr beliebt. Die Sicherheitsfunktionen sind auf Firewalls vom Typ SRX implementiert, die sowohl f\u00fcr kleine Unternehmensfilialen als auch f\u00fcr gro\u00dfe Rechenzentren konzipiert sind. Die L\u00f6sungen von Juniper Networks basieren auf dem zuverl\u00e4ssigen JUNOS-System, das in den Umgebungen der weltweit gr\u00f6\u00dften Unternehmen und Betreiber eingesetzt wird.<\/p>\n\t\t\t\t\t\t\t\t<\/div>\n\t\t\t\t<\/div>\n\t\t\t\t<\/div>\n\t\t<div class=\"elementor-element elementor-element-83ca782 e-con-full e-flex elementor-invisible e-con e-child\" data-id=\"83ca782\" data-element_type=\"container\" data-e-type=\"container\" data-settings=\"{&quot;animation&quot;:&quot;fadeInRight&quot;,&quot;_ha_eqh_enable&quot;:false}\">\n\t\t\t\t<div class=\"elementor-element elementor-element-6b6f0529 elementor-widget elementor-widget-image\" data-id=\"6b6f0529\" data-element_type=\"widget\" data-e-type=\"widget\" data-widget_type=\"image.default\">\n\t\t\t\t<div class=\"elementor-widget-container\">\n\t\t\t\t\t\t\t\t\t\t\t\t\t\t\t<img fetchpriority=\"high\" decoding=\"async\" width=\"768\" height=\"384\" src=\"https:\/\/ramsdata.com.pl\/wp-content\/uploads\/2024\/02\/juniper-networks-sized-768x384.jpg.webp\" class=\"attachment-full size-full wp-image-12807\" alt=\"\" srcset=\"https:\/\/ramsdata.com.pl\/wp-content\/uploads\/2024\/02\/juniper-networks-sized-768x384.jpg.webp 768w, https:\/\/ramsdata.com.pl\/wp-content\/uploads\/2024\/02\/juniper-networks-sized-768x384.jpg-300x150.webp 300w\" sizes=\"(max-width: 768px) 100vw, 768px\" \/>\t\t\t\t\t\t\t\t\t\t\t\t\t\t\t<\/div>\n\t\t\t\t<\/div>\n\t\t\t\t<\/div>\n\t\t\t\t\t<\/div>\n\t\t\t\t<\/div>\n\t\t<div class=\"elementor-element elementor-element-5597f641 e-flex e-con-boxed e-con e-parent\" data-id=\"5597f641\" data-element_type=\"container\" data-e-type=\"container\" data-settings=\"{&quot;background_background&quot;:&quot;classic&quot;,&quot;_ha_eqh_enable&quot;:false}\">\n\t\t\t\t\t<div class=\"e-con-inner\">\n\t\t<div class=\"elementor-element elementor-element-51ba8a7f e-con-full e-flex elementor-invisible e-con e-child\" data-id=\"51ba8a7f\" data-element_type=\"container\" data-e-type=\"container\" data-settings=\"{&quot;animation&quot;:&quot;fadeInLeft&quot;,&quot;_ha_eqh_enable&quot;:false}\">\n\t\t\t\t<div class=\"elementor-element elementor-element-4e7723b3 elementor-widget elementor-widget-heading\" data-id=\"4e7723b3\" data-element_type=\"widget\" data-e-type=\"widget\" data-widget_type=\"heading.default\">\n\t\t\t\t<div class=\"elementor-widget-container\">\n\t\t\t\t\t<h2 class=\"elementor-heading-title elementor-size-default\">Router<\/h2>\t\t\t\t<\/div>\n\t\t\t\t<\/div>\n\t\t\t\t<\/div>\n\t\t<div class=\"elementor-element elementor-element-4c455a6c e-con-full e-flex e-con e-child\" data-id=\"4c455a6c\" data-element_type=\"container\" data-e-type=\"container\" data-settings=\"{&quot;_ha_eqh_enable&quot;:false}\">\n\t\t<div class=\"elementor-element elementor-element-358b6372 e-con-full e-flex elementor-invisible e-con e-child\" data-id=\"358b6372\" data-element_type=\"container\" data-e-type=\"container\" data-settings=\"{&quot;background_background&quot;:&quot;gradient&quot;,&quot;animation&quot;:&quot;fadeInUp&quot;,&quot;_ha_eqh_enable&quot;:false}\">\n\t\t\t\t<div class=\"elementor-element elementor-element-ac31594 elementor-widget elementor-widget-heading\" data-id=\"ac31594\" data-element_type=\"widget\" data-e-type=\"widget\" data-widget_type=\"heading.default\">\n\t\t\t\t<div class=\"elementor-widget-container\">\n\t\t\t\t\t<h2 class=\"elementor-heading-title elementor-size-default\">MX-BAUREIHE<\/h2>\t\t\t\t<\/div>\n\t\t\t\t<\/div>\n\t\t\t\t<div class=\"elementor-element elementor-element-f0435af elementor-widget elementor-widget-text-editor\" data-id=\"f0435af\" data-element_type=\"widget\" data-e-type=\"widget\" data-widget_type=\"text-editor.default\">\n\t\t\t\t<div class=\"elementor-widget-container\">\n\t\t\t\t\t\t\t\t\t<p>Die beliebteste Routerreihe von Juniper Networks f\u00fcr Unternehmensl\u00f6sungen und Carrier-Netzwerke. Die L\u00f6sungen arbeiten mit dem von Juniper entwickelten 3D Trio-Chipsatz. Die Router verf\u00fcgen \u00fcber eine hervorragende Leistung (100-GbE-Schnittstellen verf\u00fcgbar), erweiterte Routing-Funktionen (einschlie\u00dflich Unterst\u00fctzung f\u00fcr viele Millionen Pr\u00e4fixe), MPLS, Quality of Service sowie Sicherheitsfunktionen, d. h. NAT, CGNAT oder IPSec, die auf Hardwarebasis implementiert sind. Die Plattformen sind f\u00fcr den Einsatz von Ethernet-Technologie optimiert und f\u00fcr Software Defined Networks (SDN)-L\u00f6sungen angepasst.<\/p>\n\t\t\t\t\t\t\t\t<\/div>\n\t\t\t\t<\/div>\n\t\t\t\t<div class=\"elementor-element elementor-element-af93df7 elementor-widget elementor-widget-image\" data-id=\"af93df7\" data-element_type=\"widget\" data-e-type=\"widget\" data-widget_type=\"image.default\">\n\t\t\t\t<div class=\"elementor-widget-container\">\n\t\t\t\t\t\t\t\t\t\t\t\t\t\t\t<img decoding=\"async\" width=\"800\" height=\"160\" src=\"https:\/\/ramsdata.com.pl\/wp-content\/uploads\/2024\/03\/mx150-frontwtop-high-1024x205.jpg.webp\" class=\"attachment-large size-large wp-image-13992\" alt=\"\" srcset=\"https:\/\/ramsdata.com.pl\/wp-content\/uploads\/2024\/03\/mx150-frontwtop-high-1024x205.jpg.webp 1024w, https:\/\/ramsdata.com.pl\/wp-content\/uploads\/2024\/03\/mx150-frontwtop-high-1024x205.jpg-300x60.webp 300w, https:\/\/ramsdata.com.pl\/wp-content\/uploads\/2024\/03\/mx150-frontwtop-high-1024x205.jpg-768x154.webp 768w\" sizes=\"(max-width: 800px) 100vw, 800px\" \/>\t\t\t\t\t\t\t\t\t\t\t\t\t\t\t<\/div>\n\t\t\t\t<\/div>\n\t\t\t\t<\/div>\n\t\t<div class=\"elementor-element elementor-element-d332e31 e-con-full e-flex elementor-invisible e-con e-child\" data-id=\"d332e31\" data-element_type=\"container\" data-e-type=\"container\" data-settings=\"{&quot;background_background&quot;:&quot;gradient&quot;,&quot;animation&quot;:&quot;fadeInUp&quot;,&quot;_ha_eqh_enable&quot;:false}\">\n\t\t\t\t<div class=\"elementor-element elementor-element-be23e66 elementor-widget elementor-widget-heading\" data-id=\"be23e66\" data-element_type=\"widget\" data-e-type=\"widget\" data-widget_type=\"heading.default\">\n\t\t\t\t<div class=\"elementor-widget-container\">\n\t\t\t\t\t<h2 class=\"elementor-heading-title elementor-size-default\">ACX-BAUREIHE<\/h2>\t\t\t\t<\/div>\n\t\t\t\t<\/div>\n\t\t\t\t<div class=\"elementor-element elementor-element-49da324 elementor-widget elementor-widget-text-editor\" data-id=\"49da324\" data-element_type=\"widget\" data-e-type=\"widget\" data-widget_type=\"text-editor.default\">\n\t\t\t\t<div class=\"elementor-widget-container\">\n\t\t\t\t\t\t\t\t\t<p>  Universelle Router f\u00fcr die Zugangs- und Aggregationsschicht, die f\u00fcr raue Umgebungen und den Einsatz in Ethernet-MPLS-Netzen optimiert sind. Sie zeichnen sich durch eine hohe Schnittstellendichte aus und unterst\u00fctzen auch erweiterte MPLS-Dienste (L2VPN, IP VPN, VPLS). Durch die Unterst\u00fctzung des IEEE 1588 Time Precision-Protokolls k\u00f6nnen die Router der ACX-Serie in mobilen Netzen, industriellen Netzen oder anderen L\u00f6sungen eingesetzt werden, die eine pr\u00e4zise Zeitsynchronisation zwischen den Netzknoten erfordern.<\/p>\n\t\t\t\t\t\t\t\t<\/div>\n\t\t\t\t<\/div>\n\t\t\t\t<div class=\"elementor-element elementor-element-e9d17a3 elementor-widget elementor-widget-image\" data-id=\"e9d17a3\" data-element_type=\"widget\" data-e-type=\"widget\" data-widget_type=\"image.default\">\n\t\t\t\t<div class=\"elementor-widget-container\">\n\t\t\t\t\t\t\t\t\t\t\t\t\t\t\t<img decoding=\"async\" width=\"800\" height=\"152\" src=\"https:\/\/ramsdata.com.pl\/wp-content\/uploads\/2024\/03\/acx500-frontwtop-high-1024x195.jpg.webp\" class=\"attachment-large size-large wp-image-13997\" alt=\"\" srcset=\"https:\/\/ramsdata.com.pl\/wp-content\/uploads\/2024\/03\/acx500-frontwtop-high-1024x195.jpg.webp 1024w, https:\/\/ramsdata.com.pl\/wp-content\/uploads\/2024\/03\/acx500-frontwtop-high-1024x195.jpg-300x57.webp 300w, https:\/\/ramsdata.com.pl\/wp-content\/uploads\/2024\/03\/acx500-frontwtop-high-1024x195.jpg-768x146.webp 768w\" sizes=\"(max-width: 800px) 100vw, 800px\" \/>\t\t\t\t\t\t\t\t\t\t\t\t\t\t\t<\/div>\n\t\t\t\t<\/div>\n\t\t\t\t<\/div>\n\t\t<div class=\"elementor-element elementor-element-b06c29d e-con-full e-flex elementor-invisible e-con e-child\" data-id=\"b06c29d\" data-element_type=\"container\" data-e-type=\"container\" data-settings=\"{&quot;background_background&quot;:&quot;gradient&quot;,&quot;animation&quot;:&quot;fadeInUp&quot;,&quot;_ha_eqh_enable&quot;:false}\">\n\t\t\t\t<div class=\"elementor-element elementor-element-9d6cd7e elementor-widget elementor-widget-heading\" data-id=\"9d6cd7e\" data-element_type=\"widget\" data-e-type=\"widget\" data-widget_type=\"heading.default\">\n\t\t\t\t<div class=\"elementor-widget-container\">\n\t\t\t\t\t<h2 class=\"elementor-heading-title elementor-size-default\">PTX-BAUREIHE<\/h2>\t\t\t\t<\/div>\n\t\t\t\t<\/div>\n\t\t\t\t<div class=\"elementor-element elementor-element-66d0129 elementor-widget elementor-widget-text-editor\" data-id=\"66d0129\" data-element_type=\"widget\" data-e-type=\"widget\" data-widget_type=\"text-editor.default\">\n\t\t\t\t<div class=\"elementor-widget-container\">\n\t\t\t\t\t\t\t\t\t<p>Die PTX-Baureihe wurde speziell f\u00fcr Betreibernetze entwickelt. Die Ger\u00e4te dieser Serie werden von den gr\u00f6\u00dften Kommunikationsbetreibern der Welt f\u00fcr den Netzkern ausgew\u00e4hlt. Die Produkte der PTX-Serie zeichnen sich durch hohe Betriebsstabilit\u00e4t, Zuverl\u00e4ssigkeit, Leistung (3 Tbps pro Steckplatz) und hohe Portdichte von 10GbE, 40GbE und 100GbE aus. Wie die MX-Serie arbeiten auch die PTX-Router mit einem Chipsatz, der in den Labors von Juniper Networks entwickelt wurde. PTX sind auch f\u00fcr Software Defined Networks (SDN)-L\u00f6sungen geeignet.<\/p>\n\t\t\t\t\t\t\t\t<\/div>\n\t\t\t\t<\/div>\n\t\t\t\t<div class=\"elementor-element elementor-element-6d3b7b2 elementor-widget elementor-widget-image\" data-id=\"6d3b7b2\" data-element_type=\"widget\" data-e-type=\"widget\" data-widget_type=\"image.default\">\n\t\t\t\t<div class=\"elementor-widget-container\">\n\t\t\t\t\t\t\t\t\t\t\t\t\t\t\t<img loading=\"lazy\" decoding=\"async\" width=\"800\" height=\"294\" src=\"https:\/\/ramsdata.com.pl\/wp-content\/uploads\/2024\/03\/ptx10003-160c-frontwtop-high-1024x376.jpg.webp\" class=\"attachment-large size-large wp-image-14002\" alt=\"\" srcset=\"https:\/\/ramsdata.com.pl\/wp-content\/uploads\/2024\/03\/ptx10003-160c-frontwtop-high-1024x376.jpg.webp 1024w, https:\/\/ramsdata.com.pl\/wp-content\/uploads\/2024\/03\/ptx10003-160c-frontwtop-high-1024x376.jpg-300x110.webp 300w, https:\/\/ramsdata.com.pl\/wp-content\/uploads\/2024\/03\/ptx10003-160c-frontwtop-high-1024x376.jpg-768x282.webp 768w\" sizes=\"(max-width: 800px) 100vw, 800px\" \/>\t\t\t\t\t\t\t\t\t\t\t\t\t\t\t<\/div>\n\t\t\t\t<\/div>\n\t\t\t\t<\/div>\n\t\t\t\t<\/div>\n\t\t\t\t\t<\/div>\n\t\t\t\t<\/div>\n\t\t<div class=\"elementor-element elementor-element-92b3d91 e-flex e-con-boxed e-con e-parent\" data-id=\"92b3d91\" data-element_type=\"container\" data-e-type=\"container\" data-settings=\"{&quot;background_background&quot;:&quot;classic&quot;,&quot;_ha_eqh_enable&quot;:false}\">\n\t\t\t\t\t<div class=\"e-con-inner\">\n\t\t<div class=\"elementor-element elementor-element-091a3f4 e-con-full e-flex elementor-invisible e-con e-child\" data-id=\"091a3f4\" data-element_type=\"container\" data-e-type=\"container\" data-settings=\"{&quot;animation&quot;:&quot;fadeInLeft&quot;,&quot;_ha_eqh_enable&quot;:false}\">\n\t\t\t\t<div class=\"elementor-element elementor-element-c6a58cb elementor-widget elementor-widget-heading\" data-id=\"c6a58cb\" data-element_type=\"widget\" data-e-type=\"widget\" data-widget_type=\"heading.default\">\n\t\t\t\t<div class=\"elementor-widget-container\">\n\t\t\t\t\t<h2 class=\"elementor-heading-title elementor-size-default\">schaltet<\/h2>\t\t\t\t<\/div>\n\t\t\t\t<\/div>\n\t\t\t\t<\/div>\n\t\t<div class=\"elementor-element elementor-element-ebb9aa4 e-con-full e-flex e-con e-child\" data-id=\"ebb9aa4\" data-element_type=\"container\" data-e-type=\"container\" data-settings=\"{&quot;_ha_eqh_enable&quot;:false}\">\n\t\t<div class=\"elementor-element elementor-element-c0d00dd e-con-full e-flex elementor-invisible e-con e-child\" data-id=\"c0d00dd\" data-element_type=\"container\" data-e-type=\"container\" data-settings=\"{&quot;background_background&quot;:&quot;gradient&quot;,&quot;animation&quot;:&quot;fadeInUp&quot;,&quot;_ha_eqh_enable&quot;:false}\">\n\t\t\t\t<div class=\"elementor-element elementor-element-f1a1f5b elementor-widget elementor-widget-heading\" data-id=\"f1a1f5b\" data-element_type=\"widget\" data-e-type=\"widget\" data-widget_type=\"heading.default\">\n\t\t\t\t<div class=\"elementor-widget-container\">\n\t\t\t\t\t<h2 class=\"elementor-heading-title elementor-size-default\">EX-SERIE<\/h2>\t\t\t\t<\/div>\n\t\t\t\t<\/div>\n\t\t\t\t<div class=\"elementor-element elementor-element-52b6dec elementor-widget elementor-widget-text-editor\" data-id=\"52b6dec\" data-element_type=\"widget\" data-e-type=\"widget\" data-widget_type=\"text-editor.default\">\n\t\t\t\t<div class=\"elementor-widget-container\">\n\t\t\t\t\t\t\t\t\t<p>Die Schalter der EX-Serie erfreuen sich seit ihrer Markteinf\u00fchrung im Jahr 2008 zunehmender Beliebtheit bei den Kunden. L\u00f6sungen, die f\u00fcr den Unternehmensmarkt und f\u00fcr Campusnetze konzipiert sind, finden auch bei den Dienstanbietern Anklang. Die Switches bieten hohe Leistung (Wire Speed), Virtualisierungsfunktionen (Virtual Chassis, Virtual Instances), MPLS und umfangreiche L3-Funktionen (OSPF, RIP, IS-IS, BGP). Mit der einzigartigen Virtual Chassis-L\u00f6sung k\u00f6nnen verschiedene Switch-Modelle zu einem einzigen Stack kombiniert werden, der als ein einziges logisches Ger\u00e4t mit 1\/10\/40-Gb-Schnittstellen arbeitet.<\/p>\n\t\t\t\t\t\t\t\t<\/div>\n\t\t\t\t<\/div>\n\t\t\t\t<div class=\"elementor-element elementor-element-5fd523f elementor-widget elementor-widget-image\" data-id=\"5fd523f\" data-element_type=\"widget\" data-e-type=\"widget\" data-widget_type=\"image.default\">\n\t\t\t\t<div class=\"elementor-widget-container\">\n\t\t\t\t\t\t\t\t\t\t\t\t\t\t\t<img loading=\"lazy\" decoding=\"async\" width=\"800\" height=\"178\" src=\"https:\/\/ramsdata.com.pl\/wp-content\/uploads\/2024\/03\/ex4300-48p-frontwtop-high-1024x228.jpg.webp\" class=\"attachment-large size-large wp-image-14007\" alt=\"\" srcset=\"https:\/\/ramsdata.com.pl\/wp-content\/uploads\/2024\/03\/ex4300-48p-frontwtop-high-1024x228.jpg.webp 1024w, https:\/\/ramsdata.com.pl\/wp-content\/uploads\/2024\/03\/ex4300-48p-frontwtop-high-1024x228.jpg-300x67.webp 300w, https:\/\/ramsdata.com.pl\/wp-content\/uploads\/2024\/03\/ex4300-48p-frontwtop-high-1024x228.jpg-768x171.webp 768w\" sizes=\"(max-width: 800px) 100vw, 800px\" \/>\t\t\t\t\t\t\t\t\t\t\t\t\t\t\t<\/div>\n\t\t\t\t<\/div>\n\t\t\t\t<\/div>\n\t\t<div class=\"elementor-element elementor-element-6279ded e-con-full e-flex elementor-invisible e-con e-child\" data-id=\"6279ded\" data-element_type=\"container\" data-e-type=\"container\" data-settings=\"{&quot;background_background&quot;:&quot;gradient&quot;,&quot;animation&quot;:&quot;fadeInUp&quot;,&quot;_ha_eqh_enable&quot;:false}\">\n\t\t\t\t<div class=\"elementor-element elementor-element-26511e3 elementor-widget elementor-widget-heading\" data-id=\"26511e3\" data-element_type=\"widget\" data-e-type=\"widget\" data-widget_type=\"heading.default\">\n\t\t\t\t<div class=\"elementor-widget-container\">\n\t\t\t\t\t<h2 class=\"elementor-heading-title elementor-size-default\">QFX-SERIE<\/h2>\t\t\t\t<\/div>\n\t\t\t\t<\/div>\n\t\t\t\t<div class=\"elementor-element elementor-element-145ae4a elementor-widget elementor-widget-text-editor\" data-id=\"145ae4a\" data-element_type=\"widget\" data-e-type=\"widget\" data-widget_type=\"text-editor.default\">\n\t\t\t\t<div class=\"elementor-widget-container\">\n\t\t\t\t\t\t\t\t\t<p>Die QFX-Ger\u00e4tefamilie wurde in erster Linie f\u00fcr Rechenzentren entwickelt. QFX-Switches zeichnen sich durch eine sehr hohe Leistung, eine hohe Dichte an 10\/40\/100GbE- und Fibre-Channel-Ports und kurze Paketvermittlungszeiten aus. Beim Aufbau eines Netzwerks in einem Rechenzentrum lohnt es sich, die Virtual Chassis Fabric-Technologie zu verwenden. VC Fabric, die auf der Spine &amp; Leaf-Architektur basiert, erm\u00f6glicht den Betrieb von 32 Switches innerhalb einer einzigen logischen Einheit, was eine effiziente Paketvermittlung durch Lastausgleichsfunktionen auf redundanten VC Fabric-Verbindungen erm\u00f6glicht.<\/p>\n\t\t\t\t\t\t\t\t<\/div>\n\t\t\t\t<\/div>\n\t\t\t\t<div class=\"elementor-element elementor-element-89dc617 elementor-widget elementor-widget-image\" data-id=\"89dc617\" data-element_type=\"widget\" data-e-type=\"widget\" data-widget_type=\"image.default\">\n\t\t\t\t<div class=\"elementor-widget-container\">\n\t\t\t\t\t\t\t\t\t\t\t\t\t\t\t<img loading=\"lazy\" decoding=\"async\" width=\"800\" height=\"176\" src=\"https:\/\/ramsdata.com.pl\/wp-content\/uploads\/2024\/03\/1-1024x225.jpg.webp\" class=\"attachment-large size-large wp-image-14012\" alt=\"\" srcset=\"https:\/\/ramsdata.com.pl\/wp-content\/uploads\/2024\/03\/1-1024x225.jpg.webp 1024w, https:\/\/ramsdata.com.pl\/wp-content\/uploads\/2024\/03\/1-1024x225.jpg-300x66.webp 300w, https:\/\/ramsdata.com.pl\/wp-content\/uploads\/2024\/03\/1-1024x225.jpg-768x169.webp 768w\" sizes=\"(max-width: 800px) 100vw, 800px\" \/>\t\t\t\t\t\t\t\t\t\t\t\t\t\t\t<\/div>\n\t\t\t\t<\/div>\n\t\t\t\t<div class=\"elementor-element elementor-element-5b17b22 elementor-widget elementor-widget-image\" data-id=\"5b17b22\" data-element_type=\"widget\" data-e-type=\"widget\" data-widget_type=\"image.default\">\n\t\t\t\t<div class=\"elementor-widget-container\">\n\t\t\t\t\t\t\t\t\t\t\t\t\t\t\t<img loading=\"lazy\" decoding=\"async\" width=\"800\" height=\"159\" src=\"https:\/\/ramsdata.com.pl\/wp-content\/uploads\/2024\/03\/3-1024x203.jpg.webp\" class=\"attachment-large size-large wp-image-14017\" alt=\"\" srcset=\"https:\/\/ramsdata.com.pl\/wp-content\/uploads\/2024\/03\/3-1024x203.jpg.webp 1024w, https:\/\/ramsdata.com.pl\/wp-content\/uploads\/2024\/03\/3-1024x203.jpg-300x59.webp 300w, https:\/\/ramsdata.com.pl\/wp-content\/uploads\/2024\/03\/3-1024x203.jpg-768x152.webp 768w\" sizes=\"(max-width: 800px) 100vw, 800px\" \/>\t\t\t\t\t\t\t\t\t\t\t\t\t\t\t<\/div>\n\t\t\t\t<\/div>\n\t\t\t\t<\/div>\n\t\t\t\t<\/div>\n\t\t\t\t\t<\/div>\n\t\t\t\t<\/div>\n\t\t<div class=\"elementor-element elementor-element-1ff70de e-flex e-con-boxed e-con e-parent\" data-id=\"1ff70de\" data-element_type=\"container\" data-e-type=\"container\" data-settings=\"{&quot;background_background&quot;:&quot;classic&quot;,&quot;_ha_eqh_enable&quot;:false}\">\n\t\t\t\t\t<div class=\"e-con-inner\">\n\t\t<div class=\"elementor-element elementor-element-434e287 e-con-full e-flex elementor-invisible e-con e-child\" data-id=\"434e287\" data-element_type=\"container\" data-e-type=\"container\" data-settings=\"{&quot;animation&quot;:&quot;fadeInLeft&quot;,&quot;_ha_eqh_enable&quot;:false}\">\n\t\t\t\t<div class=\"elementor-element elementor-element-4c97e42 elementor-widget__width-initial elementor-widget elementor-widget-heading\" data-id=\"4c97e42\" data-element_type=\"widget\" data-e-type=\"widget\" data-widget_type=\"heading.default\">\n\t\t\t\t<div class=\"elementor-widget-container\">\n\t\t\t\t\t<h2 class=\"elementor-heading-title elementor-size-default\">schaltet<\/h2>\t\t\t\t<\/div>\n\t\t\t\t<\/div>\n\t\t\t\t<\/div>\n\t\t<div class=\"elementor-element elementor-element-63afdad e-con-full e-flex e-con e-child\" data-id=\"63afdad\" data-element_type=\"container\" data-e-type=\"container\" data-settings=\"{&quot;_ha_eqh_enable&quot;:false}\">\n\t\t<div class=\"elementor-element elementor-element-f6d9b3b e-con-full e-flex elementor-invisible e-con e-child\" data-id=\"f6d9b3b\" data-element_type=\"container\" data-e-type=\"container\" data-settings=\"{&quot;background_background&quot;:&quot;gradient&quot;,&quot;animation&quot;:&quot;fadeInUp&quot;,&quot;_ha_eqh_enable&quot;:false}\">\n\t\t\t\t<div class=\"elementor-element elementor-element-3364e54 elementor-widget elementor-widget-heading\" data-id=\"3364e54\" data-element_type=\"widget\" data-e-type=\"widget\" data-widget_type=\"heading.default\">\n\t\t\t\t<div class=\"elementor-widget-container\">\n\t\t\t\t\t<h2 class=\"elementor-heading-title elementor-size-default\">SRX-BAUREIHE<\/h2>\t\t\t\t<\/div>\n\t\t\t\t<\/div>\n\t\t\t\t<div class=\"elementor-element elementor-element-040f3f8 elementor-widget elementor-widget-text-editor\" data-id=\"040f3f8\" data-element_type=\"widget\" data-e-type=\"widget\" data-widget_type=\"text-editor.default\">\n\t\t\t\t<div class=\"elementor-widget-container\">\n\t\t\t\t\t\t\t\t\t<p>  Die Schalter der EX-Serie erfreuen sich seit ihrer Markteinf\u00fchrung im Jahr 2008 zunehmender Beliebtheit bei den Kunden. L\u00f6sungen, die f\u00fcr den Unternehmensmarkt und f\u00fcr Campusnetze konzipiert sind, finden auch bei den Dienstanbietern Anklang. Die Switches bieten hohe Leistung (Wire Speed), Virtualisierungsfunktionen (Virtual Chassis, Virtual Instances), MPLS und umfangreiche L3-Funktionen (OSPF, RIP, IS-IS, BGP). Mit der einzigartigen Virtual Chassis-L\u00f6sung k\u00f6nnen verschiedene Switch-Modelle zu einem einzigen Stack kombiniert werden, der als ein einziges logisches Ger\u00e4t mit 1\/10\/40-Gb-Schnittstellen arbeitet.<\/p>\n\t\t\t\t\t\t\t\t<\/div>\n\t\t\t\t<\/div>\n\t\t\t\t<div class=\"elementor-element elementor-element-8167b56 elementor-widget elementor-widget-image\" data-id=\"8167b56\" data-element_type=\"widget\" data-e-type=\"widget\" data-widget_type=\"image.default\">\n\t\t\t\t<div class=\"elementor-widget-container\">\n\t\t\t\t\t\t\t\t\t\t\t\t\t\t\t<img loading=\"lazy\" decoding=\"async\" width=\"800\" height=\"160\" src=\"https:\/\/ramsdata.com.pl\/wp-content\/uploads\/2024\/03\/srx300-frontwtop-high-1024x205.jpg.webp\" class=\"attachment-large size-large wp-image-14022\" alt=\"\" srcset=\"https:\/\/ramsdata.com.pl\/wp-content\/uploads\/2024\/03\/srx300-frontwtop-high-1024x205.jpg.webp 1024w, https:\/\/ramsdata.com.pl\/wp-content\/uploads\/2024\/03\/srx300-frontwtop-high-1024x205.jpg-300x60.webp 300w, https:\/\/ramsdata.com.pl\/wp-content\/uploads\/2024\/03\/srx300-frontwtop-high-1024x205.jpg-768x154.webp 768w\" sizes=\"(max-width: 800px) 100vw, 800px\" \/>\t\t\t\t\t\t\t\t\t\t\t\t\t\t\t<\/div>\n\t\t\t\t<\/div>\n\t\t\t\t<\/div>\n\t\t\t\t<\/div>\n\t\t\t\t\t<\/div>\n\t\t\t\t<\/div>\n\t\t\t\t<\/div>\n\t\t","protected":false},"excerpt":{"rendered":"<p>JUNIPER-NETZWERKE einem der weltweit gr\u00f6\u00dften Hersteller von Netzwerkausr\u00fcstung. Das Unternehmen hat seinen Sitz in Sunnyvale, Kalifornien, USA. Heute ist das Unternehmen einer der f\u00fchrenden Hersteller von Netzwerkausr\u00fcstung. Sein Portfolio deckt fast alle Bereiche des Marktes f\u00fcr kabelgebundene Datenprodukte ab, einschlie\u00dflich Hochleistungs-Router f\u00fcr den Carrier-Markt und kleinere Modelle, die in ENTERPRISE-Netzen weit verbreitet sind. Switches f\u00fcr [&hellip;]<\/p>\n","protected":false},"author":1,"featured_media":0,"parent":14751,"menu_order":0,"comment_status":"closed","ping_status":"closed","template":"","meta":{"_acf_changed":false,"om_disable_all_campaigns":false,"_monsterinsights_skip_tracking":false,"_monsterinsights_sitenote_active":false,"_monsterinsights_sitenote_note":"","_monsterinsights_sitenote_category":0,"_uf_show_specific_survey":0,"_uf_disable_surveys":false,"footnotes":""},"class_list":["post-15183","page","type-page","status-publish","hentry"],"acf":[],"aioseo_notices":[],"_links":{"self":[{"href":"https:\/\/ramsdata.com.pl\/de\/wp-json\/wp\/v2\/pages\/15183","targetHints":{"allow":["GET"]}}],"collection":[{"href":"https:\/\/ramsdata.com.pl\/de\/wp-json\/wp\/v2\/pages"}],"about":[{"href":"https:\/\/ramsdata.com.pl\/de\/wp-json\/wp\/v2\/types\/page"}],"author":[{"embeddable":true,"href":"https:\/\/ramsdata.com.pl\/de\/wp-json\/wp\/v2\/users\/1"}],"replies":[{"embeddable":true,"href":"https:\/\/ramsdata.com.pl\/de\/wp-json\/wp\/v2\/comments?post=15183"}],"version-history":[{"count":5,"href":"https:\/\/ramsdata.com.pl\/de\/wp-json\/wp\/v2\/pages\/15183\/revisions"}],"predecessor-version":[{"id":15303,"href":"https:\/\/ramsdata.com.pl\/de\/wp-json\/wp\/v2\/pages\/15183\/revisions\/15303"}],"up":[{"embeddable":true,"href":"https:\/\/ramsdata.com.pl\/de\/wp-json\/wp\/v2\/pages\/14751"}],"wp:attachment":[{"href":"https:\/\/ramsdata.com.pl\/de\/wp-json\/wp\/v2\/media?parent=15183"}],"curies":[{"name":"wp","href":"https:\/\/api.w.org\/{rel}","templated":true}]}}