{"id":15068,"date":"2024-03-03T19:16:37","date_gmt":"2024-03-03T19:16:37","guid":{"rendered":"https:\/\/ramsdata.com.pl\/rodo\/"},"modified":"2024-03-16T11:23:27","modified_gmt":"2024-03-16T11:23:27","slug":"rodo","status":"publish","type":"page","link":"https:\/\/ramsdata.com.pl\/de\/rodo\/","title":{"rendered":"rodo"},"content":{"rendered":"\t\t<div data-elementor-type=\"wp-page\" data-elementor-id=\"15068\" class=\"elementor elementor-15068 elementor-10878\" data-elementor-settings=\"{&quot;ha_cmc_init_switcher&quot;:&quot;no&quot;}\" data-elementor-post-type=\"page\">\n\t\t\t\t<div class=\"elementor-element elementor-element-11ef9e8 e-flex e-con-boxed e-con e-parent\" data-id=\"11ef9e8\" data-element_type=\"container\" data-e-type=\"container\" data-settings=\"{&quot;_ha_eqh_enable&quot;:false}\">\n\t\t\t\t\t<div class=\"e-con-inner\">\n\t\t\t\t<div class=\"elementor-element elementor-element-1cd21ee elementor-widget elementor-widget-text-editor\" data-id=\"1cd21ee\" data-element_type=\"widget\" data-e-type=\"widget\" data-widget_type=\"text-editor.default\">\n\t\t\t\t<div class=\"elementor-widget-container\">\n\t\t\t\t\t\t\t\t\t<div class=\"elementor-element elementor-element-97f3bcf elementor-widget elementor-widget-heading\" data-id=\"97f3bcf\" data-element_type=\"widget\" data-widget_type=\"heading.default\">\n<div class=\"elementor-widget-container\">\n<h1 class=\"elementor-heading-title elementor-size-default\">Datenschutzbestimmungen<\/h1>\n<\/div>\n<\/div>\n<div class=\"elementor-element elementor-element-623a805 elementor-widget elementor-widget-text-editor\" data-id=\"623a805\" data-element_type=\"widget\" data-widget_type=\"text-editor.default\">\n<div class=\"elementor-widget-container\">\n<p><strong>1. Allgemeine Informationen.<br \/><\/strong><br \/>Der Dienst f\u00fchrt Funktionen aus, um Informationen \u00fcber die Nutzer und ihr Verhalten auf folgende Weise zu erhalten:<br \/>\u25e6 Durch die freiwillig in die Formulare eingegebenen Informationen.<br \/>\u25e6 Durch das Speichern von Cookies (sog. &#8222;Cookies&#8220;) auf Endger\u00e4ten.<br \/>\u25e6 Durch die Erfassung von Webserver-Protokollen<\/p>\n<p><strong>2. die Informationen in den Formularen.<br \/><\/strong><br \/>Der Dienst sammelt Informationen, die der Nutzer freiwillig zur Verf\u00fcgung stellt.<br \/>Dar\u00fcber hinaus kann der Dienst Informationen \u00fcber die Verbindungsparameter (Zeitstempel, IP-Adresse) speichern.<br \/>Die Daten im Formular werden nur mit Zustimmung des Nutzers an Dritte weitergegeben.<br \/>Die im Formular angegebenen Daten k\u00f6nnen eine Reihe von potenziellen Kunden darstellen, die vom Betreiber der Website in dem vom Generalinspektor f\u00fcr den Schutz personenbezogener Daten gef\u00fchrten Register registriert werden.<br \/>Die im Formular angegebenen Daten werden zu dem Zweck verarbeitet, der sich aus der Funktion des jeweiligen Formulars ergibt, z.B. um eine Serviceanfrage zu bearbeiten oder einen Vertriebskontakt herzustellen.<br \/>Die in den Formularen angegebenen Daten k\u00f6nnen an Einrichtungen weitergeleitet werden, die bestimmte technische Dienstleistungen erbringen &#8211; dies betrifft insbesondere die Weitergabe von Informationen \u00fcber den Inhaber der registrierten Domain an Einrichtungen, die Betreiber von Internet-Domains sind (vor allem das Wissenschaftliche und Akademische Computernetzwerk j.b.r &#8211; NASK), Dienste, die Zahlungen abwickeln oder andere Einrichtungen, mit denen der Betreiber der Website in dieser Hinsicht zusammenarbeitet.<\/p>\n<p><strong>3 Informationen \u00fcber Cookies.<\/strong><\/p>\n<p>Die Website verwendet Cookies.<br \/>Cookies (sog. &#8222;Cookies&#8220;) sind IT-Daten, insbesondere Textdateien, die im Endger\u00e4t des Dienstnutzers gespeichert werden und f\u00fcr die Nutzung der Website bestimmt sind. Cookies enthalten in der Regel den Namen der Website, von der sie stammen, die Dauer der Speicherung auf dem Endger\u00e4t und eine eindeutige Nummer.<br \/>Die Stelle, die Cookies auf dem Endger\u00e4t des Nutzers platziert und auf sie zugreift, ist der Betreiber des Dienstes.<\/p>\n<p><strong>Cookies werden f\u00fcr die folgenden Zwecke verwendet:<\/strong><\/p>\n<p>\u25e6 um Statistiken zu erstellen, die uns helfen zu verstehen, wie die Nutzer der Website die Websites nutzen, damit wir deren Struktur und Inhalt verbessern k\u00f6nnen;<br \/>\u25e6 Aufrechterhaltung einer Sitzung des Nutzers des Dienstes (nach dem Einloggen), dank derer der Nutzer sein Login und Passwort nicht auf jeder Unterseite des Dienstes erneut eingeben muss;<br \/>\u25e6 Erstellung von Nutzerprofilen, um dem Nutzer in Werbenetzwerken, insbesondere im Google-Netzwerk, ma\u00dfgeschneidertes Material anzuzeigen.<\/p>\n<p>Die Website verwendet zwei Haupttypen von Cookies: &#8222;Sitzungscookies&#8220; und &#8222;permanente Cookies&#8220; (dauerhafte Cookies). &#8222;Session&#8220;-Cookies sind tempor\u00e4re Dateien, die auf dem Endger\u00e4t des Nutzers gespeichert werden, bis sich der Nutzer abmeldet, die Website verl\u00e4sst oder die Software (Webbrowser) ausschaltet. &#8222;Permanente&#8220; Cookies werden auf dem Endger\u00e4t des Nutzers f\u00fcr die in den Parametern der Cookies angegebene Zeit oder bis zu ihrer L\u00f6schung durch den Nutzer gespeichert.<br \/>Die Web-Browsing-Software (Webbrowser) erlaubt in der Regel standardm\u00e4\u00dfig die Speicherung von Cookies auf dem Endger\u00e4t des Nutzers. Die Nutzer des Dienstes k\u00f6nnen ihre diesbez\u00fcglichen Einstellungen \u00e4ndern. Ihr Webbrowser erlaubt es Ihnen, Cookies zu l\u00f6schen. Es ist auch m\u00f6glich, Cookies automatisch zu blockieren. Einzelheiten hierzu entnehmen Sie bitte der Hilfe oder Dokumentation Ihres Internet-Browsers.<br \/>Einschr\u00e4nkungen bei der Verwendung von Cookies k\u00f6nnen einige der auf der Website verf\u00fcgbaren Funktionen beeintr\u00e4chtigen.<br \/>Cookies werden im Endger\u00e4t des Nutzers des Dienstes platziert und k\u00f6nnen auch von Werbetreibenden und Partnern, die mit dem Betreiber des Dienstes zusammenarbeiten, verwendet werden.<br \/>Wir empfehlen, die Datenschutzrichtlinien dieser Unternehmen zu lesen, um die Verwendung von Cookies f\u00fcr Statistiken zu verstehen: Google Analytics Datenschutzrichtlinie<br \/>Cookies k\u00f6nnen von Werbenetzwerken, insbesondere dem Google-Netzwerk, verwendet werden, um Werbung anzuzeigen, die auf die Art und Weise, wie Sie die Website nutzen, zugeschnitten ist. Zu diesem Zweck k\u00f6nnen sie Informationen \u00fcber den Navigationspfad des Nutzers oder die Verweildauer auf einer bestimmten Seite aufbewahren.<\/p>\n<p><strong>4. Serverprotokolle.<\/strong><\/p>\n<p>Informationen \u00fcber bestimmte Verhaltensweisen der Nutzer werden auf der Serverebene protokolliert. Diese Daten werden ausschlie\u00dflich f\u00fcr die Verwaltung der Website und f\u00fcr die Gew\u00e4hrleistung eines m\u00f6glichst effizienten Betriebs der angebotenen Hosting-Dienste verwendet.<\/p>\n<p><strong>Die angezeigten Ressourcen sind durch URLs gekennzeichnet. Dar\u00fcber hinaus kann die Aufzeichnung Gegenstand einer \u00dcberpr\u00fcfung sein:<\/strong><\/p>\n<p>\u25e6 Zeitpunkt des Eingangs der Anfrage,<br \/>\u25e6 Zeitpunkt der \u00dcbermittlung der Antwort,<br \/>\u25e6 Name der Client-Station &#8211; Identifikation \u00fcber HTTP-Protokoll,<br \/>\u25e6 Informationen \u00fcber Fehler, die w\u00e4hrend der Ausf\u00fchrung der HTTP-Transaktion aufgetreten sind,<br \/>\u25e6 die URL einer zuvor vom Nutzer besuchten Seite (Referer-Link), falls die Website \u00fcber einen Link aufgerufen wurde,<br \/>\u25e6 Informationen zum Benutzer-Browser,<br \/>\u25e6 Informationen zur IP-Adresse.<br \/>Die oben genannten Daten sind nicht mit bestimmten Besuchern verbunden.<br \/>Die oben genannten Daten werden nur zum Zweck der Serververwaltung verwendet.<\/p>\n<p><strong>5 Gemeinsame Nutzung von Daten.<\/strong><\/p>\n<p>Die Weitergabe von Daten an externe Stellen erfolgt nur im Rahmen der gesetzlichen Bestimmungen.<br \/>Pers\u00f6nlich identifizierbare Informationen einer Person werden nur mit deren Zustimmung weitergegeben.<br \/>Der Betreiber kann verpflichtet sein, die durch den Dienst gesammelten Informationen auf der Grundlage rechtm\u00e4\u00dfiger Anfragen im Umfang der Anfrage an autorisierte Beh\u00f6rden weiterzugeben.<\/p>\n<p><strong>6 Umgang mit Cookies &#8211; wie kann die Zustimmung in der Praxis erteilt und zur\u00fcckgezogen werden?<\/strong><\/p>\n<p>Wenn Sie keine Cookies erhalten m\u00f6chten, k\u00f6nnen Sie Ihre Browsereinstellungen \u00e4ndern. Bitte beachten Sie, dass die Deaktivierung von Cookies, die f\u00fcr Authentifizierungsprozesse, die Sicherheit und die Beibehaltung von Benutzerpr\u00e4ferenzen unerl\u00e4sslich sind, die Nutzung der Websites erschweren und in extremen F\u00e4llen unm\u00f6glich machen kann.<\/p>\n<p>Um Ihre Cookie-Einstellungen zu verwalten, w\u00e4hlen Sie Ihren Internet-Browser bzw. Ihr System aus der nachstehenden Liste aus und folgen Sie den Anweisungen:<br \/>\u25e6 Internet Explorer<br \/>\u25e6 Chrom<br \/>\u25e6 Safari<br \/>\u25e6 Firefox<br \/>\u25e6 Oper<br \/>\u25e6 Android<br \/>\u25e6 Safari (iOS)<br \/>\u25e6 Windows Phone<\/p>\n<\/div>\n<\/div>\n\t\t\t\t\t\t\t\t<\/div>\n\t\t\t\t<\/div>\n\t\t\t\t\t<\/div>\n\t\t\t\t<\/div>\n\t\t\t\t<\/div>\n\t\t","protected":false},"excerpt":{"rendered":"<p>Datenschutzbestimmungen 1. Allgemeine Informationen.Der Dienst f\u00fchrt Funktionen aus, um Informationen \u00fcber die Nutzer und ihr Verhalten auf folgende Weise zu erhalten:\u25e6 Durch die freiwillig in die Formulare eingegebenen Informationen.\u25e6 Durch das Speichern von Cookies (sog. &#8222;Cookies&#8220;) auf Endger\u00e4ten.\u25e6 Durch die Erfassung von Webserver-Protokollen 2. die Informationen in den Formularen.Der Dienst sammelt Informationen, die der Nutzer [&hellip;]<\/p>\n","protected":false},"author":1,"featured_media":0,"parent":0,"menu_order":0,"comment_status":"closed","ping_status":"closed","template":"","meta":{"_acf_changed":false,"om_disable_all_campaigns":false,"_monsterinsights_skip_tracking":false,"_monsterinsights_sitenote_active":false,"_monsterinsights_sitenote_note":"","_monsterinsights_sitenote_category":0,"_uf_show_specific_survey":0,"_uf_disable_surveys":false,"footnotes":""},"class_list":["post-15068","page","type-page","status-publish","hentry"],"acf":[],"aioseo_notices":[],"_links":{"self":[{"href":"https:\/\/ramsdata.com.pl\/de\/wp-json\/wp\/v2\/pages\/15068","targetHints":{"allow":["GET"]}}],"collection":[{"href":"https:\/\/ramsdata.com.pl\/de\/wp-json\/wp\/v2\/pages"}],"about":[{"href":"https:\/\/ramsdata.com.pl\/de\/wp-json\/wp\/v2\/types\/page"}],"author":[{"embeddable":true,"href":"https:\/\/ramsdata.com.pl\/de\/wp-json\/wp\/v2\/users\/1"}],"replies":[{"embeddable":true,"href":"https:\/\/ramsdata.com.pl\/de\/wp-json\/wp\/v2\/comments?post=15068"}],"version-history":[{"count":1,"href":"https:\/\/ramsdata.com.pl\/de\/wp-json\/wp\/v2\/pages\/15068\/revisions"}],"predecessor-version":[{"id":15073,"href":"https:\/\/ramsdata.com.pl\/de\/wp-json\/wp\/v2\/pages\/15068\/revisions\/15073"}],"wp:attachment":[{"href":"https:\/\/ramsdata.com.pl\/de\/wp-json\/wp\/v2\/media?parent=15068"}],"curies":[{"name":"wp","href":"https:\/\/api.w.org\/{rel}","templated":true}]}}